





{"id":90225,"date":"2025-11-07T14:27:22","date_gmt":"2025-11-07T13:27:22","guid":{"rendered":"https:\/\/repliquemangacine.fr\/?post_type=product&#038;p=90225"},"modified":"2026-02-19T11:31:55","modified_gmt":"2026-02-19T10:31:55","slug":"pirate-bronze-percussion-pistol","status":"publish","type":"product","link":"https:\/\/repliquemangacine.fr\/en\/armes-de-pirates\/pistolet-percussion-pirate-bronze\/","title":{"rendered":"Pirate Bronze Percussion Pistol"},"content":{"rendered":"<h2>Historical Bronze Pirate Percussion Pistol features<\/h2>\n<p>This bronze pirate percussion pistol <a href=\"https:\/\/www.denix.fr\/fr\/\" target=\"_blank\" rel=\"noopener noreferrer\">Denix<\/a> is distinguished by its warm, elegant metallic finish, reminiscent of antique weapons. The sturdy wooden frame adds visual presence, ideal for collecting and decorative display. Its overall length of 37 centimeters makes for pleasant handling, while its realistic weight of 629 grams lends credibility. This replica is inspired by the Italian pistols used by privateers and buccaneers in the XVIII\u1d49 century. These adventurers roamed the oceans, seeking treasure, glory and maritime freedom. So this model pays homage to this imaginary world of daring boardings and high-seas voyages. Thanks to its bronze aesthetic, it offers an attractive color alternative for collectors. This non-functional decorative reproduction complies with today's standards, while offering timeless charm. It can be easily integrated into a window display, a thematic decor or an immersive cosplay outfit.<\/p>\n<h2>Importance and special features of this decorative replica<\/h2>\n<p>This version of the Pistolet Percussion Pirate Bronze stands out in a collection already featuring a variety of historical pieces. Its slightly antique appearance is reminiscent of weapons aged by time and sea spray. What's more, this color helps to accentuate the sculpted and molded details present on the metal parts. It's a natural eye-catcher and an invitation to the adventurous imagination. What's more, this gun is an excellent choice for cosplay enthusiasts looking for a realistic finish without dangerous functionality. Its decorative role also enables it to embellish a library, an office or a room dedicated to thematic accessories. As a result, this object conveys an authentic pirate atmosphere. The replica embodies a symbol of freedom, daring and timeless maritime legend. Thanks to this colorful variant, each collection gains in distinctive and refined character.<\/p>\n<h2>Other articles available on R\u00e9pliqueMangaCin\u00e9<\/h2>\n<p>Finally, on <strong>ReplicaMangaCin\u00e9<\/strong>, A wide selection of decorative weapons and replicas inspired by many different universes. Manga fans can discover katanas from One Piece, Naruto, Demon Slayer or Bleach. These pieces are aimed at fans looking for a strong aesthetic quality and a faithful reference to their favorite heroes. In addition, swords from <a href=\"https:\/\/repliquemangacine.fr\/en\/films-tv-series-sale-of-katana-sword-and-related-products\/\">films and series<\/a> cult items are available, including Lord of the Rings, Harry Potter and Game of Thrones. For history buffs, our collection also includes antique swords, medieval shields and pirate swords. Finally, Far West enthusiasts will find <a href=\"https:\/\/repliquemangacine.fr\/en\/colt-pistol\/\">colts<\/a>, winchesters and holsters to complete their world. Each product is carefully selected to guarantee a passionate and immersive experience. <strong>ReplicaMangaCin\u00e9<\/strong> accompanies collectors in the creation of their ideal world.<\/p>","protected":false},"excerpt":{"rendered":"<p><strong>Technical specifications :<\/strong><\/p>\n<ul>\n<li>Varnished wooden body<\/li>\n<li>Bronze-finish cast metal trim<\/li>\n<li>Decorative, non-functional replica<\/li>\n<li>Italian pirate pistol inspiration XVIII\u1d49 century<\/li>\n<li>Brand: Denix<\/li>\n<li>Ideal for collection, cosplay, decoration and re-enactment<\/li>\n<li>Total length: 37 cm<\/li>\n<li>Weight: 629 g<\/li>\n<\/ul>","protected":false},"featured_media":90232,"template":"","meta":[],"product_brand":[],"product_cat":[49,102,52,114,28],"product_tag":[],"class_list":{"0":"post-90225","1":"product","2":"type-product","3":"status-publish","4":"has-post-thumbnail","6":"product_cat-armes-de-pirates","7":"product_cat-denix","8":"product_cat-pistolet-ancien","9":"product_cat-pistolet-pirate","10":"product_cat-repliques-darmes","12":"first","13":"instock","14":"featured","15":"taxable","16":"shipping-taxable","17":"purchasable","18":"product-type-simple"},"yoast_head":"<!-- This site is optimized with the Yoast SEO plugin v27.4 - https:\/\/yoast.com\/product\/yoast-seo-wordpress\/ -->\n<title>Pistolet Percussion Pirate Bronze - R\u00e9plique Manga Cin\u00e9<\/title>\n<meta name=\"description\" content=\"Pistolet percussion pirate bronze en bois et m\u00e9tal. R\u00e9plique d\u00e9corative 37 cm. Id\u00e9al collection, cosplay et d\u00e9cor pirate authentique.\" \/>\n<meta name=\"robots\" content=\"index, follow, max-snippet:-1, max-image-preview:large, max-video-preview:-1\" \/>\n<link rel=\"canonical\" href=\"https:\/\/repliquemangacine.fr\/en\/pirate-weapons\/pirate-bronze-percussion-pistol\/\" \/>\n<meta property=\"og:locale\" content=\"en_US\" \/>\n<meta property=\"og:type\" content=\"article\" \/>\n<meta property=\"og:title\" content=\"Pistolet Percussion Pirate Bronze - R\u00e9plique Manga Cin\u00e9\" \/>\n<meta property=\"og:description\" content=\"Pistolet percussion pirate bronze en bois et m\u00e9tal. R\u00e9plique d\u00e9corative 37 cm. Id\u00e9al collection, cosplay et d\u00e9cor pirate authentique.\" \/>\n<meta property=\"og:url\" content=\"https:\/\/repliquemangacine.fr\/en\/pirate-weapons\/pirate-bronze-percussion-pistol\/\" \/>\n<meta property=\"og:site_name\" content=\"R\u00e9plique Manga Cin\u00e9\" \/>\n<meta property=\"article:publisher\" content=\"https:\/\/www.facebook.com\/RepliqueMangaCine\" \/>\n<meta property=\"article:modified_time\" content=\"2026-02-19T10:31:55+00:00\" \/>\n<meta property=\"og:image\" content=\"https:\/\/repliquemangacine.fr\/wp-content\/uploads\/2025\/11\/pistolet-pirate-bronze-laterale.jpg\" \/>\n\t<meta property=\"og:image:width\" content=\"700\" \/>\n\t<meta property=\"og:image:height\" content=\"700\" \/>\n\t<meta property=\"og:image:type\" content=\"image\/jpeg\" \/>\n<meta name=\"twitter:card\" content=\"summary_large_image\" \/>\n<meta name=\"twitter:label1\" content=\"Est. reading time\" \/>\n\t<meta name=\"twitter:data1\" content=\"3 minutes\" \/>\n<script type=\"application\/ld+json\" class=\"yoast-schema-graph\">{\"@context\":\"https:\\\/\\\/schema.org\",\"@graph\":[{\"@type\":\"WebPage\",\"@id\":\"https:\\\/\\\/repliquemangacine.fr\\\/armes-de-pirates\\\/pistolet-percussion-pirate-bronze\\\/\",\"url\":\"https:\\\/\\\/repliquemangacine.fr\\\/armes-de-pirates\\\/pistolet-percussion-pirate-bronze\\\/\",\"name\":\"Pistolet Percussion Pirate Bronze - R\u00e9plique Manga Cin\u00e9\",\"isPartOf\":{\"@id\":\"https:\\\/\\\/repliquemangacine.fr\\\/#website\"},\"primaryImageOfPage\":{\"@id\":\"https:\\\/\\\/repliquemangacine.fr\\\/armes-de-pirates\\\/pistolet-percussion-pirate-bronze\\\/#primaryimage\"},\"image\":{\"@id\":\"https:\\\/\\\/repliquemangacine.fr\\\/armes-de-pirates\\\/pistolet-percussion-pirate-bronze\\\/#primaryimage\"},\"thumbnailUrl\":\"https:\\\/\\\/repliquemangacine.fr\\\/wp-content\\\/uploads\\\/2025\\\/11\\\/pistolet-pirate-bronze-laterale.jpg\",\"datePublished\":\"2025-11-07T13:27:22+00:00\",\"dateModified\":\"2026-02-19T10:31:55+00:00\",\"description\":\"Pistolet percussion pirate bronze en bois et m\u00e9tal. R\u00e9plique d\u00e9corative 37 cm. Id\u00e9al collection, cosplay et d\u00e9cor pirate authentique.\",\"breadcrumb\":{\"@id\":\"https:\\\/\\\/repliquemangacine.fr\\\/armes-de-pirates\\\/pistolet-percussion-pirate-bronze\\\/#breadcrumb\"},\"inLanguage\":\"en-US\",\"potentialAction\":[{\"@type\":\"ReadAction\",\"target\":[\"https:\\\/\\\/repliquemangacine.fr\\\/armes-de-pirates\\\/pistolet-percussion-pirate-bronze\\\/\"]}]},{\"@type\":\"ImageObject\",\"inLanguage\":\"en-US\",\"@id\":\"https:\\\/\\\/repliquemangacine.fr\\\/armes-de-pirates\\\/pistolet-percussion-pirate-bronze\\\/#primaryimage\",\"url\":\"https:\\\/\\\/repliquemangacine.fr\\\/wp-content\\\/uploads\\\/2025\\\/11\\\/pistolet-pirate-bronze-laterale.jpg\",\"contentUrl\":\"https:\\\/\\\/repliquemangacine.fr\\\/wp-content\\\/uploads\\\/2025\\\/11\\\/pistolet-pirate-bronze-laterale.jpg\",\"width\":700,\"height\":700,\"caption\":\"Pistolet Percussion Pirate Bronze\"},{\"@type\":\"BreadcrumbList\",\"@id\":\"https:\\\/\\\/repliquemangacine.fr\\\/armes-de-pirates\\\/pistolet-percussion-pirate-bronze\\\/#breadcrumb\",\"itemListElement\":[{\"@type\":\"ListItem\",\"position\":1,\"name\":\"Accueil\",\"item\":\"https:\\\/\\\/repliquemangacine.fr\\\/\"},{\"@type\":\"ListItem\",\"position\":2,\"name\":\"Produits\",\"item\":\"https:\\\/\\\/repliquemangacine.fr\\\/boutique\\\/\"},{\"@type\":\"ListItem\",\"position\":3,\"name\":\"Pistolet Percussion Pirate Bronze\"}]},{\"@type\":\"WebSite\",\"@id\":\"https:\\\/\\\/repliquemangacine.fr\\\/#website\",\"url\":\"https:\\\/\\\/repliquemangacine.fr\\\/\",\"name\":\"R\u00e9plique Manga Cin\u00e9\",\"description\":\"\",\"publisher\":{\"@id\":\"https:\\\/\\\/repliquemangacine.fr\\\/#organization\"},\"potentialAction\":[{\"@type\":\"SearchAction\",\"target\":{\"@type\":\"EntryPoint\",\"urlTemplate\":\"https:\\\/\\\/repliquemangacine.fr\\\/?s={search_term_string}\"},\"query-input\":{\"@type\":\"PropertyValueSpecification\",\"valueRequired\":true,\"valueName\":\"search_term_string\"}}],\"inLanguage\":\"en-US\"},{\"@type\":\"Organization\",\"@id\":\"https:\\\/\\\/repliquemangacine.fr\\\/#organization\",\"name\":\"R\u00e9plique Manga Cin\u00e9\",\"url\":\"https:\\\/\\\/repliquemangacine.fr\\\/\",\"logo\":{\"@type\":\"ImageObject\",\"inLanguage\":\"en-US\",\"@id\":\"https:\\\/\\\/repliquemangacine.fr\\\/#\\\/schema\\\/logo\\\/image\\\/\",\"url\":\"https:\\\/\\\/repliquemangacine.fr\\\/wp-content\\\/uploads\\\/2023\\\/10\\\/RMC-500250.png\",\"contentUrl\":\"https:\\\/\\\/repliquemangacine.fr\\\/wp-content\\\/uploads\\\/2023\\\/10\\\/RMC-500250.png\",\"width\":500,\"height\":250,\"caption\":\"R\u00e9plique Manga Cin\u00e9\"},\"image\":{\"@id\":\"https:\\\/\\\/repliquemangacine.fr\\\/#\\\/schema\\\/logo\\\/image\\\/\"},\"sameAs\":[\"https:\\\/\\\/www.facebook.com\\\/RepliqueMangaCine\",\"https:\\\/\\\/www.instagram.com\\\/repliquemangacine.fr\\\/\"]}]}<\/script>\n<!-- \/ Yoast SEO plugin. -->","yoast_head_json":{"title":"Pirate Bronze Percussion Pistol - R\u00e9plique Manga Cin\u00e9","description":"Bronze pirate percussion pistol in wood and metal. Decorative 37 cm replica. Ideal for collections, cosplay and authentic pirate d\u00e9cor.","robots":{"index":"index","follow":"follow","max-snippet":"max-snippet:-1","max-image-preview":"max-image-preview:large","max-video-preview":"max-video-preview:-1"},"canonical":"https:\/\/repliquemangacine.fr\/en\/pirate-weapons\/pirate-bronze-percussion-pistol\/","og_locale":"en_US","og_type":"article","og_title":"Pistolet Percussion Pirate Bronze - R\u00e9plique Manga Cin\u00e9","og_description":"Pistolet percussion pirate bronze en bois et m\u00e9tal. R\u00e9plique d\u00e9corative 37 cm. Id\u00e9al collection, cosplay et d\u00e9cor pirate authentique.","og_url":"https:\/\/repliquemangacine.fr\/en\/pirate-weapons\/pirate-bronze-percussion-pistol\/","og_site_name":"R\u00e9plique Manga Cin\u00e9","article_publisher":"https:\/\/www.facebook.com\/RepliqueMangaCine","article_modified_time":"2026-02-19T10:31:55+00:00","og_image":[{"width":700,"height":700,"url":"https:\/\/repliquemangacine.fr\/wp-content\/uploads\/2025\/11\/pistolet-pirate-bronze-laterale.jpg","type":"image\/jpeg"}],"twitter_card":"summary_large_image","twitter_misc":{"Est. reading time":"3 minutes"},"schema":{"@context":"https:\/\/schema.org","@graph":[{"@type":"WebPage","@id":"https:\/\/repliquemangacine.fr\/armes-de-pirates\/pistolet-percussion-pirate-bronze\/","url":"https:\/\/repliquemangacine.fr\/armes-de-pirates\/pistolet-percussion-pirate-bronze\/","name":"Pirate Bronze Percussion Pistol - R\u00e9plique Manga Cin\u00e9","isPartOf":{"@id":"https:\/\/repliquemangacine.fr\/#website"},"primaryImageOfPage":{"@id":"https:\/\/repliquemangacine.fr\/armes-de-pirates\/pistolet-percussion-pirate-bronze\/#primaryimage"},"image":{"@id":"https:\/\/repliquemangacine.fr\/armes-de-pirates\/pistolet-percussion-pirate-bronze\/#primaryimage"},"thumbnailUrl":"https:\/\/repliquemangacine.fr\/wp-content\/uploads\/2025\/11\/pistolet-pirate-bronze-laterale.jpg","datePublished":"2025-11-07T13:27:22+00:00","dateModified":"2026-02-19T10:31:55+00:00","description":"Bronze pirate percussion pistol in wood and metal. Decorative 37 cm replica. Ideal for collections, cosplay and authentic pirate d\u00e9cor.","breadcrumb":{"@id":"https:\/\/repliquemangacine.fr\/armes-de-pirates\/pistolet-percussion-pirate-bronze\/#breadcrumb"},"inLanguage":"en-US","potentialAction":[{"@type":"ReadAction","target":["https:\/\/repliquemangacine.fr\/armes-de-pirates\/pistolet-percussion-pirate-bronze\/"]}]},{"@type":"ImageObject","inLanguage":"en-US","@id":"https:\/\/repliquemangacine.fr\/armes-de-pirates\/pistolet-percussion-pirate-bronze\/#primaryimage","url":"https:\/\/repliquemangacine.fr\/wp-content\/uploads\/2025\/11\/pistolet-pirate-bronze-laterale.jpg","contentUrl":"https:\/\/repliquemangacine.fr\/wp-content\/uploads\/2025\/11\/pistolet-pirate-bronze-laterale.jpg","width":700,"height":700,"caption":"Pistolet Percussion Pirate Bronze"},{"@type":"BreadcrumbList","@id":"https:\/\/repliquemangacine.fr\/armes-de-pirates\/pistolet-percussion-pirate-bronze\/#breadcrumb","itemListElement":[{"@type":"ListItem","position":1,"name":"Accueil","item":"https:\/\/repliquemangacine.fr\/"},{"@type":"ListItem","position":2,"name":"Produits","item":"https:\/\/repliquemangacine.fr\/boutique\/"},{"@type":"ListItem","position":3,"name":"Pistolet Percussion Pirate Bronze"}]},{"@type":"WebSite","@id":"https:\/\/repliquemangacine.fr\/#website","url":"https:\/\/repliquemangacine.fr\/","name":"R\u00e9plique Manga Cin\u00e9","description":"","publisher":{"@id":"https:\/\/repliquemangacine.fr\/#organization"},"potentialAction":[{"@type":"SearchAction","target":{"@type":"EntryPoint","urlTemplate":"https:\/\/repliquemangacine.fr\/?s={search_term_string}"},"query-input":{"@type":"PropertyValueSpecification","valueRequired":true,"valueName":"search_term_string"}}],"inLanguage":"en-US"},{"@type":"Organization","@id":"https:\/\/repliquemangacine.fr\/#organization","name":"R\u00e9plique Manga Cin\u00e9","url":"https:\/\/repliquemangacine.fr\/","logo":{"@type":"ImageObject","inLanguage":"en-US","@id":"https:\/\/repliquemangacine.fr\/#\/schema\/logo\/image\/","url":"https:\/\/repliquemangacine.fr\/wp-content\/uploads\/2023\/10\/RMC-500250.png","contentUrl":"https:\/\/repliquemangacine.fr\/wp-content\/uploads\/2023\/10\/RMC-500250.png","width":500,"height":250,"caption":"R\u00e9plique Manga Cin\u00e9"},"image":{"@id":"https:\/\/repliquemangacine.fr\/#\/schema\/logo\/image\/"},"sameAs":["https:\/\/www.facebook.com\/RepliqueMangaCine","https:\/\/www.instagram.com\/repliquemangacine.fr\/"]}]}},"_links":{"self":[{"href":"https:\/\/repliquemangacine.fr\/en\/wp-json\/wp\/v2\/product\/90225","targetHints":{"allow":["GET"]}}],"collection":[{"href":"https:\/\/repliquemangacine.fr\/en\/wp-json\/wp\/v2\/product"}],"about":[{"href":"https:\/\/repliquemangacine.fr\/en\/wp-json\/wp\/v2\/types\/product"}],"wp:featuredmedia":[{"embeddable":true,"href":"https:\/\/repliquemangacine.fr\/en\/wp-json\/wp\/v2\/media\/90232"}],"wp:attachment":[{"href":"https:\/\/repliquemangacine.fr\/en\/wp-json\/wp\/v2\/media?parent=90225"}],"wp:term":[{"taxonomy":"product_brand","embeddable":true,"href":"https:\/\/repliquemangacine.fr\/en\/wp-json\/wp\/v2\/product_brand?post=90225"},{"taxonomy":"product_cat","embeddable":true,"href":"https:\/\/repliquemangacine.fr\/en\/wp-json\/wp\/v2\/product_cat?post=90225"},{"taxonomy":"product_tag","embeddable":true,"href":"https:\/\/repliquemangacine.fr\/en\/wp-json\/wp\/v2\/product_tag?post=90225"}],"curies":[{"name":"wp","href":"https:\/\/api.w.org\/{rel}","templated":true}]}}