





{"id":89995,"date":"2025-11-01T18:22:31","date_gmt":"2025-11-01T17:22:31","guid":{"rendered":"https:\/\/repliquemangacine.fr\/?post_type=product&#038;p=89995"},"modified":"2026-04-17T16:09:01","modified_gmt":"2026-04-17T14:09:01","slug":"lame-flamboyante-de-rellana-elden-ring-shadow-of-the-erdtree","status":"publish","type":"product","link":"https:\/\/repliquemangacine.fr\/en\/elden-ring\/lame-flamboyante-de-rellana-elden-ring-shadow-of-the-erdtree\/","title":{"rendered":"Rellana's Blazing Blade - Elden Ring"},"content":{"rendered":"<h2>Rellana's Blazing Blade - Elden Ring (Shadow of the Erdtree)<\/h2>\n<p>First and foremost, Rellana's Flaming Blade stands out for its red-tinged golden glow, a symbol of sacred, fiery power. Forged from 440 stainless steel, it features crisp engravings reminiscent of the solar motifs and sacred flames of the Order. The full-antique steel guard and pommel offer a noble finish, with the patina of a weapon that has passed through history. At 106.5 cm in length, it imposes a decisive presence, whether worn or displayed. Supplied with a specially designed wooden wall bracket, embellished with the Elden Ring logo. This makes it an instant eye-catcher in any collection. So this blade isn't just beautiful. It tells of the living strength, burning heat and unshakeable conviction of a fighter who follows her path to the end.<\/p>\n<h2>Rellana's Sacred Flame in Elden Ring<\/h2>\n<p>To begin with, in <a href=\"https:\/\/eldenring.fandom.com\/wiki\/Elden_Ring\" target=\"_blank\" rel=\"noopener noreferrer\">Elden Ring<\/a>This blade represents Rellana's fiery side. It channels the golden light that sets the air ablaze when it falls on its opponent. Where the Lunar Blade is finesse, this one is intensity. To use the Flaming Blade is to assert a dazzling, impressive, almost regal strength. Rellana fights with poise, but when she unleashes the flame, the dance becomes a fiery assault. This weapon is for determined spirits, for those who prefer to face up rather than back down. It is not brutal without thought: it is conviction, clarity and controlled power.<\/p>\n<h2>Elden Ring weapons available at R\u00e9plique Manga Cin\u00e9<\/h2>\n<p>To complete your Elden Ring collection, we also offer other carefully selected iconic replicas. L'<a href=\"https:\/\/repliquemangacine.fr\/en\/elden-ring\/elden-ring-oath-sword\/\">Sword of Oath<\/a> Elden Ring, the perfect embodiment of the honor and loyalty of knights loyal to their cause. The Greatsword, massive and imposing, for fans of raw power. The <a href=\"https:\/\/repliquemangacine.fr\/en\/elden-ring\/rapiere-de-rogier-elden-ring\/\">Rogier's rapier<\/a>faithful to the iconic weapon of the famous mage swordsman. Not forgetting the <a href=\"https:\/\/repliquemangacine.fr\/en\/elden-ring\/bloodhound-fang-elden-ring-sword\/\">Bloodhound Fang<\/a>impresses with its striking realism. The curved steel blade features a hammered effect in a superb bronze color, faithfully recalling the game's iconic weapon. And, of course, there's more to come to expand your armory.<\/p>\n<p>&nbsp;<\/p>","protected":false},"excerpt":{"rendered":"<p>Superb replica of Rellana's Blazing Blade in Elden Ring (Shadow of the Erdtree).<\/p>\n<ul>\n<li>Engraved and gold-tinted steel blade<\/li>\n<li>Solid steel knob with specific shape<\/li>\n<li>Red leatherette-covered metal handle<\/li>\n<li>Finely detailed aged steel guard. On the top of the guard are two snakes.<\/li>\n<li>Supplied with wooden wall bracket with Elden Ring name and logo.<\/li>\n<li>Blade length: 7.5cm - Total length: 106.5 cm<\/li>\n<li>Weight: 1395 gr<\/li>\n<\/ul>","protected":false},"featured_media":89996,"template":"","meta":[],"product_brand":[],"product_cat":[876],"product_tag":[904,901,898],"class_list":{"0":"post-89995","1":"product","2":"type-product","3":"status-publish","4":"has-post-thumbnail","6":"product_cat-elden-ring","7":"product_tag-elden-ring-cosplay-weapon","8":"product_tag-epee-elden-ring-decoration","9":"product_tag-lames-jumelles-elden-ring","11":"first","12":"instock","13":"taxable","14":"shipping-taxable","15":"purchasable","16":"product-type-simple"},"yoast_head":"<!-- This site is optimized with the Yoast SEO plugin v27.4 - https:\/\/yoast.com\/product\/yoast-seo-wordpress\/ -->\n<title>Lame Flamboyante de Rellana \u2013 Elden Ring - R\u00e9plique Manga Cin\u00e9<\/title>\n<meta name=\"description\" content=\"D\u00e9couvrez cette superbe Lame Flamboyante de Rellana dans Elden Ring (Shadow of the Erdtree). Lame acier avec gravure. Support mural avec logo. 106.5 cm\" \/>\n<meta name=\"robots\" content=\"index, follow, max-snippet:-1, max-image-preview:large, max-video-preview:-1\" \/>\n<link rel=\"canonical\" href=\"https:\/\/repliquemangacine.fr\/en\/elden-ring\/lame-flamboyante-de-rellana-elden-ring-shadow-of-the-erdtree\/\" \/>\n<meta property=\"og:locale\" content=\"en_US\" \/>\n<meta property=\"og:type\" content=\"article\" \/>\n<meta property=\"og:title\" content=\"Lame Flamboyante de Rellana \u2013 Elden Ring - R\u00e9plique Manga Cin\u00e9\" \/>\n<meta property=\"og:description\" content=\"D\u00e9couvrez cette superbe Lame Flamboyante de Rellana dans Elden Ring (Shadow of the Erdtree). Lame acier avec gravure. Support mural avec logo. 106.5 cm\" \/>\n<meta property=\"og:url\" content=\"https:\/\/repliquemangacine.fr\/en\/elden-ring\/lame-flamboyante-de-rellana-elden-ring-shadow-of-the-erdtree\/\" \/>\n<meta property=\"og:site_name\" content=\"R\u00e9plique Manga Cin\u00e9\" \/>\n<meta property=\"article:publisher\" content=\"https:\/\/www.facebook.com\/RepliqueMangaCine\" \/>\n<meta property=\"article:modified_time\" content=\"2026-04-17T14:09:01+00:00\" \/>\n<meta property=\"og:image\" content=\"https:\/\/repliquemangacine.fr\/wp-content\/uploads\/2025\/11\/Lame-Flamboyante-de-Rellana-Lame-jumelle-Elden-Ring.jpg\" \/>\n\t<meta property=\"og:image:width\" content=\"700\" \/>\n\t<meta property=\"og:image:height\" content=\"700\" \/>\n\t<meta property=\"og:image:type\" content=\"image\/jpeg\" \/>\n<meta name=\"twitter:card\" content=\"summary_large_image\" \/>\n<meta name=\"twitter:label1\" content=\"Est. reading time\" \/>\n\t<meta name=\"twitter:data1\" content=\"2 minutes\" \/>\n<script type=\"application\/ld+json\" class=\"yoast-schema-graph\">{\"@context\":\"https:\\\/\\\/schema.org\",\"@graph\":[{\"@type\":\"WebPage\",\"@id\":\"https:\\\/\\\/repliquemangacine.fr\\\/elden-ring\\\/lame-flamboyante-de-rellana-elden-ring-shadow-of-the-erdtree\\\/\",\"url\":\"https:\\\/\\\/repliquemangacine.fr\\\/elden-ring\\\/lame-flamboyante-de-rellana-elden-ring-shadow-of-the-erdtree\\\/\",\"name\":\"Lame Flamboyante de Rellana \u2013 Elden Ring - R\u00e9plique Manga Cin\u00e9\",\"isPartOf\":{\"@id\":\"https:\\\/\\\/repliquemangacine.fr\\\/#website\"},\"primaryImageOfPage\":{\"@id\":\"https:\\\/\\\/repliquemangacine.fr\\\/elden-ring\\\/lame-flamboyante-de-rellana-elden-ring-shadow-of-the-erdtree\\\/#primaryimage\"},\"image\":{\"@id\":\"https:\\\/\\\/repliquemangacine.fr\\\/elden-ring\\\/lame-flamboyante-de-rellana-elden-ring-shadow-of-the-erdtree\\\/#primaryimage\"},\"thumbnailUrl\":\"https:\\\/\\\/repliquemangacine.fr\\\/wp-content\\\/uploads\\\/2025\\\/11\\\/Lame-Flamboyante-de-Rellana-Lame-jumelle-Elden-Ring.jpg\",\"datePublished\":\"2025-11-01T17:22:31+00:00\",\"dateModified\":\"2026-04-17T14:09:01+00:00\",\"description\":\"D\u00e9couvrez cette superbe Lame Flamboyante de Rellana dans Elden Ring (Shadow of the Erdtree). Lame acier avec gravure. Support mural avec logo. 106.5 cm\",\"breadcrumb\":{\"@id\":\"https:\\\/\\\/repliquemangacine.fr\\\/elden-ring\\\/lame-flamboyante-de-rellana-elden-ring-shadow-of-the-erdtree\\\/#breadcrumb\"},\"inLanguage\":\"en-US\",\"potentialAction\":[{\"@type\":\"ReadAction\",\"target\":[\"https:\\\/\\\/repliquemangacine.fr\\\/elden-ring\\\/lame-flamboyante-de-rellana-elden-ring-shadow-of-the-erdtree\\\/\"]}]},{\"@type\":\"ImageObject\",\"inLanguage\":\"en-US\",\"@id\":\"https:\\\/\\\/repliquemangacine.fr\\\/elden-ring\\\/lame-flamboyante-de-rellana-elden-ring-shadow-of-the-erdtree\\\/#primaryimage\",\"url\":\"https:\\\/\\\/repliquemangacine.fr\\\/wp-content\\\/uploads\\\/2025\\\/11\\\/Lame-Flamboyante-de-Rellana-Lame-jumelle-Elden-Ring.jpg\",\"contentUrl\":\"https:\\\/\\\/repliquemangacine.fr\\\/wp-content\\\/uploads\\\/2025\\\/11\\\/Lame-Flamboyante-de-Rellana-Lame-jumelle-Elden-Ring.jpg\",\"width\":700,\"height\":700,\"caption\":\"Lame Flamboyante de Rellana- Elden Ring (Shadow of the Erdtree)\"},{\"@type\":\"BreadcrumbList\",\"@id\":\"https:\\\/\\\/repliquemangacine.fr\\\/elden-ring\\\/lame-flamboyante-de-rellana-elden-ring-shadow-of-the-erdtree\\\/#breadcrumb\",\"itemListElement\":[{\"@type\":\"ListItem\",\"position\":1,\"name\":\"Accueil\",\"item\":\"https:\\\/\\\/repliquemangacine.fr\\\/\"},{\"@type\":\"ListItem\",\"position\":2,\"name\":\"Produits\",\"item\":\"https:\\\/\\\/repliquemangacine.fr\\\/boutique\\\/\"},{\"@type\":\"ListItem\",\"position\":3,\"name\":\"Lame Flamboyante de Rellana \u2013 Elden Ring\"}]},{\"@type\":\"WebSite\",\"@id\":\"https:\\\/\\\/repliquemangacine.fr\\\/#website\",\"url\":\"https:\\\/\\\/repliquemangacine.fr\\\/\",\"name\":\"R\u00e9plique Manga Cin\u00e9\",\"description\":\"\",\"publisher\":{\"@id\":\"https:\\\/\\\/repliquemangacine.fr\\\/#organization\"},\"potentialAction\":[{\"@type\":\"SearchAction\",\"target\":{\"@type\":\"EntryPoint\",\"urlTemplate\":\"https:\\\/\\\/repliquemangacine.fr\\\/?s={search_term_string}\"},\"query-input\":{\"@type\":\"PropertyValueSpecification\",\"valueRequired\":true,\"valueName\":\"search_term_string\"}}],\"inLanguage\":\"en-US\"},{\"@type\":\"Organization\",\"@id\":\"https:\\\/\\\/repliquemangacine.fr\\\/#organization\",\"name\":\"R\u00e9plique Manga Cin\u00e9\",\"url\":\"https:\\\/\\\/repliquemangacine.fr\\\/\",\"logo\":{\"@type\":\"ImageObject\",\"inLanguage\":\"en-US\",\"@id\":\"https:\\\/\\\/repliquemangacine.fr\\\/#\\\/schema\\\/logo\\\/image\\\/\",\"url\":\"https:\\\/\\\/repliquemangacine.fr\\\/wp-content\\\/uploads\\\/2023\\\/10\\\/RMC-500250.png\",\"contentUrl\":\"https:\\\/\\\/repliquemangacine.fr\\\/wp-content\\\/uploads\\\/2023\\\/10\\\/RMC-500250.png\",\"width\":500,\"height\":250,\"caption\":\"R\u00e9plique Manga Cin\u00e9\"},\"image\":{\"@id\":\"https:\\\/\\\/repliquemangacine.fr\\\/#\\\/schema\\\/logo\\\/image\\\/\"},\"sameAs\":[\"https:\\\/\\\/www.facebook.com\\\/RepliqueMangaCine\",\"https:\\\/\\\/www.instagram.com\\\/repliquemangacine.fr\\\/\"]}]}<\/script>\n<!-- \/ Yoast SEO plugin. -->","yoast_head_json":{"title":"Blazing Blade of Rellana - Elden Ring - R\u00e9plique Manga Cin\u00e9","description":"Discover this superb Flaming Blade from Rellana in Elden Ring (Shadow of the Erdtree). Steel blade with engraving. Wall bracket with logo. 106.5 cm","robots":{"index":"index","follow":"follow","max-snippet":"max-snippet:-1","max-image-preview":"max-image-preview:large","max-video-preview":"max-video-preview:-1"},"canonical":"https:\/\/repliquemangacine.fr\/en\/elden-ring\/lame-flamboyante-de-rellana-elden-ring-shadow-of-the-erdtree\/","og_locale":"en_US","og_type":"article","og_title":"Lame Flamboyante de Rellana \u2013 Elden Ring - R\u00e9plique Manga Cin\u00e9","og_description":"D\u00e9couvrez cette superbe Lame Flamboyante de Rellana dans Elden Ring (Shadow of the Erdtree). Lame acier avec gravure. Support mural avec logo. 106.5 cm","og_url":"https:\/\/repliquemangacine.fr\/en\/elden-ring\/lame-flamboyante-de-rellana-elden-ring-shadow-of-the-erdtree\/","og_site_name":"R\u00e9plique Manga Cin\u00e9","article_publisher":"https:\/\/www.facebook.com\/RepliqueMangaCine","article_modified_time":"2026-04-17T14:09:01+00:00","og_image":[{"width":700,"height":700,"url":"https:\/\/repliquemangacine.fr\/wp-content\/uploads\/2025\/11\/Lame-Flamboyante-de-Rellana-Lame-jumelle-Elden-Ring.jpg","type":"image\/jpeg"}],"twitter_card":"summary_large_image","twitter_misc":{"Est. reading time":"2 minutes"},"schema":{"@context":"https:\/\/schema.org","@graph":[{"@type":"WebPage","@id":"https:\/\/repliquemangacine.fr\/elden-ring\/lame-flamboyante-de-rellana-elden-ring-shadow-of-the-erdtree\/","url":"https:\/\/repliquemangacine.fr\/elden-ring\/lame-flamboyante-de-rellana-elden-ring-shadow-of-the-erdtree\/","name":"Blazing Blade of Rellana - Elden Ring - R\u00e9plique Manga Cin\u00e9","isPartOf":{"@id":"https:\/\/repliquemangacine.fr\/#website"},"primaryImageOfPage":{"@id":"https:\/\/repliquemangacine.fr\/elden-ring\/lame-flamboyante-de-rellana-elden-ring-shadow-of-the-erdtree\/#primaryimage"},"image":{"@id":"https:\/\/repliquemangacine.fr\/elden-ring\/lame-flamboyante-de-rellana-elden-ring-shadow-of-the-erdtree\/#primaryimage"},"thumbnailUrl":"https:\/\/repliquemangacine.fr\/wp-content\/uploads\/2025\/11\/Lame-Flamboyante-de-Rellana-Lame-jumelle-Elden-Ring.jpg","datePublished":"2025-11-01T17:22:31+00:00","dateModified":"2026-04-17T14:09:01+00:00","description":"Discover this superb Flaming Blade from Rellana in Elden Ring (Shadow of the Erdtree). Steel blade with engraving. Wall bracket with logo. 106.5 cm","breadcrumb":{"@id":"https:\/\/repliquemangacine.fr\/elden-ring\/lame-flamboyante-de-rellana-elden-ring-shadow-of-the-erdtree\/#breadcrumb"},"inLanguage":"en-US","potentialAction":[{"@type":"ReadAction","target":["https:\/\/repliquemangacine.fr\/elden-ring\/lame-flamboyante-de-rellana-elden-ring-shadow-of-the-erdtree\/"]}]},{"@type":"ImageObject","inLanguage":"en-US","@id":"https:\/\/repliquemangacine.fr\/elden-ring\/lame-flamboyante-de-rellana-elden-ring-shadow-of-the-erdtree\/#primaryimage","url":"https:\/\/repliquemangacine.fr\/wp-content\/uploads\/2025\/11\/Lame-Flamboyante-de-Rellana-Lame-jumelle-Elden-Ring.jpg","contentUrl":"https:\/\/repliquemangacine.fr\/wp-content\/uploads\/2025\/11\/Lame-Flamboyante-de-Rellana-Lame-jumelle-Elden-Ring.jpg","width":700,"height":700,"caption":"Lame Flamboyante de Rellana- Elden Ring (Shadow of the Erdtree)"},{"@type":"BreadcrumbList","@id":"https:\/\/repliquemangacine.fr\/elden-ring\/lame-flamboyante-de-rellana-elden-ring-shadow-of-the-erdtree\/#breadcrumb","itemListElement":[{"@type":"ListItem","position":1,"name":"Accueil","item":"https:\/\/repliquemangacine.fr\/"},{"@type":"ListItem","position":2,"name":"Produits","item":"https:\/\/repliquemangacine.fr\/boutique\/"},{"@type":"ListItem","position":3,"name":"Lame Flamboyante de Rellana \u2013 Elden Ring"}]},{"@type":"WebSite","@id":"https:\/\/repliquemangacine.fr\/#website","url":"https:\/\/repliquemangacine.fr\/","name":"R\u00e9plique Manga Cin\u00e9","description":"","publisher":{"@id":"https:\/\/repliquemangacine.fr\/#organization"},"potentialAction":[{"@type":"SearchAction","target":{"@type":"EntryPoint","urlTemplate":"https:\/\/repliquemangacine.fr\/?s={search_term_string}"},"query-input":{"@type":"PropertyValueSpecification","valueRequired":true,"valueName":"search_term_string"}}],"inLanguage":"en-US"},{"@type":"Organization","@id":"https:\/\/repliquemangacine.fr\/#organization","name":"R\u00e9plique Manga Cin\u00e9","url":"https:\/\/repliquemangacine.fr\/","logo":{"@type":"ImageObject","inLanguage":"en-US","@id":"https:\/\/repliquemangacine.fr\/#\/schema\/logo\/image\/","url":"https:\/\/repliquemangacine.fr\/wp-content\/uploads\/2023\/10\/RMC-500250.png","contentUrl":"https:\/\/repliquemangacine.fr\/wp-content\/uploads\/2023\/10\/RMC-500250.png","width":500,"height":250,"caption":"R\u00e9plique Manga Cin\u00e9"},"image":{"@id":"https:\/\/repliquemangacine.fr\/#\/schema\/logo\/image\/"},"sameAs":["https:\/\/www.facebook.com\/RepliqueMangaCine","https:\/\/www.instagram.com\/repliquemangacine.fr\/"]}]}},"_links":{"self":[{"href":"https:\/\/repliquemangacine.fr\/en\/wp-json\/wp\/v2\/product\/89995","targetHints":{"allow":["GET"]}}],"collection":[{"href":"https:\/\/repliquemangacine.fr\/en\/wp-json\/wp\/v2\/product"}],"about":[{"href":"https:\/\/repliquemangacine.fr\/en\/wp-json\/wp\/v2\/types\/product"}],"wp:featuredmedia":[{"embeddable":true,"href":"https:\/\/repliquemangacine.fr\/en\/wp-json\/wp\/v2\/media\/89996"}],"wp:attachment":[{"href":"https:\/\/repliquemangacine.fr\/en\/wp-json\/wp\/v2\/media?parent=89995"}],"wp:term":[{"taxonomy":"product_brand","embeddable":true,"href":"https:\/\/repliquemangacine.fr\/en\/wp-json\/wp\/v2\/product_brand?post=89995"},{"taxonomy":"product_cat","embeddable":true,"href":"https:\/\/repliquemangacine.fr\/en\/wp-json\/wp\/v2\/product_cat?post=89995"},{"taxonomy":"product_tag","embeddable":true,"href":"https:\/\/repliquemangacine.fr\/en\/wp-json\/wp\/v2\/product_tag?post=89995"}],"curies":[{"name":"wp","href":"https:\/\/api.w.org\/{rel}","templated":true}]}}