





{"id":89895,"date":"2025-10-30T11:50:36","date_gmt":"2025-10-30T10:50:36","guid":{"rendered":"https:\/\/repliquemangacine.fr\/?post_type=product&#038;p=89895"},"modified":"2026-02-19T11:33:35","modified_gmt":"2026-02-19T10:33:35","slug":"blue-maconic-decorative-set","status":"publish","type":"product","link":"https:\/\/repliquemangacine.fr\/en\/epee-templier-medievale\/ensemble-maconnique-decoratif-bleu\/","title":{"rendered":"Blue Decorative Masonic Set"},"content":{"rendered":"<h2>Blue Decorative Masonic Set: Symbol and Prestige<\/h2>\n<p>First of all, this Blue Decorative Masonic Set is for enthusiasts of strong symbols and secret history. To begin with, the two crossed swords are made of metal with a careful, balanced and elegant finish. Their straight blades evoke moral rectitude and the will to symbolically slice through ignorance. The gilded metal guards add a touch of measured brilliance. In the center of the guard, the symbols of the <a href=\"https:\/\/www.monarchiesetdynastiesdumonde.com\/pages\/actualites-des-monarchies-du-monde\/europe\/france\/quand-la-franc-maconnerie-etait-legitimiste-et-royaliste.html\" target=\"_blank\" rel=\"noopener noreferrer\">Freemasons<\/a> and the compass surrounding the letter \"G\". While the red velvet handles add a remarkable visual intensity. Through this contrast, we feel the dialogue between strength, discipline and passion. This type of decorative piece finds its place in the private collections of connoisseurs.<\/p>\n<h2>Masonic Shield Panel: A Set of Strong Symbols<\/h2>\n<p>The shield-shaped panel provides an immediate visual presence. Its dark wood color evokes sobriety, tradition and transmission. In the center, the decorative medallion catches the eye. It features the square and compass around the letter \"G\", symbolizing balance, creation and inner knowledge. The surrounding engravings reinforce the initiatory significance of the whole. The radiating eye at the top of the piece is a reminder of vigilance, the search for truth and the elevation of the spirit. The two columns represent the foundations of the journey, the gateway to a broader understanding of the world. Finally, the open book at the bottom of the panel evokes knowledge, study and the deepening of thought. So this shield is not just decorative. It tells a story, a quest, a journey. In conclusion, it gives the object a rich symbolic dimension that naturally finds its place in an enthusiast's collection.<\/p>\n<h2>Perfect for Collection, Decoration and Cabinet of Curiosities<\/h2>\n<p>This Masonic set is a natural addition to an already rich or growing collection. It is the perfect complement to other pieces steeped in history, such as the <a href=\"https:\/\/repliquemangacine.fr\/en\/replica-napoleon-guns\/napoleons-coronation-dagger\/\">Napoleon's coronation dagger model 1809<\/a>a symbol of ambition and imperial destiny. He also married the<a href=\"https:\/\/repliquemangacine.fr\/en\/medieval-templar-sword\/excalibur-king-arthur-legendary-sword\/\">King Arthur's legendary sword, the Excalibur<\/a>A must-have for those who dream of chivalry and founding myths. Not forgetting the replica sword <a href=\"https:\/\/repliquemangacine.fr\/en\/balances\/saint-maurices-sword-from-turin-13th-century\/\">Saint Maurice of Turin from the XIII\u1d49 century<\/a>elegant and sacred, delivered with its scabbard. In this way, the Masonic sign becomes a visual pillar, a point of convergence between traditions, legends and symbolic power. Moreover, placed in a living room, office or dedicated room, it captures attention, inspires curiosity and tells a story. With this set, you're not decorating a wall. It asserts an identity. In short, it asserts a taste for knowledge, transmission and timeless elegance.<\/p>","protected":false},"excerpt":{"rendered":"<p>Magnificent blue decorative masonic set. Perfect for collection, interior decoration and refined ceremonial atmosphere.<\/p>\n<ul>\n<li>Both swords have 440 stainless steel blades.<\/li>\n<li>Gold-plated steel hilt and pommel with Masonic symbols.<\/li>\n<li>Red velvet-coated steel handle<\/li>\n<li>Wooden shield plaque with Masonic symbols.<\/li>\n<li>Shield diameter 16cm - Wooden plate 40X30 cm<\/li>\n<li>Blade length 60cm - Total length of swords: 76cm<\/li>\n<\/ul>","protected":false},"featured_media":89898,"template":"","meta":[],"product_brand":[],"product_cat":[25,84],"product_tag":[958,966,962,937,953,964,965,956,968,957,952,926,954,963,955,967,948,961,959,960],"class_list":{"0":"post-89895","1":"product","2":"type-product","3":"status-publish","4":"has-post-thumbnail","6":"product_cat-armes-historiques","7":"product_cat-epee-templier-medievale","8":"product_tag-arme-de-collection","9":"product_tag-armurerie-decorative","10":"product_tag-ceremonial","11":"product_tag-dague-decorative","12":"product_tag-dague-maconnique","13":"product_tag-dague-medievale-decorative","14":"product_tag-decoration-historique","15":"product_tag-decoration-maconnique","16":"product_tag-decorative-dagger","17":"product_tag-ensemble-decoratif","18":"product_tag-ensemble-maconnique","19":"product_tag-epee-decorative","20":"product_tag-epee-maconnique","21":"product_tag-epee-medievale-decorative","22":"product_tag-maconnerie-symbolique","23":"product_tag-medieval-sword-replica","24":"product_tag-objet-de-collection","25":"product_tag-ordre-maconnique","26":"product_tag-symboles-maconniques","27":"product_tag-templier-decoration","29":"first","30":"instock","31":"taxable","32":"shipping-taxable","33":"purchasable","34":"product-type-simple"},"yoast_head":"<!-- This site is optimized with the Yoast SEO plugin v27.4 - https:\/\/yoast.com\/product\/yoast-seo-wordpress\/ -->\n<title>Ensemble Ma\u00e7onnique D\u00e9coratif Bleu - R\u00e9plique Manga Cin\u00e9<\/title>\n<meta name=\"description\" content=\"Ensemble Ma\u00e7onnique D\u00e9coratif Bleu, avec deux \u00e9p\u00e9es crois\u00e9es et bouclier symbolique. Parfait pour la d\u00e9coration et atmosph\u00e8re c\u00e9r\u00e9monielle raffin\u00e9e.\" \/>\n<meta name=\"robots\" content=\"index, follow, max-snippet:-1, max-image-preview:large, max-video-preview:-1\" \/>\n<link rel=\"canonical\" href=\"https:\/\/repliquemangacine.fr\/en\/medieval-templar-sword\/blue-maconic-decorative-set\/\" \/>\n<meta property=\"og:locale\" content=\"en_US\" \/>\n<meta property=\"og:type\" content=\"article\" \/>\n<meta property=\"og:title\" content=\"Ensemble Ma\u00e7onnique D\u00e9coratif Bleu - R\u00e9plique Manga Cin\u00e9\" \/>\n<meta property=\"og:description\" content=\"Ensemble Ma\u00e7onnique D\u00e9coratif Bleu, avec deux \u00e9p\u00e9es crois\u00e9es et bouclier symbolique. Parfait pour la d\u00e9coration et atmosph\u00e8re c\u00e9r\u00e9monielle raffin\u00e9e.\" \/>\n<meta property=\"og:url\" content=\"https:\/\/repliquemangacine.fr\/en\/medieval-templar-sword\/blue-maconic-decorative-set\/\" \/>\n<meta property=\"og:site_name\" content=\"R\u00e9plique Manga Cin\u00e9\" \/>\n<meta property=\"article:publisher\" content=\"https:\/\/www.facebook.com\/RepliqueMangaCine\" \/>\n<meta property=\"article:modified_time\" content=\"2026-02-19T10:33:35+00:00\" \/>\n<meta property=\"og:image\" content=\"https:\/\/repliquemangacine.fr\/wp-content\/uploads\/2025\/10\/Ensemble-Maconnique-Decoratif-Bleu.jpg\" \/>\n\t<meta property=\"og:image:width\" content=\"700\" \/>\n\t<meta property=\"og:image:height\" content=\"700\" \/>\n\t<meta property=\"og:image:type\" content=\"image\/jpeg\" \/>\n<meta name=\"twitter:card\" content=\"summary_large_image\" \/>\n<meta name=\"twitter:label1\" content=\"Est. reading time\" \/>\n\t<meta name=\"twitter:data1\" content=\"3 minutes\" \/>\n<script type=\"application\/ld+json\" class=\"yoast-schema-graph\">{\"@context\":\"https:\\\/\\\/schema.org\",\"@graph\":[{\"@type\":\"WebPage\",\"@id\":\"https:\\\/\\\/repliquemangacine.fr\\\/epee-templier-medievale\\\/ensemble-maconnique-decoratif-bleu\\\/\",\"url\":\"https:\\\/\\\/repliquemangacine.fr\\\/epee-templier-medievale\\\/ensemble-maconnique-decoratif-bleu\\\/\",\"name\":\"Ensemble Ma\u00e7onnique D\u00e9coratif Bleu - R\u00e9plique Manga Cin\u00e9\",\"isPartOf\":{\"@id\":\"https:\\\/\\\/repliquemangacine.fr\\\/#website\"},\"primaryImageOfPage\":{\"@id\":\"https:\\\/\\\/repliquemangacine.fr\\\/epee-templier-medievale\\\/ensemble-maconnique-decoratif-bleu\\\/#primaryimage\"},\"image\":{\"@id\":\"https:\\\/\\\/repliquemangacine.fr\\\/epee-templier-medievale\\\/ensemble-maconnique-decoratif-bleu\\\/#primaryimage\"},\"thumbnailUrl\":\"https:\\\/\\\/repliquemangacine.fr\\\/wp-content\\\/uploads\\\/2025\\\/10\\\/Ensemble-Maconnique-Decoratif-Bleu.jpg\",\"datePublished\":\"2025-10-30T10:50:36+00:00\",\"dateModified\":\"2026-02-19T10:33:35+00:00\",\"description\":\"Ensemble Ma\u00e7onnique D\u00e9coratif Bleu, avec deux \u00e9p\u00e9es crois\u00e9es et bouclier symbolique. Parfait pour la d\u00e9coration et atmosph\u00e8re c\u00e9r\u00e9monielle raffin\u00e9e.\",\"breadcrumb\":{\"@id\":\"https:\\\/\\\/repliquemangacine.fr\\\/epee-templier-medievale\\\/ensemble-maconnique-decoratif-bleu\\\/#breadcrumb\"},\"inLanguage\":\"en-US\",\"potentialAction\":[{\"@type\":\"ReadAction\",\"target\":[\"https:\\\/\\\/repliquemangacine.fr\\\/epee-templier-medievale\\\/ensemble-maconnique-decoratif-bleu\\\/\"]}]},{\"@type\":\"ImageObject\",\"inLanguage\":\"en-US\",\"@id\":\"https:\\\/\\\/repliquemangacine.fr\\\/epee-templier-medievale\\\/ensemble-maconnique-decoratif-bleu\\\/#primaryimage\",\"url\":\"https:\\\/\\\/repliquemangacine.fr\\\/wp-content\\\/uploads\\\/2025\\\/10\\\/Ensemble-Maconnique-Decoratif-Bleu.jpg\",\"contentUrl\":\"https:\\\/\\\/repliquemangacine.fr\\\/wp-content\\\/uploads\\\/2025\\\/10\\\/Ensemble-Maconnique-Decoratif-Bleu.jpg\",\"width\":700,\"height\":700,\"caption\":\"Ensemble Ma\u00e7onnique D\u00e9coratif Bleu\"},{\"@type\":\"BreadcrumbList\",\"@id\":\"https:\\\/\\\/repliquemangacine.fr\\\/epee-templier-medievale\\\/ensemble-maconnique-decoratif-bleu\\\/#breadcrumb\",\"itemListElement\":[{\"@type\":\"ListItem\",\"position\":1,\"name\":\"Accueil\",\"item\":\"https:\\\/\\\/repliquemangacine.fr\\\/\"},{\"@type\":\"ListItem\",\"position\":2,\"name\":\"Produits\",\"item\":\"https:\\\/\\\/repliquemangacine.fr\\\/boutique\\\/\"},{\"@type\":\"ListItem\",\"position\":3,\"name\":\"Ensemble Ma\u00e7onnique D\u00e9coratif Bleu\"}]},{\"@type\":\"WebSite\",\"@id\":\"https:\\\/\\\/repliquemangacine.fr\\\/#website\",\"url\":\"https:\\\/\\\/repliquemangacine.fr\\\/\",\"name\":\"R\u00e9plique Manga Cin\u00e9\",\"description\":\"\",\"publisher\":{\"@id\":\"https:\\\/\\\/repliquemangacine.fr\\\/#organization\"},\"potentialAction\":[{\"@type\":\"SearchAction\",\"target\":{\"@type\":\"EntryPoint\",\"urlTemplate\":\"https:\\\/\\\/repliquemangacine.fr\\\/?s={search_term_string}\"},\"query-input\":{\"@type\":\"PropertyValueSpecification\",\"valueRequired\":true,\"valueName\":\"search_term_string\"}}],\"inLanguage\":\"en-US\"},{\"@type\":\"Organization\",\"@id\":\"https:\\\/\\\/repliquemangacine.fr\\\/#organization\",\"name\":\"R\u00e9plique Manga Cin\u00e9\",\"url\":\"https:\\\/\\\/repliquemangacine.fr\\\/\",\"logo\":{\"@type\":\"ImageObject\",\"inLanguage\":\"en-US\",\"@id\":\"https:\\\/\\\/repliquemangacine.fr\\\/#\\\/schema\\\/logo\\\/image\\\/\",\"url\":\"https:\\\/\\\/repliquemangacine.fr\\\/wp-content\\\/uploads\\\/2023\\\/10\\\/RMC-500250.png\",\"contentUrl\":\"https:\\\/\\\/repliquemangacine.fr\\\/wp-content\\\/uploads\\\/2023\\\/10\\\/RMC-500250.png\",\"width\":500,\"height\":250,\"caption\":\"R\u00e9plique Manga Cin\u00e9\"},\"image\":{\"@id\":\"https:\\\/\\\/repliquemangacine.fr\\\/#\\\/schema\\\/logo\\\/image\\\/\"},\"sameAs\":[\"https:\\\/\\\/www.facebook.com\\\/RepliqueMangaCine\",\"https:\\\/\\\/www.instagram.com\\\/repliquemangacine.fr\\\/\"]}]}<\/script>\n<!-- \/ Yoast SEO plugin. -->","yoast_head_json":{"title":"Blue Decorative Masonic Set - R\u00e9plique Manga Cin\u00e9","description":"Decorative blue Masonic set, with two crossed swords and symbolic shield. Perfect for decoration and a refined ceremonial atmosphere.","robots":{"index":"index","follow":"follow","max-snippet":"max-snippet:-1","max-image-preview":"max-image-preview:large","max-video-preview":"max-video-preview:-1"},"canonical":"https:\/\/repliquemangacine.fr\/en\/medieval-templar-sword\/blue-maconic-decorative-set\/","og_locale":"en_US","og_type":"article","og_title":"Ensemble Ma\u00e7onnique D\u00e9coratif Bleu - R\u00e9plique Manga Cin\u00e9","og_description":"Ensemble Ma\u00e7onnique D\u00e9coratif Bleu, avec deux \u00e9p\u00e9es crois\u00e9es et bouclier symbolique. Parfait pour la d\u00e9coration et atmosph\u00e8re c\u00e9r\u00e9monielle raffin\u00e9e.","og_url":"https:\/\/repliquemangacine.fr\/en\/medieval-templar-sword\/blue-maconic-decorative-set\/","og_site_name":"R\u00e9plique Manga Cin\u00e9","article_publisher":"https:\/\/www.facebook.com\/RepliqueMangaCine","article_modified_time":"2026-02-19T10:33:35+00:00","og_image":[{"width":700,"height":700,"url":"https:\/\/repliquemangacine.fr\/wp-content\/uploads\/2025\/10\/Ensemble-Maconnique-Decoratif-Bleu.jpg","type":"image\/jpeg"}],"twitter_card":"summary_large_image","twitter_misc":{"Est. reading time":"3 minutes"},"schema":{"@context":"https:\/\/schema.org","@graph":[{"@type":"WebPage","@id":"https:\/\/repliquemangacine.fr\/epee-templier-medievale\/ensemble-maconnique-decoratif-bleu\/","url":"https:\/\/repliquemangacine.fr\/epee-templier-medievale\/ensemble-maconnique-decoratif-bleu\/","name":"Blue Decorative Masonic Set - R\u00e9plique Manga Cin\u00e9","isPartOf":{"@id":"https:\/\/repliquemangacine.fr\/#website"},"primaryImageOfPage":{"@id":"https:\/\/repliquemangacine.fr\/epee-templier-medievale\/ensemble-maconnique-decoratif-bleu\/#primaryimage"},"image":{"@id":"https:\/\/repliquemangacine.fr\/epee-templier-medievale\/ensemble-maconnique-decoratif-bleu\/#primaryimage"},"thumbnailUrl":"https:\/\/repliquemangacine.fr\/wp-content\/uploads\/2025\/10\/Ensemble-Maconnique-Decoratif-Bleu.jpg","datePublished":"2025-10-30T10:50:36+00:00","dateModified":"2026-02-19T10:33:35+00:00","description":"Decorative blue Masonic set, with two crossed swords and symbolic shield. Perfect for decoration and a refined ceremonial atmosphere.","breadcrumb":{"@id":"https:\/\/repliquemangacine.fr\/epee-templier-medievale\/ensemble-maconnique-decoratif-bleu\/#breadcrumb"},"inLanguage":"en-US","potentialAction":[{"@type":"ReadAction","target":["https:\/\/repliquemangacine.fr\/epee-templier-medievale\/ensemble-maconnique-decoratif-bleu\/"]}]},{"@type":"ImageObject","inLanguage":"en-US","@id":"https:\/\/repliquemangacine.fr\/epee-templier-medievale\/ensemble-maconnique-decoratif-bleu\/#primaryimage","url":"https:\/\/repliquemangacine.fr\/wp-content\/uploads\/2025\/10\/Ensemble-Maconnique-Decoratif-Bleu.jpg","contentUrl":"https:\/\/repliquemangacine.fr\/wp-content\/uploads\/2025\/10\/Ensemble-Maconnique-Decoratif-Bleu.jpg","width":700,"height":700,"caption":"Ensemble Ma\u00e7onnique D\u00e9coratif Bleu"},{"@type":"BreadcrumbList","@id":"https:\/\/repliquemangacine.fr\/epee-templier-medievale\/ensemble-maconnique-decoratif-bleu\/#breadcrumb","itemListElement":[{"@type":"ListItem","position":1,"name":"Accueil","item":"https:\/\/repliquemangacine.fr\/"},{"@type":"ListItem","position":2,"name":"Produits","item":"https:\/\/repliquemangacine.fr\/boutique\/"},{"@type":"ListItem","position":3,"name":"Ensemble Ma\u00e7onnique D\u00e9coratif Bleu"}]},{"@type":"WebSite","@id":"https:\/\/repliquemangacine.fr\/#website","url":"https:\/\/repliquemangacine.fr\/","name":"R\u00e9plique Manga Cin\u00e9","description":"","publisher":{"@id":"https:\/\/repliquemangacine.fr\/#organization"},"potentialAction":[{"@type":"SearchAction","target":{"@type":"EntryPoint","urlTemplate":"https:\/\/repliquemangacine.fr\/?s={search_term_string}"},"query-input":{"@type":"PropertyValueSpecification","valueRequired":true,"valueName":"search_term_string"}}],"inLanguage":"en-US"},{"@type":"Organization","@id":"https:\/\/repliquemangacine.fr\/#organization","name":"R\u00e9plique Manga Cin\u00e9","url":"https:\/\/repliquemangacine.fr\/","logo":{"@type":"ImageObject","inLanguage":"en-US","@id":"https:\/\/repliquemangacine.fr\/#\/schema\/logo\/image\/","url":"https:\/\/repliquemangacine.fr\/wp-content\/uploads\/2023\/10\/RMC-500250.png","contentUrl":"https:\/\/repliquemangacine.fr\/wp-content\/uploads\/2023\/10\/RMC-500250.png","width":500,"height":250,"caption":"R\u00e9plique Manga Cin\u00e9"},"image":{"@id":"https:\/\/repliquemangacine.fr\/#\/schema\/logo\/image\/"},"sameAs":["https:\/\/www.facebook.com\/RepliqueMangaCine","https:\/\/www.instagram.com\/repliquemangacine.fr\/"]}]}},"_links":{"self":[{"href":"https:\/\/repliquemangacine.fr\/en\/wp-json\/wp\/v2\/product\/89895","targetHints":{"allow":["GET"]}}],"collection":[{"href":"https:\/\/repliquemangacine.fr\/en\/wp-json\/wp\/v2\/product"}],"about":[{"href":"https:\/\/repliquemangacine.fr\/en\/wp-json\/wp\/v2\/types\/product"}],"wp:featuredmedia":[{"embeddable":true,"href":"https:\/\/repliquemangacine.fr\/en\/wp-json\/wp\/v2\/media\/89898"}],"wp:attachment":[{"href":"https:\/\/repliquemangacine.fr\/en\/wp-json\/wp\/v2\/media?parent=89895"}],"wp:term":[{"taxonomy":"product_brand","embeddable":true,"href":"https:\/\/repliquemangacine.fr\/en\/wp-json\/wp\/v2\/product_brand?post=89895"},{"taxonomy":"product_cat","embeddable":true,"href":"https:\/\/repliquemangacine.fr\/en\/wp-json\/wp\/v2\/product_cat?post=89895"},{"taxonomy":"product_tag","embeddable":true,"href":"https:\/\/repliquemangacine.fr\/en\/wp-json\/wp\/v2\/product_tag?post=89895"}],"curies":[{"name":"wp","href":"https:\/\/api.w.org\/{rel}","templated":true}]}}