





{"id":89503,"date":"2025-10-17T17:12:47","date_gmt":"2025-10-17T15:12:47","guid":{"rendered":"https:\/\/repliquemangacine.fr\/?post_type=product&#038;p=89503"},"modified":"2026-02-19T11:41:33","modified_gmt":"2026-02-19T10:41:33","slug":"red-queen-devil-may-cry-5","status":"publish","type":"product","link":"https:\/\/repliquemangacine.fr\/en\/devil-may-cry\/red-queen-devil-may-cry-5\/","title":{"rendered":"Red Queen - Devil May Cry 5"},"content":{"rendered":"<h2>The Red Queen sword - Nero's mythical weapon<\/h2>\n<p>First, the sword <strong>Red Queen<\/strong>an exceptional replica from Devil May Cry 5. With 135.5 cm of raw power and 102 cm of steel blade. It impresses at first sight. Its red and black handle, a blend of metal and molded ABS, gives it a unique, aggressive aesthetic. The lever-shaped guard, accentuated by black exhaust pipes, runs down the blade for a bluffing realism. Every detail has been carefully reproduced to capture the visual signature of this legendary weapon. The Red Queen, a true symbol of power, capable of igniting combat with every move. Supplied with a display stand, it will proudly take its place in any collection dedicated to Capcom's heroes.<\/p>\n<h2>Nero - The supercharged demon hunter<\/h2>\n<p>First, <a href=\"https:\/\/devilmaycrydmc.fandom.com\/fr\/wiki\/Nero\" target=\"_blank\" rel=\"noopener noreferrer\">Nero<\/a>the young protagonist of Devil May Cry 5, wields the <strong>Red Queen<\/strong> with incomparable firepower. Thanks to his motorcycle-inspired \"rev\" system, he can overload the blade and make it glow, unleashing explosive attacks. Each blow becomes a spectacle of fire and metal, worthy of a true demon hunter. Nero fights with passion, rage and determination, seeking to prove his worth while mastering the demonic power that burns within him. His fighting style, both brutal and elegant, makes him one of the saga's most charismatic characters. And Red Queen is his natural extension: fast, destructive and full of attitude.<\/p>\n<h2>Other Devil May Cry replicas on R\u00e9plique Manga Cin\u00e9<\/h2>\n<p>On R\u00e9plique Manga Cin\u00e9, the Devil May Cry saga is represented by a unique collection of legendary weapons. Discover the<a href=\"https:\/\/repliquemangacine.fr\/en\/devil-may-cry\/dagger-epee-red-queen-nero-devil-my-cry\/\"> Nero's dagger-sword<\/a>with its blade decorated with demonic arabesques. Discover also the masterly <a href=\"https:\/\/repliquemangacine.fr\/en\/katana-and-video-game-sword-other-video-games\/devil-sword-epee-du-diable-de-dante-devil-my-cry\/\">Devil Sword by Dante<\/a>Made of fiberglass with an internal metal structure, hand-painted for a perfect finish. And for those who like their style sharp, the <a href=\"https:\/\/repliquemangacine.fr\/en\/katana-and-video-game-sword-other-video-games\/katana-vergil-yamato-v2\/\">Vergil Yamato katana<\/a>in its new version from Devil May Cry 5. Other products complete this demonic collection. Other new products will soon be added to the range, offering fans the iconic weapons of the world's greatest demon hunters.<\/p>","protected":false},"excerpt":{"rendered":"<p>Absolutely remarkable replica of the Red Queen sword decoration in Devil My Cry 5<\/p>\n<ul>\n<li>Finely decorated stainless steel blade, non-edged<\/li>\n<li>Metal handle with red molded ABS part<\/li>\n<li>In-game gas pedal lever guard<\/li>\n<li>Black ABS exhaust pipes held in place by rivets.<\/li>\n<li>Supplied with wooden presentation stand<\/li>\n<li>Blade length: 102 cm - Total length: 136 cm<\/li>\n<li>Weight: 8,000g<\/li>\n<\/ul>","protected":false},"featured_media":89509,"template":"","meta":[],"product_brand":[],"product_cat":[880],"product_tag":[],"class_list":{"0":"post-89503","1":"product","2":"type-product","3":"status-publish","4":"has-post-thumbnail","6":"product_cat-devil-may-cry","8":"first","9":"instock","10":"taxable","11":"shipping-taxable","12":"purchasable","13":"product-type-simple"},"yoast_head":"<!-- This site is optimized with the Yoast SEO plugin v27.5 - https:\/\/yoast.com\/product\/yoast-seo-wordpress\/ -->\n<title>Red Queen - Devil May Cry 5 - R\u00e9plique Manga Cin\u00e9<\/title>\n<meta name=\"description\" content=\"Ajoutez la l\u00e9gendaire Red Queen de Nero \u00e0 votre collection Devil May Cry 5. Lame en acier d\u00e9cor\u00e9e, poign\u00e9e d\u00e9taill\u00e9e et r\u00e9alisme exceptionnel. 136 cm\" \/>\n<meta name=\"robots\" content=\"index, follow, max-snippet:-1, max-image-preview:large, max-video-preview:-1\" \/>\n<link rel=\"canonical\" href=\"https:\/\/repliquemangacine.fr\/en\/devil-may-cry\/red-queen-devil-may-cry-5\/\" \/>\n<meta property=\"og:locale\" content=\"en_US\" \/>\n<meta property=\"og:type\" content=\"article\" \/>\n<meta property=\"og:title\" content=\"Red Queen - Devil May Cry 5 - R\u00e9plique Manga Cin\u00e9\" \/>\n<meta property=\"og:description\" content=\"Ajoutez la l\u00e9gendaire Red Queen de Nero \u00e0 votre collection Devil May Cry 5. Lame en acier d\u00e9cor\u00e9e, poign\u00e9e d\u00e9taill\u00e9e et r\u00e9alisme exceptionnel. 136 cm\" \/>\n<meta property=\"og:url\" content=\"https:\/\/repliquemangacine.fr\/en\/devil-may-cry\/red-queen-devil-may-cry-5\/\" \/>\n<meta property=\"og:site_name\" content=\"R\u00e9plique Manga Cin\u00e9\" \/>\n<meta property=\"article:publisher\" content=\"https:\/\/www.facebook.com\/RepliqueMangaCine\" \/>\n<meta property=\"article:modified_time\" content=\"2026-02-19T10:41:33+00:00\" \/>\n<meta property=\"og:image\" content=\"https:\/\/repliquemangacine.fr\/wp-content\/uploads\/2025\/10\/Red-Queen-Devil-My-Cry-5.jpg\" \/>\n\t<meta property=\"og:image:width\" content=\"700\" \/>\n\t<meta property=\"og:image:height\" content=\"700\" \/>\n\t<meta property=\"og:image:type\" content=\"image\/jpeg\" \/>\n<meta name=\"twitter:card\" content=\"summary_large_image\" \/>\n<meta name=\"twitter:label1\" content=\"Est. reading time\" \/>\n\t<meta name=\"twitter:data1\" content=\"3 minutes\" \/>\n<script type=\"application\/ld+json\" class=\"yoast-schema-graph\">{\"@context\":\"https:\\\/\\\/schema.org\",\"@graph\":[{\"@type\":\"WebPage\",\"@id\":\"https:\\\/\\\/repliquemangacine.fr\\\/devil-may-cry\\\/red-queen-devil-may-cry-5\\\/\",\"url\":\"https:\\\/\\\/repliquemangacine.fr\\\/devil-may-cry\\\/red-queen-devil-may-cry-5\\\/\",\"name\":\"Red Queen - Devil May Cry 5 - R\u00e9plique Manga Cin\u00e9\",\"isPartOf\":{\"@id\":\"https:\\\/\\\/repliquemangacine.fr\\\/#website\"},\"primaryImageOfPage\":{\"@id\":\"https:\\\/\\\/repliquemangacine.fr\\\/devil-may-cry\\\/red-queen-devil-may-cry-5\\\/#primaryimage\"},\"image\":{\"@id\":\"https:\\\/\\\/repliquemangacine.fr\\\/devil-may-cry\\\/red-queen-devil-may-cry-5\\\/#primaryimage\"},\"thumbnailUrl\":\"https:\\\/\\\/repliquemangacine.fr\\\/wp-content\\\/uploads\\\/2025\\\/10\\\/Red-Queen-Devil-My-Cry-5.jpg\",\"datePublished\":\"2025-10-17T15:12:47+00:00\",\"dateModified\":\"2026-02-19T10:41:33+00:00\",\"description\":\"Ajoutez la l\u00e9gendaire Red Queen de Nero \u00e0 votre collection Devil May Cry 5. Lame en acier d\u00e9cor\u00e9e, poign\u00e9e d\u00e9taill\u00e9e et r\u00e9alisme exceptionnel. 136 cm\",\"breadcrumb\":{\"@id\":\"https:\\\/\\\/repliquemangacine.fr\\\/devil-may-cry\\\/red-queen-devil-may-cry-5\\\/#breadcrumb\"},\"inLanguage\":\"en-US\",\"potentialAction\":[{\"@type\":\"ReadAction\",\"target\":[\"https:\\\/\\\/repliquemangacine.fr\\\/devil-may-cry\\\/red-queen-devil-may-cry-5\\\/\"]}]},{\"@type\":\"ImageObject\",\"inLanguage\":\"en-US\",\"@id\":\"https:\\\/\\\/repliquemangacine.fr\\\/devil-may-cry\\\/red-queen-devil-may-cry-5\\\/#primaryimage\",\"url\":\"https:\\\/\\\/repliquemangacine.fr\\\/wp-content\\\/uploads\\\/2025\\\/10\\\/Red-Queen-Devil-My-Cry-5.jpg\",\"contentUrl\":\"https:\\\/\\\/repliquemangacine.fr\\\/wp-content\\\/uploads\\\/2025\\\/10\\\/Red-Queen-Devil-My-Cry-5.jpg\",\"width\":700,\"height\":700,\"caption\":\"Red Queen Devil My Cry 5\"},{\"@type\":\"BreadcrumbList\",\"@id\":\"https:\\\/\\\/repliquemangacine.fr\\\/devil-may-cry\\\/red-queen-devil-may-cry-5\\\/#breadcrumb\",\"itemListElement\":[{\"@type\":\"ListItem\",\"position\":1,\"name\":\"Accueil\",\"item\":\"https:\\\/\\\/repliquemangacine.fr\\\/\"},{\"@type\":\"ListItem\",\"position\":2,\"name\":\"Produits\",\"item\":\"https:\\\/\\\/repliquemangacine.fr\\\/boutique\\\/\"},{\"@type\":\"ListItem\",\"position\":3,\"name\":\"Red Queen &#8211; Devil May Cry 5\"}]},{\"@type\":\"WebSite\",\"@id\":\"https:\\\/\\\/repliquemangacine.fr\\\/#website\",\"url\":\"https:\\\/\\\/repliquemangacine.fr\\\/\",\"name\":\"R\u00e9plique Manga Cin\u00e9\",\"description\":\"\",\"publisher\":{\"@id\":\"https:\\\/\\\/repliquemangacine.fr\\\/#organization\"},\"potentialAction\":[{\"@type\":\"SearchAction\",\"target\":{\"@type\":\"EntryPoint\",\"urlTemplate\":\"https:\\\/\\\/repliquemangacine.fr\\\/?s={search_term_string}\"},\"query-input\":{\"@type\":\"PropertyValueSpecification\",\"valueRequired\":true,\"valueName\":\"search_term_string\"}}],\"inLanguage\":\"en-US\"},{\"@type\":\"Organization\",\"@id\":\"https:\\\/\\\/repliquemangacine.fr\\\/#organization\",\"name\":\"R\u00e9plique Manga Cin\u00e9\",\"url\":\"https:\\\/\\\/repliquemangacine.fr\\\/\",\"logo\":{\"@type\":\"ImageObject\",\"inLanguage\":\"en-US\",\"@id\":\"https:\\\/\\\/repliquemangacine.fr\\\/#\\\/schema\\\/logo\\\/image\\\/\",\"url\":\"https:\\\/\\\/repliquemangacine.fr\\\/wp-content\\\/uploads\\\/2023\\\/10\\\/RMC-500250.png\",\"contentUrl\":\"https:\\\/\\\/repliquemangacine.fr\\\/wp-content\\\/uploads\\\/2023\\\/10\\\/RMC-500250.png\",\"width\":500,\"height\":250,\"caption\":\"R\u00e9plique Manga Cin\u00e9\"},\"image\":{\"@id\":\"https:\\\/\\\/repliquemangacine.fr\\\/#\\\/schema\\\/logo\\\/image\\\/\"},\"sameAs\":[\"https:\\\/\\\/www.facebook.com\\\/RepliqueMangaCine\",\"https:\\\/\\\/www.instagram.com\\\/repliquemangacine.fr\\\/\"]}]}<\/script>\n<!-- \/ Yoast SEO plugin. -->","yoast_head_json":{"title":"Red Queen - Devil May Cry 5 - R\u00e9plique Manga Cin\u00e9","description":"Add Nero's legendary Red Queen to your Devil May Cry 5 collection. Decorated steel blade, detailed handle and exceptional realism. 136 cm","robots":{"index":"index","follow":"follow","max-snippet":"max-snippet:-1","max-image-preview":"max-image-preview:large","max-video-preview":"max-video-preview:-1"},"canonical":"https:\/\/repliquemangacine.fr\/en\/devil-may-cry\/red-queen-devil-may-cry-5\/","og_locale":"en_US","og_type":"article","og_title":"Red Queen - Devil May Cry 5 - R\u00e9plique Manga Cin\u00e9","og_description":"Ajoutez la l\u00e9gendaire Red Queen de Nero \u00e0 votre collection Devil May Cry 5. Lame en acier d\u00e9cor\u00e9e, poign\u00e9e d\u00e9taill\u00e9e et r\u00e9alisme exceptionnel. 136 cm","og_url":"https:\/\/repliquemangacine.fr\/en\/devil-may-cry\/red-queen-devil-may-cry-5\/","og_site_name":"R\u00e9plique Manga Cin\u00e9","article_publisher":"https:\/\/www.facebook.com\/RepliqueMangaCine","article_modified_time":"2026-02-19T10:41:33+00:00","og_image":[{"width":700,"height":700,"url":"https:\/\/repliquemangacine.fr\/wp-content\/uploads\/2025\/10\/Red-Queen-Devil-My-Cry-5.jpg","type":"image\/jpeg"}],"twitter_card":"summary_large_image","twitter_misc":{"Est. reading time":"3 minutes"},"schema":{"@context":"https:\/\/schema.org","@graph":[{"@type":"WebPage","@id":"https:\/\/repliquemangacine.fr\/devil-may-cry\/red-queen-devil-may-cry-5\/","url":"https:\/\/repliquemangacine.fr\/devil-may-cry\/red-queen-devil-may-cry-5\/","name":"Red Queen - Devil May Cry 5 - R\u00e9plique Manga Cin\u00e9","isPartOf":{"@id":"https:\/\/repliquemangacine.fr\/#website"},"primaryImageOfPage":{"@id":"https:\/\/repliquemangacine.fr\/devil-may-cry\/red-queen-devil-may-cry-5\/#primaryimage"},"image":{"@id":"https:\/\/repliquemangacine.fr\/devil-may-cry\/red-queen-devil-may-cry-5\/#primaryimage"},"thumbnailUrl":"https:\/\/repliquemangacine.fr\/wp-content\/uploads\/2025\/10\/Red-Queen-Devil-My-Cry-5.jpg","datePublished":"2025-10-17T15:12:47+00:00","dateModified":"2026-02-19T10:41:33+00:00","description":"Add Nero's legendary Red Queen to your Devil May Cry 5 collection. Decorated steel blade, detailed handle and exceptional realism. 136 cm","breadcrumb":{"@id":"https:\/\/repliquemangacine.fr\/devil-may-cry\/red-queen-devil-may-cry-5\/#breadcrumb"},"inLanguage":"en-US","potentialAction":[{"@type":"ReadAction","target":["https:\/\/repliquemangacine.fr\/devil-may-cry\/red-queen-devil-may-cry-5\/"]}]},{"@type":"ImageObject","inLanguage":"en-US","@id":"https:\/\/repliquemangacine.fr\/devil-may-cry\/red-queen-devil-may-cry-5\/#primaryimage","url":"https:\/\/repliquemangacine.fr\/wp-content\/uploads\/2025\/10\/Red-Queen-Devil-My-Cry-5.jpg","contentUrl":"https:\/\/repliquemangacine.fr\/wp-content\/uploads\/2025\/10\/Red-Queen-Devil-My-Cry-5.jpg","width":700,"height":700,"caption":"Red Queen Devil My Cry 5"},{"@type":"BreadcrumbList","@id":"https:\/\/repliquemangacine.fr\/devil-may-cry\/red-queen-devil-may-cry-5\/#breadcrumb","itemListElement":[{"@type":"ListItem","position":1,"name":"Accueil","item":"https:\/\/repliquemangacine.fr\/"},{"@type":"ListItem","position":2,"name":"Produits","item":"https:\/\/repliquemangacine.fr\/boutique\/"},{"@type":"ListItem","position":3,"name":"Red Queen &#8211; Devil May Cry 5"}]},{"@type":"WebSite","@id":"https:\/\/repliquemangacine.fr\/#website","url":"https:\/\/repliquemangacine.fr\/","name":"R\u00e9plique Manga Cin\u00e9","description":"","publisher":{"@id":"https:\/\/repliquemangacine.fr\/#organization"},"potentialAction":[{"@type":"SearchAction","target":{"@type":"EntryPoint","urlTemplate":"https:\/\/repliquemangacine.fr\/?s={search_term_string}"},"query-input":{"@type":"PropertyValueSpecification","valueRequired":true,"valueName":"search_term_string"}}],"inLanguage":"en-US"},{"@type":"Organization","@id":"https:\/\/repliquemangacine.fr\/#organization","name":"R\u00e9plique Manga Cin\u00e9","url":"https:\/\/repliquemangacine.fr\/","logo":{"@type":"ImageObject","inLanguage":"en-US","@id":"https:\/\/repliquemangacine.fr\/#\/schema\/logo\/image\/","url":"https:\/\/repliquemangacine.fr\/wp-content\/uploads\/2023\/10\/RMC-500250.png","contentUrl":"https:\/\/repliquemangacine.fr\/wp-content\/uploads\/2023\/10\/RMC-500250.png","width":500,"height":250,"caption":"R\u00e9plique Manga Cin\u00e9"},"image":{"@id":"https:\/\/repliquemangacine.fr\/#\/schema\/logo\/image\/"},"sameAs":["https:\/\/www.facebook.com\/RepliqueMangaCine","https:\/\/www.instagram.com\/repliquemangacine.fr\/"]}]}},"_links":{"self":[{"href":"https:\/\/repliquemangacine.fr\/en\/wp-json\/wp\/v2\/product\/89503","targetHints":{"allow":["GET"]}}],"collection":[{"href":"https:\/\/repliquemangacine.fr\/en\/wp-json\/wp\/v2\/product"}],"about":[{"href":"https:\/\/repliquemangacine.fr\/en\/wp-json\/wp\/v2\/types\/product"}],"wp:featuredmedia":[{"embeddable":true,"href":"https:\/\/repliquemangacine.fr\/en\/wp-json\/wp\/v2\/media\/89509"}],"wp:attachment":[{"href":"https:\/\/repliquemangacine.fr\/en\/wp-json\/wp\/v2\/media?parent=89503"}],"wp:term":[{"taxonomy":"product_brand","embeddable":true,"href":"https:\/\/repliquemangacine.fr\/en\/wp-json\/wp\/v2\/product_brand?post=89503"},{"taxonomy":"product_cat","embeddable":true,"href":"https:\/\/repliquemangacine.fr\/en\/wp-json\/wp\/v2\/product_cat?post=89503"},{"taxonomy":"product_tag","embeddable":true,"href":"https:\/\/repliquemangacine.fr\/en\/wp-json\/wp\/v2\/product_tag?post=89503"}],"curies":[{"name":"wp","href":"https:\/\/api.w.org\/{rel}","templated":true}]}}