





{"id":89331,"date":"2025-10-11T20:14:39","date_gmt":"2025-10-11T18:14:39","guid":{"rendered":"https:\/\/repliquemangacine.fr\/?post_type=product&#038;p=89331"},"modified":"2026-02-19T11:34:20","modified_gmt":"2026-02-19T10:34:20","slug":"the-replica-holy-lance-from-the-vienna-museum","status":"publish","type":"product","link":"https:\/\/repliquemangacine.fr\/en\/armes-historiques\/la-sainte-lance-replique-du-musee-de-vienne\/","title":{"rendered":"The Holy Lance - Replica from the Vienna Museum"},"content":{"rendered":"<h2>La Sainte Lance - An exceptional historical replica<\/h2>\n<p>Firstly, this museum replica faithfully reproduces the <strong>Sainte Lance<\/strong>now preserved in the <a href=\"https:\/\/www.khm.at\/en\/artworks\/die-heilige-lanze-100443-1\" target=\"_blank\" rel=\"noopener noreferrer\">Imperial Treasure of Vienna<\/a>. The finely openwork blade is partially covered with silver wire and edged with brass. On the central plate, the Latin inscription LANCEA ET CLAVUS DOMINI means \"The spear and the nail of the Lord\". According to tradition, it contains a fragment of the Holy Nail used in Christ's crucifixion. This replica takes up every detail of the original, from the metalwork to the patinated gilding. In fact, it symbolizes both medieval sacred art and the spiritual power of ancient emperors. Elegant, authentic and full of meaning, this exceptional piece is perfect for collectors of historic weapons and religious objects.<\/p>\n<h2>The spear of destiny and its symbolic power<\/h2>\n<p>Also known as the Spear of Saint Maurice or the Spear of Destiny, the Holy Lance is one of the most famous artifacts of the Holy Roman Empire. Legend has it that it belonged to Longinus, the Roman centurion who pierced Christ's side to ensure his death. Impregnated with his sacred blood, it became a symbol of divine legitimacy. For centuries, kings and emperors wore it as a sign of the power granted by God. Its possession was said to render the wearer invincible. This replica evokes the faith, glory and mystery of a time when religion and power were one and the same. A true witness to history, the Sainte Lance remains a mythical piece at the crossroads of the sacred and the legendary.<\/p>\n<h2>Other historical weapons on R\u00e9plique Manga Cin\u00e9<\/h2>\n<p>R\u00e9plique Manga Cin\u00e9 also offers an exceptional collection of faithfully reproduced historic weapons. Find the famous <a href=\"https:\/\/repliquemangacine.fr\/en\/antique-sword-swords\/fulham-roman-sword\/\">Fulham sword<\/a>a symbol of Roman military power. Its detailed reproduction pays tribute to the art of ancient combat and the skills of the blacksmiths of the time. Discover also the <a href=\"https:\/\/repliquemangacine.fr\/en\/antique-sword-swords\/mainz-gladius-tiber-sword\/\">Mainz Gladius,<\/a> known as Tiberius' sword, an emblematic piece of equipment for the Roman legionary. Its short, broad blade perfectly illustrates Rome's disciplined warfare techniques. Finally, let yourself be seduced by the historical reproduction of <a href=\"https:\/\/repliquemangacine.fr\/en\/antique-sword-swords\/feltwell-sword\/\">Feltwell's sword<\/a>a carefully recreated archaeological masterpiece. Each weapon is crafted with quality materials and an authentic finish. Thanks to these unique replicas, collectors can relive the grandeur of ancient civilizations and enrich their showcase with history and legend.<\/p>","protected":false},"excerpt":{"rendered":"<p>Top-quality museum replica of the Holy Lance, now housed in the Vienna Treasury.<\/p>\n<ul>\n<li>All steel<\/li>\n<li>The spear is wound with silver wire<\/li>\n<li>Brass centerplate with engravings.<\/li>\n<li>Latin engraving: LANCEA ET CLAVUS DOMINI , meaning \"The spear and the nail of the Lord\".<\/li>\n<li>Supplied without handle, but fits a handle with a diameter of approx. 2.5 cm.<\/li>\n<li>Total length: 47 cm - Weight: 950 g<\/li>\n<\/ul>","protected":false},"featured_media":89335,"template":"","meta":[],"product_brand":[],"product_cat":[25,84,73],"product_tag":[],"class_list":{"0":"post-89331","1":"product","2":"type-product","3":"status-publish","4":"has-post-thumbnail","6":"product_cat-armes-historiques","7":"product_cat-epee-templier-medievale","8":"product_cat-epees-glaives-antique","10":"first","11":"outofstock","12":"taxable","13":"shipping-taxable","14":"purchasable","15":"product-type-simple"},"yoast_head":"<!-- This site is optimized with the Yoast SEO plugin v27.4 - https:\/\/yoast.com\/product\/yoast-seo-wordpress\/ -->\n<title>La Sainte Lance - R\u00e9plique du mus\u00e9e de Vienne - R\u00e9plique Manga Cin\u00e9<\/title>\n<meta name=\"description\" content=\"D\u00e9couvrez la Sainte Lance, r\u00e9plique fid\u00e8le du tr\u00e9sor de Vienne. Une pi\u00e8ce historique symbolisant la foi, le pouvoir et la l\u00e9gende des empereurs.\" \/>\n<meta name=\"robots\" content=\"index, follow, max-snippet:-1, max-image-preview:large, max-video-preview:-1\" \/>\n<link rel=\"canonical\" href=\"https:\/\/repliquemangacine.fr\/en\/historical-weapons\/the-replica-holy-lance-from-the-vienna-museum\/\" \/>\n<meta property=\"og:locale\" content=\"en_US\" \/>\n<meta property=\"og:type\" content=\"article\" \/>\n<meta property=\"og:title\" content=\"La Sainte Lance - R\u00e9plique du mus\u00e9e de Vienne - R\u00e9plique Manga Cin\u00e9\" \/>\n<meta property=\"og:description\" content=\"D\u00e9couvrez la Sainte Lance, r\u00e9plique fid\u00e8le du tr\u00e9sor de Vienne. Une pi\u00e8ce historique symbolisant la foi, le pouvoir et la l\u00e9gende des empereurs.\" \/>\n<meta property=\"og:url\" content=\"https:\/\/repliquemangacine.fr\/en\/historical-weapons\/the-replica-holy-lance-from-the-vienna-museum\/\" \/>\n<meta property=\"og:site_name\" content=\"R\u00e9plique Manga Cin\u00e9\" \/>\n<meta property=\"article:publisher\" content=\"https:\/\/www.facebook.com\/RepliqueMangaCine\" \/>\n<meta property=\"article:modified_time\" content=\"2026-02-19T10:34:20+00:00\" \/>\n<meta property=\"og:image\" content=\"https:\/\/repliquemangacine.fr\/wp-content\/uploads\/2025\/10\/lance.jpg\" \/>\n\t<meta property=\"og:image:width\" content=\"700\" \/>\n\t<meta property=\"og:image:height\" content=\"700\" \/>\n\t<meta property=\"og:image:type\" content=\"image\/jpeg\" \/>\n<meta name=\"twitter:card\" content=\"summary_large_image\" \/>\n<meta name=\"twitter:label1\" content=\"Est. reading time\" \/>\n\t<meta name=\"twitter:data1\" content=\"3 minutes\" \/>\n<script type=\"application\/ld+json\" class=\"yoast-schema-graph\">{\"@context\":\"https:\\\/\\\/schema.org\",\"@graph\":[{\"@type\":\"WebPage\",\"@id\":\"https:\\\/\\\/repliquemangacine.fr\\\/armes-historiques\\\/la-sainte-lance-replique-du-musee-de-vienne\\\/\",\"url\":\"https:\\\/\\\/repliquemangacine.fr\\\/armes-historiques\\\/la-sainte-lance-replique-du-musee-de-vienne\\\/\",\"name\":\"La Sainte Lance - R\u00e9plique du mus\u00e9e de Vienne - R\u00e9plique Manga Cin\u00e9\",\"isPartOf\":{\"@id\":\"https:\\\/\\\/repliquemangacine.fr\\\/#website\"},\"primaryImageOfPage\":{\"@id\":\"https:\\\/\\\/repliquemangacine.fr\\\/armes-historiques\\\/la-sainte-lance-replique-du-musee-de-vienne\\\/#primaryimage\"},\"image\":{\"@id\":\"https:\\\/\\\/repliquemangacine.fr\\\/armes-historiques\\\/la-sainte-lance-replique-du-musee-de-vienne\\\/#primaryimage\"},\"thumbnailUrl\":\"https:\\\/\\\/repliquemangacine.fr\\\/wp-content\\\/uploads\\\/2025\\\/10\\\/lance.jpg\",\"datePublished\":\"2025-10-11T18:14:39+00:00\",\"dateModified\":\"2026-02-19T10:34:20+00:00\",\"description\":\"D\u00e9couvrez la Sainte Lance, r\u00e9plique fid\u00e8le du tr\u00e9sor de Vienne. Une pi\u00e8ce historique symbolisant la foi, le pouvoir et la l\u00e9gende des empereurs.\",\"breadcrumb\":{\"@id\":\"https:\\\/\\\/repliquemangacine.fr\\\/armes-historiques\\\/la-sainte-lance-replique-du-musee-de-vienne\\\/#breadcrumb\"},\"inLanguage\":\"en-US\",\"potentialAction\":[{\"@type\":\"ReadAction\",\"target\":[\"https:\\\/\\\/repliquemangacine.fr\\\/armes-historiques\\\/la-sainte-lance-replique-du-musee-de-vienne\\\/\"]}]},{\"@type\":\"ImageObject\",\"inLanguage\":\"en-US\",\"@id\":\"https:\\\/\\\/repliquemangacine.fr\\\/armes-historiques\\\/la-sainte-lance-replique-du-musee-de-vienne\\\/#primaryimage\",\"url\":\"https:\\\/\\\/repliquemangacine.fr\\\/wp-content\\\/uploads\\\/2025\\\/10\\\/lance.jpg\",\"contentUrl\":\"https:\\\/\\\/repliquemangacine.fr\\\/wp-content\\\/uploads\\\/2025\\\/10\\\/lance.jpg\",\"width\":700,\"height\":700,\"caption\":\"La Sainte Lance\"},{\"@type\":\"BreadcrumbList\",\"@id\":\"https:\\\/\\\/repliquemangacine.fr\\\/armes-historiques\\\/la-sainte-lance-replique-du-musee-de-vienne\\\/#breadcrumb\",\"itemListElement\":[{\"@type\":\"ListItem\",\"position\":1,\"name\":\"Accueil\",\"item\":\"https:\\\/\\\/repliquemangacine.fr\\\/\"},{\"@type\":\"ListItem\",\"position\":2,\"name\":\"Produits\",\"item\":\"https:\\\/\\\/repliquemangacine.fr\\\/boutique\\\/\"},{\"@type\":\"ListItem\",\"position\":3,\"name\":\"La Sainte Lance &#8211; R\u00e9plique du mus\u00e9e de Vienne\"}]},{\"@type\":\"WebSite\",\"@id\":\"https:\\\/\\\/repliquemangacine.fr\\\/#website\",\"url\":\"https:\\\/\\\/repliquemangacine.fr\\\/\",\"name\":\"R\u00e9plique Manga Cin\u00e9\",\"description\":\"\",\"publisher\":{\"@id\":\"https:\\\/\\\/repliquemangacine.fr\\\/#organization\"},\"potentialAction\":[{\"@type\":\"SearchAction\",\"target\":{\"@type\":\"EntryPoint\",\"urlTemplate\":\"https:\\\/\\\/repliquemangacine.fr\\\/?s={search_term_string}\"},\"query-input\":{\"@type\":\"PropertyValueSpecification\",\"valueRequired\":true,\"valueName\":\"search_term_string\"}}],\"inLanguage\":\"en-US\"},{\"@type\":\"Organization\",\"@id\":\"https:\\\/\\\/repliquemangacine.fr\\\/#organization\",\"name\":\"R\u00e9plique Manga Cin\u00e9\",\"url\":\"https:\\\/\\\/repliquemangacine.fr\\\/\",\"logo\":{\"@type\":\"ImageObject\",\"inLanguage\":\"en-US\",\"@id\":\"https:\\\/\\\/repliquemangacine.fr\\\/#\\\/schema\\\/logo\\\/image\\\/\",\"url\":\"https:\\\/\\\/repliquemangacine.fr\\\/wp-content\\\/uploads\\\/2023\\\/10\\\/RMC-500250.png\",\"contentUrl\":\"https:\\\/\\\/repliquemangacine.fr\\\/wp-content\\\/uploads\\\/2023\\\/10\\\/RMC-500250.png\",\"width\":500,\"height\":250,\"caption\":\"R\u00e9plique Manga Cin\u00e9\"},\"image\":{\"@id\":\"https:\\\/\\\/repliquemangacine.fr\\\/#\\\/schema\\\/logo\\\/image\\\/\"},\"sameAs\":[\"https:\\\/\\\/www.facebook.com\\\/RepliqueMangaCine\",\"https:\\\/\\\/www.instagram.com\\\/repliquemangacine.fr\\\/\"]}]}<\/script>\n<!-- \/ Yoast SEO plugin. -->","yoast_head_json":{"title":"The Holy Lance - Replica from the Vienna Museum - R\u00e9plique Manga Cin\u00e9","description":"Discover the Holy Lance, a faithful replica of the Treasure of Vienna. A historic piece symbolizing the faith, power and legend of the emperors.","robots":{"index":"index","follow":"follow","max-snippet":"max-snippet:-1","max-image-preview":"max-image-preview:large","max-video-preview":"max-video-preview:-1"},"canonical":"https:\/\/repliquemangacine.fr\/en\/historical-weapons\/the-replica-holy-lance-from-the-vienna-museum\/","og_locale":"en_US","og_type":"article","og_title":"La Sainte Lance - R\u00e9plique du mus\u00e9e de Vienne - R\u00e9plique Manga Cin\u00e9","og_description":"D\u00e9couvrez la Sainte Lance, r\u00e9plique fid\u00e8le du tr\u00e9sor de Vienne. Une pi\u00e8ce historique symbolisant la foi, le pouvoir et la l\u00e9gende des empereurs.","og_url":"https:\/\/repliquemangacine.fr\/en\/historical-weapons\/the-replica-holy-lance-from-the-vienna-museum\/","og_site_name":"R\u00e9plique Manga Cin\u00e9","article_publisher":"https:\/\/www.facebook.com\/RepliqueMangaCine","article_modified_time":"2026-02-19T10:34:20+00:00","og_image":[{"width":700,"height":700,"url":"https:\/\/repliquemangacine.fr\/wp-content\/uploads\/2025\/10\/lance.jpg","type":"image\/jpeg"}],"twitter_card":"summary_large_image","twitter_misc":{"Est. reading time":"3 minutes"},"schema":{"@context":"https:\/\/schema.org","@graph":[{"@type":"WebPage","@id":"https:\/\/repliquemangacine.fr\/armes-historiques\/la-sainte-lance-replique-du-musee-de-vienne\/","url":"https:\/\/repliquemangacine.fr\/armes-historiques\/la-sainte-lance-replique-du-musee-de-vienne\/","name":"The Holy Lance - Replica from the Vienna Museum - R\u00e9plique Manga Cin\u00e9","isPartOf":{"@id":"https:\/\/repliquemangacine.fr\/#website"},"primaryImageOfPage":{"@id":"https:\/\/repliquemangacine.fr\/armes-historiques\/la-sainte-lance-replique-du-musee-de-vienne\/#primaryimage"},"image":{"@id":"https:\/\/repliquemangacine.fr\/armes-historiques\/la-sainte-lance-replique-du-musee-de-vienne\/#primaryimage"},"thumbnailUrl":"https:\/\/repliquemangacine.fr\/wp-content\/uploads\/2025\/10\/lance.jpg","datePublished":"2025-10-11T18:14:39+00:00","dateModified":"2026-02-19T10:34:20+00:00","description":"Discover the Holy Lance, a faithful replica of the Treasure of Vienna. A historic piece symbolizing the faith, power and legend of the emperors.","breadcrumb":{"@id":"https:\/\/repliquemangacine.fr\/armes-historiques\/la-sainte-lance-replique-du-musee-de-vienne\/#breadcrumb"},"inLanguage":"en-US","potentialAction":[{"@type":"ReadAction","target":["https:\/\/repliquemangacine.fr\/armes-historiques\/la-sainte-lance-replique-du-musee-de-vienne\/"]}]},{"@type":"ImageObject","inLanguage":"en-US","@id":"https:\/\/repliquemangacine.fr\/armes-historiques\/la-sainte-lance-replique-du-musee-de-vienne\/#primaryimage","url":"https:\/\/repliquemangacine.fr\/wp-content\/uploads\/2025\/10\/lance.jpg","contentUrl":"https:\/\/repliquemangacine.fr\/wp-content\/uploads\/2025\/10\/lance.jpg","width":700,"height":700,"caption":"La Sainte Lance"},{"@type":"BreadcrumbList","@id":"https:\/\/repliquemangacine.fr\/armes-historiques\/la-sainte-lance-replique-du-musee-de-vienne\/#breadcrumb","itemListElement":[{"@type":"ListItem","position":1,"name":"Accueil","item":"https:\/\/repliquemangacine.fr\/"},{"@type":"ListItem","position":2,"name":"Produits","item":"https:\/\/repliquemangacine.fr\/boutique\/"},{"@type":"ListItem","position":3,"name":"La Sainte Lance &#8211; R\u00e9plique du mus\u00e9e de Vienne"}]},{"@type":"WebSite","@id":"https:\/\/repliquemangacine.fr\/#website","url":"https:\/\/repliquemangacine.fr\/","name":"R\u00e9plique Manga Cin\u00e9","description":"","publisher":{"@id":"https:\/\/repliquemangacine.fr\/#organization"},"potentialAction":[{"@type":"SearchAction","target":{"@type":"EntryPoint","urlTemplate":"https:\/\/repliquemangacine.fr\/?s={search_term_string}"},"query-input":{"@type":"PropertyValueSpecification","valueRequired":true,"valueName":"search_term_string"}}],"inLanguage":"en-US"},{"@type":"Organization","@id":"https:\/\/repliquemangacine.fr\/#organization","name":"R\u00e9plique Manga Cin\u00e9","url":"https:\/\/repliquemangacine.fr\/","logo":{"@type":"ImageObject","inLanguage":"en-US","@id":"https:\/\/repliquemangacine.fr\/#\/schema\/logo\/image\/","url":"https:\/\/repliquemangacine.fr\/wp-content\/uploads\/2023\/10\/RMC-500250.png","contentUrl":"https:\/\/repliquemangacine.fr\/wp-content\/uploads\/2023\/10\/RMC-500250.png","width":500,"height":250,"caption":"R\u00e9plique Manga Cin\u00e9"},"image":{"@id":"https:\/\/repliquemangacine.fr\/#\/schema\/logo\/image\/"},"sameAs":["https:\/\/www.facebook.com\/RepliqueMangaCine","https:\/\/www.instagram.com\/repliquemangacine.fr\/"]}]}},"_links":{"self":[{"href":"https:\/\/repliquemangacine.fr\/en\/wp-json\/wp\/v2\/product\/89331","targetHints":{"allow":["GET"]}}],"collection":[{"href":"https:\/\/repliquemangacine.fr\/en\/wp-json\/wp\/v2\/product"}],"about":[{"href":"https:\/\/repliquemangacine.fr\/en\/wp-json\/wp\/v2\/types\/product"}],"wp:featuredmedia":[{"embeddable":true,"href":"https:\/\/repliquemangacine.fr\/en\/wp-json\/wp\/v2\/media\/89335"}],"wp:attachment":[{"href":"https:\/\/repliquemangacine.fr\/en\/wp-json\/wp\/v2\/media?parent=89331"}],"wp:term":[{"taxonomy":"product_brand","embeddable":true,"href":"https:\/\/repliquemangacine.fr\/en\/wp-json\/wp\/v2\/product_brand?post=89331"},{"taxonomy":"product_cat","embeddable":true,"href":"https:\/\/repliquemangacine.fr\/en\/wp-json\/wp\/v2\/product_cat?post=89331"},{"taxonomy":"product_tag","embeddable":true,"href":"https:\/\/repliquemangacine.fr\/en\/wp-json\/wp\/v2\/product_tag?post=89331"}],"curies":[{"name":"wp","href":"https:\/\/api.w.org\/{rel}","templated":true}]}}