





{"id":89324,"date":"2025-10-11T18:37:00","date_gmt":"2025-10-11T16:37:00","guid":{"rendered":"https:\/\/repliquemangacine.fr\/?post_type=product&#038;p=89324"},"modified":"2026-02-19T11:34:50","modified_gmt":"2026-02-19T10:34:50","slug":"dagger-assassins-creed-scabbard","status":"publish","type":"product","link":"https:\/\/repliquemangacine.fr\/en\/armes-assassins-creed\/dague-assassins-creed-fourreau\/","title":{"rendered":"Assassin's Creed Sheath Dagger"},"content":{"rendered":"<h2>Assassin's Creed dagger and scabbard back<\/h2>\n<p>First of all, the <strong>Alta\u00efr's Assassin's Creed dagger<\/strong> is a remarkable collector's item. Its steel blade, finely engraved with stars, is an immediate eye-catcher. The handle, in black-painted solid metal, features subtle chips for an authentic aged effect. This finish gives the knife its distinctive character. The brown imitation leather sheath completes the ensemble with elegance. Its adjustable strap makes it easy to wear on the back. Antique metal buckles, rings and rivets add to its realistic look. This replica combines sturdiness, aesthetics and authenticity. It will appeal to gaming enthusiasts and discerning collectors alike. With its meticulous detail and unique style, this dagger is the perfect embodiment of the legendary world of Assassin's Creed.<\/p>\n<h2>Alta\u00efr, the emblematic Master Assassin<\/h2>\n<p>To get started, <a href=\"https:\/\/assassinscreed.fandom.com\/fr\/wiki\/Alta%C3%AFr_Ibn-La%27Ahad\" target=\"_blank\" rel=\"noopener noreferrer\">Alta\u00efr Ibn-La'Ahad,<\/a>\u00a0the legendary hero of the first Assassin's Creed. He embodies wisdom, discretion and precision. Trained as an Assassin from birth, Altair became one of the youngest Assassin Masters at the age of twenty-five. His dagger is much more than a weapon: it's a symbol of justice and loyalty. Used in the shadows, it exemplifies the art of silent combat. Alta\u00efr's every move is calculated, swift and precise. His blade, light and sharp, enables him to eliminate his targets with efficiency. This weapon represents his commitment to the Assassin Brotherhood. It also symbolizes his quest for redemption and truth. So, to own this dagger is to honor one of the saga's greatest master assassins. It links the collector directly to the spirit of the credo: \"Nothing is true, everything is permitted.\"<\/p>\n<h2>Assassin's Creed weapons on R\u00e9plique Manga Cin\u00e9<\/h2>\n<p>R\u00e9plique Manga Cin\u00e9 offers a unique collection of weapons from the famous Assassin's Creed saga. Discover also the<a href=\"https:\/\/repliquemangacine.fr\/en\/weapons-assassins-creed\/altair-sword-assassins-creed\/\">Alta\u00efr sword<\/a>faithful to that of the legendary Assassin. Discover the <a href=\"https:\/\/repliquemangacine.fr\/en\/weapons-assassins-creed\/assassin-s-creed-odyssey-replique-lance-brisee-de-leonidas\/\">Leonidas' broken spear<\/a> from Assassin's Creed Odyssey, a symbol of courage and Spartan heritage. Not forgetting Connor's axe, the famous <a href=\"https:\/\/repliquemangacine.fr\/en\/weapons-assassins-creed\/tomahawk-of-assassins-assassins-creed-3\/\">Assassins' Tomahawk<\/a> of Assassin's Creed III, with a formidable design. You'll also find other collector's items from the saga. Each replica is carefully crafted to offer authenticity and immersion. These mythical weapons will appeal to collectors and fans of the game alike. Finally, many new items are already in the pipeline to enrich the range. Thanks to these pieces, every enthusiast can extend the Assassin's Creed adventure through time and legends.<\/p>","protected":false},"excerpt":{"rendered":"<p>Magnificent set of Alta\u00efr dagger and back scabbard<\/p>\n<ul>\n<li>Non-edged steel blade with clearly visible engraving of star motifs.<\/li>\n<li>Handle in black-painted solid steel, features subtle chips for an aged effect<\/li>\n<li>Brown leatherette back scabbard with adjustable strap.<\/li>\n<li>Metal buckles, rings and rivets add to its realistic look.<\/li>\n<li>Blade length: 36.5cm - Total length: 52 cm<\/li>\n<li>Weight: 370 g dagger alone<\/li>\n<\/ul>","protected":false},"featured_media":89325,"template":"","meta":[],"product_brand":[],"product_cat":[836,48],"product_tag":[],"class_list":{"0":"post-89324","1":"product","2":"type-product","3":"status-publish","4":"has-post-thumbnail","6":"product_cat-armes-assassins-creed","7":"product_cat-epees-assassins-creed-armes-assassins-creed","9":"first","10":"instock","11":"taxable","12":"shipping-taxable","13":"purchasable","14":"product-type-simple"},"yoast_head":"<!-- This site is optimized with the Yoast SEO plugin v27.4 - https:\/\/yoast.com\/product\/yoast-seo-wordpress\/ -->\n<title>Dague Assassin&#039;s Creed Fourreau - R\u00e9plique Manga Cin\u00e9<\/title>\n<meta name=\"description\" content=\"D\u00e9couvrez la dague d\u2019Assassin\u2019s Creed d\u2019Alta\u00efr avec fourreau dorsal. Lame en acier grav\u00e9e, poign\u00e9e m\u00e9tal vieilli et design fid\u00e8le au jeu culte.\" \/>\n<meta name=\"robots\" content=\"index, follow, max-snippet:-1, max-image-preview:large, max-video-preview:-1\" \/>\n<link rel=\"canonical\" href=\"https:\/\/repliquemangacine.fr\/en\/weapons-assassins-creed\/dagger-assassins-creed-scabbard\/\" \/>\n<meta property=\"og:locale\" content=\"en_US\" \/>\n<meta property=\"og:type\" content=\"article\" \/>\n<meta property=\"og:title\" content=\"Dague Assassin&#039;s Creed Fourreau - R\u00e9plique Manga Cin\u00e9\" \/>\n<meta property=\"og:description\" content=\"D\u00e9couvrez la dague d\u2019Assassin\u2019s Creed d\u2019Alta\u00efr avec fourreau dorsal. Lame en acier grav\u00e9e, poign\u00e9e m\u00e9tal vieilli et design fid\u00e8le au jeu culte.\" \/>\n<meta property=\"og:url\" content=\"https:\/\/repliquemangacine.fr\/en\/weapons-assassins-creed\/dagger-assassins-creed-scabbard\/\" \/>\n<meta property=\"og:site_name\" content=\"R\u00e9plique Manga Cin\u00e9\" \/>\n<meta property=\"article:publisher\" content=\"https:\/\/www.facebook.com\/RepliqueMangaCine\" \/>\n<meta property=\"article:modified_time\" content=\"2026-02-19T10:34:50+00:00\" \/>\n<meta property=\"og:image\" content=\"https:\/\/repliquemangacine.fr\/wp-content\/uploads\/2025\/10\/Dague-Assassins-Creed-avec-fourreau.jpg\" \/>\n\t<meta property=\"og:image:width\" content=\"700\" \/>\n\t<meta property=\"og:image:height\" content=\"700\" \/>\n\t<meta property=\"og:image:type\" content=\"image\/jpeg\" \/>\n<meta name=\"twitter:card\" content=\"summary_large_image\" \/>\n<meta name=\"twitter:label1\" content=\"Est. reading time\" \/>\n\t<meta name=\"twitter:data1\" content=\"3 minutes\" \/>\n<script type=\"application\/ld+json\" class=\"yoast-schema-graph\">{\"@context\":\"https:\\\/\\\/schema.org\",\"@graph\":[{\"@type\":\"WebPage\",\"@id\":\"https:\\\/\\\/repliquemangacine.fr\\\/armes-assassins-creed\\\/dague-assassins-creed-fourreau\\\/\",\"url\":\"https:\\\/\\\/repliquemangacine.fr\\\/armes-assassins-creed\\\/dague-assassins-creed-fourreau\\\/\",\"name\":\"Dague Assassin's Creed Fourreau - R\u00e9plique Manga Cin\u00e9\",\"isPartOf\":{\"@id\":\"https:\\\/\\\/repliquemangacine.fr\\\/#website\"},\"primaryImageOfPage\":{\"@id\":\"https:\\\/\\\/repliquemangacine.fr\\\/armes-assassins-creed\\\/dague-assassins-creed-fourreau\\\/#primaryimage\"},\"image\":{\"@id\":\"https:\\\/\\\/repliquemangacine.fr\\\/armes-assassins-creed\\\/dague-assassins-creed-fourreau\\\/#primaryimage\"},\"thumbnailUrl\":\"https:\\\/\\\/repliquemangacine.fr\\\/wp-content\\\/uploads\\\/2025\\\/10\\\/Dague-Assassins-Creed-avec-fourreau.jpg\",\"datePublished\":\"2025-10-11T16:37:00+00:00\",\"dateModified\":\"2026-02-19T10:34:50+00:00\",\"description\":\"D\u00e9couvrez la dague d\u2019Assassin\u2019s Creed d\u2019Alta\u00efr avec fourreau dorsal. Lame en acier grav\u00e9e, poign\u00e9e m\u00e9tal vieilli et design fid\u00e8le au jeu culte.\",\"breadcrumb\":{\"@id\":\"https:\\\/\\\/repliquemangacine.fr\\\/armes-assassins-creed\\\/dague-assassins-creed-fourreau\\\/#breadcrumb\"},\"inLanguage\":\"en-US\",\"potentialAction\":[{\"@type\":\"ReadAction\",\"target\":[\"https:\\\/\\\/repliquemangacine.fr\\\/armes-assassins-creed\\\/dague-assassins-creed-fourreau\\\/\"]}]},{\"@type\":\"ImageObject\",\"inLanguage\":\"en-US\",\"@id\":\"https:\\\/\\\/repliquemangacine.fr\\\/armes-assassins-creed\\\/dague-assassins-creed-fourreau\\\/#primaryimage\",\"url\":\"https:\\\/\\\/repliquemangacine.fr\\\/wp-content\\\/uploads\\\/2025\\\/10\\\/Dague-Assassins-Creed-avec-fourreau.jpg\",\"contentUrl\":\"https:\\\/\\\/repliquemangacine.fr\\\/wp-content\\\/uploads\\\/2025\\\/10\\\/Dague-Assassins-Creed-avec-fourreau.jpg\",\"width\":700,\"height\":700,\"caption\":\"Dague Assassin's Creed fourreau dorsal\"},{\"@type\":\"BreadcrumbList\",\"@id\":\"https:\\\/\\\/repliquemangacine.fr\\\/armes-assassins-creed\\\/dague-assassins-creed-fourreau\\\/#breadcrumb\",\"itemListElement\":[{\"@type\":\"ListItem\",\"position\":1,\"name\":\"Accueil\",\"item\":\"https:\\\/\\\/repliquemangacine.fr\\\/\"},{\"@type\":\"ListItem\",\"position\":2,\"name\":\"Produits\",\"item\":\"https:\\\/\\\/repliquemangacine.fr\\\/boutique\\\/\"},{\"@type\":\"ListItem\",\"position\":3,\"name\":\"Dague Assassin&#8217;s Creed Fourreau\"}]},{\"@type\":\"WebSite\",\"@id\":\"https:\\\/\\\/repliquemangacine.fr\\\/#website\",\"url\":\"https:\\\/\\\/repliquemangacine.fr\\\/\",\"name\":\"R\u00e9plique Manga Cin\u00e9\",\"description\":\"\",\"publisher\":{\"@id\":\"https:\\\/\\\/repliquemangacine.fr\\\/#organization\"},\"potentialAction\":[{\"@type\":\"SearchAction\",\"target\":{\"@type\":\"EntryPoint\",\"urlTemplate\":\"https:\\\/\\\/repliquemangacine.fr\\\/?s={search_term_string}\"},\"query-input\":{\"@type\":\"PropertyValueSpecification\",\"valueRequired\":true,\"valueName\":\"search_term_string\"}}],\"inLanguage\":\"en-US\"},{\"@type\":\"Organization\",\"@id\":\"https:\\\/\\\/repliquemangacine.fr\\\/#organization\",\"name\":\"R\u00e9plique Manga Cin\u00e9\",\"url\":\"https:\\\/\\\/repliquemangacine.fr\\\/\",\"logo\":{\"@type\":\"ImageObject\",\"inLanguage\":\"en-US\",\"@id\":\"https:\\\/\\\/repliquemangacine.fr\\\/#\\\/schema\\\/logo\\\/image\\\/\",\"url\":\"https:\\\/\\\/repliquemangacine.fr\\\/wp-content\\\/uploads\\\/2023\\\/10\\\/RMC-500250.png\",\"contentUrl\":\"https:\\\/\\\/repliquemangacine.fr\\\/wp-content\\\/uploads\\\/2023\\\/10\\\/RMC-500250.png\",\"width\":500,\"height\":250,\"caption\":\"R\u00e9plique Manga Cin\u00e9\"},\"image\":{\"@id\":\"https:\\\/\\\/repliquemangacine.fr\\\/#\\\/schema\\\/logo\\\/image\\\/\"},\"sameAs\":[\"https:\\\/\\\/www.facebook.com\\\/RepliqueMangaCine\",\"https:\\\/\\\/www.instagram.com\\\/repliquemangacine.fr\\\/\"]}]}<\/script>\n<!-- \/ Yoast SEO plugin. -->","yoast_head_json":{"title":"Assassin's Creed Sheath Dagger - R\u00e9plique Manga Cin\u00e9","description":"Discover Alta\u00efr's Assassin's Creed dagger with back scabbard. Engraved steel blade, aged metal handle and design faithful to the cult game.","robots":{"index":"index","follow":"follow","max-snippet":"max-snippet:-1","max-image-preview":"max-image-preview:large","max-video-preview":"max-video-preview:-1"},"canonical":"https:\/\/repliquemangacine.fr\/en\/weapons-assassins-creed\/dagger-assassins-creed-scabbard\/","og_locale":"en_US","og_type":"article","og_title":"Dague Assassin's Creed Fourreau - R\u00e9plique Manga Cin\u00e9","og_description":"D\u00e9couvrez la dague d\u2019Assassin\u2019s Creed d\u2019Alta\u00efr avec fourreau dorsal. Lame en acier grav\u00e9e, poign\u00e9e m\u00e9tal vieilli et design fid\u00e8le au jeu culte.","og_url":"https:\/\/repliquemangacine.fr\/en\/weapons-assassins-creed\/dagger-assassins-creed-scabbard\/","og_site_name":"R\u00e9plique Manga Cin\u00e9","article_publisher":"https:\/\/www.facebook.com\/RepliqueMangaCine","article_modified_time":"2026-02-19T10:34:50+00:00","og_image":[{"width":700,"height":700,"url":"https:\/\/repliquemangacine.fr\/wp-content\/uploads\/2025\/10\/Dague-Assassins-Creed-avec-fourreau.jpg","type":"image\/jpeg"}],"twitter_card":"summary_large_image","twitter_misc":{"Est. reading time":"3 minutes"},"schema":{"@context":"https:\/\/schema.org","@graph":[{"@type":"WebPage","@id":"https:\/\/repliquemangacine.fr\/armes-assassins-creed\/dague-assassins-creed-fourreau\/","url":"https:\/\/repliquemangacine.fr\/armes-assassins-creed\/dague-assassins-creed-fourreau\/","name":"Assassin's Creed Sheath Dagger - R\u00e9plique Manga Cin\u00e9","isPartOf":{"@id":"https:\/\/repliquemangacine.fr\/#website"},"primaryImageOfPage":{"@id":"https:\/\/repliquemangacine.fr\/armes-assassins-creed\/dague-assassins-creed-fourreau\/#primaryimage"},"image":{"@id":"https:\/\/repliquemangacine.fr\/armes-assassins-creed\/dague-assassins-creed-fourreau\/#primaryimage"},"thumbnailUrl":"https:\/\/repliquemangacine.fr\/wp-content\/uploads\/2025\/10\/Dague-Assassins-Creed-avec-fourreau.jpg","datePublished":"2025-10-11T16:37:00+00:00","dateModified":"2026-02-19T10:34:50+00:00","description":"Discover Alta\u00efr's Assassin's Creed dagger with back scabbard. Engraved steel blade, aged metal handle and design faithful to the cult game.","breadcrumb":{"@id":"https:\/\/repliquemangacine.fr\/armes-assassins-creed\/dague-assassins-creed-fourreau\/#breadcrumb"},"inLanguage":"en-US","potentialAction":[{"@type":"ReadAction","target":["https:\/\/repliquemangacine.fr\/armes-assassins-creed\/dague-assassins-creed-fourreau\/"]}]},{"@type":"ImageObject","inLanguage":"en-US","@id":"https:\/\/repliquemangacine.fr\/armes-assassins-creed\/dague-assassins-creed-fourreau\/#primaryimage","url":"https:\/\/repliquemangacine.fr\/wp-content\/uploads\/2025\/10\/Dague-Assassins-Creed-avec-fourreau.jpg","contentUrl":"https:\/\/repliquemangacine.fr\/wp-content\/uploads\/2025\/10\/Dague-Assassins-Creed-avec-fourreau.jpg","width":700,"height":700,"caption":"Dague Assassin's Creed fourreau dorsal"},{"@type":"BreadcrumbList","@id":"https:\/\/repliquemangacine.fr\/armes-assassins-creed\/dague-assassins-creed-fourreau\/#breadcrumb","itemListElement":[{"@type":"ListItem","position":1,"name":"Accueil","item":"https:\/\/repliquemangacine.fr\/"},{"@type":"ListItem","position":2,"name":"Produits","item":"https:\/\/repliquemangacine.fr\/boutique\/"},{"@type":"ListItem","position":3,"name":"Dague Assassin&#8217;s Creed Fourreau"}]},{"@type":"WebSite","@id":"https:\/\/repliquemangacine.fr\/#website","url":"https:\/\/repliquemangacine.fr\/","name":"R\u00e9plique Manga Cin\u00e9","description":"","publisher":{"@id":"https:\/\/repliquemangacine.fr\/#organization"},"potentialAction":[{"@type":"SearchAction","target":{"@type":"EntryPoint","urlTemplate":"https:\/\/repliquemangacine.fr\/?s={search_term_string}"},"query-input":{"@type":"PropertyValueSpecification","valueRequired":true,"valueName":"search_term_string"}}],"inLanguage":"en-US"},{"@type":"Organization","@id":"https:\/\/repliquemangacine.fr\/#organization","name":"R\u00e9plique Manga Cin\u00e9","url":"https:\/\/repliquemangacine.fr\/","logo":{"@type":"ImageObject","inLanguage":"en-US","@id":"https:\/\/repliquemangacine.fr\/#\/schema\/logo\/image\/","url":"https:\/\/repliquemangacine.fr\/wp-content\/uploads\/2023\/10\/RMC-500250.png","contentUrl":"https:\/\/repliquemangacine.fr\/wp-content\/uploads\/2023\/10\/RMC-500250.png","width":500,"height":250,"caption":"R\u00e9plique Manga Cin\u00e9"},"image":{"@id":"https:\/\/repliquemangacine.fr\/#\/schema\/logo\/image\/"},"sameAs":["https:\/\/www.facebook.com\/RepliqueMangaCine","https:\/\/www.instagram.com\/repliquemangacine.fr\/"]}]}},"_links":{"self":[{"href":"https:\/\/repliquemangacine.fr\/en\/wp-json\/wp\/v2\/product\/89324","targetHints":{"allow":["GET"]}}],"collection":[{"href":"https:\/\/repliquemangacine.fr\/en\/wp-json\/wp\/v2\/product"}],"about":[{"href":"https:\/\/repliquemangacine.fr\/en\/wp-json\/wp\/v2\/types\/product"}],"wp:featuredmedia":[{"embeddable":true,"href":"https:\/\/repliquemangacine.fr\/en\/wp-json\/wp\/v2\/media\/89325"}],"wp:attachment":[{"href":"https:\/\/repliquemangacine.fr\/en\/wp-json\/wp\/v2\/media?parent=89324"}],"wp:term":[{"taxonomy":"product_brand","embeddable":true,"href":"https:\/\/repliquemangacine.fr\/en\/wp-json\/wp\/v2\/product_brand?post=89324"},{"taxonomy":"product_cat","embeddable":true,"href":"https:\/\/repliquemangacine.fr\/en\/wp-json\/wp\/v2\/product_cat?post=89324"},{"taxonomy":"product_tag","embeddable":true,"href":"https:\/\/repliquemangacine.fr\/en\/wp-json\/wp\/v2\/product_tag?post=89324"}],"curies":[{"name":"wp","href":"https:\/\/api.w.org\/{rel}","templated":true}]}}