





{"id":89295,"date":"2025-10-10T18:31:58","date_gmt":"2025-10-10T16:31:58","guid":{"rendered":"https:\/\/repliquemangacine.fr\/?post_type=product&#038;p=89295"},"modified":"2026-05-01T19:27:26","modified_gmt":"2026-05-01T17:27:26","slug":"set-katana-blue-sakai-epee-de-jin-ghost-of-tsushima","status":"publish","type":"product","link":"https:\/\/repliquemangacine.fr\/en\/katana-et-epee-de-jeux-video-autre-jeux-video\/set-katana-blue-sakai-epee-de-jin-ghost-of-tsushima\/","title":{"rendered":"Set katana Blue Sakai- Jin sword"},"content":{"rendered":"<h2>Blue Sakai Ghost of Tsushima katana set - Jin Sakai's legendary weapon<\/h2>\n<p>First and foremost, this Blue Sakai Ghost of Tsushima katana set pays tribute to the immersive world of the famous video game. Comprising a matching katana and wakizashi, it combines beauty, authenticity and a top-of-the-range finish. The katana represents the nobility and power of frontal combat, while the shorter wakizashi symbolizes the precision and mastery of close combat.<br \/>\nThe design of the set faithfully reflects the aesthetics of the game.<\/p>\n<p>The white woven handles ensure an excellent grip while recalling traditional Japanese style. In addition, the black and blue lacquered sheaths are adorned with elegant motifs inspired by the waves of Tsushima. Finally, gold and silver details on the guard and tip enhance this set, which comes complete with display stand.<\/p>\n<h2>Jin Sakai, the Phantom of Tsushima and his iconic katana<\/h2>\n<p>In <a href=\"https:\/\/ghost-of-tsushima.fandom.com\/fr\/wiki\/Ghost_of_Tsushima\" target=\"_blank\" rel=\"noopener noreferrer\">Ghost of Tsushima<\/a>, The hero Jin Sakai represents the struggle between honor and survival. Gradually, he abandons the strict samurai code to become the Phantom, a cunning and feared warrior. His katana embodies his metamorphosis: a symbol of courage, adaptation and resistance in the face of the Mongol enemy. Assassinations, the use of explosive or poisoned weapons, the Phantom becomes a true legend across the island, and a symbol of hope for all its inhabitants.<\/p>\n<p>So to own this replica is to celebrate the nobility of a man who chooses to fight for the freedom of his people.<\/p>\n<h2>Other mythical replicas to discover on R\u00e9plique Manga Cin\u00e9<\/h2>\n<p>On the R\u00e9plique Manga Cin\u00e9 website, you'll also find a host of replicas from the world's greatest video games.<br \/>\nIn addition to this exceptional set, discover the\u2019<a href=\"https:\/\/repliquemangacine.fr\/en\/katana-and-video-game-sword-other-video-games\/ghost-of-tsushima-jin-sword\/\">Jin Sakai sword alone<\/a>both <a href=\"https:\/\/repliquemangacine.fr\/en\/katana-and-video-game-sword-other-video-games\/epees-darcher-yin-yang-fate-stay-night\/\">Archer swords in Fate Stay Night<\/a>or the <a href=\"https:\/\/repliquemangacine.fr\/en\/katana-and-video-game-sword-other-video-games\/epee-red-queen-devil-my-cry\/\">Nero's Red Queen in Devil May Cry<\/a>.<br \/>\nAnd that's not all! Numerous legendary weapons and collectors' items await you to enrich your collection.<br \/>\nIn short, R\u00e9plique Manga Cin\u00e9 plunges you into the heart of the most emblematic videogame universes with exceptional pieces.<\/p>","protected":false},"excerpt":{"rendered":"<p>Absolutely magnificent, this Blue Sakai katana set, Jin's sword in Ghost of Tsushima.<\/p>\n<ul>\n<li>Blades in two-tone 440 stainless steel<\/li>\n<li>Imitation ray skin handles surrounded by white cotton braid<\/li>\n<li>The guards are in finely engraved solid steel.<\/li>\n<li>Black lacquered wood sheaths with elegant Tsushima wave motifs<\/li>\n<li>At the bottom of the sheaths is a wave-shaped piece of aluminium.<\/li>\n<li>Supplied with 2-seater stand.<\/li>\n<li><strong>Wakizashi<\/strong> 47 cm blade - Total length: 80 cm with scabbard<\/li>\n<li><strong>Katana<\/strong> Blade: 68 cm - Total length: 103 cm with scabbard<\/li>\n<\/ul>","protected":false},"featured_media":89298,"template":"","meta":[],"product_brand":[],"product_cat":[32,67],"product_tag":[],"class_list":{"0":"post-89295","1":"product","2":"type-product","3":"status-publish","4":"has-post-thumbnail","6":"product_cat-katana-decoration","7":"product_cat-katana-et-epee-de-jeux-video-autre-jeux-video","9":"first","10":"instock","11":"taxable","12":"shipping-taxable","13":"purchasable","14":"product-type-simple"},"yoast_head":"<!-- This site is optimized with the Yoast SEO plugin v27.5 - https:\/\/yoast.com\/product\/yoast-seo-wordpress\/ -->\n<title>Set katana Blue Sakai- Ep\u00e9e de jin - R\u00e9plique Manga Cin\u00e9<\/title>\n<meta name=\"description\" content=\"Incarne le Fant\u00f4me de Tsushima ! Set katana Blue Sakai fid\u00e8le au jeu vid\u00e9o culte Ghost of Tsushima. Version luxe comprenant Katana, Wakizashi et support.\" \/>\n<meta name=\"robots\" content=\"index, follow, max-snippet:-1, max-image-preview:large, max-video-preview:-1\" \/>\n<link rel=\"canonical\" href=\"https:\/\/repliquemangacine.fr\/en\/katana-and-video-game-sword-other-video-games\/set-katana-blue-sakai-epee-de-jin-ghost-of-tsushima\/\" \/>\n<meta property=\"og:locale\" content=\"en_US\" \/>\n<meta property=\"og:type\" content=\"article\" \/>\n<meta property=\"og:title\" content=\"Set katana Blue Sakai- Ep\u00e9e de jin - R\u00e9plique Manga Cin\u00e9\" \/>\n<meta property=\"og:description\" content=\"Incarne le Fant\u00f4me de Tsushima ! Set katana Blue Sakai fid\u00e8le au jeu vid\u00e9o culte Ghost of Tsushima. Version luxe comprenant Katana, Wakizashi et support.\" \/>\n<meta property=\"og:url\" content=\"https:\/\/repliquemangacine.fr\/en\/katana-and-video-game-sword-other-video-games\/set-katana-blue-sakai-epee-de-jin-ghost-of-tsushima\/\" \/>\n<meta property=\"og:site_name\" content=\"R\u00e9plique Manga Cin\u00e9\" \/>\n<meta property=\"article:publisher\" content=\"https:\/\/www.facebook.com\/RepliqueMangaCine\" \/>\n<meta property=\"article:modified_time\" content=\"2026-05-01T17:27:26+00:00\" \/>\n<meta property=\"og:image\" content=\"https:\/\/repliquemangacine.fr\/wp-content\/uploads\/2025\/10\/Set-Katana-Wakizashi-Jin.jpg\" \/>\n\t<meta property=\"og:image:width\" content=\"600\" \/>\n\t<meta property=\"og:image:height\" content=\"600\" \/>\n\t<meta property=\"og:image:type\" content=\"image\/jpeg\" \/>\n<meta name=\"twitter:card\" content=\"summary_large_image\" \/>\n<meta name=\"twitter:label1\" content=\"Est. reading time\" \/>\n\t<meta name=\"twitter:data1\" content=\"2 minutes\" \/>\n<script type=\"application\/ld+json\" class=\"yoast-schema-graph\">{\"@context\":\"https:\\\/\\\/schema.org\",\"@graph\":[{\"@type\":\"WebPage\",\"@id\":\"https:\\\/\\\/repliquemangacine.fr\\\/katana-et-epee-de-jeux-video-autre-jeux-video\\\/set-katana-blue-sakai-epee-de-jin-ghost-of-tsushima\\\/\",\"url\":\"https:\\\/\\\/repliquemangacine.fr\\\/katana-et-epee-de-jeux-video-autre-jeux-video\\\/set-katana-blue-sakai-epee-de-jin-ghost-of-tsushima\\\/\",\"name\":\"Set katana Blue Sakai- Ep\u00e9e de jin - R\u00e9plique Manga Cin\u00e9\",\"isPartOf\":{\"@id\":\"https:\\\/\\\/repliquemangacine.fr\\\/#website\"},\"primaryImageOfPage\":{\"@id\":\"https:\\\/\\\/repliquemangacine.fr\\\/katana-et-epee-de-jeux-video-autre-jeux-video\\\/set-katana-blue-sakai-epee-de-jin-ghost-of-tsushima\\\/#primaryimage\"},\"image\":{\"@id\":\"https:\\\/\\\/repliquemangacine.fr\\\/katana-et-epee-de-jeux-video-autre-jeux-video\\\/set-katana-blue-sakai-epee-de-jin-ghost-of-tsushima\\\/#primaryimage\"},\"thumbnailUrl\":\"https:\\\/\\\/repliquemangacine.fr\\\/wp-content\\\/uploads\\\/2025\\\/10\\\/Set-Katana-Wakizashi-Jin.jpg\",\"datePublished\":\"2025-10-10T16:31:58+00:00\",\"dateModified\":\"2026-05-01T17:27:26+00:00\",\"description\":\"Incarne le Fant\u00f4me de Tsushima ! Set katana Blue Sakai fid\u00e8le au jeu vid\u00e9o culte Ghost of Tsushima. Version luxe comprenant Katana, Wakizashi et support.\",\"breadcrumb\":{\"@id\":\"https:\\\/\\\/repliquemangacine.fr\\\/katana-et-epee-de-jeux-video-autre-jeux-video\\\/set-katana-blue-sakai-epee-de-jin-ghost-of-tsushima\\\/#breadcrumb\"},\"inLanguage\":\"en-US\",\"potentialAction\":[{\"@type\":\"ReadAction\",\"target\":[\"https:\\\/\\\/repliquemangacine.fr\\\/katana-et-epee-de-jeux-video-autre-jeux-video\\\/set-katana-blue-sakai-epee-de-jin-ghost-of-tsushima\\\/\"]}]},{\"@type\":\"ImageObject\",\"inLanguage\":\"en-US\",\"@id\":\"https:\\\/\\\/repliquemangacine.fr\\\/katana-et-epee-de-jeux-video-autre-jeux-video\\\/set-katana-blue-sakai-epee-de-jin-ghost-of-tsushima\\\/#primaryimage\",\"url\":\"https:\\\/\\\/repliquemangacine.fr\\\/wp-content\\\/uploads\\\/2025\\\/10\\\/Set-Katana-Wakizashi-Jin.jpg\",\"contentUrl\":\"https:\\\/\\\/repliquemangacine.fr\\\/wp-content\\\/uploads\\\/2025\\\/10\\\/Set-Katana-Wakizashi-Jin.jpg\",\"width\":600,\"height\":600,\"caption\":\"Set katana Blue Sakai, katana, wakizashi et support dans Ghost of Tsushima\"},{\"@type\":\"BreadcrumbList\",\"@id\":\"https:\\\/\\\/repliquemangacine.fr\\\/katana-et-epee-de-jeux-video-autre-jeux-video\\\/set-katana-blue-sakai-epee-de-jin-ghost-of-tsushima\\\/#breadcrumb\",\"itemListElement\":[{\"@type\":\"ListItem\",\"position\":1,\"name\":\"Accueil\",\"item\":\"https:\\\/\\\/repliquemangacine.fr\\\/\"},{\"@type\":\"ListItem\",\"position\":2,\"name\":\"Produits\",\"item\":\"https:\\\/\\\/repliquemangacine.fr\\\/boutique\\\/\"},{\"@type\":\"ListItem\",\"position\":3,\"name\":\"Set katana Blue Sakai- Ep\u00e9e de jin\"}]},{\"@type\":\"WebSite\",\"@id\":\"https:\\\/\\\/repliquemangacine.fr\\\/#website\",\"url\":\"https:\\\/\\\/repliquemangacine.fr\\\/\",\"name\":\"R\u00e9plique Manga Cin\u00e9\",\"description\":\"\",\"publisher\":{\"@id\":\"https:\\\/\\\/repliquemangacine.fr\\\/#organization\"},\"potentialAction\":[{\"@type\":\"SearchAction\",\"target\":{\"@type\":\"EntryPoint\",\"urlTemplate\":\"https:\\\/\\\/repliquemangacine.fr\\\/?s={search_term_string}\"},\"query-input\":{\"@type\":\"PropertyValueSpecification\",\"valueRequired\":true,\"valueName\":\"search_term_string\"}}],\"inLanguage\":\"en-US\"},{\"@type\":\"Organization\",\"@id\":\"https:\\\/\\\/repliquemangacine.fr\\\/#organization\",\"name\":\"R\u00e9plique Manga Cin\u00e9\",\"url\":\"https:\\\/\\\/repliquemangacine.fr\\\/\",\"logo\":{\"@type\":\"ImageObject\",\"inLanguage\":\"en-US\",\"@id\":\"https:\\\/\\\/repliquemangacine.fr\\\/#\\\/schema\\\/logo\\\/image\\\/\",\"url\":\"https:\\\/\\\/repliquemangacine.fr\\\/wp-content\\\/uploads\\\/2023\\\/10\\\/RMC-500250.png\",\"contentUrl\":\"https:\\\/\\\/repliquemangacine.fr\\\/wp-content\\\/uploads\\\/2023\\\/10\\\/RMC-500250.png\",\"width\":500,\"height\":250,\"caption\":\"R\u00e9plique Manga Cin\u00e9\"},\"image\":{\"@id\":\"https:\\\/\\\/repliquemangacine.fr\\\/#\\\/schema\\\/logo\\\/image\\\/\"},\"sameAs\":[\"https:\\\/\\\/www.facebook.com\\\/RepliqueMangaCine\",\"https:\\\/\\\/www.instagram.com\\\/repliquemangacine.fr\\\/\"]}]}<\/script>\n<!-- \/ Yoast SEO plugin. -->","yoast_head_json":{"title":"Set katana Blue Sakai- Jin sword - R\u00e9plique Manga Cin\u00e9","description":"Play as the Ghost of Tsushima! Blue Sakai katana set based on the cult video game Ghost of Tsushima. Deluxe version including Katana, Wakizashi and stand.","robots":{"index":"index","follow":"follow","max-snippet":"max-snippet:-1","max-image-preview":"max-image-preview:large","max-video-preview":"max-video-preview:-1"},"canonical":"https:\/\/repliquemangacine.fr\/en\/katana-and-video-game-sword-other-video-games\/set-katana-blue-sakai-epee-de-jin-ghost-of-tsushima\/","og_locale":"en_US","og_type":"article","og_title":"Set katana Blue Sakai- Ep\u00e9e de jin - R\u00e9plique Manga Cin\u00e9","og_description":"Incarne le Fant\u00f4me de Tsushima ! Set katana Blue Sakai fid\u00e8le au jeu vid\u00e9o culte Ghost of Tsushima. Version luxe comprenant Katana, Wakizashi et support.","og_url":"https:\/\/repliquemangacine.fr\/en\/katana-and-video-game-sword-other-video-games\/set-katana-blue-sakai-epee-de-jin-ghost-of-tsushima\/","og_site_name":"R\u00e9plique Manga Cin\u00e9","article_publisher":"https:\/\/www.facebook.com\/RepliqueMangaCine","article_modified_time":"2026-05-01T17:27:26+00:00","og_image":[{"width":600,"height":600,"url":"https:\/\/repliquemangacine.fr\/wp-content\/uploads\/2025\/10\/Set-Katana-Wakizashi-Jin.jpg","type":"image\/jpeg"}],"twitter_card":"summary_large_image","twitter_misc":{"Est. reading time":"2 minutes"},"schema":{"@context":"https:\/\/schema.org","@graph":[{"@type":"WebPage","@id":"https:\/\/repliquemangacine.fr\/katana-et-epee-de-jeux-video-autre-jeux-video\/set-katana-blue-sakai-epee-de-jin-ghost-of-tsushima\/","url":"https:\/\/repliquemangacine.fr\/katana-et-epee-de-jeux-video-autre-jeux-video\/set-katana-blue-sakai-epee-de-jin-ghost-of-tsushima\/","name":"Set katana Blue Sakai- Jin sword - R\u00e9plique Manga Cin\u00e9","isPartOf":{"@id":"https:\/\/repliquemangacine.fr\/#website"},"primaryImageOfPage":{"@id":"https:\/\/repliquemangacine.fr\/katana-et-epee-de-jeux-video-autre-jeux-video\/set-katana-blue-sakai-epee-de-jin-ghost-of-tsushima\/#primaryimage"},"image":{"@id":"https:\/\/repliquemangacine.fr\/katana-et-epee-de-jeux-video-autre-jeux-video\/set-katana-blue-sakai-epee-de-jin-ghost-of-tsushima\/#primaryimage"},"thumbnailUrl":"https:\/\/repliquemangacine.fr\/wp-content\/uploads\/2025\/10\/Set-Katana-Wakizashi-Jin.jpg","datePublished":"2025-10-10T16:31:58+00:00","dateModified":"2026-05-01T17:27:26+00:00","description":"Play as the Ghost of Tsushima! Blue Sakai katana set based on the cult video game Ghost of Tsushima. Deluxe version including Katana, Wakizashi and stand.","breadcrumb":{"@id":"https:\/\/repliquemangacine.fr\/katana-et-epee-de-jeux-video-autre-jeux-video\/set-katana-blue-sakai-epee-de-jin-ghost-of-tsushima\/#breadcrumb"},"inLanguage":"en-US","potentialAction":[{"@type":"ReadAction","target":["https:\/\/repliquemangacine.fr\/katana-et-epee-de-jeux-video-autre-jeux-video\/set-katana-blue-sakai-epee-de-jin-ghost-of-tsushima\/"]}]},{"@type":"ImageObject","inLanguage":"en-US","@id":"https:\/\/repliquemangacine.fr\/katana-et-epee-de-jeux-video-autre-jeux-video\/set-katana-blue-sakai-epee-de-jin-ghost-of-tsushima\/#primaryimage","url":"https:\/\/repliquemangacine.fr\/wp-content\/uploads\/2025\/10\/Set-Katana-Wakizashi-Jin.jpg","contentUrl":"https:\/\/repliquemangacine.fr\/wp-content\/uploads\/2025\/10\/Set-Katana-Wakizashi-Jin.jpg","width":600,"height":600,"caption":"Set katana Blue Sakai, katana, wakizashi et support dans Ghost of Tsushima"},{"@type":"BreadcrumbList","@id":"https:\/\/repliquemangacine.fr\/katana-et-epee-de-jeux-video-autre-jeux-video\/set-katana-blue-sakai-epee-de-jin-ghost-of-tsushima\/#breadcrumb","itemListElement":[{"@type":"ListItem","position":1,"name":"Accueil","item":"https:\/\/repliquemangacine.fr\/"},{"@type":"ListItem","position":2,"name":"Produits","item":"https:\/\/repliquemangacine.fr\/boutique\/"},{"@type":"ListItem","position":3,"name":"Set katana Blue Sakai- Ep\u00e9e de jin"}]},{"@type":"WebSite","@id":"https:\/\/repliquemangacine.fr\/#website","url":"https:\/\/repliquemangacine.fr\/","name":"R\u00e9plique Manga Cin\u00e9","description":"","publisher":{"@id":"https:\/\/repliquemangacine.fr\/#organization"},"potentialAction":[{"@type":"SearchAction","target":{"@type":"EntryPoint","urlTemplate":"https:\/\/repliquemangacine.fr\/?s={search_term_string}"},"query-input":{"@type":"PropertyValueSpecification","valueRequired":true,"valueName":"search_term_string"}}],"inLanguage":"en-US"},{"@type":"Organization","@id":"https:\/\/repliquemangacine.fr\/#organization","name":"R\u00e9plique Manga Cin\u00e9","url":"https:\/\/repliquemangacine.fr\/","logo":{"@type":"ImageObject","inLanguage":"en-US","@id":"https:\/\/repliquemangacine.fr\/#\/schema\/logo\/image\/","url":"https:\/\/repliquemangacine.fr\/wp-content\/uploads\/2023\/10\/RMC-500250.png","contentUrl":"https:\/\/repliquemangacine.fr\/wp-content\/uploads\/2023\/10\/RMC-500250.png","width":500,"height":250,"caption":"R\u00e9plique Manga Cin\u00e9"},"image":{"@id":"https:\/\/repliquemangacine.fr\/#\/schema\/logo\/image\/"},"sameAs":["https:\/\/www.facebook.com\/RepliqueMangaCine","https:\/\/www.instagram.com\/repliquemangacine.fr\/"]}]}},"_links":{"self":[{"href":"https:\/\/repliquemangacine.fr\/en\/wp-json\/wp\/v2\/product\/89295","targetHints":{"allow":["GET"]}}],"collection":[{"href":"https:\/\/repliquemangacine.fr\/en\/wp-json\/wp\/v2\/product"}],"about":[{"href":"https:\/\/repliquemangacine.fr\/en\/wp-json\/wp\/v2\/types\/product"}],"wp:featuredmedia":[{"embeddable":true,"href":"https:\/\/repliquemangacine.fr\/en\/wp-json\/wp\/v2\/media\/89298"}],"wp:attachment":[{"href":"https:\/\/repliquemangacine.fr\/en\/wp-json\/wp\/v2\/media?parent=89295"}],"wp:term":[{"taxonomy":"product_brand","embeddable":true,"href":"https:\/\/repliquemangacine.fr\/en\/wp-json\/wp\/v2\/product_brand?post=89295"},{"taxonomy":"product_cat","embeddable":true,"href":"https:\/\/repliquemangacine.fr\/en\/wp-json\/wp\/v2\/product_cat?post=89295"},{"taxonomy":"product_tag","embeddable":true,"href":"https:\/\/repliquemangacine.fr\/en\/wp-json\/wp\/v2\/product_tag?post=89295"}],"curies":[{"name":"wp","href":"https:\/\/api.w.org\/{rel}","templated":true}]}}