





{"id":88419,"date":"2025-09-16T15:55:36","date_gmt":"2025-09-16T13:55:36","guid":{"rendered":"https:\/\/repliquemangacine.fr\/?post_type=product&#038;p=88419"},"modified":"2025-11-12T23:03:08","modified_gmt":"2025-11-12T22:03:08","slug":"sck-tactical-wooden-knife","status":"publish","type":"product","link":"https:\/\/repliquemangacine.fr\/en\/coutellerie\/couteau-tactique-bois-sck\/","title":{"rendered":"SCK tactical wooden knife"},"content":{"rendered":"<h2>SCK tactical wooden knife - Unique features and design<\/h2>\n<p>Let's start by examining the SCK tactical wooden knife, which features a solid 10 cm black blade ideal for all your everyday uses.<br \/>\nFirstly, the overall length of 22 cm provides an excellent grip, guaranteeing comfort and efficiency during every manipulation.<br \/>\nWeighing just 120 g, it's discreet and easy to carry, yet exceptionally robust.<br \/>\nThe handle elegantly combines natural wood and carbon fiber, combining tradition and modernity in a unique, sophisticated style.<br \/>\nIt is equipped with a <a href=\"https:\/\/fr.wikipedia.org\/wiki\/D%C3%A9gagement_d%27urgence\" target=\"_blank\" rel=\"noopener noreferrer\">belt cutter<\/a> and a glass breaker, two indispensable assets for any unforeseen emergency situation.<br \/>\nA practical belt clip completes the knife, ensuring simple, secure carrying that's perfectly suited to modern tactical needs.<\/p>\n<h2>Importance and special features of this tactical folding knife<\/h2>\n<p>A tactical folding knife like this is more than just an accessory, it's a true survival tool.<br \/>\nIts black blade offers great versatility, allowing it to be used both outdoors and defensively in specific situations.<br \/>\nThe wood and carbon handle adds a striking aesthetic, making this knife as elegant as it is useful.<br \/>\nThanks to the integrated window breaker and belt cutter, it's an invaluable ally in emergencies and unforeseeable accidents.<br \/>\nIts balanced dimensions ensure optimal handling, offering safety, precision and practicality to tactical knife enthusiasts and passionate collectors alike.<br \/>\nThis makes the SCK folding knife stand out from the crowd, combining utility, aesthetics and performance in a single object.<\/p>\n<h2>Discover Repliquemangacine and its many available collections<\/h2>\n<p>On our website <strong>Repliquemangacine<\/strong>you'll find a wide selection of katanas inspired by <a href=\"https:\/\/repliquemangacine.fr\/en\/katana-one-piece\/\" target=\"_blank\" rel=\"noopener noreferrer\">One Piece<\/a>, Demon Slayer and Naruto.<br \/>\nWe also offer legendary swords from cult films such as Lord of the Rings, Harry Potter and Games of Thrones.<br \/>\nHistory buffs will appreciate our faithful reproductions of antique weapons, <a href=\"https:\/\/repliquemangacine.fr\/en\/antique-sword-swords\/\" target=\"_blank\" rel=\"noopener noreferrer\">Roman swords<\/a>, medieval swords and authentic pirate swords.<br \/>\nWe also offer unique collections of World War II weapons, perfect for the discerning collector.<br \/>\nFinally, Western enthusiasts will find colts, winchesters, holsters and sheriff's stars reproduced with care and attention to detail.<br \/>\nBy choosing<strong> Repliquemangacine<\/strong>You'll enter a fascinating world of manga culture, cult cinema and fascinating war history.<\/p>\n<p><strong>\u26a0\ufe0f Sale forbidden to minors. A verification of identity may be required after ordering in order to confirm the buyer's majority.<\/strong><\/p>","protected":false},"excerpt":{"rendered":"<p><strong>Technical specifications :<\/strong><\/p>\n<ul>\n<li>Brand: SCK<\/li>\n<li>SCK tactical folding knife in wood and carbon design<\/li>\n<li>Robust 10 cm black blade for versatile use<\/li>\n<li>Total knife length: 22 cm<\/li>\n<li>Lightweight, only 120 g<\/li>\n<li>Equipped with integrated glass breaker and belt cutter<\/li>\n<li>Belt clip for convenient, secure carrying<\/li>\n<\/ul>","protected":false},"featured_media":88420,"template":"","meta":[],"product_brand":[896],"product_cat":[891,892,884],"product_tag":[],"class_list":{"0":"post-88419","1":"product","2":"type-product","3":"status-publish","4":"has-post-thumbnail","6":"product_brand-replique-manga-cine","7":"product_cat-couteaux-automatiques","8":"product_cat-couteaux-tactical","9":"product_cat-coutellerie","11":"first","12":"instock","13":"taxable","14":"shipping-taxable","15":"purchasable","16":"product-type-simple"},"yoast_head":"<!-- This site is optimized with the Yoast SEO plugin v27.4 - https:\/\/yoast.com\/product\/yoast-seo-wordpress\/ -->\n<title>Couteau tactique bois SCK - R\u00e9plique Manga Cin\u00e9<\/title>\n<meta name=\"description\" content=\"D\u00e9couvrez le couteau tactique pliant SCK avec lame noire robuste et manche bois\/carbone. Pratique, \u00e9l\u00e9gant et \u00e9quip\u00e9 d\u2019un brise-vitre et coupe-ceinture.\" \/>\n<meta name=\"robots\" content=\"index, follow, max-snippet:-1, max-image-preview:large, max-video-preview:-1\" \/>\n<link rel=\"canonical\" href=\"https:\/\/repliquemangacine.fr\/en\/cutlery\/sck-tactical-wooden-knife\/\" \/>\n<meta property=\"og:locale\" content=\"en_US\" \/>\n<meta property=\"og:type\" content=\"article\" \/>\n<meta property=\"og:title\" content=\"Couteau tactique bois SCK - R\u00e9plique Manga Cin\u00e9\" \/>\n<meta property=\"og:description\" content=\"D\u00e9couvrez le couteau tactique pliant SCK avec lame noire robuste et manche bois\/carbone. Pratique, \u00e9l\u00e9gant et \u00e9quip\u00e9 d\u2019un brise-vitre et coupe-ceinture.\" \/>\n<meta property=\"og:url\" content=\"https:\/\/repliquemangacine.fr\/en\/cutlery\/sck-tactical-wooden-knife\/\" \/>\n<meta property=\"og:site_name\" content=\"R\u00e9plique Manga Cin\u00e9\" \/>\n<meta property=\"article:publisher\" content=\"https:\/\/www.facebook.com\/RepliqueMangaCine\" \/>\n<meta property=\"article:modified_time\" content=\"2025-11-12T22:03:08+00:00\" \/>\n<meta property=\"og:image\" content=\"https:\/\/repliquemangacine.fr\/wp-content\/uploads\/2025\/09\/Couteau-tactique-Bois-et-Carbone.jpg\" \/>\n\t<meta property=\"og:image:width\" content=\"700\" \/>\n\t<meta property=\"og:image:height\" content=\"700\" \/>\n\t<meta property=\"og:image:type\" content=\"image\/jpeg\" \/>\n<meta name=\"twitter:card\" content=\"summary_large_image\" \/>\n<meta name=\"twitter:label1\" content=\"Est. reading time\" \/>\n\t<meta name=\"twitter:data1\" content=\"3 minutes\" \/>\n<script type=\"application\/ld+json\" class=\"yoast-schema-graph\">{\"@context\":\"https:\\\/\\\/schema.org\",\"@graph\":[{\"@type\":\"WebPage\",\"@id\":\"https:\\\/\\\/repliquemangacine.fr\\\/coutellerie\\\/couteau-tactique-bois-sck\\\/\",\"url\":\"https:\\\/\\\/repliquemangacine.fr\\\/coutellerie\\\/couteau-tactique-bois-sck\\\/\",\"name\":\"Couteau tactique bois SCK - R\u00e9plique Manga Cin\u00e9\",\"isPartOf\":{\"@id\":\"https:\\\/\\\/repliquemangacine.fr\\\/#website\"},\"primaryImageOfPage\":{\"@id\":\"https:\\\/\\\/repliquemangacine.fr\\\/coutellerie\\\/couteau-tactique-bois-sck\\\/#primaryimage\"},\"image\":{\"@id\":\"https:\\\/\\\/repliquemangacine.fr\\\/coutellerie\\\/couteau-tactique-bois-sck\\\/#primaryimage\"},\"thumbnailUrl\":\"https:\\\/\\\/repliquemangacine.fr\\\/wp-content\\\/uploads\\\/2025\\\/09\\\/Couteau-tactique-Bois-et-Carbone.jpg\",\"datePublished\":\"2025-09-16T13:55:36+00:00\",\"dateModified\":\"2025-11-12T22:03:08+00:00\",\"description\":\"D\u00e9couvrez le couteau tactique pliant SCK avec lame noire robuste et manche bois\\\/carbone. Pratique, \u00e9l\u00e9gant et \u00e9quip\u00e9 d\u2019un brise-vitre et coupe-ceinture.\",\"breadcrumb\":{\"@id\":\"https:\\\/\\\/repliquemangacine.fr\\\/coutellerie\\\/couteau-tactique-bois-sck\\\/#breadcrumb\"},\"inLanguage\":\"en-US\",\"potentialAction\":[{\"@type\":\"ReadAction\",\"target\":[\"https:\\\/\\\/repliquemangacine.fr\\\/coutellerie\\\/couteau-tactique-bois-sck\\\/\"]}]},{\"@type\":\"ImageObject\",\"inLanguage\":\"en-US\",\"@id\":\"https:\\\/\\\/repliquemangacine.fr\\\/coutellerie\\\/couteau-tactique-bois-sck\\\/#primaryimage\",\"url\":\"https:\\\/\\\/repliquemangacine.fr\\\/wp-content\\\/uploads\\\/2025\\\/09\\\/Couteau-tactique-Bois-et-Carbone.jpg\",\"contentUrl\":\"https:\\\/\\\/repliquemangacine.fr\\\/wp-content\\\/uploads\\\/2025\\\/09\\\/Couteau-tactique-Bois-et-Carbone.jpg\",\"width\":700,\"height\":700,\"caption\":\"Couteau-tactique-Bois-et-Carbone\"},{\"@type\":\"BreadcrumbList\",\"@id\":\"https:\\\/\\\/repliquemangacine.fr\\\/coutellerie\\\/couteau-tactique-bois-sck\\\/#breadcrumb\",\"itemListElement\":[{\"@type\":\"ListItem\",\"position\":1,\"name\":\"Accueil\",\"item\":\"https:\\\/\\\/repliquemangacine.fr\\\/\"},{\"@type\":\"ListItem\",\"position\":2,\"name\":\"Produits\",\"item\":\"https:\\\/\\\/repliquemangacine.fr\\\/boutique\\\/\"},{\"@type\":\"ListItem\",\"position\":3,\"name\":\"Couteau tactique bois SCK\"}]},{\"@type\":\"WebSite\",\"@id\":\"https:\\\/\\\/repliquemangacine.fr\\\/#website\",\"url\":\"https:\\\/\\\/repliquemangacine.fr\\\/\",\"name\":\"R\u00e9plique Manga Cin\u00e9\",\"description\":\"\",\"publisher\":{\"@id\":\"https:\\\/\\\/repliquemangacine.fr\\\/#organization\"},\"potentialAction\":[{\"@type\":\"SearchAction\",\"target\":{\"@type\":\"EntryPoint\",\"urlTemplate\":\"https:\\\/\\\/repliquemangacine.fr\\\/?s={search_term_string}\"},\"query-input\":{\"@type\":\"PropertyValueSpecification\",\"valueRequired\":true,\"valueName\":\"search_term_string\"}}],\"inLanguage\":\"en-US\"},{\"@type\":\"Organization\",\"@id\":\"https:\\\/\\\/repliquemangacine.fr\\\/#organization\",\"name\":\"R\u00e9plique Manga Cin\u00e9\",\"url\":\"https:\\\/\\\/repliquemangacine.fr\\\/\",\"logo\":{\"@type\":\"ImageObject\",\"inLanguage\":\"en-US\",\"@id\":\"https:\\\/\\\/repliquemangacine.fr\\\/#\\\/schema\\\/logo\\\/image\\\/\",\"url\":\"https:\\\/\\\/repliquemangacine.fr\\\/wp-content\\\/uploads\\\/2023\\\/10\\\/RMC-500250.png\",\"contentUrl\":\"https:\\\/\\\/repliquemangacine.fr\\\/wp-content\\\/uploads\\\/2023\\\/10\\\/RMC-500250.png\",\"width\":500,\"height\":250,\"caption\":\"R\u00e9plique Manga Cin\u00e9\"},\"image\":{\"@id\":\"https:\\\/\\\/repliquemangacine.fr\\\/#\\\/schema\\\/logo\\\/image\\\/\"},\"sameAs\":[\"https:\\\/\\\/www.facebook.com\\\/RepliqueMangaCine\",\"https:\\\/\\\/www.instagram.com\\\/repliquemangacine.fr\\\/\"]}]}<\/script>\n<!-- \/ Yoast SEO plugin. -->","yoast_head_json":{"title":"SCK tactical wooden knife - R\u00e9plique Manga Cin\u00e9","description":"Discover the SCK tactical folding knife with sturdy black blade and wood\/carbon handle. Practical, elegant and equipped with a glass breaker and belt cutter.","robots":{"index":"index","follow":"follow","max-snippet":"max-snippet:-1","max-image-preview":"max-image-preview:large","max-video-preview":"max-video-preview:-1"},"canonical":"https:\/\/repliquemangacine.fr\/en\/cutlery\/sck-tactical-wooden-knife\/","og_locale":"en_US","og_type":"article","og_title":"Couteau tactique bois SCK - R\u00e9plique Manga Cin\u00e9","og_description":"D\u00e9couvrez le couteau tactique pliant SCK avec lame noire robuste et manche bois\/carbone. Pratique, \u00e9l\u00e9gant et \u00e9quip\u00e9 d\u2019un brise-vitre et coupe-ceinture.","og_url":"https:\/\/repliquemangacine.fr\/en\/cutlery\/sck-tactical-wooden-knife\/","og_site_name":"R\u00e9plique Manga Cin\u00e9","article_publisher":"https:\/\/www.facebook.com\/RepliqueMangaCine","article_modified_time":"2025-11-12T22:03:08+00:00","og_image":[{"width":700,"height":700,"url":"https:\/\/repliquemangacine.fr\/wp-content\/uploads\/2025\/09\/Couteau-tactique-Bois-et-Carbone.jpg","type":"image\/jpeg"}],"twitter_card":"summary_large_image","twitter_misc":{"Est. reading time":"3 minutes"},"schema":{"@context":"https:\/\/schema.org","@graph":[{"@type":"WebPage","@id":"https:\/\/repliquemangacine.fr\/coutellerie\/couteau-tactique-bois-sck\/","url":"https:\/\/repliquemangacine.fr\/coutellerie\/couteau-tactique-bois-sck\/","name":"SCK tactical wooden knife - R\u00e9plique Manga Cin\u00e9","isPartOf":{"@id":"https:\/\/repliquemangacine.fr\/#website"},"primaryImageOfPage":{"@id":"https:\/\/repliquemangacine.fr\/coutellerie\/couteau-tactique-bois-sck\/#primaryimage"},"image":{"@id":"https:\/\/repliquemangacine.fr\/coutellerie\/couteau-tactique-bois-sck\/#primaryimage"},"thumbnailUrl":"https:\/\/repliquemangacine.fr\/wp-content\/uploads\/2025\/09\/Couteau-tactique-Bois-et-Carbone.jpg","datePublished":"2025-09-16T13:55:36+00:00","dateModified":"2025-11-12T22:03:08+00:00","description":"Discover the SCK tactical folding knife with sturdy black blade and wood\/carbon handle. Practical, elegant and equipped with a glass breaker and belt cutter.","breadcrumb":{"@id":"https:\/\/repliquemangacine.fr\/coutellerie\/couteau-tactique-bois-sck\/#breadcrumb"},"inLanguage":"en-US","potentialAction":[{"@type":"ReadAction","target":["https:\/\/repliquemangacine.fr\/coutellerie\/couteau-tactique-bois-sck\/"]}]},{"@type":"ImageObject","inLanguage":"en-US","@id":"https:\/\/repliquemangacine.fr\/coutellerie\/couteau-tactique-bois-sck\/#primaryimage","url":"https:\/\/repliquemangacine.fr\/wp-content\/uploads\/2025\/09\/Couteau-tactique-Bois-et-Carbone.jpg","contentUrl":"https:\/\/repliquemangacine.fr\/wp-content\/uploads\/2025\/09\/Couteau-tactique-Bois-et-Carbone.jpg","width":700,"height":700,"caption":"Couteau-tactique-Bois-et-Carbone"},{"@type":"BreadcrumbList","@id":"https:\/\/repliquemangacine.fr\/coutellerie\/couteau-tactique-bois-sck\/#breadcrumb","itemListElement":[{"@type":"ListItem","position":1,"name":"Accueil","item":"https:\/\/repliquemangacine.fr\/"},{"@type":"ListItem","position":2,"name":"Produits","item":"https:\/\/repliquemangacine.fr\/boutique\/"},{"@type":"ListItem","position":3,"name":"Couteau tactique bois SCK"}]},{"@type":"WebSite","@id":"https:\/\/repliquemangacine.fr\/#website","url":"https:\/\/repliquemangacine.fr\/","name":"R\u00e9plique Manga Cin\u00e9","description":"","publisher":{"@id":"https:\/\/repliquemangacine.fr\/#organization"},"potentialAction":[{"@type":"SearchAction","target":{"@type":"EntryPoint","urlTemplate":"https:\/\/repliquemangacine.fr\/?s={search_term_string}"},"query-input":{"@type":"PropertyValueSpecification","valueRequired":true,"valueName":"search_term_string"}}],"inLanguage":"en-US"},{"@type":"Organization","@id":"https:\/\/repliquemangacine.fr\/#organization","name":"R\u00e9plique Manga Cin\u00e9","url":"https:\/\/repliquemangacine.fr\/","logo":{"@type":"ImageObject","inLanguage":"en-US","@id":"https:\/\/repliquemangacine.fr\/#\/schema\/logo\/image\/","url":"https:\/\/repliquemangacine.fr\/wp-content\/uploads\/2023\/10\/RMC-500250.png","contentUrl":"https:\/\/repliquemangacine.fr\/wp-content\/uploads\/2023\/10\/RMC-500250.png","width":500,"height":250,"caption":"R\u00e9plique Manga Cin\u00e9"},"image":{"@id":"https:\/\/repliquemangacine.fr\/#\/schema\/logo\/image\/"},"sameAs":["https:\/\/www.facebook.com\/RepliqueMangaCine","https:\/\/www.instagram.com\/repliquemangacine.fr\/"]}]}},"_links":{"self":[{"href":"https:\/\/repliquemangacine.fr\/en\/wp-json\/wp\/v2\/product\/88419","targetHints":{"allow":["GET"]}}],"collection":[{"href":"https:\/\/repliquemangacine.fr\/en\/wp-json\/wp\/v2\/product"}],"about":[{"href":"https:\/\/repliquemangacine.fr\/en\/wp-json\/wp\/v2\/types\/product"}],"wp:featuredmedia":[{"embeddable":true,"href":"https:\/\/repliquemangacine.fr\/en\/wp-json\/wp\/v2\/media\/88420"}],"wp:attachment":[{"href":"https:\/\/repliquemangacine.fr\/en\/wp-json\/wp\/v2\/media?parent=88419"}],"wp:term":[{"taxonomy":"product_brand","embeddable":true,"href":"https:\/\/repliquemangacine.fr\/en\/wp-json\/wp\/v2\/product_brand?post=88419"},{"taxonomy":"product_cat","embeddable":true,"href":"https:\/\/repliquemangacine.fr\/en\/wp-json\/wp\/v2\/product_cat?post=88419"},{"taxonomy":"product_tag","embeddable":true,"href":"https:\/\/repliquemangacine.fr\/en\/wp-json\/wp\/v2\/product_tag?post=88419"}],"curies":[{"name":"wp","href":"https:\/\/api.w.org\/{rel}","templated":true}]}}