





{"id":88401,"date":"2025-09-16T14:57:02","date_gmt":"2025-09-16T12:57:02","guid":{"rendered":"https:\/\/repliquemangacine.fr\/?post_type=product&#038;p=88401"},"modified":"2025-12-13T18:33:02","modified_gmt":"2025-12-13T17:33:02","slug":"sck-copper-folding-knife","status":"publish","type":"product","link":"https:\/\/repliquemangacine.fr\/en\/coutellerie\/couteau-pliant-sck-cuivre\/","title":{"rendered":"SCK folding knife Copper"},"content":{"rendered":"<h2>Detailed features of the SCK Copper folding knife<\/h2>\n<p>Let's start by examining the SCK copper folding knife, which features a stainless steel blade.<br \/>\nIts bronze-colored metal handle features carved patterns, offering a unique grip and design.<br \/>\nEquipped with a sturdy belt clip for easy, secure, and discreet everyday carrying.<br \/>\nThe quick-release system ensures convenient use, with a curved blade reminiscent of animal claws.<br \/>\nOnce opened, it is secured by a <a href=\"https:\/\/en.wikipedia.org\/wiki\/Liner_lock#:~:text=A%20Linerlock%20is%20a%20folding,the%20knife%20in%20the%20hand.\" target=\"_blank\" rel=\"noopener noreferrer\">liner lock<\/a> (internal lock on the side of the handle) that prevents accidental folding.<br \/>\nIts folding design ensures simple and compact storage, perfect for cutlery enthusiasts.<br \/>\nThis SCK model combines strength and aesthetics, making it a reliable, practical tool and, above all, a truly unique collector's item.<\/p>\n<h2>The importance and uniqueness of this knife<\/h2>\n<p>The SCK copper folding knife is not just an accessory, it is a unique piece that combines style, efficiency, and robustness.<br \/>\nIts curved blade immediately catches the eye, reminiscent of modern tactical blades and weapons inspired by imaginary heroes.<br \/>\nIt has become a symbol of power and originality, perfect for completing a collection or accompanying a lover of unique knives.<br \/>\nWith its bronze finish and smooth mechanism, it stands out as an exceptional knife that will be enjoyed for a long time to come.<\/p>\n<h2>Other products available on R\u00e9plique Manga Cin\u00e9<\/h2>\n<p>In addition to this SCK folding knife, the <strong>R\u00e9plique Manga Cin\u00e9<\/strong> offers a wide selection of exciting, must-have unique items.<br \/>\nYou'll find katanas inspired by One Piece, Naruto, <a href=\"https:\/\/repliquemangacine.fr\/en\/katana-demon-slayer\/\" target=\"_blank\" rel=\"noopener noreferrer\">Demon Slayer<\/a>, Bleach, and Sword Art Online, perfect for passionate collectors.<br \/>\nFinally, movie fans will be able to discover iconic replicas such as the sword from The Lord of the Rings, <a href=\"https:\/\/repliquemangacine.fr\/en\/rambo-knives-john-rambo-dagger\/\" target=\"_blank\" rel=\"noopener noreferrer\">Rambo's knife<\/a> or other cult pieces.<br \/>\n<strong>R\u00e9plique Manga Cin\u00e9<\/strong> also offers reproductions of historical weapons, ranging from ancient swords to medieval sabers and weapons from World War II.<br \/>\nFinally, Western enthusiasts will be delighted by the faithfully reproduced and carefully selected colts, Winchesters, holsters, and sheriff badges.<\/p>\n<p><strong>\u26a0\ufe0f Sale forbidden to minors. A verification of identity may be required after ordering in order to confirm the buyer's majority.<\/strong><\/p>","protected":false},"excerpt":{"rendered":"<p><strong>Technical specifications :<\/strong><\/p>\n<ul>\n<li style=\"list-style-type: none;\">\n<ul>\n<li>Brand: SCK<\/li>\n<li>Type: Manual folding knife (flipper-type assisted opening)<\/li>\n<li>Blade: Stainless steel<\/li>\n<li>Blade length: approx. 9 cm<\/li>\n<li>Handle: bronze-coloured metal handle with sculpted motifs<\/li>\n<li>Belt clip: Yes<\/li>\n<li>Length open: 20.5 cm<\/li>\n<\/ul>\n<\/li>\n<\/ul>\n<p>Blade length:9 cm<\/p>\n<ul>\n<li>Weight: 219 grams<\/li>\n<\/ul>","protected":false},"featured_media":88403,"template":"","meta":[],"product_brand":[896],"product_cat":[891,886,884],"product_tag":[],"class_list":{"0":"post-88401","1":"product","2":"type-product","3":"status-publish","4":"has-post-thumbnail","6":"product_brand-replique-manga-cine","7":"product_cat-couteaux-automatiques","8":"product_cat-couteaux-de-poche","9":"product_cat-coutellerie","11":"first","12":"instock","13":"taxable","14":"shipping-taxable","15":"purchasable","16":"product-type-simple"},"yoast_head":"<!-- This site is optimized with the Yoast SEO plugin v27.4 - https:\/\/yoast.com\/product\/yoast-seo-wordpress\/ -->\n<title>Couteau pliant SCK Cuivre - R\u00e9plique Manga Cin\u00e9<\/title>\n<meta name=\"description\" content=\"Le couteau pliant SCK Cuivre allie \u00e9l\u00e9gance et robustesse, un design unique id\u00e9al pour les passionn\u00e9s de coutellerie et collectionneurs exigeants.\" \/>\n<meta name=\"robots\" content=\"index, follow, max-snippet:-1, max-image-preview:large, max-video-preview:-1\" \/>\n<link rel=\"canonical\" href=\"https:\/\/repliquemangacine.fr\/en\/cutlery\/sck-copper-folding-knife\/\" \/>\n<meta property=\"og:locale\" content=\"en_US\" \/>\n<meta property=\"og:type\" content=\"article\" \/>\n<meta property=\"og:title\" content=\"Couteau pliant SCK Cuivre - R\u00e9plique Manga Cin\u00e9\" \/>\n<meta property=\"og:description\" content=\"Le couteau pliant SCK Cuivre allie \u00e9l\u00e9gance et robustesse, un design unique id\u00e9al pour les passionn\u00e9s de coutellerie et collectionneurs exigeants.\" \/>\n<meta property=\"og:url\" content=\"https:\/\/repliquemangacine.fr\/en\/cutlery\/sck-copper-folding-knife\/\" \/>\n<meta property=\"og:site_name\" content=\"R\u00e9plique Manga Cin\u00e9\" \/>\n<meta property=\"article:publisher\" content=\"https:\/\/www.facebook.com\/RepliqueMangaCine\" \/>\n<meta property=\"article:modified_time\" content=\"2025-12-13T17:33:02+00:00\" \/>\n<meta property=\"og:image\" content=\"https:\/\/repliquemangacine.fr\/wp-content\/uploads\/2025\/09\/Couteau-de-poche-Pliant-SCK.jpg\" \/>\n\t<meta property=\"og:image:width\" content=\"700\" \/>\n\t<meta property=\"og:image:height\" content=\"700\" \/>\n\t<meta property=\"og:image:type\" content=\"image\/jpeg\" \/>\n<meta name=\"twitter:card\" content=\"summary_large_image\" \/>\n<meta name=\"twitter:label1\" content=\"Est. reading time\" \/>\n\t<meta name=\"twitter:data1\" content=\"3 minutes\" \/>\n<script type=\"application\/ld+json\" class=\"yoast-schema-graph\">{\"@context\":\"https:\\\/\\\/schema.org\",\"@graph\":[{\"@type\":\"WebPage\",\"@id\":\"https:\\\/\\\/repliquemangacine.fr\\\/coutellerie\\\/couteau-pliant-sck-cuivre\\\/\",\"url\":\"https:\\\/\\\/repliquemangacine.fr\\\/coutellerie\\\/couteau-pliant-sck-cuivre\\\/\",\"name\":\"Couteau pliant SCK Cuivre - R\u00e9plique Manga Cin\u00e9\",\"isPartOf\":{\"@id\":\"https:\\\/\\\/repliquemangacine.fr\\\/#website\"},\"primaryImageOfPage\":{\"@id\":\"https:\\\/\\\/repliquemangacine.fr\\\/coutellerie\\\/couteau-pliant-sck-cuivre\\\/#primaryimage\"},\"image\":{\"@id\":\"https:\\\/\\\/repliquemangacine.fr\\\/coutellerie\\\/couteau-pliant-sck-cuivre\\\/#primaryimage\"},\"thumbnailUrl\":\"https:\\\/\\\/repliquemangacine.fr\\\/wp-content\\\/uploads\\\/2025\\\/09\\\/Couteau-de-poche-Pliant-SCK.jpg\",\"datePublished\":\"2025-09-16T12:57:02+00:00\",\"dateModified\":\"2025-12-13T17:33:02+00:00\",\"description\":\"Le couteau pliant SCK Cuivre allie \u00e9l\u00e9gance et robustesse, un design unique id\u00e9al pour les passionn\u00e9s de coutellerie et collectionneurs exigeants.\",\"breadcrumb\":{\"@id\":\"https:\\\/\\\/repliquemangacine.fr\\\/coutellerie\\\/couteau-pliant-sck-cuivre\\\/#breadcrumb\"},\"inLanguage\":\"en-US\",\"potentialAction\":[{\"@type\":\"ReadAction\",\"target\":[\"https:\\\/\\\/repliquemangacine.fr\\\/coutellerie\\\/couteau-pliant-sck-cuivre\\\/\"]}]},{\"@type\":\"ImageObject\",\"inLanguage\":\"en-US\",\"@id\":\"https:\\\/\\\/repliquemangacine.fr\\\/coutellerie\\\/couteau-pliant-sck-cuivre\\\/#primaryimage\",\"url\":\"https:\\\/\\\/repliquemangacine.fr\\\/wp-content\\\/uploads\\\/2025\\\/09\\\/Couteau-de-poche-Pliant-SCK.jpg\",\"contentUrl\":\"https:\\\/\\\/repliquemangacine.fr\\\/wp-content\\\/uploads\\\/2025\\\/09\\\/Couteau-de-poche-Pliant-SCK.jpg\",\"width\":700,\"height\":700,\"caption\":\"Couteau-de-poche-Pliant-SCK\"},{\"@type\":\"BreadcrumbList\",\"@id\":\"https:\\\/\\\/repliquemangacine.fr\\\/coutellerie\\\/couteau-pliant-sck-cuivre\\\/#breadcrumb\",\"itemListElement\":[{\"@type\":\"ListItem\",\"position\":1,\"name\":\"Accueil\",\"item\":\"https:\\\/\\\/repliquemangacine.fr\\\/\"},{\"@type\":\"ListItem\",\"position\":2,\"name\":\"Produits\",\"item\":\"https:\\\/\\\/repliquemangacine.fr\\\/boutique\\\/\"},{\"@type\":\"ListItem\",\"position\":3,\"name\":\"Couteau pliant SCK Cuivre\"}]},{\"@type\":\"WebSite\",\"@id\":\"https:\\\/\\\/repliquemangacine.fr\\\/#website\",\"url\":\"https:\\\/\\\/repliquemangacine.fr\\\/\",\"name\":\"R\u00e9plique Manga Cin\u00e9\",\"description\":\"\",\"publisher\":{\"@id\":\"https:\\\/\\\/repliquemangacine.fr\\\/#organization\"},\"potentialAction\":[{\"@type\":\"SearchAction\",\"target\":{\"@type\":\"EntryPoint\",\"urlTemplate\":\"https:\\\/\\\/repliquemangacine.fr\\\/?s={search_term_string}\"},\"query-input\":{\"@type\":\"PropertyValueSpecification\",\"valueRequired\":true,\"valueName\":\"search_term_string\"}}],\"inLanguage\":\"en-US\"},{\"@type\":\"Organization\",\"@id\":\"https:\\\/\\\/repliquemangacine.fr\\\/#organization\",\"name\":\"R\u00e9plique Manga Cin\u00e9\",\"url\":\"https:\\\/\\\/repliquemangacine.fr\\\/\",\"logo\":{\"@type\":\"ImageObject\",\"inLanguage\":\"en-US\",\"@id\":\"https:\\\/\\\/repliquemangacine.fr\\\/#\\\/schema\\\/logo\\\/image\\\/\",\"url\":\"https:\\\/\\\/repliquemangacine.fr\\\/wp-content\\\/uploads\\\/2023\\\/10\\\/RMC-500250.png\",\"contentUrl\":\"https:\\\/\\\/repliquemangacine.fr\\\/wp-content\\\/uploads\\\/2023\\\/10\\\/RMC-500250.png\",\"width\":500,\"height\":250,\"caption\":\"R\u00e9plique Manga Cin\u00e9\"},\"image\":{\"@id\":\"https:\\\/\\\/repliquemangacine.fr\\\/#\\\/schema\\\/logo\\\/image\\\/\"},\"sameAs\":[\"https:\\\/\\\/www.facebook.com\\\/RepliqueMangaCine\",\"https:\\\/\\\/www.instagram.com\\\/repliquemangacine.fr\\\/\"]}]}<\/script>\n<!-- \/ Yoast SEO plugin. -->","yoast_head_json":{"title":"SCK Copper folding knife - R\u00e9plique Manga Cin\u00e9","description":"The SCK Cuivre folding knife combines elegance and robustness, a unique design ideal for cutlery enthusiasts and discerning collectors.","robots":{"index":"index","follow":"follow","max-snippet":"max-snippet:-1","max-image-preview":"max-image-preview:large","max-video-preview":"max-video-preview:-1"},"canonical":"https:\/\/repliquemangacine.fr\/en\/cutlery\/sck-copper-folding-knife\/","og_locale":"en_US","og_type":"article","og_title":"Couteau pliant SCK Cuivre - R\u00e9plique Manga Cin\u00e9","og_description":"Le couteau pliant SCK Cuivre allie \u00e9l\u00e9gance et robustesse, un design unique id\u00e9al pour les passionn\u00e9s de coutellerie et collectionneurs exigeants.","og_url":"https:\/\/repliquemangacine.fr\/en\/cutlery\/sck-copper-folding-knife\/","og_site_name":"R\u00e9plique Manga Cin\u00e9","article_publisher":"https:\/\/www.facebook.com\/RepliqueMangaCine","article_modified_time":"2025-12-13T17:33:02+00:00","og_image":[{"width":700,"height":700,"url":"https:\/\/repliquemangacine.fr\/wp-content\/uploads\/2025\/09\/Couteau-de-poche-Pliant-SCK.jpg","type":"image\/jpeg"}],"twitter_card":"summary_large_image","twitter_misc":{"Est. reading time":"3 minutes"},"schema":{"@context":"https:\/\/schema.org","@graph":[{"@type":"WebPage","@id":"https:\/\/repliquemangacine.fr\/coutellerie\/couteau-pliant-sck-cuivre\/","url":"https:\/\/repliquemangacine.fr\/coutellerie\/couteau-pliant-sck-cuivre\/","name":"SCK Copper folding knife - R\u00e9plique Manga Cin\u00e9","isPartOf":{"@id":"https:\/\/repliquemangacine.fr\/#website"},"primaryImageOfPage":{"@id":"https:\/\/repliquemangacine.fr\/coutellerie\/couteau-pliant-sck-cuivre\/#primaryimage"},"image":{"@id":"https:\/\/repliquemangacine.fr\/coutellerie\/couteau-pliant-sck-cuivre\/#primaryimage"},"thumbnailUrl":"https:\/\/repliquemangacine.fr\/wp-content\/uploads\/2025\/09\/Couteau-de-poche-Pliant-SCK.jpg","datePublished":"2025-09-16T12:57:02+00:00","dateModified":"2025-12-13T17:33:02+00:00","description":"The SCK Cuivre folding knife combines elegance and robustness, a unique design ideal for cutlery enthusiasts and discerning collectors.","breadcrumb":{"@id":"https:\/\/repliquemangacine.fr\/coutellerie\/couteau-pliant-sck-cuivre\/#breadcrumb"},"inLanguage":"en-US","potentialAction":[{"@type":"ReadAction","target":["https:\/\/repliquemangacine.fr\/coutellerie\/couteau-pliant-sck-cuivre\/"]}]},{"@type":"ImageObject","inLanguage":"en-US","@id":"https:\/\/repliquemangacine.fr\/coutellerie\/couteau-pliant-sck-cuivre\/#primaryimage","url":"https:\/\/repliquemangacine.fr\/wp-content\/uploads\/2025\/09\/Couteau-de-poche-Pliant-SCK.jpg","contentUrl":"https:\/\/repliquemangacine.fr\/wp-content\/uploads\/2025\/09\/Couteau-de-poche-Pliant-SCK.jpg","width":700,"height":700,"caption":"Couteau-de-poche-Pliant-SCK"},{"@type":"BreadcrumbList","@id":"https:\/\/repliquemangacine.fr\/coutellerie\/couteau-pliant-sck-cuivre\/#breadcrumb","itemListElement":[{"@type":"ListItem","position":1,"name":"Accueil","item":"https:\/\/repliquemangacine.fr\/"},{"@type":"ListItem","position":2,"name":"Produits","item":"https:\/\/repliquemangacine.fr\/boutique\/"},{"@type":"ListItem","position":3,"name":"Couteau pliant SCK Cuivre"}]},{"@type":"WebSite","@id":"https:\/\/repliquemangacine.fr\/#website","url":"https:\/\/repliquemangacine.fr\/","name":"R\u00e9plique Manga Cin\u00e9","description":"","publisher":{"@id":"https:\/\/repliquemangacine.fr\/#organization"},"potentialAction":[{"@type":"SearchAction","target":{"@type":"EntryPoint","urlTemplate":"https:\/\/repliquemangacine.fr\/?s={search_term_string}"},"query-input":{"@type":"PropertyValueSpecification","valueRequired":true,"valueName":"search_term_string"}}],"inLanguage":"en-US"},{"@type":"Organization","@id":"https:\/\/repliquemangacine.fr\/#organization","name":"R\u00e9plique Manga Cin\u00e9","url":"https:\/\/repliquemangacine.fr\/","logo":{"@type":"ImageObject","inLanguage":"en-US","@id":"https:\/\/repliquemangacine.fr\/#\/schema\/logo\/image\/","url":"https:\/\/repliquemangacine.fr\/wp-content\/uploads\/2023\/10\/RMC-500250.png","contentUrl":"https:\/\/repliquemangacine.fr\/wp-content\/uploads\/2023\/10\/RMC-500250.png","width":500,"height":250,"caption":"R\u00e9plique Manga Cin\u00e9"},"image":{"@id":"https:\/\/repliquemangacine.fr\/#\/schema\/logo\/image\/"},"sameAs":["https:\/\/www.facebook.com\/RepliqueMangaCine","https:\/\/www.instagram.com\/repliquemangacine.fr\/"]}]}},"_links":{"self":[{"href":"https:\/\/repliquemangacine.fr\/en\/wp-json\/wp\/v2\/product\/88401","targetHints":{"allow":["GET"]}}],"collection":[{"href":"https:\/\/repliquemangacine.fr\/en\/wp-json\/wp\/v2\/product"}],"about":[{"href":"https:\/\/repliquemangacine.fr\/en\/wp-json\/wp\/v2\/types\/product"}],"wp:featuredmedia":[{"embeddable":true,"href":"https:\/\/repliquemangacine.fr\/en\/wp-json\/wp\/v2\/media\/88403"}],"wp:attachment":[{"href":"https:\/\/repliquemangacine.fr\/en\/wp-json\/wp\/v2\/media?parent=88401"}],"wp:term":[{"taxonomy":"product_brand","embeddable":true,"href":"https:\/\/repliquemangacine.fr\/en\/wp-json\/wp\/v2\/product_brand?post=88401"},{"taxonomy":"product_cat","embeddable":true,"href":"https:\/\/repliquemangacine.fr\/en\/wp-json\/wp\/v2\/product_cat?post=88401"},{"taxonomy":"product_tag","embeddable":true,"href":"https:\/\/repliquemangacine.fr\/en\/wp-json\/wp\/v2\/product_tag?post=88401"}],"curies":[{"name":"wp","href":"https:\/\/api.w.org\/{rel}","templated":true}]}}