





{"id":88362,"date":"2025-09-14T16:26:55","date_gmt":"2025-09-14T14:26:55","guid":{"rendered":"https:\/\/repliquemangacine.fr\/?post_type=product&#038;p=88362"},"modified":"2026-04-23T12:35:09","modified_gmt":"2026-04-23T10:35:09","slug":"baruka-dagger-solo-leveling","status":"publish","type":"product","link":"https:\/\/repliquemangacine.fr\/en\/solo-leveling\/dague-de-baruka-solo-leveling\/","title":{"rendered":"Baruka Solo Leveling Dagger"},"content":{"rendered":"<h2>Baruka's Dagger Solo Leveling<\/h2>\n<p>First of all, immerse yourself in the dark world of Solo Leveling with this faithful replica of Baruka's dagger. Chief of the Ice Elves and formidable adversary of <a href=\"https:\/\/solo-leveling.fandom.com\/wiki\/Sung_Jinwoo\" target=\"_blank\" rel=\"noopener noreferrer\">Sung Jin-Woo<\/a>, Baruka wielded this weapon with frightening mastery. After his death, Jin-Woo himself made it one of his main weapons before obtaining the Demon King's daggers.<\/p>\n<p>This dagger, made of 440 stainless steel, offers an authentic and durable finish. Its curved blade is instantly recognizable. Enhanced by a blue ABS guard and pommel, it replicates the original design from the manhwa.  This unique piece allows you to relive those legendary battles and completes your collection with a replica worthy of the biggest fans.<\/p>\n<h2>Baruka, the Ice Elf with the legendary dagger<\/h2>\n<p>As an ice elf, Baruka had hair as white as snow. He had blue skin, white eyes, a cruel smile, black nails, and a purple leaf pattern on his forehead. He also wore a white and blue furry hat.<\/p>\n<p>Like the rest of his tribe, Baruka was egocentric and sadistic. He frequently boasted about his superior power and combat abilities during battle. He took great joy in killing humans. He was also remarkably intelligent for a magical beast. He determined that Sung Jinwoo was not completely human after knowing him for only a few minutes.<br \/>\nAs an S-Rank magical beast in a dungeon of the Red Gate, Baruka was considerably powerful, to the point that Jinwoo recognized he could never defeat it solo and only succeeded by triumphing over the ice elf with his strongest shadows at the time, Igris and Iron.<\/p>\n<h2>Solo Leveling replicas available on RMC<\/h2>\n<p>R\u00e9plique Manga Cin\u00e9 offers a unique selection of replicas from Solo Leveling. You'll find the famous <a href=\"https:\/\/repliquemangacine.fr\/en\/new-products\/dagger-moonshadow-solo-leveling\/\" target=\"_blank\" rel=\"noopener noreferrer\">Moonshadow dagger<\/a> by Sung Jinwoo. This legendary weapon perfectly illustrates his fast and precise style. The Demon King's Daggers are also among the new items available. Each piece is carefully designed to reflect the spirit of the manhwa.<\/p>\n<p>Each new item is chosen for its authenticity and quality of reproduction. We offer replicas from the greatest manga, video games, and cult films. Thanks to these iconic weapons, collectors can enrich their displays with unique pieces.<\/p>","protected":false},"excerpt":{"rendered":"<p>Superb replica of Baruka's Dagger in Solo Leveling<\/p>\n<ul>\n<li>Specially shaped 440 stainless steel blade.<\/li>\n<li>Blue ABS guard and knob with special design.<\/li>\n<li>Handle covered with moulded, ridged brown ABS for a good grip.<\/li>\n<li>Supplied with presentation stand<\/li>\n<li>Blade length: 59 cm with bend<\/li>\n<li>Total length: 69 cm<\/li>\n<\/ul>\n<p>&nbsp;<\/p>\n<p>&nbsp;<\/p>","protected":false},"featured_media":88365,"template":"","meta":[],"product_brand":[896],"product_cat":[895],"product_tag":[],"class_list":{"0":"post-88362","1":"product","2":"type-product","3":"status-publish","4":"has-post-thumbnail","6":"product_brand-replique-manga-cine","7":"product_cat-solo-leveling","9":"first","10":"instock","11":"taxable","12":"shipping-taxable","13":"purchasable","14":"product-type-simple"},"yoast_head":"<!-- This site is optimized with the Yoast SEO plugin v27.5 - https:\/\/yoast.com\/product\/yoast-seo-wordpress\/ -->\n<title>Dague de Baruka Solo Leveling - R\u00e9plique Manga Cin\u00e9<\/title>\n<meta name=\"description\" content=\"R\u00e9plique fid\u00e8le de la dague de Baruka dans Solo Leveling, en acier inoxydable 440 avec support. Id\u00e9al collectionneurs, cosplay et fans du manhwa. 69 cm.\" \/>\n<meta name=\"robots\" content=\"index, follow, max-snippet:-1, max-image-preview:large, max-video-preview:-1\" \/>\n<link rel=\"canonical\" href=\"https:\/\/repliquemangacine.fr\/en\/solo-leveling\/baruka-dagger-solo-leveling\/\" \/>\n<meta property=\"og:locale\" content=\"en_US\" \/>\n<meta property=\"og:type\" content=\"article\" \/>\n<meta property=\"og:title\" content=\"Dague de Baruka Solo Leveling - R\u00e9plique Manga Cin\u00e9\" \/>\n<meta property=\"og:description\" content=\"R\u00e9plique fid\u00e8le de la dague de Baruka dans Solo Leveling, en acier inoxydable 440 avec support. Id\u00e9al collectionneurs, cosplay et fans du manhwa. 69 cm.\" \/>\n<meta property=\"og:url\" content=\"https:\/\/repliquemangacine.fr\/en\/solo-leveling\/baruka-dagger-solo-leveling\/\" \/>\n<meta property=\"og:site_name\" content=\"R\u00e9plique Manga Cin\u00e9\" \/>\n<meta property=\"article:publisher\" content=\"https:\/\/www.facebook.com\/RepliqueMangaCine\" \/>\n<meta property=\"article:modified_time\" content=\"2026-04-23T10:35:09+00:00\" \/>\n<meta property=\"og:image\" content=\"https:\/\/repliquemangacine.fr\/wp-content\/uploads\/2025\/09\/Dague-Baruka-Solo-Leveling.jpg\" \/>\n\t<meta property=\"og:image:width\" content=\"700\" \/>\n\t<meta property=\"og:image:height\" content=\"700\" \/>\n\t<meta property=\"og:image:type\" content=\"image\/jpeg\" \/>\n<meta name=\"twitter:card\" content=\"summary_large_image\" \/>\n<meta name=\"twitter:label1\" content=\"Est. reading time\" \/>\n\t<meta name=\"twitter:data1\" content=\"3 minutes\" \/>\n<script type=\"application\/ld+json\" class=\"yoast-schema-graph\">{\"@context\":\"https:\\\/\\\/schema.org\",\"@graph\":[{\"@type\":\"WebPage\",\"@id\":\"https:\\\/\\\/repliquemangacine.fr\\\/solo-leveling\\\/dague-de-baruka-solo-leveling\\\/\",\"url\":\"https:\\\/\\\/repliquemangacine.fr\\\/solo-leveling\\\/dague-de-baruka-solo-leveling\\\/\",\"name\":\"Dague de Baruka Solo Leveling - R\u00e9plique Manga Cin\u00e9\",\"isPartOf\":{\"@id\":\"https:\\\/\\\/repliquemangacine.fr\\\/#website\"},\"primaryImageOfPage\":{\"@id\":\"https:\\\/\\\/repliquemangacine.fr\\\/solo-leveling\\\/dague-de-baruka-solo-leveling\\\/#primaryimage\"},\"image\":{\"@id\":\"https:\\\/\\\/repliquemangacine.fr\\\/solo-leveling\\\/dague-de-baruka-solo-leveling\\\/#primaryimage\"},\"thumbnailUrl\":\"https:\\\/\\\/repliquemangacine.fr\\\/wp-content\\\/uploads\\\/2025\\\/09\\\/Dague-Baruka-Solo-Leveling.jpg\",\"datePublished\":\"2025-09-14T14:26:55+00:00\",\"dateModified\":\"2026-04-23T10:35:09+00:00\",\"description\":\"R\u00e9plique fid\u00e8le de la dague de Baruka dans Solo Leveling, en acier inoxydable 440 avec support. Id\u00e9al collectionneurs, cosplay et fans du manhwa. 69 cm.\",\"breadcrumb\":{\"@id\":\"https:\\\/\\\/repliquemangacine.fr\\\/solo-leveling\\\/dague-de-baruka-solo-leveling\\\/#breadcrumb\"},\"inLanguage\":\"en-US\",\"potentialAction\":[{\"@type\":\"ReadAction\",\"target\":[\"https:\\\/\\\/repliquemangacine.fr\\\/solo-leveling\\\/dague-de-baruka-solo-leveling\\\/\"]}]},{\"@type\":\"ImageObject\",\"inLanguage\":\"en-US\",\"@id\":\"https:\\\/\\\/repliquemangacine.fr\\\/solo-leveling\\\/dague-de-baruka-solo-leveling\\\/#primaryimage\",\"url\":\"https:\\\/\\\/repliquemangacine.fr\\\/wp-content\\\/uploads\\\/2025\\\/09\\\/Dague-Baruka-Solo-Leveling.jpg\",\"contentUrl\":\"https:\\\/\\\/repliquemangacine.fr\\\/wp-content\\\/uploads\\\/2025\\\/09\\\/Dague-Baruka-Solo-Leveling.jpg\",\"width\":700,\"height\":700,\"caption\":\"Dague de Baruka Solo Leveling\"},{\"@type\":\"BreadcrumbList\",\"@id\":\"https:\\\/\\\/repliquemangacine.fr\\\/solo-leveling\\\/dague-de-baruka-solo-leveling\\\/#breadcrumb\",\"itemListElement\":[{\"@type\":\"ListItem\",\"position\":1,\"name\":\"Accueil\",\"item\":\"https:\\\/\\\/repliquemangacine.fr\\\/\"},{\"@type\":\"ListItem\",\"position\":2,\"name\":\"Produits\",\"item\":\"https:\\\/\\\/repliquemangacine.fr\\\/boutique\\\/\"},{\"@type\":\"ListItem\",\"position\":3,\"name\":\"Dague de Baruka Solo Leveling\"}]},{\"@type\":\"WebSite\",\"@id\":\"https:\\\/\\\/repliquemangacine.fr\\\/#website\",\"url\":\"https:\\\/\\\/repliquemangacine.fr\\\/\",\"name\":\"R\u00e9plique Manga Cin\u00e9\",\"description\":\"\",\"publisher\":{\"@id\":\"https:\\\/\\\/repliquemangacine.fr\\\/#organization\"},\"potentialAction\":[{\"@type\":\"SearchAction\",\"target\":{\"@type\":\"EntryPoint\",\"urlTemplate\":\"https:\\\/\\\/repliquemangacine.fr\\\/?s={search_term_string}\"},\"query-input\":{\"@type\":\"PropertyValueSpecification\",\"valueRequired\":true,\"valueName\":\"search_term_string\"}}],\"inLanguage\":\"en-US\"},{\"@type\":\"Organization\",\"@id\":\"https:\\\/\\\/repliquemangacine.fr\\\/#organization\",\"name\":\"R\u00e9plique Manga Cin\u00e9\",\"url\":\"https:\\\/\\\/repliquemangacine.fr\\\/\",\"logo\":{\"@type\":\"ImageObject\",\"inLanguage\":\"en-US\",\"@id\":\"https:\\\/\\\/repliquemangacine.fr\\\/#\\\/schema\\\/logo\\\/image\\\/\",\"url\":\"https:\\\/\\\/repliquemangacine.fr\\\/wp-content\\\/uploads\\\/2023\\\/10\\\/RMC-500250.png\",\"contentUrl\":\"https:\\\/\\\/repliquemangacine.fr\\\/wp-content\\\/uploads\\\/2023\\\/10\\\/RMC-500250.png\",\"width\":500,\"height\":250,\"caption\":\"R\u00e9plique Manga Cin\u00e9\"},\"image\":{\"@id\":\"https:\\\/\\\/repliquemangacine.fr\\\/#\\\/schema\\\/logo\\\/image\\\/\"},\"sameAs\":[\"https:\\\/\\\/www.facebook.com\\\/RepliqueMangaCine\",\"https:\\\/\\\/www.instagram.com\\\/repliquemangacine.fr\\\/\"]}]}<\/script>\n<!-- \/ Yoast SEO plugin. -->","yoast_head_json":{"title":"Baruka Solo Leveling Dagger - R\u00e9plique Manga Cin\u00e9","description":"Faithful replica of Baruka's dagger from Solo Leveling, in 440 stainless steel with stand. Ideal for collectors, cosplayers and manhwa fans. 69 cm.","robots":{"index":"index","follow":"follow","max-snippet":"max-snippet:-1","max-image-preview":"max-image-preview:large","max-video-preview":"max-video-preview:-1"},"canonical":"https:\/\/repliquemangacine.fr\/en\/solo-leveling\/baruka-dagger-solo-leveling\/","og_locale":"en_US","og_type":"article","og_title":"Dague de Baruka Solo Leveling - R\u00e9plique Manga Cin\u00e9","og_description":"R\u00e9plique fid\u00e8le de la dague de Baruka dans Solo Leveling, en acier inoxydable 440 avec support. Id\u00e9al collectionneurs, cosplay et fans du manhwa. 69 cm.","og_url":"https:\/\/repliquemangacine.fr\/en\/solo-leveling\/baruka-dagger-solo-leveling\/","og_site_name":"R\u00e9plique Manga Cin\u00e9","article_publisher":"https:\/\/www.facebook.com\/RepliqueMangaCine","article_modified_time":"2026-04-23T10:35:09+00:00","og_image":[{"width":700,"height":700,"url":"https:\/\/repliquemangacine.fr\/wp-content\/uploads\/2025\/09\/Dague-Baruka-Solo-Leveling.jpg","type":"image\/jpeg"}],"twitter_card":"summary_large_image","twitter_misc":{"Est. reading time":"3 minutes"},"schema":{"@context":"https:\/\/schema.org","@graph":[{"@type":"WebPage","@id":"https:\/\/repliquemangacine.fr\/solo-leveling\/dague-de-baruka-solo-leveling\/","url":"https:\/\/repliquemangacine.fr\/solo-leveling\/dague-de-baruka-solo-leveling\/","name":"Baruka Solo Leveling Dagger - R\u00e9plique Manga Cin\u00e9","isPartOf":{"@id":"https:\/\/repliquemangacine.fr\/#website"},"primaryImageOfPage":{"@id":"https:\/\/repliquemangacine.fr\/solo-leveling\/dague-de-baruka-solo-leveling\/#primaryimage"},"image":{"@id":"https:\/\/repliquemangacine.fr\/solo-leveling\/dague-de-baruka-solo-leveling\/#primaryimage"},"thumbnailUrl":"https:\/\/repliquemangacine.fr\/wp-content\/uploads\/2025\/09\/Dague-Baruka-Solo-Leveling.jpg","datePublished":"2025-09-14T14:26:55+00:00","dateModified":"2026-04-23T10:35:09+00:00","description":"Faithful replica of Baruka's dagger from Solo Leveling, in 440 stainless steel with stand. Ideal for collectors, cosplayers and manhwa fans. 69 cm.","breadcrumb":{"@id":"https:\/\/repliquemangacine.fr\/solo-leveling\/dague-de-baruka-solo-leveling\/#breadcrumb"},"inLanguage":"en-US","potentialAction":[{"@type":"ReadAction","target":["https:\/\/repliquemangacine.fr\/solo-leveling\/dague-de-baruka-solo-leveling\/"]}]},{"@type":"ImageObject","inLanguage":"en-US","@id":"https:\/\/repliquemangacine.fr\/solo-leveling\/dague-de-baruka-solo-leveling\/#primaryimage","url":"https:\/\/repliquemangacine.fr\/wp-content\/uploads\/2025\/09\/Dague-Baruka-Solo-Leveling.jpg","contentUrl":"https:\/\/repliquemangacine.fr\/wp-content\/uploads\/2025\/09\/Dague-Baruka-Solo-Leveling.jpg","width":700,"height":700,"caption":"Dague de Baruka Solo Leveling"},{"@type":"BreadcrumbList","@id":"https:\/\/repliquemangacine.fr\/solo-leveling\/dague-de-baruka-solo-leveling\/#breadcrumb","itemListElement":[{"@type":"ListItem","position":1,"name":"Accueil","item":"https:\/\/repliquemangacine.fr\/"},{"@type":"ListItem","position":2,"name":"Produits","item":"https:\/\/repliquemangacine.fr\/boutique\/"},{"@type":"ListItem","position":3,"name":"Dague de Baruka Solo Leveling"}]},{"@type":"WebSite","@id":"https:\/\/repliquemangacine.fr\/#website","url":"https:\/\/repliquemangacine.fr\/","name":"R\u00e9plique Manga Cin\u00e9","description":"","publisher":{"@id":"https:\/\/repliquemangacine.fr\/#organization"},"potentialAction":[{"@type":"SearchAction","target":{"@type":"EntryPoint","urlTemplate":"https:\/\/repliquemangacine.fr\/?s={search_term_string}"},"query-input":{"@type":"PropertyValueSpecification","valueRequired":true,"valueName":"search_term_string"}}],"inLanguage":"en-US"},{"@type":"Organization","@id":"https:\/\/repliquemangacine.fr\/#organization","name":"R\u00e9plique Manga Cin\u00e9","url":"https:\/\/repliquemangacine.fr\/","logo":{"@type":"ImageObject","inLanguage":"en-US","@id":"https:\/\/repliquemangacine.fr\/#\/schema\/logo\/image\/","url":"https:\/\/repliquemangacine.fr\/wp-content\/uploads\/2023\/10\/RMC-500250.png","contentUrl":"https:\/\/repliquemangacine.fr\/wp-content\/uploads\/2023\/10\/RMC-500250.png","width":500,"height":250,"caption":"R\u00e9plique Manga Cin\u00e9"},"image":{"@id":"https:\/\/repliquemangacine.fr\/#\/schema\/logo\/image\/"},"sameAs":["https:\/\/www.facebook.com\/RepliqueMangaCine","https:\/\/www.instagram.com\/repliquemangacine.fr\/"]}]}},"_links":{"self":[{"href":"https:\/\/repliquemangacine.fr\/en\/wp-json\/wp\/v2\/product\/88362","targetHints":{"allow":["GET"]}}],"collection":[{"href":"https:\/\/repliquemangacine.fr\/en\/wp-json\/wp\/v2\/product"}],"about":[{"href":"https:\/\/repliquemangacine.fr\/en\/wp-json\/wp\/v2\/types\/product"}],"wp:featuredmedia":[{"embeddable":true,"href":"https:\/\/repliquemangacine.fr\/en\/wp-json\/wp\/v2\/media\/88365"}],"wp:attachment":[{"href":"https:\/\/repliquemangacine.fr\/en\/wp-json\/wp\/v2\/media?parent=88362"}],"wp:term":[{"taxonomy":"product_brand","embeddable":true,"href":"https:\/\/repliquemangacine.fr\/en\/wp-json\/wp\/v2\/product_brand?post=88362"},{"taxonomy":"product_cat","embeddable":true,"href":"https:\/\/repliquemangacine.fr\/en\/wp-json\/wp\/v2\/product_cat?post=88362"},{"taxonomy":"product_tag","embeddable":true,"href":"https:\/\/repliquemangacine.fr\/en\/wp-json\/wp\/v2\/product_tag?post=88362"}],"curies":[{"name":"wp","href":"https:\/\/api.w.org\/{rel}","templated":true}]}}