





{"id":88233,"date":"2025-09-09T16:41:35","date_gmt":"2025-09-09T14:41:35","guid":{"rendered":"https:\/\/repliquemangacine.fr\/?post_type=product&#038;p=88233"},"modified":"2026-02-19T11:30:09","modified_gmt":"2026-02-19T10:30:09","slug":"traditional-tang-dynasty-saber","status":"publish","type":"product","link":"https:\/\/repliquemangacine.fr\/en\/epees-et-dagues-fantasy\/sabre-traditionnel-de-la-dynastie-tang\/","title":{"rendered":"traditional Tang dynasty saber"},"content":{"rendered":"<h2>The traditional sword of the Tang dynasty<\/h2>\n<p>A superb replica of the traditional Chinese sword from the Tang dynasty. This emblematic weapon, called a jian, is one of the oldest Chinese swords. In use for over 2,500 years, it symbolizes both power and refinement. During the Tang dynasty, the jian was not only a fighting weapon, but also an object of prestige worn by nobles and scholars.<\/p>\n<p>This faithful reproduction captures the elegance and finesse of the original weapon. It features: a richly decorated circular guard, here with a dragon motif, an imperial symbol of power and protection. An engraved handle, offering both elegance and firmness. An ornate scabbard, which was not only practical but also a sign of social status. A straight, long, well-balanced blade, suitable for both thrusting and precise cutting.<\/p>\n<h2>A sword of prestige and tradition<\/h2>\n<p>Visit <a href=\"https:\/\/samurai-chronicles.fandom.com\/fr\/wiki\/Jian\" target=\"_blank\" rel=\"noopener noreferrer\">jian<\/a> is known as the \"gentlemen's weapon\", because it represents both culture and martial art. Unlike Japanese curved swords, this sword is straight and has two cutting edges. It enables precise, balanced attacks, perfect for both thrusts and cuts. This replica highlights all the refined details that made Tang weapons great. The finely decorated metal guard, the scabbard adorned with traditional motifs and the well-balanced blade bear witness to quality craftsmanship. It's a piece that embodies strength and elegance in a single weapon. In conclusion, to own a Tang-style jian is to own a piece of Chinese history and heritage.<\/p>\n<h2>R\u00e9plique Manga Cin\u00e9 and its historical collections<\/h2>\n<p>At R\u00e9plique Manga Cin\u00e9, this traditional Tang dynasty saber joins a unique collection dedicated to historic Chinese weapons. Discover also the<a href=\"https:\/\/repliquemangacine.fr\/en\/katana-decoration\/ming-dynasty-traditional-sword\/\" target=\"_blank\" rel=\"noopener noreferrer\">Traditional Ming Dynasty Sword<\/a>a refined piece recalling the power and culture of this great era. We also offer a <a href=\"https:\/\/repliquemangacine.fr\/en\/katana-decoration\/traditional-tang-dynasty-sword\/\" target=\"_blank\" rel=\"noopener noreferrer\">Traditional Tang Dynasty sword with dragon guard<\/a>a symbol of prestige and protection in the Chinese empire. These faithful replicas highlight ancestral know-how and appeal to passionate collectors. Each sword is carefully selected for the quality of its finish and authenticity. With these exceptional pieces, you can enrich your collection of oriental and historical weapons while preserving the heritage of ancient civilizations.<\/p>","protected":false},"excerpt":{"rendered":"<p>A magnificent traditional sword from the Tang dynasty, an emblematic piece of Chinese military and cultural history.<\/p>\n<ul>\n<li>Straight stainless steel blade with elegant engraving.<\/li>\n<li>Circular guard in solid aged steel with dragon decoration.<\/li>\n<li>Solid steel knob also richly decorated.<\/li>\n<li>Long steel handle richly decorated with dragon and leather strap in the middle for a good grip.<\/li>\n<li>Wooden scabbard covered in thick black cloth with dragon decoration.<\/li>\n<li>Three ornamental pieces in aged steel, finely decorated with dragons along the scabbard.<\/li>\n<li>Black cord with two pompoms and wooden beads<\/li>\n<li>Blade length: 71.5 cm - Total length without scabbard: 108 cm and 113 cm with scabbard<\/li>\n<li>Weight: 1850g sword alone and 2550g with scabbard<\/li>\n<\/ul>","protected":false},"featured_media":88235,"template":"","meta":[],"product_brand":[896],"product_cat":[44],"product_tag":[],"class_list":{"0":"post-88233","1":"product","2":"type-product","3":"status-publish","4":"has-post-thumbnail","6":"product_brand-replique-manga-cine","7":"product_cat-epees-et-dagues-fantasy","9":"first","10":"instock","11":"taxable","12":"shipping-taxable","13":"purchasable","14":"product-type-simple"},"yoast_head":"<!-- This site is optimized with the Yoast SEO plugin v27.5 - https:\/\/yoast.com\/product\/yoast-seo-wordpress\/ -->\n<title>sabre traditionnel de la dynastie Tang - R\u00e9plique Manga Cin\u00e9<\/title>\n<meta name=\"description\" content=\"D\u00e9couvrez l\u2019\u00e9l\u00e9gance du sabre traditionnel de la dynastie Tang. R\u00e9plique historique avec garde dragon. Pour passionn\u00e9s d\u2019armes orientales.\" \/>\n<meta name=\"robots\" content=\"index, follow, max-snippet:-1, max-image-preview:large, max-video-preview:-1\" \/>\n<link rel=\"canonical\" href=\"https:\/\/repliquemangacine.fr\/en\/fantasy-swords-and-daggers\/traditional-tang-dynasty-saber\/\" \/>\n<meta property=\"og:locale\" content=\"en_US\" \/>\n<meta property=\"og:type\" content=\"article\" \/>\n<meta property=\"og:title\" content=\"sabre traditionnel de la dynastie Tang - R\u00e9plique Manga Cin\u00e9\" \/>\n<meta property=\"og:description\" content=\"D\u00e9couvrez l\u2019\u00e9l\u00e9gance du sabre traditionnel de la dynastie Tang. R\u00e9plique historique avec garde dragon. Pour passionn\u00e9s d\u2019armes orientales.\" \/>\n<meta property=\"og:url\" content=\"https:\/\/repliquemangacine.fr\/en\/fantasy-swords-and-daggers\/traditional-tang-dynasty-saber\/\" \/>\n<meta property=\"og:site_name\" content=\"R\u00e9plique Manga Cin\u00e9\" \/>\n<meta property=\"article:publisher\" content=\"https:\/\/www.facebook.com\/RepliqueMangaCine\" \/>\n<meta property=\"article:modified_time\" content=\"2026-02-19T10:30:09+00:00\" \/>\n<meta property=\"og:image\" content=\"https:\/\/repliquemangacine.fr\/wp-content\/uploads\/2025\/09\/Epee-Dynastie-Tang.jpg\" \/>\n\t<meta property=\"og:image:width\" content=\"700\" \/>\n\t<meta property=\"og:image:height\" content=\"700\" \/>\n\t<meta property=\"og:image:type\" content=\"image\/jpeg\" \/>\n<meta name=\"twitter:card\" content=\"summary_large_image\" \/>\n<meta name=\"twitter:label1\" content=\"Est. reading time\" \/>\n\t<meta name=\"twitter:data1\" content=\"3 minutes\" \/>\n<script type=\"application\/ld+json\" class=\"yoast-schema-graph\">{\"@context\":\"https:\\\/\\\/schema.org\",\"@graph\":[{\"@type\":\"WebPage\",\"@id\":\"https:\\\/\\\/repliquemangacine.fr\\\/epees-et-dagues-fantasy\\\/sabre-traditionnel-de-la-dynastie-tang\\\/\",\"url\":\"https:\\\/\\\/repliquemangacine.fr\\\/epees-et-dagues-fantasy\\\/sabre-traditionnel-de-la-dynastie-tang\\\/\",\"name\":\"sabre traditionnel de la dynastie Tang - R\u00e9plique Manga Cin\u00e9\",\"isPartOf\":{\"@id\":\"https:\\\/\\\/repliquemangacine.fr\\\/#website\"},\"primaryImageOfPage\":{\"@id\":\"https:\\\/\\\/repliquemangacine.fr\\\/epees-et-dagues-fantasy\\\/sabre-traditionnel-de-la-dynastie-tang\\\/#primaryimage\"},\"image\":{\"@id\":\"https:\\\/\\\/repliquemangacine.fr\\\/epees-et-dagues-fantasy\\\/sabre-traditionnel-de-la-dynastie-tang\\\/#primaryimage\"},\"thumbnailUrl\":\"https:\\\/\\\/repliquemangacine.fr\\\/wp-content\\\/uploads\\\/2025\\\/09\\\/Epee-Dynastie-Tang.jpg\",\"datePublished\":\"2025-09-09T14:41:35+00:00\",\"dateModified\":\"2026-02-19T10:30:09+00:00\",\"description\":\"D\u00e9couvrez l\u2019\u00e9l\u00e9gance du sabre traditionnel de la dynastie Tang. R\u00e9plique historique avec garde dragon. Pour passionn\u00e9s d\u2019armes orientales.\",\"breadcrumb\":{\"@id\":\"https:\\\/\\\/repliquemangacine.fr\\\/epees-et-dagues-fantasy\\\/sabre-traditionnel-de-la-dynastie-tang\\\/#breadcrumb\"},\"inLanguage\":\"en-US\",\"potentialAction\":[{\"@type\":\"ReadAction\",\"target\":[\"https:\\\/\\\/repliquemangacine.fr\\\/epees-et-dagues-fantasy\\\/sabre-traditionnel-de-la-dynastie-tang\\\/\"]}]},{\"@type\":\"ImageObject\",\"inLanguage\":\"en-US\",\"@id\":\"https:\\\/\\\/repliquemangacine.fr\\\/epees-et-dagues-fantasy\\\/sabre-traditionnel-de-la-dynastie-tang\\\/#primaryimage\",\"url\":\"https:\\\/\\\/repliquemangacine.fr\\\/wp-content\\\/uploads\\\/2025\\\/09\\\/Epee-Dynastie-Tang.jpg\",\"contentUrl\":\"https:\\\/\\\/repliquemangacine.fr\\\/wp-content\\\/uploads\\\/2025\\\/09\\\/Epee-Dynastie-Tang.jpg\",\"width\":700,\"height\":700,\"caption\":\"sabre traditionnel de la dynastie Tang\"},{\"@type\":\"BreadcrumbList\",\"@id\":\"https:\\\/\\\/repliquemangacine.fr\\\/epees-et-dagues-fantasy\\\/sabre-traditionnel-de-la-dynastie-tang\\\/#breadcrumb\",\"itemListElement\":[{\"@type\":\"ListItem\",\"position\":1,\"name\":\"Accueil\",\"item\":\"https:\\\/\\\/repliquemangacine.fr\\\/\"},{\"@type\":\"ListItem\",\"position\":2,\"name\":\"Produits\",\"item\":\"https:\\\/\\\/repliquemangacine.fr\\\/boutique\\\/\"},{\"@type\":\"ListItem\",\"position\":3,\"name\":\"sabre traditionnel de la dynastie Tang\"}]},{\"@type\":\"WebSite\",\"@id\":\"https:\\\/\\\/repliquemangacine.fr\\\/#website\",\"url\":\"https:\\\/\\\/repliquemangacine.fr\\\/\",\"name\":\"R\u00e9plique Manga Cin\u00e9\",\"description\":\"\",\"publisher\":{\"@id\":\"https:\\\/\\\/repliquemangacine.fr\\\/#organization\"},\"potentialAction\":[{\"@type\":\"SearchAction\",\"target\":{\"@type\":\"EntryPoint\",\"urlTemplate\":\"https:\\\/\\\/repliquemangacine.fr\\\/?s={search_term_string}\"},\"query-input\":{\"@type\":\"PropertyValueSpecification\",\"valueRequired\":true,\"valueName\":\"search_term_string\"}}],\"inLanguage\":\"en-US\"},{\"@type\":\"Organization\",\"@id\":\"https:\\\/\\\/repliquemangacine.fr\\\/#organization\",\"name\":\"R\u00e9plique Manga Cin\u00e9\",\"url\":\"https:\\\/\\\/repliquemangacine.fr\\\/\",\"logo\":{\"@type\":\"ImageObject\",\"inLanguage\":\"en-US\",\"@id\":\"https:\\\/\\\/repliquemangacine.fr\\\/#\\\/schema\\\/logo\\\/image\\\/\",\"url\":\"https:\\\/\\\/repliquemangacine.fr\\\/wp-content\\\/uploads\\\/2023\\\/10\\\/RMC-500250.png\",\"contentUrl\":\"https:\\\/\\\/repliquemangacine.fr\\\/wp-content\\\/uploads\\\/2023\\\/10\\\/RMC-500250.png\",\"width\":500,\"height\":250,\"caption\":\"R\u00e9plique Manga Cin\u00e9\"},\"image\":{\"@id\":\"https:\\\/\\\/repliquemangacine.fr\\\/#\\\/schema\\\/logo\\\/image\\\/\"},\"sameAs\":[\"https:\\\/\\\/www.facebook.com\\\/RepliqueMangaCine\",\"https:\\\/\\\/www.instagram.com\\\/repliquemangacine.fr\\\/\"]}]}<\/script>\n<!-- \/ Yoast SEO plugin. -->","yoast_head_json":{"title":"traditional Tang dynasty saber - R\u00e9plique Manga Cin\u00e9","description":"Discover the elegance of the traditional Tang dynasty sword. Historical replica with dragon guard. For oriental weapons enthusiasts.","robots":{"index":"index","follow":"follow","max-snippet":"max-snippet:-1","max-image-preview":"max-image-preview:large","max-video-preview":"max-video-preview:-1"},"canonical":"https:\/\/repliquemangacine.fr\/en\/fantasy-swords-and-daggers\/traditional-tang-dynasty-saber\/","og_locale":"en_US","og_type":"article","og_title":"sabre traditionnel de la dynastie Tang - R\u00e9plique Manga Cin\u00e9","og_description":"D\u00e9couvrez l\u2019\u00e9l\u00e9gance du sabre traditionnel de la dynastie Tang. R\u00e9plique historique avec garde dragon. Pour passionn\u00e9s d\u2019armes orientales.","og_url":"https:\/\/repliquemangacine.fr\/en\/fantasy-swords-and-daggers\/traditional-tang-dynasty-saber\/","og_site_name":"R\u00e9plique Manga Cin\u00e9","article_publisher":"https:\/\/www.facebook.com\/RepliqueMangaCine","article_modified_time":"2026-02-19T10:30:09+00:00","og_image":[{"width":700,"height":700,"url":"https:\/\/repliquemangacine.fr\/wp-content\/uploads\/2025\/09\/Epee-Dynastie-Tang.jpg","type":"image\/jpeg"}],"twitter_card":"summary_large_image","twitter_misc":{"Est. reading time":"3 minutes"},"schema":{"@context":"https:\/\/schema.org","@graph":[{"@type":"WebPage","@id":"https:\/\/repliquemangacine.fr\/epees-et-dagues-fantasy\/sabre-traditionnel-de-la-dynastie-tang\/","url":"https:\/\/repliquemangacine.fr\/epees-et-dagues-fantasy\/sabre-traditionnel-de-la-dynastie-tang\/","name":"traditional Tang dynasty saber - R\u00e9plique Manga Cin\u00e9","isPartOf":{"@id":"https:\/\/repliquemangacine.fr\/#website"},"primaryImageOfPage":{"@id":"https:\/\/repliquemangacine.fr\/epees-et-dagues-fantasy\/sabre-traditionnel-de-la-dynastie-tang\/#primaryimage"},"image":{"@id":"https:\/\/repliquemangacine.fr\/epees-et-dagues-fantasy\/sabre-traditionnel-de-la-dynastie-tang\/#primaryimage"},"thumbnailUrl":"https:\/\/repliquemangacine.fr\/wp-content\/uploads\/2025\/09\/Epee-Dynastie-Tang.jpg","datePublished":"2025-09-09T14:41:35+00:00","dateModified":"2026-02-19T10:30:09+00:00","description":"Discover the elegance of the traditional Tang dynasty sword. Historical replica with dragon guard. For oriental weapons enthusiasts.","breadcrumb":{"@id":"https:\/\/repliquemangacine.fr\/epees-et-dagues-fantasy\/sabre-traditionnel-de-la-dynastie-tang\/#breadcrumb"},"inLanguage":"en-US","potentialAction":[{"@type":"ReadAction","target":["https:\/\/repliquemangacine.fr\/epees-et-dagues-fantasy\/sabre-traditionnel-de-la-dynastie-tang\/"]}]},{"@type":"ImageObject","inLanguage":"en-US","@id":"https:\/\/repliquemangacine.fr\/epees-et-dagues-fantasy\/sabre-traditionnel-de-la-dynastie-tang\/#primaryimage","url":"https:\/\/repliquemangacine.fr\/wp-content\/uploads\/2025\/09\/Epee-Dynastie-Tang.jpg","contentUrl":"https:\/\/repliquemangacine.fr\/wp-content\/uploads\/2025\/09\/Epee-Dynastie-Tang.jpg","width":700,"height":700,"caption":"sabre traditionnel de la dynastie Tang"},{"@type":"BreadcrumbList","@id":"https:\/\/repliquemangacine.fr\/epees-et-dagues-fantasy\/sabre-traditionnel-de-la-dynastie-tang\/#breadcrumb","itemListElement":[{"@type":"ListItem","position":1,"name":"Accueil","item":"https:\/\/repliquemangacine.fr\/"},{"@type":"ListItem","position":2,"name":"Produits","item":"https:\/\/repliquemangacine.fr\/boutique\/"},{"@type":"ListItem","position":3,"name":"sabre traditionnel de la dynastie Tang"}]},{"@type":"WebSite","@id":"https:\/\/repliquemangacine.fr\/#website","url":"https:\/\/repliquemangacine.fr\/","name":"R\u00e9plique Manga Cin\u00e9","description":"","publisher":{"@id":"https:\/\/repliquemangacine.fr\/#organization"},"potentialAction":[{"@type":"SearchAction","target":{"@type":"EntryPoint","urlTemplate":"https:\/\/repliquemangacine.fr\/?s={search_term_string}"},"query-input":{"@type":"PropertyValueSpecification","valueRequired":true,"valueName":"search_term_string"}}],"inLanguage":"en-US"},{"@type":"Organization","@id":"https:\/\/repliquemangacine.fr\/#organization","name":"R\u00e9plique Manga Cin\u00e9","url":"https:\/\/repliquemangacine.fr\/","logo":{"@type":"ImageObject","inLanguage":"en-US","@id":"https:\/\/repliquemangacine.fr\/#\/schema\/logo\/image\/","url":"https:\/\/repliquemangacine.fr\/wp-content\/uploads\/2023\/10\/RMC-500250.png","contentUrl":"https:\/\/repliquemangacine.fr\/wp-content\/uploads\/2023\/10\/RMC-500250.png","width":500,"height":250,"caption":"R\u00e9plique Manga Cin\u00e9"},"image":{"@id":"https:\/\/repliquemangacine.fr\/#\/schema\/logo\/image\/"},"sameAs":["https:\/\/www.facebook.com\/RepliqueMangaCine","https:\/\/www.instagram.com\/repliquemangacine.fr\/"]}]}},"_links":{"self":[{"href":"https:\/\/repliquemangacine.fr\/en\/wp-json\/wp\/v2\/product\/88233","targetHints":{"allow":["GET"]}}],"collection":[{"href":"https:\/\/repliquemangacine.fr\/en\/wp-json\/wp\/v2\/product"}],"about":[{"href":"https:\/\/repliquemangacine.fr\/en\/wp-json\/wp\/v2\/types\/product"}],"wp:featuredmedia":[{"embeddable":true,"href":"https:\/\/repliquemangacine.fr\/en\/wp-json\/wp\/v2\/media\/88235"}],"wp:attachment":[{"href":"https:\/\/repliquemangacine.fr\/en\/wp-json\/wp\/v2\/media?parent=88233"}],"wp:term":[{"taxonomy":"product_brand","embeddable":true,"href":"https:\/\/repliquemangacine.fr\/en\/wp-json\/wp\/v2\/product_brand?post=88233"},{"taxonomy":"product_cat","embeddable":true,"href":"https:\/\/repliquemangacine.fr\/en\/wp-json\/wp\/v2\/product_cat?post=88233"},{"taxonomy":"product_tag","embeddable":true,"href":"https:\/\/repliquemangacine.fr\/en\/wp-json\/wp\/v2\/product_tag?post=88233"}],"curies":[{"name":"wp","href":"https:\/\/api.w.org\/{rel}","templated":true}]}}