





{"id":87782,"date":"2025-08-26T19:53:41","date_gmt":"2025-08-26T17:53:41","guid":{"rendered":"https:\/\/repliquemangacine.fr\/?post_type=product&#038;p=87782"},"modified":"2026-02-19T11:28:54","modified_gmt":"2026-02-19T10:28:54","slug":"luger-p08-parabellum-nickele","status":"publish","type":"product","link":"https:\/\/repliquemangacine.fr\/en\/reproductions-armes-seconde-guerre-mondiale-denix\/luger-p08-parabellum-nickele\/","title":{"rendered":"Luger P08 Parabellum Nickel-plated"},"content":{"rendered":"<h2>Luger P08 Parabellum Nickel\u00e9: mythical weapon and exceptional replica<\/h2>\n<p>Visit <strong>Luger P08 Parabellum Nickel-plated<\/strong> is one of history's most emblematic weapons. Designed by German engineer Georg Luger in the late 19th century. Adopted by the Imperial German Army in 1908, hence the name P08. Unmistakable thanks to its unique locking system and refined aesthetics. It quickly established itself as a formidable and prestigious handgun.<\/p>\n<p>Our Denix replica faithfully reproduces this historic symbol in a nickel-plated version. With a shiny chrome finish that enhances every detail. Its solid metal frame, molded ABS grip plates and functional mechanism reproduce the sensations of loading and firing without danger. Equipped with a removable magazine, this 25.5 cm, 975 g reproduction combines realism and elegance, while being free for sale and requiring no authorization for collection.<\/p>\n<h2>The role of the Luger P08 in the Second World War<\/h2>\n<p>During the Second World War, the Luger P08 became one of the most widely used pistols in the German army. Although it was gradually replaced by the Walther P38 from 1938 onwards. It retained a unique prestige and was carried by many German officers. Indeed, it symbolized the prestige and military power of the <a href=\"https:\/\/encyclopedia.ushmm.org\/content\/fr\/article\/third-reich-an-overview\" target=\"_blank\" rel=\"noopener noreferrer\">Reich<\/a>.  Its precision, reliability and recognizable design made it a feared weapon on the battlefield.<\/p>\n<p>The Luger P08 was not only a weapon, but also a much sought-after trophy for Allied and Resistance soldiers, who considered it a prestigious prize of war. Its slim silhouette and innovative mechanical system left a lasting impression on the collective imagination. Even today, it is considered one of the most mythical pistols of the 20th century. Thanks to Denix, this nickel-plated replica allows collectors and militaria enthusiasts to get closer to a piece of this inescapable military history.<\/p>\n<h2>Dive into the heart of World War II with Denix<\/h2>\n<p>Our R\u00e9plique Manga Cin\u00e9 store offers much more than the famous <strong>Luger P08 Parabellum Nickel-plated<\/strong>. We offer a wide range of Denix reproductions related to the Second World War. In the field of German weaponry, you'll find the essential <a href=\"https:\/\/repliquemangacine.fr\/en\/denix\/mp40-sub-machin-gun\/\">MP40<\/a>the machine pistol used extensively by the Wehrmacht. As well as the legendary <a href=\"https:\/\/repliquemangacine.fr\/en\/reproductions-weapons-second-world-war-denix\/mg34-maschinengewehr-34\/\">MG34 machine gun<\/a>the first modern automatic weapon to be adopted en masse by the German army.<\/p>\n<p>On the allied side, we also offer reproductions of iconic weapons such as the <a href=\"https:\/\/repliquemangacine.fr\/en\/reproductions-weapons-second-world-war-denix\/m1-garand-patine-vieilli-denix\/\" target=\"_blank\" rel=\"noopener noreferrer\">M1 Garand rifle<\/a> in a weathered and aged version, used by the American army, or the automatic pistol <a href=\"https:\/\/repliquemangacine.fr\/en\/reproductions-weapons-second-world-war-denix\/automatic-pistol-m1911a1-patinated-and-aged\/\" target=\"_blank\" rel=\"noopener noreferrer\">M1911A1<\/a>in several versions. Fans of British military history will appreciate the <a href=\"https:\/\/repliquemangacine.fr\/en\/reproductions-weapons-second-world-war-denix\/lee-enfield-smle-mark-iii-english-rifle\/\" target=\"_blank\" rel=\"noopener noreferrer\">Lee-Enfield SMLE Mark III rifle<\/a>The Denix is the main weapon of the UK forces. Each Denix replica combines impressive attention to detail with exemplary build quality. We offer a very wide choice of militaria replicas. Offering collectors an immersive journey through the history of the 20th century.<\/p>","protected":false},"excerpt":{"rendered":"<p>Superb reproduction of Denix's nickel-plated Luger P08 Parabellum pistol.<\/p>\n<ul>\n<li>Shiny chrome metal frame<\/li>\n<li>Molded ABS stock plates<\/li>\n<li>Functional mechanism to simulate loading and firing<\/li>\n<li>Removable charger<\/li>\n<li>No authorization required. Free sale and possession.<\/li>\n<li>Total length: 25.5 cm - Weight: 975 gr<\/li>\n<\/ul>","protected":false},"featured_media":87783,"template":"","meta":[],"product_brand":[896],"product_cat":[102,54,40,76],"product_tag":[],"class_list":{"0":"post-87782","1":"product","2":"type-product","3":"status-publish","4":"has-post-thumbnail","6":"product_brand-replique-manga-cine","7":"product_cat-denix","8":"product_cat-armes-accessoires-guerre-mondiale","9":"product_cat-pistolet-moderne","10":"product_cat-reproductions-armes-seconde-guerre-mondiale-denix","12":"first","13":"instock","14":"taxable","15":"shipping-taxable","16":"purchasable","17":"product-type-simple"},"yoast_head":"<!-- This site is optimized with the Yoast SEO plugin v27.4 - https:\/\/yoast.com\/product\/yoast-seo-wordpress\/ -->\n<title>Luger P08 Parabellum Nickel\u00e9 - R\u00e9plique Manga Cin\u00e9<\/title>\n<meta name=\"description\" content=\"R\u00e9plique du Luger P08 Parabellum Nickel\u00e9. Arme allemande mythique, chrome brillant, m\u00e9canisme fonctionnel. Collection militaire Seconde Guerre mondiale.\" \/>\n<meta name=\"robots\" content=\"index, follow, max-snippet:-1, max-image-preview:large, max-video-preview:-1\" \/>\n<link rel=\"canonical\" href=\"https:\/\/repliquemangacine.fr\/en\/reproductions-weapons-second-world-war-denix\/luger-p08-parabellum-nickele\/\" \/>\n<meta property=\"og:locale\" content=\"en_US\" \/>\n<meta property=\"og:type\" content=\"article\" \/>\n<meta property=\"og:title\" content=\"Luger P08 Parabellum Nickel\u00e9 - R\u00e9plique Manga Cin\u00e9\" \/>\n<meta property=\"og:description\" content=\"R\u00e9plique du Luger P08 Parabellum Nickel\u00e9. Arme allemande mythique, chrome brillant, m\u00e9canisme fonctionnel. Collection militaire Seconde Guerre mondiale.\" \/>\n<meta property=\"og:url\" content=\"https:\/\/repliquemangacine.fr\/en\/reproductions-weapons-second-world-war-denix\/luger-p08-parabellum-nickele\/\" \/>\n<meta property=\"og:site_name\" content=\"R\u00e9plique Manga Cin\u00e9\" \/>\n<meta property=\"article:publisher\" content=\"https:\/\/www.facebook.com\/RepliqueMangaCine\" \/>\n<meta property=\"article:modified_time\" content=\"2026-02-19T10:28:54+00:00\" \/>\n<meta property=\"og:image\" content=\"https:\/\/repliquemangacine.fr\/wp-content\/uploads\/2025\/08\/Luger-P08-Parabellum-Nickele-Denix.jpg\" \/>\n\t<meta property=\"og:image:width\" content=\"700\" \/>\n\t<meta property=\"og:image:height\" content=\"700\" \/>\n\t<meta property=\"og:image:type\" content=\"image\/jpeg\" \/>\n<meta name=\"twitter:card\" content=\"summary_large_image\" \/>\n<meta name=\"twitter:label1\" content=\"Est. reading time\" \/>\n\t<meta name=\"twitter:data1\" content=\"3 minutes\" \/>\n<script type=\"application\/ld+json\" class=\"yoast-schema-graph\">{\"@context\":\"https:\\\/\\\/schema.org\",\"@graph\":[{\"@type\":\"WebPage\",\"@id\":\"https:\\\/\\\/repliquemangacine.fr\\\/reproductions-armes-seconde-guerre-mondiale-denix\\\/luger-p08-parabellum-nickele\\\/\",\"url\":\"https:\\\/\\\/repliquemangacine.fr\\\/reproductions-armes-seconde-guerre-mondiale-denix\\\/luger-p08-parabellum-nickele\\\/\",\"name\":\"Luger P08 Parabellum Nickel\u00e9 - R\u00e9plique Manga Cin\u00e9\",\"isPartOf\":{\"@id\":\"https:\\\/\\\/repliquemangacine.fr\\\/#website\"},\"primaryImageOfPage\":{\"@id\":\"https:\\\/\\\/repliquemangacine.fr\\\/reproductions-armes-seconde-guerre-mondiale-denix\\\/luger-p08-parabellum-nickele\\\/#primaryimage\"},\"image\":{\"@id\":\"https:\\\/\\\/repliquemangacine.fr\\\/reproductions-armes-seconde-guerre-mondiale-denix\\\/luger-p08-parabellum-nickele\\\/#primaryimage\"},\"thumbnailUrl\":\"https:\\\/\\\/repliquemangacine.fr\\\/wp-content\\\/uploads\\\/2025\\\/08\\\/Luger-P08-Parabellum-Nickele-Denix.jpg\",\"datePublished\":\"2025-08-26T17:53:41+00:00\",\"dateModified\":\"2026-02-19T10:28:54+00:00\",\"description\":\"R\u00e9plique du Luger P08 Parabellum Nickel\u00e9. Arme allemande mythique, chrome brillant, m\u00e9canisme fonctionnel. Collection militaire Seconde Guerre mondiale.\",\"breadcrumb\":{\"@id\":\"https:\\\/\\\/repliquemangacine.fr\\\/reproductions-armes-seconde-guerre-mondiale-denix\\\/luger-p08-parabellum-nickele\\\/#breadcrumb\"},\"inLanguage\":\"en-US\",\"potentialAction\":[{\"@type\":\"ReadAction\",\"target\":[\"https:\\\/\\\/repliquemangacine.fr\\\/reproductions-armes-seconde-guerre-mondiale-denix\\\/luger-p08-parabellum-nickele\\\/\"]}]},{\"@type\":\"ImageObject\",\"inLanguage\":\"en-US\",\"@id\":\"https:\\\/\\\/repliquemangacine.fr\\\/reproductions-armes-seconde-guerre-mondiale-denix\\\/luger-p08-parabellum-nickele\\\/#primaryimage\",\"url\":\"https:\\\/\\\/repliquemangacine.fr\\\/wp-content\\\/uploads\\\/2025\\\/08\\\/Luger-P08-Parabellum-Nickele-Denix.jpg\",\"contentUrl\":\"https:\\\/\\\/repliquemangacine.fr\\\/wp-content\\\/uploads\\\/2025\\\/08\\\/Luger-P08-Parabellum-Nickele-Denix.jpg\",\"width\":700,\"height\":700,\"caption\":\"Luger P08 Parabellum Nickel\u00e9 Denix\"},{\"@type\":\"BreadcrumbList\",\"@id\":\"https:\\\/\\\/repliquemangacine.fr\\\/reproductions-armes-seconde-guerre-mondiale-denix\\\/luger-p08-parabellum-nickele\\\/#breadcrumb\",\"itemListElement\":[{\"@type\":\"ListItem\",\"position\":1,\"name\":\"Accueil\",\"item\":\"https:\\\/\\\/repliquemangacine.fr\\\/\"},{\"@type\":\"ListItem\",\"position\":2,\"name\":\"Produits\",\"item\":\"https:\\\/\\\/repliquemangacine.fr\\\/boutique\\\/\"},{\"@type\":\"ListItem\",\"position\":3,\"name\":\"Luger P08 Parabellum Nickel\u00e9\"}]},{\"@type\":\"WebSite\",\"@id\":\"https:\\\/\\\/repliquemangacine.fr\\\/#website\",\"url\":\"https:\\\/\\\/repliquemangacine.fr\\\/\",\"name\":\"R\u00e9plique Manga Cin\u00e9\",\"description\":\"\",\"publisher\":{\"@id\":\"https:\\\/\\\/repliquemangacine.fr\\\/#organization\"},\"potentialAction\":[{\"@type\":\"SearchAction\",\"target\":{\"@type\":\"EntryPoint\",\"urlTemplate\":\"https:\\\/\\\/repliquemangacine.fr\\\/?s={search_term_string}\"},\"query-input\":{\"@type\":\"PropertyValueSpecification\",\"valueRequired\":true,\"valueName\":\"search_term_string\"}}],\"inLanguage\":\"en-US\"},{\"@type\":\"Organization\",\"@id\":\"https:\\\/\\\/repliquemangacine.fr\\\/#organization\",\"name\":\"R\u00e9plique Manga Cin\u00e9\",\"url\":\"https:\\\/\\\/repliquemangacine.fr\\\/\",\"logo\":{\"@type\":\"ImageObject\",\"inLanguage\":\"en-US\",\"@id\":\"https:\\\/\\\/repliquemangacine.fr\\\/#\\\/schema\\\/logo\\\/image\\\/\",\"url\":\"https:\\\/\\\/repliquemangacine.fr\\\/wp-content\\\/uploads\\\/2023\\\/10\\\/RMC-500250.png\",\"contentUrl\":\"https:\\\/\\\/repliquemangacine.fr\\\/wp-content\\\/uploads\\\/2023\\\/10\\\/RMC-500250.png\",\"width\":500,\"height\":250,\"caption\":\"R\u00e9plique Manga Cin\u00e9\"},\"image\":{\"@id\":\"https:\\\/\\\/repliquemangacine.fr\\\/#\\\/schema\\\/logo\\\/image\\\/\"},\"sameAs\":[\"https:\\\/\\\/www.facebook.com\\\/RepliqueMangaCine\",\"https:\\\/\\\/www.instagram.com\\\/repliquemangacine.fr\\\/\"]}]}<\/script>\n<!-- \/ Yoast SEO plugin. -->","yoast_head_json":{"title":"Luger P08 Parabellum Nickel-plated - R\u00e9plique Manga Cin\u00e9","description":"Replica of the Luger P08 Parabellum Nickel-plated. Mythical German weapon, shiny chrome, functional mechanism. World War II military collection.","robots":{"index":"index","follow":"follow","max-snippet":"max-snippet:-1","max-image-preview":"max-image-preview:large","max-video-preview":"max-video-preview:-1"},"canonical":"https:\/\/repliquemangacine.fr\/en\/reproductions-weapons-second-world-war-denix\/luger-p08-parabellum-nickele\/","og_locale":"en_US","og_type":"article","og_title":"Luger P08 Parabellum Nickel\u00e9 - R\u00e9plique Manga Cin\u00e9","og_description":"R\u00e9plique du Luger P08 Parabellum Nickel\u00e9. Arme allemande mythique, chrome brillant, m\u00e9canisme fonctionnel. Collection militaire Seconde Guerre mondiale.","og_url":"https:\/\/repliquemangacine.fr\/en\/reproductions-weapons-second-world-war-denix\/luger-p08-parabellum-nickele\/","og_site_name":"R\u00e9plique Manga Cin\u00e9","article_publisher":"https:\/\/www.facebook.com\/RepliqueMangaCine","article_modified_time":"2026-02-19T10:28:54+00:00","og_image":[{"width":700,"height":700,"url":"https:\/\/repliquemangacine.fr\/wp-content\/uploads\/2025\/08\/Luger-P08-Parabellum-Nickele-Denix.jpg","type":"image\/jpeg"}],"twitter_card":"summary_large_image","twitter_misc":{"Est. reading time":"3 minutes"},"schema":{"@context":"https:\/\/schema.org","@graph":[{"@type":"WebPage","@id":"https:\/\/repliquemangacine.fr\/reproductions-armes-seconde-guerre-mondiale-denix\/luger-p08-parabellum-nickele\/","url":"https:\/\/repliquemangacine.fr\/reproductions-armes-seconde-guerre-mondiale-denix\/luger-p08-parabellum-nickele\/","name":"Luger P08 Parabellum Nickel-plated - R\u00e9plique Manga Cin\u00e9","isPartOf":{"@id":"https:\/\/repliquemangacine.fr\/#website"},"primaryImageOfPage":{"@id":"https:\/\/repliquemangacine.fr\/reproductions-armes-seconde-guerre-mondiale-denix\/luger-p08-parabellum-nickele\/#primaryimage"},"image":{"@id":"https:\/\/repliquemangacine.fr\/reproductions-armes-seconde-guerre-mondiale-denix\/luger-p08-parabellum-nickele\/#primaryimage"},"thumbnailUrl":"https:\/\/repliquemangacine.fr\/wp-content\/uploads\/2025\/08\/Luger-P08-Parabellum-Nickele-Denix.jpg","datePublished":"2025-08-26T17:53:41+00:00","dateModified":"2026-02-19T10:28:54+00:00","description":"Replica of the Luger P08 Parabellum Nickel-plated. Mythical German weapon, shiny chrome, functional mechanism. World War II military collection.","breadcrumb":{"@id":"https:\/\/repliquemangacine.fr\/reproductions-armes-seconde-guerre-mondiale-denix\/luger-p08-parabellum-nickele\/#breadcrumb"},"inLanguage":"en-US","potentialAction":[{"@type":"ReadAction","target":["https:\/\/repliquemangacine.fr\/reproductions-armes-seconde-guerre-mondiale-denix\/luger-p08-parabellum-nickele\/"]}]},{"@type":"ImageObject","inLanguage":"en-US","@id":"https:\/\/repliquemangacine.fr\/reproductions-armes-seconde-guerre-mondiale-denix\/luger-p08-parabellum-nickele\/#primaryimage","url":"https:\/\/repliquemangacine.fr\/wp-content\/uploads\/2025\/08\/Luger-P08-Parabellum-Nickele-Denix.jpg","contentUrl":"https:\/\/repliquemangacine.fr\/wp-content\/uploads\/2025\/08\/Luger-P08-Parabellum-Nickele-Denix.jpg","width":700,"height":700,"caption":"Luger P08 Parabellum Nickel\u00e9 Denix"},{"@type":"BreadcrumbList","@id":"https:\/\/repliquemangacine.fr\/reproductions-armes-seconde-guerre-mondiale-denix\/luger-p08-parabellum-nickele\/#breadcrumb","itemListElement":[{"@type":"ListItem","position":1,"name":"Accueil","item":"https:\/\/repliquemangacine.fr\/"},{"@type":"ListItem","position":2,"name":"Produits","item":"https:\/\/repliquemangacine.fr\/boutique\/"},{"@type":"ListItem","position":3,"name":"Luger P08 Parabellum Nickel\u00e9"}]},{"@type":"WebSite","@id":"https:\/\/repliquemangacine.fr\/#website","url":"https:\/\/repliquemangacine.fr\/","name":"R\u00e9plique Manga Cin\u00e9","description":"","publisher":{"@id":"https:\/\/repliquemangacine.fr\/#organization"},"potentialAction":[{"@type":"SearchAction","target":{"@type":"EntryPoint","urlTemplate":"https:\/\/repliquemangacine.fr\/?s={search_term_string}"},"query-input":{"@type":"PropertyValueSpecification","valueRequired":true,"valueName":"search_term_string"}}],"inLanguage":"en-US"},{"@type":"Organization","@id":"https:\/\/repliquemangacine.fr\/#organization","name":"R\u00e9plique Manga Cin\u00e9","url":"https:\/\/repliquemangacine.fr\/","logo":{"@type":"ImageObject","inLanguage":"en-US","@id":"https:\/\/repliquemangacine.fr\/#\/schema\/logo\/image\/","url":"https:\/\/repliquemangacine.fr\/wp-content\/uploads\/2023\/10\/RMC-500250.png","contentUrl":"https:\/\/repliquemangacine.fr\/wp-content\/uploads\/2023\/10\/RMC-500250.png","width":500,"height":250,"caption":"R\u00e9plique Manga Cin\u00e9"},"image":{"@id":"https:\/\/repliquemangacine.fr\/#\/schema\/logo\/image\/"},"sameAs":["https:\/\/www.facebook.com\/RepliqueMangaCine","https:\/\/www.instagram.com\/repliquemangacine.fr\/"]}]}},"_links":{"self":[{"href":"https:\/\/repliquemangacine.fr\/en\/wp-json\/wp\/v2\/product\/87782","targetHints":{"allow":["GET"]}}],"collection":[{"href":"https:\/\/repliquemangacine.fr\/en\/wp-json\/wp\/v2\/product"}],"about":[{"href":"https:\/\/repliquemangacine.fr\/en\/wp-json\/wp\/v2\/types\/product"}],"wp:featuredmedia":[{"embeddable":true,"href":"https:\/\/repliquemangacine.fr\/en\/wp-json\/wp\/v2\/media\/87783"}],"wp:attachment":[{"href":"https:\/\/repliquemangacine.fr\/en\/wp-json\/wp\/v2\/media?parent=87782"}],"wp:term":[{"taxonomy":"product_brand","embeddable":true,"href":"https:\/\/repliquemangacine.fr\/en\/wp-json\/wp\/v2\/product_brand?post=87782"},{"taxonomy":"product_cat","embeddable":true,"href":"https:\/\/repliquemangacine.fr\/en\/wp-json\/wp\/v2\/product_cat?post=87782"},{"taxonomy":"product_tag","embeddable":true,"href":"https:\/\/repliquemangacine.fr\/en\/wp-json\/wp\/v2\/product_tag?post=87782"}],"curies":[{"name":"wp","href":"https:\/\/api.w.org\/{rel}","templated":true}]}}