





{"id":87240,"date":"2025-08-10T16:02:50","date_gmt":"2025-08-10T14:02:50","guid":{"rendered":"https:\/\/repliquemangacine.fr\/?post_type=product&#038;p=87240"},"modified":"2025-11-12T23:25:21","modified_gmt":"2025-11-12T22:25:21","slug":"elven-sword-thranduil-the-hobbit-elven-sword","status":"publish","type":"product","link":"https:\/\/repliquemangacine.fr\/en\/epees-the-hobbit\/epee-elfique-thranduil-the-hobbit-sabre-elfique\/","title":{"rendered":"Elven sword Thranduil - The Hobbit"},"content":{"rendered":"<h2>Thranduil Elven Sword: An exceptional replica<\/h2>\n<p>Firstly, the Thranduil Elven Sword perfectly embodies the elegance and power of this charismatic ruler. Its refined design and high-quality craftsmanship immediately captivate the viewer. Forged in a purely Elven style, this weapon is distinguished by its stainless steel blade. It is finely engraved with leaf-inspired motifs, reflecting the deep connection between Elves and nature. On top, a specially shaped ABS insert reinforces its unique appearance. The molded ABS handle, adorned with elegant decorations, ensures a comfortable grip while enhancing the overall aesthetic.<\/p>\n<p>Every detail reflects elven craftsmanship. Comes with a decorated wooden wall mount, ideal for proudly displaying this iconic weapon in your home. As a replica, this sword appeals to collectors and Tolkien enthusiasts alike. It quickly becomes a centerpiece, to be proudly displayed in your home, office, or fantasy-themed room.<\/p>\n<h2>King Thranduil's iconic weapon in The Hobbit<\/h2>\n<p>To begin with, Thranduil Greenleaf is a Sinda Elf, king of the Woodland Realm, and father of Legolas. He is the son of Oropher, first king of the Elves of the Black Forest in the Second Age. He fought alongside him in 3434 of the Second Age in the Battle of Dagorlad. Oropher lost his life there, making Thranduil the new king of the Elves of Greenwood the Great.<\/p>\n<p>In The Hobbit trilogy, King Thranduil wields this sword with disconcerting ease, combining speed and precision to defeat his enemies. What's more, its sleek yet richly detailed design strikes the perfect balance between grace and lethality. A symbol of power and nobility, it embodies the authority and refinement of the ruler of the Black Forest Elves. Its slender design and delicate engravings are reminiscent of the heritage and tradition of the elven warriors. <br class=\"yoast-text-mark\" \/>In conclusion, to own this replica is not only to celebrate a defining moment in the world of <a href=\"https:\/\/lotr.fandom.com\/fr\/wiki\/J._R._R._Tolkien\" target=\"_blank\" rel=\"noopener noreferrer\">Tolkien<\/a>but also pay tribute to one of the saga's most charismatic characters.<\/p>\n<h2>Other elven weapons available on R\u00e9plique Manga Cin\u00e9<\/h2>\n<p>At R\u00e9plique Manga Cin\u00e9, the magic of the Middle Lands comes to life with our unique collection of elven and legendary weapons. In addition to the elegant sword of Thranduil, discover the <a href=\"https:\/\/repliquemangacine.fr\/en\/swords-the-hobbit\/tauriel-daggers-the-hobbit\/\" target=\"_blank\" rel=\"noopener noreferrer\">Tauriel's daggers<\/a>fast and razor-sharp. There's also the impressive<a href=\"https:\/\/repliquemangacine.fr\/en\/swords-the-hobbit\/orcrist-sword-thorin-sword\/\" target=\"_blank\" rel=\"noopener noreferrer\"> Thorin's Orcrist sword<\/a> in a unique dwarf style. You'll also find the<a href=\"https:\/\/repliquemangacine.fr\/en\/swords-the-hobbit\/kili-the-hobbit-sword\/\" target=\"_blank\" rel=\"noopener noreferrer\">Kili sword<\/a> and the<a href=\"https:\/\/repliquemangacine.fr\/en\/swords-the-hobbit\/bard-the-hobbits-sword\/\" target=\"_blank\" rel=\"noopener noreferrer\">Bard's sword<\/a>, both steeped in history and courage.<\/p>\n<p>Each replica is distinguished by its meticulous finish, nature-inspired engravings, and high-quality materials. Offering every collector an object worthy of the greatest legends. With their perfect balance and graceful lines, these weapons are not merely decorative: they embody the heritage, craftsmanship, and strength of the heroes of Middle-earth.<\/p>","protected":false},"excerpt":{"rendered":"<p>Superb replica of the Thranduil elven sword in The Hobbit trilogy<\/p>\n<ul>\n<li>440 stainless steel blade with engraving<\/li>\n<li>Specially shaped ABS insert on top of blade<\/li>\n<li>Moulded ABS handle decorated with gold engravings.<\/li>\n<li>Supplied with decorated wooden stand.<\/li>\n<li>Blade length: 75.5 cm - Total length: 100 cm<\/li>\n<\/ul>","protected":false},"featured_media":87245,"template":"","meta":[],"product_brand":[896],"product_cat":[69,35],"product_tag":[],"class_list":{"0":"post-87240","1":"product","2":"type-product","3":"status-publish","4":"has-post-thumbnail","6":"product_brand-replique-manga-cine","7":"product_cat-epees-the-hobbit","8":"product_cat-epee-et-bijoux-the-hobbit","10":"first","11":"instock","12":"taxable","13":"shipping-taxable","14":"purchasable","15":"product-type-simple"},"yoast_head":"<!-- This site is optimized with the Yoast SEO plugin v27.5 - https:\/\/yoast.com\/product\/yoast-seo-wordpress\/ -->\n<title>\u00c9p\u00e9e Elfique Thranduil \u2013 The Hobbit - R\u00e9plique Manga Cin\u00e9<\/title>\n<meta name=\"description\" content=\"\u00c9p\u00e9e Elfique Thranduil verion luxe en acier grav\u00e9, inspir\u00e9e de The Hobbit. \u00c9l\u00e9gance elfique, d\u00e9tails soign\u00e9s et support mural d\u00e9cor\u00e9 inclus.\" \/>\n<meta name=\"robots\" content=\"index, follow, max-snippet:-1, max-image-preview:large, max-video-preview:-1\" \/>\n<link rel=\"canonical\" href=\"https:\/\/repliquemangacine.fr\/en\/swords-the-hobbit\/elven-sword-thranduil-the-hobbit-elven-sword\/\" \/>\n<meta property=\"og:locale\" content=\"en_US\" \/>\n<meta property=\"og:type\" content=\"article\" \/>\n<meta property=\"og:title\" content=\"\u00c9p\u00e9e Elfique Thranduil \u2013 The Hobbit - R\u00e9plique Manga Cin\u00e9\" \/>\n<meta property=\"og:description\" content=\"\u00c9p\u00e9e Elfique Thranduil verion luxe en acier grav\u00e9, inspir\u00e9e de The Hobbit. \u00c9l\u00e9gance elfique, d\u00e9tails soign\u00e9s et support mural d\u00e9cor\u00e9 inclus.\" \/>\n<meta property=\"og:url\" content=\"https:\/\/repliquemangacine.fr\/en\/swords-the-hobbit\/elven-sword-thranduil-the-hobbit-elven-sword\/\" \/>\n<meta property=\"og:site_name\" content=\"R\u00e9plique Manga Cin\u00e9\" \/>\n<meta property=\"article:publisher\" content=\"https:\/\/www.facebook.com\/RepliqueMangaCine\" \/>\n<meta property=\"article:modified_time\" content=\"2025-11-12T22:25:21+00:00\" \/>\n<meta property=\"og:image\" content=\"https:\/\/repliquemangacine.fr\/wp-content\/uploads\/2025\/08\/Epee-Elfe-Thranduil.jpg\" \/>\n\t<meta property=\"og:image:width\" content=\"700\" \/>\n\t<meta property=\"og:image:height\" content=\"700\" \/>\n\t<meta property=\"og:image:type\" content=\"image\/jpeg\" \/>\n<meta name=\"twitter:card\" content=\"summary_large_image\" \/>\n<meta name=\"twitter:label1\" content=\"Est. reading time\" \/>\n\t<meta name=\"twitter:data1\" content=\"3 minutes\" \/>\n<script type=\"application\/ld+json\" class=\"yoast-schema-graph\">{\"@context\":\"https:\\\/\\\/schema.org\",\"@graph\":[{\"@type\":\"WebPage\",\"@id\":\"https:\\\/\\\/repliquemangacine.fr\\\/epees-the-hobbit\\\/epee-elfique-thranduil-the-hobbit-sabre-elfique\\\/\",\"url\":\"https:\\\/\\\/repliquemangacine.fr\\\/epees-the-hobbit\\\/epee-elfique-thranduil-the-hobbit-sabre-elfique\\\/\",\"name\":\"\u00c9p\u00e9e Elfique Thranduil \u2013 The Hobbit - R\u00e9plique Manga Cin\u00e9\",\"isPartOf\":{\"@id\":\"https:\\\/\\\/repliquemangacine.fr\\\/#website\"},\"primaryImageOfPage\":{\"@id\":\"https:\\\/\\\/repliquemangacine.fr\\\/epees-the-hobbit\\\/epee-elfique-thranduil-the-hobbit-sabre-elfique\\\/#primaryimage\"},\"image\":{\"@id\":\"https:\\\/\\\/repliquemangacine.fr\\\/epees-the-hobbit\\\/epee-elfique-thranduil-the-hobbit-sabre-elfique\\\/#primaryimage\"},\"thumbnailUrl\":\"https:\\\/\\\/repliquemangacine.fr\\\/wp-content\\\/uploads\\\/2025\\\/08\\\/Epee-Elfe-Thranduil.jpg\",\"datePublished\":\"2025-08-10T14:02:50+00:00\",\"dateModified\":\"2025-11-12T22:25:21+00:00\",\"description\":\"\u00c9p\u00e9e Elfique Thranduil verion luxe en acier grav\u00e9, inspir\u00e9e de The Hobbit. \u00c9l\u00e9gance elfique, d\u00e9tails soign\u00e9s et support mural d\u00e9cor\u00e9 inclus.\",\"breadcrumb\":{\"@id\":\"https:\\\/\\\/repliquemangacine.fr\\\/epees-the-hobbit\\\/epee-elfique-thranduil-the-hobbit-sabre-elfique\\\/#breadcrumb\"},\"inLanguage\":\"en-US\",\"potentialAction\":[{\"@type\":\"ReadAction\",\"target\":[\"https:\\\/\\\/repliquemangacine.fr\\\/epees-the-hobbit\\\/epee-elfique-thranduil-the-hobbit-sabre-elfique\\\/\"]}]},{\"@type\":\"ImageObject\",\"inLanguage\":\"en-US\",\"@id\":\"https:\\\/\\\/repliquemangacine.fr\\\/epees-the-hobbit\\\/epee-elfique-thranduil-the-hobbit-sabre-elfique\\\/#primaryimage\",\"url\":\"https:\\\/\\\/repliquemangacine.fr\\\/wp-content\\\/uploads\\\/2025\\\/08\\\/Epee-Elfe-Thranduil.jpg\",\"contentUrl\":\"https:\\\/\\\/repliquemangacine.fr\\\/wp-content\\\/uploads\\\/2025\\\/08\\\/Epee-Elfe-Thranduil.jpg\",\"width\":700,\"height\":700,\"caption\":\"\u00c9p\u00e9e Elfique Thranduil-The Hobbit\"},{\"@type\":\"BreadcrumbList\",\"@id\":\"https:\\\/\\\/repliquemangacine.fr\\\/epees-the-hobbit\\\/epee-elfique-thranduil-the-hobbit-sabre-elfique\\\/#breadcrumb\",\"itemListElement\":[{\"@type\":\"ListItem\",\"position\":1,\"name\":\"Accueil\",\"item\":\"https:\\\/\\\/repliquemangacine.fr\\\/\"},{\"@type\":\"ListItem\",\"position\":2,\"name\":\"Produits\",\"item\":\"https:\\\/\\\/repliquemangacine.fr\\\/boutique\\\/\"},{\"@type\":\"ListItem\",\"position\":3,\"name\":\"\u00c9p\u00e9e Elfique Thranduil \u2013 The Hobbit\"}]},{\"@type\":\"WebSite\",\"@id\":\"https:\\\/\\\/repliquemangacine.fr\\\/#website\",\"url\":\"https:\\\/\\\/repliquemangacine.fr\\\/\",\"name\":\"R\u00e9plique Manga Cin\u00e9\",\"description\":\"\",\"publisher\":{\"@id\":\"https:\\\/\\\/repliquemangacine.fr\\\/#organization\"},\"potentialAction\":[{\"@type\":\"SearchAction\",\"target\":{\"@type\":\"EntryPoint\",\"urlTemplate\":\"https:\\\/\\\/repliquemangacine.fr\\\/?s={search_term_string}\"},\"query-input\":{\"@type\":\"PropertyValueSpecification\",\"valueRequired\":true,\"valueName\":\"search_term_string\"}}],\"inLanguage\":\"en-US\"},{\"@type\":\"Organization\",\"@id\":\"https:\\\/\\\/repliquemangacine.fr\\\/#organization\",\"name\":\"R\u00e9plique Manga Cin\u00e9\",\"url\":\"https:\\\/\\\/repliquemangacine.fr\\\/\",\"logo\":{\"@type\":\"ImageObject\",\"inLanguage\":\"en-US\",\"@id\":\"https:\\\/\\\/repliquemangacine.fr\\\/#\\\/schema\\\/logo\\\/image\\\/\",\"url\":\"https:\\\/\\\/repliquemangacine.fr\\\/wp-content\\\/uploads\\\/2023\\\/10\\\/RMC-500250.png\",\"contentUrl\":\"https:\\\/\\\/repliquemangacine.fr\\\/wp-content\\\/uploads\\\/2023\\\/10\\\/RMC-500250.png\",\"width\":500,\"height\":250,\"caption\":\"R\u00e9plique Manga Cin\u00e9\"},\"image\":{\"@id\":\"https:\\\/\\\/repliquemangacine.fr\\\/#\\\/schema\\\/logo\\\/image\\\/\"},\"sameAs\":[\"https:\\\/\\\/www.facebook.com\\\/RepliqueMangaCine\",\"https:\\\/\\\/www.instagram.com\\\/repliquemangacine.fr\\\/\"]}]}<\/script>\n<!-- \/ Yoast SEO plugin. -->","yoast_head_json":{"title":"Thranduil Elven Sword - The Hobbit - R\u00e9plique Manga Cin\u00e9","description":"Thranduil verion deluxe Elven sword in engraved steel, inspired by The Hobbit. Elven elegance, meticulous detail and decorated wall mount included.","robots":{"index":"index","follow":"follow","max-snippet":"max-snippet:-1","max-image-preview":"max-image-preview:large","max-video-preview":"max-video-preview:-1"},"canonical":"https:\/\/repliquemangacine.fr\/en\/swords-the-hobbit\/elven-sword-thranduil-the-hobbit-elven-sword\/","og_locale":"en_US","og_type":"article","og_title":"\u00c9p\u00e9e Elfique Thranduil \u2013 The Hobbit - R\u00e9plique Manga Cin\u00e9","og_description":"\u00c9p\u00e9e Elfique Thranduil verion luxe en acier grav\u00e9, inspir\u00e9e de The Hobbit. \u00c9l\u00e9gance elfique, d\u00e9tails soign\u00e9s et support mural d\u00e9cor\u00e9 inclus.","og_url":"https:\/\/repliquemangacine.fr\/en\/swords-the-hobbit\/elven-sword-thranduil-the-hobbit-elven-sword\/","og_site_name":"R\u00e9plique Manga Cin\u00e9","article_publisher":"https:\/\/www.facebook.com\/RepliqueMangaCine","article_modified_time":"2025-11-12T22:25:21+00:00","og_image":[{"width":700,"height":700,"url":"https:\/\/repliquemangacine.fr\/wp-content\/uploads\/2025\/08\/Epee-Elfe-Thranduil.jpg","type":"image\/jpeg"}],"twitter_card":"summary_large_image","twitter_misc":{"Est. reading time":"3 minutes"},"schema":{"@context":"https:\/\/schema.org","@graph":[{"@type":"WebPage","@id":"https:\/\/repliquemangacine.fr\/epees-the-hobbit\/epee-elfique-thranduil-the-hobbit-sabre-elfique\/","url":"https:\/\/repliquemangacine.fr\/epees-the-hobbit\/epee-elfique-thranduil-the-hobbit-sabre-elfique\/","name":"Thranduil Elven Sword - The Hobbit - R\u00e9plique Manga Cin\u00e9","isPartOf":{"@id":"https:\/\/repliquemangacine.fr\/#website"},"primaryImageOfPage":{"@id":"https:\/\/repliquemangacine.fr\/epees-the-hobbit\/epee-elfique-thranduil-the-hobbit-sabre-elfique\/#primaryimage"},"image":{"@id":"https:\/\/repliquemangacine.fr\/epees-the-hobbit\/epee-elfique-thranduil-the-hobbit-sabre-elfique\/#primaryimage"},"thumbnailUrl":"https:\/\/repliquemangacine.fr\/wp-content\/uploads\/2025\/08\/Epee-Elfe-Thranduil.jpg","datePublished":"2025-08-10T14:02:50+00:00","dateModified":"2025-11-12T22:25:21+00:00","description":"Thranduil verion deluxe Elven sword in engraved steel, inspired by The Hobbit. Elven elegance, meticulous detail and decorated wall mount included.","breadcrumb":{"@id":"https:\/\/repliquemangacine.fr\/epees-the-hobbit\/epee-elfique-thranduil-the-hobbit-sabre-elfique\/#breadcrumb"},"inLanguage":"en-US","potentialAction":[{"@type":"ReadAction","target":["https:\/\/repliquemangacine.fr\/epees-the-hobbit\/epee-elfique-thranduil-the-hobbit-sabre-elfique\/"]}]},{"@type":"ImageObject","inLanguage":"en-US","@id":"https:\/\/repliquemangacine.fr\/epees-the-hobbit\/epee-elfique-thranduil-the-hobbit-sabre-elfique\/#primaryimage","url":"https:\/\/repliquemangacine.fr\/wp-content\/uploads\/2025\/08\/Epee-Elfe-Thranduil.jpg","contentUrl":"https:\/\/repliquemangacine.fr\/wp-content\/uploads\/2025\/08\/Epee-Elfe-Thranduil.jpg","width":700,"height":700,"caption":"\u00c9p\u00e9e Elfique Thranduil-The Hobbit"},{"@type":"BreadcrumbList","@id":"https:\/\/repliquemangacine.fr\/epees-the-hobbit\/epee-elfique-thranduil-the-hobbit-sabre-elfique\/#breadcrumb","itemListElement":[{"@type":"ListItem","position":1,"name":"Accueil","item":"https:\/\/repliquemangacine.fr\/"},{"@type":"ListItem","position":2,"name":"Produits","item":"https:\/\/repliquemangacine.fr\/boutique\/"},{"@type":"ListItem","position":3,"name":"\u00c9p\u00e9e Elfique Thranduil \u2013 The Hobbit"}]},{"@type":"WebSite","@id":"https:\/\/repliquemangacine.fr\/#website","url":"https:\/\/repliquemangacine.fr\/","name":"R\u00e9plique Manga Cin\u00e9","description":"","publisher":{"@id":"https:\/\/repliquemangacine.fr\/#organization"},"potentialAction":[{"@type":"SearchAction","target":{"@type":"EntryPoint","urlTemplate":"https:\/\/repliquemangacine.fr\/?s={search_term_string}"},"query-input":{"@type":"PropertyValueSpecification","valueRequired":true,"valueName":"search_term_string"}}],"inLanguage":"en-US"},{"@type":"Organization","@id":"https:\/\/repliquemangacine.fr\/#organization","name":"R\u00e9plique Manga Cin\u00e9","url":"https:\/\/repliquemangacine.fr\/","logo":{"@type":"ImageObject","inLanguage":"en-US","@id":"https:\/\/repliquemangacine.fr\/#\/schema\/logo\/image\/","url":"https:\/\/repliquemangacine.fr\/wp-content\/uploads\/2023\/10\/RMC-500250.png","contentUrl":"https:\/\/repliquemangacine.fr\/wp-content\/uploads\/2023\/10\/RMC-500250.png","width":500,"height":250,"caption":"R\u00e9plique Manga Cin\u00e9"},"image":{"@id":"https:\/\/repliquemangacine.fr\/#\/schema\/logo\/image\/"},"sameAs":["https:\/\/www.facebook.com\/RepliqueMangaCine","https:\/\/www.instagram.com\/repliquemangacine.fr\/"]}]}},"_links":{"self":[{"href":"https:\/\/repliquemangacine.fr\/en\/wp-json\/wp\/v2\/product\/87240","targetHints":{"allow":["GET"]}}],"collection":[{"href":"https:\/\/repliquemangacine.fr\/en\/wp-json\/wp\/v2\/product"}],"about":[{"href":"https:\/\/repliquemangacine.fr\/en\/wp-json\/wp\/v2\/types\/product"}],"wp:featuredmedia":[{"embeddable":true,"href":"https:\/\/repliquemangacine.fr\/en\/wp-json\/wp\/v2\/media\/87245"}],"wp:attachment":[{"href":"https:\/\/repliquemangacine.fr\/en\/wp-json\/wp\/v2\/media?parent=87240"}],"wp:term":[{"taxonomy":"product_brand","embeddable":true,"href":"https:\/\/repliquemangacine.fr\/en\/wp-json\/wp\/v2\/product_brand?post=87240"},{"taxonomy":"product_cat","embeddable":true,"href":"https:\/\/repliquemangacine.fr\/en\/wp-json\/wp\/v2\/product_cat?post=87240"},{"taxonomy":"product_tag","embeddable":true,"href":"https:\/\/repliquemangacine.fr\/en\/wp-json\/wp\/v2\/product_tag?post=87240"}],"curies":[{"name":"wp","href":"https:\/\/api.w.org\/{rel}","templated":true}]}}