





{"id":87219,"date":"2025-08-09T16:21:19","date_gmt":"2025-08-09T14:21:19","guid":{"rendered":"https:\/\/repliquemangacine.fr\/?post_type=product&#038;p=87219"},"modified":"2026-02-19T11:26:55","modified_gmt":"2026-02-19T10:26:55","slug":"elden-ring-oath-sword","status":"publish","type":"product","link":"https:\/\/repliquemangacine.fr\/en\/elden-ring\/epee-de-serment-elden-ring\/","title":{"rendered":"Elden Ring Oath Sword"},"content":{"rendered":"<h2><strong>Elden Ring Oath Sword- Legendary Blade\u00a0<\/strong><\/h2>\n<p>First and foremost, the Elden Ring Oath Sword perfectly embodies the honor and loyalty of knights loyal to their cause. Inspired by the medieval style and richly decorated. It features a finely chiselled golden hilt. A blade engraved with elegant motifs and a brown imitation leather scabbard for prestigious wear. With its design faithful to the world of the Elden Ring game, this replica will appeal to avid collectors and fans of epic adventure alike. It will quickly become the centerpiece of any collection dedicated to fantasy weapons.<\/p>\n<h2>An exceptional object for collectors and enthusiasts<\/h2>\n<p>Indeed, this oath sword is more than just a decoration. It tells a story: that of the knights who, in <a href=\"https:\/\/eldenring.fandom.com\/fr\/wiki\/Elden_Ring_Wiki\" target=\"_blank\" rel=\"noopener noreferrer\">Elden Ring<\/a>They pledge allegiance to their oath and defend their honor to the last breath. Its high-end finish and authentic details make it ideal for embellishing any interior. Complete a cosplay or enrich a medieval-fantasy collection. As such, it offers every admirer the opportunity to own a powerful symbol of courage and loyalty, straight from FromSoftware's dark and bewitching universe.<\/p>\n<h2>Discover our other must-have Elden Ring weapons<\/h2>\n<p>What's more, R\u00e9plique Manga Cin\u00e9 offers a vast selection of iconic Elden Ring weapons to enrich your collection. Among them, the exceptional <a href=\"https:\/\/repliquemangacine.fr\/en\/elden-ring\/dark-moon-greatsword-metal-elden-ring\/\" target=\"_blank\" rel=\"noopener noreferrer\">Dark Moon Greatsword<\/a> seduces with its blue blade adorned with floral engravings, reflecting all the magic and power of this legendary game. You'll also find the impressive <a href=\"https:\/\/repliquemangacine.fr\/en\/elden-ring\/bloodhound-fang-elden-ring-sword\/\" target=\"_blank\" rel=\"noopener noreferrer\">Bloodhound Fang sword<\/a>. With its curved blade in high-quality steel. Enhanced by a bronze hammered effect that gives it a unique style. For katana lovers, the majestic <a href=\"https:\/\/repliquemangacine.fr\/en\/elden-ring\/katana-moonveil-in-elden-ring\/\" target=\"_blank\" rel=\"noopener noreferrer\">Katana Moonveil<\/a> remains an unavoidable choice thanks to its meticulous finish and inspired design. Finally, fans of intense combat will appreciate the formidable <a href=\"https:\/\/repliquemangacine.fr\/en\/katana-and-video-game-sword-other-video-games\/bloody-river-katana\/\" target=\"_blank\" rel=\"noopener noreferrer\">Bloody River Katana<\/a>. Recognizable by its wave-shaped blade, perfect for recreating the game's epic confrontations. In this way, each piece becomes much more than a replica: it's a true immersion in the world of Elden Ring.<\/p>","protected":false},"excerpt":{"rendered":"<p>Superb replica inspired by the Elden Ring game.<\/p>\n<ul>\n<li>Richly decorated 440 steel blade<\/li>\n<li>Handle and pommel in finely decorated steel with gilding<\/li>\n<li>Handle covered in brown imitation leather<\/li>\n<li>Supplied with leatherette sheath<\/li>\n<li>Blade length: 72 cm - Total length: 96.5 cm<\/li>\n<li>Weight: 1220 gr<\/li>\n<\/ul>","protected":false},"featured_media":87221,"template":"","meta":[],"product_brand":[896],"product_cat":[876,84],"product_tag":[],"class_list":{"0":"post-87219","1":"product","2":"type-product","3":"status-publish","4":"has-post-thumbnail","6":"product_brand-replique-manga-cine","7":"product_cat-elden-ring","8":"product_cat-epee-templier-medievale","10":"first","11":"instock","12":"taxable","13":"shipping-taxable","14":"purchasable","15":"product-type-simple"},"yoast_head":"<!-- This site is optimized with the Yoast SEO plugin v27.5 - https:\/\/yoast.com\/product\/yoast-seo-wordpress\/ -->\n<title>\u00c9p\u00e9e de serment Elden Ring - R\u00e9plique Manga Cin\u00e9<\/title>\n<meta name=\"description\" content=\"\u00c9p\u00e9e de serment Elden Ring avec lame grav\u00e9e, garde dor\u00e9e et fourreau marron. Une r\u00e9plique d\u2019exception pour fans et collectionneurs passionn\u00e9s.\" \/>\n<meta name=\"robots\" content=\"index, follow, max-snippet:-1, max-image-preview:large, max-video-preview:-1\" \/>\n<link rel=\"canonical\" href=\"https:\/\/repliquemangacine.fr\/en\/elden-ring\/elden-ring-oath-sword\/\" \/>\n<meta property=\"og:locale\" content=\"en_US\" \/>\n<meta property=\"og:type\" content=\"article\" \/>\n<meta property=\"og:title\" content=\"\u00c9p\u00e9e de serment Elden Ring - R\u00e9plique Manga Cin\u00e9\" \/>\n<meta property=\"og:description\" content=\"\u00c9p\u00e9e de serment Elden Ring avec lame grav\u00e9e, garde dor\u00e9e et fourreau marron. Une r\u00e9plique d\u2019exception pour fans et collectionneurs passionn\u00e9s.\" \/>\n<meta property=\"og:url\" content=\"https:\/\/repliquemangacine.fr\/en\/elden-ring\/elden-ring-oath-sword\/\" \/>\n<meta property=\"og:site_name\" content=\"R\u00e9plique Manga Cin\u00e9\" \/>\n<meta property=\"article:publisher\" content=\"https:\/\/www.facebook.com\/RepliqueMangaCine\" \/>\n<meta property=\"article:modified_time\" content=\"2026-02-19T10:26:55+00:00\" \/>\n<meta property=\"og:image\" content=\"https:\/\/repliquemangacine.fr\/wp-content\/uploads\/2025\/08\/Epee-de-serment-Elden-Ring.jpg\" \/>\n\t<meta property=\"og:image:width\" content=\"700\" \/>\n\t<meta property=\"og:image:height\" content=\"700\" \/>\n\t<meta property=\"og:image:type\" content=\"image\/jpeg\" \/>\n<meta name=\"twitter:card\" content=\"summary_large_image\" \/>\n<meta name=\"twitter:label1\" content=\"Est. reading time\" \/>\n\t<meta name=\"twitter:data1\" content=\"2 minutes\" \/>\n<script type=\"application\/ld+json\" class=\"yoast-schema-graph\">{\"@context\":\"https:\\\/\\\/schema.org\",\"@graph\":[{\"@type\":\"WebPage\",\"@id\":\"https:\\\/\\\/repliquemangacine.fr\\\/elden-ring\\\/epee-de-serment-elden-ring\\\/\",\"url\":\"https:\\\/\\\/repliquemangacine.fr\\\/elden-ring\\\/epee-de-serment-elden-ring\\\/\",\"name\":\"\u00c9p\u00e9e de serment Elden Ring - R\u00e9plique Manga Cin\u00e9\",\"isPartOf\":{\"@id\":\"https:\\\/\\\/repliquemangacine.fr\\\/#website\"},\"primaryImageOfPage\":{\"@id\":\"https:\\\/\\\/repliquemangacine.fr\\\/elden-ring\\\/epee-de-serment-elden-ring\\\/#primaryimage\"},\"image\":{\"@id\":\"https:\\\/\\\/repliquemangacine.fr\\\/elden-ring\\\/epee-de-serment-elden-ring\\\/#primaryimage\"},\"thumbnailUrl\":\"https:\\\/\\\/repliquemangacine.fr\\\/wp-content\\\/uploads\\\/2025\\\/08\\\/Epee-de-serment-Elden-Ring.jpg\",\"datePublished\":\"2025-08-09T14:21:19+00:00\",\"dateModified\":\"2026-02-19T10:26:55+00:00\",\"description\":\"\u00c9p\u00e9e de serment Elden Ring avec lame grav\u00e9e, garde dor\u00e9e et fourreau marron. Une r\u00e9plique d\u2019exception pour fans et collectionneurs passionn\u00e9s.\",\"breadcrumb\":{\"@id\":\"https:\\\/\\\/repliquemangacine.fr\\\/elden-ring\\\/epee-de-serment-elden-ring\\\/#breadcrumb\"},\"inLanguage\":\"en-US\",\"potentialAction\":[{\"@type\":\"ReadAction\",\"target\":[\"https:\\\/\\\/repliquemangacine.fr\\\/elden-ring\\\/epee-de-serment-elden-ring\\\/\"]}]},{\"@type\":\"ImageObject\",\"inLanguage\":\"en-US\",\"@id\":\"https:\\\/\\\/repliquemangacine.fr\\\/elden-ring\\\/epee-de-serment-elden-ring\\\/#primaryimage\",\"url\":\"https:\\\/\\\/repliquemangacine.fr\\\/wp-content\\\/uploads\\\/2025\\\/08\\\/Epee-de-serment-Elden-Ring.jpg\",\"contentUrl\":\"https:\\\/\\\/repliquemangacine.fr\\\/wp-content\\\/uploads\\\/2025\\\/08\\\/Epee-de-serment-Elden-Ring.jpg\",\"width\":700,\"height\":700,\"caption\":\"\u00c9p\u00e9e de serment Elden Ring\"},{\"@type\":\"BreadcrumbList\",\"@id\":\"https:\\\/\\\/repliquemangacine.fr\\\/elden-ring\\\/epee-de-serment-elden-ring\\\/#breadcrumb\",\"itemListElement\":[{\"@type\":\"ListItem\",\"position\":1,\"name\":\"Accueil\",\"item\":\"https:\\\/\\\/repliquemangacine.fr\\\/\"},{\"@type\":\"ListItem\",\"position\":2,\"name\":\"Produits\",\"item\":\"https:\\\/\\\/repliquemangacine.fr\\\/boutique\\\/\"},{\"@type\":\"ListItem\",\"position\":3,\"name\":\"\u00c9p\u00e9e de serment Elden Ring\"}]},{\"@type\":\"WebSite\",\"@id\":\"https:\\\/\\\/repliquemangacine.fr\\\/#website\",\"url\":\"https:\\\/\\\/repliquemangacine.fr\\\/\",\"name\":\"R\u00e9plique Manga Cin\u00e9\",\"description\":\"\",\"publisher\":{\"@id\":\"https:\\\/\\\/repliquemangacine.fr\\\/#organization\"},\"potentialAction\":[{\"@type\":\"SearchAction\",\"target\":{\"@type\":\"EntryPoint\",\"urlTemplate\":\"https:\\\/\\\/repliquemangacine.fr\\\/?s={search_term_string}\"},\"query-input\":{\"@type\":\"PropertyValueSpecification\",\"valueRequired\":true,\"valueName\":\"search_term_string\"}}],\"inLanguage\":\"en-US\"},{\"@type\":\"Organization\",\"@id\":\"https:\\\/\\\/repliquemangacine.fr\\\/#organization\",\"name\":\"R\u00e9plique Manga Cin\u00e9\",\"url\":\"https:\\\/\\\/repliquemangacine.fr\\\/\",\"logo\":{\"@type\":\"ImageObject\",\"inLanguage\":\"en-US\",\"@id\":\"https:\\\/\\\/repliquemangacine.fr\\\/#\\\/schema\\\/logo\\\/image\\\/\",\"url\":\"https:\\\/\\\/repliquemangacine.fr\\\/wp-content\\\/uploads\\\/2023\\\/10\\\/RMC-500250.png\",\"contentUrl\":\"https:\\\/\\\/repliquemangacine.fr\\\/wp-content\\\/uploads\\\/2023\\\/10\\\/RMC-500250.png\",\"width\":500,\"height\":250,\"caption\":\"R\u00e9plique Manga Cin\u00e9\"},\"image\":{\"@id\":\"https:\\\/\\\/repliquemangacine.fr\\\/#\\\/schema\\\/logo\\\/image\\\/\"},\"sameAs\":[\"https:\\\/\\\/www.facebook.com\\\/RepliqueMangaCine\",\"https:\\\/\\\/www.instagram.com\\\/repliquemangacine.fr\\\/\"]}]}<\/script>\n<!-- \/ Yoast SEO plugin. -->","yoast_head_json":{"title":"Elden Ring Oath Sword - R\u00e9plique Manga Cin\u00e9","description":"Elden Ring oath sword with engraved blade, gold hilt and brown scabbard. An exceptional replica for passionate fans and collectors.","robots":{"index":"index","follow":"follow","max-snippet":"max-snippet:-1","max-image-preview":"max-image-preview:large","max-video-preview":"max-video-preview:-1"},"canonical":"https:\/\/repliquemangacine.fr\/en\/elden-ring\/elden-ring-oath-sword\/","og_locale":"en_US","og_type":"article","og_title":"\u00c9p\u00e9e de serment Elden Ring - R\u00e9plique Manga Cin\u00e9","og_description":"\u00c9p\u00e9e de serment Elden Ring avec lame grav\u00e9e, garde dor\u00e9e et fourreau marron. Une r\u00e9plique d\u2019exception pour fans et collectionneurs passionn\u00e9s.","og_url":"https:\/\/repliquemangacine.fr\/en\/elden-ring\/elden-ring-oath-sword\/","og_site_name":"R\u00e9plique Manga Cin\u00e9","article_publisher":"https:\/\/www.facebook.com\/RepliqueMangaCine","article_modified_time":"2026-02-19T10:26:55+00:00","og_image":[{"width":700,"height":700,"url":"https:\/\/repliquemangacine.fr\/wp-content\/uploads\/2025\/08\/Epee-de-serment-Elden-Ring.jpg","type":"image\/jpeg"}],"twitter_card":"summary_large_image","twitter_misc":{"Est. reading time":"2 minutes"},"schema":{"@context":"https:\/\/schema.org","@graph":[{"@type":"WebPage","@id":"https:\/\/repliquemangacine.fr\/elden-ring\/epee-de-serment-elden-ring\/","url":"https:\/\/repliquemangacine.fr\/elden-ring\/epee-de-serment-elden-ring\/","name":"Elden Ring Oath Sword - R\u00e9plique Manga Cin\u00e9","isPartOf":{"@id":"https:\/\/repliquemangacine.fr\/#website"},"primaryImageOfPage":{"@id":"https:\/\/repliquemangacine.fr\/elden-ring\/epee-de-serment-elden-ring\/#primaryimage"},"image":{"@id":"https:\/\/repliquemangacine.fr\/elden-ring\/epee-de-serment-elden-ring\/#primaryimage"},"thumbnailUrl":"https:\/\/repliquemangacine.fr\/wp-content\/uploads\/2025\/08\/Epee-de-serment-Elden-Ring.jpg","datePublished":"2025-08-09T14:21:19+00:00","dateModified":"2026-02-19T10:26:55+00:00","description":"Elden Ring oath sword with engraved blade, gold hilt and brown scabbard. An exceptional replica for passionate fans and collectors.","breadcrumb":{"@id":"https:\/\/repliquemangacine.fr\/elden-ring\/epee-de-serment-elden-ring\/#breadcrumb"},"inLanguage":"en-US","potentialAction":[{"@type":"ReadAction","target":["https:\/\/repliquemangacine.fr\/elden-ring\/epee-de-serment-elden-ring\/"]}]},{"@type":"ImageObject","inLanguage":"en-US","@id":"https:\/\/repliquemangacine.fr\/elden-ring\/epee-de-serment-elden-ring\/#primaryimage","url":"https:\/\/repliquemangacine.fr\/wp-content\/uploads\/2025\/08\/Epee-de-serment-Elden-Ring.jpg","contentUrl":"https:\/\/repliquemangacine.fr\/wp-content\/uploads\/2025\/08\/Epee-de-serment-Elden-Ring.jpg","width":700,"height":700,"caption":"\u00c9p\u00e9e de serment Elden Ring"},{"@type":"BreadcrumbList","@id":"https:\/\/repliquemangacine.fr\/elden-ring\/epee-de-serment-elden-ring\/#breadcrumb","itemListElement":[{"@type":"ListItem","position":1,"name":"Accueil","item":"https:\/\/repliquemangacine.fr\/"},{"@type":"ListItem","position":2,"name":"Produits","item":"https:\/\/repliquemangacine.fr\/boutique\/"},{"@type":"ListItem","position":3,"name":"\u00c9p\u00e9e de serment Elden Ring"}]},{"@type":"WebSite","@id":"https:\/\/repliquemangacine.fr\/#website","url":"https:\/\/repliquemangacine.fr\/","name":"R\u00e9plique Manga Cin\u00e9","description":"","publisher":{"@id":"https:\/\/repliquemangacine.fr\/#organization"},"potentialAction":[{"@type":"SearchAction","target":{"@type":"EntryPoint","urlTemplate":"https:\/\/repliquemangacine.fr\/?s={search_term_string}"},"query-input":{"@type":"PropertyValueSpecification","valueRequired":true,"valueName":"search_term_string"}}],"inLanguage":"en-US"},{"@type":"Organization","@id":"https:\/\/repliquemangacine.fr\/#organization","name":"R\u00e9plique Manga Cin\u00e9","url":"https:\/\/repliquemangacine.fr\/","logo":{"@type":"ImageObject","inLanguage":"en-US","@id":"https:\/\/repliquemangacine.fr\/#\/schema\/logo\/image\/","url":"https:\/\/repliquemangacine.fr\/wp-content\/uploads\/2023\/10\/RMC-500250.png","contentUrl":"https:\/\/repliquemangacine.fr\/wp-content\/uploads\/2023\/10\/RMC-500250.png","width":500,"height":250,"caption":"R\u00e9plique Manga Cin\u00e9"},"image":{"@id":"https:\/\/repliquemangacine.fr\/#\/schema\/logo\/image\/"},"sameAs":["https:\/\/www.facebook.com\/RepliqueMangaCine","https:\/\/www.instagram.com\/repliquemangacine.fr\/"]}]}},"_links":{"self":[{"href":"https:\/\/repliquemangacine.fr\/en\/wp-json\/wp\/v2\/product\/87219","targetHints":{"allow":["GET"]}}],"collection":[{"href":"https:\/\/repliquemangacine.fr\/en\/wp-json\/wp\/v2\/product"}],"about":[{"href":"https:\/\/repliquemangacine.fr\/en\/wp-json\/wp\/v2\/types\/product"}],"wp:featuredmedia":[{"embeddable":true,"href":"https:\/\/repliquemangacine.fr\/en\/wp-json\/wp\/v2\/media\/87221"}],"wp:attachment":[{"href":"https:\/\/repliquemangacine.fr\/en\/wp-json\/wp\/v2\/media?parent=87219"}],"wp:term":[{"taxonomy":"product_brand","embeddable":true,"href":"https:\/\/repliquemangacine.fr\/en\/wp-json\/wp\/v2\/product_brand?post=87219"},{"taxonomy":"product_cat","embeddable":true,"href":"https:\/\/repliquemangacine.fr\/en\/wp-json\/wp\/v2\/product_cat?post=87219"},{"taxonomy":"product_tag","embeddable":true,"href":"https:\/\/repliquemangacine.fr\/en\/wp-json\/wp\/v2\/product_tag?post=87219"}],"curies":[{"name":"wp","href":"https:\/\/api.w.org\/{rel}","templated":true}]}}