





{"id":87105,"date":"2025-08-05T10:48:31","date_gmt":"2025-08-05T08:48:31","guid":{"rendered":"https:\/\/repliquemangacine.fr\/?post_type=product&#038;p=87105"},"modified":"2026-04-04T04:52:55","modified_gmt":"2026-04-04T02:52:55","slug":"set-3-sck-throwing-knives-blue","status":"publish","type":"product","link":"https:\/\/repliquemangacine.fr\/en\/coutellerie\/set-3-couteaux-a-lancer-sck-bleu\/","title":{"rendered":"Set of 3 SCK Blue throwing knives"},"content":{"rendered":"<h2>A stylish and technical Set of 3 Blue Throwing Knives for throwing enthusiasts<\/h2>\n<p>This Set of 3 SCK Blue Throwing Knives is designed for precision throwing enthusiasts with a modern aesthetic.<br \/>\nEach knife has a<a href=\"https:\/\/fr.wikipedia.org\/wiki\/Acier_inoxydable#:~:text=L'acier%20inoxydable%2C%20couramment%20appel%C3%A9,pas%20se%20d%C3%A9grader%20en%20rouille.\" target=\"_blank\" rel=\"noopener noreferrer\"> stainless steel<\/a> blue, stylized, serrated and balanced for smooth, efficient throws.<br \/>\nThe handle is covered with blue braided cord, ensuring an excellent grip in all situations.<br \/>\nWhat's more, the knives come in a practical, hard-wearing black cordura sheath with belt loop.<br \/>\nMoreover, this highly visual style appeals to fans of cosplay, original collections or sports pitching.<br \/>\nAll in all, this package is the perfect blend of performance, style and comfort.<br \/>\nAs such, it will appeal to collectors as well as regular users in search of sensations.<br \/>\nIt's the ideal choice for those who want to stand out from the crowd with knives with a unique, striking look.<\/p>\n<h2>Adopt the blue SCK set: a must-have choice for all enthusiasts<\/h2>\n<p>First and foremost, this set of 3 blue SCK knives stands out for its outstanding design and build quality.<br \/>\nUnlike classic models, these stylized blades exude a strong personality and immediately attract the attention of discerning enthusiasts.<br \/>\nIn addition, the balance has been designed for perfect stability in flight, offering ideal performance for throwing.<br \/>\nThanks to their compact size and finish, these knives are equally suited to training and artistic demonstration.<br \/>\nWhat's more, the belt sheath makes transport easier and ensures optimum protection of the blades.<br \/>\nSo you combine aesthetics, practicality and performance in a single product.<br \/>\nIn conclusion, this set is not just effective: it affirms your style, your level and your passion for throwing.<br \/>\nAnd that's not all: it also makes an excellent gift for fans of modern, stylish weapons.<\/p>\n<h2>Repliquemangacine: the temple of geek and historical replicas<\/h2>\n<p>On <strong>Repliquemangacine<\/strong>, you'll find much more than throwing knives: our universe is full of unique cult objects.<br \/>\nYou can also find swords from video games such as Zelda's Skyward Sword or Devil May Cry's Red Queen.<br \/>\nOur store also features replicas of historic weapons: Roman swords, pirate swords, antique helmets and much more.<br \/>\nFor fans of <a href=\"https:\/\/repliquemangacine.fr\/en\/western-weapons-and-accessories\/\" target=\"_blank\" rel=\"noopener noreferrer\">western<\/a>, We've got period-accurate colts, winchesters, leather holsters and even sheriff's stars.<br \/>\nAnd don't forget our range of goodies and figurines from cult mangas such as Naruto, Demon Slayer, Bleach or <a href=\"https:\/\/repliquemangacine.fr\/en\/genshin-impact\/\" target=\"_blank\" rel=\"noopener noreferrer\">Genshin Impact.<\/a><br \/>\nIn short, whether you're a collector, an enthusiast or just curious, our catalog is bound to have something for you.<br \/>\nSo don't wait any longer and discover all our exclusive products online, delivered quickly to your door.<\/p>\n<p><strong>\u26a0\ufe0f Sale forbidden to minors. A verification of identity may be required after ordering in order to confirm the buyer's majority.<\/strong><\/p>","protected":false},"excerpt":{"rendered":"<p><strong>Technical specifications :<\/strong><\/p>\n<ul>\n<li>Brand: SCK<\/li>\n<li>Quantity: 3 knives<\/li>\n<li>Total length (per knife): approx. 20 cm<\/li>\n<li>Material: Stainless steel<\/li>\n<li>Total weight (with case): approx. 230g<\/li>\n<li>Blade color: Metallic blue<\/li>\n<li>Handle: blue braided rope<\/li>\n<li>Case: Black Cordura with Velcro closure + belt loop<\/li>\n<\/ul>","protected":false},"featured_media":87110,"template":"","meta":[],"product_brand":[],"product_cat":[894,884],"product_tag":[],"class_list":{"0":"post-87105","1":"product","2":"type-product","3":"status-publish","4":"has-post-thumbnail","6":"product_cat-couteaux-de-lancer-et-etoiles","7":"product_cat-coutellerie","9":"first","10":"outofstock","11":"taxable","12":"shipping-taxable","13":"purchasable","14":"product-type-simple"},"yoast_head":"<!-- This site is optimized with the Yoast SEO plugin v27.4 - https:\/\/yoast.com\/product\/yoast-seo-wordpress\/ -->\n<title>Set 3 Couteaux \u00e0 Lancer Bleu SCK | R\u00e9plique Manga Cin\u00e9<\/title>\n<meta name=\"description\" content=\"Set 3 Couteaux \u00e0 Lancer Bleu SCK, lames stylis\u00e9es, poign\u00e9e en corde tress\u00e9e + \u00e9tui ceinture. Parfait pour lancer ou collection.\" \/>\n<meta name=\"robots\" content=\"index, follow, max-snippet:-1, max-image-preview:large, max-video-preview:-1\" \/>\n<link rel=\"canonical\" href=\"https:\/\/repliquemangacine.fr\/en\/cutlery\/set-3-sck-throwing-knives-blue\/\" \/>\n<meta property=\"og:locale\" content=\"en_US\" \/>\n<meta property=\"og:type\" content=\"article\" \/>\n<meta property=\"og:title\" content=\"Set 3 Couteaux \u00e0 Lancer Bleu SCK | R\u00e9plique Manga Cin\u00e9\" \/>\n<meta property=\"og:description\" content=\"Set 3 Couteaux \u00e0 Lancer Bleu SCK, lames stylis\u00e9es, poign\u00e9e en corde tress\u00e9e + \u00e9tui ceinture. Parfait pour lancer ou collection.\" \/>\n<meta property=\"og:url\" content=\"https:\/\/repliquemangacine.fr\/en\/cutlery\/set-3-sck-throwing-knives-blue\/\" \/>\n<meta property=\"og:site_name\" content=\"R\u00e9plique Manga Cin\u00e9\" \/>\n<meta property=\"article:publisher\" content=\"https:\/\/www.facebook.com\/RepliqueMangaCine\" \/>\n<meta property=\"article:modified_time\" content=\"2026-04-04T02:52:55+00:00\" \/>\n<meta property=\"og:image\" content=\"https:\/\/repliquemangacine.fr\/wp-content\/uploads\/2025\/08\/Couteaux-a-lancer-SCK-Bleu.jpg\" \/>\n\t<meta property=\"og:image:width\" content=\"700\" \/>\n\t<meta property=\"og:image:height\" content=\"700\" \/>\n\t<meta property=\"og:image:type\" content=\"image\/jpeg\" \/>\n<meta name=\"twitter:card\" content=\"summary_large_image\" \/>\n<meta name=\"twitter:label1\" content=\"Est. reading time\" \/>\n\t<meta name=\"twitter:data1\" content=\"3 minutes\" \/>\n<script type=\"application\/ld+json\" class=\"yoast-schema-graph\">{\"@context\":\"https:\\\/\\\/schema.org\",\"@graph\":[{\"@type\":\"WebPage\",\"@id\":\"https:\\\/\\\/repliquemangacine.fr\\\/coutellerie\\\/set-3-couteaux-a-lancer-sck-bleu\\\/\",\"url\":\"https:\\\/\\\/repliquemangacine.fr\\\/coutellerie\\\/set-3-couteaux-a-lancer-sck-bleu\\\/\",\"name\":\"Set 3 Couteaux \u00e0 Lancer Bleu SCK | R\u00e9plique Manga Cin\u00e9\",\"isPartOf\":{\"@id\":\"https:\\\/\\\/repliquemangacine.fr\\\/#website\"},\"primaryImageOfPage\":{\"@id\":\"https:\\\/\\\/repliquemangacine.fr\\\/coutellerie\\\/set-3-couteaux-a-lancer-sck-bleu\\\/#primaryimage\"},\"image\":{\"@id\":\"https:\\\/\\\/repliquemangacine.fr\\\/coutellerie\\\/set-3-couteaux-a-lancer-sck-bleu\\\/#primaryimage\"},\"thumbnailUrl\":\"https:\\\/\\\/repliquemangacine.fr\\\/wp-content\\\/uploads\\\/2025\\\/08\\\/Couteaux-a-lancer-SCK-Bleu.jpg\",\"datePublished\":\"2025-08-05T08:48:31+00:00\",\"dateModified\":\"2026-04-04T02:52:55+00:00\",\"description\":\"Set 3 Couteaux \u00e0 Lancer Bleu SCK, lames stylis\u00e9es, poign\u00e9e en corde tress\u00e9e + \u00e9tui ceinture. Parfait pour lancer ou collection.\",\"breadcrumb\":{\"@id\":\"https:\\\/\\\/repliquemangacine.fr\\\/coutellerie\\\/set-3-couteaux-a-lancer-sck-bleu\\\/#breadcrumb\"},\"inLanguage\":\"en-US\",\"potentialAction\":[{\"@type\":\"ReadAction\",\"target\":[\"https:\\\/\\\/repliquemangacine.fr\\\/coutellerie\\\/set-3-couteaux-a-lancer-sck-bleu\\\/\"]}]},{\"@type\":\"ImageObject\",\"inLanguage\":\"en-US\",\"@id\":\"https:\\\/\\\/repliquemangacine.fr\\\/coutellerie\\\/set-3-couteaux-a-lancer-sck-bleu\\\/#primaryimage\",\"url\":\"https:\\\/\\\/repliquemangacine.fr\\\/wp-content\\\/uploads\\\/2025\\\/08\\\/Couteaux-a-lancer-SCK-Bleu.jpg\",\"contentUrl\":\"https:\\\/\\\/repliquemangacine.fr\\\/wp-content\\\/uploads\\\/2025\\\/08\\\/Couteaux-a-lancer-SCK-Bleu.jpg\",\"width\":700,\"height\":700,\"caption\":\"Couteaux-\u00e0-lancer-SCK-Bleu\"},{\"@type\":\"BreadcrumbList\",\"@id\":\"https:\\\/\\\/repliquemangacine.fr\\\/coutellerie\\\/set-3-couteaux-a-lancer-sck-bleu\\\/#breadcrumb\",\"itemListElement\":[{\"@type\":\"ListItem\",\"position\":1,\"name\":\"Accueil\",\"item\":\"https:\\\/\\\/repliquemangacine.fr\\\/\"},{\"@type\":\"ListItem\",\"position\":2,\"name\":\"Produits\",\"item\":\"https:\\\/\\\/repliquemangacine.fr\\\/boutique\\\/\"},{\"@type\":\"ListItem\",\"position\":3,\"name\":\"Set 3 Couteaux \u00e0 Lancer Bleu SCK\"}]},{\"@type\":\"WebSite\",\"@id\":\"https:\\\/\\\/repliquemangacine.fr\\\/#website\",\"url\":\"https:\\\/\\\/repliquemangacine.fr\\\/\",\"name\":\"R\u00e9plique Manga Cin\u00e9\",\"description\":\"\",\"publisher\":{\"@id\":\"https:\\\/\\\/repliquemangacine.fr\\\/#organization\"},\"potentialAction\":[{\"@type\":\"SearchAction\",\"target\":{\"@type\":\"EntryPoint\",\"urlTemplate\":\"https:\\\/\\\/repliquemangacine.fr\\\/?s={search_term_string}\"},\"query-input\":{\"@type\":\"PropertyValueSpecification\",\"valueRequired\":true,\"valueName\":\"search_term_string\"}}],\"inLanguage\":\"en-US\"},{\"@type\":\"Organization\",\"@id\":\"https:\\\/\\\/repliquemangacine.fr\\\/#organization\",\"name\":\"R\u00e9plique Manga Cin\u00e9\",\"url\":\"https:\\\/\\\/repliquemangacine.fr\\\/\",\"logo\":{\"@type\":\"ImageObject\",\"inLanguage\":\"en-US\",\"@id\":\"https:\\\/\\\/repliquemangacine.fr\\\/#\\\/schema\\\/logo\\\/image\\\/\",\"url\":\"https:\\\/\\\/repliquemangacine.fr\\\/wp-content\\\/uploads\\\/2023\\\/10\\\/RMC-500250.png\",\"contentUrl\":\"https:\\\/\\\/repliquemangacine.fr\\\/wp-content\\\/uploads\\\/2023\\\/10\\\/RMC-500250.png\",\"width\":500,\"height\":250,\"caption\":\"R\u00e9plique Manga Cin\u00e9\"},\"image\":{\"@id\":\"https:\\\/\\\/repliquemangacine.fr\\\/#\\\/schema\\\/logo\\\/image\\\/\"},\"sameAs\":[\"https:\\\/\\\/www.facebook.com\\\/RepliqueMangaCine\",\"https:\\\/\\\/www.instagram.com\\\/repliquemangacine.fr\\\/\"]}]}<\/script>\n<!-- \/ Yoast SEO plugin. -->","yoast_head_json":{"title":"Set of 3 SCK Blue throwing knives | R\u00e9plique Manga Cin\u00e9","description":"Set of 3 SCK Blue throwing knives, stylized blades, braided rope handle + belt sheath. Perfect for throwing or collecting.","robots":{"index":"index","follow":"follow","max-snippet":"max-snippet:-1","max-image-preview":"max-image-preview:large","max-video-preview":"max-video-preview:-1"},"canonical":"https:\/\/repliquemangacine.fr\/en\/cutlery\/set-3-sck-throwing-knives-blue\/","og_locale":"en_US","og_type":"article","og_title":"Set 3 Couteaux \u00e0 Lancer Bleu SCK | R\u00e9plique Manga Cin\u00e9","og_description":"Set 3 Couteaux \u00e0 Lancer Bleu SCK, lames stylis\u00e9es, poign\u00e9e en corde tress\u00e9e + \u00e9tui ceinture. Parfait pour lancer ou collection.","og_url":"https:\/\/repliquemangacine.fr\/en\/cutlery\/set-3-sck-throwing-knives-blue\/","og_site_name":"R\u00e9plique Manga Cin\u00e9","article_publisher":"https:\/\/www.facebook.com\/RepliqueMangaCine","article_modified_time":"2026-04-04T02:52:55+00:00","og_image":[{"width":700,"height":700,"url":"https:\/\/repliquemangacine.fr\/wp-content\/uploads\/2025\/08\/Couteaux-a-lancer-SCK-Bleu.jpg","type":"image\/jpeg"}],"twitter_card":"summary_large_image","twitter_misc":{"Est. reading time":"3 minutes"},"schema":{"@context":"https:\/\/schema.org","@graph":[{"@type":"WebPage","@id":"https:\/\/repliquemangacine.fr\/coutellerie\/set-3-couteaux-a-lancer-sck-bleu\/","url":"https:\/\/repliquemangacine.fr\/coutellerie\/set-3-couteaux-a-lancer-sck-bleu\/","name":"Set of 3 SCK Blue throwing knives | R\u00e9plique Manga Cin\u00e9","isPartOf":{"@id":"https:\/\/repliquemangacine.fr\/#website"},"primaryImageOfPage":{"@id":"https:\/\/repliquemangacine.fr\/coutellerie\/set-3-couteaux-a-lancer-sck-bleu\/#primaryimage"},"image":{"@id":"https:\/\/repliquemangacine.fr\/coutellerie\/set-3-couteaux-a-lancer-sck-bleu\/#primaryimage"},"thumbnailUrl":"https:\/\/repliquemangacine.fr\/wp-content\/uploads\/2025\/08\/Couteaux-a-lancer-SCK-Bleu.jpg","datePublished":"2025-08-05T08:48:31+00:00","dateModified":"2026-04-04T02:52:55+00:00","description":"Set of 3 SCK Blue throwing knives, stylized blades, braided rope handle + belt sheath. Perfect for throwing or collecting.","breadcrumb":{"@id":"https:\/\/repliquemangacine.fr\/coutellerie\/set-3-couteaux-a-lancer-sck-bleu\/#breadcrumb"},"inLanguage":"en-US","potentialAction":[{"@type":"ReadAction","target":["https:\/\/repliquemangacine.fr\/coutellerie\/set-3-couteaux-a-lancer-sck-bleu\/"]}]},{"@type":"ImageObject","inLanguage":"en-US","@id":"https:\/\/repliquemangacine.fr\/coutellerie\/set-3-couteaux-a-lancer-sck-bleu\/#primaryimage","url":"https:\/\/repliquemangacine.fr\/wp-content\/uploads\/2025\/08\/Couteaux-a-lancer-SCK-Bleu.jpg","contentUrl":"https:\/\/repliquemangacine.fr\/wp-content\/uploads\/2025\/08\/Couteaux-a-lancer-SCK-Bleu.jpg","width":700,"height":700,"caption":"Couteaux-\u00e0-lancer-SCK-Bleu"},{"@type":"BreadcrumbList","@id":"https:\/\/repliquemangacine.fr\/coutellerie\/set-3-couteaux-a-lancer-sck-bleu\/#breadcrumb","itemListElement":[{"@type":"ListItem","position":1,"name":"Accueil","item":"https:\/\/repliquemangacine.fr\/"},{"@type":"ListItem","position":2,"name":"Produits","item":"https:\/\/repliquemangacine.fr\/boutique\/"},{"@type":"ListItem","position":3,"name":"Set 3 Couteaux \u00e0 Lancer Bleu SCK"}]},{"@type":"WebSite","@id":"https:\/\/repliquemangacine.fr\/#website","url":"https:\/\/repliquemangacine.fr\/","name":"R\u00e9plique Manga Cin\u00e9","description":"","publisher":{"@id":"https:\/\/repliquemangacine.fr\/#organization"},"potentialAction":[{"@type":"SearchAction","target":{"@type":"EntryPoint","urlTemplate":"https:\/\/repliquemangacine.fr\/?s={search_term_string}"},"query-input":{"@type":"PropertyValueSpecification","valueRequired":true,"valueName":"search_term_string"}}],"inLanguage":"en-US"},{"@type":"Organization","@id":"https:\/\/repliquemangacine.fr\/#organization","name":"R\u00e9plique Manga Cin\u00e9","url":"https:\/\/repliquemangacine.fr\/","logo":{"@type":"ImageObject","inLanguage":"en-US","@id":"https:\/\/repliquemangacine.fr\/#\/schema\/logo\/image\/","url":"https:\/\/repliquemangacine.fr\/wp-content\/uploads\/2023\/10\/RMC-500250.png","contentUrl":"https:\/\/repliquemangacine.fr\/wp-content\/uploads\/2023\/10\/RMC-500250.png","width":500,"height":250,"caption":"R\u00e9plique Manga Cin\u00e9"},"image":{"@id":"https:\/\/repliquemangacine.fr\/#\/schema\/logo\/image\/"},"sameAs":["https:\/\/www.facebook.com\/RepliqueMangaCine","https:\/\/www.instagram.com\/repliquemangacine.fr\/"]}]}},"_links":{"self":[{"href":"https:\/\/repliquemangacine.fr\/en\/wp-json\/wp\/v2\/product\/87105","targetHints":{"allow":["GET"]}}],"collection":[{"href":"https:\/\/repliquemangacine.fr\/en\/wp-json\/wp\/v2\/product"}],"about":[{"href":"https:\/\/repliquemangacine.fr\/en\/wp-json\/wp\/v2\/types\/product"}],"wp:featuredmedia":[{"embeddable":true,"href":"https:\/\/repliquemangacine.fr\/en\/wp-json\/wp\/v2\/media\/87110"}],"wp:attachment":[{"href":"https:\/\/repliquemangacine.fr\/en\/wp-json\/wp\/v2\/media?parent=87105"}],"wp:term":[{"taxonomy":"product_brand","embeddable":true,"href":"https:\/\/repliquemangacine.fr\/en\/wp-json\/wp\/v2\/product_brand?post=87105"},{"taxonomy":"product_cat","embeddable":true,"href":"https:\/\/repliquemangacine.fr\/en\/wp-json\/wp\/v2\/product_cat?post=87105"},{"taxonomy":"product_tag","embeddable":true,"href":"https:\/\/repliquemangacine.fr\/en\/wp-json\/wp\/v2\/product_tag?post=87105"}],"curies":[{"name":"wp","href":"https:\/\/api.w.org\/{rel}","templated":true}]}}