





{"id":87006,"date":"2025-08-01T15:37:50","date_gmt":"2025-08-01T13:37:50","guid":{"rendered":"https:\/\/repliquemangacine.fr\/?post_type=product&#038;p=87006"},"modified":"2025-11-12T23:37:55","modified_gmt":"2025-11-12T22:37:55","slug":"epee-des-templiers-de-luxe","status":"publish","type":"product","link":"https:\/\/repliquemangacine.fr\/en\/epee-templier-medievale\/epee-des-templiers-de-luxe\/","title":{"rendered":"Deluxe Templar Sword"},"content":{"rendered":"<h2>\u00c9p\u00e9e des Templiers de Luxe - A prestigious replica to display<\/h2>\n<p>Immerse yourself in the mystical world of the Knights Templar with this deluxe Templar sword, a faithful replica inspired by medieval iconography. A symbol of faith, bravery and loyalty, this richly decorated piece embodies the spirit of the legendary soldier-monks of the Order of the Temple.<br \/>\nEmblematic details and high-end finish<\/p>\n<p>This sword is distinguished by its cross-shaped guard featuring a red cross pattee, the traditional emblem of the Knights Templar. The hilt is covered with a deep red coating, surrounded by chiseled silver details. The round pommel features an engraving of two knights sharing a mount, an emblematic representation of the Order.<\/p>\n<p>Supplied with a shield-shaped wall plate, decorated with a gilded heraldic lion. This support enhances the sword's visual impact and makes for a noble presentation in any interior, whether medieval, historical or simply decorative.<\/p>\n<h2>The legendary legacy of the Knights Templar<\/h2>\n<p>Since the 12th century <a href=\"https:\/\/www.templars-route.eu\/fr\/ordre-du-temple\/histoire-templiers\/\" target=\"_blank\" rel=\"noopener noreferrer\">Templars<\/a> embody courage, faith and discipline. Indeed, this military and religious order, founded in 1119, protected pilgrims in the Holy Land while leading major battles during the Crusades. Thanks to their exemplary organization, they built fortresses and developed a solid network of commanderies in Europe. What's more, their weapons, notably their richly decorated swords, became powerful symbols of their power.<\/p>\n<p>Today, these mythical pieces continue to captivate medieval history enthusiasts. Replica Templar swords let you relive those legendary times. They feature meticulous finishing, emblematic crosses and details that recall the aura of the knights. So, to own a Templar sword is to add to your collection an object steeped in history and mystery, perfect for decorating or completing a medieval universe.<\/p>\n<h2>Complete your Templar collection with our iconic accessories<\/h2>\n<p>Repliquemangacine offers much more than just a sword to enhance your Templar collection. In fact, you can opt for the <a href=\"https:\/\/repliquemangacine.fr\/en\/helmet-helmet-knight-templar\/templar-knights-helmet\/\">Heaume des Chevaliers Templiers<\/a>This striking piece embodies the power and authority of these sacred warriors. Add to your wall the majestic <a href=\"https:\/\/repliquemangacine.fr\/en\/shields-and-armor\/templar-shield-metal\/\">Templar Shield<\/a>. Perfect for highlighting your sword and asserting your passion for medieval history. To preserve the shine of your blade for years to come, use the<a href=\"https:\/\/repliquemangacine.fr\/en\/historical-weapons\/ballistol-universal-oil\/\">Ballistol oil<\/a>. Ideal for protecting metal against oxidation and maintaining a flawless finish. In this way, each piece finds its place in a coherent, authentic and spectacular ensemble. Finally, whether you're a passionate collector or a lover of historical objects, these items form an essential trio to enhance your Templar universe.<\/p>","protected":false},"excerpt":{"rendered":"<p>Superb replica of the Deluxe Templar Sword.<\/p>\n<ul>\n<li>Stainless steel blade<\/li>\n<li>Solid steel pommel with engravings of two knights.<\/li>\n<li>Cross-shaped steel hilt with red cross pattee.<\/li>\n<li>Supplied with wooden wall display plate.<\/li>\n<li>Blade length: 90 cm - Total length: 115 cm<\/li>\n<li>Weight: 1800g<\/li>\n<\/ul>","protected":false},"featured_media":87008,"template":"","meta":[],"product_brand":[896],"product_cat":[84],"product_tag":[],"class_list":{"0":"post-87006","1":"product","2":"type-product","3":"status-publish","4":"has-post-thumbnail","6":"product_brand-replique-manga-cine","7":"product_cat-epee-templier-medievale","9":"first","10":"outofstock","11":"taxable","12":"shipping-taxable","13":"purchasable","14":"product-type-simple"},"yoast_head":"<!-- This site is optimized with the Yoast SEO plugin v27.5 - https:\/\/yoast.com\/product\/yoast-seo-wordpress\/ -->\n<title>\u00c9p\u00e9e des Templiers de Luxe - R\u00e9plique Manga Cin\u00e9<\/title>\n<meta name=\"description\" content=\"D\u00e9couvrez cette \u00c9p\u00e9e des Templiers de Luxe avec blason mural. D\u00e9tails historiques soign\u00e9s, croix embl\u00e9matique et finition haut de gamme. 115 cm\" \/>\n<meta name=\"robots\" content=\"index, follow, max-snippet:-1, max-image-preview:large, max-video-preview:-1\" \/>\n<link rel=\"canonical\" href=\"https:\/\/repliquemangacine.fr\/en\/medieval-templar-sword\/epee-des-templiers-de-luxe\/\" \/>\n<meta property=\"og:locale\" content=\"en_US\" \/>\n<meta property=\"og:type\" content=\"article\" \/>\n<meta property=\"og:title\" content=\"\u00c9p\u00e9e des Templiers de Luxe - R\u00e9plique Manga Cin\u00e9\" \/>\n<meta property=\"og:description\" content=\"D\u00e9couvrez cette \u00c9p\u00e9e des Templiers de Luxe avec blason mural. D\u00e9tails historiques soign\u00e9s, croix embl\u00e9matique et finition haut de gamme. 115 cm\" \/>\n<meta property=\"og:url\" content=\"https:\/\/repliquemangacine.fr\/en\/medieval-templar-sword\/epee-des-templiers-de-luxe\/\" \/>\n<meta property=\"og:site_name\" content=\"R\u00e9plique Manga Cin\u00e9\" \/>\n<meta property=\"article:publisher\" content=\"https:\/\/www.facebook.com\/RepliqueMangaCine\" \/>\n<meta property=\"article:modified_time\" content=\"2025-11-12T22:37:55+00:00\" \/>\n<meta property=\"og:image\" content=\"https:\/\/repliquemangacine.fr\/wp-content\/uploads\/2025\/08\/Epee-des-Templiers-de-Luxe.jpg\" \/>\n\t<meta property=\"og:image:width\" content=\"700\" \/>\n\t<meta property=\"og:image:height\" content=\"700\" \/>\n\t<meta property=\"og:image:type\" content=\"image\/jpeg\" \/>\n<meta name=\"twitter:card\" content=\"summary_large_image\" \/>\n<meta name=\"twitter:label1\" content=\"Est. reading time\" \/>\n\t<meta name=\"twitter:data1\" content=\"3 minutes\" \/>\n<script type=\"application\/ld+json\" class=\"yoast-schema-graph\">{\"@context\":\"https:\\\/\\\/schema.org\",\"@graph\":[{\"@type\":\"WebPage\",\"@id\":\"https:\\\/\\\/repliquemangacine.fr\\\/epee-templier-medievale\\\/epee-des-templiers-de-luxe\\\/\",\"url\":\"https:\\\/\\\/repliquemangacine.fr\\\/epee-templier-medievale\\\/epee-des-templiers-de-luxe\\\/\",\"name\":\"\u00c9p\u00e9e des Templiers de Luxe - R\u00e9plique Manga Cin\u00e9\",\"isPartOf\":{\"@id\":\"https:\\\/\\\/repliquemangacine.fr\\\/#website\"},\"primaryImageOfPage\":{\"@id\":\"https:\\\/\\\/repliquemangacine.fr\\\/epee-templier-medievale\\\/epee-des-templiers-de-luxe\\\/#primaryimage\"},\"image\":{\"@id\":\"https:\\\/\\\/repliquemangacine.fr\\\/epee-templier-medievale\\\/epee-des-templiers-de-luxe\\\/#primaryimage\"},\"thumbnailUrl\":\"https:\\\/\\\/repliquemangacine.fr\\\/wp-content\\\/uploads\\\/2025\\\/08\\\/Epee-des-Templiers-de-Luxe.jpg\",\"datePublished\":\"2025-08-01T13:37:50+00:00\",\"dateModified\":\"2025-11-12T22:37:55+00:00\",\"description\":\"D\u00e9couvrez cette \u00c9p\u00e9e des Templiers de Luxe avec blason mural. D\u00e9tails historiques soign\u00e9s, croix embl\u00e9matique et finition haut de gamme. 115 cm\",\"breadcrumb\":{\"@id\":\"https:\\\/\\\/repliquemangacine.fr\\\/epee-templier-medievale\\\/epee-des-templiers-de-luxe\\\/#breadcrumb\"},\"inLanguage\":\"en-US\",\"potentialAction\":[{\"@type\":\"ReadAction\",\"target\":[\"https:\\\/\\\/repliquemangacine.fr\\\/epee-templier-medievale\\\/epee-des-templiers-de-luxe\\\/\"]}]},{\"@type\":\"ImageObject\",\"inLanguage\":\"en-US\",\"@id\":\"https:\\\/\\\/repliquemangacine.fr\\\/epee-templier-medievale\\\/epee-des-templiers-de-luxe\\\/#primaryimage\",\"url\":\"https:\\\/\\\/repliquemangacine.fr\\\/wp-content\\\/uploads\\\/2025\\\/08\\\/Epee-des-Templiers-de-Luxe.jpg\",\"contentUrl\":\"https:\\\/\\\/repliquemangacine.fr\\\/wp-content\\\/uploads\\\/2025\\\/08\\\/Epee-des-Templiers-de-Luxe.jpg\",\"width\":700,\"height\":700,\"caption\":\"\u00c9p\u00e9e des Templiers de Luxe\"},{\"@type\":\"BreadcrumbList\",\"@id\":\"https:\\\/\\\/repliquemangacine.fr\\\/epee-templier-medievale\\\/epee-des-templiers-de-luxe\\\/#breadcrumb\",\"itemListElement\":[{\"@type\":\"ListItem\",\"position\":1,\"name\":\"Accueil\",\"item\":\"https:\\\/\\\/repliquemangacine.fr\\\/\"},{\"@type\":\"ListItem\",\"position\":2,\"name\":\"Produits\",\"item\":\"https:\\\/\\\/repliquemangacine.fr\\\/boutique\\\/\"},{\"@type\":\"ListItem\",\"position\":3,\"name\":\"\u00c9p\u00e9e des Templiers de Luxe\"}]},{\"@type\":\"WebSite\",\"@id\":\"https:\\\/\\\/repliquemangacine.fr\\\/#website\",\"url\":\"https:\\\/\\\/repliquemangacine.fr\\\/\",\"name\":\"R\u00e9plique Manga Cin\u00e9\",\"description\":\"\",\"publisher\":{\"@id\":\"https:\\\/\\\/repliquemangacine.fr\\\/#organization\"},\"potentialAction\":[{\"@type\":\"SearchAction\",\"target\":{\"@type\":\"EntryPoint\",\"urlTemplate\":\"https:\\\/\\\/repliquemangacine.fr\\\/?s={search_term_string}\"},\"query-input\":{\"@type\":\"PropertyValueSpecification\",\"valueRequired\":true,\"valueName\":\"search_term_string\"}}],\"inLanguage\":\"en-US\"},{\"@type\":\"Organization\",\"@id\":\"https:\\\/\\\/repliquemangacine.fr\\\/#organization\",\"name\":\"R\u00e9plique Manga Cin\u00e9\",\"url\":\"https:\\\/\\\/repliquemangacine.fr\\\/\",\"logo\":{\"@type\":\"ImageObject\",\"inLanguage\":\"en-US\",\"@id\":\"https:\\\/\\\/repliquemangacine.fr\\\/#\\\/schema\\\/logo\\\/image\\\/\",\"url\":\"https:\\\/\\\/repliquemangacine.fr\\\/wp-content\\\/uploads\\\/2023\\\/10\\\/RMC-500250.png\",\"contentUrl\":\"https:\\\/\\\/repliquemangacine.fr\\\/wp-content\\\/uploads\\\/2023\\\/10\\\/RMC-500250.png\",\"width\":500,\"height\":250,\"caption\":\"R\u00e9plique Manga Cin\u00e9\"},\"image\":{\"@id\":\"https:\\\/\\\/repliquemangacine.fr\\\/#\\\/schema\\\/logo\\\/image\\\/\"},\"sameAs\":[\"https:\\\/\\\/www.facebook.com\\\/RepliqueMangaCine\",\"https:\\\/\\\/www.instagram.com\\\/repliquemangacine.fr\\\/\"]}]}<\/script>\n<!-- \/ Yoast SEO plugin. -->","yoast_head_json":{"title":"Deluxe Templar Sword - R\u00e9plique Manga Cin\u00e9","description":"Discover this luxurious Templar sword with wall coat of arms. Meticulous historical detail, emblematic cross and top-of-the-range finish. 115 cm","robots":{"index":"index","follow":"follow","max-snippet":"max-snippet:-1","max-image-preview":"max-image-preview:large","max-video-preview":"max-video-preview:-1"},"canonical":"https:\/\/repliquemangacine.fr\/en\/medieval-templar-sword\/epee-des-templiers-de-luxe\/","og_locale":"en_US","og_type":"article","og_title":"\u00c9p\u00e9e des Templiers de Luxe - R\u00e9plique Manga Cin\u00e9","og_description":"D\u00e9couvrez cette \u00c9p\u00e9e des Templiers de Luxe avec blason mural. D\u00e9tails historiques soign\u00e9s, croix embl\u00e9matique et finition haut de gamme. 115 cm","og_url":"https:\/\/repliquemangacine.fr\/en\/medieval-templar-sword\/epee-des-templiers-de-luxe\/","og_site_name":"R\u00e9plique Manga Cin\u00e9","article_publisher":"https:\/\/www.facebook.com\/RepliqueMangaCine","article_modified_time":"2025-11-12T22:37:55+00:00","og_image":[{"width":700,"height":700,"url":"https:\/\/repliquemangacine.fr\/wp-content\/uploads\/2025\/08\/Epee-des-Templiers-de-Luxe.jpg","type":"image\/jpeg"}],"twitter_card":"summary_large_image","twitter_misc":{"Est. reading time":"3 minutes"},"schema":{"@context":"https:\/\/schema.org","@graph":[{"@type":"WebPage","@id":"https:\/\/repliquemangacine.fr\/epee-templier-medievale\/epee-des-templiers-de-luxe\/","url":"https:\/\/repliquemangacine.fr\/epee-templier-medievale\/epee-des-templiers-de-luxe\/","name":"Deluxe Templar Sword - R\u00e9plique Manga Cin\u00e9","isPartOf":{"@id":"https:\/\/repliquemangacine.fr\/#website"},"primaryImageOfPage":{"@id":"https:\/\/repliquemangacine.fr\/epee-templier-medievale\/epee-des-templiers-de-luxe\/#primaryimage"},"image":{"@id":"https:\/\/repliquemangacine.fr\/epee-templier-medievale\/epee-des-templiers-de-luxe\/#primaryimage"},"thumbnailUrl":"https:\/\/repliquemangacine.fr\/wp-content\/uploads\/2025\/08\/Epee-des-Templiers-de-Luxe.jpg","datePublished":"2025-08-01T13:37:50+00:00","dateModified":"2025-11-12T22:37:55+00:00","description":"Discover this luxurious Templar sword with wall coat of arms. Meticulous historical detail, emblematic cross and top-of-the-range finish. 115 cm","breadcrumb":{"@id":"https:\/\/repliquemangacine.fr\/epee-templier-medievale\/epee-des-templiers-de-luxe\/#breadcrumb"},"inLanguage":"en-US","potentialAction":[{"@type":"ReadAction","target":["https:\/\/repliquemangacine.fr\/epee-templier-medievale\/epee-des-templiers-de-luxe\/"]}]},{"@type":"ImageObject","inLanguage":"en-US","@id":"https:\/\/repliquemangacine.fr\/epee-templier-medievale\/epee-des-templiers-de-luxe\/#primaryimage","url":"https:\/\/repliquemangacine.fr\/wp-content\/uploads\/2025\/08\/Epee-des-Templiers-de-Luxe.jpg","contentUrl":"https:\/\/repliquemangacine.fr\/wp-content\/uploads\/2025\/08\/Epee-des-Templiers-de-Luxe.jpg","width":700,"height":700,"caption":"\u00c9p\u00e9e des Templiers de Luxe"},{"@type":"BreadcrumbList","@id":"https:\/\/repliquemangacine.fr\/epee-templier-medievale\/epee-des-templiers-de-luxe\/#breadcrumb","itemListElement":[{"@type":"ListItem","position":1,"name":"Accueil","item":"https:\/\/repliquemangacine.fr\/"},{"@type":"ListItem","position":2,"name":"Produits","item":"https:\/\/repliquemangacine.fr\/boutique\/"},{"@type":"ListItem","position":3,"name":"\u00c9p\u00e9e des Templiers de Luxe"}]},{"@type":"WebSite","@id":"https:\/\/repliquemangacine.fr\/#website","url":"https:\/\/repliquemangacine.fr\/","name":"R\u00e9plique Manga Cin\u00e9","description":"","publisher":{"@id":"https:\/\/repliquemangacine.fr\/#organization"},"potentialAction":[{"@type":"SearchAction","target":{"@type":"EntryPoint","urlTemplate":"https:\/\/repliquemangacine.fr\/?s={search_term_string}"},"query-input":{"@type":"PropertyValueSpecification","valueRequired":true,"valueName":"search_term_string"}}],"inLanguage":"en-US"},{"@type":"Organization","@id":"https:\/\/repliquemangacine.fr\/#organization","name":"R\u00e9plique Manga Cin\u00e9","url":"https:\/\/repliquemangacine.fr\/","logo":{"@type":"ImageObject","inLanguage":"en-US","@id":"https:\/\/repliquemangacine.fr\/#\/schema\/logo\/image\/","url":"https:\/\/repliquemangacine.fr\/wp-content\/uploads\/2023\/10\/RMC-500250.png","contentUrl":"https:\/\/repliquemangacine.fr\/wp-content\/uploads\/2023\/10\/RMC-500250.png","width":500,"height":250,"caption":"R\u00e9plique Manga Cin\u00e9"},"image":{"@id":"https:\/\/repliquemangacine.fr\/#\/schema\/logo\/image\/"},"sameAs":["https:\/\/www.facebook.com\/RepliqueMangaCine","https:\/\/www.instagram.com\/repliquemangacine.fr\/"]}]}},"_links":{"self":[{"href":"https:\/\/repliquemangacine.fr\/en\/wp-json\/wp\/v2\/product\/87006","targetHints":{"allow":["GET"]}}],"collection":[{"href":"https:\/\/repliquemangacine.fr\/en\/wp-json\/wp\/v2\/product"}],"about":[{"href":"https:\/\/repliquemangacine.fr\/en\/wp-json\/wp\/v2\/types\/product"}],"wp:featuredmedia":[{"embeddable":true,"href":"https:\/\/repliquemangacine.fr\/en\/wp-json\/wp\/v2\/media\/87008"}],"wp:attachment":[{"href":"https:\/\/repliquemangacine.fr\/en\/wp-json\/wp\/v2\/media?parent=87006"}],"wp:term":[{"taxonomy":"product_brand","embeddable":true,"href":"https:\/\/repliquemangacine.fr\/en\/wp-json\/wp\/v2\/product_brand?post=87006"},{"taxonomy":"product_cat","embeddable":true,"href":"https:\/\/repliquemangacine.fr\/en\/wp-json\/wp\/v2\/product_cat?post=87006"},{"taxonomy":"product_tag","embeddable":true,"href":"https:\/\/repliquemangacine.fr\/en\/wp-json\/wp\/v2\/product_tag?post=87006"}],"curies":[{"name":"wp","href":"https:\/\/api.w.org\/{rel}","templated":true}]}}