





{"id":86993,"date":"2025-08-01T13:21:44","date_gmt":"2025-08-01T11:21:44","guid":{"rendered":"https:\/\/repliquemangacine.fr\/?post_type=product&#038;p=86993"},"modified":"2026-03-07T09:57:20","modified_gmt":"2026-03-07T08:57:20","slug":"im42-german-boot-knife","status":"publish","type":"product","link":"https:\/\/repliquemangacine.fr\/en\/dagues-et-accessoires-seconde-guerre-mondiale-materiels-militaria\/couteau-de-botte-allemand-im42\/","title":{"rendered":"German boot knife IM42"},"content":{"rendered":"<h2>German boot knife IM42 - Historic military design<\/h2>\n<p>The German IM42 boot knife (Infanteriemesser 42), inspired by an iconic model used by the German infantry. The Infanteriemesser 42 was a utility knife used by the Wehrmacht (German army) during the Second World War. It was used as a multi-purpose tool as well as a close-combat weapon, mainly for infantry troops.<br class=\"yoast-text-mark\" \/>This knife, often slipped into a boot, stands out for its simplicity, efficiency and sturdiness. The IM42 is gradually replacing its predecessor (the more complex \"Heer Dolch\"). Because it's simpler and more economical to produce. This knife accompanies soldiers on all their missions, whether in combat zones, bivouacs or trenches.<\/p>\n<h2>An ideal replica for history buffs<\/h2>\n<p>Even without military markings, this replica of the IM42 respects the traditional lines of the original model: a straight, slim blade, an ergonomic dark wood handle with non-slip grooves, and a rigid black sheath for discreet carrying. It's the perfect accessory for re-enactment enthusiasts, collectors or military cutlery buffs.<\/p>\n<p>Designed as a collector's item or a decorative item, this replica features no official symbols or inscriptions, in compliance with current legislation. It offers all the visual authenticity without the risks associated with owning an original military item.<\/p>\n<h2>Discover other iconic historical replicas<\/h2>\n<p>In addition to the famous German Infanteriemesser 42 boot knife, R\u00e9plique Manga Cin\u00e9 offers an authentic selection of historical military replicas that will appeal to collectors and enthusiasts alike. For example, the <a href=\"https:\/\/repliquemangacine.fr\/en\/accessory-weapons-world-war\/grenade-m24-puree-press\/\">grenade M24 Potato masher<\/a> dummy brand <a href=\"https:\/\/www.denix.fr\/\" target=\"_blank\" rel=\"noopener noreferrer\">Denix<\/a>, This faithful reproduction of an emblematic piece from the German arsenal is perfect for staging or themed decoration.<\/p>\n<p>And you can't miss the <a href=\"https:\/\/repliquemangacine.fr\/en\/daggers-and-accessories-world-war-ii-militaria-materiel\/stahlhelm-m42-german-helmet\/\">German helmet Stahlhelm M42<\/a> aged, carefully patinated to reproduce the wear and tear of time. Ideal for World War II collections or historical re-enactments.<\/p>\n<p>Finally, fans of American equipment will appreciate the replica of the <a href=\"https:\/\/repliquemangacine.fr\/en\/daggers-and-accessories-world-war-ii-militaria-materiel\/usmc-ka-bar-fighting-knife\/\">USMC KA-BAR combat knife<\/a>, used by the Marines. With its rugged silhouette and legendary history, it's a must-have in any military showcase.<\/p>\n<p>Thanks to this varied, historically accurate range, your collection takes on a whole new dimension.<\/p>\n<p>&nbsp;<\/p>","protected":false},"excerpt":{"rendered":"<p>German Infanteriemesser 42 boot knife, often abbreviated to IM42.<\/p>\n<ul>\n<li>Straight, single-edged, non-cutting blade.<\/li>\n<li>Rivet-fastened wooden handle with slight groove for better grip.<\/li>\n<li>Small metal guard to prevent the hand from slipping.<\/li>\n<li>Black metal scabbard, designed to be worn discreetly in the boot or on the belt, with fastening clip.<\/li>\n<li>Blade length: 15 cm - Total length: 27 cm<\/li>\n<\/ul>","protected":false},"featured_media":86994,"template":"","meta":[],"product_brand":[896],"product_cat":[85],"product_tag":[],"class_list":{"0":"post-86993","1":"product","2":"type-product","3":"status-publish","4":"has-post-thumbnail","6":"product_brand-replique-manga-cine","7":"product_cat-dagues-et-accessoires-seconde-guerre-mondiale-materiels-militaria","9":"first","10":"instock","11":"taxable","12":"shipping-taxable","13":"purchasable","14":"product-type-simple"},"yoast_head":"<!-- This site is optimized with the Yoast SEO plugin v27.5 - https:\/\/yoast.com\/product\/yoast-seo-wordpress\/ -->\n<title>Couteau de botte allemand IM42 - R\u00e9plique Manga Cin\u00e9<\/title>\n<meta name=\"description\" content=\"R\u00e9plique du Couteau de botte allemand IM42 (Infanteriemesser 42), sans marquage. Id\u00e9al pour collectionneurs, reconstitutions historiques militaire.\" \/>\n<meta name=\"robots\" content=\"index, follow, max-snippet:-1, max-image-preview:large, max-video-preview:-1\" \/>\n<link rel=\"canonical\" href=\"https:\/\/repliquemangacine.fr\/en\/daggers-and-accessories-world-war-ii-militaria-materiel\/im42-german-boot-knife\/\" \/>\n<meta property=\"og:locale\" content=\"en_US\" \/>\n<meta property=\"og:type\" content=\"article\" \/>\n<meta property=\"og:title\" content=\"Couteau de botte allemand IM42 - R\u00e9plique Manga Cin\u00e9\" \/>\n<meta property=\"og:description\" content=\"R\u00e9plique du Couteau de botte allemand IM42 (Infanteriemesser 42), sans marquage. Id\u00e9al pour collectionneurs, reconstitutions historiques militaire.\" \/>\n<meta property=\"og:url\" content=\"https:\/\/repliquemangacine.fr\/en\/daggers-and-accessories-world-war-ii-militaria-materiel\/im42-german-boot-knife\/\" \/>\n<meta property=\"og:site_name\" content=\"R\u00e9plique Manga Cin\u00e9\" \/>\n<meta property=\"article:publisher\" content=\"https:\/\/www.facebook.com\/RepliqueMangaCine\" \/>\n<meta property=\"article:modified_time\" content=\"2026-03-07T08:57:20+00:00\" \/>\n<meta property=\"og:image\" content=\"https:\/\/repliquemangacine.fr\/wp-content\/uploads\/2025\/08\/COUTEAU-BOTTE-ALLEMANDE.jpg\" \/>\n\t<meta property=\"og:image:width\" content=\"700\" \/>\n\t<meta property=\"og:image:height\" content=\"700\" \/>\n\t<meta property=\"og:image:type\" content=\"image\/jpeg\" \/>\n<meta name=\"twitter:card\" content=\"summary_large_image\" \/>\n<meta name=\"twitter:label1\" content=\"Est. reading time\" \/>\n\t<meta name=\"twitter:data1\" content=\"3 minutes\" \/>\n<script type=\"application\/ld+json\" class=\"yoast-schema-graph\">{\"@context\":\"https:\\\/\\\/schema.org\",\"@graph\":[{\"@type\":\"WebPage\",\"@id\":\"https:\\\/\\\/repliquemangacine.fr\\\/dagues-et-accessoires-seconde-guerre-mondiale-materiels-militaria\\\/couteau-de-botte-allemand-im42\\\/\",\"url\":\"https:\\\/\\\/repliquemangacine.fr\\\/dagues-et-accessoires-seconde-guerre-mondiale-materiels-militaria\\\/couteau-de-botte-allemand-im42\\\/\",\"name\":\"Couteau de botte allemand IM42 - R\u00e9plique Manga Cin\u00e9\",\"isPartOf\":{\"@id\":\"https:\\\/\\\/repliquemangacine.fr\\\/#website\"},\"primaryImageOfPage\":{\"@id\":\"https:\\\/\\\/repliquemangacine.fr\\\/dagues-et-accessoires-seconde-guerre-mondiale-materiels-militaria\\\/couteau-de-botte-allemand-im42\\\/#primaryimage\"},\"image\":{\"@id\":\"https:\\\/\\\/repliquemangacine.fr\\\/dagues-et-accessoires-seconde-guerre-mondiale-materiels-militaria\\\/couteau-de-botte-allemand-im42\\\/#primaryimage\"},\"thumbnailUrl\":\"https:\\\/\\\/repliquemangacine.fr\\\/wp-content\\\/uploads\\\/2025\\\/08\\\/COUTEAU-BOTTE-ALLEMANDE.jpg\",\"datePublished\":\"2025-08-01T11:21:44+00:00\",\"dateModified\":\"2026-03-07T08:57:20+00:00\",\"description\":\"R\u00e9plique du Couteau de botte allemand IM42 (Infanteriemesser 42), sans marquage. Id\u00e9al pour collectionneurs, reconstitutions historiques militaire.\",\"breadcrumb\":{\"@id\":\"https:\\\/\\\/repliquemangacine.fr\\\/dagues-et-accessoires-seconde-guerre-mondiale-materiels-militaria\\\/couteau-de-botte-allemand-im42\\\/#breadcrumb\"},\"inLanguage\":\"en-US\",\"potentialAction\":[{\"@type\":\"ReadAction\",\"target\":[\"https:\\\/\\\/repliquemangacine.fr\\\/dagues-et-accessoires-seconde-guerre-mondiale-materiels-militaria\\\/couteau-de-botte-allemand-im42\\\/\"]}]},{\"@type\":\"ImageObject\",\"inLanguage\":\"en-US\",\"@id\":\"https:\\\/\\\/repliquemangacine.fr\\\/dagues-et-accessoires-seconde-guerre-mondiale-materiels-militaria\\\/couteau-de-botte-allemand-im42\\\/#primaryimage\",\"url\":\"https:\\\/\\\/repliquemangacine.fr\\\/wp-content\\\/uploads\\\/2025\\\/08\\\/COUTEAU-BOTTE-ALLEMANDE.jpg\",\"contentUrl\":\"https:\\\/\\\/repliquemangacine.fr\\\/wp-content\\\/uploads\\\/2025\\\/08\\\/COUTEAU-BOTTE-ALLEMANDE.jpg\",\"width\":700,\"height\":700,\"caption\":\"Couteau de Botte Allemand IM42\"},{\"@type\":\"BreadcrumbList\",\"@id\":\"https:\\\/\\\/repliquemangacine.fr\\\/dagues-et-accessoires-seconde-guerre-mondiale-materiels-militaria\\\/couteau-de-botte-allemand-im42\\\/#breadcrumb\",\"itemListElement\":[{\"@type\":\"ListItem\",\"position\":1,\"name\":\"Accueil\",\"item\":\"https:\\\/\\\/repliquemangacine.fr\\\/\"},{\"@type\":\"ListItem\",\"position\":2,\"name\":\"Produits\",\"item\":\"https:\\\/\\\/repliquemangacine.fr\\\/boutique\\\/\"},{\"@type\":\"ListItem\",\"position\":3,\"name\":\"Couteau de botte allemand IM42\"}]},{\"@type\":\"WebSite\",\"@id\":\"https:\\\/\\\/repliquemangacine.fr\\\/#website\",\"url\":\"https:\\\/\\\/repliquemangacine.fr\\\/\",\"name\":\"R\u00e9plique Manga Cin\u00e9\",\"description\":\"\",\"publisher\":{\"@id\":\"https:\\\/\\\/repliquemangacine.fr\\\/#organization\"},\"potentialAction\":[{\"@type\":\"SearchAction\",\"target\":{\"@type\":\"EntryPoint\",\"urlTemplate\":\"https:\\\/\\\/repliquemangacine.fr\\\/?s={search_term_string}\"},\"query-input\":{\"@type\":\"PropertyValueSpecification\",\"valueRequired\":true,\"valueName\":\"search_term_string\"}}],\"inLanguage\":\"en-US\"},{\"@type\":\"Organization\",\"@id\":\"https:\\\/\\\/repliquemangacine.fr\\\/#organization\",\"name\":\"R\u00e9plique Manga Cin\u00e9\",\"url\":\"https:\\\/\\\/repliquemangacine.fr\\\/\",\"logo\":{\"@type\":\"ImageObject\",\"inLanguage\":\"en-US\",\"@id\":\"https:\\\/\\\/repliquemangacine.fr\\\/#\\\/schema\\\/logo\\\/image\\\/\",\"url\":\"https:\\\/\\\/repliquemangacine.fr\\\/wp-content\\\/uploads\\\/2023\\\/10\\\/RMC-500250.png\",\"contentUrl\":\"https:\\\/\\\/repliquemangacine.fr\\\/wp-content\\\/uploads\\\/2023\\\/10\\\/RMC-500250.png\",\"width\":500,\"height\":250,\"caption\":\"R\u00e9plique Manga Cin\u00e9\"},\"image\":{\"@id\":\"https:\\\/\\\/repliquemangacine.fr\\\/#\\\/schema\\\/logo\\\/image\\\/\"},\"sameAs\":[\"https:\\\/\\\/www.facebook.com\\\/RepliqueMangaCine\",\"https:\\\/\\\/www.instagram.com\\\/repliquemangacine.fr\\\/\"]}]}<\/script>\n<!-- \/ Yoast SEO plugin. -->","yoast_head_json":{"title":"German boot knife IM42 - R\u00e9plique Manga Cin\u00e9","description":"Replica of the German IM42 boot knife (Infanteriemesser 42), unmarked. Ideal for collectors and military re-enactors.","robots":{"index":"index","follow":"follow","max-snippet":"max-snippet:-1","max-image-preview":"max-image-preview:large","max-video-preview":"max-video-preview:-1"},"canonical":"https:\/\/repliquemangacine.fr\/en\/daggers-and-accessories-world-war-ii-militaria-materiel\/im42-german-boot-knife\/","og_locale":"en_US","og_type":"article","og_title":"Couteau de botte allemand IM42 - R\u00e9plique Manga Cin\u00e9","og_description":"R\u00e9plique du Couteau de botte allemand IM42 (Infanteriemesser 42), sans marquage. Id\u00e9al pour collectionneurs, reconstitutions historiques militaire.","og_url":"https:\/\/repliquemangacine.fr\/en\/daggers-and-accessories-world-war-ii-militaria-materiel\/im42-german-boot-knife\/","og_site_name":"R\u00e9plique Manga Cin\u00e9","article_publisher":"https:\/\/www.facebook.com\/RepliqueMangaCine","article_modified_time":"2026-03-07T08:57:20+00:00","og_image":[{"width":700,"height":700,"url":"https:\/\/repliquemangacine.fr\/wp-content\/uploads\/2025\/08\/COUTEAU-BOTTE-ALLEMANDE.jpg","type":"image\/jpeg"}],"twitter_card":"summary_large_image","twitter_misc":{"Est. reading time":"3 minutes"},"schema":{"@context":"https:\/\/schema.org","@graph":[{"@type":"WebPage","@id":"https:\/\/repliquemangacine.fr\/dagues-et-accessoires-seconde-guerre-mondiale-materiels-militaria\/couteau-de-botte-allemand-im42\/","url":"https:\/\/repliquemangacine.fr\/dagues-et-accessoires-seconde-guerre-mondiale-materiels-militaria\/couteau-de-botte-allemand-im42\/","name":"German boot knife IM42 - R\u00e9plique Manga Cin\u00e9","isPartOf":{"@id":"https:\/\/repliquemangacine.fr\/#website"},"primaryImageOfPage":{"@id":"https:\/\/repliquemangacine.fr\/dagues-et-accessoires-seconde-guerre-mondiale-materiels-militaria\/couteau-de-botte-allemand-im42\/#primaryimage"},"image":{"@id":"https:\/\/repliquemangacine.fr\/dagues-et-accessoires-seconde-guerre-mondiale-materiels-militaria\/couteau-de-botte-allemand-im42\/#primaryimage"},"thumbnailUrl":"https:\/\/repliquemangacine.fr\/wp-content\/uploads\/2025\/08\/COUTEAU-BOTTE-ALLEMANDE.jpg","datePublished":"2025-08-01T11:21:44+00:00","dateModified":"2026-03-07T08:57:20+00:00","description":"Replica of the German IM42 boot knife (Infanteriemesser 42), unmarked. Ideal for collectors and military re-enactors.","breadcrumb":{"@id":"https:\/\/repliquemangacine.fr\/dagues-et-accessoires-seconde-guerre-mondiale-materiels-militaria\/couteau-de-botte-allemand-im42\/#breadcrumb"},"inLanguage":"en-US","potentialAction":[{"@type":"ReadAction","target":["https:\/\/repliquemangacine.fr\/dagues-et-accessoires-seconde-guerre-mondiale-materiels-militaria\/couteau-de-botte-allemand-im42\/"]}]},{"@type":"ImageObject","inLanguage":"en-US","@id":"https:\/\/repliquemangacine.fr\/dagues-et-accessoires-seconde-guerre-mondiale-materiels-militaria\/couteau-de-botte-allemand-im42\/#primaryimage","url":"https:\/\/repliquemangacine.fr\/wp-content\/uploads\/2025\/08\/COUTEAU-BOTTE-ALLEMANDE.jpg","contentUrl":"https:\/\/repliquemangacine.fr\/wp-content\/uploads\/2025\/08\/COUTEAU-BOTTE-ALLEMANDE.jpg","width":700,"height":700,"caption":"Couteau de Botte Allemand IM42"},{"@type":"BreadcrumbList","@id":"https:\/\/repliquemangacine.fr\/dagues-et-accessoires-seconde-guerre-mondiale-materiels-militaria\/couteau-de-botte-allemand-im42\/#breadcrumb","itemListElement":[{"@type":"ListItem","position":1,"name":"Accueil","item":"https:\/\/repliquemangacine.fr\/"},{"@type":"ListItem","position":2,"name":"Produits","item":"https:\/\/repliquemangacine.fr\/boutique\/"},{"@type":"ListItem","position":3,"name":"Couteau de botte allemand IM42"}]},{"@type":"WebSite","@id":"https:\/\/repliquemangacine.fr\/#website","url":"https:\/\/repliquemangacine.fr\/","name":"R\u00e9plique Manga Cin\u00e9","description":"","publisher":{"@id":"https:\/\/repliquemangacine.fr\/#organization"},"potentialAction":[{"@type":"SearchAction","target":{"@type":"EntryPoint","urlTemplate":"https:\/\/repliquemangacine.fr\/?s={search_term_string}"},"query-input":{"@type":"PropertyValueSpecification","valueRequired":true,"valueName":"search_term_string"}}],"inLanguage":"en-US"},{"@type":"Organization","@id":"https:\/\/repliquemangacine.fr\/#organization","name":"R\u00e9plique Manga Cin\u00e9","url":"https:\/\/repliquemangacine.fr\/","logo":{"@type":"ImageObject","inLanguage":"en-US","@id":"https:\/\/repliquemangacine.fr\/#\/schema\/logo\/image\/","url":"https:\/\/repliquemangacine.fr\/wp-content\/uploads\/2023\/10\/RMC-500250.png","contentUrl":"https:\/\/repliquemangacine.fr\/wp-content\/uploads\/2023\/10\/RMC-500250.png","width":500,"height":250,"caption":"R\u00e9plique Manga Cin\u00e9"},"image":{"@id":"https:\/\/repliquemangacine.fr\/#\/schema\/logo\/image\/"},"sameAs":["https:\/\/www.facebook.com\/RepliqueMangaCine","https:\/\/www.instagram.com\/repliquemangacine.fr\/"]}]}},"_links":{"self":[{"href":"https:\/\/repliquemangacine.fr\/en\/wp-json\/wp\/v2\/product\/86993","targetHints":{"allow":["GET"]}}],"collection":[{"href":"https:\/\/repliquemangacine.fr\/en\/wp-json\/wp\/v2\/product"}],"about":[{"href":"https:\/\/repliquemangacine.fr\/en\/wp-json\/wp\/v2\/types\/product"}],"wp:featuredmedia":[{"embeddable":true,"href":"https:\/\/repliquemangacine.fr\/en\/wp-json\/wp\/v2\/media\/86994"}],"wp:attachment":[{"href":"https:\/\/repliquemangacine.fr\/en\/wp-json\/wp\/v2\/media?parent=86993"}],"wp:term":[{"taxonomy":"product_brand","embeddable":true,"href":"https:\/\/repliquemangacine.fr\/en\/wp-json\/wp\/v2\/product_brand?post=86993"},{"taxonomy":"product_cat","embeddable":true,"href":"https:\/\/repliquemangacine.fr\/en\/wp-json\/wp\/v2\/product_cat?post=86993"},{"taxonomy":"product_tag","embeddable":true,"href":"https:\/\/repliquemangacine.fr\/en\/wp-json\/wp\/v2\/product_tag?post=86993"}],"curies":[{"name":"wp","href":"https:\/\/api.w.org\/{rel}","templated":true}]}}