





{"id":86949,"date":"2025-07-30T15:38:54","date_gmt":"2025-07-30T13:38:54","guid":{"rendered":"https:\/\/repliquemangacine.fr\/?post_type=product&#038;p=86949"},"modified":"2026-02-04T11:15:58","modified_gmt":"2026-02-04T10:15:58","slug":"dore-sck-folding-knife","status":"publish","type":"product","link":"https:\/\/repliquemangacine.fr\/en\/coutellerie\/couteau-pliant-dore-sck\/","title":{"rendered":"SCK Gold Folding Knife"},"content":{"rendered":"<h2>A golden folding knife with a unique, striking design<\/h2>\n<p>The SCK Golden Folding Knife has a seductive blade <a href=\"https:\/\/fr.wikipedia.org\/wiki\/Acier_inoxydable\" target=\"_blank\" rel=\"noopener noreferrer\">inox stainless<\/a> two-tone, combining an elegant black and gold satin finish.<br \/>\nThanks to its assisted opening system, it's easy to use, with just one fluid movement, for fast, convenient use.<br \/>\nThe textured handle ensures an excellent grip, even during prolonged or intense use.<br \/>\nIts belt clip means you can take it anywhere, discreetly and safely, whether in town or out in nature.<br \/>\nThis makes it ideal for collectors or fans of folding knives with a clean, sober and elegant design.<br \/>\nFinally, its contrasting colors and ergonomic design make it both functional and aesthetically pleasing.<\/p>\n<h2>A stylish and functional pocket knife, a far cry from the classic models.<\/h2>\n<p>Unlike some tactical knives, this SCK model is distinguished by its refined design.<br \/>\nIndeed, it favors a modern, urban style, with sturdy construction and a hard-wearing blade.<br \/>\nWhat's more, its assisted opening makes it a quick and intuitive tool, offering real convenience for everyday use.<br \/>\nA perfect choice for knife lovers.<br \/>\nWhat's more, its balanced weight and manoeuvrability ensure a pleasant experience.<br \/>\nLast but not least, its gold and black finishes create a striking contrast that immediately attracts the attention of enthusiasts.<br \/>\nThe SCK gold-plated folding knife is a real favorite, halfway between functionality and collector's item.<\/p>\n<h2>Find this knife and much more on Repliquemangacine<\/h2>\n<p>On <strong>Repliquemangacine<\/strong>, You'll find much more than just this golden folding knife: a complete universe dedicated to pop culture enthusiasts.<br \/>\nOur store offers a wide selection of katanas, swords, sabres, knives and various collectors' items.<br \/>\nFans of <a href=\"https:\/\/repliquemangacine.fr\/en\/replicas-manga-video-games\/\" target=\"_blank\" rel=\"noopener noreferrer\">manga<\/a> will be delighted to discover replicas from One Piece, Naruto, Demon Slayer, Bleach and Zelda.<br \/>\nBut that's not all: we also offer mythical pieces from cult films such as Lord of the Rings and Harry Potter.<br \/>\nFor history buffs, medieval, antique and World War II weapons are also available on our site.<br \/>\nSo whether you're a fan of video games <a href=\"https:\/\/repliquemangacine.fr\/en\/films-tv-series-sale-of-katana-sword-and-related-products\/\" target=\"_blank\" rel=\"noopener noreferrer\">cinema<\/a>manga, or simply a collector, you'll find what you're looking for at <strong>Repliquemangacine<\/strong>.<br \/>\nOur objective is clear: to offer you original, quality products, delivered quickly, to enrich your collection as it should be.<\/p>\n<p><strong>\u26a0\ufe0f Sale forbidden to minors. A verification of identity may be required after ordering in order to confirm the buyer's majority.<\/strong><\/p>","protected":false},"excerpt":{"rendered":"<p><strong>Technical specifications :<\/strong><\/p>\n<ul>\n<li>Brand: SCK<\/li>\n<li>Type: Power-operated folding knife<\/li>\n<li>Blade: Stainless steel, two-tone black\/gold finish with satin effect<\/li>\n<li>Handle thickness: ergonomic, good grip<\/li>\n<li>Handle: Black textured coating, gold inserts, reinforced grip<\/li>\n<li>Belt clip: Yes, for discreet, practical wearing<\/li>\n<li>Locking system: Liner lock (secure blade locking)<\/li>\n<li>Blade length: approx. 8.5 cm (to be confirmed)<\/li>\n<li>Total length (open): approx. 20 cm<\/li>\n<li>Folded length: approx. 11.5 cm<\/li>\n<\/ul>","protected":false},"featured_media":86952,"template":"","meta":[],"product_brand":[],"product_cat":[891,886,884],"product_tag":[],"class_list":{"0":"post-86949","1":"product","2":"type-product","3":"status-publish","4":"has-post-thumbnail","6":"product_cat-couteaux-automatiques","7":"product_cat-couteaux-de-poche","8":"product_cat-coutellerie","10":"first","11":"instock","12":"taxable","13":"shipping-taxable","14":"purchasable","15":"product-type-simple"},"yoast_head":"<!-- This site is optimized with the Yoast SEO plugin v27.4 - https:\/\/yoast.com\/product\/yoast-seo-wordpress\/ -->\n<title>Couteau Pliant dor\u00e9 SCK | R\u00e9plique Manga Cin\u00e9<\/title>\n<meta name=\"description\" content=\"D\u00e9couvrez le Couteau Pliant dor\u00e9 SCK : lame inox \u00e0 ouverture assist\u00e9e, design noir et dor\u00e9, clip ceinture int\u00e9gr\u00e9. \u00c9l\u00e9gant, compact et id\u00e9al en collection.\" \/>\n<meta name=\"robots\" content=\"index, follow, max-snippet:-1, max-image-preview:large, max-video-preview:-1\" \/>\n<link rel=\"canonical\" href=\"https:\/\/repliquemangacine.fr\/en\/cutlery\/dore-sck-folding-knife\/\" \/>\n<meta property=\"og:locale\" content=\"en_US\" \/>\n<meta property=\"og:type\" content=\"article\" \/>\n<meta property=\"og:title\" content=\"Couteau Pliant dor\u00e9 SCK | R\u00e9plique Manga Cin\u00e9\" \/>\n<meta property=\"og:description\" content=\"D\u00e9couvrez le Couteau Pliant dor\u00e9 SCK : lame inox \u00e0 ouverture assist\u00e9e, design noir et dor\u00e9, clip ceinture int\u00e9gr\u00e9. \u00c9l\u00e9gant, compact et id\u00e9al en collection.\" \/>\n<meta property=\"og:url\" content=\"https:\/\/repliquemangacine.fr\/en\/cutlery\/dore-sck-folding-knife\/\" \/>\n<meta property=\"og:site_name\" content=\"R\u00e9plique Manga Cin\u00e9\" \/>\n<meta property=\"article:publisher\" content=\"https:\/\/www.facebook.com\/RepliqueMangaCine\" \/>\n<meta property=\"article:modified_time\" content=\"2026-02-04T10:15:58+00:00\" \/>\n<meta property=\"og:image\" content=\"https:\/\/repliquemangacine.fr\/wp-content\/uploads\/2025\/07\/Couteau-ouverture-assiste-SCK.jpg\" \/>\n\t<meta property=\"og:image:width\" content=\"700\" \/>\n\t<meta property=\"og:image:height\" content=\"700\" \/>\n\t<meta property=\"og:image:type\" content=\"image\/jpeg\" \/>\n<meta name=\"twitter:card\" content=\"summary_large_image\" \/>\n<meta name=\"twitter:label1\" content=\"Est. reading time\" \/>\n\t<meta name=\"twitter:data1\" content=\"3 minutes\" \/>\n<script type=\"application\/ld+json\" class=\"yoast-schema-graph\">{\"@context\":\"https:\\\/\\\/schema.org\",\"@graph\":[{\"@type\":\"WebPage\",\"@id\":\"https:\\\/\\\/repliquemangacine.fr\\\/coutellerie\\\/couteau-pliant-dore-sck\\\/\",\"url\":\"https:\\\/\\\/repliquemangacine.fr\\\/coutellerie\\\/couteau-pliant-dore-sck\\\/\",\"name\":\"Couteau Pliant dor\u00e9 SCK | R\u00e9plique Manga Cin\u00e9\",\"isPartOf\":{\"@id\":\"https:\\\/\\\/repliquemangacine.fr\\\/#website\"},\"primaryImageOfPage\":{\"@id\":\"https:\\\/\\\/repliquemangacine.fr\\\/coutellerie\\\/couteau-pliant-dore-sck\\\/#primaryimage\"},\"image\":{\"@id\":\"https:\\\/\\\/repliquemangacine.fr\\\/coutellerie\\\/couteau-pliant-dore-sck\\\/#primaryimage\"},\"thumbnailUrl\":\"https:\\\/\\\/repliquemangacine.fr\\\/wp-content\\\/uploads\\\/2025\\\/07\\\/Couteau-ouverture-assiste-SCK.jpg\",\"datePublished\":\"2025-07-30T13:38:54+00:00\",\"dateModified\":\"2026-02-04T10:15:58+00:00\",\"description\":\"D\u00e9couvrez le Couteau Pliant dor\u00e9 SCK : lame inox \u00e0 ouverture assist\u00e9e, design noir et dor\u00e9, clip ceinture int\u00e9gr\u00e9. \u00c9l\u00e9gant, compact et id\u00e9al en collection.\",\"breadcrumb\":{\"@id\":\"https:\\\/\\\/repliquemangacine.fr\\\/coutellerie\\\/couteau-pliant-dore-sck\\\/#breadcrumb\"},\"inLanguage\":\"en-US\",\"potentialAction\":[{\"@type\":\"ReadAction\",\"target\":[\"https:\\\/\\\/repliquemangacine.fr\\\/coutellerie\\\/couteau-pliant-dore-sck\\\/\"]}]},{\"@type\":\"ImageObject\",\"inLanguage\":\"en-US\",\"@id\":\"https:\\\/\\\/repliquemangacine.fr\\\/coutellerie\\\/couteau-pliant-dore-sck\\\/#primaryimage\",\"url\":\"https:\\\/\\\/repliquemangacine.fr\\\/wp-content\\\/uploads\\\/2025\\\/07\\\/Couteau-ouverture-assiste-SCK.jpg\",\"contentUrl\":\"https:\\\/\\\/repliquemangacine.fr\\\/wp-content\\\/uploads\\\/2025\\\/07\\\/Couteau-ouverture-assiste-SCK.jpg\",\"width\":700,\"height\":700,\"caption\":\"Couteau-ouverture-assist\u00e9-SCK\"},{\"@type\":\"BreadcrumbList\",\"@id\":\"https:\\\/\\\/repliquemangacine.fr\\\/coutellerie\\\/couteau-pliant-dore-sck\\\/#breadcrumb\",\"itemListElement\":[{\"@type\":\"ListItem\",\"position\":1,\"name\":\"Accueil\",\"item\":\"https:\\\/\\\/repliquemangacine.fr\\\/\"},{\"@type\":\"ListItem\",\"position\":2,\"name\":\"Produits\",\"item\":\"https:\\\/\\\/repliquemangacine.fr\\\/boutique\\\/\"},{\"@type\":\"ListItem\",\"position\":3,\"name\":\"Couteau Pliant dor\u00e9 SCK\"}]},{\"@type\":\"WebSite\",\"@id\":\"https:\\\/\\\/repliquemangacine.fr\\\/#website\",\"url\":\"https:\\\/\\\/repliquemangacine.fr\\\/\",\"name\":\"R\u00e9plique Manga Cin\u00e9\",\"description\":\"\",\"publisher\":{\"@id\":\"https:\\\/\\\/repliquemangacine.fr\\\/#organization\"},\"potentialAction\":[{\"@type\":\"SearchAction\",\"target\":{\"@type\":\"EntryPoint\",\"urlTemplate\":\"https:\\\/\\\/repliquemangacine.fr\\\/?s={search_term_string}\"},\"query-input\":{\"@type\":\"PropertyValueSpecification\",\"valueRequired\":true,\"valueName\":\"search_term_string\"}}],\"inLanguage\":\"en-US\"},{\"@type\":\"Organization\",\"@id\":\"https:\\\/\\\/repliquemangacine.fr\\\/#organization\",\"name\":\"R\u00e9plique Manga Cin\u00e9\",\"url\":\"https:\\\/\\\/repliquemangacine.fr\\\/\",\"logo\":{\"@type\":\"ImageObject\",\"inLanguage\":\"en-US\",\"@id\":\"https:\\\/\\\/repliquemangacine.fr\\\/#\\\/schema\\\/logo\\\/image\\\/\",\"url\":\"https:\\\/\\\/repliquemangacine.fr\\\/wp-content\\\/uploads\\\/2023\\\/10\\\/RMC-500250.png\",\"contentUrl\":\"https:\\\/\\\/repliquemangacine.fr\\\/wp-content\\\/uploads\\\/2023\\\/10\\\/RMC-500250.png\",\"width\":500,\"height\":250,\"caption\":\"R\u00e9plique Manga Cin\u00e9\"},\"image\":{\"@id\":\"https:\\\/\\\/repliquemangacine.fr\\\/#\\\/schema\\\/logo\\\/image\\\/\"},\"sameAs\":[\"https:\\\/\\\/www.facebook.com\\\/RepliqueMangaCine\",\"https:\\\/\\\/www.instagram.com\\\/repliquemangacine.fr\\\/\"]}]}<\/script>\n<!-- \/ Yoast SEO plugin. -->","yoast_head_json":{"title":"Golden Folding Knife SCK | R\u00e9plique Manga Cin\u00e9","description":"Discover the SCK Golden Folding Knife: stainless steel blade with assisted opening, black and gold design, integrated belt clip. Elegant, compact and ideal as a collector's item.","robots":{"index":"index","follow":"follow","max-snippet":"max-snippet:-1","max-image-preview":"max-image-preview:large","max-video-preview":"max-video-preview:-1"},"canonical":"https:\/\/repliquemangacine.fr\/en\/cutlery\/dore-sck-folding-knife\/","og_locale":"en_US","og_type":"article","og_title":"Couteau Pliant dor\u00e9 SCK | R\u00e9plique Manga Cin\u00e9","og_description":"D\u00e9couvrez le Couteau Pliant dor\u00e9 SCK : lame inox \u00e0 ouverture assist\u00e9e, design noir et dor\u00e9, clip ceinture int\u00e9gr\u00e9. \u00c9l\u00e9gant, compact et id\u00e9al en collection.","og_url":"https:\/\/repliquemangacine.fr\/en\/cutlery\/dore-sck-folding-knife\/","og_site_name":"R\u00e9plique Manga Cin\u00e9","article_publisher":"https:\/\/www.facebook.com\/RepliqueMangaCine","article_modified_time":"2026-02-04T10:15:58+00:00","og_image":[{"width":700,"height":700,"url":"https:\/\/repliquemangacine.fr\/wp-content\/uploads\/2025\/07\/Couteau-ouverture-assiste-SCK.jpg","type":"image\/jpeg"}],"twitter_card":"summary_large_image","twitter_misc":{"Est. reading time":"3 minutes"},"schema":{"@context":"https:\/\/schema.org","@graph":[{"@type":"WebPage","@id":"https:\/\/repliquemangacine.fr\/coutellerie\/couteau-pliant-dore-sck\/","url":"https:\/\/repliquemangacine.fr\/coutellerie\/couteau-pliant-dore-sck\/","name":"Golden Folding Knife SCK | R\u00e9plique Manga Cin\u00e9","isPartOf":{"@id":"https:\/\/repliquemangacine.fr\/#website"},"primaryImageOfPage":{"@id":"https:\/\/repliquemangacine.fr\/coutellerie\/couteau-pliant-dore-sck\/#primaryimage"},"image":{"@id":"https:\/\/repliquemangacine.fr\/coutellerie\/couteau-pliant-dore-sck\/#primaryimage"},"thumbnailUrl":"https:\/\/repliquemangacine.fr\/wp-content\/uploads\/2025\/07\/Couteau-ouverture-assiste-SCK.jpg","datePublished":"2025-07-30T13:38:54+00:00","dateModified":"2026-02-04T10:15:58+00:00","description":"Discover the SCK Golden Folding Knife: stainless steel blade with assisted opening, black and gold design, integrated belt clip. Elegant, compact and ideal as a collector's item.","breadcrumb":{"@id":"https:\/\/repliquemangacine.fr\/coutellerie\/couteau-pliant-dore-sck\/#breadcrumb"},"inLanguage":"en-US","potentialAction":[{"@type":"ReadAction","target":["https:\/\/repliquemangacine.fr\/coutellerie\/couteau-pliant-dore-sck\/"]}]},{"@type":"ImageObject","inLanguage":"en-US","@id":"https:\/\/repliquemangacine.fr\/coutellerie\/couteau-pliant-dore-sck\/#primaryimage","url":"https:\/\/repliquemangacine.fr\/wp-content\/uploads\/2025\/07\/Couteau-ouverture-assiste-SCK.jpg","contentUrl":"https:\/\/repliquemangacine.fr\/wp-content\/uploads\/2025\/07\/Couteau-ouverture-assiste-SCK.jpg","width":700,"height":700,"caption":"Couteau-ouverture-assist\u00e9-SCK"},{"@type":"BreadcrumbList","@id":"https:\/\/repliquemangacine.fr\/coutellerie\/couteau-pliant-dore-sck\/#breadcrumb","itemListElement":[{"@type":"ListItem","position":1,"name":"Accueil","item":"https:\/\/repliquemangacine.fr\/"},{"@type":"ListItem","position":2,"name":"Produits","item":"https:\/\/repliquemangacine.fr\/boutique\/"},{"@type":"ListItem","position":3,"name":"Couteau Pliant dor\u00e9 SCK"}]},{"@type":"WebSite","@id":"https:\/\/repliquemangacine.fr\/#website","url":"https:\/\/repliquemangacine.fr\/","name":"R\u00e9plique Manga Cin\u00e9","description":"","publisher":{"@id":"https:\/\/repliquemangacine.fr\/#organization"},"potentialAction":[{"@type":"SearchAction","target":{"@type":"EntryPoint","urlTemplate":"https:\/\/repliquemangacine.fr\/?s={search_term_string}"},"query-input":{"@type":"PropertyValueSpecification","valueRequired":true,"valueName":"search_term_string"}}],"inLanguage":"en-US"},{"@type":"Organization","@id":"https:\/\/repliquemangacine.fr\/#organization","name":"R\u00e9plique Manga Cin\u00e9","url":"https:\/\/repliquemangacine.fr\/","logo":{"@type":"ImageObject","inLanguage":"en-US","@id":"https:\/\/repliquemangacine.fr\/#\/schema\/logo\/image\/","url":"https:\/\/repliquemangacine.fr\/wp-content\/uploads\/2023\/10\/RMC-500250.png","contentUrl":"https:\/\/repliquemangacine.fr\/wp-content\/uploads\/2023\/10\/RMC-500250.png","width":500,"height":250,"caption":"R\u00e9plique Manga Cin\u00e9"},"image":{"@id":"https:\/\/repliquemangacine.fr\/#\/schema\/logo\/image\/"},"sameAs":["https:\/\/www.facebook.com\/RepliqueMangaCine","https:\/\/www.instagram.com\/repliquemangacine.fr\/"]}]}},"_links":{"self":[{"href":"https:\/\/repliquemangacine.fr\/en\/wp-json\/wp\/v2\/product\/86949","targetHints":{"allow":["GET"]}}],"collection":[{"href":"https:\/\/repliquemangacine.fr\/en\/wp-json\/wp\/v2\/product"}],"about":[{"href":"https:\/\/repliquemangacine.fr\/en\/wp-json\/wp\/v2\/types\/product"}],"wp:featuredmedia":[{"embeddable":true,"href":"https:\/\/repliquemangacine.fr\/en\/wp-json\/wp\/v2\/media\/86952"}],"wp:attachment":[{"href":"https:\/\/repliquemangacine.fr\/en\/wp-json\/wp\/v2\/media?parent=86949"}],"wp:term":[{"taxonomy":"product_brand","embeddable":true,"href":"https:\/\/repliquemangacine.fr\/en\/wp-json\/wp\/v2\/product_brand?post=86949"},{"taxonomy":"product_cat","embeddable":true,"href":"https:\/\/repliquemangacine.fr\/en\/wp-json\/wp\/v2\/product_cat?post=86949"},{"taxonomy":"product_tag","embeddable":true,"href":"https:\/\/repliquemangacine.fr\/en\/wp-json\/wp\/v2\/product_tag?post=86949"}],"curies":[{"name":"wp","href":"https:\/\/api.w.org\/{rel}","templated":true}]}}