





{"id":86933,"date":"2025-07-30T12:04:27","date_gmt":"2025-07-30T10:04:27","guid":{"rendered":"https:\/\/repliquemangacine.fr\/?post_type=product&#038;p=86933"},"modified":"2026-02-19T11:27:36","modified_gmt":"2026-02-19T10:27:36","slug":"budds-katana","status":"publish","type":"product","link":"https:\/\/repliquemangacine.fr\/en\/katana-kill-bill\/le-katana-de-budd\/","title":{"rendered":"Budd's katana"},"content":{"rendered":"<h2>Budd's katana - a faithful tribute to the film Kill Bill<\/h2>\n<p>Budd's wooden katana, a faithful reproduction of the weapon given to<a href=\"https:\/\/killbill.fandom.com\/wiki\/Budd\" target=\"_blank\" rel=\"noopener noreferrer\"> Budd<\/a> by Bill in Kill Bill Volume 2.<br \/>\nWith its rigid silver-plated wooden blade, it features the cult inscription \u00abTo my brother Budd\u00bb as seen in the film.<br \/>\nThe black lacquered scabbard features the famous gold emblem of Hattori Hanzo, legendary master blacksmith of the Tarantino universe.<br \/>\nIts imitation leather handle is traditionally braided, offering excellent grip comfort for exhibition or cosplay.<br \/>\nBudd, a mysterious and feared character, is a member of the Deadly Viper Assassination Squad, a fearsome group of professional killers.<br \/>\nUnlike the others, Budd is more discreet but terribly effective, making a lasting impression on Kill Bill fans.<br \/>\nThis katana perfectly reflects the sobriety and power of the iconic character played by Michael Madsen.<br \/>\nFinally, the replica comes with a collector's label, paying tribute to the unique style of the cult film.<\/p>\n<h2>A symbolic katana for fans and discerning collectors<\/h2>\n<p>Above all, this katana is much more than a simple replica: it's a true collector's item for any film enthusiast.<br \/>\nIndeed, the inscription engraved on the blade evokes a key moment in the film, charged with emotion and dramatic tension.<br \/>\nAs a result, it's not just for fans, but also for lovers of rare and memorable cinema objects.<br \/>\nWhat's more, its design has been carefully crafted to match as closely as possible the aesthetics of the original seen on screen.<br \/>\nThat's why this room is ideal for wall decoration, a cinema corner or a Tarantino-themed exhibition.<br \/>\nIn short, Budd's katana embodies a strong visual memory, a cult scene and a powerful symbolic message.<br \/>\nFinally, it is the perfect addition to a Kill Bill collection, alongside katanas by Beatrix Kiddo or O-Ren Ishii.<\/p>\n<h2>Repliquemangacine - cult replicas for film, manga and video game fans<\/h2>\n<p>On <strong>Repliquemangacine<\/strong>, you'll find much more than just a katana: a world of passion and collecting awaits you.<br \/>\nWe offer katanas from <a href=\"https:\/\/repliquemangacine.fr\/en\/katana-one-piece\/\" target=\"_blank\" rel=\"noopener noreferrer\">One Piece<\/a> (Zoro, Enma, Shusui, Nidai Kitetsu), Naruto, Bleach, Demon Slayer and many more.<br \/>\nYou can also find antique swords, medieval swords, pirate swords, western weapons and World War II artefacts.<br \/>\nOn the video game front, we have replicas of Assassin's Creed, The Witcher, Genshin Impact and Zelda Skyward Sword.<br \/>\nFor movie fans, discover pieces inspired by <a href=\"https:\/\/repliquemangacine.fr\/en\/harry-potter-wands-and-goodies\/\" target=\"_blank\" rel=\"noopener noreferrer\">Harry Potter<\/a>, Game of Thrones, The Walking Dead or Rambo.<br \/>\nWe also carry goodies, figurines, cosplay accessories, collector's key-rings and rare items for real enthusiasts.<br \/>\nOur mission is clear: to offer the best replicas at unbeatable value for money, with fast, careful delivery.<br \/>\nSo join us on <strong>Repliquemangacine<\/strong> and complete your collection with unique pieces from your favorite worlds.<\/p>","protected":false},"excerpt":{"rendered":"<p>Faithful replica of Budd's katana (Kill Bill Vol. 2)<\/p>\n<p><strong>Features :<\/strong><\/p>\n<ul>\n<li>Rigid wooden blade, safe for display or cosplays<\/li>\n<li>Cult engraving: \"To my brother Budd, the only man I ever loved. - Bill\"<\/li>\n<li>Black lacquered scabbard with gold ornaments Hanzo<\/li>\n<li>Handle braiding in traditional black &amp; white style<\/li>\n<li>Includes \"death list\" label and Hattori Hanzo tag<\/li>\n<li>Total length: approx. 102 cm<\/li>\n<li>Wooden blade length: 70 cm<\/li>\n<li>Blade material: painted wood, silver metal finish<\/li>\n<li>Handle and scabbard: rigid plastic &amp; meticulously decorated<\/li>\n<\/ul>\n<p>&nbsp;<\/p>","protected":false},"featured_media":86935,"template":"","meta":[],"product_brand":[],"product_cat":[26,32,71],"product_tag":[],"class_list":{"0":"post-86933","1":"product","2":"type-product","3":"status-publish","4":"has-post-thumbnail","6":"product_cat-katana-epee","7":"product_cat-katana-decoration","8":"product_cat-katana-kill-bill","10":"first","11":"instock","12":"taxable","13":"shipping-taxable","14":"purchasable","15":"product-type-simple"},"yoast_head":"<!-- This site is optimized with the Yoast SEO plugin v27.5 - https:\/\/yoast.com\/product\/yoast-seo-wordpress\/ -->\n<title>Le katana de Budd - R\u00e9plique Manga Cin\u00e9<\/title>\n<meta name=\"description\" content=\"Achetez le Katana Budd Kill Bill en bois \u2013 R\u00e9plique d\u00e9corative avec fourreau laqu\u00e9 et gravure. Accessoire id\u00e9al pour cosplay, d\u00e9co ou cadeau fan.\" \/>\n<meta name=\"robots\" content=\"index, follow, max-snippet:-1, max-image-preview:large, max-video-preview:-1\" \/>\n<link rel=\"canonical\" href=\"https:\/\/repliquemangacine.fr\/en\/katana-kill-bill\/budds-katana\/\" \/>\n<meta property=\"og:locale\" content=\"en_US\" \/>\n<meta property=\"og:type\" content=\"article\" \/>\n<meta property=\"og:title\" content=\"Le katana de Budd - R\u00e9plique Manga Cin\u00e9\" \/>\n<meta property=\"og:description\" content=\"Achetez le Katana Budd Kill Bill en bois \u2013 R\u00e9plique d\u00e9corative avec fourreau laqu\u00e9 et gravure. Accessoire id\u00e9al pour cosplay, d\u00e9co ou cadeau fan.\" \/>\n<meta property=\"og:url\" content=\"https:\/\/repliquemangacine.fr\/en\/katana-kill-bill\/budds-katana\/\" \/>\n<meta property=\"og:site_name\" content=\"R\u00e9plique Manga Cin\u00e9\" \/>\n<meta property=\"article:publisher\" content=\"https:\/\/www.facebook.com\/RepliqueMangaCine\" \/>\n<meta property=\"article:modified_time\" content=\"2026-02-19T10:27:36+00:00\" \/>\n<meta property=\"og:image\" content=\"https:\/\/repliquemangacine.fr\/wp-content\/uploads\/2025\/07\/Katana-bois-de-Budd-Kill-Bill.jpg\" \/>\n\t<meta property=\"og:image:width\" content=\"700\" \/>\n\t<meta property=\"og:image:height\" content=\"700\" \/>\n\t<meta property=\"og:image:type\" content=\"image\/jpeg\" \/>\n<meta name=\"twitter:card\" content=\"summary_large_image\" \/>\n<meta name=\"twitter:label1\" content=\"Est. reading time\" \/>\n\t<meta name=\"twitter:data1\" content=\"3 minutes\" \/>\n<script type=\"application\/ld+json\" class=\"yoast-schema-graph\">{\"@context\":\"https:\\\/\\\/schema.org\",\"@graph\":[{\"@type\":\"WebPage\",\"@id\":\"https:\\\/\\\/repliquemangacine.fr\\\/katana-kill-bill\\\/le-katana-de-budd\\\/\",\"url\":\"https:\\\/\\\/repliquemangacine.fr\\\/katana-kill-bill\\\/le-katana-de-budd\\\/\",\"name\":\"Le katana de Budd - R\u00e9plique Manga Cin\u00e9\",\"isPartOf\":{\"@id\":\"https:\\\/\\\/repliquemangacine.fr\\\/#website\"},\"primaryImageOfPage\":{\"@id\":\"https:\\\/\\\/repliquemangacine.fr\\\/katana-kill-bill\\\/le-katana-de-budd\\\/#primaryimage\"},\"image\":{\"@id\":\"https:\\\/\\\/repliquemangacine.fr\\\/katana-kill-bill\\\/le-katana-de-budd\\\/#primaryimage\"},\"thumbnailUrl\":\"https:\\\/\\\/repliquemangacine.fr\\\/wp-content\\\/uploads\\\/2025\\\/07\\\/Katana-bois-de-Budd-Kill-Bill.jpg\",\"datePublished\":\"2025-07-30T10:04:27+00:00\",\"dateModified\":\"2026-02-19T10:27:36+00:00\",\"description\":\"Achetez le Katana Budd Kill Bill en bois \u2013 R\u00e9plique d\u00e9corative avec fourreau laqu\u00e9 et gravure. Accessoire id\u00e9al pour cosplay, d\u00e9co ou cadeau fan.\",\"breadcrumb\":{\"@id\":\"https:\\\/\\\/repliquemangacine.fr\\\/katana-kill-bill\\\/le-katana-de-budd\\\/#breadcrumb\"},\"inLanguage\":\"en-US\",\"potentialAction\":[{\"@type\":\"ReadAction\",\"target\":[\"https:\\\/\\\/repliquemangacine.fr\\\/katana-kill-bill\\\/le-katana-de-budd\\\/\"]}]},{\"@type\":\"ImageObject\",\"inLanguage\":\"en-US\",\"@id\":\"https:\\\/\\\/repliquemangacine.fr\\\/katana-kill-bill\\\/le-katana-de-budd\\\/#primaryimage\",\"url\":\"https:\\\/\\\/repliquemangacine.fr\\\/wp-content\\\/uploads\\\/2025\\\/07\\\/Katana-bois-de-Budd-Kill-Bill.jpg\",\"contentUrl\":\"https:\\\/\\\/repliquemangacine.fr\\\/wp-content\\\/uploads\\\/2025\\\/07\\\/Katana-bois-de-Budd-Kill-Bill.jpg\",\"width\":700,\"height\":700,\"caption\":\"Katana-bois-de-Budd---Kill-Bill\"},{\"@type\":\"BreadcrumbList\",\"@id\":\"https:\\\/\\\/repliquemangacine.fr\\\/katana-kill-bill\\\/le-katana-de-budd\\\/#breadcrumb\",\"itemListElement\":[{\"@type\":\"ListItem\",\"position\":1,\"name\":\"Accueil\",\"item\":\"https:\\\/\\\/repliquemangacine.fr\\\/\"},{\"@type\":\"ListItem\",\"position\":2,\"name\":\"Produits\",\"item\":\"https:\\\/\\\/repliquemangacine.fr\\\/boutique\\\/\"},{\"@type\":\"ListItem\",\"position\":3,\"name\":\"Le katana de Budd\"}]},{\"@type\":\"WebSite\",\"@id\":\"https:\\\/\\\/repliquemangacine.fr\\\/#website\",\"url\":\"https:\\\/\\\/repliquemangacine.fr\\\/\",\"name\":\"R\u00e9plique Manga Cin\u00e9\",\"description\":\"\",\"publisher\":{\"@id\":\"https:\\\/\\\/repliquemangacine.fr\\\/#organization\"},\"potentialAction\":[{\"@type\":\"SearchAction\",\"target\":{\"@type\":\"EntryPoint\",\"urlTemplate\":\"https:\\\/\\\/repliquemangacine.fr\\\/?s={search_term_string}\"},\"query-input\":{\"@type\":\"PropertyValueSpecification\",\"valueRequired\":true,\"valueName\":\"search_term_string\"}}],\"inLanguage\":\"en-US\"},{\"@type\":\"Organization\",\"@id\":\"https:\\\/\\\/repliquemangacine.fr\\\/#organization\",\"name\":\"R\u00e9plique Manga Cin\u00e9\",\"url\":\"https:\\\/\\\/repliquemangacine.fr\\\/\",\"logo\":{\"@type\":\"ImageObject\",\"inLanguage\":\"en-US\",\"@id\":\"https:\\\/\\\/repliquemangacine.fr\\\/#\\\/schema\\\/logo\\\/image\\\/\",\"url\":\"https:\\\/\\\/repliquemangacine.fr\\\/wp-content\\\/uploads\\\/2023\\\/10\\\/RMC-500250.png\",\"contentUrl\":\"https:\\\/\\\/repliquemangacine.fr\\\/wp-content\\\/uploads\\\/2023\\\/10\\\/RMC-500250.png\",\"width\":500,\"height\":250,\"caption\":\"R\u00e9plique Manga Cin\u00e9\"},\"image\":{\"@id\":\"https:\\\/\\\/repliquemangacine.fr\\\/#\\\/schema\\\/logo\\\/image\\\/\"},\"sameAs\":[\"https:\\\/\\\/www.facebook.com\\\/RepliqueMangaCine\",\"https:\\\/\\\/www.instagram.com\\\/repliquemangacine.fr\\\/\"]}]}<\/script>\n<!-- \/ Yoast SEO plugin. -->","yoast_head_json":{"title":"Budd's katana - R\u00e9plique Manga Cin\u00e9","description":"Buy the Budd Kill Bill wooden Katana - Decorative replica with lacquered scabbard and engraving. Ideal for cosplay, decoration or fan gifts.","robots":{"index":"index","follow":"follow","max-snippet":"max-snippet:-1","max-image-preview":"max-image-preview:large","max-video-preview":"max-video-preview:-1"},"canonical":"https:\/\/repliquemangacine.fr\/en\/katana-kill-bill\/budds-katana\/","og_locale":"en_US","og_type":"article","og_title":"Le katana de Budd - R\u00e9plique Manga Cin\u00e9","og_description":"Achetez le Katana Budd Kill Bill en bois \u2013 R\u00e9plique d\u00e9corative avec fourreau laqu\u00e9 et gravure. Accessoire id\u00e9al pour cosplay, d\u00e9co ou cadeau fan.","og_url":"https:\/\/repliquemangacine.fr\/en\/katana-kill-bill\/budds-katana\/","og_site_name":"R\u00e9plique Manga Cin\u00e9","article_publisher":"https:\/\/www.facebook.com\/RepliqueMangaCine","article_modified_time":"2026-02-19T10:27:36+00:00","og_image":[{"width":700,"height":700,"url":"https:\/\/repliquemangacine.fr\/wp-content\/uploads\/2025\/07\/Katana-bois-de-Budd-Kill-Bill.jpg","type":"image\/jpeg"}],"twitter_card":"summary_large_image","twitter_misc":{"Est. reading time":"3 minutes"},"schema":{"@context":"https:\/\/schema.org","@graph":[{"@type":"WebPage","@id":"https:\/\/repliquemangacine.fr\/katana-kill-bill\/le-katana-de-budd\/","url":"https:\/\/repliquemangacine.fr\/katana-kill-bill\/le-katana-de-budd\/","name":"Budd's katana - R\u00e9plique Manga Cin\u00e9","isPartOf":{"@id":"https:\/\/repliquemangacine.fr\/#website"},"primaryImageOfPage":{"@id":"https:\/\/repliquemangacine.fr\/katana-kill-bill\/le-katana-de-budd\/#primaryimage"},"image":{"@id":"https:\/\/repliquemangacine.fr\/katana-kill-bill\/le-katana-de-budd\/#primaryimage"},"thumbnailUrl":"https:\/\/repliquemangacine.fr\/wp-content\/uploads\/2025\/07\/Katana-bois-de-Budd-Kill-Bill.jpg","datePublished":"2025-07-30T10:04:27+00:00","dateModified":"2026-02-19T10:27:36+00:00","description":"Buy the Budd Kill Bill wooden Katana - Decorative replica with lacquered scabbard and engraving. Ideal for cosplay, decoration or fan gifts.","breadcrumb":{"@id":"https:\/\/repliquemangacine.fr\/katana-kill-bill\/le-katana-de-budd\/#breadcrumb"},"inLanguage":"en-US","potentialAction":[{"@type":"ReadAction","target":["https:\/\/repliquemangacine.fr\/katana-kill-bill\/le-katana-de-budd\/"]}]},{"@type":"ImageObject","inLanguage":"en-US","@id":"https:\/\/repliquemangacine.fr\/katana-kill-bill\/le-katana-de-budd\/#primaryimage","url":"https:\/\/repliquemangacine.fr\/wp-content\/uploads\/2025\/07\/Katana-bois-de-Budd-Kill-Bill.jpg","contentUrl":"https:\/\/repliquemangacine.fr\/wp-content\/uploads\/2025\/07\/Katana-bois-de-Budd-Kill-Bill.jpg","width":700,"height":700,"caption":"Katana-bois-de-Budd---Kill-Bill"},{"@type":"BreadcrumbList","@id":"https:\/\/repliquemangacine.fr\/katana-kill-bill\/le-katana-de-budd\/#breadcrumb","itemListElement":[{"@type":"ListItem","position":1,"name":"Accueil","item":"https:\/\/repliquemangacine.fr\/"},{"@type":"ListItem","position":2,"name":"Produits","item":"https:\/\/repliquemangacine.fr\/boutique\/"},{"@type":"ListItem","position":3,"name":"Le katana de Budd"}]},{"@type":"WebSite","@id":"https:\/\/repliquemangacine.fr\/#website","url":"https:\/\/repliquemangacine.fr\/","name":"R\u00e9plique Manga Cin\u00e9","description":"","publisher":{"@id":"https:\/\/repliquemangacine.fr\/#organization"},"potentialAction":[{"@type":"SearchAction","target":{"@type":"EntryPoint","urlTemplate":"https:\/\/repliquemangacine.fr\/?s={search_term_string}"},"query-input":{"@type":"PropertyValueSpecification","valueRequired":true,"valueName":"search_term_string"}}],"inLanguage":"en-US"},{"@type":"Organization","@id":"https:\/\/repliquemangacine.fr\/#organization","name":"R\u00e9plique Manga Cin\u00e9","url":"https:\/\/repliquemangacine.fr\/","logo":{"@type":"ImageObject","inLanguage":"en-US","@id":"https:\/\/repliquemangacine.fr\/#\/schema\/logo\/image\/","url":"https:\/\/repliquemangacine.fr\/wp-content\/uploads\/2023\/10\/RMC-500250.png","contentUrl":"https:\/\/repliquemangacine.fr\/wp-content\/uploads\/2023\/10\/RMC-500250.png","width":500,"height":250,"caption":"R\u00e9plique Manga Cin\u00e9"},"image":{"@id":"https:\/\/repliquemangacine.fr\/#\/schema\/logo\/image\/"},"sameAs":["https:\/\/www.facebook.com\/RepliqueMangaCine","https:\/\/www.instagram.com\/repliquemangacine.fr\/"]}]}},"_links":{"self":[{"href":"https:\/\/repliquemangacine.fr\/en\/wp-json\/wp\/v2\/product\/86933","targetHints":{"allow":["GET"]}}],"collection":[{"href":"https:\/\/repliquemangacine.fr\/en\/wp-json\/wp\/v2\/product"}],"about":[{"href":"https:\/\/repliquemangacine.fr\/en\/wp-json\/wp\/v2\/types\/product"}],"wp:featuredmedia":[{"embeddable":true,"href":"https:\/\/repliquemangacine.fr\/en\/wp-json\/wp\/v2\/media\/86935"}],"wp:attachment":[{"href":"https:\/\/repliquemangacine.fr\/en\/wp-json\/wp\/v2\/media?parent=86933"}],"wp:term":[{"taxonomy":"product_brand","embeddable":true,"href":"https:\/\/repliquemangacine.fr\/en\/wp-json\/wp\/v2\/product_brand?post=86933"},{"taxonomy":"product_cat","embeddable":true,"href":"https:\/\/repliquemangacine.fr\/en\/wp-json\/wp\/v2\/product_cat?post=86933"},{"taxonomy":"product_tag","embeddable":true,"href":"https:\/\/repliquemangacine.fr\/en\/wp-json\/wp\/v2\/product_tag?post=86933"}],"curies":[{"name":"wp","href":"https:\/\/api.w.org\/{rel}","templated":true}]}}