





{"id":86912,"date":"2025-07-29T16:25:53","date_gmt":"2025-07-29T14:25:53","guid":{"rendered":"https:\/\/repliquemangacine.fr\/?post_type=product&#038;p=86912"},"modified":"2026-02-19T11:27:47","modified_gmt":"2026-02-19T10:27:47","slug":"katana-the-last-samurai","status":"publish","type":"product","link":"https:\/\/repliquemangacine.fr\/en\/katanas-le-dernier-samourai\/katana-le-dernier-samourai\/","title":{"rendered":"Katana The Last Samurai"},"content":{"rendered":"<h2>A katana inspired by The Last Samurai, faithful and refined in its details<\/h2>\n<p>Let's start by examining this decorative katana, a tribute to the character of Algren, played by Tom Cruise in <a href=\"https:\/\/fr.wikipedia.org\/wiki\/Le_Dernier_Samoura%C3%AF\" target=\"_blank\" rel=\"noopener noreferrer\">The Last Samurai<\/a>.<br class=\"yoast-text-mark\" \/>Firstly, with a silver-plated wooden blade engraved with Japanese symbols, it respects the elegance and rigor of ancestral weapons.<br \/>\nThe black lacquered scabbard, adorned with white lettering, evokes nobility, mastery and respect for the Bushido code.<br \/>\nWhat's more, its metal hilt engraved with a dragon symbolizes the inner strength, protection and honor of legendary samurai.<br \/>\nMeasuring approximately 102 cm, this katana offers the perfect balance for decoration, cosplay or personal collection.<br \/>\nThe handle is woven in the traditional way, guaranteeing a striking visual effect faithful to the swords of Japanese warriors.<br \/>\nThanks to its wooden design, it is ideal for enthusiasts wishing to display an iconic piece without any sharp hazards.<\/p>\n<h2>Why this decorative katana is a unique, must-have item<\/h2>\n<p>This wooden katana is not just decorative, it embodies a philosophy, a lifestyle and an era.<br class=\"yoast-text-mark\" \/>The film The Last Samurai highlights the transition between tradition and modernity, perfectly represented in this faithful replica.<br class=\"yoast-text-mark\" \/>Thanks to its quality finish, this sword will quickly become the center of attention in any Japanese or cinema-themed decor.<br class=\"yoast-text-mark\" \/>By displaying it at home, you're not only demonstrating good taste, but also an admiration for history and Japan.<br class=\"yoast-text-mark\" \/>What's more, its wood construction makes it ideal for cosplay, photography or home zen settings.<br class=\"yoast-text-mark\" \/>Many people are looking for meaningful objects, and this katana is the perfect answer to that deep-seated desire.<br class=\"yoast-text-mark\" \/>This unique model combines refined design with a powerful message, making it an excellent choice for demanding enthusiasts.<\/p>\n<h2>Repliquemangacine: the reference for movie, manga and historical weapons replicas<\/h2>\n<p>On <strong>Repliquemangacine<\/strong>explores a world rich in replica katanas, swords, antique weapons and exclusive collectors' items.<br class=\"yoast-text-mark\" \/>Our best-sellers include LED katanas from Ame no Habakiri, black Enma and Nidai Kitetsu from One Piece.<br class=\"yoast-text-mark\" \/>Gamers will appreciate Zelda's famous Skyward Sword and the <a href=\"https:\/\/repliquemangacine.fr\/en\/katana-and-video-game-sword-other-video-games\/epee-red-queen-devil-my-cry\/\" target=\"_blank\" rel=\"noopener noreferrer\">Red Queen from Devil May Cry<\/a> in a faithful version.<br \/>\nHistory buffs won't want to miss Maximus' sword or our ninja sets with blue blades and tactical scabbards.<br \/>\nAdd to this our chibi figurines, Assassin's Creed, Bleach keychains or <a href=\"https:\/\/repliquemangacine.fr\/en\/katana-and-sword-from-anime-other-manga\/xeno-trunks-dbz-dragon-ball-z-sword\/\" target=\"_blank\" rel=\"noopener noreferrer\">Trunk's sword<\/a> in Dragon ball Z.<\/p>\n<p>To conclude<strong> Repliquemangacine<\/strong> is aimed at demanding fans in search of immersive, well-finished products.<br \/>\nThanks to our varied selection, every enthusiast will find a powerful piece that evokes his or her favorite worlds.<\/p>","protected":false},"excerpt":{"rendered":"<p><strong>Technical specifications :<\/strong><\/p>\n<ul>\n<li>Blade: Silver-plated wood with Japanese engraving<\/li>\n<li>Guard (tsuba): Metal with engraved dragon<\/li>\n<li>Scabbard (saya): Black lacquered wood with white lettering<\/li><li>Total length: Approx. 102 cm<\/li>\n<li>Wooden blade length: 70 cm<\/li>\n<li>Weight: Approx. 500g<\/li>\n<li>Usage: Wall decor, cosplay, collection<\/li>\n<\/ul>","protected":false},"featured_media":86914,"template":"","meta":[],"product_brand":[],"product_cat":[26,32,88],"product_tag":[],"class_list":{"0":"post-86912","1":"product","2":"type-product","3":"status-publish","4":"has-post-thumbnail","6":"product_cat-katana-epee","7":"product_cat-katana-decoration","8":"product_cat-katanas-le-dernier-samourai","10":"first","11":"instock","12":"taxable","13":"shipping-taxable","14":"purchasable","15":"product-type-simple"},"yoast_head":"<!-- This site is optimized with the Yoast SEO plugin v27.5 - https:\/\/yoast.com\/product\/yoast-seo-wordpress\/ -->\n<title>Katana Le Dernier Samoura\u00ef | R\u00e9plique Manga Cin\u00e9<\/title>\n<meta name=\"description\" content=\"Katana Le Dernier Samoura\u00ef \u2013 R\u00e9plique d\u00e9corative avec lame en bois, fourreau laqu\u00e9 noir et garde dragon. Id\u00e9al pour les fans de culture japonaise.\" \/>\n<meta name=\"robots\" content=\"index, follow, max-snippet:-1, max-image-preview:large, max-video-preview:-1\" \/>\n<link rel=\"canonical\" href=\"https:\/\/repliquemangacine.fr\/en\/katanas-the-last-samurai\/katana-the-last-samurai\/\" \/>\n<meta property=\"og:locale\" content=\"en_US\" \/>\n<meta property=\"og:type\" content=\"article\" \/>\n<meta property=\"og:title\" content=\"Katana Le Dernier Samoura\u00ef | R\u00e9plique Manga Cin\u00e9\" \/>\n<meta property=\"og:description\" content=\"Katana Le Dernier Samoura\u00ef \u2013 R\u00e9plique d\u00e9corative avec lame en bois, fourreau laqu\u00e9 noir et garde dragon. Id\u00e9al pour les fans de culture japonaise.\" \/>\n<meta property=\"og:url\" content=\"https:\/\/repliquemangacine.fr\/en\/katanas-the-last-samurai\/katana-the-last-samurai\/\" \/>\n<meta property=\"og:site_name\" content=\"R\u00e9plique Manga Cin\u00e9\" \/>\n<meta property=\"article:publisher\" content=\"https:\/\/www.facebook.com\/RepliqueMangaCine\" \/>\n<meta property=\"article:modified_time\" content=\"2026-02-19T10:27:47+00:00\" \/>\n<meta property=\"og:image\" content=\"https:\/\/repliquemangacine.fr\/wp-content\/uploads\/2025\/07\/Katana-bois-dernier-Samourai-.jpg\" \/>\n\t<meta property=\"og:image:width\" content=\"700\" \/>\n\t<meta property=\"og:image:height\" content=\"700\" \/>\n\t<meta property=\"og:image:type\" content=\"image\/jpeg\" \/>\n<meta name=\"twitter:card\" content=\"summary_large_image\" \/>\n<meta name=\"twitter:label1\" content=\"Est. reading time\" \/>\n\t<meta name=\"twitter:data1\" content=\"3 minutes\" \/>\n<script type=\"application\/ld+json\" class=\"yoast-schema-graph\">{\"@context\":\"https:\\\/\\\/schema.org\",\"@graph\":[{\"@type\":\"WebPage\",\"@id\":\"https:\\\/\\\/repliquemangacine.fr\\\/katanas-le-dernier-samourai\\\/katana-le-dernier-samourai\\\/\",\"url\":\"https:\\\/\\\/repliquemangacine.fr\\\/katanas-le-dernier-samourai\\\/katana-le-dernier-samourai\\\/\",\"name\":\"Katana Le Dernier Samoura\u00ef | R\u00e9plique Manga Cin\u00e9\",\"isPartOf\":{\"@id\":\"https:\\\/\\\/repliquemangacine.fr\\\/#website\"},\"primaryImageOfPage\":{\"@id\":\"https:\\\/\\\/repliquemangacine.fr\\\/katanas-le-dernier-samourai\\\/katana-le-dernier-samourai\\\/#primaryimage\"},\"image\":{\"@id\":\"https:\\\/\\\/repliquemangacine.fr\\\/katanas-le-dernier-samourai\\\/katana-le-dernier-samourai\\\/#primaryimage\"},\"thumbnailUrl\":\"https:\\\/\\\/repliquemangacine.fr\\\/wp-content\\\/uploads\\\/2025\\\/07\\\/Katana-bois-dernier-Samourai-.jpg\",\"datePublished\":\"2025-07-29T14:25:53+00:00\",\"dateModified\":\"2026-02-19T10:27:47+00:00\",\"description\":\"Katana Le Dernier Samoura\u00ef \u2013 R\u00e9plique d\u00e9corative avec lame en bois, fourreau laqu\u00e9 noir et garde dragon. Id\u00e9al pour les fans de culture japonaise.\",\"breadcrumb\":{\"@id\":\"https:\\\/\\\/repliquemangacine.fr\\\/katanas-le-dernier-samourai\\\/katana-le-dernier-samourai\\\/#breadcrumb\"},\"inLanguage\":\"en-US\",\"potentialAction\":[{\"@type\":\"ReadAction\",\"target\":[\"https:\\\/\\\/repliquemangacine.fr\\\/katanas-le-dernier-samourai\\\/katana-le-dernier-samourai\\\/\"]}]},{\"@type\":\"ImageObject\",\"inLanguage\":\"en-US\",\"@id\":\"https:\\\/\\\/repliquemangacine.fr\\\/katanas-le-dernier-samourai\\\/katana-le-dernier-samourai\\\/#primaryimage\",\"url\":\"https:\\\/\\\/repliquemangacine.fr\\\/wp-content\\\/uploads\\\/2025\\\/07\\\/Katana-bois-dernier-Samourai-.jpg\",\"contentUrl\":\"https:\\\/\\\/repliquemangacine.fr\\\/wp-content\\\/uploads\\\/2025\\\/07\\\/Katana-bois-dernier-Samourai-.jpg\",\"width\":700,\"height\":700,\"caption\":\"Katana-bois-dernier-Samoura\u00ef-\"},{\"@type\":\"BreadcrumbList\",\"@id\":\"https:\\\/\\\/repliquemangacine.fr\\\/katanas-le-dernier-samourai\\\/katana-le-dernier-samourai\\\/#breadcrumb\",\"itemListElement\":[{\"@type\":\"ListItem\",\"position\":1,\"name\":\"Accueil\",\"item\":\"https:\\\/\\\/repliquemangacine.fr\\\/\"},{\"@type\":\"ListItem\",\"position\":2,\"name\":\"Produits\",\"item\":\"https:\\\/\\\/repliquemangacine.fr\\\/boutique\\\/\"},{\"@type\":\"ListItem\",\"position\":3,\"name\":\"Katana Le Dernier Samoura\u00ef\"}]},{\"@type\":\"WebSite\",\"@id\":\"https:\\\/\\\/repliquemangacine.fr\\\/#website\",\"url\":\"https:\\\/\\\/repliquemangacine.fr\\\/\",\"name\":\"R\u00e9plique Manga Cin\u00e9\",\"description\":\"\",\"publisher\":{\"@id\":\"https:\\\/\\\/repliquemangacine.fr\\\/#organization\"},\"potentialAction\":[{\"@type\":\"SearchAction\",\"target\":{\"@type\":\"EntryPoint\",\"urlTemplate\":\"https:\\\/\\\/repliquemangacine.fr\\\/?s={search_term_string}\"},\"query-input\":{\"@type\":\"PropertyValueSpecification\",\"valueRequired\":true,\"valueName\":\"search_term_string\"}}],\"inLanguage\":\"en-US\"},{\"@type\":\"Organization\",\"@id\":\"https:\\\/\\\/repliquemangacine.fr\\\/#organization\",\"name\":\"R\u00e9plique Manga Cin\u00e9\",\"url\":\"https:\\\/\\\/repliquemangacine.fr\\\/\",\"logo\":{\"@type\":\"ImageObject\",\"inLanguage\":\"en-US\",\"@id\":\"https:\\\/\\\/repliquemangacine.fr\\\/#\\\/schema\\\/logo\\\/image\\\/\",\"url\":\"https:\\\/\\\/repliquemangacine.fr\\\/wp-content\\\/uploads\\\/2023\\\/10\\\/RMC-500250.png\",\"contentUrl\":\"https:\\\/\\\/repliquemangacine.fr\\\/wp-content\\\/uploads\\\/2023\\\/10\\\/RMC-500250.png\",\"width\":500,\"height\":250,\"caption\":\"R\u00e9plique Manga Cin\u00e9\"},\"image\":{\"@id\":\"https:\\\/\\\/repliquemangacine.fr\\\/#\\\/schema\\\/logo\\\/image\\\/\"},\"sameAs\":[\"https:\\\/\\\/www.facebook.com\\\/RepliqueMangaCine\",\"https:\\\/\\\/www.instagram.com\\\/repliquemangacine.fr\\\/\"]}]}<\/script>\n<!-- \/ Yoast SEO plugin. -->","yoast_head_json":{"title":"Katana The Last Samurai | R\u00e9plique Manga Cin\u00e9","description":"Katana The Last Samurai - Decorative replica with wooden blade, black lacquered scabbard and dragon guard. Ideal for fans of Japanese culture.","robots":{"index":"index","follow":"follow","max-snippet":"max-snippet:-1","max-image-preview":"max-image-preview:large","max-video-preview":"max-video-preview:-1"},"canonical":"https:\/\/repliquemangacine.fr\/en\/katanas-the-last-samurai\/katana-the-last-samurai\/","og_locale":"en_US","og_type":"article","og_title":"Katana Le Dernier Samoura\u00ef | R\u00e9plique Manga Cin\u00e9","og_description":"Katana Le Dernier Samoura\u00ef \u2013 R\u00e9plique d\u00e9corative avec lame en bois, fourreau laqu\u00e9 noir et garde dragon. Id\u00e9al pour les fans de culture japonaise.","og_url":"https:\/\/repliquemangacine.fr\/en\/katanas-the-last-samurai\/katana-the-last-samurai\/","og_site_name":"R\u00e9plique Manga Cin\u00e9","article_publisher":"https:\/\/www.facebook.com\/RepliqueMangaCine","article_modified_time":"2026-02-19T10:27:47+00:00","og_image":[{"width":700,"height":700,"url":"https:\/\/repliquemangacine.fr\/wp-content\/uploads\/2025\/07\/Katana-bois-dernier-Samourai-.jpg","type":"image\/jpeg"}],"twitter_card":"summary_large_image","twitter_misc":{"Est. reading time":"3 minutes"},"schema":{"@context":"https:\/\/schema.org","@graph":[{"@type":"WebPage","@id":"https:\/\/repliquemangacine.fr\/katanas-le-dernier-samourai\/katana-le-dernier-samourai\/","url":"https:\/\/repliquemangacine.fr\/katanas-le-dernier-samourai\/katana-le-dernier-samourai\/","name":"Katana The Last Samurai | R\u00e9plique Manga Cin\u00e9","isPartOf":{"@id":"https:\/\/repliquemangacine.fr\/#website"},"primaryImageOfPage":{"@id":"https:\/\/repliquemangacine.fr\/katanas-le-dernier-samourai\/katana-le-dernier-samourai\/#primaryimage"},"image":{"@id":"https:\/\/repliquemangacine.fr\/katanas-le-dernier-samourai\/katana-le-dernier-samourai\/#primaryimage"},"thumbnailUrl":"https:\/\/repliquemangacine.fr\/wp-content\/uploads\/2025\/07\/Katana-bois-dernier-Samourai-.jpg","datePublished":"2025-07-29T14:25:53+00:00","dateModified":"2026-02-19T10:27:47+00:00","description":"Katana The Last Samurai - Decorative replica with wooden blade, black lacquered scabbard and dragon guard. Ideal for fans of Japanese culture.","breadcrumb":{"@id":"https:\/\/repliquemangacine.fr\/katanas-le-dernier-samourai\/katana-le-dernier-samourai\/#breadcrumb"},"inLanguage":"en-US","potentialAction":[{"@type":"ReadAction","target":["https:\/\/repliquemangacine.fr\/katanas-le-dernier-samourai\/katana-le-dernier-samourai\/"]}]},{"@type":"ImageObject","inLanguage":"en-US","@id":"https:\/\/repliquemangacine.fr\/katanas-le-dernier-samourai\/katana-le-dernier-samourai\/#primaryimage","url":"https:\/\/repliquemangacine.fr\/wp-content\/uploads\/2025\/07\/Katana-bois-dernier-Samourai-.jpg","contentUrl":"https:\/\/repliquemangacine.fr\/wp-content\/uploads\/2025\/07\/Katana-bois-dernier-Samourai-.jpg","width":700,"height":700,"caption":"Katana-bois-dernier-Samoura\u00ef-"},{"@type":"BreadcrumbList","@id":"https:\/\/repliquemangacine.fr\/katanas-le-dernier-samourai\/katana-le-dernier-samourai\/#breadcrumb","itemListElement":[{"@type":"ListItem","position":1,"name":"Accueil","item":"https:\/\/repliquemangacine.fr\/"},{"@type":"ListItem","position":2,"name":"Produits","item":"https:\/\/repliquemangacine.fr\/boutique\/"},{"@type":"ListItem","position":3,"name":"Katana Le Dernier Samoura\u00ef"}]},{"@type":"WebSite","@id":"https:\/\/repliquemangacine.fr\/#website","url":"https:\/\/repliquemangacine.fr\/","name":"R\u00e9plique Manga Cin\u00e9","description":"","publisher":{"@id":"https:\/\/repliquemangacine.fr\/#organization"},"potentialAction":[{"@type":"SearchAction","target":{"@type":"EntryPoint","urlTemplate":"https:\/\/repliquemangacine.fr\/?s={search_term_string}"},"query-input":{"@type":"PropertyValueSpecification","valueRequired":true,"valueName":"search_term_string"}}],"inLanguage":"en-US"},{"@type":"Organization","@id":"https:\/\/repliquemangacine.fr\/#organization","name":"R\u00e9plique Manga Cin\u00e9","url":"https:\/\/repliquemangacine.fr\/","logo":{"@type":"ImageObject","inLanguage":"en-US","@id":"https:\/\/repliquemangacine.fr\/#\/schema\/logo\/image\/","url":"https:\/\/repliquemangacine.fr\/wp-content\/uploads\/2023\/10\/RMC-500250.png","contentUrl":"https:\/\/repliquemangacine.fr\/wp-content\/uploads\/2023\/10\/RMC-500250.png","width":500,"height":250,"caption":"R\u00e9plique Manga Cin\u00e9"},"image":{"@id":"https:\/\/repliquemangacine.fr\/#\/schema\/logo\/image\/"},"sameAs":["https:\/\/www.facebook.com\/RepliqueMangaCine","https:\/\/www.instagram.com\/repliquemangacine.fr\/"]}]}},"_links":{"self":[{"href":"https:\/\/repliquemangacine.fr\/en\/wp-json\/wp\/v2\/product\/86912","targetHints":{"allow":["GET"]}}],"collection":[{"href":"https:\/\/repliquemangacine.fr\/en\/wp-json\/wp\/v2\/product"}],"about":[{"href":"https:\/\/repliquemangacine.fr\/en\/wp-json\/wp\/v2\/types\/product"}],"wp:featuredmedia":[{"embeddable":true,"href":"https:\/\/repliquemangacine.fr\/en\/wp-json\/wp\/v2\/media\/86914"}],"wp:attachment":[{"href":"https:\/\/repliquemangacine.fr\/en\/wp-json\/wp\/v2\/media?parent=86912"}],"wp:term":[{"taxonomy":"product_brand","embeddable":true,"href":"https:\/\/repliquemangacine.fr\/en\/wp-json\/wp\/v2\/product_brand?post=86912"},{"taxonomy":"product_cat","embeddable":true,"href":"https:\/\/repliquemangacine.fr\/en\/wp-json\/wp\/v2\/product_cat?post=86912"},{"taxonomy":"product_tag","embeddable":true,"href":"https:\/\/repliquemangacine.fr\/en\/wp-json\/wp\/v2\/product_tag?post=86912"}],"curies":[{"name":"wp","href":"https:\/\/api.w.org\/{rel}","templated":true}]}}