





{"id":86688,"date":"2025-07-24T13:54:58","date_gmt":"2025-07-24T11:54:58","guid":{"rendered":"https:\/\/repliquemangacine.fr\/?post_type=product&#038;p=86688"},"modified":"2026-02-21T14:04:20","modified_gmt":"2026-02-21T13:04:20","slug":"kolser-wall-bracket","status":"publish","type":"product","link":"https:\/\/repliquemangacine.fr\/en\/holster-accessoires-western\/support-mural-kolser\/","title":{"rendered":"Kolser wall bracket"},"content":{"rendered":"<h2>An elegant wall mount for a legendary Wild West revolver<\/h2>\n<p>Let's start by looking at the wall bracket <a href=\"https:\/\/kolser.com\/fr\/\" target=\"_blank\" rel=\"noopener noreferrer\">Kolser<\/a> pays tribute to the legendary Colt 1873.<br class=\"yoast-text-mark\" \/>First of all, made from crafted wood, it incorporates two sturdy hooks to hold your replica in a perfectly horizontal position.<br class=\"yoast-text-mark\" \/>First, a gilded plaque reads \"Colts Patent Repeating Pistols\", recalling the history of Samuel Colt's 19th-century firearms.<br class=\"yoast-text-mark\" \/>Secondly, a side-mounted cartridge case holds six rounds of dummy ammunition for an even more realistic and decorative look in any setting.<br class=\"yoast-text-mark\" \/>Finally, its dark walnut-effect finish adds vintage charm, perfect for enthusiasts of historic weapons and Western culture.<br \/>\nThe Kolser wall plaque is as much a decorative accessory as a display unit, combining aesthetics, sturdiness and historical inspiration.<br \/>\nIn short, a must-have for any vintage revolver enthusiast or collector with a passion for legendary weapons.<\/p>\n<h2>The perfect support for your 31 cm replica<\/h2>\n<p>Designed to fit the 31 cm Colt Peacemaker, this Kolser wall mount is a jewel of design and presentation.<br class=\"yoast-text-mark\" \/>Its hooks have been positioned to match the exact structure of Kolser replicas, ensuring optimum, secure hold.<br class=\"yoast-text-mark\" \/>The length of the wooden board is ideal for accommodating the revolver without spilling over, for a clean, balanced finish.<br class=\"yoast-text-mark\" \/>Thanks to its perfect compatibility with Kolser's 1873 models, installation is quick, easy and totally intuitive.<br class=\"yoast-text-mark\" \/>This wall mount adds a whole new dimension to your revolver, transforming it into a genuine piece of western d\u00e9cor.<br class=\"yoast-text-mark\" \/>It's the perfect finishing touch for a wall, display case or room dedicated to the world of cowboys and 19th-century weapons.<br \/>\nIt is just as suitable for demanding collectors as it is for enthusiasts of vintage or high-end western decoration.<\/p>\n<h2>RepliqueMangaCine.fr: your world of exceptional replicas<\/h2>\n<p>On <strong>RepliqueMangaCine.fr<\/strong>other high-end western replicas such as the <a href=\"https:\/\/repliquemangacine.fr\/en\/kolser-gun\/colt-peacemaker-31cm-polished-1873-kolser-case\/\" target=\"_blank\" rel=\"noopener noreferrer\">Colt Peacemaker 1873 polished case 31 cm<\/a>.<br class=\"yoast-text-mark\" \/>You can also discover the 31 cm black Colt 45 SAA case, just as impressive with its aged look and rough finish.<br \/>\nAmong our other references, <a href=\"https:\/\/repliquemangacine.fr\/en\/denix\/colt-saa-cavalry-1873-nickele-cal45\/\" target=\"_blank\" rel=\"noopener noreferrer\">Colt SAA Cavalerie 1873 nickel-plated .45 caliber<\/a> will delight enthusiasts of historic weapons that are faithful to detail.<br \/>\nOur site offers a wide range of collectibles: historical weapons, manga katanas, figurines, goodies and geek accessories.<br \/>\nEach piece is carefully selected to combine fidelity of reproduction, build quality and visual immersion.<br \/>\nLooking for an original gift or a rare piece to display? Our catalog features exclusive items that can't be found anywhere else.<br \/>\nRepliqueMangaCine.fr caters as much for fans of cinema, video games and manga as it does for enthusiasts of military history and antique weapons.<br \/>\nJoin our community of collectors and live your passion to the full with the best replicas available online!<\/p>","protected":false},"excerpt":{"rendered":"<p>This stand is designed to elegantly display a replica Colt western revolver.<\/p>\n<p><strong>Technical specifications:<\/strong><\/p>\n<ul>\n<li>Material: Wood (dark walnut or burr walnut finish, highly decorative)<\/li>\n<li>Two sturdy metal hooks to hold the weapon<\/li>\n<li>One fixed side support for 6 dummy cartridges (Colt Kolser compatible only)<\/li>\n<li>Colts Patent Repeating Pistols\" engraved gold plate, Victorian style<\/li>\n<li>Plaque with imitation signature of Samuel Colt (founder of Colt's Manufacturing Company)<\/li>\n<li>Length: 44.5 cm<\/li>\n<li>Width: 18.5 cm<\/li>\n<\/ul>","protected":false},"featured_media":86689,"template":"","meta":[],"product_brand":[896],"product_cat":[51,90],"product_tag":[],"class_list":{"0":"post-86688","1":"product","2":"type-product","3":"status-publish","4":"has-post-thumbnail","6":"product_brand-replique-manga-cine","7":"product_cat-accessoires-western","8":"product_cat-holster-accessoires-western","10":"first","11":"instock","12":"taxable","13":"shipping-taxable","14":"purchasable","15":"product-type-simple"},"yoast_head":"<!-- This site is optimized with the Yoast SEO plugin v27.4 - https:\/\/yoast.com\/product\/yoast-seo-wordpress\/ -->\n<title>Support mural Kolser | R\u00e9plique Manga Cin\u00e9<\/title>\n<meta name=\"description\" content=\"Exposez votre revolver western avec style gr\u00e2ce au support mural Kolser en bois noble, avec crochets, fausses cartouches et plaque Colt d\u00e9corative.\" \/>\n<meta name=\"robots\" content=\"index, follow, max-snippet:-1, max-image-preview:large, max-video-preview:-1\" \/>\n<link rel=\"canonical\" href=\"https:\/\/repliquemangacine.fr\/en\/western-accessory-holster\/kolser-wall-bracket\/\" \/>\n<meta property=\"og:locale\" content=\"en_US\" \/>\n<meta property=\"og:type\" content=\"article\" \/>\n<meta property=\"og:title\" content=\"Support mural Kolser | R\u00e9plique Manga Cin\u00e9\" \/>\n<meta property=\"og:description\" content=\"Exposez votre revolver western avec style gr\u00e2ce au support mural Kolser en bois noble, avec crochets, fausses cartouches et plaque Colt d\u00e9corative.\" \/>\n<meta property=\"og:url\" content=\"https:\/\/repliquemangacine.fr\/en\/western-accessory-holster\/kolser-wall-bracket\/\" \/>\n<meta property=\"og:site_name\" content=\"R\u00e9plique Manga Cin\u00e9\" \/>\n<meta property=\"article:publisher\" content=\"https:\/\/www.facebook.com\/RepliqueMangaCine\" \/>\n<meta property=\"article:modified_time\" content=\"2026-02-21T13:04:20+00:00\" \/>\n<meta property=\"og:image\" content=\"https:\/\/repliquemangacine.fr\/wp-content\/uploads\/2025\/07\/Plaque-de-presentation-colt-1064.jpg\" \/>\n\t<meta property=\"og:image:width\" content=\"700\" \/>\n\t<meta property=\"og:image:height\" content=\"500\" \/>\n\t<meta property=\"og:image:type\" content=\"image\/jpeg\" \/>\n<meta name=\"twitter:card\" content=\"summary_large_image\" \/>\n<meta name=\"twitter:label1\" content=\"Est. reading time\" \/>\n\t<meta name=\"twitter:data1\" content=\"3 minutes\" \/>\n<script type=\"application\/ld+json\" class=\"yoast-schema-graph\">{\"@context\":\"https:\\\/\\\/schema.org\",\"@graph\":[{\"@type\":\"WebPage\",\"@id\":\"https:\\\/\\\/repliquemangacine.fr\\\/holster-accessoires-western\\\/support-mural-kolser\\\/\",\"url\":\"https:\\\/\\\/repliquemangacine.fr\\\/holster-accessoires-western\\\/support-mural-kolser\\\/\",\"name\":\"Support mural Kolser | R\u00e9plique Manga Cin\u00e9\",\"isPartOf\":{\"@id\":\"https:\\\/\\\/repliquemangacine.fr\\\/#website\"},\"primaryImageOfPage\":{\"@id\":\"https:\\\/\\\/repliquemangacine.fr\\\/holster-accessoires-western\\\/support-mural-kolser\\\/#primaryimage\"},\"image\":{\"@id\":\"https:\\\/\\\/repliquemangacine.fr\\\/holster-accessoires-western\\\/support-mural-kolser\\\/#primaryimage\"},\"thumbnailUrl\":\"https:\\\/\\\/repliquemangacine.fr\\\/wp-content\\\/uploads\\\/2025\\\/07\\\/Plaque-de-presentation-colt-1064.jpg\",\"datePublished\":\"2025-07-24T11:54:58+00:00\",\"dateModified\":\"2026-02-21T13:04:20+00:00\",\"description\":\"Exposez votre revolver western avec style gr\u00e2ce au support mural Kolser en bois noble, avec crochets, fausses cartouches et plaque Colt d\u00e9corative.\",\"breadcrumb\":{\"@id\":\"https:\\\/\\\/repliquemangacine.fr\\\/holster-accessoires-western\\\/support-mural-kolser\\\/#breadcrumb\"},\"inLanguage\":\"en-US\",\"potentialAction\":[{\"@type\":\"ReadAction\",\"target\":[\"https:\\\/\\\/repliquemangacine.fr\\\/holster-accessoires-western\\\/support-mural-kolser\\\/\"]}]},{\"@type\":\"ImageObject\",\"inLanguage\":\"en-US\",\"@id\":\"https:\\\/\\\/repliquemangacine.fr\\\/holster-accessoires-western\\\/support-mural-kolser\\\/#primaryimage\",\"url\":\"https:\\\/\\\/repliquemangacine.fr\\\/wp-content\\\/uploads\\\/2025\\\/07\\\/Plaque-de-presentation-colt-1064.jpg\",\"contentUrl\":\"https:\\\/\\\/repliquemangacine.fr\\\/wp-content\\\/uploads\\\/2025\\\/07\\\/Plaque-de-presentation-colt-1064.jpg\",\"width\":700,\"height\":500,\"caption\":\"Exposez votre revolver western avec style gr\u00e2ce au support mural Kolser en bois noble, avec crochets, fausses cartouches et plaque Colt d\u00e9corative.colt-1064\"},{\"@type\":\"BreadcrumbList\",\"@id\":\"https:\\\/\\\/repliquemangacine.fr\\\/holster-accessoires-western\\\/support-mural-kolser\\\/#breadcrumb\",\"itemListElement\":[{\"@type\":\"ListItem\",\"position\":1,\"name\":\"Accueil\",\"item\":\"https:\\\/\\\/repliquemangacine.fr\\\/\"},{\"@type\":\"ListItem\",\"position\":2,\"name\":\"Produits\",\"item\":\"https:\\\/\\\/repliquemangacine.fr\\\/boutique\\\/\"},{\"@type\":\"ListItem\",\"position\":3,\"name\":\"Support mural Kolser\"}]},{\"@type\":\"WebSite\",\"@id\":\"https:\\\/\\\/repliquemangacine.fr\\\/#website\",\"url\":\"https:\\\/\\\/repliquemangacine.fr\\\/\",\"name\":\"R\u00e9plique Manga Cin\u00e9\",\"description\":\"\",\"publisher\":{\"@id\":\"https:\\\/\\\/repliquemangacine.fr\\\/#organization\"},\"potentialAction\":[{\"@type\":\"SearchAction\",\"target\":{\"@type\":\"EntryPoint\",\"urlTemplate\":\"https:\\\/\\\/repliquemangacine.fr\\\/?s={search_term_string}\"},\"query-input\":{\"@type\":\"PropertyValueSpecification\",\"valueRequired\":true,\"valueName\":\"search_term_string\"}}],\"inLanguage\":\"en-US\"},{\"@type\":\"Organization\",\"@id\":\"https:\\\/\\\/repliquemangacine.fr\\\/#organization\",\"name\":\"R\u00e9plique Manga Cin\u00e9\",\"url\":\"https:\\\/\\\/repliquemangacine.fr\\\/\",\"logo\":{\"@type\":\"ImageObject\",\"inLanguage\":\"en-US\",\"@id\":\"https:\\\/\\\/repliquemangacine.fr\\\/#\\\/schema\\\/logo\\\/image\\\/\",\"url\":\"https:\\\/\\\/repliquemangacine.fr\\\/wp-content\\\/uploads\\\/2023\\\/10\\\/RMC-500250.png\",\"contentUrl\":\"https:\\\/\\\/repliquemangacine.fr\\\/wp-content\\\/uploads\\\/2023\\\/10\\\/RMC-500250.png\",\"width\":500,\"height\":250,\"caption\":\"R\u00e9plique Manga Cin\u00e9\"},\"image\":{\"@id\":\"https:\\\/\\\/repliquemangacine.fr\\\/#\\\/schema\\\/logo\\\/image\\\/\"},\"sameAs\":[\"https:\\\/\\\/www.facebook.com\\\/RepliqueMangaCine\",\"https:\\\/\\\/www.instagram.com\\\/repliquemangacine.fr\\\/\"]}]}<\/script>\n<!-- \/ Yoast SEO plugin. -->","yoast_head_json":{"title":"Wall bracket Kolser | R\u00e9plique Manga Cin\u00e9","description":"Display your western revolver in style with the Kolser wall mount in fine wood, complete with hooks, dummy cartridges and decorative Colt plate.","robots":{"index":"index","follow":"follow","max-snippet":"max-snippet:-1","max-image-preview":"max-image-preview:large","max-video-preview":"max-video-preview:-1"},"canonical":"https:\/\/repliquemangacine.fr\/en\/western-accessory-holster\/kolser-wall-bracket\/","og_locale":"en_US","og_type":"article","og_title":"Support mural Kolser | R\u00e9plique Manga Cin\u00e9","og_description":"Exposez votre revolver western avec style gr\u00e2ce au support mural Kolser en bois noble, avec crochets, fausses cartouches et plaque Colt d\u00e9corative.","og_url":"https:\/\/repliquemangacine.fr\/en\/western-accessory-holster\/kolser-wall-bracket\/","og_site_name":"R\u00e9plique Manga Cin\u00e9","article_publisher":"https:\/\/www.facebook.com\/RepliqueMangaCine","article_modified_time":"2026-02-21T13:04:20+00:00","og_image":[{"width":700,"height":500,"url":"https:\/\/repliquemangacine.fr\/wp-content\/uploads\/2025\/07\/Plaque-de-presentation-colt-1064.jpg","type":"image\/jpeg"}],"twitter_card":"summary_large_image","twitter_misc":{"Est. reading time":"3 minutes"},"schema":{"@context":"https:\/\/schema.org","@graph":[{"@type":"WebPage","@id":"https:\/\/repliquemangacine.fr\/holster-accessoires-western\/support-mural-kolser\/","url":"https:\/\/repliquemangacine.fr\/holster-accessoires-western\/support-mural-kolser\/","name":"Wall bracket Kolser | R\u00e9plique Manga Cin\u00e9","isPartOf":{"@id":"https:\/\/repliquemangacine.fr\/#website"},"primaryImageOfPage":{"@id":"https:\/\/repliquemangacine.fr\/holster-accessoires-western\/support-mural-kolser\/#primaryimage"},"image":{"@id":"https:\/\/repliquemangacine.fr\/holster-accessoires-western\/support-mural-kolser\/#primaryimage"},"thumbnailUrl":"https:\/\/repliquemangacine.fr\/wp-content\/uploads\/2025\/07\/Plaque-de-presentation-colt-1064.jpg","datePublished":"2025-07-24T11:54:58+00:00","dateModified":"2026-02-21T13:04:20+00:00","description":"Display your western revolver in style with the Kolser wall mount in fine wood, complete with hooks, dummy cartridges and decorative Colt plate.","breadcrumb":{"@id":"https:\/\/repliquemangacine.fr\/holster-accessoires-western\/support-mural-kolser\/#breadcrumb"},"inLanguage":"en-US","potentialAction":[{"@type":"ReadAction","target":["https:\/\/repliquemangacine.fr\/holster-accessoires-western\/support-mural-kolser\/"]}]},{"@type":"ImageObject","inLanguage":"en-US","@id":"https:\/\/repliquemangacine.fr\/holster-accessoires-western\/support-mural-kolser\/#primaryimage","url":"https:\/\/repliquemangacine.fr\/wp-content\/uploads\/2025\/07\/Plaque-de-presentation-colt-1064.jpg","contentUrl":"https:\/\/repliquemangacine.fr\/wp-content\/uploads\/2025\/07\/Plaque-de-presentation-colt-1064.jpg","width":700,"height":500,"caption":"Exposez votre revolver western avec style gr\u00e2ce au support mural Kolser en bois noble, avec crochets, fausses cartouches et plaque Colt d\u00e9corative.colt-1064"},{"@type":"BreadcrumbList","@id":"https:\/\/repliquemangacine.fr\/holster-accessoires-western\/support-mural-kolser\/#breadcrumb","itemListElement":[{"@type":"ListItem","position":1,"name":"Accueil","item":"https:\/\/repliquemangacine.fr\/"},{"@type":"ListItem","position":2,"name":"Produits","item":"https:\/\/repliquemangacine.fr\/boutique\/"},{"@type":"ListItem","position":3,"name":"Support mural Kolser"}]},{"@type":"WebSite","@id":"https:\/\/repliquemangacine.fr\/#website","url":"https:\/\/repliquemangacine.fr\/","name":"R\u00e9plique Manga Cin\u00e9","description":"","publisher":{"@id":"https:\/\/repliquemangacine.fr\/#organization"},"potentialAction":[{"@type":"SearchAction","target":{"@type":"EntryPoint","urlTemplate":"https:\/\/repliquemangacine.fr\/?s={search_term_string}"},"query-input":{"@type":"PropertyValueSpecification","valueRequired":true,"valueName":"search_term_string"}}],"inLanguage":"en-US"},{"@type":"Organization","@id":"https:\/\/repliquemangacine.fr\/#organization","name":"R\u00e9plique Manga Cin\u00e9","url":"https:\/\/repliquemangacine.fr\/","logo":{"@type":"ImageObject","inLanguage":"en-US","@id":"https:\/\/repliquemangacine.fr\/#\/schema\/logo\/image\/","url":"https:\/\/repliquemangacine.fr\/wp-content\/uploads\/2023\/10\/RMC-500250.png","contentUrl":"https:\/\/repliquemangacine.fr\/wp-content\/uploads\/2023\/10\/RMC-500250.png","width":500,"height":250,"caption":"R\u00e9plique Manga Cin\u00e9"},"image":{"@id":"https:\/\/repliquemangacine.fr\/#\/schema\/logo\/image\/"},"sameAs":["https:\/\/www.facebook.com\/RepliqueMangaCine","https:\/\/www.instagram.com\/repliquemangacine.fr\/"]}]}},"_links":{"self":[{"href":"https:\/\/repliquemangacine.fr\/en\/wp-json\/wp\/v2\/product\/86688","targetHints":{"allow":["GET"]}}],"collection":[{"href":"https:\/\/repliquemangacine.fr\/en\/wp-json\/wp\/v2\/product"}],"about":[{"href":"https:\/\/repliquemangacine.fr\/en\/wp-json\/wp\/v2\/types\/product"}],"wp:featuredmedia":[{"embeddable":true,"href":"https:\/\/repliquemangacine.fr\/en\/wp-json\/wp\/v2\/media\/86689"}],"wp:attachment":[{"href":"https:\/\/repliquemangacine.fr\/en\/wp-json\/wp\/v2\/media?parent=86688"}],"wp:term":[{"taxonomy":"product_brand","embeddable":true,"href":"https:\/\/repliquemangacine.fr\/en\/wp-json\/wp\/v2\/product_brand?post=86688"},{"taxonomy":"product_cat","embeddable":true,"href":"https:\/\/repliquemangacine.fr\/en\/wp-json\/wp\/v2\/product_cat?post=86688"},{"taxonomy":"product_tag","embeddable":true,"href":"https:\/\/repliquemangacine.fr\/en\/wp-json\/wp\/v2\/product_tag?post=86688"}],"curies":[{"name":"wp","href":"https:\/\/api.w.org\/{rel}","templated":true}]}}