





{"id":86686,"date":"2025-07-24T11:55:27","date_gmt":"2025-07-24T09:55:27","guid":{"rendered":"https:\/\/repliquemangacine.fr\/?post_type=product&#038;p=86686"},"modified":"2025-11-12T23:52:48","modified_gmt":"2025-11-12T22:52:48","slug":"colt-4-75-presentation-frame","status":"publish","type":"product","link":"https:\/\/repliquemangacine.fr\/en\/non-classe\/cadre-de-presentation-colt-4-75\/","title":{"rendered":"Colt 4.75\u2033 presentation frame"},"content":{"rendered":"<h2>A Colt 4.75\u2033 presentation frame - Kolser quality at its best<\/h2>\n<p>Let's start by taking a look at this Colt 4.75\u2033 Presentation Frame. <a href=\"https:\/\/kolser.com\/fr\/\" target=\"_blank\" rel=\"noopener noreferrer\">Kolser<\/a> is perfectly compatible with Colt Single Action Army revolvers with 4.75-inch barrels.<br \/>\nFor starters, carefully crafted, its dark wood frame contrasts elegantly with the green felt, for a striking visual effect.<br \/>\nWhat's more, the integrated metal hooks provide a solid, aesthetically pleasing hold for your gun and dummy ammunition.<br \/>\nThe holder includes six fake metal cartridges (compatible with Kolser brand colts only). And a gold-plated \u201cColts Patent Repeating Pistols\u201d plaque, in authentic style.<br \/>\nAll in all, this frame is an ideal solution for elegantly enhancing your Colt while adding an authentic western touch.<br \/>\nNow you can display your Colt revolver as if it were in a museum, for a stunning, professional look.<br \/>\nFinally, this Kolser creation doesn't just look good: it pays homage to a mythical weapon of the American West.<\/p>\n<h2>Elegance in the service of detail - Why this frame is a must-have<\/h2>\n<p>Not only decorative, this Kolser presentation frame also plays a central role in staging your replicas.<br \/>\nFor example, its classic Western styling is perfectly suited to the world of collectors with a passion for authentic Far West weapons.<br \/>\nWhat's more, the engraved brass plate reinforces the historical dimension of your piece, for an even more immersive effect.<br \/>\nThat's why this product is so different from simple brackets: it offers a real setting for your legendary weapon.<br \/>\nAs a result, this is the accessory of choice for any enthusiast wishing to display his revolver with character.<br \/>\nIn other words, this frame is not just a display: it's a direct immersion in the history of the Wild West.<br \/>\nUltimately, it transforms a static weapon into a veritable tableau vivant, as captivating as it is authentic, for all enthusiasts.<\/p>\n<h2>Find other Western replicas and collectors' items on RepliqueMangaCine.fr<\/h2>\n<p>On our website <strong>RepliqueMangaCine.fr<\/strong>, But you'll find much more than this magnificent Colt revolver frame.<br \/>\nWe offer authentic replicas such as <a href=\"https:\/\/repliquemangacine.fr\/en\/kolser-gun\/colt-45-polished-4-75-inch-1873-kolser-case\/\" target=\"_blank\" rel=\"noopener noreferrer\">Colt 1873 polished 4.75\u2033 Kolser set<\/a>, with exceptional finishes.<br \/>\nAnd don't miss our <a href=\"https:\/\/repliquemangacine.fr\/en\/denix\/colt-single-action-1873-peacemaker-le-frontier\/\" target=\"_blank\" rel=\"noopener noreferrer\">Colt Single Action 1873 Peacemaker Le Frontier Denix<\/a>, an emblematic piece of the Wild West.<br \/>\nBut that's not all: our store is packed with swords, katanas, glaives, historical weapons and pop culture items.<br \/>\nFans of One Piece, Zelda, The Witcher, Game of Thrones and Assassin's Creed will all find what they're looking for.<br \/>\nWhat's more, all our products are designed for lovers of beautiful pieces, whether replicas or geek decor.<br \/>\nIn other words, whether you're a film buff, gun collector or manga fan, our site has something for you.<br \/>\nFinally, visit <strong>RepliqueMangaCine.fr<\/strong> and immerse yourself in a catalog rich in emotions, cult weapons and legendary items.<\/p>","protected":false},"excerpt":{"rendered":"<p>Specially designed to accommodate Colt .45 replicas with 4.75-inch barrels.<\/p>\n<p><strong>Included in the frame :<\/strong><\/p>\n<ul>\n<li>6 fake metal bullets (non-functional)<\/li>\n<li>An engraved gold plaque: Colts Patent Repeating Pistols<\/li>\n<li>Interior mounting system (metal hooks) for displaying revolver + bullets<\/li>\n<li>\u00a0Materials: Wood frame<\/li>\n<li>Green felt background<\/li>\n<li>Metal details (hooks + dummy ammunition + plate)<\/li>\n<li>Width: 33 cm<\/li>\n<li>Height: 24 cm<\/li>\n<li>Depth: 4.5 cm<\/li>\n<\/ul>","protected":false},"featured_media":86666,"template":"","meta":[],"product_brand":[896],"product_cat":[22],"product_tag":[],"class_list":{"0":"post-86686","1":"product","2":"type-product","3":"status-publish","4":"has-post-thumbnail","6":"product_brand-replique-manga-cine","7":"product_cat-non-classe","9":"first","10":"instock","11":"taxable","12":"shipping-taxable","13":"purchasable","14":"product-type-simple"},"yoast_head":"<!-- This site is optimized with the Yoast SEO plugin v27.5 - https:\/\/yoast.com\/product\/yoast-seo-wordpress\/ -->\n<title>Cadre de pr\u00e9sentation Colt 4.75&quot;- Kolser | R\u00e9plique Manga Cin\u00e9<\/title>\n<meta name=\"description\" content=\"Exposez votre revolver western avec style gr\u00e2ce \u00e0 ce cadre de pr\u00e9sentation pour Colt 4.75&quot;. \u00c9l\u00e9gant, robuste et sign\u00e9 Kolser !\" \/>\n<meta name=\"robots\" content=\"index, follow, max-snippet:-1, max-image-preview:large, max-video-preview:-1\" \/>\n<link rel=\"canonical\" href=\"https:\/\/repliquemangacine.fr\/en\/unclassified\/colt-4-75-presentation-frame\/\" \/>\n<meta property=\"og:locale\" content=\"en_US\" \/>\n<meta property=\"og:type\" content=\"article\" \/>\n<meta property=\"og:title\" content=\"Cadre de pr\u00e9sentation Colt 4.75&quot;- Kolser | R\u00e9plique Manga Cin\u00e9\" \/>\n<meta property=\"og:description\" content=\"Exposez votre revolver western avec style gr\u00e2ce \u00e0 ce cadre de pr\u00e9sentation pour Colt 4.75&quot;. \u00c9l\u00e9gant, robuste et sign\u00e9 Kolser !\" \/>\n<meta property=\"og:url\" content=\"https:\/\/repliquemangacine.fr\/en\/unclassified\/colt-4-75-presentation-frame\/\" \/>\n<meta property=\"og:site_name\" content=\"R\u00e9plique Manga Cin\u00e9\" \/>\n<meta property=\"article:publisher\" content=\"https:\/\/www.facebook.com\/RepliqueMangaCine\" \/>\n<meta property=\"article:modified_time\" content=\"2025-11-12T22:52:48+00:00\" \/>\n<meta property=\"og:image\" content=\"https:\/\/repliquemangacine.fr\/wp-content\/uploads\/2025\/07\/Cadre-de-presentation-pour-colt-1062.jpg\" \/>\n\t<meta property=\"og:image:width\" content=\"700\" \/>\n\t<meta property=\"og:image:height\" content=\"500\" \/>\n\t<meta property=\"og:image:type\" content=\"image\/jpeg\" \/>\n<meta name=\"twitter:card\" content=\"summary_large_image\" \/>\n<meta name=\"twitter:label1\" content=\"Est. reading time\" \/>\n\t<meta name=\"twitter:data1\" content=\"3 minutes\" \/>\n<script type=\"application\/ld+json\" class=\"yoast-schema-graph\">{\"@context\":\"https:\\\/\\\/schema.org\",\"@graph\":[{\"@type\":\"WebPage\",\"@id\":\"https:\\\/\\\/repliquemangacine.fr\\\/non-classe\\\/cadre-de-presentation-colt-4-75\\\/\",\"url\":\"https:\\\/\\\/repliquemangacine.fr\\\/non-classe\\\/cadre-de-presentation-colt-4-75\\\/\",\"name\":\"Cadre de pr\u00e9sentation Colt 4.75\\\"- Kolser | R\u00e9plique Manga Cin\u00e9\",\"isPartOf\":{\"@id\":\"https:\\\/\\\/repliquemangacine.fr\\\/#website\"},\"primaryImageOfPage\":{\"@id\":\"https:\\\/\\\/repliquemangacine.fr\\\/non-classe\\\/cadre-de-presentation-colt-4-75\\\/#primaryimage\"},\"image\":{\"@id\":\"https:\\\/\\\/repliquemangacine.fr\\\/non-classe\\\/cadre-de-presentation-colt-4-75\\\/#primaryimage\"},\"thumbnailUrl\":\"https:\\\/\\\/repliquemangacine.fr\\\/wp-content\\\/uploads\\\/2025\\\/07\\\/Cadre-de-presentation-pour-colt-1062.jpg\",\"datePublished\":\"2025-07-24T09:55:27+00:00\",\"dateModified\":\"2025-11-12T22:52:48+00:00\",\"description\":\"Exposez votre revolver western avec style gr\u00e2ce \u00e0 ce cadre de pr\u00e9sentation pour Colt 4.75\\\". \u00c9l\u00e9gant, robuste et sign\u00e9 Kolser !\",\"breadcrumb\":{\"@id\":\"https:\\\/\\\/repliquemangacine.fr\\\/non-classe\\\/cadre-de-presentation-colt-4-75\\\/#breadcrumb\"},\"inLanguage\":\"en-US\",\"potentialAction\":[{\"@type\":\"ReadAction\",\"target\":[\"https:\\\/\\\/repliquemangacine.fr\\\/non-classe\\\/cadre-de-presentation-colt-4-75\\\/\"]}]},{\"@type\":\"ImageObject\",\"inLanguage\":\"en-US\",\"@id\":\"https:\\\/\\\/repliquemangacine.fr\\\/non-classe\\\/cadre-de-presentation-colt-4-75\\\/#primaryimage\",\"url\":\"https:\\\/\\\/repliquemangacine.fr\\\/wp-content\\\/uploads\\\/2025\\\/07\\\/Cadre-de-presentation-pour-colt-1062.jpg\",\"contentUrl\":\"https:\\\/\\\/repliquemangacine.fr\\\/wp-content\\\/uploads\\\/2025\\\/07\\\/Cadre-de-presentation-pour-colt-1062.jpg\",\"width\":700,\"height\":500,\"caption\":\"Cadre-de-pr\u00e9sentation-pour-colt-1062\"},{\"@type\":\"BreadcrumbList\",\"@id\":\"https:\\\/\\\/repliquemangacine.fr\\\/non-classe\\\/cadre-de-presentation-colt-4-75\\\/#breadcrumb\",\"itemListElement\":[{\"@type\":\"ListItem\",\"position\":1,\"name\":\"Accueil\",\"item\":\"https:\\\/\\\/repliquemangacine.fr\\\/\"},{\"@type\":\"ListItem\",\"position\":2,\"name\":\"Produits\",\"item\":\"https:\\\/\\\/repliquemangacine.fr\\\/boutique\\\/\"},{\"@type\":\"ListItem\",\"position\":3,\"name\":\"Cadre de pr\u00e9sentation Colt 4.75&#8243;\"}]},{\"@type\":\"WebSite\",\"@id\":\"https:\\\/\\\/repliquemangacine.fr\\\/#website\",\"url\":\"https:\\\/\\\/repliquemangacine.fr\\\/\",\"name\":\"R\u00e9plique Manga Cin\u00e9\",\"description\":\"\",\"publisher\":{\"@id\":\"https:\\\/\\\/repliquemangacine.fr\\\/#organization\"},\"potentialAction\":[{\"@type\":\"SearchAction\",\"target\":{\"@type\":\"EntryPoint\",\"urlTemplate\":\"https:\\\/\\\/repliquemangacine.fr\\\/?s={search_term_string}\"},\"query-input\":{\"@type\":\"PropertyValueSpecification\",\"valueRequired\":true,\"valueName\":\"search_term_string\"}}],\"inLanguage\":\"en-US\"},{\"@type\":\"Organization\",\"@id\":\"https:\\\/\\\/repliquemangacine.fr\\\/#organization\",\"name\":\"R\u00e9plique Manga Cin\u00e9\",\"url\":\"https:\\\/\\\/repliquemangacine.fr\\\/\",\"logo\":{\"@type\":\"ImageObject\",\"inLanguage\":\"en-US\",\"@id\":\"https:\\\/\\\/repliquemangacine.fr\\\/#\\\/schema\\\/logo\\\/image\\\/\",\"url\":\"https:\\\/\\\/repliquemangacine.fr\\\/wp-content\\\/uploads\\\/2023\\\/10\\\/RMC-500250.png\",\"contentUrl\":\"https:\\\/\\\/repliquemangacine.fr\\\/wp-content\\\/uploads\\\/2023\\\/10\\\/RMC-500250.png\",\"width\":500,\"height\":250,\"caption\":\"R\u00e9plique Manga Cin\u00e9\"},\"image\":{\"@id\":\"https:\\\/\\\/repliquemangacine.fr\\\/#\\\/schema\\\/logo\\\/image\\\/\"},\"sameAs\":[\"https:\\\/\\\/www.facebook.com\\\/RepliqueMangaCine\",\"https:\\\/\\\/www.instagram.com\\\/repliquemangacine.fr\\\/\"]}]}<\/script>\n<!-- \/ Yoast SEO plugin. -->","yoast_head_json":{"title":"Colt 4.75\" presentation frame - Kolser | R\u00e9plique Manga Cin\u00e9","description":"Display your western revolver in style with this Colt 4.75\" display frame. Elegant, sturdy and by Kolser!","robots":{"index":"index","follow":"follow","max-snippet":"max-snippet:-1","max-image-preview":"max-image-preview:large","max-video-preview":"max-video-preview:-1"},"canonical":"https:\/\/repliquemangacine.fr\/en\/unclassified\/colt-4-75-presentation-frame\/","og_locale":"en_US","og_type":"article","og_title":"Cadre de pr\u00e9sentation Colt 4.75\"- Kolser | R\u00e9plique Manga Cin\u00e9","og_description":"Exposez votre revolver western avec style gr\u00e2ce \u00e0 ce cadre de pr\u00e9sentation pour Colt 4.75\". \u00c9l\u00e9gant, robuste et sign\u00e9 Kolser !","og_url":"https:\/\/repliquemangacine.fr\/en\/unclassified\/colt-4-75-presentation-frame\/","og_site_name":"R\u00e9plique Manga Cin\u00e9","article_publisher":"https:\/\/www.facebook.com\/RepliqueMangaCine","article_modified_time":"2025-11-12T22:52:48+00:00","og_image":[{"width":700,"height":500,"url":"https:\/\/repliquemangacine.fr\/wp-content\/uploads\/2025\/07\/Cadre-de-presentation-pour-colt-1062.jpg","type":"image\/jpeg"}],"twitter_card":"summary_large_image","twitter_misc":{"Est. reading time":"3 minutes"},"schema":{"@context":"https:\/\/schema.org","@graph":[{"@type":"WebPage","@id":"https:\/\/repliquemangacine.fr\/non-classe\/cadre-de-presentation-colt-4-75\/","url":"https:\/\/repliquemangacine.fr\/non-classe\/cadre-de-presentation-colt-4-75\/","name":"Colt 4.75\" presentation frame - Kolser | R\u00e9plique Manga Cin\u00e9","isPartOf":{"@id":"https:\/\/repliquemangacine.fr\/#website"},"primaryImageOfPage":{"@id":"https:\/\/repliquemangacine.fr\/non-classe\/cadre-de-presentation-colt-4-75\/#primaryimage"},"image":{"@id":"https:\/\/repliquemangacine.fr\/non-classe\/cadre-de-presentation-colt-4-75\/#primaryimage"},"thumbnailUrl":"https:\/\/repliquemangacine.fr\/wp-content\/uploads\/2025\/07\/Cadre-de-presentation-pour-colt-1062.jpg","datePublished":"2025-07-24T09:55:27+00:00","dateModified":"2025-11-12T22:52:48+00:00","description":"Display your western revolver in style with this Colt 4.75\" display frame. Elegant, sturdy and by Kolser!","breadcrumb":{"@id":"https:\/\/repliquemangacine.fr\/non-classe\/cadre-de-presentation-colt-4-75\/#breadcrumb"},"inLanguage":"en-US","potentialAction":[{"@type":"ReadAction","target":["https:\/\/repliquemangacine.fr\/non-classe\/cadre-de-presentation-colt-4-75\/"]}]},{"@type":"ImageObject","inLanguage":"en-US","@id":"https:\/\/repliquemangacine.fr\/non-classe\/cadre-de-presentation-colt-4-75\/#primaryimage","url":"https:\/\/repliquemangacine.fr\/wp-content\/uploads\/2025\/07\/Cadre-de-presentation-pour-colt-1062.jpg","contentUrl":"https:\/\/repliquemangacine.fr\/wp-content\/uploads\/2025\/07\/Cadre-de-presentation-pour-colt-1062.jpg","width":700,"height":500,"caption":"Cadre-de-pr\u00e9sentation-pour-colt-1062"},{"@type":"BreadcrumbList","@id":"https:\/\/repliquemangacine.fr\/non-classe\/cadre-de-presentation-colt-4-75\/#breadcrumb","itemListElement":[{"@type":"ListItem","position":1,"name":"Accueil","item":"https:\/\/repliquemangacine.fr\/"},{"@type":"ListItem","position":2,"name":"Produits","item":"https:\/\/repliquemangacine.fr\/boutique\/"},{"@type":"ListItem","position":3,"name":"Cadre de pr\u00e9sentation Colt 4.75&#8243;"}]},{"@type":"WebSite","@id":"https:\/\/repliquemangacine.fr\/#website","url":"https:\/\/repliquemangacine.fr\/","name":"R\u00e9plique Manga Cin\u00e9","description":"","publisher":{"@id":"https:\/\/repliquemangacine.fr\/#organization"},"potentialAction":[{"@type":"SearchAction","target":{"@type":"EntryPoint","urlTemplate":"https:\/\/repliquemangacine.fr\/?s={search_term_string}"},"query-input":{"@type":"PropertyValueSpecification","valueRequired":true,"valueName":"search_term_string"}}],"inLanguage":"en-US"},{"@type":"Organization","@id":"https:\/\/repliquemangacine.fr\/#organization","name":"R\u00e9plique Manga Cin\u00e9","url":"https:\/\/repliquemangacine.fr\/","logo":{"@type":"ImageObject","inLanguage":"en-US","@id":"https:\/\/repliquemangacine.fr\/#\/schema\/logo\/image\/","url":"https:\/\/repliquemangacine.fr\/wp-content\/uploads\/2023\/10\/RMC-500250.png","contentUrl":"https:\/\/repliquemangacine.fr\/wp-content\/uploads\/2023\/10\/RMC-500250.png","width":500,"height":250,"caption":"R\u00e9plique Manga Cin\u00e9"},"image":{"@id":"https:\/\/repliquemangacine.fr\/#\/schema\/logo\/image\/"},"sameAs":["https:\/\/www.facebook.com\/RepliqueMangaCine","https:\/\/www.instagram.com\/repliquemangacine.fr\/"]}]}},"_links":{"self":[{"href":"https:\/\/repliquemangacine.fr\/en\/wp-json\/wp\/v2\/product\/86686","targetHints":{"allow":["GET"]}}],"collection":[{"href":"https:\/\/repliquemangacine.fr\/en\/wp-json\/wp\/v2\/product"}],"about":[{"href":"https:\/\/repliquemangacine.fr\/en\/wp-json\/wp\/v2\/types\/product"}],"wp:featuredmedia":[{"embeddable":true,"href":"https:\/\/repliquemangacine.fr\/en\/wp-json\/wp\/v2\/media\/86666"}],"wp:attachment":[{"href":"https:\/\/repliquemangacine.fr\/en\/wp-json\/wp\/v2\/media?parent=86686"}],"wp:term":[{"taxonomy":"product_brand","embeddable":true,"href":"https:\/\/repliquemangacine.fr\/en\/wp-json\/wp\/v2\/product_brand?post=86686"},{"taxonomy":"product_cat","embeddable":true,"href":"https:\/\/repliquemangacine.fr\/en\/wp-json\/wp\/v2\/product_cat?post=86686"},{"taxonomy":"product_tag","embeddable":true,"href":"https:\/\/repliquemangacine.fr\/en\/wp-json\/wp\/v2\/product_tag?post=86686"}],"curies":[{"name":"wp","href":"https:\/\/api.w.org\/{rel}","templated":true}]}}