





{"id":86664,"date":"2025-07-23T15:59:11","date_gmt":"2025-07-23T13:59:11","guid":{"rendered":"https:\/\/repliquemangacine.fr\/?post_type=product&#038;p=86664"},"modified":"2026-02-19T10:17:03","modified_gmt":"2026-02-19T09:17:03","slug":"presentation-frame-for-colt","status":"publish","type":"product","link":"https:\/\/repliquemangacine.fr\/en\/western-repliques-armes\/cadre-de-presentation-pour-colt\/","title":{"rendered":"Presentation frame for Colt 5.5"},"content":{"rendered":"<h2>A presentation frame for Colt 5.5 in authentic Western style<\/h2>\n<p>Let's start by looking at this presentation frame for Colt 5.5 is made by <a href=\"https:\/\/kolser.com\/fr\/\" target=\"_blank\" rel=\"noopener noreferrer\">Kolser<\/a>, solid wood with a rustic finish, ideal for an elegant, authentic Western ambience.<br \/>\nFirstly, thanks to its green velvet background, your replica revolver stands out perfectly, creating a striking highlight.<br \/>\nSecondly, the gilded \u201cColts Patent Repeating Pistols\u201d plaque adds a touch of history and authenticity to the overall presentation.<br \/>\nFinally, two integrated metal hooks make it easy to attach a revolver and the dummy ammunition supplied in the frame.<br \/>\nThis decorative frame is perfect for a replica Colt Single Action Army, also known as a \u201cPeacemaker\u201d.<br \/>\nEasy to install, this frame is a sure bet for collectors and Western film enthusiasts alike.<br \/>\nIn short, it's a product as decorative as it is symbolic, worthy of your finest Western replicas.<\/p>\n<h2>Why this frame is ideal for your 5.5\" Colt<\/h2>\n<p>This frame has been specially designed to hold a Colt revolver with a 5.5\" barrel, a very common replica format.<br \/>\nThanks to its adapted dimensions, it guarantees perfectly balanced presentation, without forcing or damaging your replica.<br \/>\nWhat's more, the integrated metal brackets provide excellent support while maintaining an impeccable aesthetic appearance.<br \/>\nUnlike other generic frames, this one fits the Colt 5.5 perfectly, for a museum-quality look.<br \/>\nAlso, the included fake ammunition adds real visual value and reinforces the realism of the set on display.<br \/>\nWhat's more, it's an instant eye-catcher, becoming a focal point in any room where it's hung.<br \/>\nIn conclusion, it's a must-have to enhance your Colt and give it the place it deserves.<\/p>\n<h2>Discover other Peacemaker replicas on Repliquemangacine<\/h2>\n<p>On our website <strong>Repliquemangacine<\/strong>, With the Colt Peacemaker, you'll find an exclusive selection of replicas of the famous Colt Peacemaker .45 caliber in 5.5 inches.<br \/>\nAmong our must-sees, discover the <a href=\"https:\/\/repliquemangacine.fr\/en\/denix\/revolver-colt-peacemaker-55-inch-caliber-45-2\/\" target=\"_blank\" rel=\"noopener noreferrer\">Revolver Colt Peacemaker 5.5 inch by Denix<\/a>, with realistic metal finish and imitation-wood handle.<br \/>\nWe also offer the superb <a href=\"https:\/\/repliquemangacine.fr\/en\/kolser-gun\/colt-peacemaker-kolser-5-5-snake\/\" target=\"_blank\" rel=\"noopener noreferrer\">Colt Peacemaker Kolser 5.5 Snake<\/a>, a unique look with its engraved barrel and meticulous finish.<br \/>\nThese fit perfectly with the Kolser display frame.<br \/>\nAt <strong>Repliquemangacine<\/strong>, Each piece is chosen for its quality, realism and decorative potential.<br \/>\nOur passionate customers appreciate the combination of historical authenticity and presentation worthy of the best movie sets.<br \/>\nAdd a Western touch to your home or complete your collection with high-grade replicas.<br \/>\nAnd of course, take advantage of our fast delivery and attentive customer service for any questions or advice you may need.<\/p>","protected":false},"excerpt":{"rendered":"<p><strong>Product details :<\/strong><\/p>\n<ul>\n<li>Brand: Kolser<\/li>\n<li>Fits perfectly on the 5.5\" Colt<\/li>\n<li>Rustic-style wooden frame, dark finish for an authentic effect<\/li>\n<li>Dark green velvet interior, perfect for highlighting the replica and ammunition<\/li>\n<li>Gold-plated metal plaque with elegant engraving: \"Colts Patent Repeating Pistols\".<\/li>\n<li>Integrated metal brackets for holding revolver and ammunition (removable)<\/li>\n<li>Designed to be hung on a wall or displayed on a piece of furniture<\/li>\n<\/ul>","protected":false},"featured_media":86674,"template":"","meta":[],"product_brand":[896],"product_cat":[51,90,27,64],"product_tag":[],"class_list":{"0":"post-86664","1":"product","2":"type-product","3":"status-publish","4":"has-post-thumbnail","6":"product_brand-replique-manga-cine","7":"product_cat-accessoires-western","8":"product_cat-holster-accessoires-western","9":"product_cat-armes-et-accessoires-western","10":"product_cat-western-repliques-armes","12":"first","13":"instock","14":"taxable","15":"shipping-taxable","16":"purchasable","17":"product-type-simple"},"yoast_head":"<!-- This site is optimized with the Yoast SEO plugin v27.4 - https:\/\/yoast.com\/product\/yoast-seo-wordpress\/ -->\n<title>Cadre de pr\u00e9sentation pour Colt 5.5 - Kolser | R\u00e9plique Manga Cin\u00e9<\/title>\n<meta name=\"description\" content=\"Cadre de pr\u00e9sentation pour Colt en bois avec fond velours vert et plaque dor\u00e9e. Id\u00e9al pour collectionneurs et d\u00e9co Western.\" \/>\n<meta name=\"robots\" content=\"index, follow, max-snippet:-1, max-image-preview:large, max-video-preview:-1\" \/>\n<link rel=\"canonical\" href=\"https:\/\/repliquemangacine.fr\/en\/western-replica-guns\/presentation-frame-for-colt\/\" \/>\n<meta property=\"og:locale\" content=\"en_US\" \/>\n<meta property=\"og:type\" content=\"article\" \/>\n<meta property=\"og:title\" content=\"Cadre de pr\u00e9sentation pour Colt 5.5 - Kolser | R\u00e9plique Manga Cin\u00e9\" \/>\n<meta property=\"og:description\" content=\"Cadre de pr\u00e9sentation pour Colt en bois avec fond velours vert et plaque dor\u00e9e. Id\u00e9al pour collectionneurs et d\u00e9co Western.\" \/>\n<meta property=\"og:url\" content=\"https:\/\/repliquemangacine.fr\/en\/western-replica-guns\/presentation-frame-for-colt\/\" \/>\n<meta property=\"og:site_name\" content=\"R\u00e9plique Manga Cin\u00e9\" \/>\n<meta property=\"article:publisher\" content=\"https:\/\/www.facebook.com\/RepliqueMangaCine\" \/>\n<meta property=\"article:modified_time\" content=\"2026-02-19T09:17:03+00:00\" \/>\n<meta property=\"og:image\" content=\"https:\/\/repliquemangacine.fr\/wp-content\/uploads\/2025\/07\/Cadre-de-presentation-pour-colt-1065.jpg\" \/>\n\t<meta property=\"og:image:width\" content=\"700\" \/>\n\t<meta property=\"og:image:height\" content=\"500\" \/>\n\t<meta property=\"og:image:type\" content=\"image\/jpeg\" \/>\n<meta name=\"twitter:card\" content=\"summary_large_image\" \/>\n<meta name=\"twitter:label1\" content=\"Est. reading time\" \/>\n\t<meta name=\"twitter:data1\" content=\"3 minutes\" \/>\n<script type=\"application\/ld+json\" class=\"yoast-schema-graph\">{\"@context\":\"https:\\\/\\\/schema.org\",\"@graph\":[{\"@type\":\"WebPage\",\"@id\":\"https:\\\/\\\/repliquemangacine.fr\\\/western-repliques-armes\\\/cadre-de-presentation-pour-colt\\\/\",\"url\":\"https:\\\/\\\/repliquemangacine.fr\\\/western-repliques-armes\\\/cadre-de-presentation-pour-colt\\\/\",\"name\":\"Cadre de pr\u00e9sentation pour Colt 5.5 - Kolser | R\u00e9plique Manga Cin\u00e9\",\"isPartOf\":{\"@id\":\"https:\\\/\\\/repliquemangacine.fr\\\/#website\"},\"primaryImageOfPage\":{\"@id\":\"https:\\\/\\\/repliquemangacine.fr\\\/western-repliques-armes\\\/cadre-de-presentation-pour-colt\\\/#primaryimage\"},\"image\":{\"@id\":\"https:\\\/\\\/repliquemangacine.fr\\\/western-repliques-armes\\\/cadre-de-presentation-pour-colt\\\/#primaryimage\"},\"thumbnailUrl\":\"https:\\\/\\\/repliquemangacine.fr\\\/wp-content\\\/uploads\\\/2025\\\/07\\\/Cadre-de-presentation-pour-colt-1065.jpg\",\"datePublished\":\"2025-07-23T13:59:11+00:00\",\"dateModified\":\"2026-02-19T09:17:03+00:00\",\"description\":\"Cadre de pr\u00e9sentation pour Colt en bois avec fond velours vert et plaque dor\u00e9e. Id\u00e9al pour collectionneurs et d\u00e9co Western.\",\"breadcrumb\":{\"@id\":\"https:\\\/\\\/repliquemangacine.fr\\\/western-repliques-armes\\\/cadre-de-presentation-pour-colt\\\/#breadcrumb\"},\"inLanguage\":\"en-US\",\"potentialAction\":[{\"@type\":\"ReadAction\",\"target\":[\"https:\\\/\\\/repliquemangacine.fr\\\/western-repliques-armes\\\/cadre-de-presentation-pour-colt\\\/\"]}]},{\"@type\":\"ImageObject\",\"inLanguage\":\"en-US\",\"@id\":\"https:\\\/\\\/repliquemangacine.fr\\\/western-repliques-armes\\\/cadre-de-presentation-pour-colt\\\/#primaryimage\",\"url\":\"https:\\\/\\\/repliquemangacine.fr\\\/wp-content\\\/uploads\\\/2025\\\/07\\\/Cadre-de-presentation-pour-colt-1065.jpg\",\"contentUrl\":\"https:\\\/\\\/repliquemangacine.fr\\\/wp-content\\\/uploads\\\/2025\\\/07\\\/Cadre-de-presentation-pour-colt-1065.jpg\",\"width\":700,\"height\":500,\"caption\":\"Cadre-de-pr\u00e9sentation-pour-colt-1065\"},{\"@type\":\"BreadcrumbList\",\"@id\":\"https:\\\/\\\/repliquemangacine.fr\\\/western-repliques-armes\\\/cadre-de-presentation-pour-colt\\\/#breadcrumb\",\"itemListElement\":[{\"@type\":\"ListItem\",\"position\":1,\"name\":\"Accueil\",\"item\":\"https:\\\/\\\/repliquemangacine.fr\\\/\"},{\"@type\":\"ListItem\",\"position\":2,\"name\":\"Produits\",\"item\":\"https:\\\/\\\/repliquemangacine.fr\\\/boutique\\\/\"},{\"@type\":\"ListItem\",\"position\":3,\"name\":\"Cadre de pr\u00e9sentation pour Colt 5.5\"}]},{\"@type\":\"WebSite\",\"@id\":\"https:\\\/\\\/repliquemangacine.fr\\\/#website\",\"url\":\"https:\\\/\\\/repliquemangacine.fr\\\/\",\"name\":\"R\u00e9plique Manga Cin\u00e9\",\"description\":\"\",\"publisher\":{\"@id\":\"https:\\\/\\\/repliquemangacine.fr\\\/#organization\"},\"potentialAction\":[{\"@type\":\"SearchAction\",\"target\":{\"@type\":\"EntryPoint\",\"urlTemplate\":\"https:\\\/\\\/repliquemangacine.fr\\\/?s={search_term_string}\"},\"query-input\":{\"@type\":\"PropertyValueSpecification\",\"valueRequired\":true,\"valueName\":\"search_term_string\"}}],\"inLanguage\":\"en-US\"},{\"@type\":\"Organization\",\"@id\":\"https:\\\/\\\/repliquemangacine.fr\\\/#organization\",\"name\":\"R\u00e9plique Manga Cin\u00e9\",\"url\":\"https:\\\/\\\/repliquemangacine.fr\\\/\",\"logo\":{\"@type\":\"ImageObject\",\"inLanguage\":\"en-US\",\"@id\":\"https:\\\/\\\/repliquemangacine.fr\\\/#\\\/schema\\\/logo\\\/image\\\/\",\"url\":\"https:\\\/\\\/repliquemangacine.fr\\\/wp-content\\\/uploads\\\/2023\\\/10\\\/RMC-500250.png\",\"contentUrl\":\"https:\\\/\\\/repliquemangacine.fr\\\/wp-content\\\/uploads\\\/2023\\\/10\\\/RMC-500250.png\",\"width\":500,\"height\":250,\"caption\":\"R\u00e9plique Manga Cin\u00e9\"},\"image\":{\"@id\":\"https:\\\/\\\/repliquemangacine.fr\\\/#\\\/schema\\\/logo\\\/image\\\/\"},\"sameAs\":[\"https:\\\/\\\/www.facebook.com\\\/RepliqueMangaCine\",\"https:\\\/\\\/www.instagram.com\\\/repliquemangacine.fr\\\/\"]}]}<\/script>\n<!-- \/ Yoast SEO plugin. -->","yoast_head_json":{"title":"Presentation frame for Colt 5.5 - Kolser | R\u00e9plique Manga Cin\u00e9","description":"Wooden Colt display frame with green velvet background and gold plate. Ideal for collectors and Western decor.","robots":{"index":"index","follow":"follow","max-snippet":"max-snippet:-1","max-image-preview":"max-image-preview:large","max-video-preview":"max-video-preview:-1"},"canonical":"https:\/\/repliquemangacine.fr\/en\/western-replica-guns\/presentation-frame-for-colt\/","og_locale":"en_US","og_type":"article","og_title":"Cadre de pr\u00e9sentation pour Colt 5.5 - Kolser | R\u00e9plique Manga Cin\u00e9","og_description":"Cadre de pr\u00e9sentation pour Colt en bois avec fond velours vert et plaque dor\u00e9e. Id\u00e9al pour collectionneurs et d\u00e9co Western.","og_url":"https:\/\/repliquemangacine.fr\/en\/western-replica-guns\/presentation-frame-for-colt\/","og_site_name":"R\u00e9plique Manga Cin\u00e9","article_publisher":"https:\/\/www.facebook.com\/RepliqueMangaCine","article_modified_time":"2026-02-19T09:17:03+00:00","og_image":[{"width":700,"height":500,"url":"https:\/\/repliquemangacine.fr\/wp-content\/uploads\/2025\/07\/Cadre-de-presentation-pour-colt-1065.jpg","type":"image\/jpeg"}],"twitter_card":"summary_large_image","twitter_misc":{"Est. reading time":"3 minutes"},"schema":{"@context":"https:\/\/schema.org","@graph":[{"@type":"WebPage","@id":"https:\/\/repliquemangacine.fr\/western-repliques-armes\/cadre-de-presentation-pour-colt\/","url":"https:\/\/repliquemangacine.fr\/western-repliques-armes\/cadre-de-presentation-pour-colt\/","name":"Presentation frame for Colt 5.5 - Kolser | R\u00e9plique Manga Cin\u00e9","isPartOf":{"@id":"https:\/\/repliquemangacine.fr\/#website"},"primaryImageOfPage":{"@id":"https:\/\/repliquemangacine.fr\/western-repliques-armes\/cadre-de-presentation-pour-colt\/#primaryimage"},"image":{"@id":"https:\/\/repliquemangacine.fr\/western-repliques-armes\/cadre-de-presentation-pour-colt\/#primaryimage"},"thumbnailUrl":"https:\/\/repliquemangacine.fr\/wp-content\/uploads\/2025\/07\/Cadre-de-presentation-pour-colt-1065.jpg","datePublished":"2025-07-23T13:59:11+00:00","dateModified":"2026-02-19T09:17:03+00:00","description":"Wooden Colt display frame with green velvet background and gold plate. Ideal for collectors and Western decor.","breadcrumb":{"@id":"https:\/\/repliquemangacine.fr\/western-repliques-armes\/cadre-de-presentation-pour-colt\/#breadcrumb"},"inLanguage":"en-US","potentialAction":[{"@type":"ReadAction","target":["https:\/\/repliquemangacine.fr\/western-repliques-armes\/cadre-de-presentation-pour-colt\/"]}]},{"@type":"ImageObject","inLanguage":"en-US","@id":"https:\/\/repliquemangacine.fr\/western-repliques-armes\/cadre-de-presentation-pour-colt\/#primaryimage","url":"https:\/\/repliquemangacine.fr\/wp-content\/uploads\/2025\/07\/Cadre-de-presentation-pour-colt-1065.jpg","contentUrl":"https:\/\/repliquemangacine.fr\/wp-content\/uploads\/2025\/07\/Cadre-de-presentation-pour-colt-1065.jpg","width":700,"height":500,"caption":"Cadre-de-pr\u00e9sentation-pour-colt-1065"},{"@type":"BreadcrumbList","@id":"https:\/\/repliquemangacine.fr\/western-repliques-armes\/cadre-de-presentation-pour-colt\/#breadcrumb","itemListElement":[{"@type":"ListItem","position":1,"name":"Accueil","item":"https:\/\/repliquemangacine.fr\/"},{"@type":"ListItem","position":2,"name":"Produits","item":"https:\/\/repliquemangacine.fr\/boutique\/"},{"@type":"ListItem","position":3,"name":"Cadre de pr\u00e9sentation pour Colt 5.5"}]},{"@type":"WebSite","@id":"https:\/\/repliquemangacine.fr\/#website","url":"https:\/\/repliquemangacine.fr\/","name":"R\u00e9plique Manga Cin\u00e9","description":"","publisher":{"@id":"https:\/\/repliquemangacine.fr\/#organization"},"potentialAction":[{"@type":"SearchAction","target":{"@type":"EntryPoint","urlTemplate":"https:\/\/repliquemangacine.fr\/?s={search_term_string}"},"query-input":{"@type":"PropertyValueSpecification","valueRequired":true,"valueName":"search_term_string"}}],"inLanguage":"en-US"},{"@type":"Organization","@id":"https:\/\/repliquemangacine.fr\/#organization","name":"R\u00e9plique Manga Cin\u00e9","url":"https:\/\/repliquemangacine.fr\/","logo":{"@type":"ImageObject","inLanguage":"en-US","@id":"https:\/\/repliquemangacine.fr\/#\/schema\/logo\/image\/","url":"https:\/\/repliquemangacine.fr\/wp-content\/uploads\/2023\/10\/RMC-500250.png","contentUrl":"https:\/\/repliquemangacine.fr\/wp-content\/uploads\/2023\/10\/RMC-500250.png","width":500,"height":250,"caption":"R\u00e9plique Manga Cin\u00e9"},"image":{"@id":"https:\/\/repliquemangacine.fr\/#\/schema\/logo\/image\/"},"sameAs":["https:\/\/www.facebook.com\/RepliqueMangaCine","https:\/\/www.instagram.com\/repliquemangacine.fr\/"]}]}},"_links":{"self":[{"href":"https:\/\/repliquemangacine.fr\/en\/wp-json\/wp\/v2\/product\/86664","targetHints":{"allow":["GET"]}}],"collection":[{"href":"https:\/\/repliquemangacine.fr\/en\/wp-json\/wp\/v2\/product"}],"about":[{"href":"https:\/\/repliquemangacine.fr\/en\/wp-json\/wp\/v2\/types\/product"}],"wp:featuredmedia":[{"embeddable":true,"href":"https:\/\/repliquemangacine.fr\/en\/wp-json\/wp\/v2\/media\/86674"}],"wp:attachment":[{"href":"https:\/\/repliquemangacine.fr\/en\/wp-json\/wp\/v2\/media?parent=86664"}],"wp:term":[{"taxonomy":"product_brand","embeddable":true,"href":"https:\/\/repliquemangacine.fr\/en\/wp-json\/wp\/v2\/product_brand?post=86664"},{"taxonomy":"product_cat","embeddable":true,"href":"https:\/\/repliquemangacine.fr\/en\/wp-json\/wp\/v2\/product_cat?post=86664"},{"taxonomy":"product_tag","embeddable":true,"href":"https:\/\/repliquemangacine.fr\/en\/wp-json\/wp\/v2\/product_tag?post=86664"}],"curies":[{"name":"wp","href":"https:\/\/api.w.org\/{rel}","templated":true}]}}