





{"id":86655,"date":"2025-07-23T13:56:38","date_gmt":"2025-07-23T11:56:38","guid":{"rendered":"https:\/\/repliquemangacine.fr\/?post_type=product&#038;p=86655"},"modified":"2025-11-12T23:54:08","modified_gmt":"2025-11-12T22:54:08","slug":"red-templar-knife","status":"publish","type":"product","link":"https:\/\/repliquemangacine.fr\/en\/coutellerie\/couteau-templier-rouge\/","title":{"rendered":"Red Templar knife"},"content":{"rendered":"<h2>A red Templar knife with a powerful, detailed design<\/h2>\n<p>Let's start by taking a look at this red Templar knife with its slim, elegant and perfectly symmetrical black stainless steel blade.<br \/>\nThe brushed red and silver metal handle proudly displays a <a href=\"https:\/\/fr.wikipedia.org\/wiki\/Ordre_du_Temple\" target=\"_blank\" rel=\"noopener noreferrer\">templar cross<\/a> symbol of faith and power.<br \/>\nEach end of the handle is sculpted with stylized crosses, recalling the sacred iconography of medieval Knights Templar.<br \/>\nIts compact size and integrated belt clip make it easy and safe to carry in all circumstances.<br \/>\nThe secure locking system guarantees practical, smooth and reliable use in everyday life or in your collection.<br \/>\nInspired by the Crusader knights, he embodies the bravery, loyalty and strength of the sacred orders of the Middle Ages.<br \/>\nFinally, whether you're a passionate collector or a lover of medieval objects, this model will find a place of choice.<br \/>\nIts robust design, impeccable finish and iconic style make it a must-have for all fans.<\/p>\n<h2>A knife with character, a symbol of strength and commitment<\/h2>\n<p>What's more, this red Templar knife is more than just an accessory: it's a veritable demonstration of your passion for history.<br \/>\nIts Templar crosses evoke the battles, crusades and determination of the greatest holy warriors of medieval times.<br \/>\nThe color red symbolizes blood shed for justice, honor and loyalty, the core values of this legendary order.<br \/>\nIts ergonomic grip and fluid opening make it as practical as it is attractive for everyday use.<br \/>\nIt's a knife that leaves no one indifferent, perfect as a gift or to complete a unique and memorable collection.<br \/>\nAs decoration, cosplay or centerpiece of a showcase, it asserts your passion with strength and elegance.<br \/>\nMuch more than an object, it's a story in its own right, engraved in metal.<\/p>\n<h2>Repliquemangacine: your destination for cult replicas<\/h2>\n<p>On <strong>Repliquemangacine<\/strong>With a wide selection of replicas from your favorite universes: <a href=\"https:\/\/repliquemangacine.fr\/en\/replicas-manga-video-games\/\" target=\"_blank\" rel=\"noopener noreferrer\">manga, cinema, video games<\/a> and History.<br \/>\nFirst of all, we offer luminous katanas inspired by One Piece, Demon Slayer, Zelda, Naruto and Sword Art Online.<br \/>\nFor movies and TV series, discover our replicas of swords, sabers and cult items from Harry Potter, Lord of the Rings and Game of Thrones.<br \/>\nHistory buffs will appreciate our antique swords, medieval swords, pirate swords and weapons from the two world wars. <a href=\"https:\/\/repliquemangacine.fr\/en\/accessory-weapons-world-war\/\" target=\"_blank\" rel=\"noopener noreferrer\">world wars.<\/a><br \/>\nDo you love the Wild West? You'll love our faithfully reproduced colts, winchesters and sheriff's stars.<br \/>\nAdd our collectible goodies, figurines and key rings to complete your universe.<br \/>\nIn a nutshell,<strong> Repliquemangacine<\/strong>is the one-stop store for fans of legendary weapons and mythical heroes!<\/p>\n<p><strong>\u26a0\ufe0f Sale forbidden to minors. A verification of identity may be required after ordering in order to confirm the buyer's majority.<\/strong><\/p>","protected":false},"excerpt":{"rendered":"<p><strong>Technical specifications :<\/strong><\/p>\n<ul>\n<li>Blade: Black stainless steel, with decorative central double cutting edge<\/li>\n<li>Handle: Brushed red and silver metal alloy, with embossed Templar cross<\/li>\n<li>System: Manual opening with flipper (spring-assist knife type or semi-automatic)<\/li>\n<li>Belt clip: Yes, for quick and easy wearing<\/li>\n<li>Closure: Safety liner lock<\/li>\n<li>Total length (open) : Approx. 20 cm<\/li>\n<li><\/li>\n<\/ul>","protected":false},"featured_media":86657,"template":"","meta":[],"product_brand":[],"product_cat":[891,884],"product_tag":[],"class_list":{"0":"post-86655","1":"product","2":"type-product","3":"status-publish","4":"has-post-thumbnail","6":"product_cat-couteaux-automatiques","7":"product_cat-coutellerie","9":"first","10":"instock","11":"taxable","12":"shipping-taxable","13":"purchasable","14":"product-type-simple"},"yoast_head":"<!-- This site is optimized with the Yoast SEO plugin v27.4 - https:\/\/yoast.com\/product\/yoast-seo-wordpress\/ -->\n<title>Couteau Templier Rouge - R\u00e9plique Manga Cin\u00e9<\/title>\n<meta name=\"description\" content=\"Ajoutez un couteau de poche stylis\u00e9 Templier rouge \u00e0 votre collection ! Lame noire, croix templi\u00e8res, clip ceinture \u2013 entre histoire et l\u00e9gende !\" \/>\n<meta name=\"robots\" content=\"index, follow, max-snippet:-1, max-image-preview:large, max-video-preview:-1\" \/>\n<link rel=\"canonical\" href=\"https:\/\/repliquemangacine.fr\/en\/cutlery\/red-templar-knife\/\" \/>\n<meta property=\"og:locale\" content=\"en_US\" \/>\n<meta property=\"og:type\" content=\"article\" \/>\n<meta property=\"og:title\" content=\"Couteau Templier Rouge - R\u00e9plique Manga Cin\u00e9\" \/>\n<meta property=\"og:description\" content=\"Ajoutez un couteau de poche stylis\u00e9 Templier rouge \u00e0 votre collection ! Lame noire, croix templi\u00e8res, clip ceinture \u2013 entre histoire et l\u00e9gende !\" \/>\n<meta property=\"og:url\" content=\"https:\/\/repliquemangacine.fr\/en\/cutlery\/red-templar-knife\/\" \/>\n<meta property=\"og:site_name\" content=\"R\u00e9plique Manga Cin\u00e9\" \/>\n<meta property=\"article:publisher\" content=\"https:\/\/www.facebook.com\/RepliqueMangaCine\" \/>\n<meta property=\"article:modified_time\" content=\"2025-11-12T22:54:08+00:00\" \/>\n<meta property=\"og:image\" content=\"https:\/\/repliquemangacine.fr\/wp-content\/uploads\/2025\/07\/Couteau-Templier-rouge.jpg\" \/>\n\t<meta property=\"og:image:width\" content=\"700\" \/>\n\t<meta property=\"og:image:height\" content=\"700\" \/>\n\t<meta property=\"og:image:type\" content=\"image\/jpeg\" \/>\n<meta name=\"twitter:card\" content=\"summary_large_image\" \/>\n<meta name=\"twitter:label1\" content=\"Est. reading time\" \/>\n\t<meta name=\"twitter:data1\" content=\"3 minutes\" \/>\n<script type=\"application\/ld+json\" class=\"yoast-schema-graph\">{\"@context\":\"https:\\\/\\\/schema.org\",\"@graph\":[{\"@type\":\"WebPage\",\"@id\":\"https:\\\/\\\/repliquemangacine.fr\\\/coutellerie\\\/couteau-templier-rouge\\\/\",\"url\":\"https:\\\/\\\/repliquemangacine.fr\\\/coutellerie\\\/couteau-templier-rouge\\\/\",\"name\":\"Couteau Templier Rouge - R\u00e9plique Manga Cin\u00e9\",\"isPartOf\":{\"@id\":\"https:\\\/\\\/repliquemangacine.fr\\\/#website\"},\"primaryImageOfPage\":{\"@id\":\"https:\\\/\\\/repliquemangacine.fr\\\/coutellerie\\\/couteau-templier-rouge\\\/#primaryimage\"},\"image\":{\"@id\":\"https:\\\/\\\/repliquemangacine.fr\\\/coutellerie\\\/couteau-templier-rouge\\\/#primaryimage\"},\"thumbnailUrl\":\"https:\\\/\\\/repliquemangacine.fr\\\/wp-content\\\/uploads\\\/2025\\\/07\\\/Couteau-Templier-rouge.jpg\",\"datePublished\":\"2025-07-23T11:56:38+00:00\",\"dateModified\":\"2025-11-12T22:54:08+00:00\",\"description\":\"Ajoutez un couteau de poche stylis\u00e9 Templier rouge \u00e0 votre collection ! Lame noire, croix templi\u00e8res, clip ceinture \u2013 entre histoire et l\u00e9gende !\",\"breadcrumb\":{\"@id\":\"https:\\\/\\\/repliquemangacine.fr\\\/coutellerie\\\/couteau-templier-rouge\\\/#breadcrumb\"},\"inLanguage\":\"en-US\",\"potentialAction\":[{\"@type\":\"ReadAction\",\"target\":[\"https:\\\/\\\/repliquemangacine.fr\\\/coutellerie\\\/couteau-templier-rouge\\\/\"]}]},{\"@type\":\"ImageObject\",\"inLanguage\":\"en-US\",\"@id\":\"https:\\\/\\\/repliquemangacine.fr\\\/coutellerie\\\/couteau-templier-rouge\\\/#primaryimage\",\"url\":\"https:\\\/\\\/repliquemangacine.fr\\\/wp-content\\\/uploads\\\/2025\\\/07\\\/Couteau-Templier-rouge.jpg\",\"contentUrl\":\"https:\\\/\\\/repliquemangacine.fr\\\/wp-content\\\/uploads\\\/2025\\\/07\\\/Couteau-Templier-rouge.jpg\",\"width\":700,\"height\":700,\"caption\":\"Couteau-Templier-rouge\"},{\"@type\":\"BreadcrumbList\",\"@id\":\"https:\\\/\\\/repliquemangacine.fr\\\/coutellerie\\\/couteau-templier-rouge\\\/#breadcrumb\",\"itemListElement\":[{\"@type\":\"ListItem\",\"position\":1,\"name\":\"Accueil\",\"item\":\"https:\\\/\\\/repliquemangacine.fr\\\/\"},{\"@type\":\"ListItem\",\"position\":2,\"name\":\"Produits\",\"item\":\"https:\\\/\\\/repliquemangacine.fr\\\/boutique\\\/\"},{\"@type\":\"ListItem\",\"position\":3,\"name\":\"Couteau Templier Rouge\"}]},{\"@type\":\"WebSite\",\"@id\":\"https:\\\/\\\/repliquemangacine.fr\\\/#website\",\"url\":\"https:\\\/\\\/repliquemangacine.fr\\\/\",\"name\":\"R\u00e9plique Manga Cin\u00e9\",\"description\":\"\",\"publisher\":{\"@id\":\"https:\\\/\\\/repliquemangacine.fr\\\/#organization\"},\"potentialAction\":[{\"@type\":\"SearchAction\",\"target\":{\"@type\":\"EntryPoint\",\"urlTemplate\":\"https:\\\/\\\/repliquemangacine.fr\\\/?s={search_term_string}\"},\"query-input\":{\"@type\":\"PropertyValueSpecification\",\"valueRequired\":true,\"valueName\":\"search_term_string\"}}],\"inLanguage\":\"en-US\"},{\"@type\":\"Organization\",\"@id\":\"https:\\\/\\\/repliquemangacine.fr\\\/#organization\",\"name\":\"R\u00e9plique Manga Cin\u00e9\",\"url\":\"https:\\\/\\\/repliquemangacine.fr\\\/\",\"logo\":{\"@type\":\"ImageObject\",\"inLanguage\":\"en-US\",\"@id\":\"https:\\\/\\\/repliquemangacine.fr\\\/#\\\/schema\\\/logo\\\/image\\\/\",\"url\":\"https:\\\/\\\/repliquemangacine.fr\\\/wp-content\\\/uploads\\\/2023\\\/10\\\/RMC-500250.png\",\"contentUrl\":\"https:\\\/\\\/repliquemangacine.fr\\\/wp-content\\\/uploads\\\/2023\\\/10\\\/RMC-500250.png\",\"width\":500,\"height\":250,\"caption\":\"R\u00e9plique Manga Cin\u00e9\"},\"image\":{\"@id\":\"https:\\\/\\\/repliquemangacine.fr\\\/#\\\/schema\\\/logo\\\/image\\\/\"},\"sameAs\":[\"https:\\\/\\\/www.facebook.com\\\/RepliqueMangaCine\",\"https:\\\/\\\/www.instagram.com\\\/repliquemangacine.fr\\\/\"]}]}<\/script>\n<!-- \/ Yoast SEO plugin. -->","yoast_head_json":{"title":"Red Templar Knife - R\u00e9plique Manga Cin\u00e9","description":"Add a stylized red Templar pocket knife to your collection! Black blade, Templar crosses, belt clip - between history and legend!","robots":{"index":"index","follow":"follow","max-snippet":"max-snippet:-1","max-image-preview":"max-image-preview:large","max-video-preview":"max-video-preview:-1"},"canonical":"https:\/\/repliquemangacine.fr\/en\/cutlery\/red-templar-knife\/","og_locale":"en_US","og_type":"article","og_title":"Couteau Templier Rouge - R\u00e9plique Manga Cin\u00e9","og_description":"Ajoutez un couteau de poche stylis\u00e9 Templier rouge \u00e0 votre collection ! Lame noire, croix templi\u00e8res, clip ceinture \u2013 entre histoire et l\u00e9gende !","og_url":"https:\/\/repliquemangacine.fr\/en\/cutlery\/red-templar-knife\/","og_site_name":"R\u00e9plique Manga Cin\u00e9","article_publisher":"https:\/\/www.facebook.com\/RepliqueMangaCine","article_modified_time":"2025-11-12T22:54:08+00:00","og_image":[{"width":700,"height":700,"url":"https:\/\/repliquemangacine.fr\/wp-content\/uploads\/2025\/07\/Couteau-Templier-rouge.jpg","type":"image\/jpeg"}],"twitter_card":"summary_large_image","twitter_misc":{"Est. reading time":"3 minutes"},"schema":{"@context":"https:\/\/schema.org","@graph":[{"@type":"WebPage","@id":"https:\/\/repliquemangacine.fr\/coutellerie\/couteau-templier-rouge\/","url":"https:\/\/repliquemangacine.fr\/coutellerie\/couteau-templier-rouge\/","name":"Red Templar Knife - R\u00e9plique Manga Cin\u00e9","isPartOf":{"@id":"https:\/\/repliquemangacine.fr\/#website"},"primaryImageOfPage":{"@id":"https:\/\/repliquemangacine.fr\/coutellerie\/couteau-templier-rouge\/#primaryimage"},"image":{"@id":"https:\/\/repliquemangacine.fr\/coutellerie\/couteau-templier-rouge\/#primaryimage"},"thumbnailUrl":"https:\/\/repliquemangacine.fr\/wp-content\/uploads\/2025\/07\/Couteau-Templier-rouge.jpg","datePublished":"2025-07-23T11:56:38+00:00","dateModified":"2025-11-12T22:54:08+00:00","description":"Add a stylized red Templar pocket knife to your collection! Black blade, Templar crosses, belt clip - between history and legend!","breadcrumb":{"@id":"https:\/\/repliquemangacine.fr\/coutellerie\/couteau-templier-rouge\/#breadcrumb"},"inLanguage":"en-US","potentialAction":[{"@type":"ReadAction","target":["https:\/\/repliquemangacine.fr\/coutellerie\/couteau-templier-rouge\/"]}]},{"@type":"ImageObject","inLanguage":"en-US","@id":"https:\/\/repliquemangacine.fr\/coutellerie\/couteau-templier-rouge\/#primaryimage","url":"https:\/\/repliquemangacine.fr\/wp-content\/uploads\/2025\/07\/Couteau-Templier-rouge.jpg","contentUrl":"https:\/\/repliquemangacine.fr\/wp-content\/uploads\/2025\/07\/Couteau-Templier-rouge.jpg","width":700,"height":700,"caption":"Couteau-Templier-rouge"},{"@type":"BreadcrumbList","@id":"https:\/\/repliquemangacine.fr\/coutellerie\/couteau-templier-rouge\/#breadcrumb","itemListElement":[{"@type":"ListItem","position":1,"name":"Accueil","item":"https:\/\/repliquemangacine.fr\/"},{"@type":"ListItem","position":2,"name":"Produits","item":"https:\/\/repliquemangacine.fr\/boutique\/"},{"@type":"ListItem","position":3,"name":"Couteau Templier Rouge"}]},{"@type":"WebSite","@id":"https:\/\/repliquemangacine.fr\/#website","url":"https:\/\/repliquemangacine.fr\/","name":"R\u00e9plique Manga Cin\u00e9","description":"","publisher":{"@id":"https:\/\/repliquemangacine.fr\/#organization"},"potentialAction":[{"@type":"SearchAction","target":{"@type":"EntryPoint","urlTemplate":"https:\/\/repliquemangacine.fr\/?s={search_term_string}"},"query-input":{"@type":"PropertyValueSpecification","valueRequired":true,"valueName":"search_term_string"}}],"inLanguage":"en-US"},{"@type":"Organization","@id":"https:\/\/repliquemangacine.fr\/#organization","name":"R\u00e9plique Manga Cin\u00e9","url":"https:\/\/repliquemangacine.fr\/","logo":{"@type":"ImageObject","inLanguage":"en-US","@id":"https:\/\/repliquemangacine.fr\/#\/schema\/logo\/image\/","url":"https:\/\/repliquemangacine.fr\/wp-content\/uploads\/2023\/10\/RMC-500250.png","contentUrl":"https:\/\/repliquemangacine.fr\/wp-content\/uploads\/2023\/10\/RMC-500250.png","width":500,"height":250,"caption":"R\u00e9plique Manga Cin\u00e9"},"image":{"@id":"https:\/\/repliquemangacine.fr\/#\/schema\/logo\/image\/"},"sameAs":["https:\/\/www.facebook.com\/RepliqueMangaCine","https:\/\/www.instagram.com\/repliquemangacine.fr\/"]}]}},"_links":{"self":[{"href":"https:\/\/repliquemangacine.fr\/en\/wp-json\/wp\/v2\/product\/86655","targetHints":{"allow":["GET"]}}],"collection":[{"href":"https:\/\/repliquemangacine.fr\/en\/wp-json\/wp\/v2\/product"}],"about":[{"href":"https:\/\/repliquemangacine.fr\/en\/wp-json\/wp\/v2\/types\/product"}],"wp:featuredmedia":[{"embeddable":true,"href":"https:\/\/repliquemangacine.fr\/en\/wp-json\/wp\/v2\/media\/86657"}],"wp:attachment":[{"href":"https:\/\/repliquemangacine.fr\/en\/wp-json\/wp\/v2\/media?parent=86655"}],"wp:term":[{"taxonomy":"product_brand","embeddable":true,"href":"https:\/\/repliquemangacine.fr\/en\/wp-json\/wp\/v2\/product_brand?post=86655"},{"taxonomy":"product_cat","embeddable":true,"href":"https:\/\/repliquemangacine.fr\/en\/wp-json\/wp\/v2\/product_cat?post=86655"},{"taxonomy":"product_tag","embeddable":true,"href":"https:\/\/repliquemangacine.fr\/en\/wp-json\/wp\/v2\/product_tag?post=86655"}],"curies":[{"name":"wp","href":"https:\/\/api.w.org\/{rel}","templated":true}]}}