





{"id":86609,"date":"2025-07-21T16:00:05","date_gmt":"2025-07-21T14:00:05","guid":{"rendered":"https:\/\/repliquemangacine.fr\/?post_type=product&#038;p=86609"},"modified":"2026-04-04T04:49:47","modified_gmt":"2026-04-04T02:49:47","slug":"blue-templar-knife","status":"publish","type":"product","link":"https:\/\/repliquemangacine.fr\/en\/coutellerie\/couteau-templier-bleu\/","title":{"rendered":"Blue Templar Knife"},"content":{"rendered":"<h2>A Blue Templar Knife: sacred design and fearsome blade<\/h2>\n<p>Let's start by examining this Blue Templar Folding Knife, which proudly echoes the codes of the legendary Knights Templar, a symbol of power and sacred protection. Semi-automatic spring-loaded opening.<br \/>\nFirstly, its black blade in <a href=\"https:\/\/fr.china-stainless-steels.com\/stainless-steel-plate\/400-series-stainless.html\" target=\"_blank\" rel=\"noopener noreferrer\">440 stainless steel<\/a>, It combines robustness, precise cutting edge, and imposing appearance.<br \/>\nSecondly, the blue and silver handle features an engraved cross, accentuating its chivalrous and mystical style.<br \/>\nIn addition, the metallic finishes give a modern and stylish look that appeals to history and fantasy enthusiasts.<br \/>\nIts quick-release system ensures smooth, efficient, and secure handling on a daily basis.<br \/>\nThe integrated belt clip allows for convenient carrying, either on the waist or in a tactical pocket.<br \/>\nThis knife perfectly combines medieval design with modern features, making it the ideal choice for discerning enthusiasts.<br \/>\nThus, every detail evokes the world of the Crusades with a confident contemporary touch.<\/p>\n<h2>A unique knife with a symbolic style and strong aesthetic value<\/h2>\n<p>This Templar knife immediately stands out for its chivalrous appearance, combining sacred symbolism with a precisely crafted fantasy design.<br \/>\nUnlike traditional models, it evokes a bygone era while fitting in with current Gothic style trends.<br \/>\nIts embossed Templar crosses recall the faith and courage of the ancient warrior orders, while decorating the structure.<br \/>\nThus, it becomes much more than a tool: it is a true artifact steeped in meaning and history.<br \/>\nThe contrast between electric blue and brushed steel reinforces its aura of prestige and power.<br \/>\nIt is a piece that challenges, intrigues, and instantly arouses admiration among enthusiasts.<br \/>\nTo give or own this knife is to assert a definite taste for the exceptional.<br \/>\nIt combines aesthetics, character, and symbolism in a single object.<\/p>\n<h2>Repliquemangacine: your world of weapons and collectibles just a click away<\/h2>\n<p>On our website<strong> Repliquemangacine<\/strong>, Discover hundreds of replica weapons inspired by movies, manga, video games, and historical universes.<br \/>\nIn addition to this Templar knife, explore our One Piece, Demon Slayer, and Bleach katanas, as well as our Zelda and The Witcher swords.<br \/>\nYou will also find iconic pieces such as <a href=\"https:\/\/repliquemangacine.fr\/en\/antique-sword-swords\/maximus-sword-in-gladiator\/\" target=\"_blank\" rel=\"noopener noreferrer\">Maximus' sword<\/a>, the swords from Assassin's Creed, or pirate swords.<br \/>\nFantasy fans will love our replicas from The Lord of the Rings, Game of Thrones, and <a href=\"https:\/\/repliquemangacine.fr\/en\/house-of-the-dragon\/\" target=\"_blank\" rel=\"noopener noreferrer\">House of the Dragon<\/a>.<br \/>\nWe also offer Western weapons such as Colts, Winchesters, holsters, and authentic sheriff's stars.<br \/>\nEach product is selected for its quality, its fidelity to the original work, and its collectible potential.<br \/>\nThanks to <strong>Repliquemangacine<\/strong>, you'll find everything you need to live your passion to the fullest.<br \/>\nWhat's more, our detailed descriptions help you choose the perfect item.<br \/>\nWant to stand out? <strong>Repliquemangacine<\/strong> is your best ally.<\/p>\n<p>\u26a0\ufe0f <strong data-start=\"86\" data-end=\"225\">Sale forbidden to minors. A verification of identity may be required after ordering in order to confirm the buyer's majority.<\/strong><\/p>","protected":false},"excerpt":{"rendered":"<p>Blue Templar Knife, 440 Stainless Steel Black Blade, Belt Clip, Medieval Style<\/p>\n<p><strong>Features :<\/strong><\/p>\n<ul>\n<li>Black 440 stainless steel blade - sharp and durable<\/li>\n<li>Blue and silver metal handle - integrated Templar cross<\/li>\n<li>Semi-automatic spring-loaded opening<\/li>\n<li>Belt clip for discreet, practical carrying<\/li>\n<li>Total length: approx. 21 cm (open)<\/li>\n<\/ul>","protected":false},"featured_media":86612,"template":"","meta":[],"product_brand":[],"product_cat":[891,886,884],"product_tag":[],"class_list":{"0":"post-86609","1":"product","2":"type-product","3":"status-publish","4":"has-post-thumbnail","6":"product_cat-couteaux-automatiques","7":"product_cat-couteaux-de-poche","8":"product_cat-coutellerie","10":"first","11":"instock","12":"taxable","13":"shipping-taxable","14":"purchasable","15":"product-type-simple"},"yoast_head":"<!-- This site is optimized with the Yoast SEO plugin v27.4 - https:\/\/yoast.com\/product\/yoast-seo-wordpress\/ -->\n<title>Couteau Templier Bleu - R\u00e9plique Manga Cin\u00e9<\/title>\n<meta name=\"description\" content=\"Couteau Templier bleu pliant avec lame noire en acier inoxydable. Design m\u00e9di\u00e9val, croix sacr\u00e9e, clip ceinture. Id\u00e9al collection.\" \/>\n<meta name=\"robots\" content=\"index, follow, max-snippet:-1, max-image-preview:large, max-video-preview:-1\" \/>\n<link rel=\"canonical\" href=\"https:\/\/repliquemangacine.fr\/en\/cutlery\/blue-templar-knife\/\" \/>\n<meta property=\"og:locale\" content=\"en_US\" \/>\n<meta property=\"og:type\" content=\"article\" \/>\n<meta property=\"og:title\" content=\"Couteau Templier Bleu - R\u00e9plique Manga Cin\u00e9\" \/>\n<meta property=\"og:description\" content=\"Couteau Templier bleu pliant avec lame noire en acier inoxydable. Design m\u00e9di\u00e9val, croix sacr\u00e9e, clip ceinture. Id\u00e9al collection.\" \/>\n<meta property=\"og:url\" content=\"https:\/\/repliquemangacine.fr\/en\/cutlery\/blue-templar-knife\/\" \/>\n<meta property=\"og:site_name\" content=\"R\u00e9plique Manga Cin\u00e9\" \/>\n<meta property=\"article:publisher\" content=\"https:\/\/www.facebook.com\/RepliqueMangaCine\" \/>\n<meta property=\"article:modified_time\" content=\"2026-04-04T02:49:47+00:00\" \/>\n<meta property=\"og:image\" content=\"https:\/\/repliquemangacine.fr\/wp-content\/uploads\/2025\/07\/Couteau-Templier-Bleu-ouvert.jpg\" \/>\n\t<meta property=\"og:image:width\" content=\"700\" \/>\n\t<meta property=\"og:image:height\" content=\"700\" \/>\n\t<meta property=\"og:image:type\" content=\"image\/jpeg\" \/>\n<meta name=\"twitter:card\" content=\"summary_large_image\" \/>\n<meta name=\"twitter:label1\" content=\"Est. reading time\" \/>\n\t<meta name=\"twitter:data1\" content=\"3 minutes\" \/>\n<script type=\"application\/ld+json\" class=\"yoast-schema-graph\">{\"@context\":\"https:\\\/\\\/schema.org\",\"@graph\":[{\"@type\":\"WebPage\",\"@id\":\"https:\\\/\\\/repliquemangacine.fr\\\/coutellerie\\\/couteau-templier-bleu\\\/\",\"url\":\"https:\\\/\\\/repliquemangacine.fr\\\/coutellerie\\\/couteau-templier-bleu\\\/\",\"name\":\"Couteau Templier Bleu - R\u00e9plique Manga Cin\u00e9\",\"isPartOf\":{\"@id\":\"https:\\\/\\\/repliquemangacine.fr\\\/#website\"},\"primaryImageOfPage\":{\"@id\":\"https:\\\/\\\/repliquemangacine.fr\\\/coutellerie\\\/couteau-templier-bleu\\\/#primaryimage\"},\"image\":{\"@id\":\"https:\\\/\\\/repliquemangacine.fr\\\/coutellerie\\\/couteau-templier-bleu\\\/#primaryimage\"},\"thumbnailUrl\":\"https:\\\/\\\/repliquemangacine.fr\\\/wp-content\\\/uploads\\\/2025\\\/07\\\/Couteau-Templier-Bleu-ouvert.jpg\",\"datePublished\":\"2025-07-21T14:00:05+00:00\",\"dateModified\":\"2026-04-04T02:49:47+00:00\",\"description\":\"Couteau Templier bleu pliant avec lame noire en acier inoxydable. Design m\u00e9di\u00e9val, croix sacr\u00e9e, clip ceinture. Id\u00e9al collection.\",\"breadcrumb\":{\"@id\":\"https:\\\/\\\/repliquemangacine.fr\\\/coutellerie\\\/couteau-templier-bleu\\\/#breadcrumb\"},\"inLanguage\":\"en-US\",\"potentialAction\":[{\"@type\":\"ReadAction\",\"target\":[\"https:\\\/\\\/repliquemangacine.fr\\\/coutellerie\\\/couteau-templier-bleu\\\/\"]}]},{\"@type\":\"ImageObject\",\"inLanguage\":\"en-US\",\"@id\":\"https:\\\/\\\/repliquemangacine.fr\\\/coutellerie\\\/couteau-templier-bleu\\\/#primaryimage\",\"url\":\"https:\\\/\\\/repliquemangacine.fr\\\/wp-content\\\/uploads\\\/2025\\\/07\\\/Couteau-Templier-Bleu-ouvert.jpg\",\"contentUrl\":\"https:\\\/\\\/repliquemangacine.fr\\\/wp-content\\\/uploads\\\/2025\\\/07\\\/Couteau-Templier-Bleu-ouvert.jpg\",\"width\":700,\"height\":700,\"caption\":\"Couteau-Templier-Bleu-ouvert\"},{\"@type\":\"BreadcrumbList\",\"@id\":\"https:\\\/\\\/repliquemangacine.fr\\\/coutellerie\\\/couteau-templier-bleu\\\/#breadcrumb\",\"itemListElement\":[{\"@type\":\"ListItem\",\"position\":1,\"name\":\"Accueil\",\"item\":\"https:\\\/\\\/repliquemangacine.fr\\\/\"},{\"@type\":\"ListItem\",\"position\":2,\"name\":\"Produits\",\"item\":\"https:\\\/\\\/repliquemangacine.fr\\\/boutique\\\/\"},{\"@type\":\"ListItem\",\"position\":3,\"name\":\"Couteau Templier Bleu\"}]},{\"@type\":\"WebSite\",\"@id\":\"https:\\\/\\\/repliquemangacine.fr\\\/#website\",\"url\":\"https:\\\/\\\/repliquemangacine.fr\\\/\",\"name\":\"R\u00e9plique Manga Cin\u00e9\",\"description\":\"\",\"publisher\":{\"@id\":\"https:\\\/\\\/repliquemangacine.fr\\\/#organization\"},\"potentialAction\":[{\"@type\":\"SearchAction\",\"target\":{\"@type\":\"EntryPoint\",\"urlTemplate\":\"https:\\\/\\\/repliquemangacine.fr\\\/?s={search_term_string}\"},\"query-input\":{\"@type\":\"PropertyValueSpecification\",\"valueRequired\":true,\"valueName\":\"search_term_string\"}}],\"inLanguage\":\"en-US\"},{\"@type\":\"Organization\",\"@id\":\"https:\\\/\\\/repliquemangacine.fr\\\/#organization\",\"name\":\"R\u00e9plique Manga Cin\u00e9\",\"url\":\"https:\\\/\\\/repliquemangacine.fr\\\/\",\"logo\":{\"@type\":\"ImageObject\",\"inLanguage\":\"en-US\",\"@id\":\"https:\\\/\\\/repliquemangacine.fr\\\/#\\\/schema\\\/logo\\\/image\\\/\",\"url\":\"https:\\\/\\\/repliquemangacine.fr\\\/wp-content\\\/uploads\\\/2023\\\/10\\\/RMC-500250.png\",\"contentUrl\":\"https:\\\/\\\/repliquemangacine.fr\\\/wp-content\\\/uploads\\\/2023\\\/10\\\/RMC-500250.png\",\"width\":500,\"height\":250,\"caption\":\"R\u00e9plique Manga Cin\u00e9\"},\"image\":{\"@id\":\"https:\\\/\\\/repliquemangacine.fr\\\/#\\\/schema\\\/logo\\\/image\\\/\"},\"sameAs\":[\"https:\\\/\\\/www.facebook.com\\\/RepliqueMangaCine\",\"https:\\\/\\\/www.instagram.com\\\/repliquemangacine.fr\\\/\"]}]}<\/script>\n<!-- \/ Yoast SEO plugin. -->","yoast_head_json":{"title":"Blue Templar Knife - R\u00e9plique Manga Cin\u00e9","description":"Blue folding Templar knife with black stainless steel blade. Medieval design, sacred cross, belt clip. Ideal for collecting.","robots":{"index":"index","follow":"follow","max-snippet":"max-snippet:-1","max-image-preview":"max-image-preview:large","max-video-preview":"max-video-preview:-1"},"canonical":"https:\/\/repliquemangacine.fr\/en\/cutlery\/blue-templar-knife\/","og_locale":"en_US","og_type":"article","og_title":"Couteau Templier Bleu - R\u00e9plique Manga Cin\u00e9","og_description":"Couteau Templier bleu pliant avec lame noire en acier inoxydable. Design m\u00e9di\u00e9val, croix sacr\u00e9e, clip ceinture. Id\u00e9al collection.","og_url":"https:\/\/repliquemangacine.fr\/en\/cutlery\/blue-templar-knife\/","og_site_name":"R\u00e9plique Manga Cin\u00e9","article_publisher":"https:\/\/www.facebook.com\/RepliqueMangaCine","article_modified_time":"2026-04-04T02:49:47+00:00","og_image":[{"width":700,"height":700,"url":"https:\/\/repliquemangacine.fr\/wp-content\/uploads\/2025\/07\/Couteau-Templier-Bleu-ouvert.jpg","type":"image\/jpeg"}],"twitter_card":"summary_large_image","twitter_misc":{"Est. reading time":"3 minutes"},"schema":{"@context":"https:\/\/schema.org","@graph":[{"@type":"WebPage","@id":"https:\/\/repliquemangacine.fr\/coutellerie\/couteau-templier-bleu\/","url":"https:\/\/repliquemangacine.fr\/coutellerie\/couteau-templier-bleu\/","name":"Blue Templar Knife - R\u00e9plique Manga Cin\u00e9","isPartOf":{"@id":"https:\/\/repliquemangacine.fr\/#website"},"primaryImageOfPage":{"@id":"https:\/\/repliquemangacine.fr\/coutellerie\/couteau-templier-bleu\/#primaryimage"},"image":{"@id":"https:\/\/repliquemangacine.fr\/coutellerie\/couteau-templier-bleu\/#primaryimage"},"thumbnailUrl":"https:\/\/repliquemangacine.fr\/wp-content\/uploads\/2025\/07\/Couteau-Templier-Bleu-ouvert.jpg","datePublished":"2025-07-21T14:00:05+00:00","dateModified":"2026-04-04T02:49:47+00:00","description":"Blue folding Templar knife with black stainless steel blade. Medieval design, sacred cross, belt clip. Ideal for collecting.","breadcrumb":{"@id":"https:\/\/repliquemangacine.fr\/coutellerie\/couteau-templier-bleu\/#breadcrumb"},"inLanguage":"en-US","potentialAction":[{"@type":"ReadAction","target":["https:\/\/repliquemangacine.fr\/coutellerie\/couteau-templier-bleu\/"]}]},{"@type":"ImageObject","inLanguage":"en-US","@id":"https:\/\/repliquemangacine.fr\/coutellerie\/couteau-templier-bleu\/#primaryimage","url":"https:\/\/repliquemangacine.fr\/wp-content\/uploads\/2025\/07\/Couteau-Templier-Bleu-ouvert.jpg","contentUrl":"https:\/\/repliquemangacine.fr\/wp-content\/uploads\/2025\/07\/Couteau-Templier-Bleu-ouvert.jpg","width":700,"height":700,"caption":"Couteau-Templier-Bleu-ouvert"},{"@type":"BreadcrumbList","@id":"https:\/\/repliquemangacine.fr\/coutellerie\/couteau-templier-bleu\/#breadcrumb","itemListElement":[{"@type":"ListItem","position":1,"name":"Accueil","item":"https:\/\/repliquemangacine.fr\/"},{"@type":"ListItem","position":2,"name":"Produits","item":"https:\/\/repliquemangacine.fr\/boutique\/"},{"@type":"ListItem","position":3,"name":"Couteau Templier Bleu"}]},{"@type":"WebSite","@id":"https:\/\/repliquemangacine.fr\/#website","url":"https:\/\/repliquemangacine.fr\/","name":"R\u00e9plique Manga Cin\u00e9","description":"","publisher":{"@id":"https:\/\/repliquemangacine.fr\/#organization"},"potentialAction":[{"@type":"SearchAction","target":{"@type":"EntryPoint","urlTemplate":"https:\/\/repliquemangacine.fr\/?s={search_term_string}"},"query-input":{"@type":"PropertyValueSpecification","valueRequired":true,"valueName":"search_term_string"}}],"inLanguage":"en-US"},{"@type":"Organization","@id":"https:\/\/repliquemangacine.fr\/#organization","name":"R\u00e9plique Manga Cin\u00e9","url":"https:\/\/repliquemangacine.fr\/","logo":{"@type":"ImageObject","inLanguage":"en-US","@id":"https:\/\/repliquemangacine.fr\/#\/schema\/logo\/image\/","url":"https:\/\/repliquemangacine.fr\/wp-content\/uploads\/2023\/10\/RMC-500250.png","contentUrl":"https:\/\/repliquemangacine.fr\/wp-content\/uploads\/2023\/10\/RMC-500250.png","width":500,"height":250,"caption":"R\u00e9plique Manga Cin\u00e9"},"image":{"@id":"https:\/\/repliquemangacine.fr\/#\/schema\/logo\/image\/"},"sameAs":["https:\/\/www.facebook.com\/RepliqueMangaCine","https:\/\/www.instagram.com\/repliquemangacine.fr\/"]}]}},"_links":{"self":[{"href":"https:\/\/repliquemangacine.fr\/en\/wp-json\/wp\/v2\/product\/86609","targetHints":{"allow":["GET"]}}],"collection":[{"href":"https:\/\/repliquemangacine.fr\/en\/wp-json\/wp\/v2\/product"}],"about":[{"href":"https:\/\/repliquemangacine.fr\/en\/wp-json\/wp\/v2\/types\/product"}],"wp:featuredmedia":[{"embeddable":true,"href":"https:\/\/repliquemangacine.fr\/en\/wp-json\/wp\/v2\/media\/86612"}],"wp:attachment":[{"href":"https:\/\/repliquemangacine.fr\/en\/wp-json\/wp\/v2\/media?parent=86609"}],"wp:term":[{"taxonomy":"product_brand","embeddable":true,"href":"https:\/\/repliquemangacine.fr\/en\/wp-json\/wp\/v2\/product_brand?post=86609"},{"taxonomy":"product_cat","embeddable":true,"href":"https:\/\/repliquemangacine.fr\/en\/wp-json\/wp\/v2\/product_cat?post=86609"},{"taxonomy":"product_tag","embeddable":true,"href":"https:\/\/repliquemangacine.fr\/en\/wp-json\/wp\/v2\/product_tag?post=86609"}],"curies":[{"name":"wp","href":"https:\/\/api.w.org\/{rel}","templated":true}]}}