





{"id":86126,"date":"2025-07-08T11:10:00","date_gmt":"2025-07-08T09:10:00","guid":{"rendered":"https:\/\/repliquemangacine.fr\/?post_type=product&#038;p=86126"},"modified":"2025-11-13T00:15:38","modified_gmt":"2025-11-12T23:15:38","slug":"black-folding-knife","status":"publish","type":"product","link":"https:\/\/repliquemangacine.fr\/en\/coutellerie\/couteau-pliant-noir\/","title":{"rendered":"Black folding knife"},"content":{"rendered":"<h2><strong>Black folding knife with a tactical look and impeccable finishes<\/strong><\/h2>\n<p>The black F822 folding knife captivates with its modern design, inspired by contemporary military, urban, and technological worlds.<br \/>\nIts black blade <a href=\"https:\/\/fr.wikipedia.org\/wiki\/Drop-point\">semi-drop point<\/a> is efficient, elegant, and durable, perfect for everyday precision cutting.<br \/>\nThe assisted opening mechanism makes the movement smooth, quick, and intuitive, allowing for controlled action in a fraction of a second.<br \/>\nIts structured handle fits naturally in the palm of your hand, with an ABS handle and a secure grip in all situations.<br \/>\nThe discreet belt clip allows you to keep the knife within easy reach at all times, without hindering movement or transport.<br \/>\nAt the end of the sleeve, a window breaker and belt cutter add a technical and visually striking touch to the overall design.<\/p>\n<h2>A folding knife with a modern design, practical, stylish and ready for action<\/h2>\n<p>The black folding knife immediately stands out for its angular, aggressive and futuristic design, worthy of tactical equipment from a fictional universe.<br class=\"yoast-text-mark\" \/>Its semi-drop-point black blade catches the light, with a striking matte effect that accentuates its visual presence from the moment it's opened.<br class=\"yoast-text-mark\" \/>Firstly, this folding model opens with a fluid gesture thanks to its quick-assist system, perfect for quick and easy everyday use.<br class=\"yoast-text-mark\" \/>Secondly, its textured, non-slip handle naturally conforms to the shape of the hand, for comfortable handling and no slippage.<br class=\"yoast-text-mark\" \/>Finally, the carrying clip allows the knife to be discreetly attached to a belt or equipment strap.<br class=\"yoast-text-mark\" \/>The whole thing exudes solidity, but also modernity, with raw lines reminiscent of the tools used in certain tactical video games.<br \/>\nIn short, it's a must-have for fans of well-designed equipment who want to combine utility, aesthetics, and personality.<\/p>\n<h2>Dozens of lines to discover on R\u00e9pliques Manga Cin\u00e9<\/h2>\n<p>So, on our <strong>Manga Movie Replicas<\/strong>You'll find items inspired by the greatest manga, film and video game licenses.<br class=\"yoast-text-mark\" \/>We offer a wide range of <a href=\"https:\/\/repliquemangacine.fr\/en\/katana-sword\/\">katanas<\/a> sometimes luminous, directly inspired by One Piece, Demon Slayer or Bleach.<br class=\"yoast-text-mark\" \/>You'll also find ultra-accurate replicas of iconic video game swords, such as those from Zelda, Genshin Impact, and The Witcher.<br \/>\nFantasy enthusiasts can discover our iconic swords from the <a href=\"https:\/\/repliquemangacine.fr\/en\/lord-of-the-rings-swords\/\">Lord of the Rings<\/a> or Game of Thrones.<br \/>\nOn the historical side, our collection includes Roman swords, pirate sabers, medieval swords, and weapons from World War II.<br \/>\nFinally, for Western enthusiasts, discover colts, Winchesters, holsters, and accessories typical of the sheriff era.<\/p>\n<p><strong>\u26a0\ufe0f Sale forbidden to minors. A verification of identity may be required after ordering in order to confirm the buyer's majority.<\/strong><\/p>","protected":false},"excerpt":{"rendered":"<p>F822 black folding knife with modern tactical design inspired by military and urban environments.<\/p>\n<ul>\n<li>Semi-drop-point black stainless steel blade with quick-release flipper.<\/li>\n<li>Textured handle for excellent grip, ultra-stylish full black finish.<\/li>\n<li>Integrated glass breaker at the end + discreet belt cutter for an assertive technical look.<\/li>\n<li>Belt clip for practical, discreet, quick-draw carrying.<\/li>\n<li>Length open: 21 cm - Length closed: 12.5 cm - Weight: 112 g<\/li>\n<\/ul>","protected":false},"featured_media":86135,"template":"","meta":[],"product_brand":[],"product_cat":[891,886,892,884],"product_tag":[],"class_list":{"0":"post-86126","1":"product","2":"type-product","3":"status-publish","4":"has-post-thumbnail","6":"product_cat-couteaux-automatiques","7":"product_cat-couteaux-de-poche","8":"product_cat-couteaux-tactical","9":"product_cat-coutellerie","11":"first","12":"instock","13":"taxable","14":"shipping-taxable","15":"purchasable","16":"product-type-simple"},"yoast_head":"<!-- This site is optimized with the Yoast SEO plugin v27.4 - https:\/\/yoast.com\/product\/yoast-seo-wordpress\/ -->\n<title>Couteau pliant noir - R\u00e9plique Manga Cin\u00e9<\/title>\n<meta name=\"description\" content=\"Couteau pliant noir F822 au design tactique. Lame noire, clip ceinture, brise-vitre. Pratique, styl\u00e9 et pr\u00eat \u00e0 l\u2019action. Livraison rapide.\" \/>\n<meta name=\"robots\" content=\"index, follow, max-snippet:-1, max-image-preview:large, max-video-preview:-1\" \/>\n<link rel=\"canonical\" href=\"https:\/\/repliquemangacine.fr\/en\/cutlery\/black-folding-knife\/\" \/>\n<meta property=\"og:locale\" content=\"en_US\" \/>\n<meta property=\"og:type\" content=\"article\" \/>\n<meta property=\"og:title\" content=\"Couteau pliant noir - R\u00e9plique Manga Cin\u00e9\" \/>\n<meta property=\"og:description\" content=\"Couteau pliant noir F822 au design tactique. Lame noire, clip ceinture, brise-vitre. Pratique, styl\u00e9 et pr\u00eat \u00e0 l\u2019action. Livraison rapide.\" \/>\n<meta property=\"og:url\" content=\"https:\/\/repliquemangacine.fr\/en\/cutlery\/black-folding-knife\/\" \/>\n<meta property=\"og:site_name\" content=\"R\u00e9plique Manga Cin\u00e9\" \/>\n<meta property=\"article:publisher\" content=\"https:\/\/www.facebook.com\/RepliqueMangaCine\" \/>\n<meta property=\"article:modified_time\" content=\"2025-11-12T23:15:38+00:00\" \/>\n<meta property=\"og:image\" content=\"https:\/\/repliquemangacine.fr\/wp-content\/uploads\/2025\/07\/Couteau-F822.jpg\" \/>\n\t<meta property=\"og:image:width\" content=\"700\" \/>\n\t<meta property=\"og:image:height\" content=\"700\" \/>\n\t<meta property=\"og:image:type\" content=\"image\/jpeg\" \/>\n<meta name=\"twitter:card\" content=\"summary_large_image\" \/>\n<meta name=\"twitter:label1\" content=\"Est. reading time\" \/>\n\t<meta name=\"twitter:data1\" content=\"3 minutes\" \/>\n<script type=\"application\/ld+json\" class=\"yoast-schema-graph\">{\"@context\":\"https:\\\/\\\/schema.org\",\"@graph\":[{\"@type\":\"WebPage\",\"@id\":\"https:\\\/\\\/repliquemangacine.fr\\\/coutellerie\\\/couteau-pliant-noir\\\/\",\"url\":\"https:\\\/\\\/repliquemangacine.fr\\\/coutellerie\\\/couteau-pliant-noir\\\/\",\"name\":\"Couteau pliant noir - R\u00e9plique Manga Cin\u00e9\",\"isPartOf\":{\"@id\":\"https:\\\/\\\/repliquemangacine.fr\\\/#website\"},\"primaryImageOfPage\":{\"@id\":\"https:\\\/\\\/repliquemangacine.fr\\\/coutellerie\\\/couteau-pliant-noir\\\/#primaryimage\"},\"image\":{\"@id\":\"https:\\\/\\\/repliquemangacine.fr\\\/coutellerie\\\/couteau-pliant-noir\\\/#primaryimage\"},\"thumbnailUrl\":\"https:\\\/\\\/repliquemangacine.fr\\\/wp-content\\\/uploads\\\/2025\\\/07\\\/Couteau-F822.jpg\",\"datePublished\":\"2025-07-08T09:10:00+00:00\",\"dateModified\":\"2025-11-12T23:15:38+00:00\",\"description\":\"Couteau pliant noir F822 au design tactique. Lame noire, clip ceinture, brise-vitre. Pratique, styl\u00e9 et pr\u00eat \u00e0 l\u2019action. Livraison rapide.\",\"breadcrumb\":{\"@id\":\"https:\\\/\\\/repliquemangacine.fr\\\/coutellerie\\\/couteau-pliant-noir\\\/#breadcrumb\"},\"inLanguage\":\"en-US\",\"potentialAction\":[{\"@type\":\"ReadAction\",\"target\":[\"https:\\\/\\\/repliquemangacine.fr\\\/coutellerie\\\/couteau-pliant-noir\\\/\"]}]},{\"@type\":\"ImageObject\",\"inLanguage\":\"en-US\",\"@id\":\"https:\\\/\\\/repliquemangacine.fr\\\/coutellerie\\\/couteau-pliant-noir\\\/#primaryimage\",\"url\":\"https:\\\/\\\/repliquemangacine.fr\\\/wp-content\\\/uploads\\\/2025\\\/07\\\/Couteau-F822.jpg\",\"contentUrl\":\"https:\\\/\\\/repliquemangacine.fr\\\/wp-content\\\/uploads\\\/2025\\\/07\\\/Couteau-F822.jpg\",\"width\":700,\"height\":700,\"caption\":\"Couteau pliant noir\"},{\"@type\":\"BreadcrumbList\",\"@id\":\"https:\\\/\\\/repliquemangacine.fr\\\/coutellerie\\\/couteau-pliant-noir\\\/#breadcrumb\",\"itemListElement\":[{\"@type\":\"ListItem\",\"position\":1,\"name\":\"Accueil\",\"item\":\"https:\\\/\\\/repliquemangacine.fr\\\/\"},{\"@type\":\"ListItem\",\"position\":2,\"name\":\"Produits\",\"item\":\"https:\\\/\\\/repliquemangacine.fr\\\/boutique\\\/\"},{\"@type\":\"ListItem\",\"position\":3,\"name\":\"Couteau pliant noir\"}]},{\"@type\":\"WebSite\",\"@id\":\"https:\\\/\\\/repliquemangacine.fr\\\/#website\",\"url\":\"https:\\\/\\\/repliquemangacine.fr\\\/\",\"name\":\"R\u00e9plique Manga Cin\u00e9\",\"description\":\"\",\"publisher\":{\"@id\":\"https:\\\/\\\/repliquemangacine.fr\\\/#organization\"},\"potentialAction\":[{\"@type\":\"SearchAction\",\"target\":{\"@type\":\"EntryPoint\",\"urlTemplate\":\"https:\\\/\\\/repliquemangacine.fr\\\/?s={search_term_string}\"},\"query-input\":{\"@type\":\"PropertyValueSpecification\",\"valueRequired\":true,\"valueName\":\"search_term_string\"}}],\"inLanguage\":\"en-US\"},{\"@type\":\"Organization\",\"@id\":\"https:\\\/\\\/repliquemangacine.fr\\\/#organization\",\"name\":\"R\u00e9plique Manga Cin\u00e9\",\"url\":\"https:\\\/\\\/repliquemangacine.fr\\\/\",\"logo\":{\"@type\":\"ImageObject\",\"inLanguage\":\"en-US\",\"@id\":\"https:\\\/\\\/repliquemangacine.fr\\\/#\\\/schema\\\/logo\\\/image\\\/\",\"url\":\"https:\\\/\\\/repliquemangacine.fr\\\/wp-content\\\/uploads\\\/2023\\\/10\\\/RMC-500250.png\",\"contentUrl\":\"https:\\\/\\\/repliquemangacine.fr\\\/wp-content\\\/uploads\\\/2023\\\/10\\\/RMC-500250.png\",\"width\":500,\"height\":250,\"caption\":\"R\u00e9plique Manga Cin\u00e9\"},\"image\":{\"@id\":\"https:\\\/\\\/repliquemangacine.fr\\\/#\\\/schema\\\/logo\\\/image\\\/\"},\"sameAs\":[\"https:\\\/\\\/www.facebook.com\\\/RepliqueMangaCine\",\"https:\\\/\\\/www.instagram.com\\\/repliquemangacine.fr\\\/\"]}]}<\/script>\n<!-- \/ Yoast SEO plugin. -->","yoast_head_json":{"title":"Black folding knife - R\u00e9plique Manga Cin\u00e9","description":"F822 black folding knife with tactical design. Black blade, belt clip, glass breaker. Practical, stylish and ready for action. Fast delivery.","robots":{"index":"index","follow":"follow","max-snippet":"max-snippet:-1","max-image-preview":"max-image-preview:large","max-video-preview":"max-video-preview:-1"},"canonical":"https:\/\/repliquemangacine.fr\/en\/cutlery\/black-folding-knife\/","og_locale":"en_US","og_type":"article","og_title":"Couteau pliant noir - R\u00e9plique Manga Cin\u00e9","og_description":"Couteau pliant noir F822 au design tactique. Lame noire, clip ceinture, brise-vitre. Pratique, styl\u00e9 et pr\u00eat \u00e0 l\u2019action. Livraison rapide.","og_url":"https:\/\/repliquemangacine.fr\/en\/cutlery\/black-folding-knife\/","og_site_name":"R\u00e9plique Manga Cin\u00e9","article_publisher":"https:\/\/www.facebook.com\/RepliqueMangaCine","article_modified_time":"2025-11-12T23:15:38+00:00","og_image":[{"width":700,"height":700,"url":"https:\/\/repliquemangacine.fr\/wp-content\/uploads\/2025\/07\/Couteau-F822.jpg","type":"image\/jpeg"}],"twitter_card":"summary_large_image","twitter_misc":{"Est. reading time":"3 minutes"},"schema":{"@context":"https:\/\/schema.org","@graph":[{"@type":"WebPage","@id":"https:\/\/repliquemangacine.fr\/coutellerie\/couteau-pliant-noir\/","url":"https:\/\/repliquemangacine.fr\/coutellerie\/couteau-pliant-noir\/","name":"Black folding knife - R\u00e9plique Manga Cin\u00e9","isPartOf":{"@id":"https:\/\/repliquemangacine.fr\/#website"},"primaryImageOfPage":{"@id":"https:\/\/repliquemangacine.fr\/coutellerie\/couteau-pliant-noir\/#primaryimage"},"image":{"@id":"https:\/\/repliquemangacine.fr\/coutellerie\/couteau-pliant-noir\/#primaryimage"},"thumbnailUrl":"https:\/\/repliquemangacine.fr\/wp-content\/uploads\/2025\/07\/Couteau-F822.jpg","datePublished":"2025-07-08T09:10:00+00:00","dateModified":"2025-11-12T23:15:38+00:00","description":"F822 black folding knife with tactical design. Black blade, belt clip, glass breaker. Practical, stylish and ready for action. Fast delivery.","breadcrumb":{"@id":"https:\/\/repliquemangacine.fr\/coutellerie\/couteau-pliant-noir\/#breadcrumb"},"inLanguage":"en-US","potentialAction":[{"@type":"ReadAction","target":["https:\/\/repliquemangacine.fr\/coutellerie\/couteau-pliant-noir\/"]}]},{"@type":"ImageObject","inLanguage":"en-US","@id":"https:\/\/repliquemangacine.fr\/coutellerie\/couteau-pliant-noir\/#primaryimage","url":"https:\/\/repliquemangacine.fr\/wp-content\/uploads\/2025\/07\/Couteau-F822.jpg","contentUrl":"https:\/\/repliquemangacine.fr\/wp-content\/uploads\/2025\/07\/Couteau-F822.jpg","width":700,"height":700,"caption":"Couteau pliant noir"},{"@type":"BreadcrumbList","@id":"https:\/\/repliquemangacine.fr\/coutellerie\/couteau-pliant-noir\/#breadcrumb","itemListElement":[{"@type":"ListItem","position":1,"name":"Accueil","item":"https:\/\/repliquemangacine.fr\/"},{"@type":"ListItem","position":2,"name":"Produits","item":"https:\/\/repliquemangacine.fr\/boutique\/"},{"@type":"ListItem","position":3,"name":"Couteau pliant noir"}]},{"@type":"WebSite","@id":"https:\/\/repliquemangacine.fr\/#website","url":"https:\/\/repliquemangacine.fr\/","name":"R\u00e9plique Manga Cin\u00e9","description":"","publisher":{"@id":"https:\/\/repliquemangacine.fr\/#organization"},"potentialAction":[{"@type":"SearchAction","target":{"@type":"EntryPoint","urlTemplate":"https:\/\/repliquemangacine.fr\/?s={search_term_string}"},"query-input":{"@type":"PropertyValueSpecification","valueRequired":true,"valueName":"search_term_string"}}],"inLanguage":"en-US"},{"@type":"Organization","@id":"https:\/\/repliquemangacine.fr\/#organization","name":"R\u00e9plique Manga Cin\u00e9","url":"https:\/\/repliquemangacine.fr\/","logo":{"@type":"ImageObject","inLanguage":"en-US","@id":"https:\/\/repliquemangacine.fr\/#\/schema\/logo\/image\/","url":"https:\/\/repliquemangacine.fr\/wp-content\/uploads\/2023\/10\/RMC-500250.png","contentUrl":"https:\/\/repliquemangacine.fr\/wp-content\/uploads\/2023\/10\/RMC-500250.png","width":500,"height":250,"caption":"R\u00e9plique Manga Cin\u00e9"},"image":{"@id":"https:\/\/repliquemangacine.fr\/#\/schema\/logo\/image\/"},"sameAs":["https:\/\/www.facebook.com\/RepliqueMangaCine","https:\/\/www.instagram.com\/repliquemangacine.fr\/"]}]}},"_links":{"self":[{"href":"https:\/\/repliquemangacine.fr\/en\/wp-json\/wp\/v2\/product\/86126","targetHints":{"allow":["GET"]}}],"collection":[{"href":"https:\/\/repliquemangacine.fr\/en\/wp-json\/wp\/v2\/product"}],"about":[{"href":"https:\/\/repliquemangacine.fr\/en\/wp-json\/wp\/v2\/types\/product"}],"wp:featuredmedia":[{"embeddable":true,"href":"https:\/\/repliquemangacine.fr\/en\/wp-json\/wp\/v2\/media\/86135"}],"wp:attachment":[{"href":"https:\/\/repliquemangacine.fr\/en\/wp-json\/wp\/v2\/media?parent=86126"}],"wp:term":[{"taxonomy":"product_brand","embeddable":true,"href":"https:\/\/repliquemangacine.fr\/en\/wp-json\/wp\/v2\/product_brand?post=86126"},{"taxonomy":"product_cat","embeddable":true,"href":"https:\/\/repliquemangacine.fr\/en\/wp-json\/wp\/v2\/product_cat?post=86126"},{"taxonomy":"product_tag","embeddable":true,"href":"https:\/\/repliquemangacine.fr\/en\/wp-json\/wp\/v2\/product_tag?post=86126"}],"curies":[{"name":"wp","href":"https:\/\/api.w.org\/{rel}","templated":true}]}}