





{"id":85868,"date":"2025-07-01T15:04:48","date_gmt":"2025-07-01T13:04:48","guid":{"rendered":"https:\/\/repliquemangacine.fr\/?post_type=product&#038;p=85868"},"modified":"2026-02-19T10:17:20","modified_gmt":"2026-02-19T09:17:20","slug":"mini-katana-by-michonne","status":"publish","type":"product","link":"https:\/\/repliquemangacine.fr\/en\/armes-the-walking-dead\/mini-katana-de-michonne\/","title":{"rendered":"Michonne's Mini Katana"},"content":{"rendered":"<h2>A mini katana faithful to Michonne's iconic weapon in The Walking Dead<\/h2>\n<p>Michonne's Mini Katana is a faithful replica of the iconic weapon used by <a href=\"https:\/\/thewalkingdead.fandom.com\/fr\/wiki\/Michonne_(univers_TV)\" target=\"_blank\" rel=\"noopener noreferrer\">Michonne<\/a> in The Walking Dead series.<br class=\"yoast-text-mark\" \/>First of all, the mini katana measures 45.5 cm, for a total weight of 230g, perfect for display in a showcase.<br class=\"yoast-text-mark\" \/>The blade is made of 440 stainless steel and engraved with a biohazard symbol.<br class=\"yoast-text-mark\" \/>The handle is wrapped in white cotton braid, true to the traditional Japanese style Michonne wears in all her appearances.<br class=\"yoast-text-mark\" \/>The wooden scabbard is finished off with a white cotton braid and a black decorative cord.<br class=\"yoast-text-mark\" \/>The mini format makes this replica accessible and easy to display, while retaining the essential details of the original weapon.<br class=\"yoast-text-mark\" \/>All in all, this miniature katana will delight zombie enthusiasts, fans of the series or lovers of fine katana replicas.<\/p>\n<h2>A symbolic katana, a silent weapon of survival and Michonne's signature<\/h2>\n<p>First, Michonne's katana is much more than a weapon: it's an extension of her identity, her symbol of survival and mastery.<br class=\"yoast-text-mark\" \/>As a result, Michonne has become one of the most feared and respected survivors of the series.<br \/>\nHis handling of the blade is fluid. Precise and determined, reflecting great wisdom.<\/p>\n<p>This mini katana captures the essence of this cult weapon, with its meticulous finish and engraved guard.<br class=\"yoast-text-mark\" \/>It's also a metaphor for the silence, control and resilience that Michonne embodies with every appearance.<br class=\"yoast-text-mark\" \/>Ultimately, with this katana, you pay tribute to a discreet warrior guided by the protection of those she loves.<\/p>\n<h2>More iconic weapons from The Walking Dead on R\u00e9plique Manga Cin\u00e9<\/h2>\n<p>At <strong>R\u00e9plique Manga Cin\u00e9<\/strong>You'll find other mythical replicas from The Walking Dead universe to complete your collection.<br class=\"yoast-text-mark\" \/>Above all, the <a href=\"https:\/\/repliquemangacine.fr\/en\/weapons-the-walking-dead\/katana-forge-de-michonne\/\" target=\"_blank\" rel=\"noopener noreferrer\">Michonne's cutting katana<\/a> a life-size version, sharpened for an even more realistic look.<br class=\"yoast-text-mark\" \/>As well as the <a href=\"https:\/\/repliquemangacine.fr\/en\/denix\/colt-python-rick-grimes\/\" target=\"_blank\" rel=\"noopener noreferrer\">Ric's gun<\/a>k Grimes: a cult revolver used throughout the series to defend survivors.<br \/>\nOur store offers replicas of cinema and serial weapons, faithful, detailed and selected for their quality and authenticity.<br \/>\nFinally, visit <strong>R\u00e9plique Manga Cin\u00e9<\/strong> and recreate the atmosphere of your favorite series with style, precision and a passion for detail.<\/p>","protected":false},"excerpt":{"rendered":"<p>Faithful replica of Michonne's iconic katana, cult heroine of The Walking Dead series. Compact, detailed and stylish, this miniature model retains all the soul of the original weapon in a small, accessible format.<\/p>\n<p><strong>Product features :<\/strong><\/p>\n<ul>\n<li>Blade: 440 stainless steel, non-sharp, engraved with biohazard symbol<\/li>\n<li>Handle: white cotton braid on imitation wood handle<\/li>\n<li>Scabbard: painted wood, with white braid and decorative black cord<\/li>\n<li>Decorative replica of Michonne's weapon, mini format ideal for display<\/li>\n<li>Perfect for collections, cosplay, showcases or gifts for fans of zombies and cult series.<\/li>\n<li>Total length: 45.5cm<\/li>\n<li>Blade length: 27cm<\/li>\n<li>Weight: 230 g<\/li>\n<\/ul>","protected":false},"featured_media":85872,"template":"","meta":[],"product_brand":[],"product_cat":[62],"product_tag":[],"class_list":{"0":"post-85868","1":"product","2":"type-product","3":"status-publish","4":"has-post-thumbnail","6":"product_cat-armes-the-walking-dead","8":"first","9":"instock","10":"taxable","11":"shipping-taxable","12":"purchasable","13":"product-type-simple"},"yoast_head":"<!-- This site is optimized with the Yoast SEO plugin v27.5 - https:\/\/yoast.com\/product\/yoast-seo-wordpress\/ -->\n<title>Mini Katana de Michonne - R\u00e9plique Manga Cin\u00e9<\/title>\n<meta name=\"description\" content=\"Mini katana de Michonne \u2013 The Walking Dead. R\u00e9plique fid\u00e8le avec fourreau, lame d\u00e9corative et finitions r\u00e9alistes. Id\u00e9al pour les collectionneurs\" \/>\n<meta name=\"robots\" content=\"index, follow, max-snippet:-1, max-image-preview:large, max-video-preview:-1\" \/>\n<link rel=\"canonical\" href=\"https:\/\/repliquemangacine.fr\/en\/weapons-the-walking-dead\/mini-katana-by-michonne\/\" \/>\n<meta property=\"og:locale\" content=\"en_US\" \/>\n<meta property=\"og:type\" content=\"article\" \/>\n<meta property=\"og:title\" content=\"Mini Katana de Michonne - R\u00e9plique Manga Cin\u00e9\" \/>\n<meta property=\"og:description\" content=\"Mini katana de Michonne \u2013 The Walking Dead. R\u00e9plique fid\u00e8le avec fourreau, lame d\u00e9corative et finitions r\u00e9alistes. Id\u00e9al pour les collectionneurs\" \/>\n<meta property=\"og:url\" content=\"https:\/\/repliquemangacine.fr\/en\/weapons-the-walking-dead\/mini-katana-by-michonne\/\" \/>\n<meta property=\"og:site_name\" content=\"R\u00e9plique Manga Cin\u00e9\" \/>\n<meta property=\"article:publisher\" content=\"https:\/\/www.facebook.com\/RepliqueMangaCine\" \/>\n<meta property=\"article:modified_time\" content=\"2026-02-19T09:17:20+00:00\" \/>\n<meta property=\"og:image\" content=\"https:\/\/repliquemangacine.fr\/wp-content\/uploads\/2025\/07\/mini-katana-Michonne.jpg\" \/>\n\t<meta property=\"og:image:width\" content=\"700\" \/>\n\t<meta property=\"og:image:height\" content=\"700\" \/>\n\t<meta property=\"og:image:type\" content=\"image\/jpeg\" \/>\n<meta name=\"twitter:card\" content=\"summary_large_image\" \/>\n<meta name=\"twitter:label1\" content=\"Est. reading time\" \/>\n\t<meta name=\"twitter:data1\" content=\"3 minutes\" \/>\n<script type=\"application\/ld+json\" class=\"yoast-schema-graph\">{\"@context\":\"https:\\\/\\\/schema.org\",\"@graph\":[{\"@type\":\"WebPage\",\"@id\":\"https:\\\/\\\/repliquemangacine.fr\\\/armes-the-walking-dead\\\/mini-katana-de-michonne\\\/\",\"url\":\"https:\\\/\\\/repliquemangacine.fr\\\/armes-the-walking-dead\\\/mini-katana-de-michonne\\\/\",\"name\":\"Mini Katana de Michonne - R\u00e9plique Manga Cin\u00e9\",\"isPartOf\":{\"@id\":\"https:\\\/\\\/repliquemangacine.fr\\\/#website\"},\"primaryImageOfPage\":{\"@id\":\"https:\\\/\\\/repliquemangacine.fr\\\/armes-the-walking-dead\\\/mini-katana-de-michonne\\\/#primaryimage\"},\"image\":{\"@id\":\"https:\\\/\\\/repliquemangacine.fr\\\/armes-the-walking-dead\\\/mini-katana-de-michonne\\\/#primaryimage\"},\"thumbnailUrl\":\"https:\\\/\\\/repliquemangacine.fr\\\/wp-content\\\/uploads\\\/2025\\\/07\\\/mini-katana-Michonne.jpg\",\"datePublished\":\"2025-07-01T13:04:48+00:00\",\"dateModified\":\"2026-02-19T09:17:20+00:00\",\"description\":\"Mini katana de Michonne \u2013 The Walking Dead. R\u00e9plique fid\u00e8le avec fourreau, lame d\u00e9corative et finitions r\u00e9alistes. Id\u00e9al pour les collectionneurs\",\"breadcrumb\":{\"@id\":\"https:\\\/\\\/repliquemangacine.fr\\\/armes-the-walking-dead\\\/mini-katana-de-michonne\\\/#breadcrumb\"},\"inLanguage\":\"en-US\",\"potentialAction\":[{\"@type\":\"ReadAction\",\"target\":[\"https:\\\/\\\/repliquemangacine.fr\\\/armes-the-walking-dead\\\/mini-katana-de-michonne\\\/\"]}]},{\"@type\":\"ImageObject\",\"inLanguage\":\"en-US\",\"@id\":\"https:\\\/\\\/repliquemangacine.fr\\\/armes-the-walking-dead\\\/mini-katana-de-michonne\\\/#primaryimage\",\"url\":\"https:\\\/\\\/repliquemangacine.fr\\\/wp-content\\\/uploads\\\/2025\\\/07\\\/mini-katana-Michonne.jpg\",\"contentUrl\":\"https:\\\/\\\/repliquemangacine.fr\\\/wp-content\\\/uploads\\\/2025\\\/07\\\/mini-katana-Michonne.jpg\",\"width\":700,\"height\":700,\"caption\":\"mini-katana-Michonne\"},{\"@type\":\"BreadcrumbList\",\"@id\":\"https:\\\/\\\/repliquemangacine.fr\\\/armes-the-walking-dead\\\/mini-katana-de-michonne\\\/#breadcrumb\",\"itemListElement\":[{\"@type\":\"ListItem\",\"position\":1,\"name\":\"Accueil\",\"item\":\"https:\\\/\\\/repliquemangacine.fr\\\/\"},{\"@type\":\"ListItem\",\"position\":2,\"name\":\"Produits\",\"item\":\"https:\\\/\\\/repliquemangacine.fr\\\/boutique\\\/\"},{\"@type\":\"ListItem\",\"position\":3,\"name\":\"Mini Katana de Michonne\"}]},{\"@type\":\"WebSite\",\"@id\":\"https:\\\/\\\/repliquemangacine.fr\\\/#website\",\"url\":\"https:\\\/\\\/repliquemangacine.fr\\\/\",\"name\":\"R\u00e9plique Manga Cin\u00e9\",\"description\":\"\",\"publisher\":{\"@id\":\"https:\\\/\\\/repliquemangacine.fr\\\/#organization\"},\"potentialAction\":[{\"@type\":\"SearchAction\",\"target\":{\"@type\":\"EntryPoint\",\"urlTemplate\":\"https:\\\/\\\/repliquemangacine.fr\\\/?s={search_term_string}\"},\"query-input\":{\"@type\":\"PropertyValueSpecification\",\"valueRequired\":true,\"valueName\":\"search_term_string\"}}],\"inLanguage\":\"en-US\"},{\"@type\":\"Organization\",\"@id\":\"https:\\\/\\\/repliquemangacine.fr\\\/#organization\",\"name\":\"R\u00e9plique Manga Cin\u00e9\",\"url\":\"https:\\\/\\\/repliquemangacine.fr\\\/\",\"logo\":{\"@type\":\"ImageObject\",\"inLanguage\":\"en-US\",\"@id\":\"https:\\\/\\\/repliquemangacine.fr\\\/#\\\/schema\\\/logo\\\/image\\\/\",\"url\":\"https:\\\/\\\/repliquemangacine.fr\\\/wp-content\\\/uploads\\\/2023\\\/10\\\/RMC-500250.png\",\"contentUrl\":\"https:\\\/\\\/repliquemangacine.fr\\\/wp-content\\\/uploads\\\/2023\\\/10\\\/RMC-500250.png\",\"width\":500,\"height\":250,\"caption\":\"R\u00e9plique Manga Cin\u00e9\"},\"image\":{\"@id\":\"https:\\\/\\\/repliquemangacine.fr\\\/#\\\/schema\\\/logo\\\/image\\\/\"},\"sameAs\":[\"https:\\\/\\\/www.facebook.com\\\/RepliqueMangaCine\",\"https:\\\/\\\/www.instagram.com\\\/repliquemangacine.fr\\\/\"]}]}<\/script>\n<!-- \/ Yoast SEO plugin. -->","yoast_head_json":{"title":"Michonne's Mini Katana - R\u00e9plique Manga Cin\u00e9","description":"Michonne's mini katana - The Walking Dead. Faithful replica with scabbard, decorative blade and realistic finish. Ideal for collectors","robots":{"index":"index","follow":"follow","max-snippet":"max-snippet:-1","max-image-preview":"max-image-preview:large","max-video-preview":"max-video-preview:-1"},"canonical":"https:\/\/repliquemangacine.fr\/en\/weapons-the-walking-dead\/mini-katana-by-michonne\/","og_locale":"en_US","og_type":"article","og_title":"Mini Katana de Michonne - R\u00e9plique Manga Cin\u00e9","og_description":"Mini katana de Michonne \u2013 The Walking Dead. R\u00e9plique fid\u00e8le avec fourreau, lame d\u00e9corative et finitions r\u00e9alistes. Id\u00e9al pour les collectionneurs","og_url":"https:\/\/repliquemangacine.fr\/en\/weapons-the-walking-dead\/mini-katana-by-michonne\/","og_site_name":"R\u00e9plique Manga Cin\u00e9","article_publisher":"https:\/\/www.facebook.com\/RepliqueMangaCine","article_modified_time":"2026-02-19T09:17:20+00:00","og_image":[{"width":700,"height":700,"url":"https:\/\/repliquemangacine.fr\/wp-content\/uploads\/2025\/07\/mini-katana-Michonne.jpg","type":"image\/jpeg"}],"twitter_card":"summary_large_image","twitter_misc":{"Est. reading time":"3 minutes"},"schema":{"@context":"https:\/\/schema.org","@graph":[{"@type":"WebPage","@id":"https:\/\/repliquemangacine.fr\/armes-the-walking-dead\/mini-katana-de-michonne\/","url":"https:\/\/repliquemangacine.fr\/armes-the-walking-dead\/mini-katana-de-michonne\/","name":"Michonne's Mini Katana - R\u00e9plique Manga Cin\u00e9","isPartOf":{"@id":"https:\/\/repliquemangacine.fr\/#website"},"primaryImageOfPage":{"@id":"https:\/\/repliquemangacine.fr\/armes-the-walking-dead\/mini-katana-de-michonne\/#primaryimage"},"image":{"@id":"https:\/\/repliquemangacine.fr\/armes-the-walking-dead\/mini-katana-de-michonne\/#primaryimage"},"thumbnailUrl":"https:\/\/repliquemangacine.fr\/wp-content\/uploads\/2025\/07\/mini-katana-Michonne.jpg","datePublished":"2025-07-01T13:04:48+00:00","dateModified":"2026-02-19T09:17:20+00:00","description":"Michonne's mini katana - The Walking Dead. Faithful replica with scabbard, decorative blade and realistic finish. Ideal for collectors","breadcrumb":{"@id":"https:\/\/repliquemangacine.fr\/armes-the-walking-dead\/mini-katana-de-michonne\/#breadcrumb"},"inLanguage":"en-US","potentialAction":[{"@type":"ReadAction","target":["https:\/\/repliquemangacine.fr\/armes-the-walking-dead\/mini-katana-de-michonne\/"]}]},{"@type":"ImageObject","inLanguage":"en-US","@id":"https:\/\/repliquemangacine.fr\/armes-the-walking-dead\/mini-katana-de-michonne\/#primaryimage","url":"https:\/\/repliquemangacine.fr\/wp-content\/uploads\/2025\/07\/mini-katana-Michonne.jpg","contentUrl":"https:\/\/repliquemangacine.fr\/wp-content\/uploads\/2025\/07\/mini-katana-Michonne.jpg","width":700,"height":700,"caption":"mini-katana-Michonne"},{"@type":"BreadcrumbList","@id":"https:\/\/repliquemangacine.fr\/armes-the-walking-dead\/mini-katana-de-michonne\/#breadcrumb","itemListElement":[{"@type":"ListItem","position":1,"name":"Accueil","item":"https:\/\/repliquemangacine.fr\/"},{"@type":"ListItem","position":2,"name":"Produits","item":"https:\/\/repliquemangacine.fr\/boutique\/"},{"@type":"ListItem","position":3,"name":"Mini Katana de Michonne"}]},{"@type":"WebSite","@id":"https:\/\/repliquemangacine.fr\/#website","url":"https:\/\/repliquemangacine.fr\/","name":"R\u00e9plique Manga Cin\u00e9","description":"","publisher":{"@id":"https:\/\/repliquemangacine.fr\/#organization"},"potentialAction":[{"@type":"SearchAction","target":{"@type":"EntryPoint","urlTemplate":"https:\/\/repliquemangacine.fr\/?s={search_term_string}"},"query-input":{"@type":"PropertyValueSpecification","valueRequired":true,"valueName":"search_term_string"}}],"inLanguage":"en-US"},{"@type":"Organization","@id":"https:\/\/repliquemangacine.fr\/#organization","name":"R\u00e9plique Manga Cin\u00e9","url":"https:\/\/repliquemangacine.fr\/","logo":{"@type":"ImageObject","inLanguage":"en-US","@id":"https:\/\/repliquemangacine.fr\/#\/schema\/logo\/image\/","url":"https:\/\/repliquemangacine.fr\/wp-content\/uploads\/2023\/10\/RMC-500250.png","contentUrl":"https:\/\/repliquemangacine.fr\/wp-content\/uploads\/2023\/10\/RMC-500250.png","width":500,"height":250,"caption":"R\u00e9plique Manga Cin\u00e9"},"image":{"@id":"https:\/\/repliquemangacine.fr\/#\/schema\/logo\/image\/"},"sameAs":["https:\/\/www.facebook.com\/RepliqueMangaCine","https:\/\/www.instagram.com\/repliquemangacine.fr\/"]}]}},"_links":{"self":[{"href":"https:\/\/repliquemangacine.fr\/en\/wp-json\/wp\/v2\/product\/85868","targetHints":{"allow":["GET"]}}],"collection":[{"href":"https:\/\/repliquemangacine.fr\/en\/wp-json\/wp\/v2\/product"}],"about":[{"href":"https:\/\/repliquemangacine.fr\/en\/wp-json\/wp\/v2\/types\/product"}],"wp:featuredmedia":[{"embeddable":true,"href":"https:\/\/repliquemangacine.fr\/en\/wp-json\/wp\/v2\/media\/85872"}],"wp:attachment":[{"href":"https:\/\/repliquemangacine.fr\/en\/wp-json\/wp\/v2\/media?parent=85868"}],"wp:term":[{"taxonomy":"product_brand","embeddable":true,"href":"https:\/\/repliquemangacine.fr\/en\/wp-json\/wp\/v2\/product_brand?post=85868"},{"taxonomy":"product_cat","embeddable":true,"href":"https:\/\/repliquemangacine.fr\/en\/wp-json\/wp\/v2\/product_cat?post=85868"},{"taxonomy":"product_tag","embeddable":true,"href":"https:\/\/repliquemangacine.fr\/en\/wp-json\/wp\/v2\/product_tag?post=85868"}],"curies":[{"name":"wp","href":"https:\/\/api.w.org\/{rel}","templated":true}]}}