





{"id":85782,"date":"2025-07-01T09:43:51","date_gmt":"2025-07-01T07:43:51","guid":{"rendered":"https:\/\/repliquemangacine.fr\/?post_type=product&#038;p=85782"},"modified":"2026-02-19T10:18:13","modified_gmt":"2026-02-19T09:18:13","slug":"large-denix-pirate-pistol","status":"publish","type":"product","link":"https:\/\/repliquemangacine.fr\/en\/armes-de-pirates\/grand-pistolet-pirate-denix\/","title":{"rendered":"Large Denix Pirate Gun"},"content":{"rendered":"<h2>An imposing Denix Pirate Grand Pistol, steeped in history and immersive realism<\/h2>\n<p>Inspired by 18th-century firearms, this Denix Grand Pistolet Pirate embodies the power and elegance of privateering.<br \/>\nAt just 42 cm long, its generous size makes an immediate impact, true to the pirate's coat of arms.<br \/>\nEvery detail has been crafted to reflect historical reality, from the double barrel to the skull and crossbones engraving.<br \/>\nThanks to its two trigger cues, shooting simulation becomes realistic, for total immersion at the exhibition.<br \/>\nIts functional mechanism simulates loading, making the replica even more authentic and alive in your hands.<br \/>\nWhat's more, its distressed metal and imitation wood construction adds to its antique charm and credible allure.<br \/>\nSo you can combine history and aesthetics with a reproduction pirate weapon!<br \/>\nFinally, this line <a href=\"https:\/\/www.denix.fr\/\" target=\"_blank\" rel=\"noopener noreferrer\">Denix<\/a> is a must for all fans of pirates and period decorations.<\/p>\n<h2>A fearsome symbol, emblem of the most dangerous pirates of the 18th century<\/h2>\n<p>This double-barrel pistol was the favorite weapon of pirate captains, as it allowed them to fire twice without immediately reloading.<br \/>\nUsed in boarding or close duels, this model offered a deadly advantage over long muskets, which were slow to reload.<br \/>\nIts double trigger mechanism symbolizes the innovation of pirates who constantly sought to surprise and dominate their enemies.<br \/>\nEngravings and ornamentation also evoke social status: this type of weapon was carried by chiefs or wealthy freebooters.<br \/>\nDenix has respected every detail, transforming this piece into a veritable time capsule from the golden era of maritime piracy.<br \/>\nIts massive appearance, patina finish and realistic mechanism make it a rare presence in any gun collection.<br \/>\nAs a result, you own a piece that embodies the daring, cunning and freedom of legendary pirates.<\/p>\n<h2>Complete your pirate outfit with R\u00e9plique Manga Cin\u00e9 essentials<\/h2>\n<p>To fully immerse yourself in the world of pirates, discover other emblematic weapons and accessories on our site. <strong>R\u00e9plique Manga Cin\u00e9<\/strong>.<br \/>\nMatch this Denix pistol with our <a href=\"https:\/\/repliquemangacine.fr\/en\/pirate-sword-2\/pirate-saber-buccaneer-saber\/\" target=\"_blank\" rel=\"noopener noreferrer\">buccaneer's boarding sword<\/a>a robust model with a curved blade.<br \/>\nAlso add the <a href=\"https:\/\/repliquemangacine.fr\/en\/pirate-sword-2\/pirate-purse-with-coin\/\" target=\"_blank\" rel=\"noopener noreferrer\">pirate purse with old coins<\/a>to recreate your own looting scenes or enhance a detailed costume.<br \/>\nYou can also fall for the highly original <a href=\"https:\/\/repliquemangacine.fr\/en\/pirate-weapons\/pirate-axe-gun-18th-century\/\" target=\"_blank\" rel=\"noopener noreferrer\">pirate axe gun.<\/a><br \/>\nThese accessories are ideal for collectors, history buffs and cosplay fans.<br \/>\nEach piece offered by <strong>R\u00e9plique Manga Cin\u00e9<\/strong> combines build quality, historical realism and affordable pricing.<br \/>\nThanks to them, your pirate universe is built with coherence and style.<br \/>\nTogether, these pieces create an immersive atmosphere, whether for a personal collection or an event staging.<br \/>\nJoin the crew of <strong>R\u00e9plique Manga Cin\u00e9<\/strong> and fly the flag for the golden age of piracy!<\/p>","protected":false},"excerpt":{"rendered":"<p>Superb replica of an 18th-century double-barrel pirate pistol. Realistic detail, vintage finish, shooting simulation.<\/p>\n<p><strong>Main features :<\/strong><br \/>\n- Replica 18th-century pirate pistol (Denix model)<br \/>\n- Length: 42 cm - imposing format faithful to the period<br \/>\n- Functional double barrel and double trigger for realistic simulation<br \/>\n- Safe loading and firing simulation mechanism<br \/>\n- Made of metal and imitation aged wood<br \/>\n- Ideal for cosplay, collection or thematic decoration<br \/>\n- Non-functional item (no live ammunition - sold over the counter)<br \/>\n- Historical reproduction of a model used in boarding operations<br \/>\n- Perfect in combination with swords, pirate pouches or axe pistols<br \/>\n- Exclusive on R\u00e9plique Manga Cin\u00e9<\/p>","protected":false},"featured_media":85803,"template":"","meta":[],"product_brand":[],"product_cat":[49,102,114],"product_tag":[],"class_list":{"0":"post-85782","1":"product","2":"type-product","3":"status-publish","4":"has-post-thumbnail","6":"product_cat-armes-de-pirates","7":"product_cat-denix","8":"product_cat-pistolet-pirate","10":"first","11":"instock","12":"taxable","13":"shipping-taxable","14":"purchasable","15":"product-type-simple"},"yoast_head":"<!-- This site is optimized with the Yoast SEO plugin v27.4 - https:\/\/yoast.com\/product\/yoast-seo-wordpress\/ -->\n<title>Grand Pistolet Pirate Denix - R\u00e9plique Manga Cin\u00e9<\/title>\n<meta name=\"description\" content=\"D\u00e9couvrez le Grand Pistolet Pirate Denix \u00e0 double barillet, 42 cm, r\u00e9alisme historique garanti. Parfait pour collection, cosplay d\u2019\u00e9poque XVIIIe si\u00e8cle.\" \/>\n<meta name=\"robots\" content=\"index, follow, max-snippet:-1, max-image-preview:large, max-video-preview:-1\" \/>\n<link rel=\"canonical\" href=\"https:\/\/repliquemangacine.fr\/en\/pirate-weapons\/large-denix-pirate-pistol\/\" \/>\n<meta property=\"og:locale\" content=\"en_US\" \/>\n<meta property=\"og:type\" content=\"article\" \/>\n<meta property=\"og:title\" content=\"Grand Pistolet Pirate Denix - R\u00e9plique Manga Cin\u00e9\" \/>\n<meta property=\"og:description\" content=\"D\u00e9couvrez le Grand Pistolet Pirate Denix \u00e0 double barillet, 42 cm, r\u00e9alisme historique garanti. Parfait pour collection, cosplay d\u2019\u00e9poque XVIIIe si\u00e8cle.\" \/>\n<meta property=\"og:url\" content=\"https:\/\/repliquemangacine.fr\/en\/pirate-weapons\/large-denix-pirate-pistol\/\" \/>\n<meta property=\"og:site_name\" content=\"R\u00e9plique Manga Cin\u00e9\" \/>\n<meta property=\"article:publisher\" content=\"https:\/\/www.facebook.com\/RepliqueMangaCine\" \/>\n<meta property=\"article:modified_time\" content=\"2026-02-19T09:18:13+00:00\" \/>\n<meta property=\"og:image\" content=\"https:\/\/repliquemangacine.fr\/wp-content\/uploads\/2025\/06\/Grand-Pistolet-Pirate-Denix-autre-profil-.jpg\" \/>\n\t<meta property=\"og:image:width\" content=\"700\" \/>\n\t<meta property=\"og:image:height\" content=\"700\" \/>\n\t<meta property=\"og:image:type\" content=\"image\/jpeg\" \/>\n<meta name=\"twitter:card\" content=\"summary_large_image\" \/>\n<meta name=\"twitter:label1\" content=\"Est. reading time\" \/>\n\t<meta name=\"twitter:data1\" content=\"3 minutes\" \/>\n<script type=\"application\/ld+json\" class=\"yoast-schema-graph\">{\"@context\":\"https:\\\/\\\/schema.org\",\"@graph\":[{\"@type\":\"WebPage\",\"@id\":\"https:\\\/\\\/repliquemangacine.fr\\\/armes-de-pirates\\\/grand-pistolet-pirate-denix\\\/\",\"url\":\"https:\\\/\\\/repliquemangacine.fr\\\/armes-de-pirates\\\/grand-pistolet-pirate-denix\\\/\",\"name\":\"Grand Pistolet Pirate Denix - R\u00e9plique Manga Cin\u00e9\",\"isPartOf\":{\"@id\":\"https:\\\/\\\/repliquemangacine.fr\\\/#website\"},\"primaryImageOfPage\":{\"@id\":\"https:\\\/\\\/repliquemangacine.fr\\\/armes-de-pirates\\\/grand-pistolet-pirate-denix\\\/#primaryimage\"},\"image\":{\"@id\":\"https:\\\/\\\/repliquemangacine.fr\\\/armes-de-pirates\\\/grand-pistolet-pirate-denix\\\/#primaryimage\"},\"thumbnailUrl\":\"https:\\\/\\\/repliquemangacine.fr\\\/wp-content\\\/uploads\\\/2025\\\/06\\\/Grand-Pistolet-Pirate-Denix-autre-profil-.jpg\",\"datePublished\":\"2025-07-01T07:43:51+00:00\",\"dateModified\":\"2026-02-19T09:18:13+00:00\",\"description\":\"D\u00e9couvrez le Grand Pistolet Pirate Denix \u00e0 double barillet, 42 cm, r\u00e9alisme historique garanti. Parfait pour collection, cosplay d\u2019\u00e9poque XVIIIe si\u00e8cle.\",\"breadcrumb\":{\"@id\":\"https:\\\/\\\/repliquemangacine.fr\\\/armes-de-pirates\\\/grand-pistolet-pirate-denix\\\/#breadcrumb\"},\"inLanguage\":\"en-US\",\"potentialAction\":[{\"@type\":\"ReadAction\",\"target\":[\"https:\\\/\\\/repliquemangacine.fr\\\/armes-de-pirates\\\/grand-pistolet-pirate-denix\\\/\"]}]},{\"@type\":\"ImageObject\",\"inLanguage\":\"en-US\",\"@id\":\"https:\\\/\\\/repliquemangacine.fr\\\/armes-de-pirates\\\/grand-pistolet-pirate-denix\\\/#primaryimage\",\"url\":\"https:\\\/\\\/repliquemangacine.fr\\\/wp-content\\\/uploads\\\/2025\\\/06\\\/Grand-Pistolet-Pirate-Denix-autre-profil-.jpg\",\"contentUrl\":\"https:\\\/\\\/repliquemangacine.fr\\\/wp-content\\\/uploads\\\/2025\\\/06\\\/Grand-Pistolet-Pirate-Denix-autre-profil-.jpg\",\"width\":700,\"height\":700,\"caption\":\"R\u00e9plique du grand pistolet pirate Denix \u00e0 double barillet du XVIIIe si\u00e8cle, finition bois et m\u00e9tal vieilli, 42 cm.\"},{\"@type\":\"BreadcrumbList\",\"@id\":\"https:\\\/\\\/repliquemangacine.fr\\\/armes-de-pirates\\\/grand-pistolet-pirate-denix\\\/#breadcrumb\",\"itemListElement\":[{\"@type\":\"ListItem\",\"position\":1,\"name\":\"Accueil\",\"item\":\"https:\\\/\\\/repliquemangacine.fr\\\/\"},{\"@type\":\"ListItem\",\"position\":2,\"name\":\"Produits\",\"item\":\"https:\\\/\\\/repliquemangacine.fr\\\/boutique\\\/\"},{\"@type\":\"ListItem\",\"position\":3,\"name\":\"Grand Pistolet Pirate Denix\"}]},{\"@type\":\"WebSite\",\"@id\":\"https:\\\/\\\/repliquemangacine.fr\\\/#website\",\"url\":\"https:\\\/\\\/repliquemangacine.fr\\\/\",\"name\":\"R\u00e9plique Manga Cin\u00e9\",\"description\":\"\",\"publisher\":{\"@id\":\"https:\\\/\\\/repliquemangacine.fr\\\/#organization\"},\"potentialAction\":[{\"@type\":\"SearchAction\",\"target\":{\"@type\":\"EntryPoint\",\"urlTemplate\":\"https:\\\/\\\/repliquemangacine.fr\\\/?s={search_term_string}\"},\"query-input\":{\"@type\":\"PropertyValueSpecification\",\"valueRequired\":true,\"valueName\":\"search_term_string\"}}],\"inLanguage\":\"en-US\"},{\"@type\":\"Organization\",\"@id\":\"https:\\\/\\\/repliquemangacine.fr\\\/#organization\",\"name\":\"R\u00e9plique Manga Cin\u00e9\",\"url\":\"https:\\\/\\\/repliquemangacine.fr\\\/\",\"logo\":{\"@type\":\"ImageObject\",\"inLanguage\":\"en-US\",\"@id\":\"https:\\\/\\\/repliquemangacine.fr\\\/#\\\/schema\\\/logo\\\/image\\\/\",\"url\":\"https:\\\/\\\/repliquemangacine.fr\\\/wp-content\\\/uploads\\\/2023\\\/10\\\/RMC-500250.png\",\"contentUrl\":\"https:\\\/\\\/repliquemangacine.fr\\\/wp-content\\\/uploads\\\/2023\\\/10\\\/RMC-500250.png\",\"width\":500,\"height\":250,\"caption\":\"R\u00e9plique Manga Cin\u00e9\"},\"image\":{\"@id\":\"https:\\\/\\\/repliquemangacine.fr\\\/#\\\/schema\\\/logo\\\/image\\\/\"},\"sameAs\":[\"https:\\\/\\\/www.facebook.com\\\/RepliqueMangaCine\",\"https:\\\/\\\/www.instagram.com\\\/repliquemangacine.fr\\\/\"]}]}<\/script>\n<!-- \/ Yoast SEO plugin. -->","yoast_head_json":{"title":"Denix Large Pirate Gun - R\u00e9plique Manga Cin\u00e9","description":"Discover the Denix Large Double-Barrel Pirate Gun, 42 cm, historical realism guaranteed. Perfect for collections and 18th-century cosplay.","robots":{"index":"index","follow":"follow","max-snippet":"max-snippet:-1","max-image-preview":"max-image-preview:large","max-video-preview":"max-video-preview:-1"},"canonical":"https:\/\/repliquemangacine.fr\/en\/pirate-weapons\/large-denix-pirate-pistol\/","og_locale":"en_US","og_type":"article","og_title":"Grand Pistolet Pirate Denix - R\u00e9plique Manga Cin\u00e9","og_description":"D\u00e9couvrez le Grand Pistolet Pirate Denix \u00e0 double barillet, 42 cm, r\u00e9alisme historique garanti. Parfait pour collection, cosplay d\u2019\u00e9poque XVIIIe si\u00e8cle.","og_url":"https:\/\/repliquemangacine.fr\/en\/pirate-weapons\/large-denix-pirate-pistol\/","og_site_name":"R\u00e9plique Manga Cin\u00e9","article_publisher":"https:\/\/www.facebook.com\/RepliqueMangaCine","article_modified_time":"2026-02-19T09:18:13+00:00","og_image":[{"width":700,"height":700,"url":"https:\/\/repliquemangacine.fr\/wp-content\/uploads\/2025\/06\/Grand-Pistolet-Pirate-Denix-autre-profil-.jpg","type":"image\/jpeg"}],"twitter_card":"summary_large_image","twitter_misc":{"Est. reading time":"3 minutes"},"schema":{"@context":"https:\/\/schema.org","@graph":[{"@type":"WebPage","@id":"https:\/\/repliquemangacine.fr\/armes-de-pirates\/grand-pistolet-pirate-denix\/","url":"https:\/\/repliquemangacine.fr\/armes-de-pirates\/grand-pistolet-pirate-denix\/","name":"Denix Large Pirate Gun - R\u00e9plique Manga Cin\u00e9","isPartOf":{"@id":"https:\/\/repliquemangacine.fr\/#website"},"primaryImageOfPage":{"@id":"https:\/\/repliquemangacine.fr\/armes-de-pirates\/grand-pistolet-pirate-denix\/#primaryimage"},"image":{"@id":"https:\/\/repliquemangacine.fr\/armes-de-pirates\/grand-pistolet-pirate-denix\/#primaryimage"},"thumbnailUrl":"https:\/\/repliquemangacine.fr\/wp-content\/uploads\/2025\/06\/Grand-Pistolet-Pirate-Denix-autre-profil-.jpg","datePublished":"2025-07-01T07:43:51+00:00","dateModified":"2026-02-19T09:18:13+00:00","description":"Discover the Denix Large Double-Barrel Pirate Gun, 42 cm, historical realism guaranteed. Perfect for collections and 18th-century cosplay.","breadcrumb":{"@id":"https:\/\/repliquemangacine.fr\/armes-de-pirates\/grand-pistolet-pirate-denix\/#breadcrumb"},"inLanguage":"en-US","potentialAction":[{"@type":"ReadAction","target":["https:\/\/repliquemangacine.fr\/armes-de-pirates\/grand-pistolet-pirate-denix\/"]}]},{"@type":"ImageObject","inLanguage":"en-US","@id":"https:\/\/repliquemangacine.fr\/armes-de-pirates\/grand-pistolet-pirate-denix\/#primaryimage","url":"https:\/\/repliquemangacine.fr\/wp-content\/uploads\/2025\/06\/Grand-Pistolet-Pirate-Denix-autre-profil-.jpg","contentUrl":"https:\/\/repliquemangacine.fr\/wp-content\/uploads\/2025\/06\/Grand-Pistolet-Pirate-Denix-autre-profil-.jpg","width":700,"height":700,"caption":"R\u00e9plique du grand pistolet pirate Denix \u00e0 double barillet du XVIIIe si\u00e8cle, finition bois et m\u00e9tal vieilli, 42 cm."},{"@type":"BreadcrumbList","@id":"https:\/\/repliquemangacine.fr\/armes-de-pirates\/grand-pistolet-pirate-denix\/#breadcrumb","itemListElement":[{"@type":"ListItem","position":1,"name":"Accueil","item":"https:\/\/repliquemangacine.fr\/"},{"@type":"ListItem","position":2,"name":"Produits","item":"https:\/\/repliquemangacine.fr\/boutique\/"},{"@type":"ListItem","position":3,"name":"Grand Pistolet Pirate Denix"}]},{"@type":"WebSite","@id":"https:\/\/repliquemangacine.fr\/#website","url":"https:\/\/repliquemangacine.fr\/","name":"R\u00e9plique Manga Cin\u00e9","description":"","publisher":{"@id":"https:\/\/repliquemangacine.fr\/#organization"},"potentialAction":[{"@type":"SearchAction","target":{"@type":"EntryPoint","urlTemplate":"https:\/\/repliquemangacine.fr\/?s={search_term_string}"},"query-input":{"@type":"PropertyValueSpecification","valueRequired":true,"valueName":"search_term_string"}}],"inLanguage":"en-US"},{"@type":"Organization","@id":"https:\/\/repliquemangacine.fr\/#organization","name":"R\u00e9plique Manga Cin\u00e9","url":"https:\/\/repliquemangacine.fr\/","logo":{"@type":"ImageObject","inLanguage":"en-US","@id":"https:\/\/repliquemangacine.fr\/#\/schema\/logo\/image\/","url":"https:\/\/repliquemangacine.fr\/wp-content\/uploads\/2023\/10\/RMC-500250.png","contentUrl":"https:\/\/repliquemangacine.fr\/wp-content\/uploads\/2023\/10\/RMC-500250.png","width":500,"height":250,"caption":"R\u00e9plique Manga Cin\u00e9"},"image":{"@id":"https:\/\/repliquemangacine.fr\/#\/schema\/logo\/image\/"},"sameAs":["https:\/\/www.facebook.com\/RepliqueMangaCine","https:\/\/www.instagram.com\/repliquemangacine.fr\/"]}]}},"_links":{"self":[{"href":"https:\/\/repliquemangacine.fr\/en\/wp-json\/wp\/v2\/product\/85782","targetHints":{"allow":["GET"]}}],"collection":[{"href":"https:\/\/repliquemangacine.fr\/en\/wp-json\/wp\/v2\/product"}],"about":[{"href":"https:\/\/repliquemangacine.fr\/en\/wp-json\/wp\/v2\/types\/product"}],"wp:featuredmedia":[{"embeddable":true,"href":"https:\/\/repliquemangacine.fr\/en\/wp-json\/wp\/v2\/media\/85803"}],"wp:attachment":[{"href":"https:\/\/repliquemangacine.fr\/en\/wp-json\/wp\/v2\/media?parent=85782"}],"wp:term":[{"taxonomy":"product_brand","embeddable":true,"href":"https:\/\/repliquemangacine.fr\/en\/wp-json\/wp\/v2\/product_brand?post=85782"},{"taxonomy":"product_cat","embeddable":true,"href":"https:\/\/repliquemangacine.fr\/en\/wp-json\/wp\/v2\/product_cat?post=85782"},{"taxonomy":"product_tag","embeddable":true,"href":"https:\/\/repliquemangacine.fr\/en\/wp-json\/wp\/v2\/product_tag?post=85782"}],"curies":[{"name":"wp","href":"https:\/\/api.w.org\/{rel}","templated":true}]}}