





{"id":85643,"date":"2025-06-24T15:46:14","date_gmt":"2025-06-24T13:46:14","guid":{"rendered":"https:\/\/repliquemangacine.fr\/?post_type=product&#038;p=85643"},"modified":"2025-12-13T16:18:21","modified_gmt":"2025-12-13T15:18:21","slug":"winchester-repeating-rifle-with-denix-bullet-ejection-system","status":"publish","type":"product","link":"https:\/\/repliquemangacine.fr\/en\/repliques-carabine-winchester-western\/fusil-winchester-a-repetition-et-ejection-des-balles-denix\/","title":{"rendered":"Winchester repeating rifle with bullet ejection - Denix"},"content":{"rendered":"<h2>Winchester repeating rifle - The myth of the Far West in your hands<\/h2>\n<p>To begin with, immerse yourself in the western world with this\u00a0 <strong>Winchester repeating rifle<\/strong> signed <a href=\"https:\/\/www.denix.fr\" target=\"_blank\" rel=\"noopener noreferrer\">Denix<\/a> : Zamac metal, solid wood, and ultra-realistic brass finishes. What's more, its mechanism works just like the real thing: the lever under the guard ejects the dummy bullets with a click worthy of the big screen. The weapon also comes with three ejectable cartridges. This piece makes an impressive statement: 110 cm long and weighing in at 2.6 kg of pure pleasure. The wooden stock ensures comfort and a perfect grip for reenacting your duel scenes or enhancing your high-end Western decor.<\/p>\n<p>No permits are required, as this replica is available for sale to the general public. You order it, you receive it, you proudly display it. Whether you want to collect, exhibit, or handle it, this is a real gem for fans of the Wild West and enthusiasts of realistic antique weapons. Catch people's eyes and spark conversations: this Winchester never goes unnoticed.<\/p>\n<h2>A Western legend at your fingertips<\/h2>\n<p>The Model 1873 was a lever-action repeating rifle, meaning that it could fire multiple shots before reloading by ejecting the spent cartridge case and replacing it with a new one by operating a lever under the trigger guard, hence the term \u201crepeating rifle.\u201d.<\/p>\n<p>It was also the most widely used rifle of its time, due to its steel construction and the fact that it used the same centerfire cartridges as the revolvers of the era, allowing the shooter to carry two different weapons with a single type of ammunition. It was produced in such quantities that it became a common sight in the western United States, earning the nickname \u201cThe gun that won the West\u201d due to its popularity and versatility. It inspired the 1950 film \u201cWinchester \u201973,\u201d starring James Stewart and directed by Anthony Mann.<\/p>\n<p>In short: this is THE must-have item for any fan of the cowboy universe. And now it can be yours.<\/p>\n<h2>R\u00e9plique Manga Cin\u00e9 - Denix weapons paradise<\/h2>\n<p>At R\u00e9plique Manga Cin\u00e9, we don't do things by halves: the Winchester 1873 is just the beginning of the party. You'll also find <a href=\"https:\/\/repliquemangacine.fr\/en\/denix\/winchester-denix-dummy-bullets\/\">dummy bullets<\/a> to complete your rifle and simulate real ejections like in the movies.<\/p>\n<p>Are you a fan of World War II? The <a href=\"https:\/\/repliquemangacine.fr\/en\/reproductions-weapons-second-world-war-denix\/mauser-k98-antique-rifle\/\">Mauser K98 rifle<\/a> The realism of the aged gun is simply breathtaking. On the pistol side, the <a href=\"https:\/\/repliquemangacine.fr\/en\/reproductions-weapons-second-world-war-denix\/automatic-pistol-m1911a1-patinated-and-aged\/\">M1911A1 patina finish<\/a> is waiting for you, ready to be drawn from its holster to impress in all your scenes.<\/p>\n<p>Want a Confederate look? The <a href=\"https:\/\/repliquemangacine.fr\/en\/colt-pistol\/revolver-confedere-1860-aged\/\">revolver 1860<\/a> signed Denix, aged to perfection, takes you straight back to the 19th century. All our replicas are in metal, with faithful mechanisms, fine finishes and 100% legal for demanding collectors. Visit R\u00e9plique Manga Cin\u00e9 for fast delivery, tracked stock, top quality... In short, the Ali Baba's cave of historic weapons!<\/p>","protected":false},"excerpt":{"rendered":"<p>Superb replica of Denix's 1873 Winchester brass repeating rifle.<\/p>\n<ul>\n<li>In metal (zamac) with brass and wood finish<\/li>\n<li>Functional mechanism with bullet ejection.<\/li>\n<li>Wooden stock<\/li>\n<li>Functional trigger guard lever for bullet ejection.<\/li>\n<li>Comes with 3 ejector balls.<\/li>\n<li>Total length: 110 cm<\/li>\n<li>Weight: 2625 g<br \/>\n<strong>No authorization required. Free sale and possession.<\/strong><\/li>\n<\/ul>","protected":false},"featured_media":85644,"template":"","meta":[],"product_brand":[896],"product_cat":[34,86,39,28,64],"product_tag":[],"class_list":{"0":"post-85643","1":"product","2":"type-product","3":"status-publish","4":"has-post-thumbnail","6":"product_brand-replique-manga-cine","7":"product_cat-armes-westerns","8":"product_cat-repliques-carabine-winchester-western","9":"product_cat-carabine-winchester","10":"product_cat-repliques-darmes","11":"product_cat-western-repliques-armes","13":"first","14":"outofstock","15":"sale","16":"taxable","17":"shipping-taxable","18":"purchasable","19":"product-type-simple"},"yoast_head":"<!-- This site is optimized with the Yoast SEO plugin v27.5 - https:\/\/yoast.com\/product\/yoast-seo-wordpress\/ -->\n<title>Fusil Winchester \u00e0 r\u00e9p\u00e9tition et \u00e9jection des balles - Denix - R\u00e9plique Manga Cin\u00e9<\/title>\n<meta name=\"description\" content=\"Fusil Winchester \u00e0 r\u00e9p\u00e9tition 1873 Denix ultra r\u00e9aliste avec m\u00e9canisme \u00e9jecteur, bois et m\u00e9tal. Vente libre. Pour fans de western et collectionneurs.\" \/>\n<meta name=\"robots\" content=\"index, follow, max-snippet:-1, max-image-preview:large, max-video-preview:-1\" \/>\n<link rel=\"canonical\" href=\"https:\/\/repliquemangacine.fr\/en\/winchester-western-rifle-replicas\/winchester-repeating-rifle-with-denix-bullet-ejection-system\/\" \/>\n<meta property=\"og:locale\" content=\"en_US\" \/>\n<meta property=\"og:type\" content=\"article\" \/>\n<meta property=\"og:title\" content=\"Fusil Winchester \u00e0 r\u00e9p\u00e9tition et \u00e9jection des balles - Denix - R\u00e9plique Manga Cin\u00e9\" \/>\n<meta property=\"og:description\" content=\"Fusil Winchester \u00e0 r\u00e9p\u00e9tition 1873 Denix ultra r\u00e9aliste avec m\u00e9canisme \u00e9jecteur, bois et m\u00e9tal. Vente libre. Pour fans de western et collectionneurs.\" \/>\n<meta property=\"og:url\" content=\"https:\/\/repliquemangacine.fr\/en\/winchester-western-rifle-replicas\/winchester-repeating-rifle-with-denix-bullet-ejection-system\/\" \/>\n<meta property=\"og:site_name\" content=\"R\u00e9plique Manga Cin\u00e9\" \/>\n<meta property=\"article:publisher\" content=\"https:\/\/www.facebook.com\/RepliqueMangaCine\" \/>\n<meta property=\"article:modified_time\" content=\"2025-12-13T15:18:21+00:00\" \/>\n<meta property=\"og:image\" content=\"https:\/\/repliquemangacine.fr\/wp-content\/uploads\/2025\/06\/winchester-mod-73-laiton-denix.jpg\" \/>\n\t<meta property=\"og:image:width\" content=\"600\" \/>\n\t<meta property=\"og:image:height\" content=\"600\" \/>\n\t<meta property=\"og:image:type\" content=\"image\/jpeg\" \/>\n<meta name=\"twitter:card\" content=\"summary_large_image\" \/>\n<meta name=\"twitter:label1\" content=\"Est. reading time\" \/>\n\t<meta name=\"twitter:data1\" content=\"3 minutes\" \/>\n<script type=\"application\/ld+json\" class=\"yoast-schema-graph\">{\"@context\":\"https:\\\/\\\/schema.org\",\"@graph\":[{\"@type\":\"WebPage\",\"@id\":\"https:\\\/\\\/repliquemangacine.fr\\\/repliques-carabine-winchester-western\\\/fusil-winchester-a-repetition-et-ejection-des-balles-denix\\\/\",\"url\":\"https:\\\/\\\/repliquemangacine.fr\\\/repliques-carabine-winchester-western\\\/fusil-winchester-a-repetition-et-ejection-des-balles-denix\\\/\",\"name\":\"Fusil Winchester \u00e0 r\u00e9p\u00e9tition et \u00e9jection des balles - Denix - R\u00e9plique Manga Cin\u00e9\",\"isPartOf\":{\"@id\":\"https:\\\/\\\/repliquemangacine.fr\\\/#website\"},\"primaryImageOfPage\":{\"@id\":\"https:\\\/\\\/repliquemangacine.fr\\\/repliques-carabine-winchester-western\\\/fusil-winchester-a-repetition-et-ejection-des-balles-denix\\\/#primaryimage\"},\"image\":{\"@id\":\"https:\\\/\\\/repliquemangacine.fr\\\/repliques-carabine-winchester-western\\\/fusil-winchester-a-repetition-et-ejection-des-balles-denix\\\/#primaryimage\"},\"thumbnailUrl\":\"https:\\\/\\\/repliquemangacine.fr\\\/wp-content\\\/uploads\\\/2025\\\/06\\\/winchester-mod-73-laiton-denix.jpg\",\"datePublished\":\"2025-06-24T13:46:14+00:00\",\"dateModified\":\"2025-12-13T15:18:21+00:00\",\"description\":\"Fusil Winchester \u00e0 r\u00e9p\u00e9tition 1873 Denix ultra r\u00e9aliste avec m\u00e9canisme \u00e9jecteur, bois et m\u00e9tal. Vente libre. Pour fans de western et collectionneurs.\",\"breadcrumb\":{\"@id\":\"https:\\\/\\\/repliquemangacine.fr\\\/repliques-carabine-winchester-western\\\/fusil-winchester-a-repetition-et-ejection-des-balles-denix\\\/#breadcrumb\"},\"inLanguage\":\"en-US\",\"potentialAction\":[{\"@type\":\"ReadAction\",\"target\":[\"https:\\\/\\\/repliquemangacine.fr\\\/repliques-carabine-winchester-western\\\/fusil-winchester-a-repetition-et-ejection-des-balles-denix\\\/\"]}]},{\"@type\":\"ImageObject\",\"inLanguage\":\"en-US\",\"@id\":\"https:\\\/\\\/repliquemangacine.fr\\\/repliques-carabine-winchester-western\\\/fusil-winchester-a-repetition-et-ejection-des-balles-denix\\\/#primaryimage\",\"url\":\"https:\\\/\\\/repliquemangacine.fr\\\/wp-content\\\/uploads\\\/2025\\\/06\\\/winchester-mod-73-laiton-denix.jpg\",\"contentUrl\":\"https:\\\/\\\/repliquemangacine.fr\\\/wp-content\\\/uploads\\\/2025\\\/06\\\/winchester-mod-73-laiton-denix.jpg\",\"width\":600,\"height\":600,\"caption\":\"Fusil Winchester \u00e0 r\u00e9p\u00e9tition et \u00e9jection des balles Denix\"},{\"@type\":\"BreadcrumbList\",\"@id\":\"https:\\\/\\\/repliquemangacine.fr\\\/repliques-carabine-winchester-western\\\/fusil-winchester-a-repetition-et-ejection-des-balles-denix\\\/#breadcrumb\",\"itemListElement\":[{\"@type\":\"ListItem\",\"position\":1,\"name\":\"Accueil\",\"item\":\"https:\\\/\\\/repliquemangacine.fr\\\/\"},{\"@type\":\"ListItem\",\"position\":2,\"name\":\"Produits\",\"item\":\"https:\\\/\\\/repliquemangacine.fr\\\/boutique\\\/\"},{\"@type\":\"ListItem\",\"position\":3,\"name\":\"Fusil Winchester \u00e0 r\u00e9p\u00e9tition et \u00e9jection des balles &#8211; Denix\"}]},{\"@type\":\"WebSite\",\"@id\":\"https:\\\/\\\/repliquemangacine.fr\\\/#website\",\"url\":\"https:\\\/\\\/repliquemangacine.fr\\\/\",\"name\":\"R\u00e9plique Manga Cin\u00e9\",\"description\":\"\",\"publisher\":{\"@id\":\"https:\\\/\\\/repliquemangacine.fr\\\/#organization\"},\"potentialAction\":[{\"@type\":\"SearchAction\",\"target\":{\"@type\":\"EntryPoint\",\"urlTemplate\":\"https:\\\/\\\/repliquemangacine.fr\\\/?s={search_term_string}\"},\"query-input\":{\"@type\":\"PropertyValueSpecification\",\"valueRequired\":true,\"valueName\":\"search_term_string\"}}],\"inLanguage\":\"en-US\"},{\"@type\":\"Organization\",\"@id\":\"https:\\\/\\\/repliquemangacine.fr\\\/#organization\",\"name\":\"R\u00e9plique Manga Cin\u00e9\",\"url\":\"https:\\\/\\\/repliquemangacine.fr\\\/\",\"logo\":{\"@type\":\"ImageObject\",\"inLanguage\":\"en-US\",\"@id\":\"https:\\\/\\\/repliquemangacine.fr\\\/#\\\/schema\\\/logo\\\/image\\\/\",\"url\":\"https:\\\/\\\/repliquemangacine.fr\\\/wp-content\\\/uploads\\\/2023\\\/10\\\/RMC-500250.png\",\"contentUrl\":\"https:\\\/\\\/repliquemangacine.fr\\\/wp-content\\\/uploads\\\/2023\\\/10\\\/RMC-500250.png\",\"width\":500,\"height\":250,\"caption\":\"R\u00e9plique Manga Cin\u00e9\"},\"image\":{\"@id\":\"https:\\\/\\\/repliquemangacine.fr\\\/#\\\/schema\\\/logo\\\/image\\\/\"},\"sameAs\":[\"https:\\\/\\\/www.facebook.com\\\/RepliqueMangaCine\",\"https:\\\/\\\/www.instagram.com\\\/repliquemangacine.fr\\\/\"]}]}<\/script>\n<!-- \/ Yoast SEO plugin. -->","yoast_head_json":{"title":"Winchester repeating rifle with bullet ejection - Denix - R\u00e9plique Manga Cin\u00e9","description":"Winchester 1873 Denix ultra-realistic repeating rifle with ejector mechanism, wood and metal. Free sale. For western fans and collectors.","robots":{"index":"index","follow":"follow","max-snippet":"max-snippet:-1","max-image-preview":"max-image-preview:large","max-video-preview":"max-video-preview:-1"},"canonical":"https:\/\/repliquemangacine.fr\/en\/winchester-western-rifle-replicas\/winchester-repeating-rifle-with-denix-bullet-ejection-system\/","og_locale":"en_US","og_type":"article","og_title":"Fusil Winchester \u00e0 r\u00e9p\u00e9tition et \u00e9jection des balles - Denix - R\u00e9plique Manga Cin\u00e9","og_description":"Fusil Winchester \u00e0 r\u00e9p\u00e9tition 1873 Denix ultra r\u00e9aliste avec m\u00e9canisme \u00e9jecteur, bois et m\u00e9tal. Vente libre. Pour fans de western et collectionneurs.","og_url":"https:\/\/repliquemangacine.fr\/en\/winchester-western-rifle-replicas\/winchester-repeating-rifle-with-denix-bullet-ejection-system\/","og_site_name":"R\u00e9plique Manga Cin\u00e9","article_publisher":"https:\/\/www.facebook.com\/RepliqueMangaCine","article_modified_time":"2025-12-13T15:18:21+00:00","og_image":[{"width":600,"height":600,"url":"https:\/\/repliquemangacine.fr\/wp-content\/uploads\/2025\/06\/winchester-mod-73-laiton-denix.jpg","type":"image\/jpeg"}],"twitter_card":"summary_large_image","twitter_misc":{"Est. reading time":"3 minutes"},"schema":{"@context":"https:\/\/schema.org","@graph":[{"@type":"WebPage","@id":"https:\/\/repliquemangacine.fr\/repliques-carabine-winchester-western\/fusil-winchester-a-repetition-et-ejection-des-balles-denix\/","url":"https:\/\/repliquemangacine.fr\/repliques-carabine-winchester-western\/fusil-winchester-a-repetition-et-ejection-des-balles-denix\/","name":"Winchester repeating rifle with bullet ejection - Denix - R\u00e9plique Manga Cin\u00e9","isPartOf":{"@id":"https:\/\/repliquemangacine.fr\/#website"},"primaryImageOfPage":{"@id":"https:\/\/repliquemangacine.fr\/repliques-carabine-winchester-western\/fusil-winchester-a-repetition-et-ejection-des-balles-denix\/#primaryimage"},"image":{"@id":"https:\/\/repliquemangacine.fr\/repliques-carabine-winchester-western\/fusil-winchester-a-repetition-et-ejection-des-balles-denix\/#primaryimage"},"thumbnailUrl":"https:\/\/repliquemangacine.fr\/wp-content\/uploads\/2025\/06\/winchester-mod-73-laiton-denix.jpg","datePublished":"2025-06-24T13:46:14+00:00","dateModified":"2025-12-13T15:18:21+00:00","description":"Winchester 1873 Denix ultra-realistic repeating rifle with ejector mechanism, wood and metal. Free sale. For western fans and collectors.","breadcrumb":{"@id":"https:\/\/repliquemangacine.fr\/repliques-carabine-winchester-western\/fusil-winchester-a-repetition-et-ejection-des-balles-denix\/#breadcrumb"},"inLanguage":"en-US","potentialAction":[{"@type":"ReadAction","target":["https:\/\/repliquemangacine.fr\/repliques-carabine-winchester-western\/fusil-winchester-a-repetition-et-ejection-des-balles-denix\/"]}]},{"@type":"ImageObject","inLanguage":"en-US","@id":"https:\/\/repliquemangacine.fr\/repliques-carabine-winchester-western\/fusil-winchester-a-repetition-et-ejection-des-balles-denix\/#primaryimage","url":"https:\/\/repliquemangacine.fr\/wp-content\/uploads\/2025\/06\/winchester-mod-73-laiton-denix.jpg","contentUrl":"https:\/\/repliquemangacine.fr\/wp-content\/uploads\/2025\/06\/winchester-mod-73-laiton-denix.jpg","width":600,"height":600,"caption":"Fusil Winchester \u00e0 r\u00e9p\u00e9tition et \u00e9jection des balles Denix"},{"@type":"BreadcrumbList","@id":"https:\/\/repliquemangacine.fr\/repliques-carabine-winchester-western\/fusil-winchester-a-repetition-et-ejection-des-balles-denix\/#breadcrumb","itemListElement":[{"@type":"ListItem","position":1,"name":"Accueil","item":"https:\/\/repliquemangacine.fr\/"},{"@type":"ListItem","position":2,"name":"Produits","item":"https:\/\/repliquemangacine.fr\/boutique\/"},{"@type":"ListItem","position":3,"name":"Fusil Winchester \u00e0 r\u00e9p\u00e9tition et \u00e9jection des balles &#8211; Denix"}]},{"@type":"WebSite","@id":"https:\/\/repliquemangacine.fr\/#website","url":"https:\/\/repliquemangacine.fr\/","name":"R\u00e9plique Manga Cin\u00e9","description":"","publisher":{"@id":"https:\/\/repliquemangacine.fr\/#organization"},"potentialAction":[{"@type":"SearchAction","target":{"@type":"EntryPoint","urlTemplate":"https:\/\/repliquemangacine.fr\/?s={search_term_string}"},"query-input":{"@type":"PropertyValueSpecification","valueRequired":true,"valueName":"search_term_string"}}],"inLanguage":"en-US"},{"@type":"Organization","@id":"https:\/\/repliquemangacine.fr\/#organization","name":"R\u00e9plique Manga Cin\u00e9","url":"https:\/\/repliquemangacine.fr\/","logo":{"@type":"ImageObject","inLanguage":"en-US","@id":"https:\/\/repliquemangacine.fr\/#\/schema\/logo\/image\/","url":"https:\/\/repliquemangacine.fr\/wp-content\/uploads\/2023\/10\/RMC-500250.png","contentUrl":"https:\/\/repliquemangacine.fr\/wp-content\/uploads\/2023\/10\/RMC-500250.png","width":500,"height":250,"caption":"R\u00e9plique Manga Cin\u00e9"},"image":{"@id":"https:\/\/repliquemangacine.fr\/#\/schema\/logo\/image\/"},"sameAs":["https:\/\/www.facebook.com\/RepliqueMangaCine","https:\/\/www.instagram.com\/repliquemangacine.fr\/"]}]}},"_links":{"self":[{"href":"https:\/\/repliquemangacine.fr\/en\/wp-json\/wp\/v2\/product\/85643","targetHints":{"allow":["GET"]}}],"collection":[{"href":"https:\/\/repliquemangacine.fr\/en\/wp-json\/wp\/v2\/product"}],"about":[{"href":"https:\/\/repliquemangacine.fr\/en\/wp-json\/wp\/v2\/types\/product"}],"wp:featuredmedia":[{"embeddable":true,"href":"https:\/\/repliquemangacine.fr\/en\/wp-json\/wp\/v2\/media\/85644"}],"wp:attachment":[{"href":"https:\/\/repliquemangacine.fr\/en\/wp-json\/wp\/v2\/media?parent=85643"}],"wp:term":[{"taxonomy":"product_brand","embeddable":true,"href":"https:\/\/repliquemangacine.fr\/en\/wp-json\/wp\/v2\/product_brand?post=85643"},{"taxonomy":"product_cat","embeddable":true,"href":"https:\/\/repliquemangacine.fr\/en\/wp-json\/wp\/v2\/product_cat?post=85643"},{"taxonomy":"product_tag","embeddable":true,"href":"https:\/\/repliquemangacine.fr\/en\/wp-json\/wp\/v2\/product_tag?post=85643"}],"curies":[{"name":"wp","href":"https:\/\/api.w.org\/{rel}","templated":true}]}}