





{"id":85608,"date":"2025-06-23T17:45:01","date_gmt":"2025-06-23T15:45:01","guid":{"rendered":"https:\/\/repliquemangacine.fr\/?post_type=product&#038;p=85608"},"modified":"2026-04-16T06:36:19","modified_gmt":"2026-04-16T04:36:19","slug":"official-hedwige-plush-noble-collection-harry-potter","status":"publish","type":"product","link":"https:\/\/repliquemangacine.fr\/en\/collectors-et-goodies-harry-potter\/peluche-hedwige-officielle-noble-collection-harry-potter\/","title":{"rendered":"Official Hedwig plush - Harry Potter"},"content":{"rendered":"<h2>Official Hedwige plush: A soft collector to adopt<\/h2>\n<p>First, discover this <strong>Official Hedwige plush<\/strong>, carefully crafted entirely from polyester fiber to provide long-lasting softness and incredible resistance.<br \/>\nUnder official Warner Bros license, distributed by The <a href=\"https:\/\/noblecollection.fr\/\" target=\"_blank\" rel=\"noopener noreferrer\">Noble Collection.<\/a> Impeccable finish, endearing look and premium quality. A real gem for Harry Potter fans or lovers of white owls.<\/p>\n<p>When it comes to maintenance, manual cleaning is the only way to go. It's simple, fast and gentle on the fibers, avoiding distortion, loss of lustre or premature wear. Gently wipe with a washcloth moistened with warm, soapy water, then rinse with a damp cloth and dry with a dry cloth. Therefore, never use the machine, aggressive spin program, or tumble dryer, guaranteeing longevity, beauty, appearance, and exceptional collection value intact.<\/p>\n<p>Finally, please note that this product is not suitable for children under the age of 36 months.<\/p>\n<h2>Hedwige: much more than an owl, a powerful symbol of the saga<\/h2>\n<p>First of all, Hedwig is much more than an owl. She's Harry's first friend, his messenger, his link to the magical world. Then there's her pure whiteness, noble, loyal... She embodies purity, loyalty, and accompanies Harry through his darkest moments. What's more, her presence comforts and reassures, and adds a poetic touch to every scene in which she appears. She flies through fans' memories as a symbol of tenderness, freedom and deep attachment.<\/p>\n<p>Its tragic end remains engraved in our hearts: it marks a turning point, a loss of innocence, a passage to adulthood. Giving or buying a cuddly toy means rekindling this emotion and keeping a piece of magic close to you. In conclusion, an emotional, rare piece, both decorative and symbolic, perfect for those who still vibrate with each passing owl.<\/p>\n<h2>Discover other Harry Potter treasures on R\u00e9plique Manga Cin\u00e9<\/h2>\n<p>Are you a fan of the magical world? At R\u00e9plique Manga Cin\u00e9, you'll find more than just plush toys: you'll find collectors' items that can't be ignored!<\/p>\n<ul>\n<li>Headlining: the <a href=\"https:\/\/repliquemangacine.fr\/en\/harry-potter-collectors-and-goodies\/firebolt-broom-harry-potter\/\">Firebolt broom<\/a> under official license, just like Harry's during Quidditch matches.<\/li>\n<li>Add to your collection the mythical <a href=\"https:\/\/repliquemangacine.fr\/en\/harry-potter-collectors-and-goodies\/harry-potter-interactive-hat\/\">Magic hat<\/a>with its striking details, straight out of the Great Hall.<\/li>\n<li>Need courage? L'<a href=\"https:\/\/repliquemangacine.fr\/en\/harry-potter-wands-and-goodies\/harry-potter-godric-sword\/\">Godric Gryffindor sword<\/a> awaits you, ready to adorn your wall or complete your cosplay.<\/li>\n<li>And of course, all the official wands are here: Harry, Hermione, Dumbledore, Voldemort and many more. Each piece is carefully selected for true fans of the JK Rowling universe. In conclusion, dive into our store, discover magical treasures and bring your own Harry Potter adventure to life right now!<\/li>\n<\/ul>","protected":false},"excerpt":{"rendered":"<p>Discover this superb official Hedwig plush from Warner Bros and distributed by Noble Collection in the Harry Potter saga.<\/p>\n<ul>\n<li>All in polyester fiber<\/li>\n<li>Under official Warner Bros license distributed by Noble Collection.<\/li>\n<li>Supplied in HP cardboard box<\/li>\n<li>Size: 29 cm long (head to tail)<\/li>\n<li>Do not machine wash<\/li>\n<li>Weight: 304 g<\/li>\n<li><strong>Not suitable for children under 36 months.<\/strong><\/li>\n<\/ul>","protected":false},"featured_media":85609,"template":"","meta":[],"product_brand":[896],"product_cat":[87,41],"product_tag":[],"class_list":{"0":"post-85608","1":"product","2":"type-product","3":"status-publish","4":"has-post-thumbnail","6":"product_brand-replique-manga-cine","7":"product_cat-collectors-et-goodies-harry-potter","8":"product_cat-baguettes-et-goodies-harry-potter","10":"first","11":"instock","12":"taxable","13":"shipping-taxable","14":"purchasable","15":"product-type-simple"},"yoast_head":"<!-- This site is optimized with the Yoast SEO plugin v27.5 - https:\/\/yoast.com\/product\/yoast-seo-wordpress\/ -->\n<title>Peluche Hedwige officielle - Harry Potter - R\u00e9plique Manga Cin\u00e9<\/title>\n<meta name=\"description\" content=\"Adoptez la Peluche Hedwige officielle dans Harry Potter. Douce, fid\u00e8le, sous licence Warner Bros. Un incontournable pour tous les vrais fans de la saga !\" \/>\n<meta name=\"robots\" content=\"index, follow, max-snippet:-1, max-image-preview:large, max-video-preview:-1\" \/>\n<link rel=\"canonical\" href=\"https:\/\/repliquemangacine.fr\/en\/harry-potter-collectors-and-goodies\/official-hedwige-plush-noble-collection-harry-potter\/\" \/>\n<meta property=\"og:locale\" content=\"en_US\" \/>\n<meta property=\"og:type\" content=\"article\" \/>\n<meta property=\"og:title\" content=\"Peluche Hedwige officielle - Harry Potter - R\u00e9plique Manga Cin\u00e9\" \/>\n<meta property=\"og:description\" content=\"Adoptez la Peluche Hedwige officielle dans Harry Potter. Douce, fid\u00e8le, sous licence Warner Bros. Un incontournable pour tous les vrais fans de la saga !\" \/>\n<meta property=\"og:url\" content=\"https:\/\/repliquemangacine.fr\/en\/harry-potter-collectors-and-goodies\/official-hedwige-plush-noble-collection-harry-potter\/\" \/>\n<meta property=\"og:site_name\" content=\"R\u00e9plique Manga Cin\u00e9\" \/>\n<meta property=\"article:publisher\" content=\"https:\/\/www.facebook.com\/RepliqueMangaCine\" \/>\n<meta property=\"article:modified_time\" content=\"2026-04-16T04:36:19+00:00\" \/>\n<meta property=\"og:image\" content=\"https:\/\/repliquemangacine.fr\/wp-content\/uploads\/2025\/06\/Peluche-Hedwige-Harry-Potter.jpg\" \/>\n\t<meta property=\"og:image:width\" content=\"700\" \/>\n\t<meta property=\"og:image:height\" content=\"701\" \/>\n\t<meta property=\"og:image:type\" content=\"image\/jpeg\" \/>\n<meta name=\"twitter:card\" content=\"summary_large_image\" \/>\n<meta name=\"twitter:label1\" content=\"Est. reading time\" \/>\n\t<meta name=\"twitter:data1\" content=\"3 minutes\" \/>\n<script type=\"application\/ld+json\" class=\"yoast-schema-graph\">{\"@context\":\"https:\\\/\\\/schema.org\",\"@graph\":[{\"@type\":\"WebPage\",\"@id\":\"https:\\\/\\\/repliquemangacine.fr\\\/collectors-et-goodies-harry-potter\\\/peluche-hedwige-officielle-noble-collection-harry-potter\\\/\",\"url\":\"https:\\\/\\\/repliquemangacine.fr\\\/collectors-et-goodies-harry-potter\\\/peluche-hedwige-officielle-noble-collection-harry-potter\\\/\",\"name\":\"Peluche Hedwige officielle - Harry Potter - R\u00e9plique Manga Cin\u00e9\",\"isPartOf\":{\"@id\":\"https:\\\/\\\/repliquemangacine.fr\\\/#website\"},\"primaryImageOfPage\":{\"@id\":\"https:\\\/\\\/repliquemangacine.fr\\\/collectors-et-goodies-harry-potter\\\/peluche-hedwige-officielle-noble-collection-harry-potter\\\/#primaryimage\"},\"image\":{\"@id\":\"https:\\\/\\\/repliquemangacine.fr\\\/collectors-et-goodies-harry-potter\\\/peluche-hedwige-officielle-noble-collection-harry-potter\\\/#primaryimage\"},\"thumbnailUrl\":\"https:\\\/\\\/repliquemangacine.fr\\\/wp-content\\\/uploads\\\/2025\\\/06\\\/Peluche-Hedwige-Harry-Potter.jpg\",\"datePublished\":\"2025-06-23T15:45:01+00:00\",\"dateModified\":\"2026-04-16T04:36:19+00:00\",\"description\":\"Adoptez la Peluche Hedwige officielle dans Harry Potter. Douce, fid\u00e8le, sous licence Warner Bros. Un incontournable pour tous les vrais fans de la saga !\",\"breadcrumb\":{\"@id\":\"https:\\\/\\\/repliquemangacine.fr\\\/collectors-et-goodies-harry-potter\\\/peluche-hedwige-officielle-noble-collection-harry-potter\\\/#breadcrumb\"},\"inLanguage\":\"en-US\",\"potentialAction\":[{\"@type\":\"ReadAction\",\"target\":[\"https:\\\/\\\/repliquemangacine.fr\\\/collectors-et-goodies-harry-potter\\\/peluche-hedwige-officielle-noble-collection-harry-potter\\\/\"]}]},{\"@type\":\"ImageObject\",\"inLanguage\":\"en-US\",\"@id\":\"https:\\\/\\\/repliquemangacine.fr\\\/collectors-et-goodies-harry-potter\\\/peluche-hedwige-officielle-noble-collection-harry-potter\\\/#primaryimage\",\"url\":\"https:\\\/\\\/repliquemangacine.fr\\\/wp-content\\\/uploads\\\/2025\\\/06\\\/Peluche-Hedwige-Harry-Potter.jpg\",\"contentUrl\":\"https:\\\/\\\/repliquemangacine.fr\\\/wp-content\\\/uploads\\\/2025\\\/06\\\/Peluche-Hedwige-Harry-Potter.jpg\",\"width\":700,\"height\":701,\"caption\":\"Peluche Hedwige Noble Collection Harry potter\"},{\"@type\":\"BreadcrumbList\",\"@id\":\"https:\\\/\\\/repliquemangacine.fr\\\/collectors-et-goodies-harry-potter\\\/peluche-hedwige-officielle-noble-collection-harry-potter\\\/#breadcrumb\",\"itemListElement\":[{\"@type\":\"ListItem\",\"position\":1,\"name\":\"Accueil\",\"item\":\"https:\\\/\\\/repliquemangacine.fr\\\/\"},{\"@type\":\"ListItem\",\"position\":2,\"name\":\"Produits\",\"item\":\"https:\\\/\\\/repliquemangacine.fr\\\/boutique\\\/\"},{\"@type\":\"ListItem\",\"position\":3,\"name\":\"Peluche Hedwige officielle &#8211; Harry Potter\"}]},{\"@type\":\"WebSite\",\"@id\":\"https:\\\/\\\/repliquemangacine.fr\\\/#website\",\"url\":\"https:\\\/\\\/repliquemangacine.fr\\\/\",\"name\":\"R\u00e9plique Manga Cin\u00e9\",\"description\":\"\",\"publisher\":{\"@id\":\"https:\\\/\\\/repliquemangacine.fr\\\/#organization\"},\"potentialAction\":[{\"@type\":\"SearchAction\",\"target\":{\"@type\":\"EntryPoint\",\"urlTemplate\":\"https:\\\/\\\/repliquemangacine.fr\\\/?s={search_term_string}\"},\"query-input\":{\"@type\":\"PropertyValueSpecification\",\"valueRequired\":true,\"valueName\":\"search_term_string\"}}],\"inLanguage\":\"en-US\"},{\"@type\":\"Organization\",\"@id\":\"https:\\\/\\\/repliquemangacine.fr\\\/#organization\",\"name\":\"R\u00e9plique Manga Cin\u00e9\",\"url\":\"https:\\\/\\\/repliquemangacine.fr\\\/\",\"logo\":{\"@type\":\"ImageObject\",\"inLanguage\":\"en-US\",\"@id\":\"https:\\\/\\\/repliquemangacine.fr\\\/#\\\/schema\\\/logo\\\/image\\\/\",\"url\":\"https:\\\/\\\/repliquemangacine.fr\\\/wp-content\\\/uploads\\\/2023\\\/10\\\/RMC-500250.png\",\"contentUrl\":\"https:\\\/\\\/repliquemangacine.fr\\\/wp-content\\\/uploads\\\/2023\\\/10\\\/RMC-500250.png\",\"width\":500,\"height\":250,\"caption\":\"R\u00e9plique Manga Cin\u00e9\"},\"image\":{\"@id\":\"https:\\\/\\\/repliquemangacine.fr\\\/#\\\/schema\\\/logo\\\/image\\\/\"},\"sameAs\":[\"https:\\\/\\\/www.facebook.com\\\/RepliqueMangaCine\",\"https:\\\/\\\/www.instagram.com\\\/repliquemangacine.fr\\\/\"]}]}<\/script>\n<!-- \/ Yoast SEO plugin. -->","yoast_head_json":{"title":"Official Hedwig plush - Harry Potter - R\u00e9plique Manga Cin\u00e9","description":"Adopt the official Harry Potter Hedwig Plush. Soft, faithful and licensed by Warner Bros. A must-have for all true fans of the saga!","robots":{"index":"index","follow":"follow","max-snippet":"max-snippet:-1","max-image-preview":"max-image-preview:large","max-video-preview":"max-video-preview:-1"},"canonical":"https:\/\/repliquemangacine.fr\/en\/harry-potter-collectors-and-goodies\/official-hedwige-plush-noble-collection-harry-potter\/","og_locale":"en_US","og_type":"article","og_title":"Peluche Hedwige officielle - Harry Potter - R\u00e9plique Manga Cin\u00e9","og_description":"Adoptez la Peluche Hedwige officielle dans Harry Potter. Douce, fid\u00e8le, sous licence Warner Bros. Un incontournable pour tous les vrais fans de la saga !","og_url":"https:\/\/repliquemangacine.fr\/en\/harry-potter-collectors-and-goodies\/official-hedwige-plush-noble-collection-harry-potter\/","og_site_name":"R\u00e9plique Manga Cin\u00e9","article_publisher":"https:\/\/www.facebook.com\/RepliqueMangaCine","article_modified_time":"2026-04-16T04:36:19+00:00","og_image":[{"width":700,"height":701,"url":"https:\/\/repliquemangacine.fr\/wp-content\/uploads\/2025\/06\/Peluche-Hedwige-Harry-Potter.jpg","type":"image\/jpeg"}],"twitter_card":"summary_large_image","twitter_misc":{"Est. reading time":"3 minutes"},"schema":{"@context":"https:\/\/schema.org","@graph":[{"@type":"WebPage","@id":"https:\/\/repliquemangacine.fr\/collectors-et-goodies-harry-potter\/peluche-hedwige-officielle-noble-collection-harry-potter\/","url":"https:\/\/repliquemangacine.fr\/collectors-et-goodies-harry-potter\/peluche-hedwige-officielle-noble-collection-harry-potter\/","name":"Official Hedwig plush - Harry Potter - R\u00e9plique Manga Cin\u00e9","isPartOf":{"@id":"https:\/\/repliquemangacine.fr\/#website"},"primaryImageOfPage":{"@id":"https:\/\/repliquemangacine.fr\/collectors-et-goodies-harry-potter\/peluche-hedwige-officielle-noble-collection-harry-potter\/#primaryimage"},"image":{"@id":"https:\/\/repliquemangacine.fr\/collectors-et-goodies-harry-potter\/peluche-hedwige-officielle-noble-collection-harry-potter\/#primaryimage"},"thumbnailUrl":"https:\/\/repliquemangacine.fr\/wp-content\/uploads\/2025\/06\/Peluche-Hedwige-Harry-Potter.jpg","datePublished":"2025-06-23T15:45:01+00:00","dateModified":"2026-04-16T04:36:19+00:00","description":"Adopt the official Harry Potter Hedwig Plush. Soft, faithful and licensed by Warner Bros. A must-have for all true fans of the saga!","breadcrumb":{"@id":"https:\/\/repliquemangacine.fr\/collectors-et-goodies-harry-potter\/peluche-hedwige-officielle-noble-collection-harry-potter\/#breadcrumb"},"inLanguage":"en-US","potentialAction":[{"@type":"ReadAction","target":["https:\/\/repliquemangacine.fr\/collectors-et-goodies-harry-potter\/peluche-hedwige-officielle-noble-collection-harry-potter\/"]}]},{"@type":"ImageObject","inLanguage":"en-US","@id":"https:\/\/repliquemangacine.fr\/collectors-et-goodies-harry-potter\/peluche-hedwige-officielle-noble-collection-harry-potter\/#primaryimage","url":"https:\/\/repliquemangacine.fr\/wp-content\/uploads\/2025\/06\/Peluche-Hedwige-Harry-Potter.jpg","contentUrl":"https:\/\/repliquemangacine.fr\/wp-content\/uploads\/2025\/06\/Peluche-Hedwige-Harry-Potter.jpg","width":700,"height":701,"caption":"Peluche Hedwige Noble Collection Harry potter"},{"@type":"BreadcrumbList","@id":"https:\/\/repliquemangacine.fr\/collectors-et-goodies-harry-potter\/peluche-hedwige-officielle-noble-collection-harry-potter\/#breadcrumb","itemListElement":[{"@type":"ListItem","position":1,"name":"Accueil","item":"https:\/\/repliquemangacine.fr\/"},{"@type":"ListItem","position":2,"name":"Produits","item":"https:\/\/repliquemangacine.fr\/boutique\/"},{"@type":"ListItem","position":3,"name":"Peluche Hedwige officielle &#8211; Harry Potter"}]},{"@type":"WebSite","@id":"https:\/\/repliquemangacine.fr\/#website","url":"https:\/\/repliquemangacine.fr\/","name":"R\u00e9plique Manga Cin\u00e9","description":"","publisher":{"@id":"https:\/\/repliquemangacine.fr\/#organization"},"potentialAction":[{"@type":"SearchAction","target":{"@type":"EntryPoint","urlTemplate":"https:\/\/repliquemangacine.fr\/?s={search_term_string}"},"query-input":{"@type":"PropertyValueSpecification","valueRequired":true,"valueName":"search_term_string"}}],"inLanguage":"en-US"},{"@type":"Organization","@id":"https:\/\/repliquemangacine.fr\/#organization","name":"R\u00e9plique Manga Cin\u00e9","url":"https:\/\/repliquemangacine.fr\/","logo":{"@type":"ImageObject","inLanguage":"en-US","@id":"https:\/\/repliquemangacine.fr\/#\/schema\/logo\/image\/","url":"https:\/\/repliquemangacine.fr\/wp-content\/uploads\/2023\/10\/RMC-500250.png","contentUrl":"https:\/\/repliquemangacine.fr\/wp-content\/uploads\/2023\/10\/RMC-500250.png","width":500,"height":250,"caption":"R\u00e9plique Manga Cin\u00e9"},"image":{"@id":"https:\/\/repliquemangacine.fr\/#\/schema\/logo\/image\/"},"sameAs":["https:\/\/www.facebook.com\/RepliqueMangaCine","https:\/\/www.instagram.com\/repliquemangacine.fr\/"]}]}},"_links":{"self":[{"href":"https:\/\/repliquemangacine.fr\/en\/wp-json\/wp\/v2\/product\/85608","targetHints":{"allow":["GET"]}}],"collection":[{"href":"https:\/\/repliquemangacine.fr\/en\/wp-json\/wp\/v2\/product"}],"about":[{"href":"https:\/\/repliquemangacine.fr\/en\/wp-json\/wp\/v2\/types\/product"}],"wp:featuredmedia":[{"embeddable":true,"href":"https:\/\/repliquemangacine.fr\/en\/wp-json\/wp\/v2\/media\/85609"}],"wp:attachment":[{"href":"https:\/\/repliquemangacine.fr\/en\/wp-json\/wp\/v2\/media?parent=85608"}],"wp:term":[{"taxonomy":"product_brand","embeddable":true,"href":"https:\/\/repliquemangacine.fr\/en\/wp-json\/wp\/v2\/product_brand?post=85608"},{"taxonomy":"product_cat","embeddable":true,"href":"https:\/\/repliquemangacine.fr\/en\/wp-json\/wp\/v2\/product_cat?post=85608"},{"taxonomy":"product_tag","embeddable":true,"href":"https:\/\/repliquemangacine.fr\/en\/wp-json\/wp\/v2\/product_tag?post=85608"}],"curies":[{"name":"wp","href":"https:\/\/api.w.org\/{rel}","templated":true}]}}