





{"id":85578,"date":"2025-06-22T17:49:19","date_gmt":"2025-06-22T15:49:19","guid":{"rendered":"https:\/\/repliquemangacine.fr\/?post_type=product&#038;p=85578"},"modified":"2026-02-19T10:18:50","modified_gmt":"2026-02-19T09:18:50","slug":"converted-barrel-remington-1858-kolser","status":"publish","type":"product","link":"https:\/\/repliquemangacine.fr\/en\/arme-kolser\/barillet-converti-remington-1858-kolser\/","title":{"rendered":"Remington 1858 Kolser converted barrel"},"content":{"rendered":"<h2>Barillet converti - Modernity and efficiency<\/h2>\n<p>First of all, this accessory reproduces the converted Barrel, typical of the post-American transition of Civil War weapons. Made from high-quality zamak and finished in black.<\/p>\n<p>This drum model corresponds to the converted Remington 1858 revolver, like the one Clint Eastwood swears by in Pale Rider (1985). In the film, the legendary gunman not only uses this weapon, but also carries with him several additional drums ready to reload, a strategy that gives him an essential tactical advantage.<\/p>\n<p>With this accessory <a href=\"https:\/\/kolser.com\/\" target=\"_blank\" rel=\"noopener noreferrer\">Kolser<\/a>You can recreate the same Old West experience and complete your replica for exhibitions, historical hobbies or simply to enjoy a legendary piece.<\/p>\n<h2>Barrel exclusive to Remington model converted 1858 Kolser<\/h2>\n<p>First and foremost, this converted barrel for Remington 1858 Kolser lets you switch to a modernized version. Without real cartridges, but with a bluffing visual and sound system. Designed to accept Colt dummy bullets, it features a special housing at the rear of each chamber for a firecracker primer. This reproduces the sound of a real shot during your stagings.<\/p>\n<p>In addition, its integrated extractor makes it easy to eject dummy sockets. The chrome finish ensures smooth movement and protects the internal components. Thanks to this design, you benefit from a faithful replica that's also safe and perfectly suited to animation or cosplay.<\/p>\n<p>Finally, this barrel can be changed in seconds, without tools, thanks to its drop-in system. It's the essential accessory for enthusiasts who want to combine authentic aesthetics, realistic handling and impressive sound effects, without any risk.<\/p>\n<h2>Essential accessories for a complete Remington 1858 ready for action<\/h2>\n<p>To fully experience the Wild West and enhance your Remington 1858, certain accessories are simply essential. Starting with the leather holster specially designed for this model. Accompanied by its integrated cartridge pouch, it offers not only comfortable carrying but also an authentic cowboy look. Even better: it features a double slot for additional barrels, allowing you to switch between percussion and converted versions at any time.<\/p>\n<p>In addition, to accentuate sound and visual realism, the <a href=\"https:\/\/repliquemangacine.fr\/en\/kolser-gun\/blister-pack-208-kolser-primers\/\">firecracker primers<\/a> are essential. They fit directly onto the percussion barrel pin or into the slot at the rear of the converted model, adding a bluffing, safe shooting effect.<\/p>\n<p>Finally, to complete the illusion, the <a href=\"https:\/\/repliquemangacine.fr\/en\/kolser-gun\/6-dummy-bullets-for-colt-45-kolser\/\">dummy bullets for Colt<\/a> are inserted into the chambers of converted barrels. They add the perfect finishing touch to your re-enactment scenes, exhibitions or photo shoots. Together, these accessories transform your revolver into a living piece of history, ready to impress.<\/p>","protected":false},"excerpt":{"rendered":"<p>Recreate the historic conversion of the Remington 1858 with this converted barrel adapted for Kolser metal cartridges.<\/p>\n<ul>\n<li>Designed exclusively for Kolser's Remington 1858 Converted replica<\/li>\n<li>Made of high-quality zamak and finished in black.<\/li>\n<li><strong>IMPORTANT:<\/strong> This drum has been designed exclusively for the Remington 1858 Converted. It is <strong>not compatible with percussion model<\/strong> classic, as both have different mechanisms. Don't swap drums between models. Make sure you get the right one for your replica.<\/li>\n<\/ul>","protected":false},"featured_media":85579,"template":"","meta":[],"product_brand":[896],"product_cat":[51,100,90],"product_tag":[],"class_list":{"0":"post-85578","1":"product","2":"type-product","3":"status-publish","4":"has-post-thumbnail","6":"product_brand-replique-manga-cine","7":"product_cat-accessoires-western","8":"product_cat-arme-kolser","9":"product_cat-holster-accessoires-western","11":"first","12":"outofstock","13":"taxable","14":"shipping-taxable","15":"purchasable","16":"product-type-simple"},"yoast_head":"<!-- This site is optimized with the Yoast SEO plugin v27.5 - https:\/\/yoast.com\/product\/yoast-seo-wordpress\/ -->\n<title>Barillet converti Remington 1858 Kolser - R\u00e9plique Manga Cin\u00e9<\/title>\n<meta name=\"description\" content=\"Recr\u00e9er la conversion historique du Remington 1858 avec ce Barillet converti adapt\u00e9 pour les cartouches en m\u00e9tal Kolser. Zamac de haute qualit\u00e9.\" \/>\n<meta name=\"robots\" content=\"index, follow, max-snippet:-1, max-image-preview:large, max-video-preview:-1\" \/>\n<link rel=\"canonical\" href=\"https:\/\/repliquemangacine.fr\/en\/kolser-gun\/converted-barrel-remington-1858-kolser\/\" \/>\n<meta property=\"og:locale\" content=\"en_US\" \/>\n<meta property=\"og:type\" content=\"article\" \/>\n<meta property=\"og:title\" content=\"Barillet converti Remington 1858 Kolser - R\u00e9plique Manga Cin\u00e9\" \/>\n<meta property=\"og:description\" content=\"Recr\u00e9er la conversion historique du Remington 1858 avec ce Barillet converti adapt\u00e9 pour les cartouches en m\u00e9tal Kolser. Zamac de haute qualit\u00e9.\" \/>\n<meta property=\"og:url\" content=\"https:\/\/repliquemangacine.fr\/en\/kolser-gun\/converted-barrel-remington-1858-kolser\/\" \/>\n<meta property=\"og:site_name\" content=\"R\u00e9plique Manga Cin\u00e9\" \/>\n<meta property=\"article:publisher\" content=\"https:\/\/www.facebook.com\/RepliqueMangaCine\" \/>\n<meta property=\"article:modified_time\" content=\"2026-02-19T09:18:50+00:00\" \/>\n<meta property=\"og:image\" content=\"https:\/\/repliquemangacine.fr\/wp-content\/uploads\/2025\/06\/barillet-converti.jpg\" \/>\n\t<meta property=\"og:image:width\" content=\"800\" \/>\n\t<meta property=\"og:image:height\" content=\"800\" \/>\n\t<meta property=\"og:image:type\" content=\"image\/jpeg\" \/>\n<meta name=\"twitter:card\" content=\"summary_large_image\" \/>\n<meta name=\"twitter:label1\" content=\"Est. reading time\" \/>\n\t<meta name=\"twitter:data1\" content=\"3 minutes\" \/>\n<script type=\"application\/ld+json\" class=\"yoast-schema-graph\">{\"@context\":\"https:\\\/\\\/schema.org\",\"@graph\":[{\"@type\":\"WebPage\",\"@id\":\"https:\\\/\\\/repliquemangacine.fr\\\/arme-kolser\\\/barillet-converti-remington-1858-kolser\\\/\",\"url\":\"https:\\\/\\\/repliquemangacine.fr\\\/arme-kolser\\\/barillet-converti-remington-1858-kolser\\\/\",\"name\":\"Barillet converti Remington 1858 Kolser - R\u00e9plique Manga Cin\u00e9\",\"isPartOf\":{\"@id\":\"https:\\\/\\\/repliquemangacine.fr\\\/#website\"},\"primaryImageOfPage\":{\"@id\":\"https:\\\/\\\/repliquemangacine.fr\\\/arme-kolser\\\/barillet-converti-remington-1858-kolser\\\/#primaryimage\"},\"image\":{\"@id\":\"https:\\\/\\\/repliquemangacine.fr\\\/arme-kolser\\\/barillet-converti-remington-1858-kolser\\\/#primaryimage\"},\"thumbnailUrl\":\"https:\\\/\\\/repliquemangacine.fr\\\/wp-content\\\/uploads\\\/2025\\\/06\\\/barillet-converti.jpg\",\"datePublished\":\"2025-06-22T15:49:19+00:00\",\"dateModified\":\"2026-02-19T09:18:50+00:00\",\"description\":\"Recr\u00e9er la conversion historique du Remington 1858 avec ce Barillet converti adapt\u00e9 pour les cartouches en m\u00e9tal Kolser. Zamac de haute qualit\u00e9.\",\"breadcrumb\":{\"@id\":\"https:\\\/\\\/repliquemangacine.fr\\\/arme-kolser\\\/barillet-converti-remington-1858-kolser\\\/#breadcrumb\"},\"inLanguage\":\"en-US\",\"potentialAction\":[{\"@type\":\"ReadAction\",\"target\":[\"https:\\\/\\\/repliquemangacine.fr\\\/arme-kolser\\\/barillet-converti-remington-1858-kolser\\\/\"]}]},{\"@type\":\"ImageObject\",\"inLanguage\":\"en-US\",\"@id\":\"https:\\\/\\\/repliquemangacine.fr\\\/arme-kolser\\\/barillet-converti-remington-1858-kolser\\\/#primaryimage\",\"url\":\"https:\\\/\\\/repliquemangacine.fr\\\/wp-content\\\/uploads\\\/2025\\\/06\\\/barillet-converti.jpg\",\"contentUrl\":\"https:\\\/\\\/repliquemangacine.fr\\\/wp-content\\\/uploads\\\/2025\\\/06\\\/barillet-converti.jpg\",\"width\":800,\"height\":800,\"caption\":\"Barillet converti Remington 1858 Kolser\"},{\"@type\":\"BreadcrumbList\",\"@id\":\"https:\\\/\\\/repliquemangacine.fr\\\/arme-kolser\\\/barillet-converti-remington-1858-kolser\\\/#breadcrumb\",\"itemListElement\":[{\"@type\":\"ListItem\",\"position\":1,\"name\":\"Accueil\",\"item\":\"https:\\\/\\\/repliquemangacine.fr\\\/\"},{\"@type\":\"ListItem\",\"position\":2,\"name\":\"Produits\",\"item\":\"https:\\\/\\\/repliquemangacine.fr\\\/boutique\\\/\"},{\"@type\":\"ListItem\",\"position\":3,\"name\":\"Barillet converti Remington 1858 Kolser\"}]},{\"@type\":\"WebSite\",\"@id\":\"https:\\\/\\\/repliquemangacine.fr\\\/#website\",\"url\":\"https:\\\/\\\/repliquemangacine.fr\\\/\",\"name\":\"R\u00e9plique Manga Cin\u00e9\",\"description\":\"\",\"publisher\":{\"@id\":\"https:\\\/\\\/repliquemangacine.fr\\\/#organization\"},\"potentialAction\":[{\"@type\":\"SearchAction\",\"target\":{\"@type\":\"EntryPoint\",\"urlTemplate\":\"https:\\\/\\\/repliquemangacine.fr\\\/?s={search_term_string}\"},\"query-input\":{\"@type\":\"PropertyValueSpecification\",\"valueRequired\":true,\"valueName\":\"search_term_string\"}}],\"inLanguage\":\"en-US\"},{\"@type\":\"Organization\",\"@id\":\"https:\\\/\\\/repliquemangacine.fr\\\/#organization\",\"name\":\"R\u00e9plique Manga Cin\u00e9\",\"url\":\"https:\\\/\\\/repliquemangacine.fr\\\/\",\"logo\":{\"@type\":\"ImageObject\",\"inLanguage\":\"en-US\",\"@id\":\"https:\\\/\\\/repliquemangacine.fr\\\/#\\\/schema\\\/logo\\\/image\\\/\",\"url\":\"https:\\\/\\\/repliquemangacine.fr\\\/wp-content\\\/uploads\\\/2023\\\/10\\\/RMC-500250.png\",\"contentUrl\":\"https:\\\/\\\/repliquemangacine.fr\\\/wp-content\\\/uploads\\\/2023\\\/10\\\/RMC-500250.png\",\"width\":500,\"height\":250,\"caption\":\"R\u00e9plique Manga Cin\u00e9\"},\"image\":{\"@id\":\"https:\\\/\\\/repliquemangacine.fr\\\/#\\\/schema\\\/logo\\\/image\\\/\"},\"sameAs\":[\"https:\\\/\\\/www.facebook.com\\\/RepliqueMangaCine\",\"https:\\\/\\\/www.instagram.com\\\/repliquemangacine.fr\\\/\"]}]}<\/script>\n<!-- \/ Yoast SEO plugin. -->","yoast_head_json":{"title":"Remington 1858 Kolser converted cylinder - R\u00e9plique Manga Cin\u00e9","description":"Recreate the historic Remington 1858 conversion with this converted barrel suitable for Kolser metal cartridges. High-quality Zamac.","robots":{"index":"index","follow":"follow","max-snippet":"max-snippet:-1","max-image-preview":"max-image-preview:large","max-video-preview":"max-video-preview:-1"},"canonical":"https:\/\/repliquemangacine.fr\/en\/kolser-gun\/converted-barrel-remington-1858-kolser\/","og_locale":"en_US","og_type":"article","og_title":"Barillet converti Remington 1858 Kolser - R\u00e9plique Manga Cin\u00e9","og_description":"Recr\u00e9er la conversion historique du Remington 1858 avec ce Barillet converti adapt\u00e9 pour les cartouches en m\u00e9tal Kolser. Zamac de haute qualit\u00e9.","og_url":"https:\/\/repliquemangacine.fr\/en\/kolser-gun\/converted-barrel-remington-1858-kolser\/","og_site_name":"R\u00e9plique Manga Cin\u00e9","article_publisher":"https:\/\/www.facebook.com\/RepliqueMangaCine","article_modified_time":"2026-02-19T09:18:50+00:00","og_image":[{"width":800,"height":800,"url":"https:\/\/repliquemangacine.fr\/wp-content\/uploads\/2025\/06\/barillet-converti.jpg","type":"image\/jpeg"}],"twitter_card":"summary_large_image","twitter_misc":{"Est. reading time":"3 minutes"},"schema":{"@context":"https:\/\/schema.org","@graph":[{"@type":"WebPage","@id":"https:\/\/repliquemangacine.fr\/arme-kolser\/barillet-converti-remington-1858-kolser\/","url":"https:\/\/repliquemangacine.fr\/arme-kolser\/barillet-converti-remington-1858-kolser\/","name":"Remington 1858 Kolser converted cylinder - R\u00e9plique Manga Cin\u00e9","isPartOf":{"@id":"https:\/\/repliquemangacine.fr\/#website"},"primaryImageOfPage":{"@id":"https:\/\/repliquemangacine.fr\/arme-kolser\/barillet-converti-remington-1858-kolser\/#primaryimage"},"image":{"@id":"https:\/\/repliquemangacine.fr\/arme-kolser\/barillet-converti-remington-1858-kolser\/#primaryimage"},"thumbnailUrl":"https:\/\/repliquemangacine.fr\/wp-content\/uploads\/2025\/06\/barillet-converti.jpg","datePublished":"2025-06-22T15:49:19+00:00","dateModified":"2026-02-19T09:18:50+00:00","description":"Recreate the historic Remington 1858 conversion with this converted barrel suitable for Kolser metal cartridges. High-quality Zamac.","breadcrumb":{"@id":"https:\/\/repliquemangacine.fr\/arme-kolser\/barillet-converti-remington-1858-kolser\/#breadcrumb"},"inLanguage":"en-US","potentialAction":[{"@type":"ReadAction","target":["https:\/\/repliquemangacine.fr\/arme-kolser\/barillet-converti-remington-1858-kolser\/"]}]},{"@type":"ImageObject","inLanguage":"en-US","@id":"https:\/\/repliquemangacine.fr\/arme-kolser\/barillet-converti-remington-1858-kolser\/#primaryimage","url":"https:\/\/repliquemangacine.fr\/wp-content\/uploads\/2025\/06\/barillet-converti.jpg","contentUrl":"https:\/\/repliquemangacine.fr\/wp-content\/uploads\/2025\/06\/barillet-converti.jpg","width":800,"height":800,"caption":"Barillet converti Remington 1858 Kolser"},{"@type":"BreadcrumbList","@id":"https:\/\/repliquemangacine.fr\/arme-kolser\/barillet-converti-remington-1858-kolser\/#breadcrumb","itemListElement":[{"@type":"ListItem","position":1,"name":"Accueil","item":"https:\/\/repliquemangacine.fr\/"},{"@type":"ListItem","position":2,"name":"Produits","item":"https:\/\/repliquemangacine.fr\/boutique\/"},{"@type":"ListItem","position":3,"name":"Barillet converti Remington 1858 Kolser"}]},{"@type":"WebSite","@id":"https:\/\/repliquemangacine.fr\/#website","url":"https:\/\/repliquemangacine.fr\/","name":"R\u00e9plique Manga Cin\u00e9","description":"","publisher":{"@id":"https:\/\/repliquemangacine.fr\/#organization"},"potentialAction":[{"@type":"SearchAction","target":{"@type":"EntryPoint","urlTemplate":"https:\/\/repliquemangacine.fr\/?s={search_term_string}"},"query-input":{"@type":"PropertyValueSpecification","valueRequired":true,"valueName":"search_term_string"}}],"inLanguage":"en-US"},{"@type":"Organization","@id":"https:\/\/repliquemangacine.fr\/#organization","name":"R\u00e9plique Manga Cin\u00e9","url":"https:\/\/repliquemangacine.fr\/","logo":{"@type":"ImageObject","inLanguage":"en-US","@id":"https:\/\/repliquemangacine.fr\/#\/schema\/logo\/image\/","url":"https:\/\/repliquemangacine.fr\/wp-content\/uploads\/2023\/10\/RMC-500250.png","contentUrl":"https:\/\/repliquemangacine.fr\/wp-content\/uploads\/2023\/10\/RMC-500250.png","width":500,"height":250,"caption":"R\u00e9plique Manga Cin\u00e9"},"image":{"@id":"https:\/\/repliquemangacine.fr\/#\/schema\/logo\/image\/"},"sameAs":["https:\/\/www.facebook.com\/RepliqueMangaCine","https:\/\/www.instagram.com\/repliquemangacine.fr\/"]}]}},"_links":{"self":[{"href":"https:\/\/repliquemangacine.fr\/en\/wp-json\/wp\/v2\/product\/85578","targetHints":{"allow":["GET"]}}],"collection":[{"href":"https:\/\/repliquemangacine.fr\/en\/wp-json\/wp\/v2\/product"}],"about":[{"href":"https:\/\/repliquemangacine.fr\/en\/wp-json\/wp\/v2\/types\/product"}],"wp:featuredmedia":[{"embeddable":true,"href":"https:\/\/repliquemangacine.fr\/en\/wp-json\/wp\/v2\/media\/85579"}],"wp:attachment":[{"href":"https:\/\/repliquemangacine.fr\/en\/wp-json\/wp\/v2\/media?parent=85578"}],"wp:term":[{"taxonomy":"product_brand","embeddable":true,"href":"https:\/\/repliquemangacine.fr\/en\/wp-json\/wp\/v2\/product_brand?post=85578"},{"taxonomy":"product_cat","embeddable":true,"href":"https:\/\/repliquemangacine.fr\/en\/wp-json\/wp\/v2\/product_cat?post=85578"},{"taxonomy":"product_tag","embeddable":true,"href":"https:\/\/repliquemangacine.fr\/en\/wp-json\/wp\/v2\/product_tag?post=85578"}],"curies":[{"name":"wp","href":"https:\/\/api.w.org\/{rel}","templated":true}]}}