





{"id":85576,"date":"2025-06-22T17:25:20","date_gmt":"2025-06-22T15:25:20","guid":{"rendered":"https:\/\/repliquemangacine.fr\/?post_type=product&#038;p=85576"},"modified":"2026-04-27T15:40:19","modified_gmt":"2026-04-27T13:40:19","slug":"additional-percussion-barrel-remington-1858-kolser","status":"publish","type":"product","link":"https:\/\/repliquemangacine.fr\/en\/arme-kolser\/barillet-a-percussion-supplementaire-remington-1858-kolser\/","title":{"rendered":"Remington 1858 Kolser supplementary percussion barrel"},"content":{"rendered":"<h2>Additional percussion barrel - Uncompromising authenticity<\/h2>\n<p>First, complete your Remington 1858 replica with this Replacement Percussion Barrel <a href=\"https:\/\/kolser.com\/\" target=\"_blank\" rel=\"noopener noreferrer\">Kolser<\/a> original. Designed specifically for the classic percussion model. This accessory lets you simulate the revolver's most innovative function: rapid drum change in combat.<\/p>\n<p>Made from the same materials and finishes as the main replica. This drum faithfully reproduces the design used by the Union Army during the Civil War. Ideal for collectors, historical Western recreationists and enthusiasts who want a more authentic experience.<\/p>\n<p>This is the drum model that corresponds to the New Army 1858 percussion revolver, the same type of weapon brandished by Jamie Foxx in Django Unchained (2012).<\/p>\n<h2>Exclusive barrel for the Remington 1858 percussion model<\/h2>\n<p>First and foremost, this percussion barrel transforms your Remington 1858 Kolser into a veritable machine for reliving history. Made from treated steel, it has exactly the same six-chamber capacity. The positioning of the chimneys and the interior conical shape.<\/p>\n<p>Secondly, each chamber is fitted with a small pin designed to receive a firecracker primer directly, providing an animation faithful to the original system. Thanks to this compatibility and its fluid indexing system, you can prepare several barrels in advance, doubling your firing capacity for re-enactments or exhibitions.<\/p>\n<p>Finally, the polished surface limits clogging, making it easy to clean. This percussion barrel is the perfect accessory for enthusiasts looking for a realistic experience. No powder or projectiles, but guaranteed sound and mechanical effect.<\/p>\n<h2>Essential accessories for a complete Remington 1858 ready for action<\/h2>\n<p>To fully experience the Wild West and enhance your Remington 1858, certain accessories are simply essential. Starting with the leather holster specially designed for this model. Accompanied by its integrated cartridge pouch, it offers not only comfortable carrying but also an authentic cowboy look. Even better: it features a double slot for additional barrels, allowing you to switch between percussion and converted versions at any time.<\/p>\n<p>In addition, to accentuate sound and visual realism, the <a href=\"https:\/\/repliquemangacine.fr\/en\/kolser-gun\/blister-pack-208-kolser-primers\/\">firecracker primers<\/a> are essential. They fit directly onto the percussion barrel pin or into the slot at the rear of the converted model, adding a bluffing, safe shooting effect.<\/p>\n<p>Finally, to complete the illusion, the<a href=\"https:\/\/repliquemangacine.fr\/en\/kolser-gun\/6-dummy-bullets-for-colt-45-kolser\/\"> dummy bullets for Colt<\/a> are inserted into the chambers of converted barrels. They add the perfect finishing touch to your re-enactment scenes, exhibitions or photo shoots. Together, these accessories transform your revolver into a living piece of history, ready to impress.<\/p>","protected":false},"excerpt":{"rendered":"<p>Complete your Remington 1858 replica with this Kolser replacement percussion barrel.<\/p>\n<ul>\n<li>Designed specifically for the classic percussion model<\/li>\n<li>In high-quality zamak<\/li>\n<li><strong>IMPORTANT<\/strong>: The percussion mechanism of the Remington 1858 is not <strong>NOT<\/strong> equal to that of the Remington 1858 Convertie<br \/>\nThis is why the drums cannot be interchanged between these two models.<br \/>\nIf you buy an extra drum, make sure it's for the right model. <strong>They are not compatible with each other<\/strong>.<\/li>\n<\/ul>","protected":false},"featured_media":85571,"template":"","meta":[],"product_brand":[896],"product_cat":[51,100,90,27],"product_tag":[],"class_list":{"0":"post-85576","1":"product","2":"type-product","3":"status-publish","4":"has-post-thumbnail","6":"product_brand-replique-manga-cine","7":"product_cat-accessoires-western","8":"product_cat-arme-kolser","9":"product_cat-holster-accessoires-western","10":"product_cat-armes-et-accessoires-western","12":"first","13":"instock","14":"taxable","15":"shipping-taxable","16":"purchasable","17":"product-type-simple"},"yoast_head":"<!-- This site is optimized with the Yoast SEO plugin v27.5 - https:\/\/yoast.com\/product\/yoast-seo-wordpress\/ -->\n<title>Barillet \u00e0 percussion suppl\u00e9mentaire Remington 1858 Kolser - R\u00e9plique Manga Cin\u00e9<\/title>\n<meta name=\"description\" content=\"Compl\u00e9tez votre r\u00e9plique Remington 1858 avec ce Barillet \u00e0 percussion de remplacement Kolser. Accepte les amorces p\u00e9tards. Tout en zamac\" \/>\n<meta name=\"robots\" content=\"index, follow, max-snippet:-1, max-image-preview:large, max-video-preview:-1\" \/>\n<link rel=\"canonical\" href=\"https:\/\/repliquemangacine.fr\/en\/kolser-gun\/additional-percussion-barrel-remington-1858-kolser\/\" \/>\n<meta property=\"og:locale\" content=\"en_US\" \/>\n<meta property=\"og:type\" content=\"article\" \/>\n<meta property=\"og:title\" content=\"Barillet \u00e0 percussion suppl\u00e9mentaire Remington 1858 Kolser - R\u00e9plique Manga Cin\u00e9\" \/>\n<meta property=\"og:description\" content=\"Compl\u00e9tez votre r\u00e9plique Remington 1858 avec ce Barillet \u00e0 percussion de remplacement Kolser. Accepte les amorces p\u00e9tards. Tout en zamac\" \/>\n<meta property=\"og:url\" content=\"https:\/\/repliquemangacine.fr\/en\/kolser-gun\/additional-percussion-barrel-remington-1858-kolser\/\" \/>\n<meta property=\"og:site_name\" content=\"R\u00e9plique Manga Cin\u00e9\" \/>\n<meta property=\"article:publisher\" content=\"https:\/\/www.facebook.com\/RepliqueMangaCine\" \/>\n<meta property=\"article:modified_time\" content=\"2026-04-27T13:40:19+00:00\" \/>\n<meta property=\"og:image\" content=\"https:\/\/repliquemangacine.fr\/wp-content\/uploads\/2025\/06\/barillet-a-percussion.jpg\" \/>\n\t<meta property=\"og:image:width\" content=\"800\" \/>\n\t<meta property=\"og:image:height\" content=\"800\" \/>\n\t<meta property=\"og:image:type\" content=\"image\/jpeg\" \/>\n<meta name=\"twitter:card\" content=\"summary_large_image\" \/>\n<meta name=\"twitter:label1\" content=\"Est. reading time\" \/>\n\t<meta name=\"twitter:data1\" content=\"3 minutes\" \/>\n<script type=\"application\/ld+json\" class=\"yoast-schema-graph\">{\"@context\":\"https:\\\/\\\/schema.org\",\"@graph\":[{\"@type\":\"WebPage\",\"@id\":\"https:\\\/\\\/repliquemangacine.fr\\\/arme-kolser\\\/barillet-a-percussion-supplementaire-remington-1858-kolser\\\/\",\"url\":\"https:\\\/\\\/repliquemangacine.fr\\\/arme-kolser\\\/barillet-a-percussion-supplementaire-remington-1858-kolser\\\/\",\"name\":\"Barillet \u00e0 percussion suppl\u00e9mentaire Remington 1858 Kolser - R\u00e9plique Manga Cin\u00e9\",\"isPartOf\":{\"@id\":\"https:\\\/\\\/repliquemangacine.fr\\\/#website\"},\"primaryImageOfPage\":{\"@id\":\"https:\\\/\\\/repliquemangacine.fr\\\/arme-kolser\\\/barillet-a-percussion-supplementaire-remington-1858-kolser\\\/#primaryimage\"},\"image\":{\"@id\":\"https:\\\/\\\/repliquemangacine.fr\\\/arme-kolser\\\/barillet-a-percussion-supplementaire-remington-1858-kolser\\\/#primaryimage\"},\"thumbnailUrl\":\"https:\\\/\\\/repliquemangacine.fr\\\/wp-content\\\/uploads\\\/2025\\\/06\\\/barillet-a-percussion.jpg\",\"datePublished\":\"2025-06-22T15:25:20+00:00\",\"dateModified\":\"2026-04-27T13:40:19+00:00\",\"description\":\"Compl\u00e9tez votre r\u00e9plique Remington 1858 avec ce Barillet \u00e0 percussion de remplacement Kolser. Accepte les amorces p\u00e9tards. Tout en zamac\",\"breadcrumb\":{\"@id\":\"https:\\\/\\\/repliquemangacine.fr\\\/arme-kolser\\\/barillet-a-percussion-supplementaire-remington-1858-kolser\\\/#breadcrumb\"},\"inLanguage\":\"en-US\",\"potentialAction\":[{\"@type\":\"ReadAction\",\"target\":[\"https:\\\/\\\/repliquemangacine.fr\\\/arme-kolser\\\/barillet-a-percussion-supplementaire-remington-1858-kolser\\\/\"]}]},{\"@type\":\"ImageObject\",\"inLanguage\":\"en-US\",\"@id\":\"https:\\\/\\\/repliquemangacine.fr\\\/arme-kolser\\\/barillet-a-percussion-supplementaire-remington-1858-kolser\\\/#primaryimage\",\"url\":\"https:\\\/\\\/repliquemangacine.fr\\\/wp-content\\\/uploads\\\/2025\\\/06\\\/barillet-a-percussion.jpg\",\"contentUrl\":\"https:\\\/\\\/repliquemangacine.fr\\\/wp-content\\\/uploads\\\/2025\\\/06\\\/barillet-a-percussion.jpg\",\"width\":800,\"height\":800,\"caption\":\"Barillet \u00e0 percussion suppl\u00e9mentaire pour Remington 1858\"},{\"@type\":\"BreadcrumbList\",\"@id\":\"https:\\\/\\\/repliquemangacine.fr\\\/arme-kolser\\\/barillet-a-percussion-supplementaire-remington-1858-kolser\\\/#breadcrumb\",\"itemListElement\":[{\"@type\":\"ListItem\",\"position\":1,\"name\":\"Accueil\",\"item\":\"https:\\\/\\\/repliquemangacine.fr\\\/\"},{\"@type\":\"ListItem\",\"position\":2,\"name\":\"Produits\",\"item\":\"https:\\\/\\\/repliquemangacine.fr\\\/boutique\\\/\"},{\"@type\":\"ListItem\",\"position\":3,\"name\":\"Barillet \u00e0 percussion suppl\u00e9mentaire Remington 1858 Kolser\"}]},{\"@type\":\"WebSite\",\"@id\":\"https:\\\/\\\/repliquemangacine.fr\\\/#website\",\"url\":\"https:\\\/\\\/repliquemangacine.fr\\\/\",\"name\":\"R\u00e9plique Manga Cin\u00e9\",\"description\":\"\",\"publisher\":{\"@id\":\"https:\\\/\\\/repliquemangacine.fr\\\/#organization\"},\"potentialAction\":[{\"@type\":\"SearchAction\",\"target\":{\"@type\":\"EntryPoint\",\"urlTemplate\":\"https:\\\/\\\/repliquemangacine.fr\\\/?s={search_term_string}\"},\"query-input\":{\"@type\":\"PropertyValueSpecification\",\"valueRequired\":true,\"valueName\":\"search_term_string\"}}],\"inLanguage\":\"en-US\"},{\"@type\":\"Organization\",\"@id\":\"https:\\\/\\\/repliquemangacine.fr\\\/#organization\",\"name\":\"R\u00e9plique Manga Cin\u00e9\",\"url\":\"https:\\\/\\\/repliquemangacine.fr\\\/\",\"logo\":{\"@type\":\"ImageObject\",\"inLanguage\":\"en-US\",\"@id\":\"https:\\\/\\\/repliquemangacine.fr\\\/#\\\/schema\\\/logo\\\/image\\\/\",\"url\":\"https:\\\/\\\/repliquemangacine.fr\\\/wp-content\\\/uploads\\\/2023\\\/10\\\/RMC-500250.png\",\"contentUrl\":\"https:\\\/\\\/repliquemangacine.fr\\\/wp-content\\\/uploads\\\/2023\\\/10\\\/RMC-500250.png\",\"width\":500,\"height\":250,\"caption\":\"R\u00e9plique Manga Cin\u00e9\"},\"image\":{\"@id\":\"https:\\\/\\\/repliquemangacine.fr\\\/#\\\/schema\\\/logo\\\/image\\\/\"},\"sameAs\":[\"https:\\\/\\\/www.facebook.com\\\/RepliqueMangaCine\",\"https:\\\/\\\/www.instagram.com\\\/repliquemangacine.fr\\\/\"]}]}<\/script>\n<!-- \/ Yoast SEO plugin. -->","yoast_head_json":{"title":"Remington 1858 Kolser supplementary percussion barrel - R\u00e9plique Manga Cin\u00e9","description":"Complete your Remington 1858 replica with this Kolser replacement percussion barrel. Accepts firecracker primers. All zamac","robots":{"index":"index","follow":"follow","max-snippet":"max-snippet:-1","max-image-preview":"max-image-preview:large","max-video-preview":"max-video-preview:-1"},"canonical":"https:\/\/repliquemangacine.fr\/en\/kolser-gun\/additional-percussion-barrel-remington-1858-kolser\/","og_locale":"en_US","og_type":"article","og_title":"Barillet \u00e0 percussion suppl\u00e9mentaire Remington 1858 Kolser - R\u00e9plique Manga Cin\u00e9","og_description":"Compl\u00e9tez votre r\u00e9plique Remington 1858 avec ce Barillet \u00e0 percussion de remplacement Kolser. Accepte les amorces p\u00e9tards. Tout en zamac","og_url":"https:\/\/repliquemangacine.fr\/en\/kolser-gun\/additional-percussion-barrel-remington-1858-kolser\/","og_site_name":"R\u00e9plique Manga Cin\u00e9","article_publisher":"https:\/\/www.facebook.com\/RepliqueMangaCine","article_modified_time":"2026-04-27T13:40:19+00:00","og_image":[{"width":800,"height":800,"url":"https:\/\/repliquemangacine.fr\/wp-content\/uploads\/2025\/06\/barillet-a-percussion.jpg","type":"image\/jpeg"}],"twitter_card":"summary_large_image","twitter_misc":{"Est. reading time":"3 minutes"},"schema":{"@context":"https:\/\/schema.org","@graph":[{"@type":"WebPage","@id":"https:\/\/repliquemangacine.fr\/arme-kolser\/barillet-a-percussion-supplementaire-remington-1858-kolser\/","url":"https:\/\/repliquemangacine.fr\/arme-kolser\/barillet-a-percussion-supplementaire-remington-1858-kolser\/","name":"Remington 1858 Kolser supplementary percussion barrel - R\u00e9plique Manga Cin\u00e9","isPartOf":{"@id":"https:\/\/repliquemangacine.fr\/#website"},"primaryImageOfPage":{"@id":"https:\/\/repliquemangacine.fr\/arme-kolser\/barillet-a-percussion-supplementaire-remington-1858-kolser\/#primaryimage"},"image":{"@id":"https:\/\/repliquemangacine.fr\/arme-kolser\/barillet-a-percussion-supplementaire-remington-1858-kolser\/#primaryimage"},"thumbnailUrl":"https:\/\/repliquemangacine.fr\/wp-content\/uploads\/2025\/06\/barillet-a-percussion.jpg","datePublished":"2025-06-22T15:25:20+00:00","dateModified":"2026-04-27T13:40:19+00:00","description":"Complete your Remington 1858 replica with this Kolser replacement percussion barrel. Accepts firecracker primers. All zamac","breadcrumb":{"@id":"https:\/\/repliquemangacine.fr\/arme-kolser\/barillet-a-percussion-supplementaire-remington-1858-kolser\/#breadcrumb"},"inLanguage":"en-US","potentialAction":[{"@type":"ReadAction","target":["https:\/\/repliquemangacine.fr\/arme-kolser\/barillet-a-percussion-supplementaire-remington-1858-kolser\/"]}]},{"@type":"ImageObject","inLanguage":"en-US","@id":"https:\/\/repliquemangacine.fr\/arme-kolser\/barillet-a-percussion-supplementaire-remington-1858-kolser\/#primaryimage","url":"https:\/\/repliquemangacine.fr\/wp-content\/uploads\/2025\/06\/barillet-a-percussion.jpg","contentUrl":"https:\/\/repliquemangacine.fr\/wp-content\/uploads\/2025\/06\/barillet-a-percussion.jpg","width":800,"height":800,"caption":"Barillet \u00e0 percussion suppl\u00e9mentaire pour Remington 1858"},{"@type":"BreadcrumbList","@id":"https:\/\/repliquemangacine.fr\/arme-kolser\/barillet-a-percussion-supplementaire-remington-1858-kolser\/#breadcrumb","itemListElement":[{"@type":"ListItem","position":1,"name":"Accueil","item":"https:\/\/repliquemangacine.fr\/"},{"@type":"ListItem","position":2,"name":"Produits","item":"https:\/\/repliquemangacine.fr\/boutique\/"},{"@type":"ListItem","position":3,"name":"Barillet \u00e0 percussion suppl\u00e9mentaire Remington 1858 Kolser"}]},{"@type":"WebSite","@id":"https:\/\/repliquemangacine.fr\/#website","url":"https:\/\/repliquemangacine.fr\/","name":"R\u00e9plique Manga Cin\u00e9","description":"","publisher":{"@id":"https:\/\/repliquemangacine.fr\/#organization"},"potentialAction":[{"@type":"SearchAction","target":{"@type":"EntryPoint","urlTemplate":"https:\/\/repliquemangacine.fr\/?s={search_term_string}"},"query-input":{"@type":"PropertyValueSpecification","valueRequired":true,"valueName":"search_term_string"}}],"inLanguage":"en-US"},{"@type":"Organization","@id":"https:\/\/repliquemangacine.fr\/#organization","name":"R\u00e9plique Manga Cin\u00e9","url":"https:\/\/repliquemangacine.fr\/","logo":{"@type":"ImageObject","inLanguage":"en-US","@id":"https:\/\/repliquemangacine.fr\/#\/schema\/logo\/image\/","url":"https:\/\/repliquemangacine.fr\/wp-content\/uploads\/2023\/10\/RMC-500250.png","contentUrl":"https:\/\/repliquemangacine.fr\/wp-content\/uploads\/2023\/10\/RMC-500250.png","width":500,"height":250,"caption":"R\u00e9plique Manga Cin\u00e9"},"image":{"@id":"https:\/\/repliquemangacine.fr\/#\/schema\/logo\/image\/"},"sameAs":["https:\/\/www.facebook.com\/RepliqueMangaCine","https:\/\/www.instagram.com\/repliquemangacine.fr\/"]}]}},"_links":{"self":[{"href":"https:\/\/repliquemangacine.fr\/en\/wp-json\/wp\/v2\/product\/85576","targetHints":{"allow":["GET"]}}],"collection":[{"href":"https:\/\/repliquemangacine.fr\/en\/wp-json\/wp\/v2\/product"}],"about":[{"href":"https:\/\/repliquemangacine.fr\/en\/wp-json\/wp\/v2\/types\/product"}],"wp:featuredmedia":[{"embeddable":true,"href":"https:\/\/repliquemangacine.fr\/en\/wp-json\/wp\/v2\/media\/85571"}],"wp:attachment":[{"href":"https:\/\/repliquemangacine.fr\/en\/wp-json\/wp\/v2\/media?parent=85576"}],"wp:term":[{"taxonomy":"product_brand","embeddable":true,"href":"https:\/\/repliquemangacine.fr\/en\/wp-json\/wp\/v2\/product_brand?post=85576"},{"taxonomy":"product_cat","embeddable":true,"href":"https:\/\/repliquemangacine.fr\/en\/wp-json\/wp\/v2\/product_cat?post=85576"},{"taxonomy":"product_tag","embeddable":true,"href":"https:\/\/repliquemangacine.fr\/en\/wp-json\/wp\/v2\/product_tag?post=85576"}],"curies":[{"name":"wp","href":"https:\/\/api.w.org\/{rel}","templated":true}]}}