





{"id":85389,"date":"2025-06-19T16:32:37","date_gmt":"2025-06-19T14:32:37","guid":{"rendered":"https:\/\/repliquemangacine.fr\/?post_type=product&#038;p=85389"},"modified":"2026-02-19T10:20:28","modified_gmt":"2026-02-19T09:20:28","slug":"dark-moon-greatsword-metal-elden-ring","status":"publish","type":"product","link":"https:\/\/repliquemangacine.fr\/en\/elden-ring\/dark-moon-greatsword-metal-elden-ring\/","title":{"rendered":"Dark Moon Greatsword Metal"},"content":{"rendered":"<h2>Breathtaking Dark Moon Greatsword Metal Replica<\/h2>\n<p>First of all, here's the 1:1 replica of the mythical <strong>Dark Moon Greatsword Metal<\/strong> from the masterpiece <a href=\"https:\/\/eldenring.fandom.com\/fr\/wiki\/Wiki_Elden_Ring\" target=\"_blank\" rel=\"noopener noreferrer\">Elden Ring<\/a>ultra-faithful and spectacular. Its bluish stainless steel blade shines intensely, with floral engraving in relief evoking the lunar magic of the game. The guard and handle are finely sculpted in steel, providing a high-end finish for discerning collectors. With a blade measuring 89.5 cm and a total length of 122 cm, this imposing sword exudes a unique, legendary aura. Supplied with a wooden wall mount featuring the Elden Ring logo, it's the perfect way to show it off. What's more, its 3565 g weight ensures a realistic grip, ideal for exhibition or cosplay. So add this mythical piece to your collection now, and it'll make a lasting impression at first sight.<\/p>\n<h2>A mythical weapon in the heart of Elden Ring<\/h2>\n<p>The Dark Moon Greatsword is one of the most iconic and coveted weapons in the dark, mystical world of Elden Ring. It represents the magical heritage of the witch Ranni, and embodies the power of the stars and the eternal moon. So it's much more than a sword: it's a symbol of wisdom, magic and destiny, reserved for those chosen by intelligence. What makes it special? It unleashes waves of lunar magic, inflicting spectacular frost damage from a distance. Inspired by the ancient Moonlight Greatsword, it links Elden Ring to the legends of other FromSoftware games. As such, it is both majestic and deadly, and every detail of this replica is a faithful and vibrant tribute to it. To own this sword is to show your passion for a complex, mysterious and incredibly rich universe.<\/p>\n<h2>Other Elden Ring swords available on R\u00e9plique Manga Cin\u00e9<\/h2>\n<p>On R\u00e9plique Manga Cin\u00e9, discover also a version <a href=\"https:\/\/repliquemangacine.fr\/en\/elden-ring\/epee-dark-moon-greatsword-elden-ring\/\">Dark Moon Greatsword in fiberglass<\/a>lightweight and perfect for cosplay. Want raw power? Choose the <a href=\"https:\/\/repliquemangacine.fr\/en\/elden-ring\/bloodhound-fang-elden-ring-sword\/\">Bloodhound Fang<\/a>with its bronze-colored hammered curved blade, raw and beastly. You prefer elegance? Opt for the <a href=\"https:\/\/repliquemangacine.fr\/en\/elden-ring\/rapiere-de-rogier-elden-ring\/\">Rogier rapier<\/a>with its grooved blade and magnificent gold engravings. Not forgetting the must-have <a href=\"https:\/\/repliquemangacine.fr\/en\/elden-ring\/katana-moonveil-in-elden-ring\/\">Moonveil katana<\/a>, made of two-tone 440 steel, with an aged-style guard inspired by lunar samurai. And that's not all: other legendary weapons from Elden Ring await you in our collection, each one more detailed than the last.<br \/>\nIn conclusion, R\u00e9plique Manga Cin\u00e9 is the go-to destination for fantasy and dark RPG enthusiasts looking for unique items. Don't wait any longer, visit our store and immerse yourself in the world of Elden Ring like never before!<\/p>","protected":false},"excerpt":{"rendered":"<p>Superb replica of the Dark Moon Greatsword in the Elden Ring game<\/p>\n<p><strong>1:1 scale replica<\/strong><\/p>\n<ul>\n<li>High-quality stainless steel blade, blued finish.<\/li>\n<li>Floral engraving in relief on the blade<\/li>\n<li>Carved steel hilt and grip.<\/li>\n<li>Supplied with wooden wall bracket with Elden Ring logo<\/li>\n<li>Blade length: 89.5 cm - Total length: 122 cm<\/li>\n<li>Weight: 3565 g<\/li>\n<\/ul>","protected":false},"featured_media":85390,"template":"","meta":[],"product_brand":[896],"product_cat":[876,23],"product_tag":[],"class_list":{"0":"post-85389","1":"product","2":"type-product","3":"status-publish","4":"has-post-thumbnail","6":"product_brand-replique-manga-cine","7":"product_cat-elden-ring","8":"product_cat-repliques-manga-jeux-video","10":"first","11":"instock","12":"taxable","13":"shipping-taxable","14":"purchasable","15":"product-type-simple"},"yoast_head":"<!-- This site is optimized with the Yoast SEO plugin v27.4 - https:\/\/yoast.com\/product\/yoast-seo-wordpress\/ -->\n<title>Dark Moon Greatsword M\u00e9tal - R\u00e9plique Manga Cin\u00e9<\/title>\n<meta name=\"description\" content=\"R\u00e9plique 1:1 de la Dark Moon Greatsword M\u00e9tal d\u2019Elden Ring. Lame bleut\u00e9e, gravures, support mural. Une pi\u00e8ce de collection \u00e9pique et d\u00e9taill\u00e9e.\" \/>\n<meta name=\"robots\" content=\"index, follow, max-snippet:-1, max-image-preview:large, max-video-preview:-1\" \/>\n<link rel=\"canonical\" href=\"https:\/\/repliquemangacine.fr\/en\/elden-ring\/dark-moon-greatsword-metal-elden-ring\/\" \/>\n<meta property=\"og:locale\" content=\"en_US\" \/>\n<meta property=\"og:type\" content=\"article\" \/>\n<meta property=\"og:title\" content=\"Dark Moon Greatsword M\u00e9tal - R\u00e9plique Manga Cin\u00e9\" \/>\n<meta property=\"og:description\" content=\"R\u00e9plique 1:1 de la Dark Moon Greatsword M\u00e9tal d\u2019Elden Ring. Lame bleut\u00e9e, gravures, support mural. Une pi\u00e8ce de collection \u00e9pique et d\u00e9taill\u00e9e.\" \/>\n<meta property=\"og:url\" content=\"https:\/\/repliquemangacine.fr\/en\/elden-ring\/dark-moon-greatsword-metal-elden-ring\/\" \/>\n<meta property=\"og:site_name\" content=\"R\u00e9plique Manga Cin\u00e9\" \/>\n<meta property=\"article:publisher\" content=\"https:\/\/www.facebook.com\/RepliqueMangaCine\" \/>\n<meta property=\"article:modified_time\" content=\"2026-02-19T09:20:28+00:00\" \/>\n<meta property=\"og:image\" content=\"https:\/\/repliquemangacine.fr\/wp-content\/uploads\/2025\/06\/Dark-Moon-Greatsword-metal.jpg\" \/>\n\t<meta property=\"og:image:width\" content=\"700\" \/>\n\t<meta property=\"og:image:height\" content=\"700\" \/>\n\t<meta property=\"og:image:type\" content=\"image\/jpeg\" \/>\n<meta name=\"twitter:card\" content=\"summary_large_image\" \/>\n<meta name=\"twitter:label1\" content=\"Est. reading time\" \/>\n\t<meta name=\"twitter:data1\" content=\"3 minutes\" \/>\n<script type=\"application\/ld+json\" class=\"yoast-schema-graph\">{\"@context\":\"https:\\\/\\\/schema.org\",\"@graph\":[{\"@type\":\"WebPage\",\"@id\":\"https:\\\/\\\/repliquemangacine.fr\\\/elden-ring\\\/dark-moon-greatsword-metal-elden-ring\\\/\",\"url\":\"https:\\\/\\\/repliquemangacine.fr\\\/elden-ring\\\/dark-moon-greatsword-metal-elden-ring\\\/\",\"name\":\"Dark Moon Greatsword M\u00e9tal - R\u00e9plique Manga Cin\u00e9\",\"isPartOf\":{\"@id\":\"https:\\\/\\\/repliquemangacine.fr\\\/#website\"},\"primaryImageOfPage\":{\"@id\":\"https:\\\/\\\/repliquemangacine.fr\\\/elden-ring\\\/dark-moon-greatsword-metal-elden-ring\\\/#primaryimage\"},\"image\":{\"@id\":\"https:\\\/\\\/repliquemangacine.fr\\\/elden-ring\\\/dark-moon-greatsword-metal-elden-ring\\\/#primaryimage\"},\"thumbnailUrl\":\"https:\\\/\\\/repliquemangacine.fr\\\/wp-content\\\/uploads\\\/2025\\\/06\\\/Dark-Moon-Greatsword-metal.jpg\",\"datePublished\":\"2025-06-19T14:32:37+00:00\",\"dateModified\":\"2026-02-19T09:20:28+00:00\",\"description\":\"R\u00e9plique 1:1 de la Dark Moon Greatsword M\u00e9tal d\u2019Elden Ring. Lame bleut\u00e9e, gravures, support mural. Une pi\u00e8ce de collection \u00e9pique et d\u00e9taill\u00e9e.\",\"breadcrumb\":{\"@id\":\"https:\\\/\\\/repliquemangacine.fr\\\/elden-ring\\\/dark-moon-greatsword-metal-elden-ring\\\/#breadcrumb\"},\"inLanguage\":\"en-US\",\"potentialAction\":[{\"@type\":\"ReadAction\",\"target\":[\"https:\\\/\\\/repliquemangacine.fr\\\/elden-ring\\\/dark-moon-greatsword-metal-elden-ring\\\/\"]}]},{\"@type\":\"ImageObject\",\"inLanguage\":\"en-US\",\"@id\":\"https:\\\/\\\/repliquemangacine.fr\\\/elden-ring\\\/dark-moon-greatsword-metal-elden-ring\\\/#primaryimage\",\"url\":\"https:\\\/\\\/repliquemangacine.fr\\\/wp-content\\\/uploads\\\/2025\\\/06\\\/Dark-Moon-Greatsword-metal.jpg\",\"contentUrl\":\"https:\\\/\\\/repliquemangacine.fr\\\/wp-content\\\/uploads\\\/2025\\\/06\\\/Dark-Moon-Greatsword-metal.jpg\",\"width\":700,\"height\":700,\"caption\":\"Dark Moon Greatsword M\u00e9tal\"},{\"@type\":\"BreadcrumbList\",\"@id\":\"https:\\\/\\\/repliquemangacine.fr\\\/elden-ring\\\/dark-moon-greatsword-metal-elden-ring\\\/#breadcrumb\",\"itemListElement\":[{\"@type\":\"ListItem\",\"position\":1,\"name\":\"Accueil\",\"item\":\"https:\\\/\\\/repliquemangacine.fr\\\/\"},{\"@type\":\"ListItem\",\"position\":2,\"name\":\"Produits\",\"item\":\"https:\\\/\\\/repliquemangacine.fr\\\/boutique\\\/\"},{\"@type\":\"ListItem\",\"position\":3,\"name\":\"Dark Moon Greatsword M\u00e9tal\"}]},{\"@type\":\"WebSite\",\"@id\":\"https:\\\/\\\/repliquemangacine.fr\\\/#website\",\"url\":\"https:\\\/\\\/repliquemangacine.fr\\\/\",\"name\":\"R\u00e9plique Manga Cin\u00e9\",\"description\":\"\",\"publisher\":{\"@id\":\"https:\\\/\\\/repliquemangacine.fr\\\/#organization\"},\"potentialAction\":[{\"@type\":\"SearchAction\",\"target\":{\"@type\":\"EntryPoint\",\"urlTemplate\":\"https:\\\/\\\/repliquemangacine.fr\\\/?s={search_term_string}\"},\"query-input\":{\"@type\":\"PropertyValueSpecification\",\"valueRequired\":true,\"valueName\":\"search_term_string\"}}],\"inLanguage\":\"en-US\"},{\"@type\":\"Organization\",\"@id\":\"https:\\\/\\\/repliquemangacine.fr\\\/#organization\",\"name\":\"R\u00e9plique Manga Cin\u00e9\",\"url\":\"https:\\\/\\\/repliquemangacine.fr\\\/\",\"logo\":{\"@type\":\"ImageObject\",\"inLanguage\":\"en-US\",\"@id\":\"https:\\\/\\\/repliquemangacine.fr\\\/#\\\/schema\\\/logo\\\/image\\\/\",\"url\":\"https:\\\/\\\/repliquemangacine.fr\\\/wp-content\\\/uploads\\\/2023\\\/10\\\/RMC-500250.png\",\"contentUrl\":\"https:\\\/\\\/repliquemangacine.fr\\\/wp-content\\\/uploads\\\/2023\\\/10\\\/RMC-500250.png\",\"width\":500,\"height\":250,\"caption\":\"R\u00e9plique Manga Cin\u00e9\"},\"image\":{\"@id\":\"https:\\\/\\\/repliquemangacine.fr\\\/#\\\/schema\\\/logo\\\/image\\\/\"},\"sameAs\":[\"https:\\\/\\\/www.facebook.com\\\/RepliqueMangaCine\",\"https:\\\/\\\/www.instagram.com\\\/repliquemangacine.fr\\\/\"]}]}<\/script>\n<!-- \/ Yoast SEO plugin. -->","yoast_head_json":{"title":"Dark Moon Greatsword Metal - R\u00e9plique Manga Cin\u00e9","description":"1:1 replica of Elden Ring's Dark Moon Greatsword Metal. Blued blade, engravings, wall mount. An epic, detailed collector's item.","robots":{"index":"index","follow":"follow","max-snippet":"max-snippet:-1","max-image-preview":"max-image-preview:large","max-video-preview":"max-video-preview:-1"},"canonical":"https:\/\/repliquemangacine.fr\/en\/elden-ring\/dark-moon-greatsword-metal-elden-ring\/","og_locale":"en_US","og_type":"article","og_title":"Dark Moon Greatsword M\u00e9tal - R\u00e9plique Manga Cin\u00e9","og_description":"R\u00e9plique 1:1 de la Dark Moon Greatsword M\u00e9tal d\u2019Elden Ring. Lame bleut\u00e9e, gravures, support mural. Une pi\u00e8ce de collection \u00e9pique et d\u00e9taill\u00e9e.","og_url":"https:\/\/repliquemangacine.fr\/en\/elden-ring\/dark-moon-greatsword-metal-elden-ring\/","og_site_name":"R\u00e9plique Manga Cin\u00e9","article_publisher":"https:\/\/www.facebook.com\/RepliqueMangaCine","article_modified_time":"2026-02-19T09:20:28+00:00","og_image":[{"width":700,"height":700,"url":"https:\/\/repliquemangacine.fr\/wp-content\/uploads\/2025\/06\/Dark-Moon-Greatsword-metal.jpg","type":"image\/jpeg"}],"twitter_card":"summary_large_image","twitter_misc":{"Est. reading time":"3 minutes"},"schema":{"@context":"https:\/\/schema.org","@graph":[{"@type":"WebPage","@id":"https:\/\/repliquemangacine.fr\/elden-ring\/dark-moon-greatsword-metal-elden-ring\/","url":"https:\/\/repliquemangacine.fr\/elden-ring\/dark-moon-greatsword-metal-elden-ring\/","name":"Dark Moon Greatsword Metal - R\u00e9plique Manga Cin\u00e9","isPartOf":{"@id":"https:\/\/repliquemangacine.fr\/#website"},"primaryImageOfPage":{"@id":"https:\/\/repliquemangacine.fr\/elden-ring\/dark-moon-greatsword-metal-elden-ring\/#primaryimage"},"image":{"@id":"https:\/\/repliquemangacine.fr\/elden-ring\/dark-moon-greatsword-metal-elden-ring\/#primaryimage"},"thumbnailUrl":"https:\/\/repliquemangacine.fr\/wp-content\/uploads\/2025\/06\/Dark-Moon-Greatsword-metal.jpg","datePublished":"2025-06-19T14:32:37+00:00","dateModified":"2026-02-19T09:20:28+00:00","description":"1:1 replica of Elden Ring's Dark Moon Greatsword Metal. Blued blade, engravings, wall mount. An epic, detailed collector's item.","breadcrumb":{"@id":"https:\/\/repliquemangacine.fr\/elden-ring\/dark-moon-greatsword-metal-elden-ring\/#breadcrumb"},"inLanguage":"en-US","potentialAction":[{"@type":"ReadAction","target":["https:\/\/repliquemangacine.fr\/elden-ring\/dark-moon-greatsword-metal-elden-ring\/"]}]},{"@type":"ImageObject","inLanguage":"en-US","@id":"https:\/\/repliquemangacine.fr\/elden-ring\/dark-moon-greatsword-metal-elden-ring\/#primaryimage","url":"https:\/\/repliquemangacine.fr\/wp-content\/uploads\/2025\/06\/Dark-Moon-Greatsword-metal.jpg","contentUrl":"https:\/\/repliquemangacine.fr\/wp-content\/uploads\/2025\/06\/Dark-Moon-Greatsword-metal.jpg","width":700,"height":700,"caption":"Dark Moon Greatsword M\u00e9tal"},{"@type":"BreadcrumbList","@id":"https:\/\/repliquemangacine.fr\/elden-ring\/dark-moon-greatsword-metal-elden-ring\/#breadcrumb","itemListElement":[{"@type":"ListItem","position":1,"name":"Accueil","item":"https:\/\/repliquemangacine.fr\/"},{"@type":"ListItem","position":2,"name":"Produits","item":"https:\/\/repliquemangacine.fr\/boutique\/"},{"@type":"ListItem","position":3,"name":"Dark Moon Greatsword M\u00e9tal"}]},{"@type":"WebSite","@id":"https:\/\/repliquemangacine.fr\/#website","url":"https:\/\/repliquemangacine.fr\/","name":"R\u00e9plique Manga Cin\u00e9","description":"","publisher":{"@id":"https:\/\/repliquemangacine.fr\/#organization"},"potentialAction":[{"@type":"SearchAction","target":{"@type":"EntryPoint","urlTemplate":"https:\/\/repliquemangacine.fr\/?s={search_term_string}"},"query-input":{"@type":"PropertyValueSpecification","valueRequired":true,"valueName":"search_term_string"}}],"inLanguage":"en-US"},{"@type":"Organization","@id":"https:\/\/repliquemangacine.fr\/#organization","name":"R\u00e9plique Manga Cin\u00e9","url":"https:\/\/repliquemangacine.fr\/","logo":{"@type":"ImageObject","inLanguage":"en-US","@id":"https:\/\/repliquemangacine.fr\/#\/schema\/logo\/image\/","url":"https:\/\/repliquemangacine.fr\/wp-content\/uploads\/2023\/10\/RMC-500250.png","contentUrl":"https:\/\/repliquemangacine.fr\/wp-content\/uploads\/2023\/10\/RMC-500250.png","width":500,"height":250,"caption":"R\u00e9plique Manga Cin\u00e9"},"image":{"@id":"https:\/\/repliquemangacine.fr\/#\/schema\/logo\/image\/"},"sameAs":["https:\/\/www.facebook.com\/RepliqueMangaCine","https:\/\/www.instagram.com\/repliquemangacine.fr\/"]}]}},"_links":{"self":[{"href":"https:\/\/repliquemangacine.fr\/en\/wp-json\/wp\/v2\/product\/85389","targetHints":{"allow":["GET"]}}],"collection":[{"href":"https:\/\/repliquemangacine.fr\/en\/wp-json\/wp\/v2\/product"}],"about":[{"href":"https:\/\/repliquemangacine.fr\/en\/wp-json\/wp\/v2\/types\/product"}],"wp:featuredmedia":[{"embeddable":true,"href":"https:\/\/repliquemangacine.fr\/en\/wp-json\/wp\/v2\/media\/85390"}],"wp:attachment":[{"href":"https:\/\/repliquemangacine.fr\/en\/wp-json\/wp\/v2\/media?parent=85389"}],"wp:term":[{"taxonomy":"product_brand","embeddable":true,"href":"https:\/\/repliquemangacine.fr\/en\/wp-json\/wp\/v2\/product_brand?post=85389"},{"taxonomy":"product_cat","embeddable":true,"href":"https:\/\/repliquemangacine.fr\/en\/wp-json\/wp\/v2\/product_cat?post=85389"},{"taxonomy":"product_tag","embeddable":true,"href":"https:\/\/repliquemangacine.fr\/en\/wp-json\/wp\/v2\/product_tag?post=85389"}],"curies":[{"name":"wp","href":"https:\/\/api.w.org\/{rel}","templated":true}]}}