





{"id":85345,"date":"2025-06-17T17:59:30","date_gmt":"2025-06-17T15:59:30","guid":{"rendered":"https:\/\/repliquemangacine.fr\/?post_type=product&#038;p=85345"},"modified":"2026-04-11T14:30:06","modified_gmt":"2026-04-11T12:30:06","slug":"remington-1858-percussion-kolser","status":"publish","type":"product","link":"https:\/\/repliquemangacine.fr\/en\/arme-kolser\/remington-1858-a-percussion-kolser\/","title":{"rendered":"Remington 1858 percussion - Kolser"},"content":{"rendered":"<h2>Remington 1858 percussion Kolser - Raw Wild West authenticity in a striking replica<\/h2>\n<p>First, rediscover one of the most iconic revolvers, the <strong>Remington 1858 percussion<\/strong> proposed by the brand <a href=\"https:\/\/kolser.com\/fr\/\" target=\"_blank\" rel=\"noopener noreferrer\">Kolser<\/a>. This model was the weapon of choice for many Union soldiers during the Civil War. Indeed, its closed frame quickly established it as a standard black powder revolver. Solid and reliable, far more robust than contemporary Colts. This faithful reproduction recreates every detail with precision. Six-shot cylinder, reloading lever under the barrel, articulated hammer and aged metal finish. A historic piece that smells of dust, gunpowder and the wild epic of the American West.<\/p>\n<h2>A meticulous finish and a realistic mechanism by Kolser<\/h2>\n<p>Kolser delivers a high-quality piece that combines visual realism with mechanical robustness. This Remington 1858 stands out for its authentic weight and perfectly molded imitation wood handle. In addition, it features a mechanical inertia system: the hammer is movable and the barrel rotates. Thanks to the Kolser system, the replica can be loaded with firecrackers to faithfully reproduce the original action. This makes it an excellent choice for discerning collectors, historical reenactment enthusiasts, Western aficionados, or simply to enhance a 19th-century-inspired decor. In conclusion, every detail has been designed to capture the spirit of the era with striking aesthetics and a convincing feel.<\/p>\n<p>Discover other Kolser replicas such as the <a href=\"https:\/\/repliquemangacine.fr\/en\/colt-revolver-western\/colt-navy-1851-gray\/\">colt Navy 1851<\/a>and the <a href=\"https:\/\/repliquemangacine.fr\/en\/kolser-gun\/colt-thunderer-mother-of-pearl-stock\/\">Colt Thunderer<\/a> and its various stocks, there's also the <a href=\"https:\/\/repliquemangacine.fr\/en\/western-replica-guns\/derringer-kolser-pistol\/\">Derringer pistol<\/a>. And much, much more ...<\/p>\n<h2>A masterpiece for lovers of history and objects of character<\/h2>\n<p>In a shop window, on a leather belt or in the hands of a Western fan, this Remington 1858 replica is a real eye-catcher. It's more than just a decorative object: it's a symbol of the Far West, a piece of history that you can almost hear roaring. So it's ideal for creating a cowboy atmosphere, recreating scenes from the movies, or completing a sheriff's, outlaw's or bounty hunter's outfit. It evokes the golden age of dusty duels, smoky saloons and rides under the hot sun. In conclusion, treat yourself to a piece of legend, with a replica as beautiful to display as it is to handle.<\/p>","protected":false},"excerpt":{"rendered":"<p>Superb replica of the Remington 1858 Kolser percussion pistol.<\/p>\n<ul>\n<li>Antiqued metal frame (high-resistance zamac)<\/li>\n<li>Real wood stock plates.<\/li>\n<li>8-inch octagonal barrel<\/li>\n<li>Functional mechanism with simulated firing<\/li>\n<li>Interchangeable barrel.<\/li>\n<li>Compatible with primers<\/li>\n<li>Total length: 35.5 cm - Weight: 1125g<\/li>\n<\/ul>\n<p>&nbsp;<\/p>","protected":false},"featured_media":85356,"template":"","meta":[],"product_brand":[896],"product_cat":[100,34,77,27,64],"product_tag":[],"class_list":{"0":"post-85345","1":"product","2":"type-product","3":"status-publish","4":"has-post-thumbnail","6":"product_brand-replique-manga-cine","7":"product_cat-arme-kolser","8":"product_cat-armes-westerns","9":"product_cat-colt-revolver-western","10":"product_cat-armes-et-accessoires-western","11":"product_cat-western-repliques-armes","13":"first","14":"outofstock","15":"taxable","16":"shipping-taxable","17":"purchasable","18":"product-type-variable"},"yoast_head":"<!-- This site is optimized with the Yoast SEO plugin v27.4 - https:\/\/yoast.com\/product\/yoast-seo-wordpress\/ -->\n<title>Remington 1858 \u00e0 percussion - Kolser - R\u00e9plique Manga Cin\u00e9<\/title>\n<meta name=\"description\" content=\"Nouveaut\u00e9 : Remington 1858 \u00e0 percussion de Kolser. R\u00e9plique ultra-r\u00e9aliste d\u2019arme de poing western avec m\u00e9canisme fonctionnel. Balles factices \u00e0 amorces\" \/>\n<meta name=\"robots\" content=\"index, follow, max-snippet:-1, max-image-preview:large, max-video-preview:-1\" \/>\n<link rel=\"canonical\" href=\"https:\/\/repliquemangacine.fr\/en\/kolser-gun\/remington-1858-percussion-kolser\/\" \/>\n<meta property=\"og:locale\" content=\"en_US\" \/>\n<meta property=\"og:type\" content=\"article\" \/>\n<meta property=\"og:title\" content=\"Remington 1858 \u00e0 percussion - Kolser - R\u00e9plique Manga Cin\u00e9\" \/>\n<meta property=\"og:description\" content=\"Nouveaut\u00e9 : Remington 1858 \u00e0 percussion de Kolser. R\u00e9plique ultra-r\u00e9aliste d\u2019arme de poing western avec m\u00e9canisme fonctionnel. Balles factices \u00e0 amorces\" \/>\n<meta property=\"og:url\" content=\"https:\/\/repliquemangacine.fr\/en\/kolser-gun\/remington-1858-percussion-kolser\/\" \/>\n<meta property=\"og:site_name\" content=\"R\u00e9plique Manga Cin\u00e9\" \/>\n<meta property=\"article:publisher\" content=\"https:\/\/www.facebook.com\/RepliqueMangaCine\" \/>\n<meta property=\"article:modified_time\" content=\"2026-04-11T12:30:06+00:00\" \/>\n<meta property=\"og:image\" content=\"https:\/\/repliquemangacine.fr\/wp-content\/uploads\/2025\/06\/Remington-a-percussion-laiton-1.jpg\" \/>\n\t<meta property=\"og:image:width\" content=\"800\" \/>\n\t<meta property=\"og:image:height\" content=\"800\" \/>\n\t<meta property=\"og:image:type\" content=\"image\/jpeg\" \/>\n<meta name=\"twitter:card\" content=\"summary_large_image\" \/>\n<meta name=\"twitter:label1\" content=\"Est. reading time\" \/>\n\t<meta name=\"twitter:data1\" content=\"3 minutes\" \/>\n<script type=\"application\/ld+json\" class=\"yoast-schema-graph\">{\"@context\":\"https:\\\/\\\/schema.org\",\"@graph\":[{\"@type\":\"WebPage\",\"@id\":\"https:\\\/\\\/repliquemangacine.fr\\\/arme-kolser\\\/remington-1858-a-percussion-kolser\\\/\",\"url\":\"https:\\\/\\\/repliquemangacine.fr\\\/arme-kolser\\\/remington-1858-a-percussion-kolser\\\/\",\"name\":\"Remington 1858 \u00e0 percussion - Kolser - R\u00e9plique Manga Cin\u00e9\",\"isPartOf\":{\"@id\":\"https:\\\/\\\/repliquemangacine.fr\\\/#website\"},\"primaryImageOfPage\":{\"@id\":\"https:\\\/\\\/repliquemangacine.fr\\\/arme-kolser\\\/remington-1858-a-percussion-kolser\\\/#primaryimage\"},\"image\":{\"@id\":\"https:\\\/\\\/repliquemangacine.fr\\\/arme-kolser\\\/remington-1858-a-percussion-kolser\\\/#primaryimage\"},\"thumbnailUrl\":\"https:\\\/\\\/repliquemangacine.fr\\\/wp-content\\\/uploads\\\/2025\\\/06\\\/Remington-a-percussion-laiton-1.jpg\",\"datePublished\":\"2025-06-17T15:59:30+00:00\",\"dateModified\":\"2026-04-11T12:30:06+00:00\",\"description\":\"Nouveaut\u00e9 : Remington 1858 \u00e0 percussion de Kolser. R\u00e9plique ultra-r\u00e9aliste d\u2019arme de poing western avec m\u00e9canisme fonctionnel. Balles factices \u00e0 amorces\",\"breadcrumb\":{\"@id\":\"https:\\\/\\\/repliquemangacine.fr\\\/arme-kolser\\\/remington-1858-a-percussion-kolser\\\/#breadcrumb\"},\"inLanguage\":\"en-US\",\"potentialAction\":[{\"@type\":\"ReadAction\",\"target\":[\"https:\\\/\\\/repliquemangacine.fr\\\/arme-kolser\\\/remington-1858-a-percussion-kolser\\\/\"]}]},{\"@type\":\"ImageObject\",\"inLanguage\":\"en-US\",\"@id\":\"https:\\\/\\\/repliquemangacine.fr\\\/arme-kolser\\\/remington-1858-a-percussion-kolser\\\/#primaryimage\",\"url\":\"https:\\\/\\\/repliquemangacine.fr\\\/wp-content\\\/uploads\\\/2025\\\/06\\\/Remington-a-percussion-laiton-1.jpg\",\"contentUrl\":\"https:\\\/\\\/repliquemangacine.fr\\\/wp-content\\\/uploads\\\/2025\\\/06\\\/Remington-a-percussion-laiton-1.jpg\",\"width\":800,\"height\":800,\"caption\":\"Remington 1858 \u00e0 percussion Laiton\"},{\"@type\":\"BreadcrumbList\",\"@id\":\"https:\\\/\\\/repliquemangacine.fr\\\/arme-kolser\\\/remington-1858-a-percussion-kolser\\\/#breadcrumb\",\"itemListElement\":[{\"@type\":\"ListItem\",\"position\":1,\"name\":\"Accueil\",\"item\":\"https:\\\/\\\/repliquemangacine.fr\\\/\"},{\"@type\":\"ListItem\",\"position\":2,\"name\":\"Produits\",\"item\":\"https:\\\/\\\/repliquemangacine.fr\\\/boutique\\\/\"},{\"@type\":\"ListItem\",\"position\":3,\"name\":\"Remington 1858 \u00e0 percussion &#8211; Kolser\"}]},{\"@type\":\"WebSite\",\"@id\":\"https:\\\/\\\/repliquemangacine.fr\\\/#website\",\"url\":\"https:\\\/\\\/repliquemangacine.fr\\\/\",\"name\":\"R\u00e9plique Manga Cin\u00e9\",\"description\":\"\",\"publisher\":{\"@id\":\"https:\\\/\\\/repliquemangacine.fr\\\/#organization\"},\"potentialAction\":[{\"@type\":\"SearchAction\",\"target\":{\"@type\":\"EntryPoint\",\"urlTemplate\":\"https:\\\/\\\/repliquemangacine.fr\\\/?s={search_term_string}\"},\"query-input\":{\"@type\":\"PropertyValueSpecification\",\"valueRequired\":true,\"valueName\":\"search_term_string\"}}],\"inLanguage\":\"en-US\"},{\"@type\":\"Organization\",\"@id\":\"https:\\\/\\\/repliquemangacine.fr\\\/#organization\",\"name\":\"R\u00e9plique Manga Cin\u00e9\",\"url\":\"https:\\\/\\\/repliquemangacine.fr\\\/\",\"logo\":{\"@type\":\"ImageObject\",\"inLanguage\":\"en-US\",\"@id\":\"https:\\\/\\\/repliquemangacine.fr\\\/#\\\/schema\\\/logo\\\/image\\\/\",\"url\":\"https:\\\/\\\/repliquemangacine.fr\\\/wp-content\\\/uploads\\\/2023\\\/10\\\/RMC-500250.png\",\"contentUrl\":\"https:\\\/\\\/repliquemangacine.fr\\\/wp-content\\\/uploads\\\/2023\\\/10\\\/RMC-500250.png\",\"width\":500,\"height\":250,\"caption\":\"R\u00e9plique Manga Cin\u00e9\"},\"image\":{\"@id\":\"https:\\\/\\\/repliquemangacine.fr\\\/#\\\/schema\\\/logo\\\/image\\\/\"},\"sameAs\":[\"https:\\\/\\\/www.facebook.com\\\/RepliqueMangaCine\",\"https:\\\/\\\/www.instagram.com\\\/repliquemangacine.fr\\\/\"]}]}<\/script>\n<!-- \/ Yoast SEO plugin. -->","yoast_head_json":{"title":"Remington 1858 percussion - Kolser - R\u00e9plique Manga Cin\u00e9","description":"New: Remington 1858 percussion from Kolser. Ultra-realistic western handgun replica with functional mechanism. Dummy bullets with primers","robots":{"index":"index","follow":"follow","max-snippet":"max-snippet:-1","max-image-preview":"max-image-preview:large","max-video-preview":"max-video-preview:-1"},"canonical":"https:\/\/repliquemangacine.fr\/en\/kolser-gun\/remington-1858-percussion-kolser\/","og_locale":"en_US","og_type":"article","og_title":"Remington 1858 \u00e0 percussion - Kolser - R\u00e9plique Manga Cin\u00e9","og_description":"Nouveaut\u00e9 : Remington 1858 \u00e0 percussion de Kolser. R\u00e9plique ultra-r\u00e9aliste d\u2019arme de poing western avec m\u00e9canisme fonctionnel. Balles factices \u00e0 amorces","og_url":"https:\/\/repliquemangacine.fr\/en\/kolser-gun\/remington-1858-percussion-kolser\/","og_site_name":"R\u00e9plique Manga Cin\u00e9","article_publisher":"https:\/\/www.facebook.com\/RepliqueMangaCine","article_modified_time":"2026-04-11T12:30:06+00:00","og_image":[{"width":800,"height":800,"url":"https:\/\/repliquemangacine.fr\/wp-content\/uploads\/2025\/06\/Remington-a-percussion-laiton-1.jpg","type":"image\/jpeg"}],"twitter_card":"summary_large_image","twitter_misc":{"Est. reading time":"3 minutes"},"schema":{"@context":"https:\/\/schema.org","@graph":[{"@type":"WebPage","@id":"https:\/\/repliquemangacine.fr\/arme-kolser\/remington-1858-a-percussion-kolser\/","url":"https:\/\/repliquemangacine.fr\/arme-kolser\/remington-1858-a-percussion-kolser\/","name":"Remington 1858 percussion - Kolser - R\u00e9plique Manga Cin\u00e9","isPartOf":{"@id":"https:\/\/repliquemangacine.fr\/#website"},"primaryImageOfPage":{"@id":"https:\/\/repliquemangacine.fr\/arme-kolser\/remington-1858-a-percussion-kolser\/#primaryimage"},"image":{"@id":"https:\/\/repliquemangacine.fr\/arme-kolser\/remington-1858-a-percussion-kolser\/#primaryimage"},"thumbnailUrl":"https:\/\/repliquemangacine.fr\/wp-content\/uploads\/2025\/06\/Remington-a-percussion-laiton-1.jpg","datePublished":"2025-06-17T15:59:30+00:00","dateModified":"2026-04-11T12:30:06+00:00","description":"New: Remington 1858 percussion from Kolser. Ultra-realistic western handgun replica with functional mechanism. Dummy bullets with primers","breadcrumb":{"@id":"https:\/\/repliquemangacine.fr\/arme-kolser\/remington-1858-a-percussion-kolser\/#breadcrumb"},"inLanguage":"en-US","potentialAction":[{"@type":"ReadAction","target":["https:\/\/repliquemangacine.fr\/arme-kolser\/remington-1858-a-percussion-kolser\/"]}]},{"@type":"ImageObject","inLanguage":"en-US","@id":"https:\/\/repliquemangacine.fr\/arme-kolser\/remington-1858-a-percussion-kolser\/#primaryimage","url":"https:\/\/repliquemangacine.fr\/wp-content\/uploads\/2025\/06\/Remington-a-percussion-laiton-1.jpg","contentUrl":"https:\/\/repliquemangacine.fr\/wp-content\/uploads\/2025\/06\/Remington-a-percussion-laiton-1.jpg","width":800,"height":800,"caption":"Remington 1858 \u00e0 percussion Laiton"},{"@type":"BreadcrumbList","@id":"https:\/\/repliquemangacine.fr\/arme-kolser\/remington-1858-a-percussion-kolser\/#breadcrumb","itemListElement":[{"@type":"ListItem","position":1,"name":"Accueil","item":"https:\/\/repliquemangacine.fr\/"},{"@type":"ListItem","position":2,"name":"Produits","item":"https:\/\/repliquemangacine.fr\/boutique\/"},{"@type":"ListItem","position":3,"name":"Remington 1858 \u00e0 percussion &#8211; Kolser"}]},{"@type":"WebSite","@id":"https:\/\/repliquemangacine.fr\/#website","url":"https:\/\/repliquemangacine.fr\/","name":"R\u00e9plique Manga Cin\u00e9","description":"","publisher":{"@id":"https:\/\/repliquemangacine.fr\/#organization"},"potentialAction":[{"@type":"SearchAction","target":{"@type":"EntryPoint","urlTemplate":"https:\/\/repliquemangacine.fr\/?s={search_term_string}"},"query-input":{"@type":"PropertyValueSpecification","valueRequired":true,"valueName":"search_term_string"}}],"inLanguage":"en-US"},{"@type":"Organization","@id":"https:\/\/repliquemangacine.fr\/#organization","name":"R\u00e9plique Manga Cin\u00e9","url":"https:\/\/repliquemangacine.fr\/","logo":{"@type":"ImageObject","inLanguage":"en-US","@id":"https:\/\/repliquemangacine.fr\/#\/schema\/logo\/image\/","url":"https:\/\/repliquemangacine.fr\/wp-content\/uploads\/2023\/10\/RMC-500250.png","contentUrl":"https:\/\/repliquemangacine.fr\/wp-content\/uploads\/2023\/10\/RMC-500250.png","width":500,"height":250,"caption":"R\u00e9plique Manga Cin\u00e9"},"image":{"@id":"https:\/\/repliquemangacine.fr\/#\/schema\/logo\/image\/"},"sameAs":["https:\/\/www.facebook.com\/RepliqueMangaCine","https:\/\/www.instagram.com\/repliquemangacine.fr\/"]}]}},"_links":{"self":[{"href":"https:\/\/repliquemangacine.fr\/en\/wp-json\/wp\/v2\/product\/85345","targetHints":{"allow":["GET"]}}],"collection":[{"href":"https:\/\/repliquemangacine.fr\/en\/wp-json\/wp\/v2\/product"}],"about":[{"href":"https:\/\/repliquemangacine.fr\/en\/wp-json\/wp\/v2\/types\/product"}],"wp:featuredmedia":[{"embeddable":true,"href":"https:\/\/repliquemangacine.fr\/en\/wp-json\/wp\/v2\/media\/85356"}],"wp:attachment":[{"href":"https:\/\/repliquemangacine.fr\/en\/wp-json\/wp\/v2\/media?parent=85345"}],"wp:term":[{"taxonomy":"product_brand","embeddable":true,"href":"https:\/\/repliquemangacine.fr\/en\/wp-json\/wp\/v2\/product_brand?post=85345"},{"taxonomy":"product_cat","embeddable":true,"href":"https:\/\/repliquemangacine.fr\/en\/wp-json\/wp\/v2\/product_cat?post=85345"},{"taxonomy":"product_tag","embeddable":true,"href":"https:\/\/repliquemangacine.fr\/en\/wp-json\/wp\/v2\/product_tag?post=85345"}],"curies":[{"name":"wp","href":"https:\/\/api.w.org\/{rel}","templated":true}]}}