





{"id":84742,"date":"2025-05-30T18:44:54","date_gmt":"2025-05-30T16:44:54","guid":{"rendered":"https:\/\/repliquemangacine.fr\/?post_type=product&#038;p=84742"},"modified":"2025-12-06T16:45:35","modified_gmt":"2025-12-06T15:45:35","slug":"m1-garand-patine-vieilli-denix","status":"publish","type":"product","link":"https:\/\/repliquemangacine.fr\/en\/reproductions-armes-seconde-guerre-mondiale-denix\/m1-garand-patine-vieilli-denix\/","title":{"rendered":"M1 Garand patinated and aged - Denix"},"content":{"rendered":"<h2>M1 Garand patinated and aged - Exceptional Denix reproduction<\/h2>\n<p>First, this <strong>M1 Aged and patinated garand<\/strong> features a solid wood stock and barrel for an exceptional authentic and robust finish. Metal parts designed in patinated and aged Zamac for a visual rendering faithful to historic period weapons. The working mechanism simulates loading and firing, for total immersion in the American military world.<br \/>\nThis Denix replica can be cocked and fired, but remains totally unsuitable for shooting, for use as a decorative 100 %. No authorization is required for the purchase or possession of this patinated and aged M1 Garand.<br \/>\nIts caliber is a .30 (7.62), a faithful reproduction of the original model used by the American army during the war.<\/p>\n<p>This collector's item impresses with its quality finish and meticulous respect for history. A must-have for lovers of antique weapons, re-enactments or authentic military decoration. Treat yourself to the mythical weapon that accompanied Allied soldiers to victory against Axis forces. The M1 Garand <a href=\"https:\/\/www.denix.fr\/fr\/\" target=\"_blank\" rel=\"noopener noreferrer\">Denix<\/a> combines realism, safety and a passion for carefully detailed collectibles.<\/p>\n<h2>The M1 Garand: a legendary weapon of the Second World War<\/h2>\n<p>To begin with, it was the main weapon of the American army during the Second World War, replacing conventional bolt-action rifles. It offered a semi-automatic rate of fire, a decisive advantage against enemies equipped with slower, archaic weapons. Designed by John Garand, this semi-automatic rifle was renowned for its reliability, accuracy and ruggedness in the field. Its famous metallic \"ping\" on clip ejection has become emblematic among veterans and historical weapons enthusiasts. Used extensively during the Normandy landings, it contributed to the liberation of Nazi-occupied Europe. In fact, the M1 Garand symbolizes American technological superiority over the Axis armies during the major Allied offensives.<\/p>\n<p>Later adopted during the Korean War, this rifle embodies a major turning point in the history of modern military weaponry. Its semi-automatic mechanism inspired many firearms models of the following decades. This Denix replica allows you to honor this historic piece in your military-themed collection or decoration. The M1 Garand remains an indelible icon of Allied victory and the courage of American soldiers.<\/p>\n<h2>Other Denix reproductions to discover on R\u00e9plique Manga Cin\u00e9<\/h2>\n<p>In our R\u00e9plique Manga Cin\u00e9 store, you'll find other Denix weapons with a patina and aged finish and meticulous, faithful details. There's the <a href=\"https:\/\/repliquemangacine.fr\/en\/reproductions-weapons-second-world-war-denix\/mauser-k98-antique-rifle\/\">Vintage Mauser K98 rifle<\/a> offers a realistic rendering with its wood and metal finishes, for Wehrmacht enthusiasts. Discover also the <a href=\"https:\/\/repliquemangacine.fr\/en\/weapon-replicas\/thompson-m1928a1-denix-submachine-gun\/\">Thompson M1928A1 submachine gun<\/a>the famous weapon of American commandos and classic war films. As well as the <a href=\"https:\/\/repliquemangacine.fr\/en\/reproductions-weapons-second-world-war-denix\/automatic-pistol-m1911a1-patinated-and-aged\/\">M1911A1 automatic pistol<\/a> plunges you into the world of American officers with a faithful, functional mechanism. As for the <a href=\"https:\/\/repliquemangacine.fr\/en\/reproductions-weapons-second-world-war-denix\/aged-luger-p08-pistol\/\">Aged P08 Luger pistol<\/a>It represents the emblematic weapon of the German army, with an exceptional historical finish. Each Denix replica is designed to satisfy collectors, re-enactors and military history enthusiasts.<\/p>\n<p>These items are safe, decorative and freely available, perfect for display cases or themed settings. Our site offers a wide selection of historic weapons, carefully reproduced for an authentic and spectacular look. R\u00e9plique Manga Cin\u00e9 is committed to offering quality products to enthusiasts of weapons, history and popular culture.  Add the M1 Garand or another Denix piece to your personal collection or decorating space today.<\/p>","protected":false},"excerpt":{"rendered":"<p>Superb replica of the Garand M1 rifle, patinated and aged, USA 1932.<\/p>\n<ul>\n<li>Solid wood stock and barrel.<\/li>\n<li>Metal parts in patinated and aged Zamac.<\/li>\n<li>Load and fire simulation mechanism<\/li>\n<li>Guns and hits, but totally unfit to shoot.<\/li>\n<li>No authorization required. Free sale and possession.<\/li>\n<li>Calibre.30 (7.62)<\/li>\n<li>Length: 110 cm - Weight: 3480 grs<\/li>\n<\/ul>","protected":false},"featured_media":84743,"template":"","meta":[],"product_brand":[896],"product_cat":[102,46,54,28,76],"product_tag":[],"class_list":{"0":"post-84742","1":"product","2":"type-product","3":"status-publish","4":"has-post-thumbnail","6":"product_brand-replique-manga-cine","7":"product_cat-denix","8":"product_cat-fusil-d-assaut-fusil-moderne","9":"product_cat-armes-accessoires-guerre-mondiale","10":"product_cat-repliques-darmes","11":"product_cat-reproductions-armes-seconde-guerre-mondiale-denix","13":"first","14":"outofstock","15":"taxable","16":"shipping-taxable","17":"purchasable","18":"product-type-simple"},"yoast_head":"<!-- This site is optimized with the Yoast SEO plugin v27.4 - https:\/\/yoast.com\/product\/yoast-seo-wordpress\/ -->\n<title>M1 Garand patin\u00e9 et vieilli - Denix - R\u00e9plique Manga Cin\u00e9<\/title>\n<meta name=\"description\" content=\"D\u00e9couvrez le M1 Garand patin\u00e9 et vieilli Denix : reproduction fid\u00e8le, m\u00e9canisme fonctionnel, bois massif et Zamac vieilli. Vente libre sur RMC\" \/>\n<meta name=\"robots\" content=\"index, follow, max-snippet:-1, max-image-preview:large, max-video-preview:-1\" \/>\n<link rel=\"canonical\" href=\"https:\/\/repliquemangacine.fr\/en\/reproductions-weapons-second-world-war-denix\/m1-garand-patine-vieilli-denix\/\" \/>\n<meta property=\"og:locale\" content=\"en_US\" \/>\n<meta property=\"og:type\" content=\"article\" \/>\n<meta property=\"og:title\" content=\"M1 Garand patin\u00e9 et vieilli - Denix - R\u00e9plique Manga Cin\u00e9\" \/>\n<meta property=\"og:description\" content=\"D\u00e9couvrez le M1 Garand patin\u00e9 et vieilli Denix : reproduction fid\u00e8le, m\u00e9canisme fonctionnel, bois massif et Zamac vieilli. Vente libre sur RMC\" \/>\n<meta property=\"og:url\" content=\"https:\/\/repliquemangacine.fr\/en\/reproductions-weapons-second-world-war-denix\/m1-garand-patine-vieilli-denix\/\" \/>\n<meta property=\"og:site_name\" content=\"R\u00e9plique Manga Cin\u00e9\" \/>\n<meta property=\"article:publisher\" content=\"https:\/\/www.facebook.com\/RepliqueMangaCine\" \/>\n<meta property=\"article:modified_time\" content=\"2025-12-06T15:45:35+00:00\" \/>\n<meta property=\"og:image\" content=\"https:\/\/repliquemangacine.fr\/wp-content\/uploads\/2025\/05\/M1-Garand-Vieilli.jpg\" \/>\n\t<meta property=\"og:image:width\" content=\"800\" \/>\n\t<meta property=\"og:image:height\" content=\"800\" \/>\n\t<meta property=\"og:image:type\" content=\"image\/jpeg\" \/>\n<meta name=\"twitter:card\" content=\"summary_large_image\" \/>\n<meta name=\"twitter:label1\" content=\"Est. reading time\" \/>\n\t<meta name=\"twitter:data1\" content=\"4 minutes\" \/>\n<script type=\"application\/ld+json\" class=\"yoast-schema-graph\">{\"@context\":\"https:\\\/\\\/schema.org\",\"@graph\":[{\"@type\":\"WebPage\",\"@id\":\"https:\\\/\\\/repliquemangacine.fr\\\/reproductions-armes-seconde-guerre-mondiale-denix\\\/m1-garand-patine-vieilli-denix\\\/\",\"url\":\"https:\\\/\\\/repliquemangacine.fr\\\/reproductions-armes-seconde-guerre-mondiale-denix\\\/m1-garand-patine-vieilli-denix\\\/\",\"name\":\"M1 Garand patin\u00e9 et vieilli - Denix - R\u00e9plique Manga Cin\u00e9\",\"isPartOf\":{\"@id\":\"https:\\\/\\\/repliquemangacine.fr\\\/#website\"},\"primaryImageOfPage\":{\"@id\":\"https:\\\/\\\/repliquemangacine.fr\\\/reproductions-armes-seconde-guerre-mondiale-denix\\\/m1-garand-patine-vieilli-denix\\\/#primaryimage\"},\"image\":{\"@id\":\"https:\\\/\\\/repliquemangacine.fr\\\/reproductions-armes-seconde-guerre-mondiale-denix\\\/m1-garand-patine-vieilli-denix\\\/#primaryimage\"},\"thumbnailUrl\":\"https:\\\/\\\/repliquemangacine.fr\\\/wp-content\\\/uploads\\\/2025\\\/05\\\/M1-Garand-Vieilli.jpg\",\"datePublished\":\"2025-05-30T16:44:54+00:00\",\"dateModified\":\"2025-12-06T15:45:35+00:00\",\"description\":\"D\u00e9couvrez le M1 Garand patin\u00e9 et vieilli Denix : reproduction fid\u00e8le, m\u00e9canisme fonctionnel, bois massif et Zamac vieilli. Vente libre sur RMC\",\"breadcrumb\":{\"@id\":\"https:\\\/\\\/repliquemangacine.fr\\\/reproductions-armes-seconde-guerre-mondiale-denix\\\/m1-garand-patine-vieilli-denix\\\/#breadcrumb\"},\"inLanguage\":\"en-US\",\"potentialAction\":[{\"@type\":\"ReadAction\",\"target\":[\"https:\\\/\\\/repliquemangacine.fr\\\/reproductions-armes-seconde-guerre-mondiale-denix\\\/m1-garand-patine-vieilli-denix\\\/\"]}]},{\"@type\":\"ImageObject\",\"inLanguage\":\"en-US\",\"@id\":\"https:\\\/\\\/repliquemangacine.fr\\\/reproductions-armes-seconde-guerre-mondiale-denix\\\/m1-garand-patine-vieilli-denix\\\/#primaryimage\",\"url\":\"https:\\\/\\\/repliquemangacine.fr\\\/wp-content\\\/uploads\\\/2025\\\/05\\\/M1-Garand-Vieilli.jpg\",\"contentUrl\":\"https:\\\/\\\/repliquemangacine.fr\\\/wp-content\\\/uploads\\\/2025\\\/05\\\/M1-Garand-Vieilli.jpg\",\"width\":800,\"height\":800,\"caption\":\"M1 Garand Vieilli Denix\"},{\"@type\":\"BreadcrumbList\",\"@id\":\"https:\\\/\\\/repliquemangacine.fr\\\/reproductions-armes-seconde-guerre-mondiale-denix\\\/m1-garand-patine-vieilli-denix\\\/#breadcrumb\",\"itemListElement\":[{\"@type\":\"ListItem\",\"position\":1,\"name\":\"Accueil\",\"item\":\"https:\\\/\\\/repliquemangacine.fr\\\/\"},{\"@type\":\"ListItem\",\"position\":2,\"name\":\"Produits\",\"item\":\"https:\\\/\\\/repliquemangacine.fr\\\/boutique\\\/\"},{\"@type\":\"ListItem\",\"position\":3,\"name\":\"M1 Garand patin\u00e9 et vieilli &#8211; Denix\"}]},{\"@type\":\"WebSite\",\"@id\":\"https:\\\/\\\/repliquemangacine.fr\\\/#website\",\"url\":\"https:\\\/\\\/repliquemangacine.fr\\\/\",\"name\":\"R\u00e9plique Manga Cin\u00e9\",\"description\":\"\",\"publisher\":{\"@id\":\"https:\\\/\\\/repliquemangacine.fr\\\/#organization\"},\"potentialAction\":[{\"@type\":\"SearchAction\",\"target\":{\"@type\":\"EntryPoint\",\"urlTemplate\":\"https:\\\/\\\/repliquemangacine.fr\\\/?s={search_term_string}\"},\"query-input\":{\"@type\":\"PropertyValueSpecification\",\"valueRequired\":true,\"valueName\":\"search_term_string\"}}],\"inLanguage\":\"en-US\"},{\"@type\":\"Organization\",\"@id\":\"https:\\\/\\\/repliquemangacine.fr\\\/#organization\",\"name\":\"R\u00e9plique Manga Cin\u00e9\",\"url\":\"https:\\\/\\\/repliquemangacine.fr\\\/\",\"logo\":{\"@type\":\"ImageObject\",\"inLanguage\":\"en-US\",\"@id\":\"https:\\\/\\\/repliquemangacine.fr\\\/#\\\/schema\\\/logo\\\/image\\\/\",\"url\":\"https:\\\/\\\/repliquemangacine.fr\\\/wp-content\\\/uploads\\\/2023\\\/10\\\/RMC-500250.png\",\"contentUrl\":\"https:\\\/\\\/repliquemangacine.fr\\\/wp-content\\\/uploads\\\/2023\\\/10\\\/RMC-500250.png\",\"width\":500,\"height\":250,\"caption\":\"R\u00e9plique Manga Cin\u00e9\"},\"image\":{\"@id\":\"https:\\\/\\\/repliquemangacine.fr\\\/#\\\/schema\\\/logo\\\/image\\\/\"},\"sameAs\":[\"https:\\\/\\\/www.facebook.com\\\/RepliqueMangaCine\",\"https:\\\/\\\/www.instagram.com\\\/repliquemangacine.fr\\\/\"]}]}<\/script>\n<!-- \/ Yoast SEO plugin. -->","yoast_head_json":{"title":"M1 Garand patinated and aged - Denix - R\u00e9plique Manga Cin\u00e9","description":"Discover the patinated and aged Denix M1 Garand: faithful reproduction, functional mechanism, solid wood and aged Zamac. Free sale on RMC","robots":{"index":"index","follow":"follow","max-snippet":"max-snippet:-1","max-image-preview":"max-image-preview:large","max-video-preview":"max-video-preview:-1"},"canonical":"https:\/\/repliquemangacine.fr\/en\/reproductions-weapons-second-world-war-denix\/m1-garand-patine-vieilli-denix\/","og_locale":"en_US","og_type":"article","og_title":"M1 Garand patin\u00e9 et vieilli - Denix - R\u00e9plique Manga Cin\u00e9","og_description":"D\u00e9couvrez le M1 Garand patin\u00e9 et vieilli Denix : reproduction fid\u00e8le, m\u00e9canisme fonctionnel, bois massif et Zamac vieilli. Vente libre sur RMC","og_url":"https:\/\/repliquemangacine.fr\/en\/reproductions-weapons-second-world-war-denix\/m1-garand-patine-vieilli-denix\/","og_site_name":"R\u00e9plique Manga Cin\u00e9","article_publisher":"https:\/\/www.facebook.com\/RepliqueMangaCine","article_modified_time":"2025-12-06T15:45:35+00:00","og_image":[{"width":800,"height":800,"url":"https:\/\/repliquemangacine.fr\/wp-content\/uploads\/2025\/05\/M1-Garand-Vieilli.jpg","type":"image\/jpeg"}],"twitter_card":"summary_large_image","twitter_misc":{"Est. reading time":"4 minutes"},"schema":{"@context":"https:\/\/schema.org","@graph":[{"@type":"WebPage","@id":"https:\/\/repliquemangacine.fr\/reproductions-armes-seconde-guerre-mondiale-denix\/m1-garand-patine-vieilli-denix\/","url":"https:\/\/repliquemangacine.fr\/reproductions-armes-seconde-guerre-mondiale-denix\/m1-garand-patine-vieilli-denix\/","name":"M1 Garand patinated and aged - Denix - R\u00e9plique Manga Cin\u00e9","isPartOf":{"@id":"https:\/\/repliquemangacine.fr\/#website"},"primaryImageOfPage":{"@id":"https:\/\/repliquemangacine.fr\/reproductions-armes-seconde-guerre-mondiale-denix\/m1-garand-patine-vieilli-denix\/#primaryimage"},"image":{"@id":"https:\/\/repliquemangacine.fr\/reproductions-armes-seconde-guerre-mondiale-denix\/m1-garand-patine-vieilli-denix\/#primaryimage"},"thumbnailUrl":"https:\/\/repliquemangacine.fr\/wp-content\/uploads\/2025\/05\/M1-Garand-Vieilli.jpg","datePublished":"2025-05-30T16:44:54+00:00","dateModified":"2025-12-06T15:45:35+00:00","description":"Discover the patinated and aged Denix M1 Garand: faithful reproduction, functional mechanism, solid wood and aged Zamac. Free sale on RMC","breadcrumb":{"@id":"https:\/\/repliquemangacine.fr\/reproductions-armes-seconde-guerre-mondiale-denix\/m1-garand-patine-vieilli-denix\/#breadcrumb"},"inLanguage":"en-US","potentialAction":[{"@type":"ReadAction","target":["https:\/\/repliquemangacine.fr\/reproductions-armes-seconde-guerre-mondiale-denix\/m1-garand-patine-vieilli-denix\/"]}]},{"@type":"ImageObject","inLanguage":"en-US","@id":"https:\/\/repliquemangacine.fr\/reproductions-armes-seconde-guerre-mondiale-denix\/m1-garand-patine-vieilli-denix\/#primaryimage","url":"https:\/\/repliquemangacine.fr\/wp-content\/uploads\/2025\/05\/M1-Garand-Vieilli.jpg","contentUrl":"https:\/\/repliquemangacine.fr\/wp-content\/uploads\/2025\/05\/M1-Garand-Vieilli.jpg","width":800,"height":800,"caption":"M1 Garand Vieilli Denix"},{"@type":"BreadcrumbList","@id":"https:\/\/repliquemangacine.fr\/reproductions-armes-seconde-guerre-mondiale-denix\/m1-garand-patine-vieilli-denix\/#breadcrumb","itemListElement":[{"@type":"ListItem","position":1,"name":"Accueil","item":"https:\/\/repliquemangacine.fr\/"},{"@type":"ListItem","position":2,"name":"Produits","item":"https:\/\/repliquemangacine.fr\/boutique\/"},{"@type":"ListItem","position":3,"name":"M1 Garand patin\u00e9 et vieilli &#8211; Denix"}]},{"@type":"WebSite","@id":"https:\/\/repliquemangacine.fr\/#website","url":"https:\/\/repliquemangacine.fr\/","name":"R\u00e9plique Manga Cin\u00e9","description":"","publisher":{"@id":"https:\/\/repliquemangacine.fr\/#organization"},"potentialAction":[{"@type":"SearchAction","target":{"@type":"EntryPoint","urlTemplate":"https:\/\/repliquemangacine.fr\/?s={search_term_string}"},"query-input":{"@type":"PropertyValueSpecification","valueRequired":true,"valueName":"search_term_string"}}],"inLanguage":"en-US"},{"@type":"Organization","@id":"https:\/\/repliquemangacine.fr\/#organization","name":"R\u00e9plique Manga Cin\u00e9","url":"https:\/\/repliquemangacine.fr\/","logo":{"@type":"ImageObject","inLanguage":"en-US","@id":"https:\/\/repliquemangacine.fr\/#\/schema\/logo\/image\/","url":"https:\/\/repliquemangacine.fr\/wp-content\/uploads\/2023\/10\/RMC-500250.png","contentUrl":"https:\/\/repliquemangacine.fr\/wp-content\/uploads\/2023\/10\/RMC-500250.png","width":500,"height":250,"caption":"R\u00e9plique Manga Cin\u00e9"},"image":{"@id":"https:\/\/repliquemangacine.fr\/#\/schema\/logo\/image\/"},"sameAs":["https:\/\/www.facebook.com\/RepliqueMangaCine","https:\/\/www.instagram.com\/repliquemangacine.fr\/"]}]}},"_links":{"self":[{"href":"https:\/\/repliquemangacine.fr\/en\/wp-json\/wp\/v2\/product\/84742","targetHints":{"allow":["GET"]}}],"collection":[{"href":"https:\/\/repliquemangacine.fr\/en\/wp-json\/wp\/v2\/product"}],"about":[{"href":"https:\/\/repliquemangacine.fr\/en\/wp-json\/wp\/v2\/types\/product"}],"wp:featuredmedia":[{"embeddable":true,"href":"https:\/\/repliquemangacine.fr\/en\/wp-json\/wp\/v2\/media\/84743"}],"wp:attachment":[{"href":"https:\/\/repliquemangacine.fr\/en\/wp-json\/wp\/v2\/media?parent=84742"}],"wp:term":[{"taxonomy":"product_brand","embeddable":true,"href":"https:\/\/repliquemangacine.fr\/en\/wp-json\/wp\/v2\/product_brand?post=84742"},{"taxonomy":"product_cat","embeddable":true,"href":"https:\/\/repliquemangacine.fr\/en\/wp-json\/wp\/v2\/product_cat?post=84742"},{"taxonomy":"product_tag","embeddable":true,"href":"https:\/\/repliquemangacine.fr\/en\/wp-json\/wp\/v2\/product_tag?post=84742"}],"curies":[{"name":"wp","href":"https:\/\/api.w.org\/{rel}","templated":true}]}}