





{"id":84659,"date":"2025-05-28T18:48:08","date_gmt":"2025-05-28T16:48:08","guid":{"rendered":"https:\/\/repliquemangacine.fr\/?post_type=product&#038;p=84659"},"modified":"2026-01-13T04:20:46","modified_gmt":"2026-01-13T03:20:46","slug":"thompson-m1928a1-denix-submachine-gun","status":"publish","type":"product","link":"https:\/\/repliquemangacine.fr\/en\/repliques-darmes\/mitraillette-thompson-m1928a1-denix\/","title":{"rendered":"Thompson M1928A1 submachine gun - Antique patina finish"},"content":{"rendered":"<h2>Thompson M1928A1 submachine gun: a strikingly realistic cult piece<\/h2>\n<p>First, rediscover the legendary Thompson M1928A1 submachine gun in its patina-finished version. <a href=\"https:\/\/www.denix.fr\/fr\/catalogue\/guerres-mondiales-1914-1945\/mitraillettes-et-mitrailleuses\/2093\/\" target=\"_blank\" rel=\"noopener noreferrer\">Denix<\/a>. This reproduction is a faithful tribute. With its solid wood stock and aged metal parts, it exudes authentic retro charm. Its simulation mechanism enables loading, cocking and percussion for a stunningly realistic effect. The magazine is removable, reinforcing the impression of having a real weapon in your hands. No risk: this replica is totally unsuitable for shooting, so you can collect it legally. With a weight of 3745 grams and a length of 86 cm, it offers a striking grip.<\/p>\n<p>No need for authorization: this dummy weapon is available over the counter to all enthusiasts. This exceptional piece will delight history buffs, film buffs and re-enactment enthusiasts alike. Denix offers a top-of-the-range model, combining vintage aesthetics with absolute safety. In conclusion, an emblematic submachine gun that has stood the test of time without a single wrinkle.<\/p>\n<h2>A legendary weapon at the heart of the 20th century's great conflicts<\/h2>\n<p>The Thompson M1928A1 submachine gun is an icon of the Second World War, used by American troops as early as 1941. Nicknamed the \u201cTommy Gun\u201d, it was first popular with gangsters in the USA in the 1930s. Its rugged design, fast rate of fire and drum magazine made it famous from the start. It was later adopted by Allied forces for its reliability in close-quarter combat. It accompanied American soldiers on all fronts: Africa, Europe and the Pacific. It can be found in the hands of commandos, officers and special units. Its distinctive sound and imposing silhouette have made it a feared and respected weapon.<\/p>\n<p>Today, it symbolizes the commitment of Allied forces in the fight against totalitarian regimes. Representing the Thompson is a tribute to the military history of the 20th century. A piece that carries the memory of entire generations of combatants.<\/p>\n<h2>A must on R\u00e9plique Manag Cin\u00e9 alongside the finest Denix replicas<\/h2>\n<p>The Thompson M1928A1 submachine gun is now available on R\u00e9plique Manga Cin\u00e9, in our collection of patinated historical weapons. It joins an exclusive selection of Denix replicas, renowned for their realism and exceptional finish quality. In the Second World War category, you'll find the legendary Garand rifle, the famous <a href=\"https:\/\/repliquemangacine.fr\/en\/reproductions-weapons-second-world-war-denix\/mauser-k98-antique-rifle\/\">Mauser K98 rifle<\/a>,<br \/>\nas well as the legendary <a href=\"https:\/\/repliquemangacine.fr\/en\/reproductions-weapons-second-world-war-denix\/aged-luger-p08-pistol\/\">Luger pistol<\/a>, all available with an aged look to great effect. These emblematic pieces revive history through strikingly faithful, entirely legal reproductions.<\/p>\n<p>Our Western collection also includes <a href=\"https:\/\/repliquemangacine.fr\/en\/western-weapons\/\">Cowboy Colts<\/a> from the Far West to Hollywood. Last but not least <a href=\"https:\/\/repliquemangacine.fr\/en\/antique-rifle\/\">antique rifles<\/a>We offer a wide range of products, such as the majestic Napoleon rifle, perfect for enthusiasts of period weapons. Each product is selected for its authenticity, aesthetics and ability to enrich your collection with passion.<\/p>","protected":false},"excerpt":{"rendered":"<p>Superb reproduction of the Thompson M1A1 machine pistol - Aged and patinated collection.<\/p>\n<ul>\n<li>Solid wood stock.<\/li>\n<li>Metal parts in patinated and aged Zamac.<\/li>\n<li>Load and fire simulation mechanism.<\/li>\n<li>Removable charger.<\/li>\n<li>Guns and hits, but totally unfit to shoot.<\/li>\n<li>Length: 86 cm - Weight: 3745 grs<\/li>\n<li>No authorization required. Free sale and possession<\/li>\n<\/ul>","protected":false},"featured_media":84661,"template":"","meta":[],"product_brand":[896],"product_cat":[46,54,28,76],"product_tag":[],"class_list":{"0":"post-84659","1":"product","2":"type-product","3":"status-publish","4":"has-post-thumbnail","6":"product_brand-replique-manga-cine","7":"product_cat-fusil-d-assaut-fusil-moderne","8":"product_cat-armes-accessoires-guerre-mondiale","9":"product_cat-repliques-darmes","10":"product_cat-reproductions-armes-seconde-guerre-mondiale-denix","12":"first","13":"instock","14":"taxable","15":"shipping-taxable","16":"purchasable","17":"product-type-simple"},"yoast_head":"<!-- This site is optimized with the Yoast SEO plugin v27.5 - https:\/\/yoast.com\/product\/yoast-seo-wordpress\/ -->\n<title>Mitraillette Thompson M1928A1 - Patin\u00e9 aspect Vieilli - R\u00e9plique Manga Cin\u00e9<\/title>\n<meta name=\"description\" content=\"R\u00e9plique patin\u00e9e de la mitraillette Thompson M1928A1 par Denix, fid\u00e8le \u00e0 l&#039;originale. Id\u00e9ale pour collectionneurs et passionn\u00e9s d\u2019histoire militaire.\" \/>\n<meta name=\"robots\" content=\"index, follow, max-snippet:-1, max-image-preview:large, max-video-preview:-1\" \/>\n<link rel=\"canonical\" href=\"https:\/\/repliquemangacine.fr\/en\/weapon-replicas\/thompson-m1928a1-denix-submachine-gun\/\" \/>\n<meta property=\"og:locale\" content=\"en_US\" \/>\n<meta property=\"og:type\" content=\"article\" \/>\n<meta property=\"og:title\" content=\"Mitraillette Thompson M1928A1 - Patin\u00e9 aspect Vieilli - R\u00e9plique Manga Cin\u00e9\" \/>\n<meta property=\"og:description\" content=\"R\u00e9plique patin\u00e9e de la mitraillette Thompson M1928A1 par Denix, fid\u00e8le \u00e0 l&#039;originale. Id\u00e9ale pour collectionneurs et passionn\u00e9s d\u2019histoire militaire.\" \/>\n<meta property=\"og:url\" content=\"https:\/\/repliquemangacine.fr\/en\/weapon-replicas\/thompson-m1928a1-denix-submachine-gun\/\" \/>\n<meta property=\"og:site_name\" content=\"R\u00e9plique Manga Cin\u00e9\" \/>\n<meta property=\"article:publisher\" content=\"https:\/\/www.facebook.com\/RepliqueMangaCine\" \/>\n<meta property=\"article:modified_time\" content=\"2026-01-13T03:20:46+00:00\" \/>\n<meta property=\"og:image\" content=\"https:\/\/repliquemangacine.fr\/wp-content\/uploads\/2025\/05\/Mitraillette-Thompson-M1928A1.jpg\" \/>\n\t<meta property=\"og:image:width\" content=\"800\" \/>\n\t<meta property=\"og:image:height\" content=\"800\" \/>\n\t<meta property=\"og:image:type\" content=\"image\/jpeg\" \/>\n<meta name=\"twitter:card\" content=\"summary_large_image\" \/>\n<meta name=\"twitter:label1\" content=\"Est. reading time\" \/>\n\t<meta name=\"twitter:data1\" content=\"3 minutes\" \/>\n<script type=\"application\/ld+json\" class=\"yoast-schema-graph\">{\"@context\":\"https:\\\/\\\/schema.org\",\"@graph\":[{\"@type\":\"WebPage\",\"@id\":\"https:\\\/\\\/repliquemangacine.fr\\\/repliques-darmes\\\/mitraillette-thompson-m1928a1-denix\\\/\",\"url\":\"https:\\\/\\\/repliquemangacine.fr\\\/repliques-darmes\\\/mitraillette-thompson-m1928a1-denix\\\/\",\"name\":\"Mitraillette Thompson M1928A1 - Patin\u00e9 aspect Vieilli - R\u00e9plique Manga Cin\u00e9\",\"isPartOf\":{\"@id\":\"https:\\\/\\\/repliquemangacine.fr\\\/#website\"},\"primaryImageOfPage\":{\"@id\":\"https:\\\/\\\/repliquemangacine.fr\\\/repliques-darmes\\\/mitraillette-thompson-m1928a1-denix\\\/#primaryimage\"},\"image\":{\"@id\":\"https:\\\/\\\/repliquemangacine.fr\\\/repliques-darmes\\\/mitraillette-thompson-m1928a1-denix\\\/#primaryimage\"},\"thumbnailUrl\":\"https:\\\/\\\/repliquemangacine.fr\\\/wp-content\\\/uploads\\\/2025\\\/05\\\/Mitraillette-Thompson-M1928A1.jpg\",\"datePublished\":\"2025-05-28T16:48:08+00:00\",\"dateModified\":\"2026-01-13T03:20:46+00:00\",\"description\":\"R\u00e9plique patin\u00e9e de la mitraillette Thompson M1928A1 par Denix, fid\u00e8le \u00e0 l'originale. Id\u00e9ale pour collectionneurs et passionn\u00e9s d\u2019histoire militaire.\",\"breadcrumb\":{\"@id\":\"https:\\\/\\\/repliquemangacine.fr\\\/repliques-darmes\\\/mitraillette-thompson-m1928a1-denix\\\/#breadcrumb\"},\"inLanguage\":\"en-US\",\"potentialAction\":[{\"@type\":\"ReadAction\",\"target\":[\"https:\\\/\\\/repliquemangacine.fr\\\/repliques-darmes\\\/mitraillette-thompson-m1928a1-denix\\\/\"]}]},{\"@type\":\"ImageObject\",\"inLanguage\":\"en-US\",\"@id\":\"https:\\\/\\\/repliquemangacine.fr\\\/repliques-darmes\\\/mitraillette-thompson-m1928a1-denix\\\/#primaryimage\",\"url\":\"https:\\\/\\\/repliquemangacine.fr\\\/wp-content\\\/uploads\\\/2025\\\/05\\\/Mitraillette-Thompson-M1928A1.jpg\",\"contentUrl\":\"https:\\\/\\\/repliquemangacine.fr\\\/wp-content\\\/uploads\\\/2025\\\/05\\\/Mitraillette-Thompson-M1928A1.jpg\",\"width\":800,\"height\":800,\"caption\":\"Mitraillette Thompson M1928A1\"},{\"@type\":\"BreadcrumbList\",\"@id\":\"https:\\\/\\\/repliquemangacine.fr\\\/repliques-darmes\\\/mitraillette-thompson-m1928a1-denix\\\/#breadcrumb\",\"itemListElement\":[{\"@type\":\"ListItem\",\"position\":1,\"name\":\"Accueil\",\"item\":\"https:\\\/\\\/repliquemangacine.fr\\\/\"},{\"@type\":\"ListItem\",\"position\":2,\"name\":\"Produits\",\"item\":\"https:\\\/\\\/repliquemangacine.fr\\\/boutique\\\/\"},{\"@type\":\"ListItem\",\"position\":3,\"name\":\"Mitraillette Thompson M1928A1 &#8211; Patin\u00e9 aspect Vieilli\"}]},{\"@type\":\"WebSite\",\"@id\":\"https:\\\/\\\/repliquemangacine.fr\\\/#website\",\"url\":\"https:\\\/\\\/repliquemangacine.fr\\\/\",\"name\":\"R\u00e9plique Manga Cin\u00e9\",\"description\":\"\",\"publisher\":{\"@id\":\"https:\\\/\\\/repliquemangacine.fr\\\/#organization\"},\"potentialAction\":[{\"@type\":\"SearchAction\",\"target\":{\"@type\":\"EntryPoint\",\"urlTemplate\":\"https:\\\/\\\/repliquemangacine.fr\\\/?s={search_term_string}\"},\"query-input\":{\"@type\":\"PropertyValueSpecification\",\"valueRequired\":true,\"valueName\":\"search_term_string\"}}],\"inLanguage\":\"en-US\"},{\"@type\":\"Organization\",\"@id\":\"https:\\\/\\\/repliquemangacine.fr\\\/#organization\",\"name\":\"R\u00e9plique Manga Cin\u00e9\",\"url\":\"https:\\\/\\\/repliquemangacine.fr\\\/\",\"logo\":{\"@type\":\"ImageObject\",\"inLanguage\":\"en-US\",\"@id\":\"https:\\\/\\\/repliquemangacine.fr\\\/#\\\/schema\\\/logo\\\/image\\\/\",\"url\":\"https:\\\/\\\/repliquemangacine.fr\\\/wp-content\\\/uploads\\\/2023\\\/10\\\/RMC-500250.png\",\"contentUrl\":\"https:\\\/\\\/repliquemangacine.fr\\\/wp-content\\\/uploads\\\/2023\\\/10\\\/RMC-500250.png\",\"width\":500,\"height\":250,\"caption\":\"R\u00e9plique Manga Cin\u00e9\"},\"image\":{\"@id\":\"https:\\\/\\\/repliquemangacine.fr\\\/#\\\/schema\\\/logo\\\/image\\\/\"},\"sameAs\":[\"https:\\\/\\\/www.facebook.com\\\/RepliqueMangaCine\",\"https:\\\/\\\/www.instagram.com\\\/repliquemangacine.fr\\\/\"]}]}<\/script>\n<!-- \/ Yoast SEO plugin. -->","yoast_head_json":{"title":"Thompson M1928A1 submachine gun - Antique patina - R\u00e9plique Manga Cin\u00e9","description":"Patinated replica of the Thompson M1928A1 submachine gun by Denix, faithful to the original. Ideal for collectors and military history enthusiasts.","robots":{"index":"index","follow":"follow","max-snippet":"max-snippet:-1","max-image-preview":"max-image-preview:large","max-video-preview":"max-video-preview:-1"},"canonical":"https:\/\/repliquemangacine.fr\/en\/weapon-replicas\/thompson-m1928a1-denix-submachine-gun\/","og_locale":"en_US","og_type":"article","og_title":"Mitraillette Thompson M1928A1 - Patin\u00e9 aspect Vieilli - R\u00e9plique Manga Cin\u00e9","og_description":"R\u00e9plique patin\u00e9e de la mitraillette Thompson M1928A1 par Denix, fid\u00e8le \u00e0 l'originale. Id\u00e9ale pour collectionneurs et passionn\u00e9s d\u2019histoire militaire.","og_url":"https:\/\/repliquemangacine.fr\/en\/weapon-replicas\/thompson-m1928a1-denix-submachine-gun\/","og_site_name":"R\u00e9plique Manga Cin\u00e9","article_publisher":"https:\/\/www.facebook.com\/RepliqueMangaCine","article_modified_time":"2026-01-13T03:20:46+00:00","og_image":[{"width":800,"height":800,"url":"https:\/\/repliquemangacine.fr\/wp-content\/uploads\/2025\/05\/Mitraillette-Thompson-M1928A1.jpg","type":"image\/jpeg"}],"twitter_card":"summary_large_image","twitter_misc":{"Est. reading time":"3 minutes"},"schema":{"@context":"https:\/\/schema.org","@graph":[{"@type":"WebPage","@id":"https:\/\/repliquemangacine.fr\/repliques-darmes\/mitraillette-thompson-m1928a1-denix\/","url":"https:\/\/repliquemangacine.fr\/repliques-darmes\/mitraillette-thompson-m1928a1-denix\/","name":"Thompson M1928A1 submachine gun - Antique patina - R\u00e9plique Manga Cin\u00e9","isPartOf":{"@id":"https:\/\/repliquemangacine.fr\/#website"},"primaryImageOfPage":{"@id":"https:\/\/repliquemangacine.fr\/repliques-darmes\/mitraillette-thompson-m1928a1-denix\/#primaryimage"},"image":{"@id":"https:\/\/repliquemangacine.fr\/repliques-darmes\/mitraillette-thompson-m1928a1-denix\/#primaryimage"},"thumbnailUrl":"https:\/\/repliquemangacine.fr\/wp-content\/uploads\/2025\/05\/Mitraillette-Thompson-M1928A1.jpg","datePublished":"2025-05-28T16:48:08+00:00","dateModified":"2026-01-13T03:20:46+00:00","description":"Patinated replica of the Thompson M1928A1 submachine gun by Denix, faithful to the original. Ideal for collectors and military history enthusiasts.","breadcrumb":{"@id":"https:\/\/repliquemangacine.fr\/repliques-darmes\/mitraillette-thompson-m1928a1-denix\/#breadcrumb"},"inLanguage":"en-US","potentialAction":[{"@type":"ReadAction","target":["https:\/\/repliquemangacine.fr\/repliques-darmes\/mitraillette-thompson-m1928a1-denix\/"]}]},{"@type":"ImageObject","inLanguage":"en-US","@id":"https:\/\/repliquemangacine.fr\/repliques-darmes\/mitraillette-thompson-m1928a1-denix\/#primaryimage","url":"https:\/\/repliquemangacine.fr\/wp-content\/uploads\/2025\/05\/Mitraillette-Thompson-M1928A1.jpg","contentUrl":"https:\/\/repliquemangacine.fr\/wp-content\/uploads\/2025\/05\/Mitraillette-Thompson-M1928A1.jpg","width":800,"height":800,"caption":"Mitraillette Thompson M1928A1"},{"@type":"BreadcrumbList","@id":"https:\/\/repliquemangacine.fr\/repliques-darmes\/mitraillette-thompson-m1928a1-denix\/#breadcrumb","itemListElement":[{"@type":"ListItem","position":1,"name":"Accueil","item":"https:\/\/repliquemangacine.fr\/"},{"@type":"ListItem","position":2,"name":"Produits","item":"https:\/\/repliquemangacine.fr\/boutique\/"},{"@type":"ListItem","position":3,"name":"Mitraillette Thompson M1928A1 &#8211; Patin\u00e9 aspect Vieilli"}]},{"@type":"WebSite","@id":"https:\/\/repliquemangacine.fr\/#website","url":"https:\/\/repliquemangacine.fr\/","name":"R\u00e9plique Manga Cin\u00e9","description":"","publisher":{"@id":"https:\/\/repliquemangacine.fr\/#organization"},"potentialAction":[{"@type":"SearchAction","target":{"@type":"EntryPoint","urlTemplate":"https:\/\/repliquemangacine.fr\/?s={search_term_string}"},"query-input":{"@type":"PropertyValueSpecification","valueRequired":true,"valueName":"search_term_string"}}],"inLanguage":"en-US"},{"@type":"Organization","@id":"https:\/\/repliquemangacine.fr\/#organization","name":"R\u00e9plique Manga Cin\u00e9","url":"https:\/\/repliquemangacine.fr\/","logo":{"@type":"ImageObject","inLanguage":"en-US","@id":"https:\/\/repliquemangacine.fr\/#\/schema\/logo\/image\/","url":"https:\/\/repliquemangacine.fr\/wp-content\/uploads\/2023\/10\/RMC-500250.png","contentUrl":"https:\/\/repliquemangacine.fr\/wp-content\/uploads\/2023\/10\/RMC-500250.png","width":500,"height":250,"caption":"R\u00e9plique Manga Cin\u00e9"},"image":{"@id":"https:\/\/repliquemangacine.fr\/#\/schema\/logo\/image\/"},"sameAs":["https:\/\/www.facebook.com\/RepliqueMangaCine","https:\/\/www.instagram.com\/repliquemangacine.fr\/"]}]}},"_links":{"self":[{"href":"https:\/\/repliquemangacine.fr\/en\/wp-json\/wp\/v2\/product\/84659","targetHints":{"allow":["GET"]}}],"collection":[{"href":"https:\/\/repliquemangacine.fr\/en\/wp-json\/wp\/v2\/product"}],"about":[{"href":"https:\/\/repliquemangacine.fr\/en\/wp-json\/wp\/v2\/types\/product"}],"wp:featuredmedia":[{"embeddable":true,"href":"https:\/\/repliquemangacine.fr\/en\/wp-json\/wp\/v2\/media\/84661"}],"wp:attachment":[{"href":"https:\/\/repliquemangacine.fr\/en\/wp-json\/wp\/v2\/media?parent=84659"}],"wp:term":[{"taxonomy":"product_brand","embeddable":true,"href":"https:\/\/repliquemangacine.fr\/en\/wp-json\/wp\/v2\/product_brand?post=84659"},{"taxonomy":"product_cat","embeddable":true,"href":"https:\/\/repliquemangacine.fr\/en\/wp-json\/wp\/v2\/product_cat?post=84659"},{"taxonomy":"product_tag","embeddable":true,"href":"https:\/\/repliquemangacine.fr\/en\/wp-json\/wp\/v2\/product_tag?post=84659"}],"curies":[{"name":"wp","href":"https:\/\/api.w.org\/{rel}","templated":true}]}}