





{"id":84438,"date":"2025-05-19T18:09:14","date_gmt":"2025-05-19T16:09:14","guid":{"rendered":"https:\/\/repliquemangacine.fr\/?post_type=product&#038;p=84438"},"modified":"2025-11-13T00:47:13","modified_gmt":"2025-11-12T23:47:13","slug":"holy-moonlight-before-bloodborne-transformation","status":"publish","type":"product","link":"https:\/\/repliquemangacine.fr\/en\/katana-et-epee-de-jeux-video-autre-jeux-video\/holy-moonlight-avant-transformation-bloodborne\/","title":{"rendered":"Holy Moonlight before transformation - Bloodborne"},"content":{"rendered":"<h2>The Holy Moonlight Sword: the essential artefact for hunters<\/h2>\n<p>First, the sword <strong>Holy Moonlight before transformation<\/strong>a legendary piece from the world of <a href=\"https:\/\/bloodborne.fandom.com\/wiki\/Bloodborne_Wiki\" target=\"_blank\" rel=\"noopener noreferrer\">Bloodborne<\/a>. In its original form, it embodies the raw power and heritage of the hunter. Its sober appearance, with a massive, robust blade, conveys all the strength contained in this iconic weapon. For fans of the game, this replica is a true tribute to one of its most iconic weapons.<\/p>\n<p>Thanks to its solid structure, the Holy Moonlight sword is perfect for fans of quality replicas. Its design, faithful to the game's model, pays homage to the spirit of Bloodborne. Whether you're a collector or a fan of FromSoftware's gothic universe, this sword is sure to find a place in your collection.<\/p>\n<h2>Holy Moonlight before transformation: Unparalleled power<\/h2>\n<p>When not transformed, the Holy Moonlight sword retains its imposing character. Attacks are swift, cutting and uncompromising. Its balanced handling makes it a formidable weapon, even in the most intense combat. In addition, its design evokes the great swords of legendary knights, reinforcing its heroic aspect.<\/p>\n<p>This raw form is perfect for close combat, especially against Yharnam's creatures. Players who appreciate weapons of strength and dexterity will find it a major asset in dominating their opponents. As a result, it stands out for its versatility and effectiveness.<\/p>\n<h2>The Holy Moonlight sword transformed: the essence of lunar magic<\/h2>\n<p>In contrast, the transformed version of the Holy Moonlight sword reveals its full magical potential. Enveloped in a luminous blue aura, the blade is capable of projecting waves of energy. This version sublimates the weapon and lends it an undeniably mystical dimension. For fans of arcane attacks, it's the perfect weapon with which to take on hordes of enemies.<\/p>\n<p>In fact, to own both versions of this sword is to have the very essence of moon power and brute force. An exceptional piece that perfectly illustrates the evolution of weapons in Bloodborne.<\/p>\n<h2>Other legendary swords for collectors<\/h2>\n<p>On R\u00e9plique Manga Cin\u00e9, fans of iconic weapons can also find other equally impressive swords. These include the<a href=\"https:\/\/repliquemangacine.fr\/en\/elden-ring\/epee-dark-moon-greatsword-elden-ring\/\">Dark Moon Greatsword by Elden Ring<\/a>. This mythical weapon, with its shimmering blue blade, symbolizes lunar magic and the power of knights. A must-have for fans of the series.<\/p>\n<p>What's more, the <a href=\"https:\/\/repliquemangacine.fr\/en\/katana-and-video-game-sword-other-video-games\/devil-sword-epee-du-diable-de-dante-devil-my-cry\/\">Devil Sword by Dante<\/a> in Devil May Cry is also available. Its demonic design and legendary power make it a spectacular weapon. Not forgetting the<a href=\"https:\/\/repliquemangacine.fr\/en\/katana-and-sword-from-anime-other-manga\/guts-sword-dragon-slayer-berserk\/\">Guts sword<\/a>, Berserk's Dragon Slayer, a veritable colossus of metal capable of slicing through armies.<\/p>\n<p>In conclusion, all these replicas are waiting for you on our site to enrich your collection. Explore our catalog and discover legendary weapons from the greatest video game and animated sagas.<\/p>\n<p>&nbsp;<\/p>","protected":false},"excerpt":{"rendered":"<p>Superb replica of the Holy Moonlight sword (<span class=\"Y2IQFc\" lang=\"fr\">Clair de lune sacr\u00e9) in the Bloodborne game.<\/span><\/p>\n<ul>\n<li>Aged steel blade with engraving and wear effect.<\/li>\n<li>Brown ribbon on blade ending on handle<\/li>\n<li>Guard, handle and pommel all in finely and richly decorated aged metal.<\/li>\n<li>Supplied with wooden wall bracket in the shape of a cross.<\/li>\n<li>Blade length: 76 cm - Total length: 101 cm<\/li>\n<li>Weight: 1430 g<\/li>\n<\/ul>","protected":false},"featured_media":84439,"template":"","meta":[],"product_brand":[896],"product_cat":[67],"product_tag":[],"class_list":{"0":"post-84438","1":"product","2":"type-product","3":"status-publish","4":"has-post-thumbnail","6":"product_brand-replique-manga-cine","7":"product_cat-katana-et-epee-de-jeux-video-autre-jeux-video","9":"first","10":"instock","11":"taxable","12":"shipping-taxable","13":"purchasable","14":"product-type-simple"},"yoast_head":"<!-- This site is optimized with the Yoast SEO plugin v27.5 - https:\/\/yoast.com\/product\/yoast-seo-wordpress\/ -->\n<title>Holy Moonlight avant transformation - Bloodborne - R\u00e9plique Manga Cin\u00e9<\/title>\n<meta name=\"description\" content=\"R\u00e9plique de l&#039;\u00e9p\u00e9e Holy Moonlight avant transformation, fid\u00e8le \u00e0 Bloodborne. Une pi\u00e8ce l\u00e9gendaire pour tout collectionneur passionn\u00e9. En m\u00e9tal. 101 cm\" \/>\n<meta name=\"robots\" content=\"index, follow, max-snippet:-1, max-image-preview:large, max-video-preview:-1\" \/>\n<link rel=\"canonical\" href=\"https:\/\/repliquemangacine.fr\/en\/katana-and-video-game-sword-other-video-games\/holy-moonlight-before-bloodborne-transformation\/\" \/>\n<meta property=\"og:locale\" content=\"en_US\" \/>\n<meta property=\"og:type\" content=\"article\" \/>\n<meta property=\"og:title\" content=\"Holy Moonlight avant transformation - Bloodborne - R\u00e9plique Manga Cin\u00e9\" \/>\n<meta property=\"og:description\" content=\"R\u00e9plique de l&#039;\u00e9p\u00e9e Holy Moonlight avant transformation, fid\u00e8le \u00e0 Bloodborne. Une pi\u00e8ce l\u00e9gendaire pour tout collectionneur passionn\u00e9. En m\u00e9tal. 101 cm\" \/>\n<meta property=\"og:url\" content=\"https:\/\/repliquemangacine.fr\/en\/katana-and-video-game-sword-other-video-games\/holy-moonlight-before-bloodborne-transformation\/\" \/>\n<meta property=\"og:site_name\" content=\"R\u00e9plique Manga Cin\u00e9\" \/>\n<meta property=\"article:publisher\" content=\"https:\/\/www.facebook.com\/RepliqueMangaCine\" \/>\n<meta property=\"article:modified_time\" content=\"2025-11-12T23:47:13+00:00\" \/>\n<meta property=\"og:image\" content=\"https:\/\/repliquemangacine.fr\/wp-content\/uploads\/2025\/05\/Holy-Moonlight-avant-transformation.jpg\" \/>\n\t<meta property=\"og:image:width\" content=\"800\" \/>\n\t<meta property=\"og:image:height\" content=\"800\" \/>\n\t<meta property=\"og:image:type\" content=\"image\/jpeg\" \/>\n<meta name=\"twitter:card\" content=\"summary_large_image\" \/>\n<meta name=\"twitter:label1\" content=\"Est. reading time\" \/>\n\t<meta name=\"twitter:data1\" content=\"3 minutes\" \/>\n<script type=\"application\/ld+json\" class=\"yoast-schema-graph\">{\"@context\":\"https:\\\/\\\/schema.org\",\"@graph\":[{\"@type\":\"WebPage\",\"@id\":\"https:\\\/\\\/repliquemangacine.fr\\\/katana-et-epee-de-jeux-video-autre-jeux-video\\\/holy-moonlight-avant-transformation-bloodborne\\\/\",\"url\":\"https:\\\/\\\/repliquemangacine.fr\\\/katana-et-epee-de-jeux-video-autre-jeux-video\\\/holy-moonlight-avant-transformation-bloodborne\\\/\",\"name\":\"Holy Moonlight avant transformation - Bloodborne - R\u00e9plique Manga Cin\u00e9\",\"isPartOf\":{\"@id\":\"https:\\\/\\\/repliquemangacine.fr\\\/#website\"},\"primaryImageOfPage\":{\"@id\":\"https:\\\/\\\/repliquemangacine.fr\\\/katana-et-epee-de-jeux-video-autre-jeux-video\\\/holy-moonlight-avant-transformation-bloodborne\\\/#primaryimage\"},\"image\":{\"@id\":\"https:\\\/\\\/repliquemangacine.fr\\\/katana-et-epee-de-jeux-video-autre-jeux-video\\\/holy-moonlight-avant-transformation-bloodborne\\\/#primaryimage\"},\"thumbnailUrl\":\"https:\\\/\\\/repliquemangacine.fr\\\/wp-content\\\/uploads\\\/2025\\\/05\\\/Holy-Moonlight-avant-transformation.jpg\",\"datePublished\":\"2025-05-19T16:09:14+00:00\",\"dateModified\":\"2025-11-12T23:47:13+00:00\",\"description\":\"R\u00e9plique de l'\u00e9p\u00e9e Holy Moonlight avant transformation, fid\u00e8le \u00e0 Bloodborne. Une pi\u00e8ce l\u00e9gendaire pour tout collectionneur passionn\u00e9. En m\u00e9tal. 101 cm\",\"breadcrumb\":{\"@id\":\"https:\\\/\\\/repliquemangacine.fr\\\/katana-et-epee-de-jeux-video-autre-jeux-video\\\/holy-moonlight-avant-transformation-bloodborne\\\/#breadcrumb\"},\"inLanguage\":\"en-US\",\"potentialAction\":[{\"@type\":\"ReadAction\",\"target\":[\"https:\\\/\\\/repliquemangacine.fr\\\/katana-et-epee-de-jeux-video-autre-jeux-video\\\/holy-moonlight-avant-transformation-bloodborne\\\/\"]}]},{\"@type\":\"ImageObject\",\"inLanguage\":\"en-US\",\"@id\":\"https:\\\/\\\/repliquemangacine.fr\\\/katana-et-epee-de-jeux-video-autre-jeux-video\\\/holy-moonlight-avant-transformation-bloodborne\\\/#primaryimage\",\"url\":\"https:\\\/\\\/repliquemangacine.fr\\\/wp-content\\\/uploads\\\/2025\\\/05\\\/Holy-Moonlight-avant-transformation.jpg\",\"contentUrl\":\"https:\\\/\\\/repliquemangacine.fr\\\/wp-content\\\/uploads\\\/2025\\\/05\\\/Holy-Moonlight-avant-transformation.jpg\",\"width\":800,\"height\":800,\"caption\":\"Holy-Moonlight-avant-transformation- Bloodborne\"},{\"@type\":\"BreadcrumbList\",\"@id\":\"https:\\\/\\\/repliquemangacine.fr\\\/katana-et-epee-de-jeux-video-autre-jeux-video\\\/holy-moonlight-avant-transformation-bloodborne\\\/#breadcrumb\",\"itemListElement\":[{\"@type\":\"ListItem\",\"position\":1,\"name\":\"Accueil\",\"item\":\"https:\\\/\\\/repliquemangacine.fr\\\/\"},{\"@type\":\"ListItem\",\"position\":2,\"name\":\"Produits\",\"item\":\"https:\\\/\\\/repliquemangacine.fr\\\/boutique\\\/\"},{\"@type\":\"ListItem\",\"position\":3,\"name\":\"Holy Moonlight avant transformation &#8211; Bloodborne\"}]},{\"@type\":\"WebSite\",\"@id\":\"https:\\\/\\\/repliquemangacine.fr\\\/#website\",\"url\":\"https:\\\/\\\/repliquemangacine.fr\\\/\",\"name\":\"R\u00e9plique Manga Cin\u00e9\",\"description\":\"\",\"publisher\":{\"@id\":\"https:\\\/\\\/repliquemangacine.fr\\\/#organization\"},\"potentialAction\":[{\"@type\":\"SearchAction\",\"target\":{\"@type\":\"EntryPoint\",\"urlTemplate\":\"https:\\\/\\\/repliquemangacine.fr\\\/?s={search_term_string}\"},\"query-input\":{\"@type\":\"PropertyValueSpecification\",\"valueRequired\":true,\"valueName\":\"search_term_string\"}}],\"inLanguage\":\"en-US\"},{\"@type\":\"Organization\",\"@id\":\"https:\\\/\\\/repliquemangacine.fr\\\/#organization\",\"name\":\"R\u00e9plique Manga Cin\u00e9\",\"url\":\"https:\\\/\\\/repliquemangacine.fr\\\/\",\"logo\":{\"@type\":\"ImageObject\",\"inLanguage\":\"en-US\",\"@id\":\"https:\\\/\\\/repliquemangacine.fr\\\/#\\\/schema\\\/logo\\\/image\\\/\",\"url\":\"https:\\\/\\\/repliquemangacine.fr\\\/wp-content\\\/uploads\\\/2023\\\/10\\\/RMC-500250.png\",\"contentUrl\":\"https:\\\/\\\/repliquemangacine.fr\\\/wp-content\\\/uploads\\\/2023\\\/10\\\/RMC-500250.png\",\"width\":500,\"height\":250,\"caption\":\"R\u00e9plique Manga Cin\u00e9\"},\"image\":{\"@id\":\"https:\\\/\\\/repliquemangacine.fr\\\/#\\\/schema\\\/logo\\\/image\\\/\"},\"sameAs\":[\"https:\\\/\\\/www.facebook.com\\\/RepliqueMangaCine\",\"https:\\\/\\\/www.instagram.com\\\/repliquemangacine.fr\\\/\"]}]}<\/script>\n<!-- \/ Yoast SEO plugin. -->","yoast_head_json":{"title":"Holy Moonlight before transformation - Bloodborne - R\u00e9plique Manga Cin\u00e9","description":"Bloodborne-accurate, pre-transformation replica of the Holy Moonlight sword. A legendary piece for any passionate collector. Made of metal. 101 cm","robots":{"index":"index","follow":"follow","max-snippet":"max-snippet:-1","max-image-preview":"max-image-preview:large","max-video-preview":"max-video-preview:-1"},"canonical":"https:\/\/repliquemangacine.fr\/en\/katana-and-video-game-sword-other-video-games\/holy-moonlight-before-bloodborne-transformation\/","og_locale":"en_US","og_type":"article","og_title":"Holy Moonlight avant transformation - Bloodborne - R\u00e9plique Manga Cin\u00e9","og_description":"R\u00e9plique de l'\u00e9p\u00e9e Holy Moonlight avant transformation, fid\u00e8le \u00e0 Bloodborne. Une pi\u00e8ce l\u00e9gendaire pour tout collectionneur passionn\u00e9. En m\u00e9tal. 101 cm","og_url":"https:\/\/repliquemangacine.fr\/en\/katana-and-video-game-sword-other-video-games\/holy-moonlight-before-bloodborne-transformation\/","og_site_name":"R\u00e9plique Manga Cin\u00e9","article_publisher":"https:\/\/www.facebook.com\/RepliqueMangaCine","article_modified_time":"2025-11-12T23:47:13+00:00","og_image":[{"width":800,"height":800,"url":"https:\/\/repliquemangacine.fr\/wp-content\/uploads\/2025\/05\/Holy-Moonlight-avant-transformation.jpg","type":"image\/jpeg"}],"twitter_card":"summary_large_image","twitter_misc":{"Est. reading time":"3 minutes"},"schema":{"@context":"https:\/\/schema.org","@graph":[{"@type":"WebPage","@id":"https:\/\/repliquemangacine.fr\/katana-et-epee-de-jeux-video-autre-jeux-video\/holy-moonlight-avant-transformation-bloodborne\/","url":"https:\/\/repliquemangacine.fr\/katana-et-epee-de-jeux-video-autre-jeux-video\/holy-moonlight-avant-transformation-bloodborne\/","name":"Holy Moonlight before transformation - Bloodborne - R\u00e9plique Manga Cin\u00e9","isPartOf":{"@id":"https:\/\/repliquemangacine.fr\/#website"},"primaryImageOfPage":{"@id":"https:\/\/repliquemangacine.fr\/katana-et-epee-de-jeux-video-autre-jeux-video\/holy-moonlight-avant-transformation-bloodborne\/#primaryimage"},"image":{"@id":"https:\/\/repliquemangacine.fr\/katana-et-epee-de-jeux-video-autre-jeux-video\/holy-moonlight-avant-transformation-bloodborne\/#primaryimage"},"thumbnailUrl":"https:\/\/repliquemangacine.fr\/wp-content\/uploads\/2025\/05\/Holy-Moonlight-avant-transformation.jpg","datePublished":"2025-05-19T16:09:14+00:00","dateModified":"2025-11-12T23:47:13+00:00","description":"Bloodborne-accurate, pre-transformation replica of the Holy Moonlight sword. A legendary piece for any passionate collector. Made of metal. 101 cm","breadcrumb":{"@id":"https:\/\/repliquemangacine.fr\/katana-et-epee-de-jeux-video-autre-jeux-video\/holy-moonlight-avant-transformation-bloodborne\/#breadcrumb"},"inLanguage":"en-US","potentialAction":[{"@type":"ReadAction","target":["https:\/\/repliquemangacine.fr\/katana-et-epee-de-jeux-video-autre-jeux-video\/holy-moonlight-avant-transformation-bloodborne\/"]}]},{"@type":"ImageObject","inLanguage":"en-US","@id":"https:\/\/repliquemangacine.fr\/katana-et-epee-de-jeux-video-autre-jeux-video\/holy-moonlight-avant-transformation-bloodborne\/#primaryimage","url":"https:\/\/repliquemangacine.fr\/wp-content\/uploads\/2025\/05\/Holy-Moonlight-avant-transformation.jpg","contentUrl":"https:\/\/repliquemangacine.fr\/wp-content\/uploads\/2025\/05\/Holy-Moonlight-avant-transformation.jpg","width":800,"height":800,"caption":"Holy-Moonlight-avant-transformation- Bloodborne"},{"@type":"BreadcrumbList","@id":"https:\/\/repliquemangacine.fr\/katana-et-epee-de-jeux-video-autre-jeux-video\/holy-moonlight-avant-transformation-bloodborne\/#breadcrumb","itemListElement":[{"@type":"ListItem","position":1,"name":"Accueil","item":"https:\/\/repliquemangacine.fr\/"},{"@type":"ListItem","position":2,"name":"Produits","item":"https:\/\/repliquemangacine.fr\/boutique\/"},{"@type":"ListItem","position":3,"name":"Holy Moonlight avant transformation &#8211; Bloodborne"}]},{"@type":"WebSite","@id":"https:\/\/repliquemangacine.fr\/#website","url":"https:\/\/repliquemangacine.fr\/","name":"R\u00e9plique Manga Cin\u00e9","description":"","publisher":{"@id":"https:\/\/repliquemangacine.fr\/#organization"},"potentialAction":[{"@type":"SearchAction","target":{"@type":"EntryPoint","urlTemplate":"https:\/\/repliquemangacine.fr\/?s={search_term_string}"},"query-input":{"@type":"PropertyValueSpecification","valueRequired":true,"valueName":"search_term_string"}}],"inLanguage":"en-US"},{"@type":"Organization","@id":"https:\/\/repliquemangacine.fr\/#organization","name":"R\u00e9plique Manga Cin\u00e9","url":"https:\/\/repliquemangacine.fr\/","logo":{"@type":"ImageObject","inLanguage":"en-US","@id":"https:\/\/repliquemangacine.fr\/#\/schema\/logo\/image\/","url":"https:\/\/repliquemangacine.fr\/wp-content\/uploads\/2023\/10\/RMC-500250.png","contentUrl":"https:\/\/repliquemangacine.fr\/wp-content\/uploads\/2023\/10\/RMC-500250.png","width":500,"height":250,"caption":"R\u00e9plique Manga Cin\u00e9"},"image":{"@id":"https:\/\/repliquemangacine.fr\/#\/schema\/logo\/image\/"},"sameAs":["https:\/\/www.facebook.com\/RepliqueMangaCine","https:\/\/www.instagram.com\/repliquemangacine.fr\/"]}]}},"_links":{"self":[{"href":"https:\/\/repliquemangacine.fr\/en\/wp-json\/wp\/v2\/product\/84438","targetHints":{"allow":["GET"]}}],"collection":[{"href":"https:\/\/repliquemangacine.fr\/en\/wp-json\/wp\/v2\/product"}],"about":[{"href":"https:\/\/repliquemangacine.fr\/en\/wp-json\/wp\/v2\/types\/product"}],"wp:featuredmedia":[{"embeddable":true,"href":"https:\/\/repliquemangacine.fr\/en\/wp-json\/wp\/v2\/media\/84439"}],"wp:attachment":[{"href":"https:\/\/repliquemangacine.fr\/en\/wp-json\/wp\/v2\/media?parent=84438"}],"wp:term":[{"taxonomy":"product_brand","embeddable":true,"href":"https:\/\/repliquemangacine.fr\/en\/wp-json\/wp\/v2\/product_brand?post=84438"},{"taxonomy":"product_cat","embeddable":true,"href":"https:\/\/repliquemangacine.fr\/en\/wp-json\/wp\/v2\/product_cat?post=84438"},{"taxonomy":"product_tag","embeddable":true,"href":"https:\/\/repliquemangacine.fr\/en\/wp-json\/wp\/v2\/product_tag?post=84438"}],"curies":[{"name":"wp","href":"https:\/\/api.w.org\/{rel}","templated":true}]}}