





{"id":84394,"date":"2025-05-17T20:41:38","date_gmt":"2025-05-17T18:41:38","guid":{"rendered":"https:\/\/repliquemangacine.fr\/?post_type=product&#038;p=84394"},"modified":"2025-11-26T14:46:16","modified_gmt":"2025-11-26T13:46:16","slug":"master-sword-de-luxe-epee-de-legende","status":"publish","type":"product","link":"https:\/\/repliquemangacine.fr\/en\/epee-zelda\/master-sword-de-luxe-epee-de-legende\/","title":{"rendered":"Master Sword de Luxe - Legendary Sword"},"content":{"rendered":"<h2>Master Sword de Luxe - The Sword of Legend: An exceptional replica<\/h2>\n<p>The Master Sword de Luxe - The Legendary Sword is a true collector's item for any Zelda enthusiast. Indeed, this mythical sword embodies the strength and bravery of the legendary <a href=\"https:\/\/zelda.fandom.com\/fr\/wiki\/Link\" target=\"_blank\" rel=\"noopener noreferrer\">Link<\/a>. Carefully crafted, it features a stainless steel blade, treated to give a beautiful, brilliant bluish effect. What's more, the blade's throat is adorned with the Triforce and detailed inscriptions, testifying to its authenticity. In addition, the guard and pommel, made of solid steel with an aged finish, feature a unique shape faithful to the world of gaming. The wooden handle, covered with two-tone imitation leather straps, ensures both comfort and aesthetic appeal. To complete this replica, a luxury wooden scabbard, dressed in blue imitation leather with specific motifs, elegantly protects the blade. Don't wait any longer to treat yourself to this iconic piece!<\/p>\n<h2>The Master Sword: a mythical and legendary symbol<\/h2>\n<p>The Master Sword is not just a sword, it's the emblematic weapon of the hero Link in the Zelda universe. Its importance is paramount in every adventure, where it represents the power to repel the forces of evil. Indeed, this legendary sword is always linked to the hero's epic quests, marking every episode of the saga. Used to defeat the most formidable enemies, it is considered the ultimate weapon against darkness. Thanks to its power, it protects the kingdom of Hyrule, bringing hope to its inhabitants. What's more, its ability to evolve according to Link's trials and tribulations sets it apart from the rest. To have this replica at home is to immerse yourself in legendary tales and relive the heroic exploits of the bravest of adventurers.<\/p>\n<h2>Discover other Zelda replicas on R\u00e9plique Manga Cin\u00e9<\/h2>\n<p>On our R\u00e9plique Manga Cin\u00e9 website, you can also discover other must-have replicas from the Zelda universe. First, the <a href=\"https:\/\/repliquemangacine.fr\/en\/zelda-sword\/hylia-zelda-shield-hylien-shield\/\">Hylian Shield<\/a> from \"The Legend of Zelda: Tears of the Kingdom\", made from resin and fiberglass, is the perfect accompaniment to the Master Sword. Next, the<a href=\"https:\/\/repliquemangacine.fr\/en\/new-products\/legendary-corroded-sword\/\">Corroded Legend Sword<\/a> de Zelda Tears of the Kingdom 2023 is a unique replica with a partially damaged steel blade and corroded tip. We also offer the <a href=\"https:\/\/repliquemangacine.fr\/en\/various-goodies\/13-piece-zelda-set\/\">13-piece Zelda collector's set<\/a>This boxed set includes seven miniature swords with Triforce, a scabbard, a legendary golden sword, a necklace, a key ring and decorative plates. This boxed set pays tribute to the game's various opuses, bringing together the emblematic swords. To enrich your collection or offer a unique gift, visit our site and immerse yourself in the epic world of Zelda!<\/p>","protected":false},"excerpt":{"rendered":"<p>Absolutely stunning Master Sword de Luxe - The Legendary Sword in Zelda.<\/p>\n<ul>\n<li>Stainless steel blade treated for a brilliant bluish effect.<\/li>\n<li>Blade with triforce groove and all-over lettering<\/li>\n<li>Guard and pommel in solid steel with a special aged finish.<\/li>\n<li>Wooden handle covered with two-tone leatherette straps<\/li>\n<li>Luxury wooden scabbard covered in blue imitation leather with special decoration<\/li>\n<li>Metal end caps with triforce on the bottom of the sleeve<\/li>\n<li>Blade length: 77 cm - Total length with scabbard: 126 cm<\/li>\n<li>Weight: 1475 g without scabbard and 1950 g with scabbard<\/li>\n<\/ul>","protected":false},"featured_media":84395,"template":"","meta":[],"product_brand":[896],"product_cat":[56],"product_tag":[],"class_list":{"0":"post-84394","1":"product","2":"type-product","3":"status-publish","4":"has-post-thumbnail","6":"product_brand-replique-manga-cine","7":"product_cat-epee-zelda","9":"first","10":"instock","11":"taxable","12":"shipping-taxable","13":"purchasable","14":"product-type-simple"},"yoast_head":"<!-- This site is optimized with the Yoast SEO plugin v27.5 - https:\/\/yoast.com\/product\/yoast-seo-wordpress\/ -->\n<title>Master Sword de Luxe - Ep\u00e9e de L\u00e9gende - R\u00e9plique Manga Cin\u00e9<\/title>\n<meta name=\"description\" content=\"Master Sword de Luxe - R\u00e9plique l\u00e9gendaire de Zelda. Lame bleut\u00e9e, garde authentique, fourreau de luxe. Parfait pour les fans et collectionneurs !\" \/>\n<meta name=\"robots\" content=\"index, follow, max-snippet:-1, max-image-preview:large, max-video-preview:-1\" \/>\n<link rel=\"canonical\" href=\"https:\/\/repliquemangacine.fr\/en\/zelda-sword\/master-sword-de-luxe-epee-de-legende\/\" \/>\n<meta property=\"og:locale\" content=\"en_US\" \/>\n<meta property=\"og:type\" content=\"article\" \/>\n<meta property=\"og:title\" content=\"Master Sword de Luxe - Ep\u00e9e de L\u00e9gende - R\u00e9plique Manga Cin\u00e9\" \/>\n<meta property=\"og:description\" content=\"Master Sword de Luxe - R\u00e9plique l\u00e9gendaire de Zelda. Lame bleut\u00e9e, garde authentique, fourreau de luxe. Parfait pour les fans et collectionneurs !\" \/>\n<meta property=\"og:url\" content=\"https:\/\/repliquemangacine.fr\/en\/zelda-sword\/master-sword-de-luxe-epee-de-legende\/\" \/>\n<meta property=\"og:site_name\" content=\"R\u00e9plique Manga Cin\u00e9\" \/>\n<meta property=\"article:publisher\" content=\"https:\/\/www.facebook.com\/RepliqueMangaCine\" \/>\n<meta property=\"article:modified_time\" content=\"2025-11-26T13:46:16+00:00\" \/>\n<meta property=\"og:image\" content=\"https:\/\/repliquemangacine.fr\/wp-content\/uploads\/2025\/05\/Master-Sword-de-Luxe.jpg\" \/>\n\t<meta property=\"og:image:width\" content=\"600\" \/>\n\t<meta property=\"og:image:height\" content=\"600\" \/>\n\t<meta property=\"og:image:type\" content=\"image\/jpeg\" \/>\n<meta name=\"twitter:card\" content=\"summary_large_image\" \/>\n<meta name=\"twitter:label1\" content=\"Est. reading time\" \/>\n\t<meta name=\"twitter:data1\" content=\"3 minutes\" \/>\n<script type=\"application\/ld+json\" class=\"yoast-schema-graph\">{\"@context\":\"https:\\\/\\\/schema.org\",\"@graph\":[{\"@type\":\"WebPage\",\"@id\":\"https:\\\/\\\/repliquemangacine.fr\\\/epee-zelda\\\/master-sword-de-luxe-epee-de-legende\\\/\",\"url\":\"https:\\\/\\\/repliquemangacine.fr\\\/epee-zelda\\\/master-sword-de-luxe-epee-de-legende\\\/\",\"name\":\"Master Sword de Luxe - Ep\u00e9e de L\u00e9gende - R\u00e9plique Manga Cin\u00e9\",\"isPartOf\":{\"@id\":\"https:\\\/\\\/repliquemangacine.fr\\\/#website\"},\"primaryImageOfPage\":{\"@id\":\"https:\\\/\\\/repliquemangacine.fr\\\/epee-zelda\\\/master-sword-de-luxe-epee-de-legende\\\/#primaryimage\"},\"image\":{\"@id\":\"https:\\\/\\\/repliquemangacine.fr\\\/epee-zelda\\\/master-sword-de-luxe-epee-de-legende\\\/#primaryimage\"},\"thumbnailUrl\":\"https:\\\/\\\/repliquemangacine.fr\\\/wp-content\\\/uploads\\\/2025\\\/05\\\/Master-Sword-de-Luxe.jpg\",\"datePublished\":\"2025-05-17T18:41:38+00:00\",\"dateModified\":\"2025-11-26T13:46:16+00:00\",\"description\":\"Master Sword de Luxe - R\u00e9plique l\u00e9gendaire de Zelda. Lame bleut\u00e9e, garde authentique, fourreau de luxe. Parfait pour les fans et collectionneurs !\",\"breadcrumb\":{\"@id\":\"https:\\\/\\\/repliquemangacine.fr\\\/epee-zelda\\\/master-sword-de-luxe-epee-de-legende\\\/#breadcrumb\"},\"inLanguage\":\"en-US\",\"potentialAction\":[{\"@type\":\"ReadAction\",\"target\":[\"https:\\\/\\\/repliquemangacine.fr\\\/epee-zelda\\\/master-sword-de-luxe-epee-de-legende\\\/\"]}]},{\"@type\":\"ImageObject\",\"inLanguage\":\"en-US\",\"@id\":\"https:\\\/\\\/repliquemangacine.fr\\\/epee-zelda\\\/master-sword-de-luxe-epee-de-legende\\\/#primaryimage\",\"url\":\"https:\\\/\\\/repliquemangacine.fr\\\/wp-content\\\/uploads\\\/2025\\\/05\\\/Master-Sword-de-Luxe.jpg\",\"contentUrl\":\"https:\\\/\\\/repliquemangacine.fr\\\/wp-content\\\/uploads\\\/2025\\\/05\\\/Master-Sword-de-Luxe.jpg\",\"width\":600,\"height\":600,\"caption\":\"Master Sword de Luxe - Ep\u00e9e de L\u00e9gende - Zelda\"},{\"@type\":\"BreadcrumbList\",\"@id\":\"https:\\\/\\\/repliquemangacine.fr\\\/epee-zelda\\\/master-sword-de-luxe-epee-de-legende\\\/#breadcrumb\",\"itemListElement\":[{\"@type\":\"ListItem\",\"position\":1,\"name\":\"Accueil\",\"item\":\"https:\\\/\\\/repliquemangacine.fr\\\/\"},{\"@type\":\"ListItem\",\"position\":2,\"name\":\"Produits\",\"item\":\"https:\\\/\\\/repliquemangacine.fr\\\/boutique\\\/\"},{\"@type\":\"ListItem\",\"position\":3,\"name\":\"Master Sword de Luxe &#8211; Ep\u00e9e de L\u00e9gende\"}]},{\"@type\":\"WebSite\",\"@id\":\"https:\\\/\\\/repliquemangacine.fr\\\/#website\",\"url\":\"https:\\\/\\\/repliquemangacine.fr\\\/\",\"name\":\"R\u00e9plique Manga Cin\u00e9\",\"description\":\"\",\"publisher\":{\"@id\":\"https:\\\/\\\/repliquemangacine.fr\\\/#organization\"},\"potentialAction\":[{\"@type\":\"SearchAction\",\"target\":{\"@type\":\"EntryPoint\",\"urlTemplate\":\"https:\\\/\\\/repliquemangacine.fr\\\/?s={search_term_string}\"},\"query-input\":{\"@type\":\"PropertyValueSpecification\",\"valueRequired\":true,\"valueName\":\"search_term_string\"}}],\"inLanguage\":\"en-US\"},{\"@type\":\"Organization\",\"@id\":\"https:\\\/\\\/repliquemangacine.fr\\\/#organization\",\"name\":\"R\u00e9plique Manga Cin\u00e9\",\"url\":\"https:\\\/\\\/repliquemangacine.fr\\\/\",\"logo\":{\"@type\":\"ImageObject\",\"inLanguage\":\"en-US\",\"@id\":\"https:\\\/\\\/repliquemangacine.fr\\\/#\\\/schema\\\/logo\\\/image\\\/\",\"url\":\"https:\\\/\\\/repliquemangacine.fr\\\/wp-content\\\/uploads\\\/2023\\\/10\\\/RMC-500250.png\",\"contentUrl\":\"https:\\\/\\\/repliquemangacine.fr\\\/wp-content\\\/uploads\\\/2023\\\/10\\\/RMC-500250.png\",\"width\":500,\"height\":250,\"caption\":\"R\u00e9plique Manga Cin\u00e9\"},\"image\":{\"@id\":\"https:\\\/\\\/repliquemangacine.fr\\\/#\\\/schema\\\/logo\\\/image\\\/\"},\"sameAs\":[\"https:\\\/\\\/www.facebook.com\\\/RepliqueMangaCine\",\"https:\\\/\\\/www.instagram.com\\\/repliquemangacine.fr\\\/\"]}]}<\/script>\n<!-- \/ Yoast SEO plugin. -->","yoast_head_json":{"title":"Master Sword de Luxe - Legendary Sword - R\u00e9plique Manga Cin\u00e9","description":"Master Sword de Luxe - Legendary Zelda replica. Blued blade, authentic guard, deluxe scabbard. Perfect for fans and collectors alike!","robots":{"index":"index","follow":"follow","max-snippet":"max-snippet:-1","max-image-preview":"max-image-preview:large","max-video-preview":"max-video-preview:-1"},"canonical":"https:\/\/repliquemangacine.fr\/en\/zelda-sword\/master-sword-de-luxe-epee-de-legende\/","og_locale":"en_US","og_type":"article","og_title":"Master Sword de Luxe - Ep\u00e9e de L\u00e9gende - R\u00e9plique Manga Cin\u00e9","og_description":"Master Sword de Luxe - R\u00e9plique l\u00e9gendaire de Zelda. Lame bleut\u00e9e, garde authentique, fourreau de luxe. Parfait pour les fans et collectionneurs !","og_url":"https:\/\/repliquemangacine.fr\/en\/zelda-sword\/master-sword-de-luxe-epee-de-legende\/","og_site_name":"R\u00e9plique Manga Cin\u00e9","article_publisher":"https:\/\/www.facebook.com\/RepliqueMangaCine","article_modified_time":"2025-11-26T13:46:16+00:00","og_image":[{"width":600,"height":600,"url":"https:\/\/repliquemangacine.fr\/wp-content\/uploads\/2025\/05\/Master-Sword-de-Luxe.jpg","type":"image\/jpeg"}],"twitter_card":"summary_large_image","twitter_misc":{"Est. reading time":"3 minutes"},"schema":{"@context":"https:\/\/schema.org","@graph":[{"@type":"WebPage","@id":"https:\/\/repliquemangacine.fr\/epee-zelda\/master-sword-de-luxe-epee-de-legende\/","url":"https:\/\/repliquemangacine.fr\/epee-zelda\/master-sword-de-luxe-epee-de-legende\/","name":"Master Sword de Luxe - Legendary Sword - R\u00e9plique Manga Cin\u00e9","isPartOf":{"@id":"https:\/\/repliquemangacine.fr\/#website"},"primaryImageOfPage":{"@id":"https:\/\/repliquemangacine.fr\/epee-zelda\/master-sword-de-luxe-epee-de-legende\/#primaryimage"},"image":{"@id":"https:\/\/repliquemangacine.fr\/epee-zelda\/master-sword-de-luxe-epee-de-legende\/#primaryimage"},"thumbnailUrl":"https:\/\/repliquemangacine.fr\/wp-content\/uploads\/2025\/05\/Master-Sword-de-Luxe.jpg","datePublished":"2025-05-17T18:41:38+00:00","dateModified":"2025-11-26T13:46:16+00:00","description":"Master Sword de Luxe - Legendary Zelda replica. Blued blade, authentic guard, deluxe scabbard. Perfect for fans and collectors alike!","breadcrumb":{"@id":"https:\/\/repliquemangacine.fr\/epee-zelda\/master-sword-de-luxe-epee-de-legende\/#breadcrumb"},"inLanguage":"en-US","potentialAction":[{"@type":"ReadAction","target":["https:\/\/repliquemangacine.fr\/epee-zelda\/master-sword-de-luxe-epee-de-legende\/"]}]},{"@type":"ImageObject","inLanguage":"en-US","@id":"https:\/\/repliquemangacine.fr\/epee-zelda\/master-sword-de-luxe-epee-de-legende\/#primaryimage","url":"https:\/\/repliquemangacine.fr\/wp-content\/uploads\/2025\/05\/Master-Sword-de-Luxe.jpg","contentUrl":"https:\/\/repliquemangacine.fr\/wp-content\/uploads\/2025\/05\/Master-Sword-de-Luxe.jpg","width":600,"height":600,"caption":"Master Sword de Luxe - Ep\u00e9e de L\u00e9gende - Zelda"},{"@type":"BreadcrumbList","@id":"https:\/\/repliquemangacine.fr\/epee-zelda\/master-sword-de-luxe-epee-de-legende\/#breadcrumb","itemListElement":[{"@type":"ListItem","position":1,"name":"Accueil","item":"https:\/\/repliquemangacine.fr\/"},{"@type":"ListItem","position":2,"name":"Produits","item":"https:\/\/repliquemangacine.fr\/boutique\/"},{"@type":"ListItem","position":3,"name":"Master Sword de Luxe &#8211; Ep\u00e9e de L\u00e9gende"}]},{"@type":"WebSite","@id":"https:\/\/repliquemangacine.fr\/#website","url":"https:\/\/repliquemangacine.fr\/","name":"R\u00e9plique Manga Cin\u00e9","description":"","publisher":{"@id":"https:\/\/repliquemangacine.fr\/#organization"},"potentialAction":[{"@type":"SearchAction","target":{"@type":"EntryPoint","urlTemplate":"https:\/\/repliquemangacine.fr\/?s={search_term_string}"},"query-input":{"@type":"PropertyValueSpecification","valueRequired":true,"valueName":"search_term_string"}}],"inLanguage":"en-US"},{"@type":"Organization","@id":"https:\/\/repliquemangacine.fr\/#organization","name":"R\u00e9plique Manga Cin\u00e9","url":"https:\/\/repliquemangacine.fr\/","logo":{"@type":"ImageObject","inLanguage":"en-US","@id":"https:\/\/repliquemangacine.fr\/#\/schema\/logo\/image\/","url":"https:\/\/repliquemangacine.fr\/wp-content\/uploads\/2023\/10\/RMC-500250.png","contentUrl":"https:\/\/repliquemangacine.fr\/wp-content\/uploads\/2023\/10\/RMC-500250.png","width":500,"height":250,"caption":"R\u00e9plique Manga Cin\u00e9"},"image":{"@id":"https:\/\/repliquemangacine.fr\/#\/schema\/logo\/image\/"},"sameAs":["https:\/\/www.facebook.com\/RepliqueMangaCine","https:\/\/www.instagram.com\/repliquemangacine.fr\/"]}]}},"_links":{"self":[{"href":"https:\/\/repliquemangacine.fr\/en\/wp-json\/wp\/v2\/product\/84394","targetHints":{"allow":["GET"]}}],"collection":[{"href":"https:\/\/repliquemangacine.fr\/en\/wp-json\/wp\/v2\/product"}],"about":[{"href":"https:\/\/repliquemangacine.fr\/en\/wp-json\/wp\/v2\/types\/product"}],"wp:featuredmedia":[{"embeddable":true,"href":"https:\/\/repliquemangacine.fr\/en\/wp-json\/wp\/v2\/media\/84395"}],"wp:attachment":[{"href":"https:\/\/repliquemangacine.fr\/en\/wp-json\/wp\/v2\/media?parent=84394"}],"wp:term":[{"taxonomy":"product_brand","embeddable":true,"href":"https:\/\/repliquemangacine.fr\/en\/wp-json\/wp\/v2\/product_brand?post=84394"},{"taxonomy":"product_cat","embeddable":true,"href":"https:\/\/repliquemangacine.fr\/en\/wp-json\/wp\/v2\/product_cat?post=84394"},{"taxonomy":"product_tag","embeddable":true,"href":"https:\/\/repliquemangacine.fr\/en\/wp-json\/wp\/v2\/product_tag?post=84394"}],"curies":[{"name":"wp","href":"https:\/\/api.w.org\/{rel}","templated":true}]}}