





{"id":84148,"date":"2025-05-10T19:18:17","date_gmt":"2025-05-10T17:18:17","guid":{"rendered":"https:\/\/repliquemangacine.fr\/?post_type=product&#038;p=84148"},"modified":"2025-12-19T15:40:15","modified_gmt":"2025-12-19T14:40:15","slug":"bloodhound-fang-elden-ring-sword","status":"publish","type":"product","link":"https:\/\/repliquemangacine.fr\/en\/elden-ring\/epee-bloodhound-fang-elden-ring\/","title":{"rendered":"Bloodhound Fang sword - Elden Ring"},"content":{"rendered":"<h2>Elden Ring's Bloodhound Fang Sword: An Incredible Replica<\/h2>\n<p>Absolutely incredible, this replica of the Bloodhound Fang Sword in <a href=\"https:\/\/eldenring.fandom.com\/fr\/wiki\/Wiki_Elden_Ring\" target=\"_blank\" rel=\"noopener noreferrer\">Elden Ring<\/a> impresses with its striking realism. The curved steel blade features a hammered effect in a superb bronze color, faithfully recalling the game's iconic weapon. The wooden handle is covered in black imitation leather for a comfortable, sturdy grip. A bronze-colored steel tip elegantly completes the handle. The specific, imposing guard is also in bronze-colored steel. Supplied with a presentation stand to enhance your collection. Impressive dimensions: 86 cm for the blade and 122 cm in overall length. Its weight of 2300 g makes it a massive, authentic piece, in the image of the weapon used by the fierce Bloodhound Knight.<\/p>\n<h2>A Unique Weapon for Elden Ring's True Adventurers<\/h2>\n<p>First, the<strong>Bloodhound Fang sword<\/strong> is more than just a replica; it's a tribute to the adventurers of Elden Ring. Its imposing design and substantial weight recall the power of this weapon in the game. This curved sword is renowned for its fearsome effectiveness in close combat and its ability to inflict devastating blows. As a collector or Elden Ring fan, owning this replica is a real privilege. Its sophisticated aesthetics and top-quality finish make it a must-have for fans of the genre. Whether you're passionate about the game's fantastic universe or simply looking for a unique collector's item, this sword is made for you. It symbolizes the power, elegance and passion of combat in an epic universe.<\/p>\n<h2>Discover more Iconic Replicas on R\u00e9plique Manga Cin\u00e9<\/h2>\n<p>On R\u00e9plique Manga Cin\u00e9, the<strong>Bloodhound Fang sword<\/strong> is just one of many pieces. Fans of Elden Ring will also find the<a href=\"https:\/\/repliquemangacine.fr\/en\/elden-ring\/epee-greatsword-elden-ring\/\">Greatsword sword,<\/a> massive and imposing, for impressive realism. We also offer the<a href=\"https:\/\/repliquemangacine.fr\/en\/elden-ring\/epee-greatsword-elden-ring\/\">Dark Moon Greatsword<\/a> and R<a href=\"https:\/\/repliquemangacine.fr\/en\/elden-ring\/rapiere-de-rogier-elden-ring\/\">api\u00e8re de Rogier<\/a> and the <a href=\"https:\/\/repliquemangacine.fr\/en\/elden-ring\/katana-moonveil-in-elden-ring\/\">Katana Moonveil<\/a>These are emblematic pieces for any collector worthy of the name. In addition to Elden Ring weapons, we've got replicas like the Lich King's sword, the famous Frostmourne. Fans of Genshin Impact are not left out with our selection of katanas and swords inspired by the game. Whether you're a fan of fantasy, anime or video games, our site has much more in store for you. In conclusion, don't wait any longer to enrich your collection with these exceptional items!<\/p>","protected":false},"excerpt":{"rendered":"<p>Absolutely incredible replica of the Bloodhound Fang sword in Elden Ring.<\/p>\n<ul>\n<li>Curved blade in high-quality steel with bronze hammered effect<\/li>\n<li>Black leatherette-covered wooden handle and bronze-coloured steel tip.<\/li>\n<li>Specially shaped bronze-coloured steel guard.<\/li>\n<li>Supplied with presentation stand.<\/li>\n<li>Blade length: 86 cm - Total length: 122 cm<\/li>\n<li>Weight: 2300g<\/li>\n<\/ul>","protected":false},"featured_media":84155,"template":"","meta":[],"product_brand":[896],"product_cat":[876,23],"product_tag":[],"class_list":{"0":"post-84148","1":"product","2":"type-product","3":"status-publish","4":"has-post-thumbnail","6":"product_brand-replique-manga-cine","7":"product_cat-elden-ring","8":"product_cat-repliques-manga-jeux-video","10":"first","11":"instock","12":"taxable","13":"shipping-taxable","14":"purchasable","15":"product-type-simple"},"yoast_head":"<!-- This site is optimized with the Yoast SEO plugin v27.5 - https:\/\/yoast.com\/product\/yoast-seo-wordpress\/ -->\n<title>\u00c9p\u00e9e Bloodhound Fang - Elden Ring - R\u00e9plique Manga Cin\u00e9<\/title>\n<meta name=\"description\" content=\"D\u00e9couvrez l&#039;\u00c9p\u00e9e Bloodhound Fang d&#039;Elden Ring : r\u00e9plique r\u00e9aliste, lame incurv\u00e9e en acier bronze support inclus. 122 cm. Pour les vrais collectionneurs !\" \/>\n<meta name=\"robots\" content=\"index, follow, max-snippet:-1, max-image-preview:large, max-video-preview:-1\" \/>\n<link rel=\"canonical\" href=\"https:\/\/repliquemangacine.fr\/en\/elden-ring\/bloodhound-fang-elden-ring-sword\/\" \/>\n<meta property=\"og:locale\" content=\"en_US\" \/>\n<meta property=\"og:type\" content=\"article\" \/>\n<meta property=\"og:title\" content=\"\u00c9p\u00e9e Bloodhound Fang - Elden Ring - R\u00e9plique Manga Cin\u00e9\" \/>\n<meta property=\"og:description\" content=\"D\u00e9couvrez l&#039;\u00c9p\u00e9e Bloodhound Fang d&#039;Elden Ring : r\u00e9plique r\u00e9aliste, lame incurv\u00e9e en acier bronze support inclus. 122 cm. Pour les vrais collectionneurs !\" \/>\n<meta property=\"og:url\" content=\"https:\/\/repliquemangacine.fr\/en\/elden-ring\/bloodhound-fang-elden-ring-sword\/\" \/>\n<meta property=\"og:site_name\" content=\"R\u00e9plique Manga Cin\u00e9\" \/>\n<meta property=\"article:publisher\" content=\"https:\/\/www.facebook.com\/RepliqueMangaCine\" \/>\n<meta property=\"article:modified_time\" content=\"2025-12-19T14:40:15+00:00\" \/>\n<meta property=\"og:image\" content=\"https:\/\/repliquemangacine.fr\/wp-content\/uploads\/2025\/05\/Epee-Bloodhound-Fang-Elden-ring.jpg\" \/>\n\t<meta property=\"og:image:width\" content=\"800\" \/>\n\t<meta property=\"og:image:height\" content=\"800\" \/>\n\t<meta property=\"og:image:type\" content=\"image\/jpeg\" \/>\n<meta name=\"twitter:card\" content=\"summary_large_image\" \/>\n<meta name=\"twitter:label1\" content=\"Est. reading time\" \/>\n\t<meta name=\"twitter:data1\" content=\"3 minutes\" \/>\n<script type=\"application\/ld+json\" class=\"yoast-schema-graph\">{\"@context\":\"https:\\\/\\\/schema.org\",\"@graph\":[{\"@type\":\"WebPage\",\"@id\":\"https:\\\/\\\/repliquemangacine.fr\\\/elden-ring\\\/epee-bloodhound-fang-elden-ring\\\/\",\"url\":\"https:\\\/\\\/repliquemangacine.fr\\\/elden-ring\\\/epee-bloodhound-fang-elden-ring\\\/\",\"name\":\"\u00c9p\u00e9e Bloodhound Fang - Elden Ring - R\u00e9plique Manga Cin\u00e9\",\"isPartOf\":{\"@id\":\"https:\\\/\\\/repliquemangacine.fr\\\/#website\"},\"primaryImageOfPage\":{\"@id\":\"https:\\\/\\\/repliquemangacine.fr\\\/elden-ring\\\/epee-bloodhound-fang-elden-ring\\\/#primaryimage\"},\"image\":{\"@id\":\"https:\\\/\\\/repliquemangacine.fr\\\/elden-ring\\\/epee-bloodhound-fang-elden-ring\\\/#primaryimage\"},\"thumbnailUrl\":\"https:\\\/\\\/repliquemangacine.fr\\\/wp-content\\\/uploads\\\/2025\\\/05\\\/Epee-Bloodhound-Fang-Elden-ring.jpg\",\"datePublished\":\"2025-05-10T17:18:17+00:00\",\"dateModified\":\"2025-12-19T14:40:15+00:00\",\"description\":\"D\u00e9couvrez l'\u00c9p\u00e9e Bloodhound Fang d'Elden Ring : r\u00e9plique r\u00e9aliste, lame incurv\u00e9e en acier bronze support inclus. 122 cm. Pour les vrais collectionneurs !\",\"breadcrumb\":{\"@id\":\"https:\\\/\\\/repliquemangacine.fr\\\/elden-ring\\\/epee-bloodhound-fang-elden-ring\\\/#breadcrumb\"},\"inLanguage\":\"en-US\",\"potentialAction\":[{\"@type\":\"ReadAction\",\"target\":[\"https:\\\/\\\/repliquemangacine.fr\\\/elden-ring\\\/epee-bloodhound-fang-elden-ring\\\/\"]}]},{\"@type\":\"ImageObject\",\"inLanguage\":\"en-US\",\"@id\":\"https:\\\/\\\/repliquemangacine.fr\\\/elden-ring\\\/epee-bloodhound-fang-elden-ring\\\/#primaryimage\",\"url\":\"https:\\\/\\\/repliquemangacine.fr\\\/wp-content\\\/uploads\\\/2025\\\/05\\\/Epee-Bloodhound-Fang-Elden-ring.jpg\",\"contentUrl\":\"https:\\\/\\\/repliquemangacine.fr\\\/wp-content\\\/uploads\\\/2025\\\/05\\\/Epee-Bloodhound-Fang-Elden-ring.jpg\",\"width\":800,\"height\":800,\"caption\":\"\u00c9p\u00e9e Bloodhound Fang Elden Ring\"},{\"@type\":\"BreadcrumbList\",\"@id\":\"https:\\\/\\\/repliquemangacine.fr\\\/elden-ring\\\/epee-bloodhound-fang-elden-ring\\\/#breadcrumb\",\"itemListElement\":[{\"@type\":\"ListItem\",\"position\":1,\"name\":\"Accueil\",\"item\":\"https:\\\/\\\/repliquemangacine.fr\\\/\"},{\"@type\":\"ListItem\",\"position\":2,\"name\":\"Produits\",\"item\":\"https:\\\/\\\/repliquemangacine.fr\\\/boutique\\\/\"},{\"@type\":\"ListItem\",\"position\":3,\"name\":\"\u00c9p\u00e9e Bloodhound Fang &#8211; Elden Ring\"}]},{\"@type\":\"WebSite\",\"@id\":\"https:\\\/\\\/repliquemangacine.fr\\\/#website\",\"url\":\"https:\\\/\\\/repliquemangacine.fr\\\/\",\"name\":\"R\u00e9plique Manga Cin\u00e9\",\"description\":\"\",\"publisher\":{\"@id\":\"https:\\\/\\\/repliquemangacine.fr\\\/#organization\"},\"potentialAction\":[{\"@type\":\"SearchAction\",\"target\":{\"@type\":\"EntryPoint\",\"urlTemplate\":\"https:\\\/\\\/repliquemangacine.fr\\\/?s={search_term_string}\"},\"query-input\":{\"@type\":\"PropertyValueSpecification\",\"valueRequired\":true,\"valueName\":\"search_term_string\"}}],\"inLanguage\":\"en-US\"},{\"@type\":\"Organization\",\"@id\":\"https:\\\/\\\/repliquemangacine.fr\\\/#organization\",\"name\":\"R\u00e9plique Manga Cin\u00e9\",\"url\":\"https:\\\/\\\/repliquemangacine.fr\\\/\",\"logo\":{\"@type\":\"ImageObject\",\"inLanguage\":\"en-US\",\"@id\":\"https:\\\/\\\/repliquemangacine.fr\\\/#\\\/schema\\\/logo\\\/image\\\/\",\"url\":\"https:\\\/\\\/repliquemangacine.fr\\\/wp-content\\\/uploads\\\/2023\\\/10\\\/RMC-500250.png\",\"contentUrl\":\"https:\\\/\\\/repliquemangacine.fr\\\/wp-content\\\/uploads\\\/2023\\\/10\\\/RMC-500250.png\",\"width\":500,\"height\":250,\"caption\":\"R\u00e9plique Manga Cin\u00e9\"},\"image\":{\"@id\":\"https:\\\/\\\/repliquemangacine.fr\\\/#\\\/schema\\\/logo\\\/image\\\/\"},\"sameAs\":[\"https:\\\/\\\/www.facebook.com\\\/RepliqueMangaCine\",\"https:\\\/\\\/www.instagram.com\\\/repliquemangacine.fr\\\/\"]}]}<\/script>\n<!-- \/ Yoast SEO plugin. -->","yoast_head_json":{"title":"Bloodhound Fang sword - Elden Ring - R\u00e9plique Manga Cin\u00e9","description":"Discover the Bloodhound Fang Sword by Elden Ring: realistic replica, curved bronze steel blade, stand included. 122 cm. For real collectors!","robots":{"index":"index","follow":"follow","max-snippet":"max-snippet:-1","max-image-preview":"max-image-preview:large","max-video-preview":"max-video-preview:-1"},"canonical":"https:\/\/repliquemangacine.fr\/en\/elden-ring\/bloodhound-fang-elden-ring-sword\/","og_locale":"en_US","og_type":"article","og_title":"\u00c9p\u00e9e Bloodhound Fang - Elden Ring - R\u00e9plique Manga Cin\u00e9","og_description":"D\u00e9couvrez l'\u00c9p\u00e9e Bloodhound Fang d'Elden Ring : r\u00e9plique r\u00e9aliste, lame incurv\u00e9e en acier bronze support inclus. 122 cm. Pour les vrais collectionneurs !","og_url":"https:\/\/repliquemangacine.fr\/en\/elden-ring\/bloodhound-fang-elden-ring-sword\/","og_site_name":"R\u00e9plique Manga Cin\u00e9","article_publisher":"https:\/\/www.facebook.com\/RepliqueMangaCine","article_modified_time":"2025-12-19T14:40:15+00:00","og_image":[{"width":800,"height":800,"url":"https:\/\/repliquemangacine.fr\/wp-content\/uploads\/2025\/05\/Epee-Bloodhound-Fang-Elden-ring.jpg","type":"image\/jpeg"}],"twitter_card":"summary_large_image","twitter_misc":{"Est. reading time":"3 minutes"},"schema":{"@context":"https:\/\/schema.org","@graph":[{"@type":"WebPage","@id":"https:\/\/repliquemangacine.fr\/elden-ring\/epee-bloodhound-fang-elden-ring\/","url":"https:\/\/repliquemangacine.fr\/elden-ring\/epee-bloodhound-fang-elden-ring\/","name":"Bloodhound Fang sword - Elden Ring - R\u00e9plique Manga Cin\u00e9","isPartOf":{"@id":"https:\/\/repliquemangacine.fr\/#website"},"primaryImageOfPage":{"@id":"https:\/\/repliquemangacine.fr\/elden-ring\/epee-bloodhound-fang-elden-ring\/#primaryimage"},"image":{"@id":"https:\/\/repliquemangacine.fr\/elden-ring\/epee-bloodhound-fang-elden-ring\/#primaryimage"},"thumbnailUrl":"https:\/\/repliquemangacine.fr\/wp-content\/uploads\/2025\/05\/Epee-Bloodhound-Fang-Elden-ring.jpg","datePublished":"2025-05-10T17:18:17+00:00","dateModified":"2025-12-19T14:40:15+00:00","description":"Discover the Bloodhound Fang Sword by Elden Ring: realistic replica, curved bronze steel blade, stand included. 122 cm. For real collectors!","breadcrumb":{"@id":"https:\/\/repliquemangacine.fr\/elden-ring\/epee-bloodhound-fang-elden-ring\/#breadcrumb"},"inLanguage":"en-US","potentialAction":[{"@type":"ReadAction","target":["https:\/\/repliquemangacine.fr\/elden-ring\/epee-bloodhound-fang-elden-ring\/"]}]},{"@type":"ImageObject","inLanguage":"en-US","@id":"https:\/\/repliquemangacine.fr\/elden-ring\/epee-bloodhound-fang-elden-ring\/#primaryimage","url":"https:\/\/repliquemangacine.fr\/wp-content\/uploads\/2025\/05\/Epee-Bloodhound-Fang-Elden-ring.jpg","contentUrl":"https:\/\/repliquemangacine.fr\/wp-content\/uploads\/2025\/05\/Epee-Bloodhound-Fang-Elden-ring.jpg","width":800,"height":800,"caption":"\u00c9p\u00e9e Bloodhound Fang Elden Ring"},{"@type":"BreadcrumbList","@id":"https:\/\/repliquemangacine.fr\/elden-ring\/epee-bloodhound-fang-elden-ring\/#breadcrumb","itemListElement":[{"@type":"ListItem","position":1,"name":"Accueil","item":"https:\/\/repliquemangacine.fr\/"},{"@type":"ListItem","position":2,"name":"Produits","item":"https:\/\/repliquemangacine.fr\/boutique\/"},{"@type":"ListItem","position":3,"name":"\u00c9p\u00e9e Bloodhound Fang &#8211; Elden Ring"}]},{"@type":"WebSite","@id":"https:\/\/repliquemangacine.fr\/#website","url":"https:\/\/repliquemangacine.fr\/","name":"R\u00e9plique Manga Cin\u00e9","description":"","publisher":{"@id":"https:\/\/repliquemangacine.fr\/#organization"},"potentialAction":[{"@type":"SearchAction","target":{"@type":"EntryPoint","urlTemplate":"https:\/\/repliquemangacine.fr\/?s={search_term_string}"},"query-input":{"@type":"PropertyValueSpecification","valueRequired":true,"valueName":"search_term_string"}}],"inLanguage":"en-US"},{"@type":"Organization","@id":"https:\/\/repliquemangacine.fr\/#organization","name":"R\u00e9plique Manga Cin\u00e9","url":"https:\/\/repliquemangacine.fr\/","logo":{"@type":"ImageObject","inLanguage":"en-US","@id":"https:\/\/repliquemangacine.fr\/#\/schema\/logo\/image\/","url":"https:\/\/repliquemangacine.fr\/wp-content\/uploads\/2023\/10\/RMC-500250.png","contentUrl":"https:\/\/repliquemangacine.fr\/wp-content\/uploads\/2023\/10\/RMC-500250.png","width":500,"height":250,"caption":"R\u00e9plique Manga Cin\u00e9"},"image":{"@id":"https:\/\/repliquemangacine.fr\/#\/schema\/logo\/image\/"},"sameAs":["https:\/\/www.facebook.com\/RepliqueMangaCine","https:\/\/www.instagram.com\/repliquemangacine.fr\/"]}]}},"_links":{"self":[{"href":"https:\/\/repliquemangacine.fr\/en\/wp-json\/wp\/v2\/product\/84148","targetHints":{"allow":["GET"]}}],"collection":[{"href":"https:\/\/repliquemangacine.fr\/en\/wp-json\/wp\/v2\/product"}],"about":[{"href":"https:\/\/repliquemangacine.fr\/en\/wp-json\/wp\/v2\/types\/product"}],"wp:featuredmedia":[{"embeddable":true,"href":"https:\/\/repliquemangacine.fr\/en\/wp-json\/wp\/v2\/media\/84155"}],"wp:attachment":[{"href":"https:\/\/repliquemangacine.fr\/en\/wp-json\/wp\/v2\/media?parent=84148"}],"wp:term":[{"taxonomy":"product_brand","embeddable":true,"href":"https:\/\/repliquemangacine.fr\/en\/wp-json\/wp\/v2\/product_brand?post=84148"},{"taxonomy":"product_cat","embeddable":true,"href":"https:\/\/repliquemangacine.fr\/en\/wp-json\/wp\/v2\/product_cat?post=84148"},{"taxonomy":"product_tag","embeddable":true,"href":"https:\/\/repliquemangacine.fr\/en\/wp-json\/wp\/v2\/product_tag?post=84148"}],"curies":[{"name":"wp","href":"https:\/\/api.w.org\/{rel}","templated":true}]}}