





{"id":84142,"date":"2025-05-10T15:45:17","date_gmt":"2025-05-10T13:45:17","guid":{"rendered":"https:\/\/repliquemangacine.fr\/?post_type=product&#038;p=84142"},"modified":"2026-03-20T00:15:47","modified_gmt":"2026-03-19T23:15:47","slug":"shirasaya-by-o-ren-ishii-kill-bill","status":"publish","type":"product","link":"https:\/\/repliquemangacine.fr\/en\/katana-kill-bill\/shirasaya-de-o-ren-ishii-kill-bill\/","title":{"rendered":"Shirasaya by O-ren Ishii - Kill Bill"},"content":{"rendered":"<h2>O-Ren Ishii's Shirasaya in Kill Bill: An exceptional replica<\/h2>\n<p>First, immerse yourself in the fascinating world of Kill Bill with the <strong>Shirasaya by O-Ren Ishii<\/strong>. An exceptional replica of the legendary katana. O-Ren Ishii, fearsome leader of the <a href=\"https:\/\/killbill.fandom.com\/wiki\/Yakuza\" target=\"_blank\" rel=\"noopener noreferrer\">Yakuzas<\/a>He embodies deadly grace and unshakeable determination. His katana is the symbol of his power and martial mastery. This faithful replica reproduces every detail with precision, paying tribute to this iconic figure. The non-edged 440 steel blade is perfect for collectors seeking authenticity. The black lacquered wood sheath adds a refined touch, while the handle, also in black lacquered wood, is adorned with delicate flower petals. The sleek, elegant design perfectly reflects the spirit of O-Ren Ishii. This collector's item is a must-have for any fan of Tarantino and his unforgettable cinematic universe.<\/p>\n<h2>A unique Shirasaya katana: Tradition meets modernity<\/h2>\n<p>This exceptional Shirasaya is not just a faithful replica. It's a symbol of Japanese tradition blended with the mythical aura of Kill Bill. Its particularity lies in its pure, unguarded design, typical of Shirasaya, used to preserve the beauty of the blade when not in use. This katana perfectly embodies the sober elegance that characterizes O-Ren Ishii. More than just a decorative object, it reflects Japanese martial finesse and the power of a cult figure. What's more, with its black lacquered wood, this katana stands out for its exceptional finish and noble allure. Affirm your passion for collectibles with this unique katana, synonymous with excellence and prestige. To conclude, owning this katana means reliving the mythical scenes from the film every day.<\/p>\n<h2>A complete collection for fans of cinema and cult series<\/h2>\n<p>Don't stop at just one replica, enrich your collection with the other iconic katanas from the Kill Bill saga! Find on our website the <a href=\"https:\/\/repliquemangacine.fr\/en\/katana-kill-bill\/bills-katana\/\">Bill's katana<\/a>and the <a href=\"https:\/\/repliquemangacine.fr\/en\/katana-kill-bill\/katana-de-la-mariee-kill-bill-beatrix\/\">Beatrix's katana<\/a> alias Black Mamba and the formidable weapon of <a href=\"https:\/\/repliquemangacine.fr\/en\/katana-kill-bill\/bud-katana\/\">Bud<\/a>Bill's brother. These iconic pieces form a legendary trio that every Quentin Tarantino fan must own. But our boutique doesn't stop there! Immerse yourself in the world of cult series with the<a href=\"https:\/\/repliquemangacine.fr\/en\/weapons-the-walking-dead\/michonnes-katana\/\"> Michonne's katana<\/a> from Walking Dead, there are also the <a href=\"https:\/\/repliquemangacine.fr\/en\/game-of-thrones-swords\/\">legendary swords from Game of Thrones<\/a>Lord of the Rings and Vikings. At R\u00e9plique Manga Cin\u00e9, we bring you the most sought-after replicas. In conclusion, turn your passion into a collection and proudly display your legendary weapons!<\/p>","protected":false},"excerpt":{"rendered":"<p>Identical replica of O-ren Ishii's katana in Kill Bill<\/p>\n<ul>\n<li>Non-sharp 440 steel blade<\/li>\n<li>Black lacquered wooden scabbard<\/li>\n<li>Black lacquered wood handle with flower petals<\/li>\n<li>Blade length: 69 cm - Total length: 100 cm<\/li>\n<li>Weight with scabbard: 750g<\/li>\n<\/ul>","protected":false},"featured_media":84143,"template":"","meta":[],"product_brand":[896],"product_cat":[24,71],"product_tag":[],"class_list":{"0":"post-84142","1":"product","2":"type-product","3":"status-publish","4":"has-post-thumbnail","6":"product_brand-replique-manga-cine","7":"product_cat-films-series-tv-vente-de-katana-epee-et-produits-derives","8":"product_cat-katana-kill-bill","10":"first","11":"instock","12":"taxable","13":"shipping-taxable","14":"purchasable","15":"product-type-simple"},"yoast_head":"<!-- This site is optimized with the Yoast SEO plugin v27.5 - https:\/\/yoast.com\/product\/yoast-seo-wordpress\/ -->\n<title>Shirasaya de O-ren Ishii - Kill Bill - R\u00e9plique Manga Cin\u00e9<\/title>\n<meta name=\"description\" content=\"D\u00e9couvrez le Shirasaya de O-Ren Ishii, r\u00e9plique culte de Kill Bill. \u00c9l\u00e9gance japonaise et authenticit\u00e9 pour les passionn\u00e9s de cin\u00e9ma et d\u2019armes l\u00e9gendaires.\" \/>\n<meta name=\"robots\" content=\"index, follow, max-snippet:-1, max-image-preview:large, max-video-preview:-1\" \/>\n<link rel=\"canonical\" href=\"https:\/\/repliquemangacine.fr\/en\/katana-kill-bill\/shirasaya-by-o-ren-ishii-kill-bill\/\" \/>\n<meta property=\"og:locale\" content=\"en_US\" \/>\n<meta property=\"og:type\" content=\"article\" \/>\n<meta property=\"og:title\" content=\"Shirasaya de O-ren Ishii - Kill Bill - R\u00e9plique Manga Cin\u00e9\" \/>\n<meta property=\"og:description\" content=\"D\u00e9couvrez le Shirasaya de O-Ren Ishii, r\u00e9plique culte de Kill Bill. \u00c9l\u00e9gance japonaise et authenticit\u00e9 pour les passionn\u00e9s de cin\u00e9ma et d\u2019armes l\u00e9gendaires.\" \/>\n<meta property=\"og:url\" content=\"https:\/\/repliquemangacine.fr\/en\/katana-kill-bill\/shirasaya-by-o-ren-ishii-kill-bill\/\" \/>\n<meta property=\"og:site_name\" content=\"R\u00e9plique Manga Cin\u00e9\" \/>\n<meta property=\"article:publisher\" content=\"https:\/\/www.facebook.com\/RepliqueMangaCine\" \/>\n<meta property=\"article:modified_time\" content=\"2026-03-19T23:15:47+00:00\" \/>\n<meta property=\"og:image\" content=\"https:\/\/repliquemangacine.fr\/wp-content\/uploads\/2025\/05\/shirasaya-oren-iichi-kill-bill.jpg\" \/>\n\t<meta property=\"og:image:width\" content=\"800\" \/>\n\t<meta property=\"og:image:height\" content=\"800\" \/>\n\t<meta property=\"og:image:type\" content=\"image\/jpeg\" \/>\n<meta name=\"twitter:card\" content=\"summary_large_image\" \/>\n<meta name=\"twitter:label1\" content=\"Est. reading time\" \/>\n\t<meta name=\"twitter:data1\" content=\"3 minutes\" \/>\n<script type=\"application\/ld+json\" class=\"yoast-schema-graph\">{\"@context\":\"https:\\\/\\\/schema.org\",\"@graph\":[{\"@type\":\"WebPage\",\"@id\":\"https:\\\/\\\/repliquemangacine.fr\\\/katana-kill-bill\\\/shirasaya-de-o-ren-ishii-kill-bill\\\/\",\"url\":\"https:\\\/\\\/repliquemangacine.fr\\\/katana-kill-bill\\\/shirasaya-de-o-ren-ishii-kill-bill\\\/\",\"name\":\"Shirasaya de O-ren Ishii - Kill Bill - R\u00e9plique Manga Cin\u00e9\",\"isPartOf\":{\"@id\":\"https:\\\/\\\/repliquemangacine.fr\\\/#website\"},\"primaryImageOfPage\":{\"@id\":\"https:\\\/\\\/repliquemangacine.fr\\\/katana-kill-bill\\\/shirasaya-de-o-ren-ishii-kill-bill\\\/#primaryimage\"},\"image\":{\"@id\":\"https:\\\/\\\/repliquemangacine.fr\\\/katana-kill-bill\\\/shirasaya-de-o-ren-ishii-kill-bill\\\/#primaryimage\"},\"thumbnailUrl\":\"https:\\\/\\\/repliquemangacine.fr\\\/wp-content\\\/uploads\\\/2025\\\/05\\\/shirasaya-oren-iichi-kill-bill.jpg\",\"datePublished\":\"2025-05-10T13:45:17+00:00\",\"dateModified\":\"2026-03-19T23:15:47+00:00\",\"description\":\"D\u00e9couvrez le Shirasaya de O-Ren Ishii, r\u00e9plique culte de Kill Bill. \u00c9l\u00e9gance japonaise et authenticit\u00e9 pour les passionn\u00e9s de cin\u00e9ma et d\u2019armes l\u00e9gendaires.\",\"breadcrumb\":{\"@id\":\"https:\\\/\\\/repliquemangacine.fr\\\/katana-kill-bill\\\/shirasaya-de-o-ren-ishii-kill-bill\\\/#breadcrumb\"},\"inLanguage\":\"en-US\",\"potentialAction\":[{\"@type\":\"ReadAction\",\"target\":[\"https:\\\/\\\/repliquemangacine.fr\\\/katana-kill-bill\\\/shirasaya-de-o-ren-ishii-kill-bill\\\/\"]}]},{\"@type\":\"ImageObject\",\"inLanguage\":\"en-US\",\"@id\":\"https:\\\/\\\/repliquemangacine.fr\\\/katana-kill-bill\\\/shirasaya-de-o-ren-ishii-kill-bill\\\/#primaryimage\",\"url\":\"https:\\\/\\\/repliquemangacine.fr\\\/wp-content\\\/uploads\\\/2025\\\/05\\\/shirasaya-oren-iichi-kill-bill.jpg\",\"contentUrl\":\"https:\\\/\\\/repliquemangacine.fr\\\/wp-content\\\/uploads\\\/2025\\\/05\\\/shirasaya-oren-iichi-kill-bill.jpg\",\"width\":800,\"height\":800,\"caption\":\"Shirasaya de O-Ren Ishii dans Kill bill\"},{\"@type\":\"BreadcrumbList\",\"@id\":\"https:\\\/\\\/repliquemangacine.fr\\\/katana-kill-bill\\\/shirasaya-de-o-ren-ishii-kill-bill\\\/#breadcrumb\",\"itemListElement\":[{\"@type\":\"ListItem\",\"position\":1,\"name\":\"Accueil\",\"item\":\"https:\\\/\\\/repliquemangacine.fr\\\/\"},{\"@type\":\"ListItem\",\"position\":2,\"name\":\"Produits\",\"item\":\"https:\\\/\\\/repliquemangacine.fr\\\/boutique\\\/\"},{\"@type\":\"ListItem\",\"position\":3,\"name\":\"Shirasaya de O-ren Ishii &#8211; Kill Bill\"}]},{\"@type\":\"WebSite\",\"@id\":\"https:\\\/\\\/repliquemangacine.fr\\\/#website\",\"url\":\"https:\\\/\\\/repliquemangacine.fr\\\/\",\"name\":\"R\u00e9plique Manga Cin\u00e9\",\"description\":\"\",\"publisher\":{\"@id\":\"https:\\\/\\\/repliquemangacine.fr\\\/#organization\"},\"potentialAction\":[{\"@type\":\"SearchAction\",\"target\":{\"@type\":\"EntryPoint\",\"urlTemplate\":\"https:\\\/\\\/repliquemangacine.fr\\\/?s={search_term_string}\"},\"query-input\":{\"@type\":\"PropertyValueSpecification\",\"valueRequired\":true,\"valueName\":\"search_term_string\"}}],\"inLanguage\":\"en-US\"},{\"@type\":\"Organization\",\"@id\":\"https:\\\/\\\/repliquemangacine.fr\\\/#organization\",\"name\":\"R\u00e9plique Manga Cin\u00e9\",\"url\":\"https:\\\/\\\/repliquemangacine.fr\\\/\",\"logo\":{\"@type\":\"ImageObject\",\"inLanguage\":\"en-US\",\"@id\":\"https:\\\/\\\/repliquemangacine.fr\\\/#\\\/schema\\\/logo\\\/image\\\/\",\"url\":\"https:\\\/\\\/repliquemangacine.fr\\\/wp-content\\\/uploads\\\/2023\\\/10\\\/RMC-500250.png\",\"contentUrl\":\"https:\\\/\\\/repliquemangacine.fr\\\/wp-content\\\/uploads\\\/2023\\\/10\\\/RMC-500250.png\",\"width\":500,\"height\":250,\"caption\":\"R\u00e9plique Manga Cin\u00e9\"},\"image\":{\"@id\":\"https:\\\/\\\/repliquemangacine.fr\\\/#\\\/schema\\\/logo\\\/image\\\/\"},\"sameAs\":[\"https:\\\/\\\/www.facebook.com\\\/RepliqueMangaCine\",\"https:\\\/\\\/www.instagram.com\\\/repliquemangacine.fr\\\/\"]}]}<\/script>\n<!-- \/ Yoast SEO plugin. -->","yoast_head_json":{"title":"Shirasaya by O-ren Ishii - Kill Bill - R\u00e9plique Manga Cin\u00e9","description":"Discover O-Ren Ishii's Shirasaya, cult replica of Kill Bill. Japanese elegance and authenticity for fans of cinema and legendary weapons.","robots":{"index":"index","follow":"follow","max-snippet":"max-snippet:-1","max-image-preview":"max-image-preview:large","max-video-preview":"max-video-preview:-1"},"canonical":"https:\/\/repliquemangacine.fr\/en\/katana-kill-bill\/shirasaya-by-o-ren-ishii-kill-bill\/","og_locale":"en_US","og_type":"article","og_title":"Shirasaya de O-ren Ishii - Kill Bill - R\u00e9plique Manga Cin\u00e9","og_description":"D\u00e9couvrez le Shirasaya de O-Ren Ishii, r\u00e9plique culte de Kill Bill. \u00c9l\u00e9gance japonaise et authenticit\u00e9 pour les passionn\u00e9s de cin\u00e9ma et d\u2019armes l\u00e9gendaires.","og_url":"https:\/\/repliquemangacine.fr\/en\/katana-kill-bill\/shirasaya-by-o-ren-ishii-kill-bill\/","og_site_name":"R\u00e9plique Manga Cin\u00e9","article_publisher":"https:\/\/www.facebook.com\/RepliqueMangaCine","article_modified_time":"2026-03-19T23:15:47+00:00","og_image":[{"width":800,"height":800,"url":"https:\/\/repliquemangacine.fr\/wp-content\/uploads\/2025\/05\/shirasaya-oren-iichi-kill-bill.jpg","type":"image\/jpeg"}],"twitter_card":"summary_large_image","twitter_misc":{"Est. reading time":"3 minutes"},"schema":{"@context":"https:\/\/schema.org","@graph":[{"@type":"WebPage","@id":"https:\/\/repliquemangacine.fr\/katana-kill-bill\/shirasaya-de-o-ren-ishii-kill-bill\/","url":"https:\/\/repliquemangacine.fr\/katana-kill-bill\/shirasaya-de-o-ren-ishii-kill-bill\/","name":"Shirasaya by O-ren Ishii - Kill Bill - R\u00e9plique Manga Cin\u00e9","isPartOf":{"@id":"https:\/\/repliquemangacine.fr\/#website"},"primaryImageOfPage":{"@id":"https:\/\/repliquemangacine.fr\/katana-kill-bill\/shirasaya-de-o-ren-ishii-kill-bill\/#primaryimage"},"image":{"@id":"https:\/\/repliquemangacine.fr\/katana-kill-bill\/shirasaya-de-o-ren-ishii-kill-bill\/#primaryimage"},"thumbnailUrl":"https:\/\/repliquemangacine.fr\/wp-content\/uploads\/2025\/05\/shirasaya-oren-iichi-kill-bill.jpg","datePublished":"2025-05-10T13:45:17+00:00","dateModified":"2026-03-19T23:15:47+00:00","description":"Discover O-Ren Ishii's Shirasaya, cult replica of Kill Bill. Japanese elegance and authenticity for fans of cinema and legendary weapons.","breadcrumb":{"@id":"https:\/\/repliquemangacine.fr\/katana-kill-bill\/shirasaya-de-o-ren-ishii-kill-bill\/#breadcrumb"},"inLanguage":"en-US","potentialAction":[{"@type":"ReadAction","target":["https:\/\/repliquemangacine.fr\/katana-kill-bill\/shirasaya-de-o-ren-ishii-kill-bill\/"]}]},{"@type":"ImageObject","inLanguage":"en-US","@id":"https:\/\/repliquemangacine.fr\/katana-kill-bill\/shirasaya-de-o-ren-ishii-kill-bill\/#primaryimage","url":"https:\/\/repliquemangacine.fr\/wp-content\/uploads\/2025\/05\/shirasaya-oren-iichi-kill-bill.jpg","contentUrl":"https:\/\/repliquemangacine.fr\/wp-content\/uploads\/2025\/05\/shirasaya-oren-iichi-kill-bill.jpg","width":800,"height":800,"caption":"Shirasaya de O-Ren Ishii dans Kill bill"},{"@type":"BreadcrumbList","@id":"https:\/\/repliquemangacine.fr\/katana-kill-bill\/shirasaya-de-o-ren-ishii-kill-bill\/#breadcrumb","itemListElement":[{"@type":"ListItem","position":1,"name":"Accueil","item":"https:\/\/repliquemangacine.fr\/"},{"@type":"ListItem","position":2,"name":"Produits","item":"https:\/\/repliquemangacine.fr\/boutique\/"},{"@type":"ListItem","position":3,"name":"Shirasaya de O-ren Ishii &#8211; Kill Bill"}]},{"@type":"WebSite","@id":"https:\/\/repliquemangacine.fr\/#website","url":"https:\/\/repliquemangacine.fr\/","name":"R\u00e9plique Manga Cin\u00e9","description":"","publisher":{"@id":"https:\/\/repliquemangacine.fr\/#organization"},"potentialAction":[{"@type":"SearchAction","target":{"@type":"EntryPoint","urlTemplate":"https:\/\/repliquemangacine.fr\/?s={search_term_string}"},"query-input":{"@type":"PropertyValueSpecification","valueRequired":true,"valueName":"search_term_string"}}],"inLanguage":"en-US"},{"@type":"Organization","@id":"https:\/\/repliquemangacine.fr\/#organization","name":"R\u00e9plique Manga Cin\u00e9","url":"https:\/\/repliquemangacine.fr\/","logo":{"@type":"ImageObject","inLanguage":"en-US","@id":"https:\/\/repliquemangacine.fr\/#\/schema\/logo\/image\/","url":"https:\/\/repliquemangacine.fr\/wp-content\/uploads\/2023\/10\/RMC-500250.png","contentUrl":"https:\/\/repliquemangacine.fr\/wp-content\/uploads\/2023\/10\/RMC-500250.png","width":500,"height":250,"caption":"R\u00e9plique Manga Cin\u00e9"},"image":{"@id":"https:\/\/repliquemangacine.fr\/#\/schema\/logo\/image\/"},"sameAs":["https:\/\/www.facebook.com\/RepliqueMangaCine","https:\/\/www.instagram.com\/repliquemangacine.fr\/"]}]}},"_links":{"self":[{"href":"https:\/\/repliquemangacine.fr\/en\/wp-json\/wp\/v2\/product\/84142","targetHints":{"allow":["GET"]}}],"collection":[{"href":"https:\/\/repliquemangacine.fr\/en\/wp-json\/wp\/v2\/product"}],"about":[{"href":"https:\/\/repliquemangacine.fr\/en\/wp-json\/wp\/v2\/types\/product"}],"wp:featuredmedia":[{"embeddable":true,"href":"https:\/\/repliquemangacine.fr\/en\/wp-json\/wp\/v2\/media\/84143"}],"wp:attachment":[{"href":"https:\/\/repliquemangacine.fr\/en\/wp-json\/wp\/v2\/media?parent=84142"}],"wp:term":[{"taxonomy":"product_brand","embeddable":true,"href":"https:\/\/repliquemangacine.fr\/en\/wp-json\/wp\/v2\/product_brand?post=84142"},{"taxonomy":"product_cat","embeddable":true,"href":"https:\/\/repliquemangacine.fr\/en\/wp-json\/wp\/v2\/product_cat?post=84142"},{"taxonomy":"product_tag","embeddable":true,"href":"https:\/\/repliquemangacine.fr\/en\/wp-json\/wp\/v2\/product_tag?post=84142"}],"curies":[{"name":"wp","href":"https:\/\/api.w.org\/{rel}","templated":true}]}}