





{"id":83924,"date":"2025-04-30T19:11:18","date_gmt":"2025-04-30T17:11:18","guid":{"rendered":"https:\/\/repliquemangacine.fr\/?post_type=product&#038;p=83924"},"modified":"2026-04-14T21:50:57","modified_gmt":"2026-04-14T19:50:57","slug":"tanto-last-samurai","status":"publish","type":"product","link":"https:\/\/repliquemangacine.fr\/en\/katanas-le-dernier-samourai\/tanto-dernier-samourai\/","title":{"rendered":"Tanto Last Samurai"},"content":{"rendered":"<h2>Tanto Last Samurai - A faithful and elegant replica<\/h2>\n<p>First of all, this Tanto Dernier Samoura\u00ef is directly inspired by Nathan Algren's katana in The Last Samurai. Its 440 stainless steel blade is adorned with authentic Japanese inscriptions.<br \/>\nHandle carefully covered with black cotton braid, very pleasant to hold. The metal guard completes a meticulous design that's very faithful to the film. The black lacquered scabbard, decorated with a Japanese insignia, adds a traditional touch. Supplied with an ABS stand for easy, elegant presentation. With a 27 cm blade and a total length of 45 cm, it can be displayed anywhere in style.<\/p>\n<p>The tanto is a short weapon widely used by samurai in close combat. It is also a strong symbol of loyalty and honor in Japanese culture. This model will delight film fans and Japanese history buffs alike.<\/p>\n<h2>Nathan Algren - The American who became a Samurai<\/h2>\n<p>In The Last Samurai, Nathan Algren is an American captain consumed with regret. He goes to Japan to form a modern army against the traditional samurai. However, taken prisoner, he discovers the nobility of bushido and gradually changes. Eventually, he adopts their way of life and becomes a true samurai himself. This character embodies redemption, honor and the quest for meaning through the sword. His katana becomes a symbol of his new destiny, between two worlds and two eras. This tanto faithfully captures the soul of this transformation and the spirit of the film. It should be pointed out that the real Last Samurai actually existed under the name of <a href=\"https:\/\/fildelhistoire.com\/2021\/11\/22\/jules-brunet-le-vrai-dernier-samourai\/\" target=\"_blank\" rel=\"noopener noreferrer\">Jules Brunet<\/a>. A century and a half later, he would inspire the character of Nathan Algren, played by Tom Cruise.<\/p>\n<p>In this way, it enables every collector to relive this unique and poignant adventure. It's much more than an object, it's a tribute to the way of the warrior. As a result, it's a must-have for film and history buffs alike.<\/p>\n<h2>Your R\u00e9plique Manga Cin\u00e9 store - Legendary weapons<\/h2>\n<p>At R\u00e9plique Manga Cin\u00e9, we offer cult pieces from unforgettable films and TV series. You'll find <a href=\"https:\/\/repliquemangacine.fr\/en\/lord-of-the-rings-swords\/\">emblematic swords from The Lord of the Rings trilogy<\/a>. Our Kill Bill katanas, faithful to the weapons of O-Ren Ishii and Beatrix Kiddo, are impressive. We also have <a href=\"https:\/\/repliquemangacine.fr\/en\/game-of-thrones-swords\/\">swords from Game of Thrones<\/a>like Jon Snow's or Arya's. Fans of The Walking Dead will love the <a href=\"https:\/\/repliquemangacine.fr\/en\/weapons-the-walking-dead\/michonnes-katana\/\">Michonne's katana<\/a> and the <a href=\"https:\/\/repliquemangacine.fr\/en\/denix\/colt-python-rick-grimes\/\">Rick's gun<\/a>. Each piece is carefully selected for its quality and fidelity to the original work. Our store also offers stands, accessories and cases to display your replicas.<br \/>\nOur products combine authenticity, aesthetics and a passion for cult universes. Finally, our catalog is constantly evolving to satisfy all collectors. In conclusion, whether you're a fan of fantasy, samurai or zombies, you'll find what you're looking for here.<\/p>","protected":false},"excerpt":{"rendered":"<p>Superb replica of the Tanto Dernier Samoura\u00ef inspired by the film of the same name.<\/p>\n<ul>\n<li>440 stainless steel blade with Japanese lettering<\/li>\n<li>Handle covered with black cotton braid<\/li>\n<li>Metal guard<\/li>\n<li>Black lacquered scabbard with Japanese insignia<\/li>\n<li>Supplied with ABS stand<\/li>\n<li>Blade length: 27 cm - Total length: 45 cm<\/li>\n<\/ul>","protected":false},"featured_media":83925,"template":"","meta":[],"product_brand":[896],"product_cat":[88],"product_tag":[],"class_list":{"0":"post-83924","1":"product","2":"type-product","3":"status-publish","4":"has-post-thumbnail","6":"product_brand-replique-manga-cine","7":"product_cat-katanas-le-dernier-samourai","9":"first","10":"instock","11":"sale","12":"taxable","13":"shipping-taxable","14":"purchasable","15":"product-type-simple"},"yoast_head":"<!-- This site is optimized with the Yoast SEO plugin v27.5 - https:\/\/yoast.com\/product\/yoast-seo-wordpress\/ -->\n<title>Tanto Dernier Samoura\u00ef - R\u00e9plique Manga Cin\u00e9<\/title>\n<meta name=\"description\" content=\"R\u00e9plique du Tanto Dernier Samoura\u00ef : lame grav\u00e9e, finition soign\u00e9e, livr\u00e9e avec support. Id\u00e9al pour fans de cin\u00e9ma et passionn\u00e9s de culture japonaise.\" \/>\n<meta name=\"robots\" content=\"index, follow, max-snippet:-1, max-image-preview:large, max-video-preview:-1\" \/>\n<link rel=\"canonical\" href=\"https:\/\/repliquemangacine.fr\/en\/katanas-the-last-samurai\/tanto-last-samurai\/\" \/>\n<meta property=\"og:locale\" content=\"en_US\" \/>\n<meta property=\"og:type\" content=\"article\" \/>\n<meta property=\"og:title\" content=\"Tanto Dernier Samoura\u00ef - R\u00e9plique Manga Cin\u00e9\" \/>\n<meta property=\"og:description\" content=\"R\u00e9plique du Tanto Dernier Samoura\u00ef : lame grav\u00e9e, finition soign\u00e9e, livr\u00e9e avec support. Id\u00e9al pour fans de cin\u00e9ma et passionn\u00e9s de culture japonaise.\" \/>\n<meta property=\"og:url\" content=\"https:\/\/repliquemangacine.fr\/en\/katanas-the-last-samurai\/tanto-last-samurai\/\" \/>\n<meta property=\"og:site_name\" content=\"R\u00e9plique Manga Cin\u00e9\" \/>\n<meta property=\"article:publisher\" content=\"https:\/\/www.facebook.com\/RepliqueMangaCine\" \/>\n<meta property=\"article:modified_time\" content=\"2026-04-14T19:50:57+00:00\" \/>\n<meta property=\"og:image\" content=\"https:\/\/repliquemangacine.fr\/wp-content\/uploads\/2025\/04\/Tanto-Dernier-Samourai.jpg\" \/>\n\t<meta property=\"og:image:width\" content=\"500\" \/>\n\t<meta property=\"og:image:height\" content=\"500\" \/>\n\t<meta property=\"og:image:type\" content=\"image\/jpeg\" \/>\n<meta name=\"twitter:card\" content=\"summary_large_image\" \/>\n<meta name=\"twitter:label1\" content=\"Est. reading time\" \/>\n\t<meta name=\"twitter:data1\" content=\"3 minutes\" \/>\n<script type=\"application\/ld+json\" class=\"yoast-schema-graph\">{\"@context\":\"https:\\\/\\\/schema.org\",\"@graph\":[{\"@type\":\"WebPage\",\"@id\":\"https:\\\/\\\/repliquemangacine.fr\\\/katanas-le-dernier-samourai\\\/tanto-dernier-samourai\\\/\",\"url\":\"https:\\\/\\\/repliquemangacine.fr\\\/katanas-le-dernier-samourai\\\/tanto-dernier-samourai\\\/\",\"name\":\"Tanto Dernier Samoura\u00ef - R\u00e9plique Manga Cin\u00e9\",\"isPartOf\":{\"@id\":\"https:\\\/\\\/repliquemangacine.fr\\\/#website\"},\"primaryImageOfPage\":{\"@id\":\"https:\\\/\\\/repliquemangacine.fr\\\/katanas-le-dernier-samourai\\\/tanto-dernier-samourai\\\/#primaryimage\"},\"image\":{\"@id\":\"https:\\\/\\\/repliquemangacine.fr\\\/katanas-le-dernier-samourai\\\/tanto-dernier-samourai\\\/#primaryimage\"},\"thumbnailUrl\":\"https:\\\/\\\/repliquemangacine.fr\\\/wp-content\\\/uploads\\\/2025\\\/04\\\/Tanto-Dernier-Samourai.jpg\",\"datePublished\":\"2025-04-30T17:11:18+00:00\",\"dateModified\":\"2026-04-14T19:50:57+00:00\",\"description\":\"R\u00e9plique du Tanto Dernier Samoura\u00ef : lame grav\u00e9e, finition soign\u00e9e, livr\u00e9e avec support. Id\u00e9al pour fans de cin\u00e9ma et passionn\u00e9s de culture japonaise.\",\"breadcrumb\":{\"@id\":\"https:\\\/\\\/repliquemangacine.fr\\\/katanas-le-dernier-samourai\\\/tanto-dernier-samourai\\\/#breadcrumb\"},\"inLanguage\":\"en-US\",\"potentialAction\":[{\"@type\":\"ReadAction\",\"target\":[\"https:\\\/\\\/repliquemangacine.fr\\\/katanas-le-dernier-samourai\\\/tanto-dernier-samourai\\\/\"]}]},{\"@type\":\"ImageObject\",\"inLanguage\":\"en-US\",\"@id\":\"https:\\\/\\\/repliquemangacine.fr\\\/katanas-le-dernier-samourai\\\/tanto-dernier-samourai\\\/#primaryimage\",\"url\":\"https:\\\/\\\/repliquemangacine.fr\\\/wp-content\\\/uploads\\\/2025\\\/04\\\/Tanto-Dernier-Samourai.jpg\",\"contentUrl\":\"https:\\\/\\\/repliquemangacine.fr\\\/wp-content\\\/uploads\\\/2025\\\/04\\\/Tanto-Dernier-Samourai.jpg\",\"width\":500,\"height\":500,\"caption\":\"Tanto Dernier Samoura\u00ef\"},{\"@type\":\"BreadcrumbList\",\"@id\":\"https:\\\/\\\/repliquemangacine.fr\\\/katanas-le-dernier-samourai\\\/tanto-dernier-samourai\\\/#breadcrumb\",\"itemListElement\":[{\"@type\":\"ListItem\",\"position\":1,\"name\":\"Accueil\",\"item\":\"https:\\\/\\\/repliquemangacine.fr\\\/\"},{\"@type\":\"ListItem\",\"position\":2,\"name\":\"Produits\",\"item\":\"https:\\\/\\\/repliquemangacine.fr\\\/boutique\\\/\"},{\"@type\":\"ListItem\",\"position\":3,\"name\":\"Tanto Dernier Samoura\u00ef\"}]},{\"@type\":\"WebSite\",\"@id\":\"https:\\\/\\\/repliquemangacine.fr\\\/#website\",\"url\":\"https:\\\/\\\/repliquemangacine.fr\\\/\",\"name\":\"R\u00e9plique Manga Cin\u00e9\",\"description\":\"\",\"publisher\":{\"@id\":\"https:\\\/\\\/repliquemangacine.fr\\\/#organization\"},\"potentialAction\":[{\"@type\":\"SearchAction\",\"target\":{\"@type\":\"EntryPoint\",\"urlTemplate\":\"https:\\\/\\\/repliquemangacine.fr\\\/?s={search_term_string}\"},\"query-input\":{\"@type\":\"PropertyValueSpecification\",\"valueRequired\":true,\"valueName\":\"search_term_string\"}}],\"inLanguage\":\"en-US\"},{\"@type\":\"Organization\",\"@id\":\"https:\\\/\\\/repliquemangacine.fr\\\/#organization\",\"name\":\"R\u00e9plique Manga Cin\u00e9\",\"url\":\"https:\\\/\\\/repliquemangacine.fr\\\/\",\"logo\":{\"@type\":\"ImageObject\",\"inLanguage\":\"en-US\",\"@id\":\"https:\\\/\\\/repliquemangacine.fr\\\/#\\\/schema\\\/logo\\\/image\\\/\",\"url\":\"https:\\\/\\\/repliquemangacine.fr\\\/wp-content\\\/uploads\\\/2023\\\/10\\\/RMC-500250.png\",\"contentUrl\":\"https:\\\/\\\/repliquemangacine.fr\\\/wp-content\\\/uploads\\\/2023\\\/10\\\/RMC-500250.png\",\"width\":500,\"height\":250,\"caption\":\"R\u00e9plique Manga Cin\u00e9\"},\"image\":{\"@id\":\"https:\\\/\\\/repliquemangacine.fr\\\/#\\\/schema\\\/logo\\\/image\\\/\"},\"sameAs\":[\"https:\\\/\\\/www.facebook.com\\\/RepliqueMangaCine\",\"https:\\\/\\\/www.instagram.com\\\/repliquemangacine.fr\\\/\"]}]}<\/script>\n<!-- \/ Yoast SEO plugin. -->","yoast_head_json":{"title":"Tanto Last Samurai - R\u00e9plique Manga Cin\u00e9","description":"Tanto Last Samurai replica: engraved blade, meticulous finish, delivered with stand. Ideal for film fans and Japanese culture enthusiasts.","robots":{"index":"index","follow":"follow","max-snippet":"max-snippet:-1","max-image-preview":"max-image-preview:large","max-video-preview":"max-video-preview:-1"},"canonical":"https:\/\/repliquemangacine.fr\/en\/katanas-the-last-samurai\/tanto-last-samurai\/","og_locale":"en_US","og_type":"article","og_title":"Tanto Dernier Samoura\u00ef - R\u00e9plique Manga Cin\u00e9","og_description":"R\u00e9plique du Tanto Dernier Samoura\u00ef : lame grav\u00e9e, finition soign\u00e9e, livr\u00e9e avec support. Id\u00e9al pour fans de cin\u00e9ma et passionn\u00e9s de culture japonaise.","og_url":"https:\/\/repliquemangacine.fr\/en\/katanas-the-last-samurai\/tanto-last-samurai\/","og_site_name":"R\u00e9plique Manga Cin\u00e9","article_publisher":"https:\/\/www.facebook.com\/RepliqueMangaCine","article_modified_time":"2026-04-14T19:50:57+00:00","og_image":[{"width":500,"height":500,"url":"https:\/\/repliquemangacine.fr\/wp-content\/uploads\/2025\/04\/Tanto-Dernier-Samourai.jpg","type":"image\/jpeg"}],"twitter_card":"summary_large_image","twitter_misc":{"Est. reading time":"3 minutes"},"schema":{"@context":"https:\/\/schema.org","@graph":[{"@type":"WebPage","@id":"https:\/\/repliquemangacine.fr\/katanas-le-dernier-samourai\/tanto-dernier-samourai\/","url":"https:\/\/repliquemangacine.fr\/katanas-le-dernier-samourai\/tanto-dernier-samourai\/","name":"Tanto Last Samurai - R\u00e9plique Manga Cin\u00e9","isPartOf":{"@id":"https:\/\/repliquemangacine.fr\/#website"},"primaryImageOfPage":{"@id":"https:\/\/repliquemangacine.fr\/katanas-le-dernier-samourai\/tanto-dernier-samourai\/#primaryimage"},"image":{"@id":"https:\/\/repliquemangacine.fr\/katanas-le-dernier-samourai\/tanto-dernier-samourai\/#primaryimage"},"thumbnailUrl":"https:\/\/repliquemangacine.fr\/wp-content\/uploads\/2025\/04\/Tanto-Dernier-Samourai.jpg","datePublished":"2025-04-30T17:11:18+00:00","dateModified":"2026-04-14T19:50:57+00:00","description":"Tanto Last Samurai replica: engraved blade, meticulous finish, delivered with stand. Ideal for film fans and Japanese culture enthusiasts.","breadcrumb":{"@id":"https:\/\/repliquemangacine.fr\/katanas-le-dernier-samourai\/tanto-dernier-samourai\/#breadcrumb"},"inLanguage":"en-US","potentialAction":[{"@type":"ReadAction","target":["https:\/\/repliquemangacine.fr\/katanas-le-dernier-samourai\/tanto-dernier-samourai\/"]}]},{"@type":"ImageObject","inLanguage":"en-US","@id":"https:\/\/repliquemangacine.fr\/katanas-le-dernier-samourai\/tanto-dernier-samourai\/#primaryimage","url":"https:\/\/repliquemangacine.fr\/wp-content\/uploads\/2025\/04\/Tanto-Dernier-Samourai.jpg","contentUrl":"https:\/\/repliquemangacine.fr\/wp-content\/uploads\/2025\/04\/Tanto-Dernier-Samourai.jpg","width":500,"height":500,"caption":"Tanto Dernier Samoura\u00ef"},{"@type":"BreadcrumbList","@id":"https:\/\/repliquemangacine.fr\/katanas-le-dernier-samourai\/tanto-dernier-samourai\/#breadcrumb","itemListElement":[{"@type":"ListItem","position":1,"name":"Accueil","item":"https:\/\/repliquemangacine.fr\/"},{"@type":"ListItem","position":2,"name":"Produits","item":"https:\/\/repliquemangacine.fr\/boutique\/"},{"@type":"ListItem","position":3,"name":"Tanto Dernier Samoura\u00ef"}]},{"@type":"WebSite","@id":"https:\/\/repliquemangacine.fr\/#website","url":"https:\/\/repliquemangacine.fr\/","name":"R\u00e9plique Manga Cin\u00e9","description":"","publisher":{"@id":"https:\/\/repliquemangacine.fr\/#organization"},"potentialAction":[{"@type":"SearchAction","target":{"@type":"EntryPoint","urlTemplate":"https:\/\/repliquemangacine.fr\/?s={search_term_string}"},"query-input":{"@type":"PropertyValueSpecification","valueRequired":true,"valueName":"search_term_string"}}],"inLanguage":"en-US"},{"@type":"Organization","@id":"https:\/\/repliquemangacine.fr\/#organization","name":"R\u00e9plique Manga Cin\u00e9","url":"https:\/\/repliquemangacine.fr\/","logo":{"@type":"ImageObject","inLanguage":"en-US","@id":"https:\/\/repliquemangacine.fr\/#\/schema\/logo\/image\/","url":"https:\/\/repliquemangacine.fr\/wp-content\/uploads\/2023\/10\/RMC-500250.png","contentUrl":"https:\/\/repliquemangacine.fr\/wp-content\/uploads\/2023\/10\/RMC-500250.png","width":500,"height":250,"caption":"R\u00e9plique Manga Cin\u00e9"},"image":{"@id":"https:\/\/repliquemangacine.fr\/#\/schema\/logo\/image\/"},"sameAs":["https:\/\/www.facebook.com\/RepliqueMangaCine","https:\/\/www.instagram.com\/repliquemangacine.fr\/"]}]}},"_links":{"self":[{"href":"https:\/\/repliquemangacine.fr\/en\/wp-json\/wp\/v2\/product\/83924","targetHints":{"allow":["GET"]}}],"collection":[{"href":"https:\/\/repliquemangacine.fr\/en\/wp-json\/wp\/v2\/product"}],"about":[{"href":"https:\/\/repliquemangacine.fr\/en\/wp-json\/wp\/v2\/types\/product"}],"wp:featuredmedia":[{"embeddable":true,"href":"https:\/\/repliquemangacine.fr\/en\/wp-json\/wp\/v2\/media\/83925"}],"wp:attachment":[{"href":"https:\/\/repliquemangacine.fr\/en\/wp-json\/wp\/v2\/media?parent=83924"}],"wp:term":[{"taxonomy":"product_brand","embeddable":true,"href":"https:\/\/repliquemangacine.fr\/en\/wp-json\/wp\/v2\/product_brand?post=83924"},{"taxonomy":"product_cat","embeddable":true,"href":"https:\/\/repliquemangacine.fr\/en\/wp-json\/wp\/v2\/product_cat?post=83924"},{"taxonomy":"product_tag","embeddable":true,"href":"https:\/\/repliquemangacine.fr\/en\/wp-json\/wp\/v2\/product_tag?post=83924"}],"curies":[{"name":"wp","href":"https:\/\/api.w.org\/{rel}","templated":true}]}}