





{"id":83912,"date":"2025-04-30T16:54:16","date_gmt":"2025-04-30T14:54:16","guid":{"rendered":"https:\/\/repliquemangacine.fr\/?post_type=product&#038;p=83912"},"modified":"2025-11-13T00:53:24","modified_gmt":"2025-11-12T23:53:24","slug":"tanto-ame-no-habakiri-one-piece","status":"publish","type":"product","link":"https:\/\/repliquemangacine.fr\/en\/tanto-mini-katana-one-piece\/tanto-ame-no-habakiri-one-piece\/","title":{"rendered":"Tanto Ame no Habakiri - One Piece"},"content":{"rendered":"<h2>Tanto Ame no Habakiri - A faithful and stylish replica<\/h2>\n<p>First of all, this Tanto Ame no Habakiri inspired by One Piece, a jewel for collectors and fans of sharp objects. Its 440 stainless steel blade offers three distinct shades for a striking visual effect.<br \/>\nMoulded ABS guard, faithful to the original shape of Oden Kozuki's sword. Its decorated ABS scabbard completes the model's typically Japanese aesthetic. Supplied with a plastic stand for immediate display. With a 27 cm blade and a total length of 45 cm, it's compact yet powerful.<\/p>\n<p>To conclude, this tanto is not just an accessory, it's a tribute to the traditional Japanese sword. Indeed, the tanto is a short, handy, sharp weapon used by the samurai. Today, it appeals to history buffs and manga enthusiasts alike. Perfect for displaying or completing a modern samurai cosplay outfit.<\/p>\n<h2>Ame no Habakiri - Oden's divine sword in One Piece<\/h2>\n<p>In the One Piece universe, Ame no Habakiri is a legendary blade wielded by <a href=\"https:\/\/onepiece.fandom.com\/fr\/wiki\/Kozuki_Oden\" target=\"_blank\" rel=\"noopener noreferrer\">Oden Kozuki<\/a>. This sword is one of only two to have wounded Kaido, the almost invincible creature. Its name means \u00abcutter of the celestial serpent\u00bb, a direct reference to Japanese mythology. Ame no Habakiri is considered a sword of supreme rank and fearsome power. It symbolizes the justice, honor and power of the Kozuki family in Wano Kuni. After Oden's death, the sword was entrusted to Momonosuke, heir to the Kozuki clan. Its power is not only symbolic, it also makes even the greatest enemies tremble.<\/p>\n<p>Our replica captures the finesse of this sword while respecting the spirit of the work. This tanto is a compendium of history, myth and aesthetics made in One Piece. Ideal to complete a collection of katanas from Eiichiro Oda's universe.<\/p>\n<h2>One Piece replicas and collector's items - A unique store<\/h2>\n<p>R\u00e9plique Manga Cin\u00e9 brings you the finest replicas from your favorite mangas. Among them, many pieces inspired by One Piece for fans of all levels.<br \/>\nYou'll find the famous <a href=\"https:\/\/repliquemangacine.fr\/en\/replicas-manga-video-games\/brook-sword-rod\/\">Brook's purple sword cane<\/a>and supernatural elegance. There's also the complete set of <a href=\"https:\/\/repliquemangacine.fr\/en\/replicas-manga-video-games\/set-of-3-zoro-katanas\/\">three Zoro katanas<\/a> with free belt. And for technology enthusiasts, our <a href=\"https:\/\/repliquemangacine.fr\/en\/one-piece-luminous-katana\/enma-katana-leds-one-piece\/\">LED light katanas<\/a> are a must. Each model is made of metal with a rigid ABS blade containing the integrated LEDs. The result is exceptional, faithful to the originals and perfect for cosplay or exhibition.<br \/>\nWe also think about small budgets with <a href=\"https:\/\/repliquemangacine.fr\/en\/various-goodies\/16-piece-one-piece-set\/\">One Piece key ring sets<\/a>. They contain 16 pieces with miniature swords, necklaces and emblematic logos. And much, much more in our online store. In conclusion, whether you're a fan or a collector, our site is your new otaku den.<\/p>","protected":false},"excerpt":{"rendered":"<p>Superb Tanto Ame no Habakiri inspired by Zoro's katana in One Piece<\/p>\n<ul>\n<li>440 stainless steel blade, 3-tone<\/li>\n<li>Moulded ABS guard with specific shape<\/li>\n<li>ABS sheath with decorations<\/li>\n<li>Supplied with a small plastic stand<\/li>\n<li>Blade length: 27 cm - Total length: 45 cm<\/li>\n<\/ul>","protected":false},"featured_media":83913,"template":"","meta":[],"product_brand":[896],"product_cat":[36,121],"product_tag":[],"class_list":{"0":"post-83912","1":"product","2":"type-product","3":"status-publish","4":"has-post-thumbnail","6":"product_brand-replique-manga-cine","7":"product_cat-katana-one-piece","8":"product_cat-tanto-mini-katana-one-piece","10":"first","11":"instock","12":"sale","13":"taxable","14":"shipping-taxable","15":"purchasable","16":"product-type-simple"},"yoast_head":"<!-- This site is optimized with the Yoast SEO plugin v27.5 - https:\/\/yoast.com\/product\/yoast-seo-wordpress\/ -->\n<title>Tanto Ame no Habakiri - One Piece - R\u00e9plique Manga Cin\u00e9<\/title>\n<meta name=\"description\" content=\"R\u00e9plique du Tanto Ame no Habakiri de One Piece : lame acier, design fid\u00e8le, support inclus. Parfait pour collectionneurs, fans et cosplayeurs passionn\u00e9s.\" \/>\n<meta name=\"robots\" content=\"index, follow, max-snippet:-1, max-image-preview:large, max-video-preview:-1\" \/>\n<link rel=\"canonical\" href=\"https:\/\/repliquemangacine.fr\/en\/tanto-mini-katana-one-piece\/tanto-ame-no-habakiri-one-piece\/\" \/>\n<meta property=\"og:locale\" content=\"en_US\" \/>\n<meta property=\"og:type\" content=\"article\" \/>\n<meta property=\"og:title\" content=\"Tanto Ame no Habakiri - One Piece - R\u00e9plique Manga Cin\u00e9\" \/>\n<meta property=\"og:description\" content=\"R\u00e9plique du Tanto Ame no Habakiri de One Piece : lame acier, design fid\u00e8le, support inclus. Parfait pour collectionneurs, fans et cosplayeurs passionn\u00e9s.\" \/>\n<meta property=\"og:url\" content=\"https:\/\/repliquemangacine.fr\/en\/tanto-mini-katana-one-piece\/tanto-ame-no-habakiri-one-piece\/\" \/>\n<meta property=\"og:site_name\" content=\"R\u00e9plique Manga Cin\u00e9\" \/>\n<meta property=\"article:publisher\" content=\"https:\/\/www.facebook.com\/RepliqueMangaCine\" \/>\n<meta property=\"article:modified_time\" content=\"2025-11-12T23:53:24+00:00\" \/>\n<meta property=\"og:image\" content=\"https:\/\/repliquemangacine.fr\/wp-content\/uploads\/2025\/04\/Tanto-Ame-no-Habakiri.jpg\" \/>\n\t<meta property=\"og:image:width\" content=\"500\" \/>\n\t<meta property=\"og:image:height\" content=\"500\" \/>\n\t<meta property=\"og:image:type\" content=\"image\/jpeg\" \/>\n<meta name=\"twitter:card\" content=\"summary_large_image\" \/>\n<meta name=\"twitter:label1\" content=\"Est. reading time\" \/>\n\t<meta name=\"twitter:data1\" content=\"3 minutes\" \/>\n<script type=\"application\/ld+json\" class=\"yoast-schema-graph\">{\"@context\":\"https:\\\/\\\/schema.org\",\"@graph\":[{\"@type\":\"WebPage\",\"@id\":\"https:\\\/\\\/repliquemangacine.fr\\\/tanto-mini-katana-one-piece\\\/tanto-ame-no-habakiri-one-piece\\\/\",\"url\":\"https:\\\/\\\/repliquemangacine.fr\\\/tanto-mini-katana-one-piece\\\/tanto-ame-no-habakiri-one-piece\\\/\",\"name\":\"Tanto Ame no Habakiri - One Piece - R\u00e9plique Manga Cin\u00e9\",\"isPartOf\":{\"@id\":\"https:\\\/\\\/repliquemangacine.fr\\\/#website\"},\"primaryImageOfPage\":{\"@id\":\"https:\\\/\\\/repliquemangacine.fr\\\/tanto-mini-katana-one-piece\\\/tanto-ame-no-habakiri-one-piece\\\/#primaryimage\"},\"image\":{\"@id\":\"https:\\\/\\\/repliquemangacine.fr\\\/tanto-mini-katana-one-piece\\\/tanto-ame-no-habakiri-one-piece\\\/#primaryimage\"},\"thumbnailUrl\":\"https:\\\/\\\/repliquemangacine.fr\\\/wp-content\\\/uploads\\\/2025\\\/04\\\/Tanto-Ame-no-Habakiri.jpg\",\"datePublished\":\"2025-04-30T14:54:16+00:00\",\"dateModified\":\"2025-11-12T23:53:24+00:00\",\"description\":\"R\u00e9plique du Tanto Ame no Habakiri de One Piece : lame acier, design fid\u00e8le, support inclus. Parfait pour collectionneurs, fans et cosplayeurs passionn\u00e9s.\",\"breadcrumb\":{\"@id\":\"https:\\\/\\\/repliquemangacine.fr\\\/tanto-mini-katana-one-piece\\\/tanto-ame-no-habakiri-one-piece\\\/#breadcrumb\"},\"inLanguage\":\"en-US\",\"potentialAction\":[{\"@type\":\"ReadAction\",\"target\":[\"https:\\\/\\\/repliquemangacine.fr\\\/tanto-mini-katana-one-piece\\\/tanto-ame-no-habakiri-one-piece\\\/\"]}]},{\"@type\":\"ImageObject\",\"inLanguage\":\"en-US\",\"@id\":\"https:\\\/\\\/repliquemangacine.fr\\\/tanto-mini-katana-one-piece\\\/tanto-ame-no-habakiri-one-piece\\\/#primaryimage\",\"url\":\"https:\\\/\\\/repliquemangacine.fr\\\/wp-content\\\/uploads\\\/2025\\\/04\\\/Tanto-Ame-no-Habakiri.jpg\",\"contentUrl\":\"https:\\\/\\\/repliquemangacine.fr\\\/wp-content\\\/uploads\\\/2025\\\/04\\\/Tanto-Ame-no-Habakiri.jpg\",\"width\":500,\"height\":500,\"caption\":\"Tanto Ame no Habakiri, sabre de Zoro dans One Piece\"},{\"@type\":\"BreadcrumbList\",\"@id\":\"https:\\\/\\\/repliquemangacine.fr\\\/tanto-mini-katana-one-piece\\\/tanto-ame-no-habakiri-one-piece\\\/#breadcrumb\",\"itemListElement\":[{\"@type\":\"ListItem\",\"position\":1,\"name\":\"Accueil\",\"item\":\"https:\\\/\\\/repliquemangacine.fr\\\/\"},{\"@type\":\"ListItem\",\"position\":2,\"name\":\"Produits\",\"item\":\"https:\\\/\\\/repliquemangacine.fr\\\/boutique\\\/\"},{\"@type\":\"ListItem\",\"position\":3,\"name\":\"Tanto Ame no Habakiri &#8211; One Piece\"}]},{\"@type\":\"WebSite\",\"@id\":\"https:\\\/\\\/repliquemangacine.fr\\\/#website\",\"url\":\"https:\\\/\\\/repliquemangacine.fr\\\/\",\"name\":\"R\u00e9plique Manga Cin\u00e9\",\"description\":\"\",\"publisher\":{\"@id\":\"https:\\\/\\\/repliquemangacine.fr\\\/#organization\"},\"potentialAction\":[{\"@type\":\"SearchAction\",\"target\":{\"@type\":\"EntryPoint\",\"urlTemplate\":\"https:\\\/\\\/repliquemangacine.fr\\\/?s={search_term_string}\"},\"query-input\":{\"@type\":\"PropertyValueSpecification\",\"valueRequired\":true,\"valueName\":\"search_term_string\"}}],\"inLanguage\":\"en-US\"},{\"@type\":\"Organization\",\"@id\":\"https:\\\/\\\/repliquemangacine.fr\\\/#organization\",\"name\":\"R\u00e9plique Manga Cin\u00e9\",\"url\":\"https:\\\/\\\/repliquemangacine.fr\\\/\",\"logo\":{\"@type\":\"ImageObject\",\"inLanguage\":\"en-US\",\"@id\":\"https:\\\/\\\/repliquemangacine.fr\\\/#\\\/schema\\\/logo\\\/image\\\/\",\"url\":\"https:\\\/\\\/repliquemangacine.fr\\\/wp-content\\\/uploads\\\/2023\\\/10\\\/RMC-500250.png\",\"contentUrl\":\"https:\\\/\\\/repliquemangacine.fr\\\/wp-content\\\/uploads\\\/2023\\\/10\\\/RMC-500250.png\",\"width\":500,\"height\":250,\"caption\":\"R\u00e9plique Manga Cin\u00e9\"},\"image\":{\"@id\":\"https:\\\/\\\/repliquemangacine.fr\\\/#\\\/schema\\\/logo\\\/image\\\/\"},\"sameAs\":[\"https:\\\/\\\/www.facebook.com\\\/RepliqueMangaCine\",\"https:\\\/\\\/www.instagram.com\\\/repliquemangacine.fr\\\/\"]}]}<\/script>\n<!-- \/ Yoast SEO plugin. -->","yoast_head_json":{"title":"Tanto Ame no Habakiri - One Piece - R\u00e9plique Manga Cin\u00e9","description":"Tanto Ame no Habakiri replica from One Piece: steel blade, faithful design, stand included. Perfect for collectors, fans and passionate cosplayers.","robots":{"index":"index","follow":"follow","max-snippet":"max-snippet:-1","max-image-preview":"max-image-preview:large","max-video-preview":"max-video-preview:-1"},"canonical":"https:\/\/repliquemangacine.fr\/en\/tanto-mini-katana-one-piece\/tanto-ame-no-habakiri-one-piece\/","og_locale":"en_US","og_type":"article","og_title":"Tanto Ame no Habakiri - One Piece - R\u00e9plique Manga Cin\u00e9","og_description":"R\u00e9plique du Tanto Ame no Habakiri de One Piece : lame acier, design fid\u00e8le, support inclus. Parfait pour collectionneurs, fans et cosplayeurs passionn\u00e9s.","og_url":"https:\/\/repliquemangacine.fr\/en\/tanto-mini-katana-one-piece\/tanto-ame-no-habakiri-one-piece\/","og_site_name":"R\u00e9plique Manga Cin\u00e9","article_publisher":"https:\/\/www.facebook.com\/RepliqueMangaCine","article_modified_time":"2025-11-12T23:53:24+00:00","og_image":[{"width":500,"height":500,"url":"https:\/\/repliquemangacine.fr\/wp-content\/uploads\/2025\/04\/Tanto-Ame-no-Habakiri.jpg","type":"image\/jpeg"}],"twitter_card":"summary_large_image","twitter_misc":{"Est. reading time":"3 minutes"},"schema":{"@context":"https:\/\/schema.org","@graph":[{"@type":"WebPage","@id":"https:\/\/repliquemangacine.fr\/tanto-mini-katana-one-piece\/tanto-ame-no-habakiri-one-piece\/","url":"https:\/\/repliquemangacine.fr\/tanto-mini-katana-one-piece\/tanto-ame-no-habakiri-one-piece\/","name":"Tanto Ame no Habakiri - One Piece - R\u00e9plique Manga Cin\u00e9","isPartOf":{"@id":"https:\/\/repliquemangacine.fr\/#website"},"primaryImageOfPage":{"@id":"https:\/\/repliquemangacine.fr\/tanto-mini-katana-one-piece\/tanto-ame-no-habakiri-one-piece\/#primaryimage"},"image":{"@id":"https:\/\/repliquemangacine.fr\/tanto-mini-katana-one-piece\/tanto-ame-no-habakiri-one-piece\/#primaryimage"},"thumbnailUrl":"https:\/\/repliquemangacine.fr\/wp-content\/uploads\/2025\/04\/Tanto-Ame-no-Habakiri.jpg","datePublished":"2025-04-30T14:54:16+00:00","dateModified":"2025-11-12T23:53:24+00:00","description":"Tanto Ame no Habakiri replica from One Piece: steel blade, faithful design, stand included. Perfect for collectors, fans and passionate cosplayers.","breadcrumb":{"@id":"https:\/\/repliquemangacine.fr\/tanto-mini-katana-one-piece\/tanto-ame-no-habakiri-one-piece\/#breadcrumb"},"inLanguage":"en-US","potentialAction":[{"@type":"ReadAction","target":["https:\/\/repliquemangacine.fr\/tanto-mini-katana-one-piece\/tanto-ame-no-habakiri-one-piece\/"]}]},{"@type":"ImageObject","inLanguage":"en-US","@id":"https:\/\/repliquemangacine.fr\/tanto-mini-katana-one-piece\/tanto-ame-no-habakiri-one-piece\/#primaryimage","url":"https:\/\/repliquemangacine.fr\/wp-content\/uploads\/2025\/04\/Tanto-Ame-no-Habakiri.jpg","contentUrl":"https:\/\/repliquemangacine.fr\/wp-content\/uploads\/2025\/04\/Tanto-Ame-no-Habakiri.jpg","width":500,"height":500,"caption":"Tanto Ame no Habakiri, sabre de Zoro dans One Piece"},{"@type":"BreadcrumbList","@id":"https:\/\/repliquemangacine.fr\/tanto-mini-katana-one-piece\/tanto-ame-no-habakiri-one-piece\/#breadcrumb","itemListElement":[{"@type":"ListItem","position":1,"name":"Accueil","item":"https:\/\/repliquemangacine.fr\/"},{"@type":"ListItem","position":2,"name":"Produits","item":"https:\/\/repliquemangacine.fr\/boutique\/"},{"@type":"ListItem","position":3,"name":"Tanto Ame no Habakiri &#8211; One Piece"}]},{"@type":"WebSite","@id":"https:\/\/repliquemangacine.fr\/#website","url":"https:\/\/repliquemangacine.fr\/","name":"R\u00e9plique Manga Cin\u00e9","description":"","publisher":{"@id":"https:\/\/repliquemangacine.fr\/#organization"},"potentialAction":[{"@type":"SearchAction","target":{"@type":"EntryPoint","urlTemplate":"https:\/\/repliquemangacine.fr\/?s={search_term_string}"},"query-input":{"@type":"PropertyValueSpecification","valueRequired":true,"valueName":"search_term_string"}}],"inLanguage":"en-US"},{"@type":"Organization","@id":"https:\/\/repliquemangacine.fr\/#organization","name":"R\u00e9plique Manga Cin\u00e9","url":"https:\/\/repliquemangacine.fr\/","logo":{"@type":"ImageObject","inLanguage":"en-US","@id":"https:\/\/repliquemangacine.fr\/#\/schema\/logo\/image\/","url":"https:\/\/repliquemangacine.fr\/wp-content\/uploads\/2023\/10\/RMC-500250.png","contentUrl":"https:\/\/repliquemangacine.fr\/wp-content\/uploads\/2023\/10\/RMC-500250.png","width":500,"height":250,"caption":"R\u00e9plique Manga Cin\u00e9"},"image":{"@id":"https:\/\/repliquemangacine.fr\/#\/schema\/logo\/image\/"},"sameAs":["https:\/\/www.facebook.com\/RepliqueMangaCine","https:\/\/www.instagram.com\/repliquemangacine.fr\/"]}]}},"_links":{"self":[{"href":"https:\/\/repliquemangacine.fr\/en\/wp-json\/wp\/v2\/product\/83912","targetHints":{"allow":["GET"]}}],"collection":[{"href":"https:\/\/repliquemangacine.fr\/en\/wp-json\/wp\/v2\/product"}],"about":[{"href":"https:\/\/repliquemangacine.fr\/en\/wp-json\/wp\/v2\/types\/product"}],"wp:featuredmedia":[{"embeddable":true,"href":"https:\/\/repliquemangacine.fr\/en\/wp-json\/wp\/v2\/media\/83913"}],"wp:attachment":[{"href":"https:\/\/repliquemangacine.fr\/en\/wp-json\/wp\/v2\/media?parent=83912"}],"wp:term":[{"taxonomy":"product_brand","embeddable":true,"href":"https:\/\/repliquemangacine.fr\/en\/wp-json\/wp\/v2\/product_brand?post=83912"},{"taxonomy":"product_cat","embeddable":true,"href":"https:\/\/repliquemangacine.fr\/en\/wp-json\/wp\/v2\/product_cat?post=83912"},{"taxonomy":"product_tag","embeddable":true,"href":"https:\/\/repliquemangacine.fr\/en\/wp-json\/wp\/v2\/product_tag?post=83912"}],"curies":[{"name":"wp","href":"https:\/\/api.w.org\/{rel}","templated":true}]}}