





{"id":83821,"date":"2025-04-26T19:59:03","date_gmt":"2025-04-26T17:59:03","guid":{"rendered":"https:\/\/repliquemangacine.fr\/?post_type=product&#038;p=83821"},"modified":"2026-04-04T20:29:51","modified_gmt":"2026-04-04T18:29:51","slug":"richard-coeur-de-lion-dagger-12th-century","status":"publish","type":"product","link":"https:\/\/repliquemangacine.fr\/en\/dagues-medievales\/dague-richard-coeur-de-lion-12eme-siecle\/","title":{"rendered":"Richard the Lionheart dagger 12th century"},"content":{"rendered":"<h2>Richard the Lionheart dagger from the XII\u1d49 century: A faithful replica<\/h2>\n<p>The Richard the Lionheart Dagger is an iconic piece for all medieval history enthusiasts. Firstly, its 440 stainless steel blade is both robust and aesthetically pleasing. Then there's the aged steel guard, decorated with two superb lion heads at the ends. In addition, the three-lion crest is featured on both the guard and the blade. The full pommel in aged steel, adorned with a cross, reinforces the authenticity of this replica. The finely detailed metal handle ensures a pleasant, solid grip.<\/p>\n<p>The red molded ABS scabbard completes this exceptional dagger. Finally, the steel parts at the ends are finely worked, with the \u201cR\u201d for Richard and the royal escutcheon. A must-have for collectors of historic weapons and lovers of the Middle Ages!<\/p>\n<h2>The legendary story of Richard the Lionheart<\/h2>\n<p>Richard the Lionheart, King of England, is an emblematic figure of the <a href=\"https:\/\/carnet-dhistoire.fr\/anecdotes\/chronologie-et-dates-des-croisades-au-moyen-age\/\" target=\"_blank\" rel=\"noopener noreferrer\">crusades<\/a> and medieval heroism. Born in 1157, he is known for his courage, charisma and incredible mastery of arms. Throughout his life, Richard fought to defend his lands and religious ideals. Moreover, his three-lion emblem symbolizes his power and glorious royal lineage. Moreover, the dagger, like his swords, was an extension of his unchallenged authority. So our replica pays tribute to this legendary king, whose name still inspires bravery.<\/p>\n<p>Tales of his heroic battles, particularly during the Third Crusade, are the stuff of legend. When you choose this dagger, you're carrying a part of this rich and fascinating history. A magnificent tribute to one of the greatest sovereign knights of the Middle Ages!<\/p>\n<h2>Your reference store for historical, manga and movie replicas<\/h2>\n<p>On R\u00e9plique Manga Cin\u00e9, you'll find a veritable treasure trove for history and popular culture enthusiasts! First of all, I offer the<a href=\"https:\/\/repliquemangacine.fr\/en\/historical-weapons\/don-quixotes-sword\/\">Don Quixote's sword<\/a>ideal for lovers of literature and adventure. Next, you'll discover <a href=\"https:\/\/repliquemangacine.fr\/en\/medieval-templar-sword\/excalibur-king-arthur-legendary-sword\/\">Excalibur, King Arthur's mythical sword<\/a>a faithful reproduction of the Arthurian legends. In addition, the<a href=\"https:\/\/repliquemangacine.fr\/en\/swords-tv-series-vikings\/hedeby-viking-sword-9th-century\/\">Hedeby Viking sword<\/a> is an impressive reconstruction of a rare archaeological find. What's more, you'll find the <a href=\"https:\/\/repliquemangacine.fr\/en\/medieval-daggers\/dague-hugues-de-payns\/\">dagger of the first Templar Hugues de Payns<\/a>, a symbol of Templar origins.<\/p>\n<p>But that's not all! On the manga and film side, I also offer katanas, swords and legendary weapons. Each replica is carefully selected for impeccable quality and stunning realism. So, whether you're a collector, an enthusiast or a lover of fine pieces, you're sure to find what you're looking for. Don't wait any longer to enrich your collection with exceptional items!<\/p>\n<p>&nbsp;<\/p>","protected":false},"excerpt":{"rendered":"<p>Sublime 12th Century Richard the Lionheart Dagger<\/p>\n<ul>\n<li>440 stainless steel blade<\/li>\n<li>Antique steel guard with two lion's heads at the ends.<\/li>\n<li>Three-lion escutcheon on hilt and blade<\/li>\n<li>Antique solid steel knob with cross<\/li>\n<li>Finely detailed metal handle.<\/li>\n<li>Red molded ABS sheath<\/li>\n<li>Steel end pieces<\/li>\n<li>With Richard's R and the three-lion escutcheon on the bottom.<\/li>\n<li>Blade length: 24 cm - Total length: 36.5 cm without scabbard<\/li>\n<li>Total length with scabbard: 40 cm - Weight: 280g<\/li>\n<\/ul>","protected":false},"featured_media":83831,"template":"","meta":[],"product_brand":[896],"product_cat":[25,93],"product_tag":[],"class_list":{"0":"post-83821","1":"product","2":"type-product","3":"status-publish","4":"has-post-thumbnail","6":"product_brand-replique-manga-cine","7":"product_cat-armes-historiques","8":"product_cat-dagues-medievales","10":"first","11":"instock","12":"taxable","13":"shipping-taxable","14":"purchasable","15":"product-type-simple"},"yoast_head":"<!-- This site is optimized with the Yoast SEO plugin v27.4 - https:\/\/yoast.com\/product\/yoast-seo-wordpress\/ -->\n<title>Dague Richard C\u0153ur de Lion 12\u00e8me si\u00e8cle - R\u00e9plique Manga Cin\u00e9<\/title>\n<meta name=\"description\" content=\"D\u00e9couvrez la Dague Richard C\u0153ur de Lion du XII\u1d49 si\u00e8cle, une r\u00e9plique historique parfaite pour collectionneurs et passionn\u00e9s d\u2019histoire m\u00e9di\u00e9vale !\" \/>\n<meta name=\"robots\" content=\"index, follow, max-snippet:-1, max-image-preview:large, max-video-preview:-1\" \/>\n<link rel=\"canonical\" href=\"https:\/\/repliquemangacine.fr\/en\/medieval-daggers\/richard-coeur-de-lion-dagger-12th-century\/\" \/>\n<meta property=\"og:locale\" content=\"en_US\" \/>\n<meta property=\"og:type\" content=\"article\" \/>\n<meta property=\"og:title\" content=\"Dague Richard C\u0153ur de Lion 12\u00e8me si\u00e8cle - R\u00e9plique Manga Cin\u00e9\" \/>\n<meta property=\"og:description\" content=\"D\u00e9couvrez la Dague Richard C\u0153ur de Lion du XII\u1d49 si\u00e8cle, une r\u00e9plique historique parfaite pour collectionneurs et passionn\u00e9s d\u2019histoire m\u00e9di\u00e9vale !\" \/>\n<meta property=\"og:url\" content=\"https:\/\/repliquemangacine.fr\/en\/medieval-daggers\/richard-coeur-de-lion-dagger-12th-century\/\" \/>\n<meta property=\"og:site_name\" content=\"R\u00e9plique Manga Cin\u00e9\" \/>\n<meta property=\"article:publisher\" content=\"https:\/\/www.facebook.com\/RepliqueMangaCine\" \/>\n<meta property=\"article:modified_time\" content=\"2026-04-04T18:29:51+00:00\" \/>\n<meta property=\"og:image\" content=\"https:\/\/repliquemangacine.fr\/wp-content\/uploads\/2025\/04\/Dague-Richard-Coeur-de-lion.jpg\" \/>\n\t<meta property=\"og:image:width\" content=\"500\" \/>\n\t<meta property=\"og:image:height\" content=\"500\" \/>\n\t<meta property=\"og:image:type\" content=\"image\/jpeg\" \/>\n<meta name=\"twitter:card\" content=\"summary_large_image\" \/>\n<meta name=\"twitter:label1\" content=\"Est. reading time\" \/>\n\t<meta name=\"twitter:data1\" content=\"3 minutes\" \/>\n<script type=\"application\/ld+json\" class=\"yoast-schema-graph\">{\"@context\":\"https:\\\/\\\/schema.org\",\"@graph\":[{\"@type\":\"WebPage\",\"@id\":\"https:\\\/\\\/repliquemangacine.fr\\\/dagues-medievales\\\/dague-richard-coeur-de-lion-12eme-siecle\\\/\",\"url\":\"https:\\\/\\\/repliquemangacine.fr\\\/dagues-medievales\\\/dague-richard-coeur-de-lion-12eme-siecle\\\/\",\"name\":\"Dague Richard C\u0153ur de Lion 12\u00e8me si\u00e8cle - R\u00e9plique Manga Cin\u00e9\",\"isPartOf\":{\"@id\":\"https:\\\/\\\/repliquemangacine.fr\\\/#website\"},\"primaryImageOfPage\":{\"@id\":\"https:\\\/\\\/repliquemangacine.fr\\\/dagues-medievales\\\/dague-richard-coeur-de-lion-12eme-siecle\\\/#primaryimage\"},\"image\":{\"@id\":\"https:\\\/\\\/repliquemangacine.fr\\\/dagues-medievales\\\/dague-richard-coeur-de-lion-12eme-siecle\\\/#primaryimage\"},\"thumbnailUrl\":\"https:\\\/\\\/repliquemangacine.fr\\\/wp-content\\\/uploads\\\/2025\\\/04\\\/Dague-Richard-Coeur-de-lion.jpg\",\"datePublished\":\"2025-04-26T17:59:03+00:00\",\"dateModified\":\"2026-04-04T18:29:51+00:00\",\"description\":\"D\u00e9couvrez la Dague Richard C\u0153ur de Lion du XII\u1d49 si\u00e8cle, une r\u00e9plique historique parfaite pour collectionneurs et passionn\u00e9s d\u2019histoire m\u00e9di\u00e9vale !\",\"breadcrumb\":{\"@id\":\"https:\\\/\\\/repliquemangacine.fr\\\/dagues-medievales\\\/dague-richard-coeur-de-lion-12eme-siecle\\\/#breadcrumb\"},\"inLanguage\":\"en-US\",\"potentialAction\":[{\"@type\":\"ReadAction\",\"target\":[\"https:\\\/\\\/repliquemangacine.fr\\\/dagues-medievales\\\/dague-richard-coeur-de-lion-12eme-siecle\\\/\"]}]},{\"@type\":\"ImageObject\",\"inLanguage\":\"en-US\",\"@id\":\"https:\\\/\\\/repliquemangacine.fr\\\/dagues-medievales\\\/dague-richard-coeur-de-lion-12eme-siecle\\\/#primaryimage\",\"url\":\"https:\\\/\\\/repliquemangacine.fr\\\/wp-content\\\/uploads\\\/2025\\\/04\\\/Dague-Richard-Coeur-de-lion.jpg\",\"contentUrl\":\"https:\\\/\\\/repliquemangacine.fr\\\/wp-content\\\/uploads\\\/2025\\\/04\\\/Dague-Richard-Coeur-de-lion.jpg\",\"width\":500,\"height\":500,\"caption\":\"Dague Richard C\u0153ur de Lion\"},{\"@type\":\"BreadcrumbList\",\"@id\":\"https:\\\/\\\/repliquemangacine.fr\\\/dagues-medievales\\\/dague-richard-coeur-de-lion-12eme-siecle\\\/#breadcrumb\",\"itemListElement\":[{\"@type\":\"ListItem\",\"position\":1,\"name\":\"Accueil\",\"item\":\"https:\\\/\\\/repliquemangacine.fr\\\/\"},{\"@type\":\"ListItem\",\"position\":2,\"name\":\"Produits\",\"item\":\"https:\\\/\\\/repliquemangacine.fr\\\/boutique\\\/\"},{\"@type\":\"ListItem\",\"position\":3,\"name\":\"Dague Richard C\u0153ur de Lion 12\u00e8me si\u00e8cle\"}]},{\"@type\":\"WebSite\",\"@id\":\"https:\\\/\\\/repliquemangacine.fr\\\/#website\",\"url\":\"https:\\\/\\\/repliquemangacine.fr\\\/\",\"name\":\"R\u00e9plique Manga Cin\u00e9\",\"description\":\"\",\"publisher\":{\"@id\":\"https:\\\/\\\/repliquemangacine.fr\\\/#organization\"},\"potentialAction\":[{\"@type\":\"SearchAction\",\"target\":{\"@type\":\"EntryPoint\",\"urlTemplate\":\"https:\\\/\\\/repliquemangacine.fr\\\/?s={search_term_string}\"},\"query-input\":{\"@type\":\"PropertyValueSpecification\",\"valueRequired\":true,\"valueName\":\"search_term_string\"}}],\"inLanguage\":\"en-US\"},{\"@type\":\"Organization\",\"@id\":\"https:\\\/\\\/repliquemangacine.fr\\\/#organization\",\"name\":\"R\u00e9plique Manga Cin\u00e9\",\"url\":\"https:\\\/\\\/repliquemangacine.fr\\\/\",\"logo\":{\"@type\":\"ImageObject\",\"inLanguage\":\"en-US\",\"@id\":\"https:\\\/\\\/repliquemangacine.fr\\\/#\\\/schema\\\/logo\\\/image\\\/\",\"url\":\"https:\\\/\\\/repliquemangacine.fr\\\/wp-content\\\/uploads\\\/2023\\\/10\\\/RMC-500250.png\",\"contentUrl\":\"https:\\\/\\\/repliquemangacine.fr\\\/wp-content\\\/uploads\\\/2023\\\/10\\\/RMC-500250.png\",\"width\":500,\"height\":250,\"caption\":\"R\u00e9plique Manga Cin\u00e9\"},\"image\":{\"@id\":\"https:\\\/\\\/repliquemangacine.fr\\\/#\\\/schema\\\/logo\\\/image\\\/\"},\"sameAs\":[\"https:\\\/\\\/www.facebook.com\\\/RepliqueMangaCine\",\"https:\\\/\\\/www.instagram.com\\\/repliquemangacine.fr\\\/\"]}]}<\/script>\n<!-- \/ Yoast SEO plugin. -->","yoast_head_json":{"title":"Richard the Lionheart 12th century dagger - R\u00e9plique Manga Cin\u00e9","description":"Discover the Richard the Lionheart Dagger from the XII\u1d49 century, a perfect historical replica for collectors and medieval history enthusiasts!","robots":{"index":"index","follow":"follow","max-snippet":"max-snippet:-1","max-image-preview":"max-image-preview:large","max-video-preview":"max-video-preview:-1"},"canonical":"https:\/\/repliquemangacine.fr\/en\/medieval-daggers\/richard-coeur-de-lion-dagger-12th-century\/","og_locale":"en_US","og_type":"article","og_title":"Dague Richard C\u0153ur de Lion 12\u00e8me si\u00e8cle - R\u00e9plique Manga Cin\u00e9","og_description":"D\u00e9couvrez la Dague Richard C\u0153ur de Lion du XII\u1d49 si\u00e8cle, une r\u00e9plique historique parfaite pour collectionneurs et passionn\u00e9s d\u2019histoire m\u00e9di\u00e9vale !","og_url":"https:\/\/repliquemangacine.fr\/en\/medieval-daggers\/richard-coeur-de-lion-dagger-12th-century\/","og_site_name":"R\u00e9plique Manga Cin\u00e9","article_publisher":"https:\/\/www.facebook.com\/RepliqueMangaCine","article_modified_time":"2026-04-04T18:29:51+00:00","og_image":[{"width":500,"height":500,"url":"https:\/\/repliquemangacine.fr\/wp-content\/uploads\/2025\/04\/Dague-Richard-Coeur-de-lion.jpg","type":"image\/jpeg"}],"twitter_card":"summary_large_image","twitter_misc":{"Est. reading time":"3 minutes"},"schema":{"@context":"https:\/\/schema.org","@graph":[{"@type":"WebPage","@id":"https:\/\/repliquemangacine.fr\/dagues-medievales\/dague-richard-coeur-de-lion-12eme-siecle\/","url":"https:\/\/repliquemangacine.fr\/dagues-medievales\/dague-richard-coeur-de-lion-12eme-siecle\/","name":"Richard the Lionheart 12th century dagger - R\u00e9plique Manga Cin\u00e9","isPartOf":{"@id":"https:\/\/repliquemangacine.fr\/#website"},"primaryImageOfPage":{"@id":"https:\/\/repliquemangacine.fr\/dagues-medievales\/dague-richard-coeur-de-lion-12eme-siecle\/#primaryimage"},"image":{"@id":"https:\/\/repliquemangacine.fr\/dagues-medievales\/dague-richard-coeur-de-lion-12eme-siecle\/#primaryimage"},"thumbnailUrl":"https:\/\/repliquemangacine.fr\/wp-content\/uploads\/2025\/04\/Dague-Richard-Coeur-de-lion.jpg","datePublished":"2025-04-26T17:59:03+00:00","dateModified":"2026-04-04T18:29:51+00:00","description":"Discover the Richard the Lionheart Dagger from the XII\u1d49 century, a perfect historical replica for collectors and medieval history enthusiasts!","breadcrumb":{"@id":"https:\/\/repliquemangacine.fr\/dagues-medievales\/dague-richard-coeur-de-lion-12eme-siecle\/#breadcrumb"},"inLanguage":"en-US","potentialAction":[{"@type":"ReadAction","target":["https:\/\/repliquemangacine.fr\/dagues-medievales\/dague-richard-coeur-de-lion-12eme-siecle\/"]}]},{"@type":"ImageObject","inLanguage":"en-US","@id":"https:\/\/repliquemangacine.fr\/dagues-medievales\/dague-richard-coeur-de-lion-12eme-siecle\/#primaryimage","url":"https:\/\/repliquemangacine.fr\/wp-content\/uploads\/2025\/04\/Dague-Richard-Coeur-de-lion.jpg","contentUrl":"https:\/\/repliquemangacine.fr\/wp-content\/uploads\/2025\/04\/Dague-Richard-Coeur-de-lion.jpg","width":500,"height":500,"caption":"Dague Richard C\u0153ur de Lion"},{"@type":"BreadcrumbList","@id":"https:\/\/repliquemangacine.fr\/dagues-medievales\/dague-richard-coeur-de-lion-12eme-siecle\/#breadcrumb","itemListElement":[{"@type":"ListItem","position":1,"name":"Accueil","item":"https:\/\/repliquemangacine.fr\/"},{"@type":"ListItem","position":2,"name":"Produits","item":"https:\/\/repliquemangacine.fr\/boutique\/"},{"@type":"ListItem","position":3,"name":"Dague Richard C\u0153ur de Lion 12\u00e8me si\u00e8cle"}]},{"@type":"WebSite","@id":"https:\/\/repliquemangacine.fr\/#website","url":"https:\/\/repliquemangacine.fr\/","name":"R\u00e9plique Manga Cin\u00e9","description":"","publisher":{"@id":"https:\/\/repliquemangacine.fr\/#organization"},"potentialAction":[{"@type":"SearchAction","target":{"@type":"EntryPoint","urlTemplate":"https:\/\/repliquemangacine.fr\/?s={search_term_string}"},"query-input":{"@type":"PropertyValueSpecification","valueRequired":true,"valueName":"search_term_string"}}],"inLanguage":"en-US"},{"@type":"Organization","@id":"https:\/\/repliquemangacine.fr\/#organization","name":"R\u00e9plique Manga Cin\u00e9","url":"https:\/\/repliquemangacine.fr\/","logo":{"@type":"ImageObject","inLanguage":"en-US","@id":"https:\/\/repliquemangacine.fr\/#\/schema\/logo\/image\/","url":"https:\/\/repliquemangacine.fr\/wp-content\/uploads\/2023\/10\/RMC-500250.png","contentUrl":"https:\/\/repliquemangacine.fr\/wp-content\/uploads\/2023\/10\/RMC-500250.png","width":500,"height":250,"caption":"R\u00e9plique Manga Cin\u00e9"},"image":{"@id":"https:\/\/repliquemangacine.fr\/#\/schema\/logo\/image\/"},"sameAs":["https:\/\/www.facebook.com\/RepliqueMangaCine","https:\/\/www.instagram.com\/repliquemangacine.fr\/"]}]}},"_links":{"self":[{"href":"https:\/\/repliquemangacine.fr\/en\/wp-json\/wp\/v2\/product\/83821","targetHints":{"allow":["GET"]}}],"collection":[{"href":"https:\/\/repliquemangacine.fr\/en\/wp-json\/wp\/v2\/product"}],"about":[{"href":"https:\/\/repliquemangacine.fr\/en\/wp-json\/wp\/v2\/types\/product"}],"wp:featuredmedia":[{"embeddable":true,"href":"https:\/\/repliquemangacine.fr\/en\/wp-json\/wp\/v2\/media\/83831"}],"wp:attachment":[{"href":"https:\/\/repliquemangacine.fr\/en\/wp-json\/wp\/v2\/media?parent=83821"}],"wp:term":[{"taxonomy":"product_brand","embeddable":true,"href":"https:\/\/repliquemangacine.fr\/en\/wp-json\/wp\/v2\/product_brand?post=83821"},{"taxonomy":"product_cat","embeddable":true,"href":"https:\/\/repliquemangacine.fr\/en\/wp-json\/wp\/v2\/product_cat?post=83821"},{"taxonomy":"product_tag","embeddable":true,"href":"https:\/\/repliquemangacine.fr\/en\/wp-json\/wp\/v2\/product_tag?post=83821"}],"curies":[{"name":"wp","href":"https:\/\/api.w.org\/{rel}","templated":true}]}}