





{"id":83739,"date":"2025-04-21T19:43:22","date_gmt":"2025-04-21T17:43:22","guid":{"rendered":"https:\/\/repliquemangacine.fr\/?post_type=product&#038;p=83739"},"modified":"2025-11-13T00:56:16","modified_gmt":"2025-11-12T23:56:16","slug":"set-of-12-hp-rods","status":"publish","type":"product","link":"https:\/\/repliquemangacine.fr\/en\/baguettes-et-goodies-harry-potter\/coffret-12-baguettes-hp\/","title":{"rendered":"Set of 12 HP rods"},"content":{"rendered":"<h2>Boxed set of 12 HP key-ring wands - Miniature collectible magic<\/h2>\n<p>First, discover this HP 12 Wands Set, a metal key-ring version, with meticulous, detailed finishes. Each wand measures around 8 cm and faithfully represents the magical weapon of emblematic characters from the saga. Hang them anywhere with their sturdy metal ring, ideal for bags, pencil cases or keychains.<br \/>\nYou'll find wands for Harry, Hermione, Dumbledore, Voldemort, Bellatrix, Luna, Neville and many others. The set also includes Death Eater, Delacour, Rafleur, Cedric and Viktor Krum wands for true fans of the universe. An original, magical gift to collect or give to all lovers of the wizarding world. Compact, elegant and complete, this set is perfect for showing off your passion on a daily basis, with a touch of magic.<\/p>\n<p>Harry Potter is the main character in the Harry Potter series of books and films from <a href=\"https:\/\/harrypotter.fandom.com\/fr\/wiki\/J._K._Rowling\" target=\"_blank\" rel=\"noopener noreferrer\">J. K. Rowling<\/a>. The plot of most of the books covers seven years in the life of the orphan Potter, who learns on his eleventh birthday that he is a wizard.<\/p>\n<h2>Find Harry Potter magic items on R\u00e9plique Manga Cin\u00e9<\/h2>\n<p>R\u00e9plique Manga Cin\u00e9 offers you a unique selection of official products and replicas inspired by the Harry Potter universe. Discover the mythical <a href=\"https:\/\/repliquemangacine.fr\/en\/harry-potter-wands-and-goodies\/harry-potter-godric-sword\/\">Godric Gryffindor sword<\/a>stainless steel with engraving of the same name and impeccable finish. For collectors, the <a href=\"https:\/\/repliquemangacine.fr\/en\/harry-potter-collectors-and-goodies\/philosophers-stone-harry-potter\/\">philosopher's stone<\/a> is an emblematic jewel in the history of magic. We also offer Hermione's bag, faithful to the one seen in Deathly Hallows, in an authentic version. Let yourself be tempted by the<a href=\"https:\/\/repliquemangacine.fr\/en\/various-goodies\/echiquier-des-sorciers-chess-game-hp\/\">Official Harry Potter chessboard<\/a>distributed by The Noble Collection, a must for every fan. And for your coffee break, why not try our <a href=\"https:\/\/repliquemangacine.fr\/en\/harry-potter-collectors-and-goodies\/gryffindor-mug-600-ml\/\">mugs<\/a> 600ml wands in house colors: Gryffindor, Slytherin, Hufflepuff or Slytherin. And don't forget our collection of wands: life-size, in resin with metal reinforcement for exceptional quality. In conclusion, a magical universe to be found at home thanks to our carefully selected items for every wizard in the making.<\/p>","protected":false},"excerpt":{"rendered":"<p>Magnificent set of 12 mini wands on key rings representing the characters from the Harry Potter saga.<\/p>\n<ul>\n<li>12 8 cm character chopsticks<\/li>\n<li>1 Small carabiner<\/li>\n<li>1 key ring<\/li>\n<li>Collector's box featuring the saga<\/li>\n<\/ul>","protected":false},"featured_media":83740,"template":"","meta":[],"product_brand":[896],"product_cat":[87,41],"product_tag":[],"class_list":{"0":"post-83739","1":"product","2":"type-product","3":"status-publish","4":"has-post-thumbnail","6":"product_brand-replique-manga-cine","7":"product_cat-collectors-et-goodies-harry-potter","8":"product_cat-baguettes-et-goodies-harry-potter","10":"first","11":"instock","12":"taxable","13":"shipping-taxable","14":"purchasable","15":"product-type-simple"},"yoast_head":"<!-- This site is optimized with the Yoast SEO plugin v27.4 - https:\/\/yoast.com\/product\/yoast-seo-wordpress\/ -->\n<title>Coffret 12 baguettes HP - R\u00e9plique Manga Cin\u00e9<\/title>\n<meta name=\"description\" content=\"Coffret 12 baguettes HP en m\u00e9tal, version porte-cl\u00e9s. Personnages cultes inclus. Id\u00e9al pour collectionner ou offrir aux fans d&#039;Harry Potter.\" \/>\n<meta name=\"robots\" content=\"index, follow, max-snippet:-1, max-image-preview:large, max-video-preview:-1\" \/>\n<link rel=\"canonical\" href=\"https:\/\/repliquemangacine.fr\/en\/harry-potter-wands-and-goodies\/set-of-12-hp-rods\/\" \/>\n<meta property=\"og:locale\" content=\"en_US\" \/>\n<meta property=\"og:type\" content=\"article\" \/>\n<meta property=\"og:title\" content=\"Coffret 12 baguettes HP - R\u00e9plique Manga Cin\u00e9\" \/>\n<meta property=\"og:description\" content=\"Coffret 12 baguettes HP en m\u00e9tal, version porte-cl\u00e9s. Personnages cultes inclus. Id\u00e9al pour collectionner ou offrir aux fans d&#039;Harry Potter.\" \/>\n<meta property=\"og:url\" content=\"https:\/\/repliquemangacine.fr\/en\/harry-potter-wands-and-goodies\/set-of-12-hp-rods\/\" \/>\n<meta property=\"og:site_name\" content=\"R\u00e9plique Manga Cin\u00e9\" \/>\n<meta property=\"article:publisher\" content=\"https:\/\/www.facebook.com\/RepliqueMangaCine\" \/>\n<meta property=\"article:modified_time\" content=\"2025-11-12T23:56:16+00:00\" \/>\n<meta property=\"og:image\" content=\"https:\/\/repliquemangacine.fr\/wp-content\/uploads\/2025\/04\/coffret-porte-cles-HP.jpg\" \/>\n\t<meta property=\"og:image:width\" content=\"500\" \/>\n\t<meta property=\"og:image:height\" content=\"500\" \/>\n\t<meta property=\"og:image:type\" content=\"image\/jpeg\" \/>\n<meta name=\"twitter:card\" content=\"summary_large_image\" \/>\n<meta name=\"twitter:label1\" content=\"Est. reading time\" \/>\n\t<meta name=\"twitter:data1\" content=\"2 minutes\" \/>\n<script type=\"application\/ld+json\" class=\"yoast-schema-graph\">{\"@context\":\"https:\\\/\\\/schema.org\",\"@graph\":[{\"@type\":\"WebPage\",\"@id\":\"https:\\\/\\\/repliquemangacine.fr\\\/baguettes-et-goodies-harry-potter\\\/coffret-12-baguettes-hp\\\/\",\"url\":\"https:\\\/\\\/repliquemangacine.fr\\\/baguettes-et-goodies-harry-potter\\\/coffret-12-baguettes-hp\\\/\",\"name\":\"Coffret 12 baguettes HP - R\u00e9plique Manga Cin\u00e9\",\"isPartOf\":{\"@id\":\"https:\\\/\\\/repliquemangacine.fr\\\/#website\"},\"primaryImageOfPage\":{\"@id\":\"https:\\\/\\\/repliquemangacine.fr\\\/baguettes-et-goodies-harry-potter\\\/coffret-12-baguettes-hp\\\/#primaryimage\"},\"image\":{\"@id\":\"https:\\\/\\\/repliquemangacine.fr\\\/baguettes-et-goodies-harry-potter\\\/coffret-12-baguettes-hp\\\/#primaryimage\"},\"thumbnailUrl\":\"https:\\\/\\\/repliquemangacine.fr\\\/wp-content\\\/uploads\\\/2025\\\/04\\\/coffret-porte-cles-HP.jpg\",\"datePublished\":\"2025-04-21T17:43:22+00:00\",\"dateModified\":\"2025-11-12T23:56:16+00:00\",\"description\":\"Coffret 12 baguettes HP en m\u00e9tal, version porte-cl\u00e9s. Personnages cultes inclus. Id\u00e9al pour collectionner ou offrir aux fans d'Harry Potter.\",\"breadcrumb\":{\"@id\":\"https:\\\/\\\/repliquemangacine.fr\\\/baguettes-et-goodies-harry-potter\\\/coffret-12-baguettes-hp\\\/#breadcrumb\"},\"inLanguage\":\"en-US\",\"potentialAction\":[{\"@type\":\"ReadAction\",\"target\":[\"https:\\\/\\\/repliquemangacine.fr\\\/baguettes-et-goodies-harry-potter\\\/coffret-12-baguettes-hp\\\/\"]}]},{\"@type\":\"ImageObject\",\"inLanguage\":\"en-US\",\"@id\":\"https:\\\/\\\/repliquemangacine.fr\\\/baguettes-et-goodies-harry-potter\\\/coffret-12-baguettes-hp\\\/#primaryimage\",\"url\":\"https:\\\/\\\/repliquemangacine.fr\\\/wp-content\\\/uploads\\\/2025\\\/04\\\/coffret-porte-cles-HP.jpg\",\"contentUrl\":\"https:\\\/\\\/repliquemangacine.fr\\\/wp-content\\\/uploads\\\/2025\\\/04\\\/coffret-porte-cles-HP.jpg\",\"width\":500,\"height\":500,\"caption\":\"Coffret 12 baguettes HP\"},{\"@type\":\"BreadcrumbList\",\"@id\":\"https:\\\/\\\/repliquemangacine.fr\\\/baguettes-et-goodies-harry-potter\\\/coffret-12-baguettes-hp\\\/#breadcrumb\",\"itemListElement\":[{\"@type\":\"ListItem\",\"position\":1,\"name\":\"Accueil\",\"item\":\"https:\\\/\\\/repliquemangacine.fr\\\/\"},{\"@type\":\"ListItem\",\"position\":2,\"name\":\"Produits\",\"item\":\"https:\\\/\\\/repliquemangacine.fr\\\/boutique\\\/\"},{\"@type\":\"ListItem\",\"position\":3,\"name\":\"Coffret 12 baguettes HP\"}]},{\"@type\":\"WebSite\",\"@id\":\"https:\\\/\\\/repliquemangacine.fr\\\/#website\",\"url\":\"https:\\\/\\\/repliquemangacine.fr\\\/\",\"name\":\"R\u00e9plique Manga Cin\u00e9\",\"description\":\"\",\"publisher\":{\"@id\":\"https:\\\/\\\/repliquemangacine.fr\\\/#organization\"},\"potentialAction\":[{\"@type\":\"SearchAction\",\"target\":{\"@type\":\"EntryPoint\",\"urlTemplate\":\"https:\\\/\\\/repliquemangacine.fr\\\/?s={search_term_string}\"},\"query-input\":{\"@type\":\"PropertyValueSpecification\",\"valueRequired\":true,\"valueName\":\"search_term_string\"}}],\"inLanguage\":\"en-US\"},{\"@type\":\"Organization\",\"@id\":\"https:\\\/\\\/repliquemangacine.fr\\\/#organization\",\"name\":\"R\u00e9plique Manga Cin\u00e9\",\"url\":\"https:\\\/\\\/repliquemangacine.fr\\\/\",\"logo\":{\"@type\":\"ImageObject\",\"inLanguage\":\"en-US\",\"@id\":\"https:\\\/\\\/repliquemangacine.fr\\\/#\\\/schema\\\/logo\\\/image\\\/\",\"url\":\"https:\\\/\\\/repliquemangacine.fr\\\/wp-content\\\/uploads\\\/2023\\\/10\\\/RMC-500250.png\",\"contentUrl\":\"https:\\\/\\\/repliquemangacine.fr\\\/wp-content\\\/uploads\\\/2023\\\/10\\\/RMC-500250.png\",\"width\":500,\"height\":250,\"caption\":\"R\u00e9plique Manga Cin\u00e9\"},\"image\":{\"@id\":\"https:\\\/\\\/repliquemangacine.fr\\\/#\\\/schema\\\/logo\\\/image\\\/\"},\"sameAs\":[\"https:\\\/\\\/www.facebook.com\\\/RepliqueMangaCine\",\"https:\\\/\\\/www.instagram.com\\\/repliquemangacine.fr\\\/\"]}]}<\/script>\n<!-- \/ Yoast SEO plugin. -->","yoast_head_json":{"title":"Set of 12 HP rods - R\u00e9plique Manga Cin\u00e9","description":"Set of 12 metal HP chopsticks, key-ring version. Cult characters included. Ideal as a collector's item or gift for Harry Potter fans.","robots":{"index":"index","follow":"follow","max-snippet":"max-snippet:-1","max-image-preview":"max-image-preview:large","max-video-preview":"max-video-preview:-1"},"canonical":"https:\/\/repliquemangacine.fr\/en\/harry-potter-wands-and-goodies\/set-of-12-hp-rods\/","og_locale":"en_US","og_type":"article","og_title":"Coffret 12 baguettes HP - R\u00e9plique Manga Cin\u00e9","og_description":"Coffret 12 baguettes HP en m\u00e9tal, version porte-cl\u00e9s. Personnages cultes inclus. Id\u00e9al pour collectionner ou offrir aux fans d'Harry Potter.","og_url":"https:\/\/repliquemangacine.fr\/en\/harry-potter-wands-and-goodies\/set-of-12-hp-rods\/","og_site_name":"R\u00e9plique Manga Cin\u00e9","article_publisher":"https:\/\/www.facebook.com\/RepliqueMangaCine","article_modified_time":"2025-11-12T23:56:16+00:00","og_image":[{"width":500,"height":500,"url":"https:\/\/repliquemangacine.fr\/wp-content\/uploads\/2025\/04\/coffret-porte-cles-HP.jpg","type":"image\/jpeg"}],"twitter_card":"summary_large_image","twitter_misc":{"Est. reading time":"2 minutes"},"schema":{"@context":"https:\/\/schema.org","@graph":[{"@type":"WebPage","@id":"https:\/\/repliquemangacine.fr\/baguettes-et-goodies-harry-potter\/coffret-12-baguettes-hp\/","url":"https:\/\/repliquemangacine.fr\/baguettes-et-goodies-harry-potter\/coffret-12-baguettes-hp\/","name":"Set of 12 HP rods - R\u00e9plique Manga Cin\u00e9","isPartOf":{"@id":"https:\/\/repliquemangacine.fr\/#website"},"primaryImageOfPage":{"@id":"https:\/\/repliquemangacine.fr\/baguettes-et-goodies-harry-potter\/coffret-12-baguettes-hp\/#primaryimage"},"image":{"@id":"https:\/\/repliquemangacine.fr\/baguettes-et-goodies-harry-potter\/coffret-12-baguettes-hp\/#primaryimage"},"thumbnailUrl":"https:\/\/repliquemangacine.fr\/wp-content\/uploads\/2025\/04\/coffret-porte-cles-HP.jpg","datePublished":"2025-04-21T17:43:22+00:00","dateModified":"2025-11-12T23:56:16+00:00","description":"Set of 12 metal HP chopsticks, key-ring version. Cult characters included. Ideal as a collector's item or gift for Harry Potter fans.","breadcrumb":{"@id":"https:\/\/repliquemangacine.fr\/baguettes-et-goodies-harry-potter\/coffret-12-baguettes-hp\/#breadcrumb"},"inLanguage":"en-US","potentialAction":[{"@type":"ReadAction","target":["https:\/\/repliquemangacine.fr\/baguettes-et-goodies-harry-potter\/coffret-12-baguettes-hp\/"]}]},{"@type":"ImageObject","inLanguage":"en-US","@id":"https:\/\/repliquemangacine.fr\/baguettes-et-goodies-harry-potter\/coffret-12-baguettes-hp\/#primaryimage","url":"https:\/\/repliquemangacine.fr\/wp-content\/uploads\/2025\/04\/coffret-porte-cles-HP.jpg","contentUrl":"https:\/\/repliquemangacine.fr\/wp-content\/uploads\/2025\/04\/coffret-porte-cles-HP.jpg","width":500,"height":500,"caption":"Coffret 12 baguettes HP"},{"@type":"BreadcrumbList","@id":"https:\/\/repliquemangacine.fr\/baguettes-et-goodies-harry-potter\/coffret-12-baguettes-hp\/#breadcrumb","itemListElement":[{"@type":"ListItem","position":1,"name":"Accueil","item":"https:\/\/repliquemangacine.fr\/"},{"@type":"ListItem","position":2,"name":"Produits","item":"https:\/\/repliquemangacine.fr\/boutique\/"},{"@type":"ListItem","position":3,"name":"Coffret 12 baguettes HP"}]},{"@type":"WebSite","@id":"https:\/\/repliquemangacine.fr\/#website","url":"https:\/\/repliquemangacine.fr\/","name":"R\u00e9plique Manga Cin\u00e9","description":"","publisher":{"@id":"https:\/\/repliquemangacine.fr\/#organization"},"potentialAction":[{"@type":"SearchAction","target":{"@type":"EntryPoint","urlTemplate":"https:\/\/repliquemangacine.fr\/?s={search_term_string}"},"query-input":{"@type":"PropertyValueSpecification","valueRequired":true,"valueName":"search_term_string"}}],"inLanguage":"en-US"},{"@type":"Organization","@id":"https:\/\/repliquemangacine.fr\/#organization","name":"R\u00e9plique Manga Cin\u00e9","url":"https:\/\/repliquemangacine.fr\/","logo":{"@type":"ImageObject","inLanguage":"en-US","@id":"https:\/\/repliquemangacine.fr\/#\/schema\/logo\/image\/","url":"https:\/\/repliquemangacine.fr\/wp-content\/uploads\/2023\/10\/RMC-500250.png","contentUrl":"https:\/\/repliquemangacine.fr\/wp-content\/uploads\/2023\/10\/RMC-500250.png","width":500,"height":250,"caption":"R\u00e9plique Manga Cin\u00e9"},"image":{"@id":"https:\/\/repliquemangacine.fr\/#\/schema\/logo\/image\/"},"sameAs":["https:\/\/www.facebook.com\/RepliqueMangaCine","https:\/\/www.instagram.com\/repliquemangacine.fr\/"]}]}},"_links":{"self":[{"href":"https:\/\/repliquemangacine.fr\/en\/wp-json\/wp\/v2\/product\/83739","targetHints":{"allow":["GET"]}}],"collection":[{"href":"https:\/\/repliquemangacine.fr\/en\/wp-json\/wp\/v2\/product"}],"about":[{"href":"https:\/\/repliquemangacine.fr\/en\/wp-json\/wp\/v2\/types\/product"}],"wp:featuredmedia":[{"embeddable":true,"href":"https:\/\/repliquemangacine.fr\/en\/wp-json\/wp\/v2\/media\/83740"}],"wp:attachment":[{"href":"https:\/\/repliquemangacine.fr\/en\/wp-json\/wp\/v2\/media?parent=83739"}],"wp:term":[{"taxonomy":"product_brand","embeddable":true,"href":"https:\/\/repliquemangacine.fr\/en\/wp-json\/wp\/v2\/product_brand?post=83739"},{"taxonomy":"product_cat","embeddable":true,"href":"https:\/\/repliquemangacine.fr\/en\/wp-json\/wp\/v2\/product_cat?post=83739"},{"taxonomy":"product_tag","embeddable":true,"href":"https:\/\/repliquemangacine.fr\/en\/wp-json\/wp\/v2\/product_tag?post=83739"}],"curies":[{"name":"wp","href":"https:\/\/api.w.org\/{rel}","templated":true}]}}