





{"id":83736,"date":"2025-04-21T17:30:52","date_gmt":"2025-04-21T15:30:52","guid":{"rendered":"https:\/\/repliquemangacine.fr\/?post_type=product&#038;p=83736"},"modified":"2025-11-13T01:26:48","modified_gmt":"2025-11-13T00:26:48","slug":"vegeta-dbz-key-ring","status":"publish","type":"product","link":"https:\/\/repliquemangacine.fr\/en\/porte-cles-goodies\/porte-cles-vegeta-dbz\/","title":{"rendered":"Vegeta DBZ key ring"},"content":{"rendered":"<h2>Vegeta DBZ key ring - Power and nostalgia combined in acrylic<\/h2>\n<p>First of all, this <strong>Vegeta DBZ key ring<\/strong>\u00a0 (Dragon Ball Z) in acrylic captures all the energy and nostalgia of the legendary anime.<br \/>\nWith its vibrant design, it features a cult character in a practical, aesthetic format. Lightweight and sturdy, it attaches easily to your personal belongings thanks to its metal ring and snap hook.<br \/>\nTake a little Super Saiyan aura with you wherever you go, whether you're Team Goku, Vegeta or <a href=\"https:\/\/dragonball.fandom.com\/fr\/wiki\/Trunks_(futur)\" target=\"_blank\" rel=\"noopener noreferrer\">Trunks<\/a>. Ideal for collectors and DBZ fans, this key ring is a must-have from the manga universe.<\/p>\n<p>To begin with, Vegeta, one of the license's main characters. He is the prince of planet Vegeta, son of King Vegeta. He is Bulma's husband and the father of Trunks and Bra.<\/p>\n<p>Prince of the Saiyans, he was first introduced as an antagonist in the Saga of the Saiyans, before gradually becoming an ally of the heroes in the Saga of Namek, then one of the main protagonists in the Saga of the Artificial Humans. A proud man, Vegeta becomes the epitome of the anti-hero, as well as Son Gok\u00fb's arch-rival throughout the story.<\/p>\n<h2>Dive into the world of Manga with the best replicas on RMC<\/h2>\n<p>On R\u00e9plique Manga Cin\u00e9, you'll find some of the best Manga and video game replicas around. <a href=\"https:\/\/repliquemangacine.fr\/en\/katana-and-sword-from-anime-other-manga\/xeno-trunks-dbz-dragon-ball-z-sword\/\">Trunks' sword<\/a>. With its polished stainless steel blade<br \/>\nand its red leather scabbard. There's also the impressive <a href=\"https:\/\/repliquemangacine.fr\/en\/katana-and-sword-from-anime-other-manga\/guts-sword-dragon-slayer-berserk\/\">Guts sword<\/a> life-size Dragon Slayer in Berserk. Its double-edged steel blade (non-cutting) displays unrivalled presence.<\/p>\n<p>Immerse yourself in the Warcraft universe with the <a href=\"https:\/\/repliquemangacine.fr\/en\/world-of-warcraft-swords\/frostmourne-deuillegivre-sword-lich-king-sword\/\">Frostmourne<\/a> of the Lich King, a legendary blade with crushing power. And many more swords to discover in our catalog. Each replica is meticulously crafted for absolute fidelity to its original work. Whether you're a collector or a cosplay enthusiast, you'll find mythical weapons that can't be ignored. Come and enrich your collection with unique and impressive pieces!<\/p>","protected":false},"excerpt":{"rendered":"<p>Original Vegeta key ring from Dragon Ball Z<\/p>\n<ul>\n<li>Acrylic figure on both sides<\/li>\n<li>Steel chain and carabiner<\/li>\n<li>Supplied in a pouch<\/li>\n<li>Character height: 5.3cm - Width: 2.5 cm<\/li>\n<\/ul>","protected":false},"featured_media":83737,"template":"","meta":[],"product_brand":[896],"product_cat":[94,96],"product_tag":[],"class_list":{"0":"post-83736","1":"product","2":"type-product","3":"status-publish","4":"has-post-thumbnail","6":"product_brand-replique-manga-cine","7":"product_cat-goodies","8":"product_cat-porte-cles-goodies","10":"first","11":"instock","12":"taxable","13":"shipping-taxable","14":"purchasable","15":"product-type-simple"},"yoast_head":"<!-- This site is optimized with the Yoast SEO plugin v27.4 - https:\/\/yoast.com\/product\/yoast-seo-wordpress\/ -->\n<title>Porte-cl\u00e9s Vegeta DBZ - R\u00e9plique Manga Cin\u00e9<\/title>\n<meta name=\"description\" content=\"Porte-cl\u00e9s Vegeta DBZ acrylique avec design dynamique. L\u2019accessoire parfait pour tous les fans de Goku, Vegeta et l\u2019univers Dragon Ball.\" \/>\n<meta name=\"robots\" content=\"index, follow, max-snippet:-1, max-image-preview:large, max-video-preview:-1\" \/>\n<link rel=\"canonical\" href=\"https:\/\/repliquemangacine.fr\/en\/key-ring-goodies\/vegeta-dbz-key-ring\/\" \/>\n<meta property=\"og:locale\" content=\"en_US\" \/>\n<meta property=\"og:type\" content=\"article\" \/>\n<meta property=\"og:title\" content=\"Porte-cl\u00e9s Vegeta DBZ - R\u00e9plique Manga Cin\u00e9\" \/>\n<meta property=\"og:description\" content=\"Porte-cl\u00e9s Vegeta DBZ acrylique avec design dynamique. L\u2019accessoire parfait pour tous les fans de Goku, Vegeta et l\u2019univers Dragon Ball.\" \/>\n<meta property=\"og:url\" content=\"https:\/\/repliquemangacine.fr\/en\/key-ring-goodies\/vegeta-dbz-key-ring\/\" \/>\n<meta property=\"og:site_name\" content=\"R\u00e9plique Manga Cin\u00e9\" \/>\n<meta property=\"article:publisher\" content=\"https:\/\/www.facebook.com\/RepliqueMangaCine\" \/>\n<meta property=\"article:modified_time\" content=\"2025-11-13T00:26:48+00:00\" \/>\n<meta property=\"og:image\" content=\"https:\/\/repliquemangacine.fr\/wp-content\/uploads\/2025\/04\/porte-cles-dbz-chibi.jpg\" \/>\n\t<meta property=\"og:image:width\" content=\"500\" \/>\n\t<meta property=\"og:image:height\" content=\"500\" \/>\n\t<meta property=\"og:image:type\" content=\"image\/jpeg\" \/>\n<meta name=\"twitter:card\" content=\"summary_large_image\" \/>\n<meta name=\"twitter:label1\" content=\"Est. reading time\" \/>\n\t<meta name=\"twitter:data1\" content=\"2 minutes\" \/>\n<script type=\"application\/ld+json\" class=\"yoast-schema-graph\">{\"@context\":\"https:\\\/\\\/schema.org\",\"@graph\":[{\"@type\":\"WebPage\",\"@id\":\"https:\\\/\\\/repliquemangacine.fr\\\/porte-cles-goodies\\\/porte-cles-vegeta-dbz\\\/\",\"url\":\"https:\\\/\\\/repliquemangacine.fr\\\/porte-cles-goodies\\\/porte-cles-vegeta-dbz\\\/\",\"name\":\"Porte-cl\u00e9s Vegeta DBZ - R\u00e9plique Manga Cin\u00e9\",\"isPartOf\":{\"@id\":\"https:\\\/\\\/repliquemangacine.fr\\\/#website\"},\"primaryImageOfPage\":{\"@id\":\"https:\\\/\\\/repliquemangacine.fr\\\/porte-cles-goodies\\\/porte-cles-vegeta-dbz\\\/#primaryimage\"},\"image\":{\"@id\":\"https:\\\/\\\/repliquemangacine.fr\\\/porte-cles-goodies\\\/porte-cles-vegeta-dbz\\\/#primaryimage\"},\"thumbnailUrl\":\"https:\\\/\\\/repliquemangacine.fr\\\/wp-content\\\/uploads\\\/2025\\\/04\\\/porte-cles-dbz-chibi.jpg\",\"datePublished\":\"2025-04-21T15:30:52+00:00\",\"dateModified\":\"2025-11-13T00:26:48+00:00\",\"description\":\"Porte-cl\u00e9s Vegeta DBZ acrylique avec design dynamique. L\u2019accessoire parfait pour tous les fans de Goku, Vegeta et l\u2019univers Dragon Ball.\",\"breadcrumb\":{\"@id\":\"https:\\\/\\\/repliquemangacine.fr\\\/porte-cles-goodies\\\/porte-cles-vegeta-dbz\\\/#breadcrumb\"},\"inLanguage\":\"en-US\",\"potentialAction\":[{\"@type\":\"ReadAction\",\"target\":[\"https:\\\/\\\/repliquemangacine.fr\\\/porte-cles-goodies\\\/porte-cles-vegeta-dbz\\\/\"]}]},{\"@type\":\"ImageObject\",\"inLanguage\":\"en-US\",\"@id\":\"https:\\\/\\\/repliquemangacine.fr\\\/porte-cles-goodies\\\/porte-cles-vegeta-dbz\\\/#primaryimage\",\"url\":\"https:\\\/\\\/repliquemangacine.fr\\\/wp-content\\\/uploads\\\/2025\\\/04\\\/porte-cles-dbz-chibi.jpg\",\"contentUrl\":\"https:\\\/\\\/repliquemangacine.fr\\\/wp-content\\\/uploads\\\/2025\\\/04\\\/porte-cles-dbz-chibi.jpg\",\"width\":500,\"height\":500,\"caption\":\"Porte-cl\u00e9s Vegeta DBZ\"},{\"@type\":\"BreadcrumbList\",\"@id\":\"https:\\\/\\\/repliquemangacine.fr\\\/porte-cles-goodies\\\/porte-cles-vegeta-dbz\\\/#breadcrumb\",\"itemListElement\":[{\"@type\":\"ListItem\",\"position\":1,\"name\":\"Accueil\",\"item\":\"https:\\\/\\\/repliquemangacine.fr\\\/\"},{\"@type\":\"ListItem\",\"position\":2,\"name\":\"Produits\",\"item\":\"https:\\\/\\\/repliquemangacine.fr\\\/boutique\\\/\"},{\"@type\":\"ListItem\",\"position\":3,\"name\":\"Porte-cl\u00e9s Vegeta DBZ\"}]},{\"@type\":\"WebSite\",\"@id\":\"https:\\\/\\\/repliquemangacine.fr\\\/#website\",\"url\":\"https:\\\/\\\/repliquemangacine.fr\\\/\",\"name\":\"R\u00e9plique Manga Cin\u00e9\",\"description\":\"\",\"publisher\":{\"@id\":\"https:\\\/\\\/repliquemangacine.fr\\\/#organization\"},\"potentialAction\":[{\"@type\":\"SearchAction\",\"target\":{\"@type\":\"EntryPoint\",\"urlTemplate\":\"https:\\\/\\\/repliquemangacine.fr\\\/?s={search_term_string}\"},\"query-input\":{\"@type\":\"PropertyValueSpecification\",\"valueRequired\":true,\"valueName\":\"search_term_string\"}}],\"inLanguage\":\"en-US\"},{\"@type\":\"Organization\",\"@id\":\"https:\\\/\\\/repliquemangacine.fr\\\/#organization\",\"name\":\"R\u00e9plique Manga Cin\u00e9\",\"url\":\"https:\\\/\\\/repliquemangacine.fr\\\/\",\"logo\":{\"@type\":\"ImageObject\",\"inLanguage\":\"en-US\",\"@id\":\"https:\\\/\\\/repliquemangacine.fr\\\/#\\\/schema\\\/logo\\\/image\\\/\",\"url\":\"https:\\\/\\\/repliquemangacine.fr\\\/wp-content\\\/uploads\\\/2023\\\/10\\\/RMC-500250.png\",\"contentUrl\":\"https:\\\/\\\/repliquemangacine.fr\\\/wp-content\\\/uploads\\\/2023\\\/10\\\/RMC-500250.png\",\"width\":500,\"height\":250,\"caption\":\"R\u00e9plique Manga Cin\u00e9\"},\"image\":{\"@id\":\"https:\\\/\\\/repliquemangacine.fr\\\/#\\\/schema\\\/logo\\\/image\\\/\"},\"sameAs\":[\"https:\\\/\\\/www.facebook.com\\\/RepliqueMangaCine\",\"https:\\\/\\\/www.instagram.com\\\/repliquemangacine.fr\\\/\"]}]}<\/script>\n<!-- \/ Yoast SEO plugin. -->","yoast_head_json":{"title":"Vegeta DBZ key ring - R\u00e9plique Manga Cin\u00e9","description":"Vegeta DBZ acrylic key ring with dynamic design. The perfect accessory for all fans of Goku, Vegeta and the Dragon Ball universe.","robots":{"index":"index","follow":"follow","max-snippet":"max-snippet:-1","max-image-preview":"max-image-preview:large","max-video-preview":"max-video-preview:-1"},"canonical":"https:\/\/repliquemangacine.fr\/en\/key-ring-goodies\/vegeta-dbz-key-ring\/","og_locale":"en_US","og_type":"article","og_title":"Porte-cl\u00e9s Vegeta DBZ - R\u00e9plique Manga Cin\u00e9","og_description":"Porte-cl\u00e9s Vegeta DBZ acrylique avec design dynamique. L\u2019accessoire parfait pour tous les fans de Goku, Vegeta et l\u2019univers Dragon Ball.","og_url":"https:\/\/repliquemangacine.fr\/en\/key-ring-goodies\/vegeta-dbz-key-ring\/","og_site_name":"R\u00e9plique Manga Cin\u00e9","article_publisher":"https:\/\/www.facebook.com\/RepliqueMangaCine","article_modified_time":"2025-11-13T00:26:48+00:00","og_image":[{"width":500,"height":500,"url":"https:\/\/repliquemangacine.fr\/wp-content\/uploads\/2025\/04\/porte-cles-dbz-chibi.jpg","type":"image\/jpeg"}],"twitter_card":"summary_large_image","twitter_misc":{"Est. reading time":"2 minutes"},"schema":{"@context":"https:\/\/schema.org","@graph":[{"@type":"WebPage","@id":"https:\/\/repliquemangacine.fr\/porte-cles-goodies\/porte-cles-vegeta-dbz\/","url":"https:\/\/repliquemangacine.fr\/porte-cles-goodies\/porte-cles-vegeta-dbz\/","name":"Vegeta DBZ key ring - R\u00e9plique Manga Cin\u00e9","isPartOf":{"@id":"https:\/\/repliquemangacine.fr\/#website"},"primaryImageOfPage":{"@id":"https:\/\/repliquemangacine.fr\/porte-cles-goodies\/porte-cles-vegeta-dbz\/#primaryimage"},"image":{"@id":"https:\/\/repliquemangacine.fr\/porte-cles-goodies\/porte-cles-vegeta-dbz\/#primaryimage"},"thumbnailUrl":"https:\/\/repliquemangacine.fr\/wp-content\/uploads\/2025\/04\/porte-cles-dbz-chibi.jpg","datePublished":"2025-04-21T15:30:52+00:00","dateModified":"2025-11-13T00:26:48+00:00","description":"Vegeta DBZ acrylic key ring with dynamic design. The perfect accessory for all fans of Goku, Vegeta and the Dragon Ball universe.","breadcrumb":{"@id":"https:\/\/repliquemangacine.fr\/porte-cles-goodies\/porte-cles-vegeta-dbz\/#breadcrumb"},"inLanguage":"en-US","potentialAction":[{"@type":"ReadAction","target":["https:\/\/repliquemangacine.fr\/porte-cles-goodies\/porte-cles-vegeta-dbz\/"]}]},{"@type":"ImageObject","inLanguage":"en-US","@id":"https:\/\/repliquemangacine.fr\/porte-cles-goodies\/porte-cles-vegeta-dbz\/#primaryimage","url":"https:\/\/repliquemangacine.fr\/wp-content\/uploads\/2025\/04\/porte-cles-dbz-chibi.jpg","contentUrl":"https:\/\/repliquemangacine.fr\/wp-content\/uploads\/2025\/04\/porte-cles-dbz-chibi.jpg","width":500,"height":500,"caption":"Porte-cl\u00e9s Vegeta DBZ"},{"@type":"BreadcrumbList","@id":"https:\/\/repliquemangacine.fr\/porte-cles-goodies\/porte-cles-vegeta-dbz\/#breadcrumb","itemListElement":[{"@type":"ListItem","position":1,"name":"Accueil","item":"https:\/\/repliquemangacine.fr\/"},{"@type":"ListItem","position":2,"name":"Produits","item":"https:\/\/repliquemangacine.fr\/boutique\/"},{"@type":"ListItem","position":3,"name":"Porte-cl\u00e9s Vegeta DBZ"}]},{"@type":"WebSite","@id":"https:\/\/repliquemangacine.fr\/#website","url":"https:\/\/repliquemangacine.fr\/","name":"R\u00e9plique Manga Cin\u00e9","description":"","publisher":{"@id":"https:\/\/repliquemangacine.fr\/#organization"},"potentialAction":[{"@type":"SearchAction","target":{"@type":"EntryPoint","urlTemplate":"https:\/\/repliquemangacine.fr\/?s={search_term_string}"},"query-input":{"@type":"PropertyValueSpecification","valueRequired":true,"valueName":"search_term_string"}}],"inLanguage":"en-US"},{"@type":"Organization","@id":"https:\/\/repliquemangacine.fr\/#organization","name":"R\u00e9plique Manga Cin\u00e9","url":"https:\/\/repliquemangacine.fr\/","logo":{"@type":"ImageObject","inLanguage":"en-US","@id":"https:\/\/repliquemangacine.fr\/#\/schema\/logo\/image\/","url":"https:\/\/repliquemangacine.fr\/wp-content\/uploads\/2023\/10\/RMC-500250.png","contentUrl":"https:\/\/repliquemangacine.fr\/wp-content\/uploads\/2023\/10\/RMC-500250.png","width":500,"height":250,"caption":"R\u00e9plique Manga Cin\u00e9"},"image":{"@id":"https:\/\/repliquemangacine.fr\/#\/schema\/logo\/image\/"},"sameAs":["https:\/\/www.facebook.com\/RepliqueMangaCine","https:\/\/www.instagram.com\/repliquemangacine.fr\/"]}]}},"_links":{"self":[{"href":"https:\/\/repliquemangacine.fr\/en\/wp-json\/wp\/v2\/product\/83736","targetHints":{"allow":["GET"]}}],"collection":[{"href":"https:\/\/repliquemangacine.fr\/en\/wp-json\/wp\/v2\/product"}],"about":[{"href":"https:\/\/repliquemangacine.fr\/en\/wp-json\/wp\/v2\/types\/product"}],"wp:featuredmedia":[{"embeddable":true,"href":"https:\/\/repliquemangacine.fr\/en\/wp-json\/wp\/v2\/media\/83737"}],"wp:attachment":[{"href":"https:\/\/repliquemangacine.fr\/en\/wp-json\/wp\/v2\/media?parent=83736"}],"wp:term":[{"taxonomy":"product_brand","embeddable":true,"href":"https:\/\/repliquemangacine.fr\/en\/wp-json\/wp\/v2\/product_brand?post=83736"},{"taxonomy":"product_cat","embeddable":true,"href":"https:\/\/repliquemangacine.fr\/en\/wp-json\/wp\/v2\/product_cat?post=83736"},{"taxonomy":"product_tag","embeddable":true,"href":"https:\/\/repliquemangacine.fr\/en\/wp-json\/wp\/v2\/product_tag?post=83736"}],"curies":[{"name":"wp","href":"https:\/\/api.w.org\/{rel}","templated":true}]}}