





{"id":83732,"date":"2025-04-21T16:58:11","date_gmt":"2025-04-21T14:58:11","guid":{"rendered":"https:\/\/repliquemangacine.fr\/?post_type=product&#038;p=83732"},"modified":"2025-11-13T01:02:58","modified_gmt":"2025-11-13T00:02:58","slug":"keyring-sao-sword-art-online","status":"publish","type":"product","link":"https:\/\/repliquemangacine.fr\/en\/porte-cles-goodies\/porte-cles-sao-sword-art-online\/","title":{"rendered":"SAO keyring - Sword Art Online"},"content":{"rendered":"<h2>SAO key ring - Kirito and Asuna in a double-sided acrylic version<\/h2>\n<p>First of all, find out what <strong>SAO key ring<\/strong> in double-sided transparent acrylic, featuring Kirito and Asuna, the two emblematic heroes of the series. Each side features a character in a dynamic style faithful to the anime universe. Equipped with a chain, a sturdy ring and a metal snap hook for practical everyday use. This superb key ring comes in a showcase blister pack, perfect for collectors or as a gift for SAO fans.<br \/>\n<a href=\"https:\/\/sword-art-online.fandom.com\/fr\/wiki\/Kazuto_Kirigaya\" target=\"_blank\" rel=\"noopener noreferrer\">Kirigaya Kazuto<\/a> aka Kirito, nicknamed the Black Swordsman, is a solitary but powerful player, known for his mastery of two swords. Asuna, a swift and precise warrior, is a feared and respected fighter in the virtual universe. What's more, this key ring pays tribute to their legendary duo, inseparable and beloved by Sword Art Online fans. A must-have for all fans of the anime and its cult characters.<\/p>\n<h2>Sword Art Online legendary weapons available on R\u00e9plique Manga Cin\u00e9<\/h2>\n<p>On R\u00e9plique Manga Cin\u00e9, explore the world of Sword Art Online through a selection of faithfully reproduced weapons.<br \/>\nAmong them are the famous swords of Kirito, the Black Swordsman: <a href=\"https:\/\/repliquemangacine.fr\/en\/sword-art-online-sword\/kirito-sao-dark-repulser-sword\/\">Dark Repulser<\/a> and <a href=\"https:\/\/repliquemangacine.fr\/en\/sword-art-online-sword\/epee-elucidator-kirito-sao\/\">Elucidator<\/a>. These two iconic weapons illustrate the power and unique fighting style of Kirito in the early arcs.<br \/>\nThere's also <a href=\"https:\/\/repliquemangacine.fr\/en\/sword-art-online-sword\/epee-lambent-light-rapiere-asuna-sao\/\">Lambent Light<\/a>Asuna's elegant and deadly rapier, perfect for fans of fast-paced duels. And that's not all: discover the<a href=\"https:\/\/repliquemangacine.fr\/en\/sword-art-online-sword\/sacred-sword-excalibur-kirito-in-alfheim-online-sword-art-online\/\">sacred sword Excalibur<\/a>, from Alfheim Online and the SAO game Fractured Daydream. You'll even find a mouse pad for Geeks. In fact, each replica is designed for anime enthusiasts, cosplayers and discerning collectors.<br \/>\nEnjoy a wide choice of SAO weapons, to relive each epic battle and complete your collection in style. In conclusion, the SAO universe is just waiting for you, with unique items steeped in history.<\/p>","protected":false},"excerpt":{"rendered":"<p>Superb SAO key ring<\/p>\n<ul>\n<li>Characters on acrylic on both sides<\/li>\n<li>Metal chain, ring and snap hook<\/li>\n<li>Supplied in blister pack<\/li>\n<li>Height: 5cm - Width: 6cm<\/li>\n<li>Total length with chain and ring: 10 cm<\/li>\n<\/ul>","protected":false},"featured_media":83733,"template":"","meta":[],"product_brand":[896],"product_cat":[96,53],"product_tag":[],"class_list":{"0":"post-83732","1":"product","2":"type-product","3":"status-publish","4":"has-post-thumbnail","6":"product_brand-replique-manga-cine","7":"product_cat-porte-cles-goodies","8":"product_cat-epee-sword-art-online","10":"first","11":"instock","12":"taxable","13":"shipping-taxable","14":"purchasable","15":"product-type-simple"},"yoast_head":"<!-- This site is optimized with the Yoast SEO plugin v27.5 - https:\/\/yoast.com\/product\/yoast-seo-wordpress\/ -->\n<title>Porte-cl\u00e9s SAO - Sword Art Online - R\u00e9plique Manga Cin\u00e9<\/title>\n<meta name=\"description\" content=\"Porte-cl\u00e9s SAO (Sword Art Online) en acrylique double face avec Kirito et Asuna. Cha\u00eenette, anneau, mousqueton m\u00e9tal. Livr\u00e9 en blister vitrine.\" \/>\n<meta name=\"robots\" content=\"index, follow, max-snippet:-1, max-image-preview:large, max-video-preview:-1\" \/>\n<link rel=\"canonical\" href=\"https:\/\/repliquemangacine.fr\/en\/key-ring-goodies\/keyring-sao-sword-art-online\/\" \/>\n<meta property=\"og:locale\" content=\"en_US\" \/>\n<meta property=\"og:type\" content=\"article\" \/>\n<meta property=\"og:title\" content=\"Porte-cl\u00e9s SAO - Sword Art Online - R\u00e9plique Manga Cin\u00e9\" \/>\n<meta property=\"og:description\" content=\"Porte-cl\u00e9s SAO (Sword Art Online) en acrylique double face avec Kirito et Asuna. Cha\u00eenette, anneau, mousqueton m\u00e9tal. Livr\u00e9 en blister vitrine.\" \/>\n<meta property=\"og:url\" content=\"https:\/\/repliquemangacine.fr\/en\/key-ring-goodies\/keyring-sao-sword-art-online\/\" \/>\n<meta property=\"og:site_name\" content=\"R\u00e9plique Manga Cin\u00e9\" \/>\n<meta property=\"article:publisher\" content=\"https:\/\/www.facebook.com\/RepliqueMangaCine\" \/>\n<meta property=\"article:modified_time\" content=\"2025-11-13T00:02:58+00:00\" \/>\n<meta property=\"og:image\" content=\"https:\/\/repliquemangacine.fr\/wp-content\/uploads\/2025\/04\/porte-cles-sword-art-online.jpg\" \/>\n\t<meta property=\"og:image:width\" content=\"500\" \/>\n\t<meta property=\"og:image:height\" content=\"500\" \/>\n\t<meta property=\"og:image:type\" content=\"image\/jpeg\" \/>\n<meta name=\"twitter:card\" content=\"summary_large_image\" \/>\n<meta name=\"twitter:label1\" content=\"Est. reading time\" \/>\n\t<meta name=\"twitter:data1\" content=\"2 minutes\" \/>\n<script type=\"application\/ld+json\" class=\"yoast-schema-graph\">{\"@context\":\"https:\\\/\\\/schema.org\",\"@graph\":[{\"@type\":\"WebPage\",\"@id\":\"https:\\\/\\\/repliquemangacine.fr\\\/porte-cles-goodies\\\/porte-cles-sao-sword-art-online\\\/\",\"url\":\"https:\\\/\\\/repliquemangacine.fr\\\/porte-cles-goodies\\\/porte-cles-sao-sword-art-online\\\/\",\"name\":\"Porte-cl\u00e9s SAO - Sword Art Online - R\u00e9plique Manga Cin\u00e9\",\"isPartOf\":{\"@id\":\"https:\\\/\\\/repliquemangacine.fr\\\/#website\"},\"primaryImageOfPage\":{\"@id\":\"https:\\\/\\\/repliquemangacine.fr\\\/porte-cles-goodies\\\/porte-cles-sao-sword-art-online\\\/#primaryimage\"},\"image\":{\"@id\":\"https:\\\/\\\/repliquemangacine.fr\\\/porte-cles-goodies\\\/porte-cles-sao-sword-art-online\\\/#primaryimage\"},\"thumbnailUrl\":\"https:\\\/\\\/repliquemangacine.fr\\\/wp-content\\\/uploads\\\/2025\\\/04\\\/porte-cles-sword-art-online.jpg\",\"datePublished\":\"2025-04-21T14:58:11+00:00\",\"dateModified\":\"2025-11-13T00:02:58+00:00\",\"description\":\"Porte-cl\u00e9s SAO (Sword Art Online) en acrylique double face avec Kirito et Asuna. Cha\u00eenette, anneau, mousqueton m\u00e9tal. Livr\u00e9 en blister vitrine.\",\"breadcrumb\":{\"@id\":\"https:\\\/\\\/repliquemangacine.fr\\\/porte-cles-goodies\\\/porte-cles-sao-sword-art-online\\\/#breadcrumb\"},\"inLanguage\":\"en-US\",\"potentialAction\":[{\"@type\":\"ReadAction\",\"target\":[\"https:\\\/\\\/repliquemangacine.fr\\\/porte-cles-goodies\\\/porte-cles-sao-sword-art-online\\\/\"]}]},{\"@type\":\"ImageObject\",\"inLanguage\":\"en-US\",\"@id\":\"https:\\\/\\\/repliquemangacine.fr\\\/porte-cles-goodies\\\/porte-cles-sao-sword-art-online\\\/#primaryimage\",\"url\":\"https:\\\/\\\/repliquemangacine.fr\\\/wp-content\\\/uploads\\\/2025\\\/04\\\/porte-cles-sword-art-online.jpg\",\"contentUrl\":\"https:\\\/\\\/repliquemangacine.fr\\\/wp-content\\\/uploads\\\/2025\\\/04\\\/porte-cles-sword-art-online.jpg\",\"width\":500,\"height\":500,\"caption\":\"Porte-cl\u00e9s SAO - Sword Art Online\"},{\"@type\":\"BreadcrumbList\",\"@id\":\"https:\\\/\\\/repliquemangacine.fr\\\/porte-cles-goodies\\\/porte-cles-sao-sword-art-online\\\/#breadcrumb\",\"itemListElement\":[{\"@type\":\"ListItem\",\"position\":1,\"name\":\"Accueil\",\"item\":\"https:\\\/\\\/repliquemangacine.fr\\\/\"},{\"@type\":\"ListItem\",\"position\":2,\"name\":\"Produits\",\"item\":\"https:\\\/\\\/repliquemangacine.fr\\\/boutique\\\/\"},{\"@type\":\"ListItem\",\"position\":3,\"name\":\"Porte-cl\u00e9s SAO &#8211; Sword Art Online\"}]},{\"@type\":\"WebSite\",\"@id\":\"https:\\\/\\\/repliquemangacine.fr\\\/#website\",\"url\":\"https:\\\/\\\/repliquemangacine.fr\\\/\",\"name\":\"R\u00e9plique Manga Cin\u00e9\",\"description\":\"\",\"publisher\":{\"@id\":\"https:\\\/\\\/repliquemangacine.fr\\\/#organization\"},\"potentialAction\":[{\"@type\":\"SearchAction\",\"target\":{\"@type\":\"EntryPoint\",\"urlTemplate\":\"https:\\\/\\\/repliquemangacine.fr\\\/?s={search_term_string}\"},\"query-input\":{\"@type\":\"PropertyValueSpecification\",\"valueRequired\":true,\"valueName\":\"search_term_string\"}}],\"inLanguage\":\"en-US\"},{\"@type\":\"Organization\",\"@id\":\"https:\\\/\\\/repliquemangacine.fr\\\/#organization\",\"name\":\"R\u00e9plique Manga Cin\u00e9\",\"url\":\"https:\\\/\\\/repliquemangacine.fr\\\/\",\"logo\":{\"@type\":\"ImageObject\",\"inLanguage\":\"en-US\",\"@id\":\"https:\\\/\\\/repliquemangacine.fr\\\/#\\\/schema\\\/logo\\\/image\\\/\",\"url\":\"https:\\\/\\\/repliquemangacine.fr\\\/wp-content\\\/uploads\\\/2023\\\/10\\\/RMC-500250.png\",\"contentUrl\":\"https:\\\/\\\/repliquemangacine.fr\\\/wp-content\\\/uploads\\\/2023\\\/10\\\/RMC-500250.png\",\"width\":500,\"height\":250,\"caption\":\"R\u00e9plique Manga Cin\u00e9\"},\"image\":{\"@id\":\"https:\\\/\\\/repliquemangacine.fr\\\/#\\\/schema\\\/logo\\\/image\\\/\"},\"sameAs\":[\"https:\\\/\\\/www.facebook.com\\\/RepliqueMangaCine\",\"https:\\\/\\\/www.instagram.com\\\/repliquemangacine.fr\\\/\"]}]}<\/script>\n<!-- \/ Yoast SEO plugin. -->","yoast_head_json":{"title":"SAO Keychain - Sword Art Online - R\u00e9plique Manga Cin\u00e9","description":"SAO (Sword Art Online) double-sided acrylic key ring featuring Kirito and Asuna. Chain, ring and metal snap hook. Supplied in blister pack.","robots":{"index":"index","follow":"follow","max-snippet":"max-snippet:-1","max-image-preview":"max-image-preview:large","max-video-preview":"max-video-preview:-1"},"canonical":"https:\/\/repliquemangacine.fr\/en\/key-ring-goodies\/keyring-sao-sword-art-online\/","og_locale":"en_US","og_type":"article","og_title":"Porte-cl\u00e9s SAO - Sword Art Online - R\u00e9plique Manga Cin\u00e9","og_description":"Porte-cl\u00e9s SAO (Sword Art Online) en acrylique double face avec Kirito et Asuna. Cha\u00eenette, anneau, mousqueton m\u00e9tal. Livr\u00e9 en blister vitrine.","og_url":"https:\/\/repliquemangacine.fr\/en\/key-ring-goodies\/keyring-sao-sword-art-online\/","og_site_name":"R\u00e9plique Manga Cin\u00e9","article_publisher":"https:\/\/www.facebook.com\/RepliqueMangaCine","article_modified_time":"2025-11-13T00:02:58+00:00","og_image":[{"width":500,"height":500,"url":"https:\/\/repliquemangacine.fr\/wp-content\/uploads\/2025\/04\/porte-cles-sword-art-online.jpg","type":"image\/jpeg"}],"twitter_card":"summary_large_image","twitter_misc":{"Est. reading time":"2 minutes"},"schema":{"@context":"https:\/\/schema.org","@graph":[{"@type":"WebPage","@id":"https:\/\/repliquemangacine.fr\/porte-cles-goodies\/porte-cles-sao-sword-art-online\/","url":"https:\/\/repliquemangacine.fr\/porte-cles-goodies\/porte-cles-sao-sword-art-online\/","name":"SAO Keychain - Sword Art Online - R\u00e9plique Manga Cin\u00e9","isPartOf":{"@id":"https:\/\/repliquemangacine.fr\/#website"},"primaryImageOfPage":{"@id":"https:\/\/repliquemangacine.fr\/porte-cles-goodies\/porte-cles-sao-sword-art-online\/#primaryimage"},"image":{"@id":"https:\/\/repliquemangacine.fr\/porte-cles-goodies\/porte-cles-sao-sword-art-online\/#primaryimage"},"thumbnailUrl":"https:\/\/repliquemangacine.fr\/wp-content\/uploads\/2025\/04\/porte-cles-sword-art-online.jpg","datePublished":"2025-04-21T14:58:11+00:00","dateModified":"2025-11-13T00:02:58+00:00","description":"SAO (Sword Art Online) double-sided acrylic key ring featuring Kirito and Asuna. Chain, ring and metal snap hook. Supplied in blister pack.","breadcrumb":{"@id":"https:\/\/repliquemangacine.fr\/porte-cles-goodies\/porte-cles-sao-sword-art-online\/#breadcrumb"},"inLanguage":"en-US","potentialAction":[{"@type":"ReadAction","target":["https:\/\/repliquemangacine.fr\/porte-cles-goodies\/porte-cles-sao-sword-art-online\/"]}]},{"@type":"ImageObject","inLanguage":"en-US","@id":"https:\/\/repliquemangacine.fr\/porte-cles-goodies\/porte-cles-sao-sword-art-online\/#primaryimage","url":"https:\/\/repliquemangacine.fr\/wp-content\/uploads\/2025\/04\/porte-cles-sword-art-online.jpg","contentUrl":"https:\/\/repliquemangacine.fr\/wp-content\/uploads\/2025\/04\/porte-cles-sword-art-online.jpg","width":500,"height":500,"caption":"Porte-cl\u00e9s SAO - Sword Art Online"},{"@type":"BreadcrumbList","@id":"https:\/\/repliquemangacine.fr\/porte-cles-goodies\/porte-cles-sao-sword-art-online\/#breadcrumb","itemListElement":[{"@type":"ListItem","position":1,"name":"Accueil","item":"https:\/\/repliquemangacine.fr\/"},{"@type":"ListItem","position":2,"name":"Produits","item":"https:\/\/repliquemangacine.fr\/boutique\/"},{"@type":"ListItem","position":3,"name":"Porte-cl\u00e9s SAO &#8211; Sword Art Online"}]},{"@type":"WebSite","@id":"https:\/\/repliquemangacine.fr\/#website","url":"https:\/\/repliquemangacine.fr\/","name":"R\u00e9plique Manga Cin\u00e9","description":"","publisher":{"@id":"https:\/\/repliquemangacine.fr\/#organization"},"potentialAction":[{"@type":"SearchAction","target":{"@type":"EntryPoint","urlTemplate":"https:\/\/repliquemangacine.fr\/?s={search_term_string}"},"query-input":{"@type":"PropertyValueSpecification","valueRequired":true,"valueName":"search_term_string"}}],"inLanguage":"en-US"},{"@type":"Organization","@id":"https:\/\/repliquemangacine.fr\/#organization","name":"R\u00e9plique Manga Cin\u00e9","url":"https:\/\/repliquemangacine.fr\/","logo":{"@type":"ImageObject","inLanguage":"en-US","@id":"https:\/\/repliquemangacine.fr\/#\/schema\/logo\/image\/","url":"https:\/\/repliquemangacine.fr\/wp-content\/uploads\/2023\/10\/RMC-500250.png","contentUrl":"https:\/\/repliquemangacine.fr\/wp-content\/uploads\/2023\/10\/RMC-500250.png","width":500,"height":250,"caption":"R\u00e9plique Manga Cin\u00e9"},"image":{"@id":"https:\/\/repliquemangacine.fr\/#\/schema\/logo\/image\/"},"sameAs":["https:\/\/www.facebook.com\/RepliqueMangaCine","https:\/\/www.instagram.com\/repliquemangacine.fr\/"]}]}},"_links":{"self":[{"href":"https:\/\/repliquemangacine.fr\/en\/wp-json\/wp\/v2\/product\/83732","targetHints":{"allow":["GET"]}}],"collection":[{"href":"https:\/\/repliquemangacine.fr\/en\/wp-json\/wp\/v2\/product"}],"about":[{"href":"https:\/\/repliquemangacine.fr\/en\/wp-json\/wp\/v2\/types\/product"}],"wp:featuredmedia":[{"embeddable":true,"href":"https:\/\/repliquemangacine.fr\/en\/wp-json\/wp\/v2\/media\/83733"}],"wp:attachment":[{"href":"https:\/\/repliquemangacine.fr\/en\/wp-json\/wp\/v2\/media?parent=83732"}],"wp:term":[{"taxonomy":"product_brand","embeddable":true,"href":"https:\/\/repliquemangacine.fr\/en\/wp-json\/wp\/v2\/product_brand?post=83732"},{"taxonomy":"product_cat","embeddable":true,"href":"https:\/\/repliquemangacine.fr\/en\/wp-json\/wp\/v2\/product_cat?post=83732"},{"taxonomy":"product_tag","embeddable":true,"href":"https:\/\/repliquemangacine.fr\/en\/wp-json\/wp\/v2\/product_tag?post=83732"}],"curies":[{"name":"wp","href":"https:\/\/api.w.org\/{rel}","templated":true}]}}