





{"id":83729,"date":"2025-04-21T16:18:07","date_gmt":"2025-04-21T14:18:07","guid":{"rendered":"https:\/\/repliquemangacine.fr\/?post_type=product&#038;p=83729"},"modified":"2026-03-13T11:45:45","modified_gmt":"2026-03-13T10:45:45","slug":"black-flag-assassins-creed-keyring","status":"publish","type":"product","link":"https:\/\/repliquemangacine.fr\/en\/porte-cles-goodies\/porte-cles-black-flag-assassins-creed\/","title":{"rendered":"Black Flag keyring - Assassin's Creed"},"content":{"rendered":"<h2>Black Flag Assassin's Creed keyring - The pirate symbol of freedom<\/h2>\n<p>Show your loyalty to the Brotherhood with this Black Flag Assassin's Creed keyring. Unique design combining logo and stylized bird's head. A direct reference to the world of piracy and the rebellious soul of Assassin's Creed.<a href=\"https:\/\/assassinscreed.fandom.com\/fr\/wiki\/Edward_Kenway\" target=\"_blank\" rel=\"noopener noreferrer\">Edward Kenway<\/a>. Carefully crafted, it combines aesthetics, sturdiness and ease of attachment thanks to its metal ring. Perfect for fans of the Assassin's Creed universe and those who love pirate style revisited. A discreet but striking accessory to hang everywhere, to show your allegiance to the Brotherhood.<\/p>\n<p>Edward Kenway, impetuous young Welshman, born March 10, 1693. His English father, Bernard Kenway of Manchester, and his Welsh mother, Linette Hopkins of Cardiff, came from working-class backgrounds. At the age of ten, his family moved to Bristol in south-west England to live on a farm. His parents were proud of their modest, honest life. But Edward took this uprooting very hard and became increasingly rebellious. By the age of 17, he was spending most of his time in the company of the city's bad boys, getting into all sorts of trouble with them.<\/p>\n<h2>Immerse yourself in the world of Assassin's Creed with the best lines on R\u00e9plique Manga Cin\u00e9<\/h2>\n<p>On R\u00e9plique Manga Cin\u00e9, you'll find some of the best Assassin's Creed lines from the saga's cult opuses. For fans of Ezio, the famous <a href=\"https:\/\/repliquemangacine.fr\/en\/gauntlets-assassins-creed\/ezio-gauntlet-assassins-creed-brotherhood\/\">Assassin's Creed Brotherhood gauntlet<\/a> with concealed blade is a must-have. Prefer piracy? Choose the <a href=\"https:\/\/repliquemangacine.fr\/en\/weapons-assassins-creed\/edward-kenway-italian-flintlock-pistol-assassin-s-creed-iv\/\">Edward Kenway's flintlock pistol<\/a>taken directly from Assassin's Creed IV. Add to this the <a href=\"https:\/\/repliquemangacine.fr\/en\/gauntlets-assassins-creed\/concealed-blade-gauntlet-assassins-creed-black-flag\/\">pirate gauntlet with secret blade<\/a>also used by Edward Kenway in Black Flag. The spirit of freedom continues with the<a href=\"https:\/\/repliquemangacine.fr\/en\/weapons-assassins-creed\/assassin-s-creed-odyssey-replique-lance-brisee-de-leonidas\/\"> Leonidas' broken spear<\/a>Assassin's Creed Odyssey. For fans of Viking battles, discover the complete set of two <a href=\"https:\/\/repliquemangacine.fr\/en\/weapons-assassins-creed\/axes-assassins-creed-valhalla\/\">Eivor axes from Valhalla<\/a>as realistic as they are impressive.<br \/>\nOur boutique offers many other faithful replicas, designed for Assassin's Creed collectors and enthusiasts. In conclusion, a rich universe to explore through authentic, carefully crafted pieces, to relive each legendary adventure.<\/p>","protected":false},"excerpt":{"rendered":"<p>Superb Black Flag keyring in Assassin's creed<\/p>\n<ul>\n<li>Double metal key ring logo + head<\/li>\n<li>Chain and metal ring<\/li>\n<li>Supplied in a display blister pack<\/li>\n<li>Height of each element approx. 5cm<\/li>\n<\/ul>","protected":false},"featured_media":83730,"template":"","meta":[],"product_brand":[896],"product_cat":[48,96],"product_tag":[],"class_list":{"0":"post-83729","1":"product","2":"type-product","3":"status-publish","4":"has-post-thumbnail","6":"product_brand-replique-manga-cine","7":"product_cat-epees-assassins-creed-armes-assassins-creed","8":"product_cat-porte-cles-goodies","10":"first","11":"instock","12":"taxable","13":"shipping-taxable","14":"purchasable","15":"product-type-simple"},"yoast_head":"<!-- This site is optimized with the Yoast SEO plugin v27.5 - https:\/\/yoast.com\/product\/yoast-seo-wordpress\/ -->\n<title>Porte-cl\u00e9s Black Flag - Assassin&#039;s Creed - R\u00e9plique Manga Cin\u00e9<\/title>\n<meta name=\"description\" content=\"Porte-cl\u00e9s Black Flag Assassin\u2019s Creed avec logo + t\u00eate d\u2019oiseau. Id\u00e9al pour fans de pirates, de libert\u00e9 et de la Confr\u00e9rie !\" \/>\n<meta name=\"robots\" content=\"index, follow, max-snippet:-1, max-image-preview:large, max-video-preview:-1\" \/>\n<link rel=\"canonical\" href=\"https:\/\/repliquemangacine.fr\/en\/key-ring-goodies\/black-flag-assassins-creed-keyring\/\" \/>\n<meta property=\"og:locale\" content=\"en_US\" \/>\n<meta property=\"og:type\" content=\"article\" \/>\n<meta property=\"og:title\" content=\"Porte-cl\u00e9s Black Flag - Assassin&#039;s Creed - R\u00e9plique Manga Cin\u00e9\" \/>\n<meta property=\"og:description\" content=\"Porte-cl\u00e9s Black Flag Assassin\u2019s Creed avec logo + t\u00eate d\u2019oiseau. Id\u00e9al pour fans de pirates, de libert\u00e9 et de la Confr\u00e9rie !\" \/>\n<meta property=\"og:url\" content=\"https:\/\/repliquemangacine.fr\/en\/key-ring-goodies\/black-flag-assassins-creed-keyring\/\" \/>\n<meta property=\"og:site_name\" content=\"R\u00e9plique Manga Cin\u00e9\" \/>\n<meta property=\"article:publisher\" content=\"https:\/\/www.facebook.com\/RepliqueMangaCine\" \/>\n<meta property=\"article:modified_time\" content=\"2026-03-13T10:45:45+00:00\" \/>\n<meta property=\"og:image\" content=\"https:\/\/repliquemangacine.fr\/wp-content\/uploads\/2025\/04\/porte-cles-assassin-creed.jpg\" \/>\n\t<meta property=\"og:image:width\" content=\"500\" \/>\n\t<meta property=\"og:image:height\" content=\"500\" \/>\n\t<meta property=\"og:image:type\" content=\"image\/jpeg\" \/>\n<meta name=\"twitter:card\" content=\"summary_large_image\" \/>\n<meta name=\"twitter:label1\" content=\"Est. reading time\" \/>\n\t<meta name=\"twitter:data1\" content=\"2 minutes\" \/>\n<script type=\"application\/ld+json\" class=\"yoast-schema-graph\">{\"@context\":\"https:\\\/\\\/schema.org\",\"@graph\":[{\"@type\":\"WebPage\",\"@id\":\"https:\\\/\\\/repliquemangacine.fr\\\/porte-cles-goodies\\\/porte-cles-black-flag-assassins-creed\\\/\",\"url\":\"https:\\\/\\\/repliquemangacine.fr\\\/porte-cles-goodies\\\/porte-cles-black-flag-assassins-creed\\\/\",\"name\":\"Porte-cl\u00e9s Black Flag - Assassin's Creed - R\u00e9plique Manga Cin\u00e9\",\"isPartOf\":{\"@id\":\"https:\\\/\\\/repliquemangacine.fr\\\/#website\"},\"primaryImageOfPage\":{\"@id\":\"https:\\\/\\\/repliquemangacine.fr\\\/porte-cles-goodies\\\/porte-cles-black-flag-assassins-creed\\\/#primaryimage\"},\"image\":{\"@id\":\"https:\\\/\\\/repliquemangacine.fr\\\/porte-cles-goodies\\\/porte-cles-black-flag-assassins-creed\\\/#primaryimage\"},\"thumbnailUrl\":\"https:\\\/\\\/repliquemangacine.fr\\\/wp-content\\\/uploads\\\/2025\\\/04\\\/porte-cles-assassin-creed.jpg\",\"datePublished\":\"2025-04-21T14:18:07+00:00\",\"dateModified\":\"2026-03-13T10:45:45+00:00\",\"description\":\"Porte-cl\u00e9s Black Flag Assassin\u2019s Creed avec logo + t\u00eate d\u2019oiseau. Id\u00e9al pour fans de pirates, de libert\u00e9 et de la Confr\u00e9rie !\",\"breadcrumb\":{\"@id\":\"https:\\\/\\\/repliquemangacine.fr\\\/porte-cles-goodies\\\/porte-cles-black-flag-assassins-creed\\\/#breadcrumb\"},\"inLanguage\":\"en-US\",\"potentialAction\":[{\"@type\":\"ReadAction\",\"target\":[\"https:\\\/\\\/repliquemangacine.fr\\\/porte-cles-goodies\\\/porte-cles-black-flag-assassins-creed\\\/\"]}]},{\"@type\":\"ImageObject\",\"inLanguage\":\"en-US\",\"@id\":\"https:\\\/\\\/repliquemangacine.fr\\\/porte-cles-goodies\\\/porte-cles-black-flag-assassins-creed\\\/#primaryimage\",\"url\":\"https:\\\/\\\/repliquemangacine.fr\\\/wp-content\\\/uploads\\\/2025\\\/04\\\/porte-cles-assassin-creed.jpg\",\"contentUrl\":\"https:\\\/\\\/repliquemangacine.fr\\\/wp-content\\\/uploads\\\/2025\\\/04\\\/porte-cles-assassin-creed.jpg\",\"width\":500,\"height\":500,\"caption\":\"Porte-cl\u00e9s Black Flag Assassin's Creed\"},{\"@type\":\"BreadcrumbList\",\"@id\":\"https:\\\/\\\/repliquemangacine.fr\\\/porte-cles-goodies\\\/porte-cles-black-flag-assassins-creed\\\/#breadcrumb\",\"itemListElement\":[{\"@type\":\"ListItem\",\"position\":1,\"name\":\"Accueil\",\"item\":\"https:\\\/\\\/repliquemangacine.fr\\\/\"},{\"@type\":\"ListItem\",\"position\":2,\"name\":\"Produits\",\"item\":\"https:\\\/\\\/repliquemangacine.fr\\\/boutique\\\/\"},{\"@type\":\"ListItem\",\"position\":3,\"name\":\"Porte-cl\u00e9s Black Flag &#8211; Assassin&#8217;s Creed\"}]},{\"@type\":\"WebSite\",\"@id\":\"https:\\\/\\\/repliquemangacine.fr\\\/#website\",\"url\":\"https:\\\/\\\/repliquemangacine.fr\\\/\",\"name\":\"R\u00e9plique Manga Cin\u00e9\",\"description\":\"\",\"publisher\":{\"@id\":\"https:\\\/\\\/repliquemangacine.fr\\\/#organization\"},\"potentialAction\":[{\"@type\":\"SearchAction\",\"target\":{\"@type\":\"EntryPoint\",\"urlTemplate\":\"https:\\\/\\\/repliquemangacine.fr\\\/?s={search_term_string}\"},\"query-input\":{\"@type\":\"PropertyValueSpecification\",\"valueRequired\":true,\"valueName\":\"search_term_string\"}}],\"inLanguage\":\"en-US\"},{\"@type\":\"Organization\",\"@id\":\"https:\\\/\\\/repliquemangacine.fr\\\/#organization\",\"name\":\"R\u00e9plique Manga Cin\u00e9\",\"url\":\"https:\\\/\\\/repliquemangacine.fr\\\/\",\"logo\":{\"@type\":\"ImageObject\",\"inLanguage\":\"en-US\",\"@id\":\"https:\\\/\\\/repliquemangacine.fr\\\/#\\\/schema\\\/logo\\\/image\\\/\",\"url\":\"https:\\\/\\\/repliquemangacine.fr\\\/wp-content\\\/uploads\\\/2023\\\/10\\\/RMC-500250.png\",\"contentUrl\":\"https:\\\/\\\/repliquemangacine.fr\\\/wp-content\\\/uploads\\\/2023\\\/10\\\/RMC-500250.png\",\"width\":500,\"height\":250,\"caption\":\"R\u00e9plique Manga Cin\u00e9\"},\"image\":{\"@id\":\"https:\\\/\\\/repliquemangacine.fr\\\/#\\\/schema\\\/logo\\\/image\\\/\"},\"sameAs\":[\"https:\\\/\\\/www.facebook.com\\\/RepliqueMangaCine\",\"https:\\\/\\\/www.instagram.com\\\/repliquemangacine.fr\\\/\"]}]}<\/script>\n<!-- \/ Yoast SEO plugin. -->","yoast_head_json":{"title":"Black Flag keyring - Assassin's Creed - R\u00e9plique Manga Cin\u00e9","description":"Black Flag Assassin's Creed keyring with logo + bird's head. Ideal for fans of pirates, freedom and the Brotherhood!","robots":{"index":"index","follow":"follow","max-snippet":"max-snippet:-1","max-image-preview":"max-image-preview:large","max-video-preview":"max-video-preview:-1"},"canonical":"https:\/\/repliquemangacine.fr\/en\/key-ring-goodies\/black-flag-assassins-creed-keyring\/","og_locale":"en_US","og_type":"article","og_title":"Porte-cl\u00e9s Black Flag - Assassin's Creed - R\u00e9plique Manga Cin\u00e9","og_description":"Porte-cl\u00e9s Black Flag Assassin\u2019s Creed avec logo + t\u00eate d\u2019oiseau. Id\u00e9al pour fans de pirates, de libert\u00e9 et de la Confr\u00e9rie !","og_url":"https:\/\/repliquemangacine.fr\/en\/key-ring-goodies\/black-flag-assassins-creed-keyring\/","og_site_name":"R\u00e9plique Manga Cin\u00e9","article_publisher":"https:\/\/www.facebook.com\/RepliqueMangaCine","article_modified_time":"2026-03-13T10:45:45+00:00","og_image":[{"width":500,"height":500,"url":"https:\/\/repliquemangacine.fr\/wp-content\/uploads\/2025\/04\/porte-cles-assassin-creed.jpg","type":"image\/jpeg"}],"twitter_card":"summary_large_image","twitter_misc":{"Est. reading time":"2 minutes"},"schema":{"@context":"https:\/\/schema.org","@graph":[{"@type":"WebPage","@id":"https:\/\/repliquemangacine.fr\/porte-cles-goodies\/porte-cles-black-flag-assassins-creed\/","url":"https:\/\/repliquemangacine.fr\/porte-cles-goodies\/porte-cles-black-flag-assassins-creed\/","name":"Black Flag keyring - Assassin's Creed - R\u00e9plique Manga Cin\u00e9","isPartOf":{"@id":"https:\/\/repliquemangacine.fr\/#website"},"primaryImageOfPage":{"@id":"https:\/\/repliquemangacine.fr\/porte-cles-goodies\/porte-cles-black-flag-assassins-creed\/#primaryimage"},"image":{"@id":"https:\/\/repliquemangacine.fr\/porte-cles-goodies\/porte-cles-black-flag-assassins-creed\/#primaryimage"},"thumbnailUrl":"https:\/\/repliquemangacine.fr\/wp-content\/uploads\/2025\/04\/porte-cles-assassin-creed.jpg","datePublished":"2025-04-21T14:18:07+00:00","dateModified":"2026-03-13T10:45:45+00:00","description":"Black Flag Assassin's Creed keyring with logo + bird's head. Ideal for fans of pirates, freedom and the Brotherhood!","breadcrumb":{"@id":"https:\/\/repliquemangacine.fr\/porte-cles-goodies\/porte-cles-black-flag-assassins-creed\/#breadcrumb"},"inLanguage":"en-US","potentialAction":[{"@type":"ReadAction","target":["https:\/\/repliquemangacine.fr\/porte-cles-goodies\/porte-cles-black-flag-assassins-creed\/"]}]},{"@type":"ImageObject","inLanguage":"en-US","@id":"https:\/\/repliquemangacine.fr\/porte-cles-goodies\/porte-cles-black-flag-assassins-creed\/#primaryimage","url":"https:\/\/repliquemangacine.fr\/wp-content\/uploads\/2025\/04\/porte-cles-assassin-creed.jpg","contentUrl":"https:\/\/repliquemangacine.fr\/wp-content\/uploads\/2025\/04\/porte-cles-assassin-creed.jpg","width":500,"height":500,"caption":"Porte-cl\u00e9s Black Flag Assassin's Creed"},{"@type":"BreadcrumbList","@id":"https:\/\/repliquemangacine.fr\/porte-cles-goodies\/porte-cles-black-flag-assassins-creed\/#breadcrumb","itemListElement":[{"@type":"ListItem","position":1,"name":"Accueil","item":"https:\/\/repliquemangacine.fr\/"},{"@type":"ListItem","position":2,"name":"Produits","item":"https:\/\/repliquemangacine.fr\/boutique\/"},{"@type":"ListItem","position":3,"name":"Porte-cl\u00e9s Black Flag &#8211; Assassin&#8217;s Creed"}]},{"@type":"WebSite","@id":"https:\/\/repliquemangacine.fr\/#website","url":"https:\/\/repliquemangacine.fr\/","name":"R\u00e9plique Manga Cin\u00e9","description":"","publisher":{"@id":"https:\/\/repliquemangacine.fr\/#organization"},"potentialAction":[{"@type":"SearchAction","target":{"@type":"EntryPoint","urlTemplate":"https:\/\/repliquemangacine.fr\/?s={search_term_string}"},"query-input":{"@type":"PropertyValueSpecification","valueRequired":true,"valueName":"search_term_string"}}],"inLanguage":"en-US"},{"@type":"Organization","@id":"https:\/\/repliquemangacine.fr\/#organization","name":"R\u00e9plique Manga Cin\u00e9","url":"https:\/\/repliquemangacine.fr\/","logo":{"@type":"ImageObject","inLanguage":"en-US","@id":"https:\/\/repliquemangacine.fr\/#\/schema\/logo\/image\/","url":"https:\/\/repliquemangacine.fr\/wp-content\/uploads\/2023\/10\/RMC-500250.png","contentUrl":"https:\/\/repliquemangacine.fr\/wp-content\/uploads\/2023\/10\/RMC-500250.png","width":500,"height":250,"caption":"R\u00e9plique Manga Cin\u00e9"},"image":{"@id":"https:\/\/repliquemangacine.fr\/#\/schema\/logo\/image\/"},"sameAs":["https:\/\/www.facebook.com\/RepliqueMangaCine","https:\/\/www.instagram.com\/repliquemangacine.fr\/"]}]}},"_links":{"self":[{"href":"https:\/\/repliquemangacine.fr\/en\/wp-json\/wp\/v2\/product\/83729","targetHints":{"allow":["GET"]}}],"collection":[{"href":"https:\/\/repliquemangacine.fr\/en\/wp-json\/wp\/v2\/product"}],"about":[{"href":"https:\/\/repliquemangacine.fr\/en\/wp-json\/wp\/v2\/types\/product"}],"wp:featuredmedia":[{"embeddable":true,"href":"https:\/\/repliquemangacine.fr\/en\/wp-json\/wp\/v2\/media\/83730"}],"wp:attachment":[{"href":"https:\/\/repliquemangacine.fr\/en\/wp-json\/wp\/v2\/media?parent=83729"}],"wp:term":[{"taxonomy":"product_brand","embeddable":true,"href":"https:\/\/repliquemangacine.fr\/en\/wp-json\/wp\/v2\/product_brand?post=83729"},{"taxonomy":"product_cat","embeddable":true,"href":"https:\/\/repliquemangacine.fr\/en\/wp-json\/wp\/v2\/product_cat?post=83729"},{"taxonomy":"product_tag","embeddable":true,"href":"https:\/\/repliquemangacine.fr\/en\/wp-json\/wp\/v2\/product_tag?post=83729"}],"curies":[{"name":"wp","href":"https:\/\/api.w.org\/{rel}","templated":true}]}}