





{"id":83722,"date":"2025-04-21T15:41:49","date_gmt":"2025-04-21T13:41:49","guid":{"rendered":"https:\/\/repliquemangacine.fr\/?post_type=product&#038;p=83722"},"modified":"2025-11-13T01:05:06","modified_gmt":"2025-11-13T00:05:06","slug":"key-ring-meliodas-chibi-seven-deadly-sins","status":"publish","type":"product","link":"https:\/\/repliquemangacine.fr\/en\/epees-seven-deadly-sins\/porte-cles-meliodas-chibi-seven-deadly-sins\/","title":{"rendered":"Meliodas Chibi key ring - Seven Deadly Sins"},"content":{"rendered":"<h2>Meliodas Chibi key ring - The humor and power of Seven Deadly Sins<\/h2>\n<p>This adorable keyring features Meliodas, the leader of the Seven Deadly Sins, in a charming chibi version. Its kawaii style and precise finishing make it the perfect accessory for anime fans. Lightweight and durable, it's easy to hang thanks to its sturdy ring and metal snap hook. Meliodas, despite his childlike appearance, is a fearsome warrior with unrivalled charisma.<br \/>\nFind it here in a mini format to take with you wherever you go! Ideal as a small gift or to add to your collection of manga goodies.<\/p>\n<p>Visit <a href=\"https:\/\/seven-deadly-sins.fandom.com\/fr\/wiki\/Seven_Deadly_Sins\" target=\"_blank\" rel=\"noopener noreferrer\">Seven Deadly Sins<\/a> are the most powerful, efficient and fearsome order of Sacred Knights in the Kingdom of Liones. Their group is made up of seven \"innocent sinners\" inspired by the Deadly Sins attributed to Humans, and each member bears a different \"bestial symbol\" tattooed on his or her skin. They are the main titular protagonists of the series.<\/p>\n<h2>The Seven Deadly Sins universe at R\u00e9plique Manga Cin\u00e9: replicas, accessories and total immersion<\/h2>\n<p>At R\u00e9plique Manga Cin\u00e9, Seven Deadly Sins comes to life with an exclusive selection of cult objects. In addition to the key ring, discover the replica of the<a href=\"https:\/\/repliquemangacine.fr\/en\/seven-deadly-sins-swords\/meliodas-sword-sacred-treasure-lostvayne\/\">Lostvayne sword<\/a>the Demon Slicer. There's also the<a href=\"https:\/\/repliquemangacine.fr\/en\/seven-deadly-sins-swords\/meliodas-dragon-sword\/\">dragon's sword<\/a> or broken sword of Meliodas, with its specially shaped metal handle, ridged like dragon scales. As well as the<a href=\"https:\/\/repliquemangacine.fr\/en\/seven-deadly-sins-swords\/lizs-sword-in-seven-deadly-sins\/\">Liz's sword<\/a> given to M\u00e9liodas. Goodies for fans <a href=\"https:\/\/repliquemangacine.fr\/en\/seven-deadly-sins-swords\/dragon-meliodas-seven-deadly-sins-box-set\/\">this dragon set<\/a> 10-piece steel set. Includes: King's Chastiefol Spear, Escanor's Rhitta Axe, Diane's Gideon Hammer Axe and The Dragon Sword...<\/p>\n<p>In conclusion, by combining your accessories, you can create a real 100% Seven Deadly Sins atmosphere at home or in the office. Collect, display and live your passion in style with our carefully selected products for all fans of this universe.<\/p>","protected":false},"excerpt":{"rendered":"<p>Superb M\u00e9liodas Chibi key ring<\/p>\n<ul>\n<li>Acrylic character on each side<\/li>\n<li>Carabiner and metal chain<\/li>\n<li>Height: 5 cm - Width: 2.5cm<\/li>\n<li>Total length with chain and carabiner: 10 cm<\/li>\n<\/ul>","protected":false},"featured_media":83725,"template":"","meta":[],"product_brand":[896],"product_cat":[96,110],"product_tag":[],"class_list":{"0":"post-83722","1":"product","2":"type-product","3":"status-publish","4":"has-post-thumbnail","6":"product_brand-replique-manga-cine","7":"product_cat-porte-cles-goodies","8":"product_cat-epees-seven-deadly-sins","10":"first","11":"instock","12":"taxable","13":"shipping-taxable","14":"purchasable","15":"product-type-simple"},"yoast_head":"<!-- This site is optimized with the Yoast SEO plugin v27.4 - https:\/\/yoast.com\/product\/yoast-seo-wordpress\/ -->\n<title>Porte-cl\u00e9s Meliodas Chibi \u2013 Seven Deadly Sins - R\u00e9plique Manga Cin\u00e9<\/title>\n<meta name=\"description\" content=\"Porte-cl\u00e9s Meliodas version chibi. Fun, mignon et pratique pour tous les fans de Seven Deadly Sins. Un accessoire \u00e0 collectionner d\u2019urgence !\" \/>\n<meta name=\"robots\" content=\"index, follow, max-snippet:-1, max-image-preview:large, max-video-preview:-1\" \/>\n<link rel=\"canonical\" href=\"https:\/\/repliquemangacine.fr\/en\/seven-deadly-sins-swords\/key-ring-meliodas-chibi-seven-deadly-sins\/\" \/>\n<meta property=\"og:locale\" content=\"en_US\" \/>\n<meta property=\"og:type\" content=\"article\" \/>\n<meta property=\"og:title\" content=\"Porte-cl\u00e9s Meliodas Chibi \u2013 Seven Deadly Sins - R\u00e9plique Manga Cin\u00e9\" \/>\n<meta property=\"og:description\" content=\"Porte-cl\u00e9s Meliodas version chibi. Fun, mignon et pratique pour tous les fans de Seven Deadly Sins. Un accessoire \u00e0 collectionner d\u2019urgence !\" \/>\n<meta property=\"og:url\" content=\"https:\/\/repliquemangacine.fr\/en\/seven-deadly-sins-swords\/key-ring-meliodas-chibi-seven-deadly-sins\/\" \/>\n<meta property=\"og:site_name\" content=\"R\u00e9plique Manga Cin\u00e9\" \/>\n<meta property=\"article:publisher\" content=\"https:\/\/www.facebook.com\/RepliqueMangaCine\" \/>\n<meta property=\"article:modified_time\" content=\"2025-11-13T00:05:06+00:00\" \/>\n<meta property=\"og:image\" content=\"https:\/\/repliquemangacine.fr\/wp-content\/uploads\/2025\/04\/Porte-cles-Meliodas-Chibi.jpg\" \/>\n\t<meta property=\"og:image:width\" content=\"500\" \/>\n\t<meta property=\"og:image:height\" content=\"500\" \/>\n\t<meta property=\"og:image:type\" content=\"image\/jpeg\" \/>\n<meta name=\"twitter:card\" content=\"summary_large_image\" \/>\n<meta name=\"twitter:label1\" content=\"Est. reading time\" \/>\n\t<meta name=\"twitter:data1\" content=\"2 minutes\" \/>\n<script type=\"application\/ld+json\" class=\"yoast-schema-graph\">{\"@context\":\"https:\\\/\\\/schema.org\",\"@graph\":[{\"@type\":\"WebPage\",\"@id\":\"https:\\\/\\\/repliquemangacine.fr\\\/epees-seven-deadly-sins\\\/porte-cles-meliodas-chibi-seven-deadly-sins\\\/\",\"url\":\"https:\\\/\\\/repliquemangacine.fr\\\/epees-seven-deadly-sins\\\/porte-cles-meliodas-chibi-seven-deadly-sins\\\/\",\"name\":\"Porte-cl\u00e9s Meliodas Chibi \u2013 Seven Deadly Sins - R\u00e9plique Manga Cin\u00e9\",\"isPartOf\":{\"@id\":\"https:\\\/\\\/repliquemangacine.fr\\\/#website\"},\"primaryImageOfPage\":{\"@id\":\"https:\\\/\\\/repliquemangacine.fr\\\/epees-seven-deadly-sins\\\/porte-cles-meliodas-chibi-seven-deadly-sins\\\/#primaryimage\"},\"image\":{\"@id\":\"https:\\\/\\\/repliquemangacine.fr\\\/epees-seven-deadly-sins\\\/porte-cles-meliodas-chibi-seven-deadly-sins\\\/#primaryimage\"},\"thumbnailUrl\":\"https:\\\/\\\/repliquemangacine.fr\\\/wp-content\\\/uploads\\\/2025\\\/04\\\/Porte-cles-Meliodas-Chibi.jpg\",\"datePublished\":\"2025-04-21T13:41:49+00:00\",\"dateModified\":\"2025-11-13T00:05:06+00:00\",\"description\":\"Porte-cl\u00e9s Meliodas version chibi. Fun, mignon et pratique pour tous les fans de Seven Deadly Sins. Un accessoire \u00e0 collectionner d\u2019urgence !\",\"breadcrumb\":{\"@id\":\"https:\\\/\\\/repliquemangacine.fr\\\/epees-seven-deadly-sins\\\/porte-cles-meliodas-chibi-seven-deadly-sins\\\/#breadcrumb\"},\"inLanguage\":\"en-US\",\"potentialAction\":[{\"@type\":\"ReadAction\",\"target\":[\"https:\\\/\\\/repliquemangacine.fr\\\/epees-seven-deadly-sins\\\/porte-cles-meliodas-chibi-seven-deadly-sins\\\/\"]}]},{\"@type\":\"ImageObject\",\"inLanguage\":\"en-US\",\"@id\":\"https:\\\/\\\/repliquemangacine.fr\\\/epees-seven-deadly-sins\\\/porte-cles-meliodas-chibi-seven-deadly-sins\\\/#primaryimage\",\"url\":\"https:\\\/\\\/repliquemangacine.fr\\\/wp-content\\\/uploads\\\/2025\\\/04\\\/Porte-cles-Meliodas-Chibi.jpg\",\"contentUrl\":\"https:\\\/\\\/repliquemangacine.fr\\\/wp-content\\\/uploads\\\/2025\\\/04\\\/Porte-cles-Meliodas-Chibi.jpg\",\"width\":500,\"height\":500,\"caption\":\"Porte-cl\u00e9s M\u00e9liodas Chibi\"},{\"@type\":\"BreadcrumbList\",\"@id\":\"https:\\\/\\\/repliquemangacine.fr\\\/epees-seven-deadly-sins\\\/porte-cles-meliodas-chibi-seven-deadly-sins\\\/#breadcrumb\",\"itemListElement\":[{\"@type\":\"ListItem\",\"position\":1,\"name\":\"Accueil\",\"item\":\"https:\\\/\\\/repliquemangacine.fr\\\/\"},{\"@type\":\"ListItem\",\"position\":2,\"name\":\"Produits\",\"item\":\"https:\\\/\\\/repliquemangacine.fr\\\/boutique\\\/\"},{\"@type\":\"ListItem\",\"position\":3,\"name\":\"Porte-cl\u00e9s Meliodas Chibi \u2013 Seven Deadly Sins\"}]},{\"@type\":\"WebSite\",\"@id\":\"https:\\\/\\\/repliquemangacine.fr\\\/#website\",\"url\":\"https:\\\/\\\/repliquemangacine.fr\\\/\",\"name\":\"R\u00e9plique Manga Cin\u00e9\",\"description\":\"\",\"publisher\":{\"@id\":\"https:\\\/\\\/repliquemangacine.fr\\\/#organization\"},\"potentialAction\":[{\"@type\":\"SearchAction\",\"target\":{\"@type\":\"EntryPoint\",\"urlTemplate\":\"https:\\\/\\\/repliquemangacine.fr\\\/?s={search_term_string}\"},\"query-input\":{\"@type\":\"PropertyValueSpecification\",\"valueRequired\":true,\"valueName\":\"search_term_string\"}}],\"inLanguage\":\"en-US\"},{\"@type\":\"Organization\",\"@id\":\"https:\\\/\\\/repliquemangacine.fr\\\/#organization\",\"name\":\"R\u00e9plique Manga Cin\u00e9\",\"url\":\"https:\\\/\\\/repliquemangacine.fr\\\/\",\"logo\":{\"@type\":\"ImageObject\",\"inLanguage\":\"en-US\",\"@id\":\"https:\\\/\\\/repliquemangacine.fr\\\/#\\\/schema\\\/logo\\\/image\\\/\",\"url\":\"https:\\\/\\\/repliquemangacine.fr\\\/wp-content\\\/uploads\\\/2023\\\/10\\\/RMC-500250.png\",\"contentUrl\":\"https:\\\/\\\/repliquemangacine.fr\\\/wp-content\\\/uploads\\\/2023\\\/10\\\/RMC-500250.png\",\"width\":500,\"height\":250,\"caption\":\"R\u00e9plique Manga Cin\u00e9\"},\"image\":{\"@id\":\"https:\\\/\\\/repliquemangacine.fr\\\/#\\\/schema\\\/logo\\\/image\\\/\"},\"sameAs\":[\"https:\\\/\\\/www.facebook.com\\\/RepliqueMangaCine\",\"https:\\\/\\\/www.instagram.com\\\/repliquemangacine.fr\\\/\"]}]}<\/script>\n<!-- \/ Yoast SEO plugin. -->","yoast_head_json":{"title":"Meliodas Chibi keyring - Seven Deadly Sins - R\u00e9plique Manga Cin\u00e9","description":"Meliodas keyring, chibi version. Fun, cute and practical for all Seven Deadly Sins fans. A must-have accessory!","robots":{"index":"index","follow":"follow","max-snippet":"max-snippet:-1","max-image-preview":"max-image-preview:large","max-video-preview":"max-video-preview:-1"},"canonical":"https:\/\/repliquemangacine.fr\/en\/seven-deadly-sins-swords\/key-ring-meliodas-chibi-seven-deadly-sins\/","og_locale":"en_US","og_type":"article","og_title":"Porte-cl\u00e9s Meliodas Chibi \u2013 Seven Deadly Sins - R\u00e9plique Manga Cin\u00e9","og_description":"Porte-cl\u00e9s Meliodas version chibi. Fun, mignon et pratique pour tous les fans de Seven Deadly Sins. Un accessoire \u00e0 collectionner d\u2019urgence !","og_url":"https:\/\/repliquemangacine.fr\/en\/seven-deadly-sins-swords\/key-ring-meliodas-chibi-seven-deadly-sins\/","og_site_name":"R\u00e9plique Manga Cin\u00e9","article_publisher":"https:\/\/www.facebook.com\/RepliqueMangaCine","article_modified_time":"2025-11-13T00:05:06+00:00","og_image":[{"width":500,"height":500,"url":"https:\/\/repliquemangacine.fr\/wp-content\/uploads\/2025\/04\/Porte-cles-Meliodas-Chibi.jpg","type":"image\/jpeg"}],"twitter_card":"summary_large_image","twitter_misc":{"Est. reading time":"2 minutes"},"schema":{"@context":"https:\/\/schema.org","@graph":[{"@type":"WebPage","@id":"https:\/\/repliquemangacine.fr\/epees-seven-deadly-sins\/porte-cles-meliodas-chibi-seven-deadly-sins\/","url":"https:\/\/repliquemangacine.fr\/epees-seven-deadly-sins\/porte-cles-meliodas-chibi-seven-deadly-sins\/","name":"Meliodas Chibi keyring - Seven Deadly Sins - R\u00e9plique Manga Cin\u00e9","isPartOf":{"@id":"https:\/\/repliquemangacine.fr\/#website"},"primaryImageOfPage":{"@id":"https:\/\/repliquemangacine.fr\/epees-seven-deadly-sins\/porte-cles-meliodas-chibi-seven-deadly-sins\/#primaryimage"},"image":{"@id":"https:\/\/repliquemangacine.fr\/epees-seven-deadly-sins\/porte-cles-meliodas-chibi-seven-deadly-sins\/#primaryimage"},"thumbnailUrl":"https:\/\/repliquemangacine.fr\/wp-content\/uploads\/2025\/04\/Porte-cles-Meliodas-Chibi.jpg","datePublished":"2025-04-21T13:41:49+00:00","dateModified":"2025-11-13T00:05:06+00:00","description":"Meliodas keyring, chibi version. Fun, cute and practical for all Seven Deadly Sins fans. A must-have accessory!","breadcrumb":{"@id":"https:\/\/repliquemangacine.fr\/epees-seven-deadly-sins\/porte-cles-meliodas-chibi-seven-deadly-sins\/#breadcrumb"},"inLanguage":"en-US","potentialAction":[{"@type":"ReadAction","target":["https:\/\/repliquemangacine.fr\/epees-seven-deadly-sins\/porte-cles-meliodas-chibi-seven-deadly-sins\/"]}]},{"@type":"ImageObject","inLanguage":"en-US","@id":"https:\/\/repliquemangacine.fr\/epees-seven-deadly-sins\/porte-cles-meliodas-chibi-seven-deadly-sins\/#primaryimage","url":"https:\/\/repliquemangacine.fr\/wp-content\/uploads\/2025\/04\/Porte-cles-Meliodas-Chibi.jpg","contentUrl":"https:\/\/repliquemangacine.fr\/wp-content\/uploads\/2025\/04\/Porte-cles-Meliodas-Chibi.jpg","width":500,"height":500,"caption":"Porte-cl\u00e9s M\u00e9liodas Chibi"},{"@type":"BreadcrumbList","@id":"https:\/\/repliquemangacine.fr\/epees-seven-deadly-sins\/porte-cles-meliodas-chibi-seven-deadly-sins\/#breadcrumb","itemListElement":[{"@type":"ListItem","position":1,"name":"Accueil","item":"https:\/\/repliquemangacine.fr\/"},{"@type":"ListItem","position":2,"name":"Produits","item":"https:\/\/repliquemangacine.fr\/boutique\/"},{"@type":"ListItem","position":3,"name":"Porte-cl\u00e9s Meliodas Chibi \u2013 Seven Deadly Sins"}]},{"@type":"WebSite","@id":"https:\/\/repliquemangacine.fr\/#website","url":"https:\/\/repliquemangacine.fr\/","name":"R\u00e9plique Manga Cin\u00e9","description":"","publisher":{"@id":"https:\/\/repliquemangacine.fr\/#organization"},"potentialAction":[{"@type":"SearchAction","target":{"@type":"EntryPoint","urlTemplate":"https:\/\/repliquemangacine.fr\/?s={search_term_string}"},"query-input":{"@type":"PropertyValueSpecification","valueRequired":true,"valueName":"search_term_string"}}],"inLanguage":"en-US"},{"@type":"Organization","@id":"https:\/\/repliquemangacine.fr\/#organization","name":"R\u00e9plique Manga Cin\u00e9","url":"https:\/\/repliquemangacine.fr\/","logo":{"@type":"ImageObject","inLanguage":"en-US","@id":"https:\/\/repliquemangacine.fr\/#\/schema\/logo\/image\/","url":"https:\/\/repliquemangacine.fr\/wp-content\/uploads\/2023\/10\/RMC-500250.png","contentUrl":"https:\/\/repliquemangacine.fr\/wp-content\/uploads\/2023\/10\/RMC-500250.png","width":500,"height":250,"caption":"R\u00e9plique Manga Cin\u00e9"},"image":{"@id":"https:\/\/repliquemangacine.fr\/#\/schema\/logo\/image\/"},"sameAs":["https:\/\/www.facebook.com\/RepliqueMangaCine","https:\/\/www.instagram.com\/repliquemangacine.fr\/"]}]}},"_links":{"self":[{"href":"https:\/\/repliquemangacine.fr\/en\/wp-json\/wp\/v2\/product\/83722","targetHints":{"allow":["GET"]}}],"collection":[{"href":"https:\/\/repliquemangacine.fr\/en\/wp-json\/wp\/v2\/product"}],"about":[{"href":"https:\/\/repliquemangacine.fr\/en\/wp-json\/wp\/v2\/types\/product"}],"wp:featuredmedia":[{"embeddable":true,"href":"https:\/\/repliquemangacine.fr\/en\/wp-json\/wp\/v2\/media\/83725"}],"wp:attachment":[{"href":"https:\/\/repliquemangacine.fr\/en\/wp-json\/wp\/v2\/media?parent=83722"}],"wp:term":[{"taxonomy":"product_brand","embeddable":true,"href":"https:\/\/repliquemangacine.fr\/en\/wp-json\/wp\/v2\/product_brand?post=83722"},{"taxonomy":"product_cat","embeddable":true,"href":"https:\/\/repliquemangacine.fr\/en\/wp-json\/wp\/v2\/product_cat?post=83722"},{"taxonomy":"product_tag","embeddable":true,"href":"https:\/\/repliquemangacine.fr\/en\/wp-json\/wp\/v2\/product_tag?post=83722"}],"curies":[{"name":"wp","href":"https:\/\/api.w.org\/{rel}","templated":true}]}}