





{"id":83705,"date":"2025-04-20T23:46:36","date_gmt":"2025-04-20T21:46:36","guid":{"rendered":"https:\/\/repliquemangacine.fr\/?post_type=product&#038;p=83705"},"modified":"2025-11-13T01:07:07","modified_gmt":"2025-11-13T00:07:07","slug":"captain-america-chibi-keychain","status":"publish","type":"product","link":"https:\/\/repliquemangacine.fr\/en\/porte-cles-goodies\/porte-cles-captain-america-chibi\/","title":{"rendered":"Captain America Chibi key ring"},"content":{"rendered":"<h2>Captain America Chibi key ring - A Marvel hero to take everywhere<\/h2>\n<p>First of all, you'll love this Captain America chibi keyring, an adorable figurine faithful to the famous hero of the Marvel universe. Made from high-quality soft rubber, it combines strength, style and lightness for stress-free everyday use. Equipped with a sturdy ring and metal snap hook, perfect for hanging on your keys or bags. Presented in a showcase blister pack, ideal for collectors and superhero fans.<\/p>\n<p>Captain America, a.k.a. <a href=\"https:\/\/universcinematographiquemarvel.fandom.com\/fr\/wiki\/Steve_Rogers\" target=\"_blank\" rel=\"noopener noreferrer\">Steve Rogers<\/a>, He embodies bravery, justice and leadership within the Avengers. And even the chibi version retains all its charisma and iconic shield. An original, fun and accessible geek gift for all fans of the Marvel universe, young and old alike.<\/p>\n<p>It's worth pointing out that in the Marvel universe, we offer other keychains featuring your favorite characters. There's Wonder Woman's, and Thor's hammer. There's also Thor's hammer axe. Not forgetting the superb <a href=\"https:\/\/repliquemangacine.fr\/en\/various-goodies\/marvel-avengers-set-11-pieces\/\">Marvel Avengers box set<\/a> 11-piece set including Thanos glove, Iron Man mask, Captain America shield...<\/p>\n<h2>Find all your favorite superheroes on R\u00e9plique Manga Cin\u00e9<\/h2>\n<p>R\u00e9plique Manga Cin\u00e9 offers you much more than just a key ring: the whole world of superheroes awaits you. Discover the <a href=\"https:\/\/repliquemangacine.fr\/en\/marvel-superheroes\/drax-daggers-guardians-of-the-galaxy\/\">Drax's daggers<\/a> from the Guardians of the Galaxy, faithful and powerful pieces for display or cosplay. There's also the <a href=\"https:\/\/repliquemangacine.fr\/en\/marvel-superheroes\/trident-daquaman-210-cm-metal\/\">Aquaman's metal trident<\/a> 210 cm: an impressive large-format replica. And let's not forget the <a href=\"https:\/\/repliquemangacine.fr\/en\/marvel-superheroes\/captain-america-shield-deluxe-version\/\">Captain America's shield<\/a>, The Thor hammer, Mj\u00f6lnir, is also available, ready to be lifted by the most worthy of you. Thor's hammer, Mj\u00f6lnir, is also available, ready to be lifted by the most worthy among you.<br \/>\nAnd that's only the beginning: figurines, weapons and collectors' items from the entire Marvel universe are available in our store. In conclusion, this key ring will delight enthusiasts.<\/p>","protected":false},"excerpt":{"rendered":"<p>Original this Captain America Chibi Keychain<\/p>\n<ul>\n<li>Soft rubber chibi figurine<\/li>\n<li>Steel chain, ring and carabiner<\/li>\n<li>Supplied in a display blister pack<\/li>\n<li>Character height: 6cm - Weight: 40g<\/li>\n<\/ul>","protected":false},"featured_media":83706,"template":"","meta":[],"product_brand":[896],"product_cat":[94,96,59],"product_tag":[],"class_list":{"0":"post-83705","1":"product","2":"type-product","3":"status-publish","4":"has-post-thumbnail","6":"product_brand-replique-manga-cine","7":"product_cat-goodies","8":"product_cat-porte-cles-goodies","9":"product_cat-super-heros-marvel","11":"first","12":"instock","13":"taxable","14":"shipping-taxable","15":"purchasable","16":"product-type-simple"},"yoast_head":"<!-- This site is optimized with the Yoast SEO plugin v27.5 - https:\/\/yoast.com\/product\/yoast-seo-wordpress\/ -->\n<title>Porte-cl\u00e9s Captain America Chibi - R\u00e9plique Manga Cin\u00e9<\/title>\n<meta name=\"description\" content=\"Craquez pour le porte-cl\u00e9s Captain America chibi ! Et explorez nos r\u00e9pliques super h\u00e9ros : trident d\u2019Aquaman, bouclier, Mj\u00f6lnir et plus encore.\" \/>\n<meta name=\"robots\" content=\"index, follow, max-snippet:-1, max-image-preview:large, max-video-preview:-1\" \/>\n<link rel=\"canonical\" href=\"https:\/\/repliquemangacine.fr\/en\/key-ring-goodies\/captain-america-chibi-keychain\/\" \/>\n<meta property=\"og:locale\" content=\"en_US\" \/>\n<meta property=\"og:type\" content=\"article\" \/>\n<meta property=\"og:title\" content=\"Porte-cl\u00e9s Captain America Chibi - R\u00e9plique Manga Cin\u00e9\" \/>\n<meta property=\"og:description\" content=\"Craquez pour le porte-cl\u00e9s Captain America chibi ! Et explorez nos r\u00e9pliques super h\u00e9ros : trident d\u2019Aquaman, bouclier, Mj\u00f6lnir et plus encore.\" \/>\n<meta property=\"og:url\" content=\"https:\/\/repliquemangacine.fr\/en\/key-ring-goodies\/captain-america-chibi-keychain\/\" \/>\n<meta property=\"og:site_name\" content=\"R\u00e9plique Manga Cin\u00e9\" \/>\n<meta property=\"article:publisher\" content=\"https:\/\/www.facebook.com\/RepliqueMangaCine\" \/>\n<meta property=\"article:modified_time\" content=\"2025-11-13T00:07:07+00:00\" \/>\n<meta property=\"og:image\" content=\"https:\/\/repliquemangacine.fr\/wp-content\/uploads\/2025\/04\/Porte-cles-Captain-Americajpg.jpg\" \/>\n\t<meta property=\"og:image:width\" content=\"500\" \/>\n\t<meta property=\"og:image:height\" content=\"500\" \/>\n\t<meta property=\"og:image:type\" content=\"image\/jpeg\" \/>\n<meta name=\"twitter:card\" content=\"summary_large_image\" \/>\n<meta name=\"twitter:label1\" content=\"Est. reading time\" \/>\n\t<meta name=\"twitter:data1\" content=\"2 minutes\" \/>\n<script type=\"application\/ld+json\" class=\"yoast-schema-graph\">{\"@context\":\"https:\\\/\\\/schema.org\",\"@graph\":[{\"@type\":\"WebPage\",\"@id\":\"https:\\\/\\\/repliquemangacine.fr\\\/porte-cles-goodies\\\/porte-cles-captain-america-chibi\\\/\",\"url\":\"https:\\\/\\\/repliquemangacine.fr\\\/porte-cles-goodies\\\/porte-cles-captain-america-chibi\\\/\",\"name\":\"Porte-cl\u00e9s Captain America Chibi - R\u00e9plique Manga Cin\u00e9\",\"isPartOf\":{\"@id\":\"https:\\\/\\\/repliquemangacine.fr\\\/#website\"},\"primaryImageOfPage\":{\"@id\":\"https:\\\/\\\/repliquemangacine.fr\\\/porte-cles-goodies\\\/porte-cles-captain-america-chibi\\\/#primaryimage\"},\"image\":{\"@id\":\"https:\\\/\\\/repliquemangacine.fr\\\/porte-cles-goodies\\\/porte-cles-captain-america-chibi\\\/#primaryimage\"},\"thumbnailUrl\":\"https:\\\/\\\/repliquemangacine.fr\\\/wp-content\\\/uploads\\\/2025\\\/04\\\/Porte-cles-Captain-Americajpg.jpg\",\"datePublished\":\"2025-04-20T21:46:36+00:00\",\"dateModified\":\"2025-11-13T00:07:07+00:00\",\"description\":\"Craquez pour le porte-cl\u00e9s Captain America chibi ! Et explorez nos r\u00e9pliques super h\u00e9ros : trident d\u2019Aquaman, bouclier, Mj\u00f6lnir et plus encore.\",\"breadcrumb\":{\"@id\":\"https:\\\/\\\/repliquemangacine.fr\\\/porte-cles-goodies\\\/porte-cles-captain-america-chibi\\\/#breadcrumb\"},\"inLanguage\":\"en-US\",\"potentialAction\":[{\"@type\":\"ReadAction\",\"target\":[\"https:\\\/\\\/repliquemangacine.fr\\\/porte-cles-goodies\\\/porte-cles-captain-america-chibi\\\/\"]}]},{\"@type\":\"ImageObject\",\"inLanguage\":\"en-US\",\"@id\":\"https:\\\/\\\/repliquemangacine.fr\\\/porte-cles-goodies\\\/porte-cles-captain-america-chibi\\\/#primaryimage\",\"url\":\"https:\\\/\\\/repliquemangacine.fr\\\/wp-content\\\/uploads\\\/2025\\\/04\\\/Porte-cles-Captain-Americajpg.jpg\",\"contentUrl\":\"https:\\\/\\\/repliquemangacine.fr\\\/wp-content\\\/uploads\\\/2025\\\/04\\\/Porte-cles-Captain-Americajpg.jpg\",\"width\":500,\"height\":500,\"caption\":\"Porte-cl\u00e9s Captain America chibi\"},{\"@type\":\"BreadcrumbList\",\"@id\":\"https:\\\/\\\/repliquemangacine.fr\\\/porte-cles-goodies\\\/porte-cles-captain-america-chibi\\\/#breadcrumb\",\"itemListElement\":[{\"@type\":\"ListItem\",\"position\":1,\"name\":\"Accueil\",\"item\":\"https:\\\/\\\/repliquemangacine.fr\\\/\"},{\"@type\":\"ListItem\",\"position\":2,\"name\":\"Produits\",\"item\":\"https:\\\/\\\/repliquemangacine.fr\\\/boutique\\\/\"},{\"@type\":\"ListItem\",\"position\":3,\"name\":\"Porte-cl\u00e9s Captain America Chibi\"}]},{\"@type\":\"WebSite\",\"@id\":\"https:\\\/\\\/repliquemangacine.fr\\\/#website\",\"url\":\"https:\\\/\\\/repliquemangacine.fr\\\/\",\"name\":\"R\u00e9plique Manga Cin\u00e9\",\"description\":\"\",\"publisher\":{\"@id\":\"https:\\\/\\\/repliquemangacine.fr\\\/#organization\"},\"potentialAction\":[{\"@type\":\"SearchAction\",\"target\":{\"@type\":\"EntryPoint\",\"urlTemplate\":\"https:\\\/\\\/repliquemangacine.fr\\\/?s={search_term_string}\"},\"query-input\":{\"@type\":\"PropertyValueSpecification\",\"valueRequired\":true,\"valueName\":\"search_term_string\"}}],\"inLanguage\":\"en-US\"},{\"@type\":\"Organization\",\"@id\":\"https:\\\/\\\/repliquemangacine.fr\\\/#organization\",\"name\":\"R\u00e9plique Manga Cin\u00e9\",\"url\":\"https:\\\/\\\/repliquemangacine.fr\\\/\",\"logo\":{\"@type\":\"ImageObject\",\"inLanguage\":\"en-US\",\"@id\":\"https:\\\/\\\/repliquemangacine.fr\\\/#\\\/schema\\\/logo\\\/image\\\/\",\"url\":\"https:\\\/\\\/repliquemangacine.fr\\\/wp-content\\\/uploads\\\/2023\\\/10\\\/RMC-500250.png\",\"contentUrl\":\"https:\\\/\\\/repliquemangacine.fr\\\/wp-content\\\/uploads\\\/2023\\\/10\\\/RMC-500250.png\",\"width\":500,\"height\":250,\"caption\":\"R\u00e9plique Manga Cin\u00e9\"},\"image\":{\"@id\":\"https:\\\/\\\/repliquemangacine.fr\\\/#\\\/schema\\\/logo\\\/image\\\/\"},\"sameAs\":[\"https:\\\/\\\/www.facebook.com\\\/RepliqueMangaCine\",\"https:\\\/\\\/www.instagram.com\\\/repliquemangacine.fr\\\/\"]}]}<\/script>\n<!-- \/ Yoast SEO plugin. -->","yoast_head_json":{"title":"Captain America Chibi key ring - R\u00e9plique Manga Cin\u00e9","description":"Go for the Captain America chibi key ring! And explore our superhero replicas: Aquaman's trident, shield, Mj\u00f6lnir and more.","robots":{"index":"index","follow":"follow","max-snippet":"max-snippet:-1","max-image-preview":"max-image-preview:large","max-video-preview":"max-video-preview:-1"},"canonical":"https:\/\/repliquemangacine.fr\/en\/key-ring-goodies\/captain-america-chibi-keychain\/","og_locale":"en_US","og_type":"article","og_title":"Porte-cl\u00e9s Captain America Chibi - R\u00e9plique Manga Cin\u00e9","og_description":"Craquez pour le porte-cl\u00e9s Captain America chibi ! Et explorez nos r\u00e9pliques super h\u00e9ros : trident d\u2019Aquaman, bouclier, Mj\u00f6lnir et plus encore.","og_url":"https:\/\/repliquemangacine.fr\/en\/key-ring-goodies\/captain-america-chibi-keychain\/","og_site_name":"R\u00e9plique Manga Cin\u00e9","article_publisher":"https:\/\/www.facebook.com\/RepliqueMangaCine","article_modified_time":"2025-11-13T00:07:07+00:00","og_image":[{"width":500,"height":500,"url":"https:\/\/repliquemangacine.fr\/wp-content\/uploads\/2025\/04\/Porte-cles-Captain-Americajpg.jpg","type":"image\/jpeg"}],"twitter_card":"summary_large_image","twitter_misc":{"Est. reading time":"2 minutes"},"schema":{"@context":"https:\/\/schema.org","@graph":[{"@type":"WebPage","@id":"https:\/\/repliquemangacine.fr\/porte-cles-goodies\/porte-cles-captain-america-chibi\/","url":"https:\/\/repliquemangacine.fr\/porte-cles-goodies\/porte-cles-captain-america-chibi\/","name":"Captain America Chibi key ring - R\u00e9plique Manga Cin\u00e9","isPartOf":{"@id":"https:\/\/repliquemangacine.fr\/#website"},"primaryImageOfPage":{"@id":"https:\/\/repliquemangacine.fr\/porte-cles-goodies\/porte-cles-captain-america-chibi\/#primaryimage"},"image":{"@id":"https:\/\/repliquemangacine.fr\/porte-cles-goodies\/porte-cles-captain-america-chibi\/#primaryimage"},"thumbnailUrl":"https:\/\/repliquemangacine.fr\/wp-content\/uploads\/2025\/04\/Porte-cles-Captain-Americajpg.jpg","datePublished":"2025-04-20T21:46:36+00:00","dateModified":"2025-11-13T00:07:07+00:00","description":"Go for the Captain America chibi key ring! And explore our superhero replicas: Aquaman's trident, shield, Mj\u00f6lnir and more.","breadcrumb":{"@id":"https:\/\/repliquemangacine.fr\/porte-cles-goodies\/porte-cles-captain-america-chibi\/#breadcrumb"},"inLanguage":"en-US","potentialAction":[{"@type":"ReadAction","target":["https:\/\/repliquemangacine.fr\/porte-cles-goodies\/porte-cles-captain-america-chibi\/"]}]},{"@type":"ImageObject","inLanguage":"en-US","@id":"https:\/\/repliquemangacine.fr\/porte-cles-goodies\/porte-cles-captain-america-chibi\/#primaryimage","url":"https:\/\/repliquemangacine.fr\/wp-content\/uploads\/2025\/04\/Porte-cles-Captain-Americajpg.jpg","contentUrl":"https:\/\/repliquemangacine.fr\/wp-content\/uploads\/2025\/04\/Porte-cles-Captain-Americajpg.jpg","width":500,"height":500,"caption":"Porte-cl\u00e9s Captain America chibi"},{"@type":"BreadcrumbList","@id":"https:\/\/repliquemangacine.fr\/porte-cles-goodies\/porte-cles-captain-america-chibi\/#breadcrumb","itemListElement":[{"@type":"ListItem","position":1,"name":"Accueil","item":"https:\/\/repliquemangacine.fr\/"},{"@type":"ListItem","position":2,"name":"Produits","item":"https:\/\/repliquemangacine.fr\/boutique\/"},{"@type":"ListItem","position":3,"name":"Porte-cl\u00e9s Captain America Chibi"}]},{"@type":"WebSite","@id":"https:\/\/repliquemangacine.fr\/#website","url":"https:\/\/repliquemangacine.fr\/","name":"R\u00e9plique Manga Cin\u00e9","description":"","publisher":{"@id":"https:\/\/repliquemangacine.fr\/#organization"},"potentialAction":[{"@type":"SearchAction","target":{"@type":"EntryPoint","urlTemplate":"https:\/\/repliquemangacine.fr\/?s={search_term_string}"},"query-input":{"@type":"PropertyValueSpecification","valueRequired":true,"valueName":"search_term_string"}}],"inLanguage":"en-US"},{"@type":"Organization","@id":"https:\/\/repliquemangacine.fr\/#organization","name":"R\u00e9plique Manga Cin\u00e9","url":"https:\/\/repliquemangacine.fr\/","logo":{"@type":"ImageObject","inLanguage":"en-US","@id":"https:\/\/repliquemangacine.fr\/#\/schema\/logo\/image\/","url":"https:\/\/repliquemangacine.fr\/wp-content\/uploads\/2023\/10\/RMC-500250.png","contentUrl":"https:\/\/repliquemangacine.fr\/wp-content\/uploads\/2023\/10\/RMC-500250.png","width":500,"height":250,"caption":"R\u00e9plique Manga Cin\u00e9"},"image":{"@id":"https:\/\/repliquemangacine.fr\/#\/schema\/logo\/image\/"},"sameAs":["https:\/\/www.facebook.com\/RepliqueMangaCine","https:\/\/www.instagram.com\/repliquemangacine.fr\/"]}]}},"_links":{"self":[{"href":"https:\/\/repliquemangacine.fr\/en\/wp-json\/wp\/v2\/product\/83705","targetHints":{"allow":["GET"]}}],"collection":[{"href":"https:\/\/repliquemangacine.fr\/en\/wp-json\/wp\/v2\/product"}],"about":[{"href":"https:\/\/repliquemangacine.fr\/en\/wp-json\/wp\/v2\/types\/product"}],"wp:featuredmedia":[{"embeddable":true,"href":"https:\/\/repliquemangacine.fr\/en\/wp-json\/wp\/v2\/media\/83706"}],"wp:attachment":[{"href":"https:\/\/repliquemangacine.fr\/en\/wp-json\/wp\/v2\/media?parent=83705"}],"wp:term":[{"taxonomy":"product_brand","embeddable":true,"href":"https:\/\/repliquemangacine.fr\/en\/wp-json\/wp\/v2\/product_brand?post=83705"},{"taxonomy":"product_cat","embeddable":true,"href":"https:\/\/repliquemangacine.fr\/en\/wp-json\/wp\/v2\/product_cat?post=83705"},{"taxonomy":"product_tag","embeddable":true,"href":"https:\/\/repliquemangacine.fr\/en\/wp-json\/wp\/v2\/product_tag?post=83705"}],"curies":[{"name":"wp","href":"https:\/\/api.w.org\/{rel}","templated":true}]}}