





{"id":83639,"date":"2025-04-17T16:44:39","date_gmt":"2025-04-17T14:44:39","guid":{"rendered":"https:\/\/repliquemangacine.fr\/?post_type=product&#038;p=83639"},"modified":"2025-11-13T01:11:14","modified_gmt":"2025-11-13T00:11:14","slug":"naval-saber-usa-1852","status":"publish","type":"product","link":"https:\/\/repliquemangacine.fr\/en\/sabres-1er-empire\/sabre-dofficier-de-marine-usa-1852\/","title":{"rendered":"Marine Officer's sword USA 1852"},"content":{"rendered":"<h2>Sabre d'Officier de Marine U.S. 1852 - The elegance of command<\/h2>\n<p>The U.S. 1852 Naval Officer's Saber is a unique piece that inspires strength and elegance. First and foremost, its richly decorated steel blade asserts its historical prestige. Meticulous engravings and the inscription United States Marines proudly adorn each face of the blade. Next, the solid gold-plated steel guard provides a luxurious finish that will stand the test of time. What's more, the wooden handle is dressed in black imitation leather and gilded metal wire. The result is a perfect grip that's both authentic and solid. The scabbard, designed in wood and covered in black imitation leather, enhances the sword's elegance.<br \/>\nWhat's more, the ends are protected by superb gold trim. Finally, to complete this collector's item, a fabric cover is supplied with each sword.<br \/>\nA must-have for any discerning collector!<\/p>\n<h2>A historic saber still at the heart of American military traditions<\/h2>\n<p>Since 1852, this U.S. Navy officer's saber has embodied the honor and duty of American sailors. Officially adopted that year, it symbolizes the authority and prestige of U.S. Navy officers.<br \/>\nEven today, this saber is worn at ceremonies, parades and official military events. What's more, it represents the solemn commitment and bravery of those who proudly serve the nation.<br \/>\nHis imposing presence and exceptional refinement mark every ceremony with a special emotion. In this way, age-old traditions are perpetuated, reinforcing esprit de corps and loyalty to elders. Thanks to its timeless design, it stands the test of time without ever losing its aura of respect. Every detail of this saber is a reminder of the values of courage, discipline and military loyalty.<br \/>\nWhen you choose this saber, you're entering the living history of the U.S. Navy.<\/p>\n<h2>Your specialist store for historical, manga and film replicas<\/h2>\n<p>At R\u00e9plique Manga Cin\u00e9, you'll find much more than just swords! It's a veritable temple for enthusiasts. First and foremost, we offer exceptional historical replicas such as the<a href=\"https:\/\/repliquemangacine.fr\/en\/historical-weapons\/napoleonic-ceremonial-sword\/\">Napoleonic ceremonial sword<\/a> of the First Empire. Next, you'll discover the historical weapons <a href=\"https:\/\/www.denix.fr\/\" target=\"_blank\" rel=\"noopener noreferrer\">Denix<\/a>like the famous <a href=\"https:\/\/repliquemangacine.fr\/en\/denix\/mp40-sub-machin-gun\/\">MP 40 submachine gun<\/a> and other rare items. So you can recreate the atmosphere of World War II battlefields in your own home. On the medieval side, the<a href=\"https:\/\/repliquemangacine.fr\/en\/medieval-templar-sword\/jacques-de-molay-templar-sword\/\">Jacques de Molay sword<\/a>the last Grand Master of the Knights Templar, completes a fascinating collection. But that's not all! Our universe extends to the greatest manga and film sagas. Discover the katanas from One Piece, the <a href=\"https:\/\/repliquemangacine.fr\/en\/lord-of-the-rings-swords\/\">Lord of the Rings swords<\/a> and many other wonders. Each item, chosen for its quality and faithfulness to the original works.<br \/>\nSo don't wait any longer to explore all these incredible replicas in my online store!<\/p>","protected":false},"excerpt":{"rendered":"<p>Superb replica inspired by the USA 1852 Marine Officer's Saber<\/p>\n<ul>\n<li>Richly decorated steel blade with United States Marines lettering on both sides of the blade.<\/li>\n<li>Gold-plated solid steel guard<\/li>\n<li>Wooden handle covered with black imitation leather and gilded metal wire<\/li>\n<li>Wooden scabbard covered with black imitation leather and gold trim on the ends<\/li>\n<li>Supplied with fabric cover<\/li>\n<li>Blade length: 73.5 cm - Total length: 96.5 cm with scabbard<\/li>\n<li>Weight with scabbard: 1055g and 660g without scabbard<\/li>\n<\/ul>","protected":false},"featured_media":83641,"template":"","meta":[],"product_brand":[896],"product_cat":[74],"product_tag":[],"class_list":{"0":"post-83639","1":"product","2":"type-product","3":"status-publish","4":"has-post-thumbnail","6":"product_brand-replique-manga-cine","7":"product_cat-sabres-1er-empire","9":"first","10":"instock","11":"taxable","12":"shipping-taxable","13":"purchasable","14":"product-type-simple"},"yoast_head":"<!-- This site is optimized with the Yoast SEO plugin v27.5 - https:\/\/yoast.com\/product\/yoast-seo-wordpress\/ -->\n<title>Sabre d&#039;Officier de Marine USA 1852 - R\u00e9plique Manga Cin\u00e9<\/title>\n<meta name=\"description\" content=\"Superbe r\u00e9plique inspir\u00e9 du Sabre d&#039;Officier de Marine USA 1852. Lame en acier richement d\u00e9cor\u00e9e. Garde en acier plein dor\u00e9 de forme sp\u00e9cifique. 96.5 cm\" \/>\n<meta name=\"robots\" content=\"index, follow, max-snippet:-1, max-image-preview:large, max-video-preview:-1\" \/>\n<link rel=\"canonical\" href=\"https:\/\/repliquemangacine.fr\/en\/1st-empire-swords\/naval-saber-usa-1852\/\" \/>\n<meta property=\"og:locale\" content=\"en_US\" \/>\n<meta property=\"og:type\" content=\"article\" \/>\n<meta property=\"og:title\" content=\"Sabre d&#039;Officier de Marine USA 1852 - R\u00e9plique Manga Cin\u00e9\" \/>\n<meta property=\"og:description\" content=\"Superbe r\u00e9plique inspir\u00e9 du Sabre d&#039;Officier de Marine USA 1852. Lame en acier richement d\u00e9cor\u00e9e. Garde en acier plein dor\u00e9 de forme sp\u00e9cifique. 96.5 cm\" \/>\n<meta property=\"og:url\" content=\"https:\/\/repliquemangacine.fr\/en\/1st-empire-swords\/naval-saber-usa-1852\/\" \/>\n<meta property=\"og:site_name\" content=\"R\u00e9plique Manga Cin\u00e9\" \/>\n<meta property=\"article:publisher\" content=\"https:\/\/www.facebook.com\/RepliqueMangaCine\" \/>\n<meta property=\"article:modified_time\" content=\"2025-11-13T00:11:14+00:00\" \/>\n<meta property=\"og:image\" content=\"https:\/\/repliquemangacine.fr\/wp-content\/uploads\/2025\/04\/Sabre-de-Ceremonie.jpg\" \/>\n\t<meta property=\"og:image:width\" content=\"500\" \/>\n\t<meta property=\"og:image:height\" content=\"500\" \/>\n\t<meta property=\"og:image:type\" content=\"image\/jpeg\" \/>\n<meta name=\"twitter:card\" content=\"summary_large_image\" \/>\n<meta name=\"twitter:label1\" content=\"Est. reading time\" \/>\n\t<meta name=\"twitter:data1\" content=\"3 minutes\" \/>\n<script type=\"application\/ld+json\" class=\"yoast-schema-graph\">{\"@context\":\"https:\\\/\\\/schema.org\",\"@graph\":[{\"@type\":\"WebPage\",\"@id\":\"https:\\\/\\\/repliquemangacine.fr\\\/sabres-1er-empire\\\/sabre-dofficier-de-marine-usa-1852\\\/\",\"url\":\"https:\\\/\\\/repliquemangacine.fr\\\/sabres-1er-empire\\\/sabre-dofficier-de-marine-usa-1852\\\/\",\"name\":\"Sabre d'Officier de Marine USA 1852 - R\u00e9plique Manga Cin\u00e9\",\"isPartOf\":{\"@id\":\"https:\\\/\\\/repliquemangacine.fr\\\/#website\"},\"primaryImageOfPage\":{\"@id\":\"https:\\\/\\\/repliquemangacine.fr\\\/sabres-1er-empire\\\/sabre-dofficier-de-marine-usa-1852\\\/#primaryimage\"},\"image\":{\"@id\":\"https:\\\/\\\/repliquemangacine.fr\\\/sabres-1er-empire\\\/sabre-dofficier-de-marine-usa-1852\\\/#primaryimage\"},\"thumbnailUrl\":\"https:\\\/\\\/repliquemangacine.fr\\\/wp-content\\\/uploads\\\/2025\\\/04\\\/Sabre-de-Ceremonie.jpg\",\"datePublished\":\"2025-04-17T14:44:39+00:00\",\"dateModified\":\"2025-11-13T00:11:14+00:00\",\"description\":\"Superbe r\u00e9plique inspir\u00e9 du Sabre d'Officier de Marine USA 1852. Lame en acier richement d\u00e9cor\u00e9e. Garde en acier plein dor\u00e9 de forme sp\u00e9cifique. 96.5 cm\",\"breadcrumb\":{\"@id\":\"https:\\\/\\\/repliquemangacine.fr\\\/sabres-1er-empire\\\/sabre-dofficier-de-marine-usa-1852\\\/#breadcrumb\"},\"inLanguage\":\"en-US\",\"potentialAction\":[{\"@type\":\"ReadAction\",\"target\":[\"https:\\\/\\\/repliquemangacine.fr\\\/sabres-1er-empire\\\/sabre-dofficier-de-marine-usa-1852\\\/\"]}]},{\"@type\":\"ImageObject\",\"inLanguage\":\"en-US\",\"@id\":\"https:\\\/\\\/repliquemangacine.fr\\\/sabres-1er-empire\\\/sabre-dofficier-de-marine-usa-1852\\\/#primaryimage\",\"url\":\"https:\\\/\\\/repliquemangacine.fr\\\/wp-content\\\/uploads\\\/2025\\\/04\\\/Sabre-de-Ceremonie.jpg\",\"contentUrl\":\"https:\\\/\\\/repliquemangacine.fr\\\/wp-content\\\/uploads\\\/2025\\\/04\\\/Sabre-de-Ceremonie.jpg\",\"width\":500,\"height\":500,\"caption\":\"Sabre d'Officier de Marine US 1852\"},{\"@type\":\"BreadcrumbList\",\"@id\":\"https:\\\/\\\/repliquemangacine.fr\\\/sabres-1er-empire\\\/sabre-dofficier-de-marine-usa-1852\\\/#breadcrumb\",\"itemListElement\":[{\"@type\":\"ListItem\",\"position\":1,\"name\":\"Accueil\",\"item\":\"https:\\\/\\\/repliquemangacine.fr\\\/\"},{\"@type\":\"ListItem\",\"position\":2,\"name\":\"Produits\",\"item\":\"https:\\\/\\\/repliquemangacine.fr\\\/boutique\\\/\"},{\"@type\":\"ListItem\",\"position\":3,\"name\":\"Sabre d&#8217;Officier de Marine USA 1852\"}]},{\"@type\":\"WebSite\",\"@id\":\"https:\\\/\\\/repliquemangacine.fr\\\/#website\",\"url\":\"https:\\\/\\\/repliquemangacine.fr\\\/\",\"name\":\"R\u00e9plique Manga Cin\u00e9\",\"description\":\"\",\"publisher\":{\"@id\":\"https:\\\/\\\/repliquemangacine.fr\\\/#organization\"},\"potentialAction\":[{\"@type\":\"SearchAction\",\"target\":{\"@type\":\"EntryPoint\",\"urlTemplate\":\"https:\\\/\\\/repliquemangacine.fr\\\/?s={search_term_string}\"},\"query-input\":{\"@type\":\"PropertyValueSpecification\",\"valueRequired\":true,\"valueName\":\"search_term_string\"}}],\"inLanguage\":\"en-US\"},{\"@type\":\"Organization\",\"@id\":\"https:\\\/\\\/repliquemangacine.fr\\\/#organization\",\"name\":\"R\u00e9plique Manga Cin\u00e9\",\"url\":\"https:\\\/\\\/repliquemangacine.fr\\\/\",\"logo\":{\"@type\":\"ImageObject\",\"inLanguage\":\"en-US\",\"@id\":\"https:\\\/\\\/repliquemangacine.fr\\\/#\\\/schema\\\/logo\\\/image\\\/\",\"url\":\"https:\\\/\\\/repliquemangacine.fr\\\/wp-content\\\/uploads\\\/2023\\\/10\\\/RMC-500250.png\",\"contentUrl\":\"https:\\\/\\\/repliquemangacine.fr\\\/wp-content\\\/uploads\\\/2023\\\/10\\\/RMC-500250.png\",\"width\":500,\"height\":250,\"caption\":\"R\u00e9plique Manga Cin\u00e9\"},\"image\":{\"@id\":\"https:\\\/\\\/repliquemangacine.fr\\\/#\\\/schema\\\/logo\\\/image\\\/\"},\"sameAs\":[\"https:\\\/\\\/www.facebook.com\\\/RepliqueMangaCine\",\"https:\\\/\\\/www.instagram.com\\\/repliquemangacine.fr\\\/\"]}]}<\/script>\n<!-- \/ Yoast SEO plugin. -->","yoast_head_json":{"title":"Marine Officer's Saber USA 1852 - R\u00e9plique Manga Cin\u00e9","description":"Superb replica inspired by the USA 1852 Marine Officer's Saber. Richly decorated steel blade. Solid gilded steel guard of specific shape. 96.5 cm","robots":{"index":"index","follow":"follow","max-snippet":"max-snippet:-1","max-image-preview":"max-image-preview:large","max-video-preview":"max-video-preview:-1"},"canonical":"https:\/\/repliquemangacine.fr\/en\/1st-empire-swords\/naval-saber-usa-1852\/","og_locale":"en_US","og_type":"article","og_title":"Sabre d'Officier de Marine USA 1852 - R\u00e9plique Manga Cin\u00e9","og_description":"Superbe r\u00e9plique inspir\u00e9 du Sabre d'Officier de Marine USA 1852. Lame en acier richement d\u00e9cor\u00e9e. Garde en acier plein dor\u00e9 de forme sp\u00e9cifique. 96.5 cm","og_url":"https:\/\/repliquemangacine.fr\/en\/1st-empire-swords\/naval-saber-usa-1852\/","og_site_name":"R\u00e9plique Manga Cin\u00e9","article_publisher":"https:\/\/www.facebook.com\/RepliqueMangaCine","article_modified_time":"2025-11-13T00:11:14+00:00","og_image":[{"width":500,"height":500,"url":"https:\/\/repliquemangacine.fr\/wp-content\/uploads\/2025\/04\/Sabre-de-Ceremonie.jpg","type":"image\/jpeg"}],"twitter_card":"summary_large_image","twitter_misc":{"Est. reading time":"3 minutes"},"schema":{"@context":"https:\/\/schema.org","@graph":[{"@type":"WebPage","@id":"https:\/\/repliquemangacine.fr\/sabres-1er-empire\/sabre-dofficier-de-marine-usa-1852\/","url":"https:\/\/repliquemangacine.fr\/sabres-1er-empire\/sabre-dofficier-de-marine-usa-1852\/","name":"Marine Officer's Saber USA 1852 - R\u00e9plique Manga Cin\u00e9","isPartOf":{"@id":"https:\/\/repliquemangacine.fr\/#website"},"primaryImageOfPage":{"@id":"https:\/\/repliquemangacine.fr\/sabres-1er-empire\/sabre-dofficier-de-marine-usa-1852\/#primaryimage"},"image":{"@id":"https:\/\/repliquemangacine.fr\/sabres-1er-empire\/sabre-dofficier-de-marine-usa-1852\/#primaryimage"},"thumbnailUrl":"https:\/\/repliquemangacine.fr\/wp-content\/uploads\/2025\/04\/Sabre-de-Ceremonie.jpg","datePublished":"2025-04-17T14:44:39+00:00","dateModified":"2025-11-13T00:11:14+00:00","description":"Superb replica inspired by the USA 1852 Marine Officer's Saber. Richly decorated steel blade. Solid gilded steel guard of specific shape. 96.5 cm","breadcrumb":{"@id":"https:\/\/repliquemangacine.fr\/sabres-1er-empire\/sabre-dofficier-de-marine-usa-1852\/#breadcrumb"},"inLanguage":"en-US","potentialAction":[{"@type":"ReadAction","target":["https:\/\/repliquemangacine.fr\/sabres-1er-empire\/sabre-dofficier-de-marine-usa-1852\/"]}]},{"@type":"ImageObject","inLanguage":"en-US","@id":"https:\/\/repliquemangacine.fr\/sabres-1er-empire\/sabre-dofficier-de-marine-usa-1852\/#primaryimage","url":"https:\/\/repliquemangacine.fr\/wp-content\/uploads\/2025\/04\/Sabre-de-Ceremonie.jpg","contentUrl":"https:\/\/repliquemangacine.fr\/wp-content\/uploads\/2025\/04\/Sabre-de-Ceremonie.jpg","width":500,"height":500,"caption":"Sabre d'Officier de Marine US 1852"},{"@type":"BreadcrumbList","@id":"https:\/\/repliquemangacine.fr\/sabres-1er-empire\/sabre-dofficier-de-marine-usa-1852\/#breadcrumb","itemListElement":[{"@type":"ListItem","position":1,"name":"Accueil","item":"https:\/\/repliquemangacine.fr\/"},{"@type":"ListItem","position":2,"name":"Produits","item":"https:\/\/repliquemangacine.fr\/boutique\/"},{"@type":"ListItem","position":3,"name":"Sabre d&#8217;Officier de Marine USA 1852"}]},{"@type":"WebSite","@id":"https:\/\/repliquemangacine.fr\/#website","url":"https:\/\/repliquemangacine.fr\/","name":"R\u00e9plique Manga Cin\u00e9","description":"","publisher":{"@id":"https:\/\/repliquemangacine.fr\/#organization"},"potentialAction":[{"@type":"SearchAction","target":{"@type":"EntryPoint","urlTemplate":"https:\/\/repliquemangacine.fr\/?s={search_term_string}"},"query-input":{"@type":"PropertyValueSpecification","valueRequired":true,"valueName":"search_term_string"}}],"inLanguage":"en-US"},{"@type":"Organization","@id":"https:\/\/repliquemangacine.fr\/#organization","name":"R\u00e9plique Manga Cin\u00e9","url":"https:\/\/repliquemangacine.fr\/","logo":{"@type":"ImageObject","inLanguage":"en-US","@id":"https:\/\/repliquemangacine.fr\/#\/schema\/logo\/image\/","url":"https:\/\/repliquemangacine.fr\/wp-content\/uploads\/2023\/10\/RMC-500250.png","contentUrl":"https:\/\/repliquemangacine.fr\/wp-content\/uploads\/2023\/10\/RMC-500250.png","width":500,"height":250,"caption":"R\u00e9plique Manga Cin\u00e9"},"image":{"@id":"https:\/\/repliquemangacine.fr\/#\/schema\/logo\/image\/"},"sameAs":["https:\/\/www.facebook.com\/RepliqueMangaCine","https:\/\/www.instagram.com\/repliquemangacine.fr\/"]}]}},"_links":{"self":[{"href":"https:\/\/repliquemangacine.fr\/en\/wp-json\/wp\/v2\/product\/83639","targetHints":{"allow":["GET"]}}],"collection":[{"href":"https:\/\/repliquemangacine.fr\/en\/wp-json\/wp\/v2\/product"}],"about":[{"href":"https:\/\/repliquemangacine.fr\/en\/wp-json\/wp\/v2\/types\/product"}],"wp:featuredmedia":[{"embeddable":true,"href":"https:\/\/repliquemangacine.fr\/en\/wp-json\/wp\/v2\/media\/83641"}],"wp:attachment":[{"href":"https:\/\/repliquemangacine.fr\/en\/wp-json\/wp\/v2\/media?parent=83639"}],"wp:term":[{"taxonomy":"product_brand","embeddable":true,"href":"https:\/\/repliquemangacine.fr\/en\/wp-json\/wp\/v2\/product_brand?post=83639"},{"taxonomy":"product_cat","embeddable":true,"href":"https:\/\/repliquemangacine.fr\/en\/wp-json\/wp\/v2\/product_cat?post=83639"},{"taxonomy":"product_tag","embeddable":true,"href":"https:\/\/repliquemangacine.fr\/en\/wp-json\/wp\/v2\/product_tag?post=83639"}],"curies":[{"name":"wp","href":"https:\/\/api.w.org\/{rel}","templated":true}]}}